{"id":18688,"date":"2025-12-12T21:03:29","date_gmt":"2025-12-13T00:03:29","guid":{"rendered":"https:\/\/unitgames.com.ar\/pc-gamer\/?post_type=product&#038;p=18688"},"modified":"2026-01-17T11:08:03","modified_gmt":"2026-01-17T14:08:03","slug":"auricular-inalambrico-noga-ng-a900bt","status":"publish","type":"product","link":"https:\/\/unitgames.com.ar\/pc-gamer\/producto\/auricular-inalambrico-noga-ng-a900bt\/","title":{"rendered":"Auriculares Inalambrico NOGA NG-A900BT"},"content":{"rendered":"<p data-start=\"165\" data-end=\"465\">El <strong data-start=\"168\" data-end=\"186\">NOGA NG-A900BT<\/strong> es un auricular inal\u00e1mbrico vers\u00e1til, pensado para ofrecer sonido c\u00f3modo y claro en m\u00faltiples dispositivos. Con conectividad <strong data-start=\"312\" data-end=\"325\">Bluetooth<\/strong>, dise\u00f1o ergon\u00f3mico y controles integrados, es ideal para m\u00fasica, llamadas y uso diario en smartphones, tablets, PCs y consolas compatibles.<\/p>\n<hr data-start=\"467\" data-end=\"470\" \/>\n<h3 data-start=\"472\" data-end=\"504\">\u00a0Especificaciones T\u00e9cnicas<\/h3>\n<p>&nbsp;<\/p>\n<p data-start=\"506\" data-end=\"592\"><strong data-start=\"506\" data-end=\"516\">Marca:<\/strong> NOGA<br data-start=\"521\" data-end=\"524\" \/><strong data-start=\"524\" data-end=\"535\">Modelo:<\/strong> NG-A900BT<br data-start=\"545\" data-end=\"548\" \/><strong data-start=\"548\" data-end=\"557\">Tipo:<\/strong> Auriculares inal\u00e1mbricos Bluetooth<\/p>\n<p data-start=\"594\" data-end=\"613\"><strong data-start=\"594\" data-end=\"611\">Conectividad:<\/strong><\/p>\n<ul data-start=\"614\" data-end=\"709\">\n<li data-start=\"614\" data-end=\"668\">\n<p data-start=\"616\" data-end=\"668\"><strong data-start=\"616\" data-end=\"633\">Bluetooth 5.x<\/strong> para conexi\u00f3n sencilla y estable<\/p>\n<\/li>\n<li data-start=\"669\" data-end=\"709\">\n<p data-start=\"671\" data-end=\"709\">Alcance inal\u00e1mbrico: hasta 10 m aprox.<\/p>\n<\/li>\n<\/ul>\n<p data-start=\"711\" data-end=\"734\"><strong data-start=\"711\" data-end=\"732\">Drivers \/ sonido:<\/strong><\/p>\n<ul data-start=\"735\" data-end=\"841\">\n<li data-start=\"735\" data-end=\"778\">\n<p data-start=\"737\" data-end=\"778\">Parlantes din\u00e1micos de buen rendimiento<\/p>\n<\/li>\n<li data-start=\"779\" data-end=\"841\">\n<p data-start=\"781\" data-end=\"841\">Respuesta de frecuencia amplia para claridad en m\u00fasica y voz<\/p>\n<\/li>\n<\/ul>\n<p data-start=\"843\" data-end=\"859\"><strong data-start=\"843\" data-end=\"857\">Micr\u00f3fono:<\/strong><\/p>\n<ul data-start=\"860\" data-end=\"898\">\n<li data-start=\"860\" data-end=\"898\">\n<p data-start=\"862\" data-end=\"898\">Integrado para llamadas manos libres<\/p>\n<\/li>\n<\/ul>\n<p data-start=\"900\" data-end=\"916\"><strong data-start=\"900\" data-end=\"914\">Controles:<\/strong><\/p>\n<ul data-start=\"917\" data-end=\"985\">\n<li data-start=\"917\" data-end=\"985\">\n<p data-start=\"919\" data-end=\"985\">Botones\/controles integrados para reproducci\u00f3n, volumen y llamadas<\/p>\n<\/li>\n<\/ul>\n<p data-start=\"987\" data-end=\"1008\"><strong data-start=\"987\" data-end=\"1006\">Compatibilidad:<\/strong><\/p>\n<ul data-start=\"1009\" data-end=\"1165\">\n<li data-start=\"1009\" data-end=\"1048\">\n<p data-start=\"1011\" data-end=\"1048\">Smartphones y tablets con Bluetooth<\/p>\n<\/li>\n<li data-start=\"1049\" data-end=\"1082\">\n<p data-start=\"1051\" data-end=\"1082\">PCs y notebooks con Bluetooth<\/p>\n<\/li>\n<\/ul>\n<p data-start=\"1167\" data-end=\"1181\"><strong data-start=\"1167\" data-end=\"1179\">Bater\u00eda:<\/strong><\/p>\n<ul data-start=\"1182\" data-end=\"1270\">\n<li data-start=\"1182\" data-end=\"1241\">\n<p data-start=\"1184\" data-end=\"1241\">Recargable integrada, para varias horas de uso continuo<\/p>\n<\/li>\n<li data-start=\"1242\" data-end=\"1270\">\n<p data-start=\"1244\" data-end=\"1270\">Puerto de carga: <strong data-start=\"1261\" data-end=\"1270\">USB-C<\/strong><\/p>\n<\/li>\n<\/ul>\n<p data-start=\"1272\" data-end=\"1285\"><strong data-start=\"1272\" data-end=\"1283\">Dise\u00f1o:<\/strong><\/p>\n<ul data-start=\"1286\" data-end=\"1370\">\n<li data-start=\"1286\" data-end=\"1330\">\n<p data-start=\"1288\" data-end=\"1330\">Almohadillas c\u00f3modas y estructura ligera<\/p>\n<\/li>\n<li data-start=\"1331\" data-end=\"1370\">\n<p data-start=\"1333\" data-end=\"1370\">Ajuste ergon\u00f3mico para uso prolongado<\/p>\n<\/li>\n<\/ul>\n<hr data-start=\"1372\" data-end=\"1375\" \/>\n<h3 data-start=\"1377\" data-end=\"1409\">\u00a0Caracter\u00edsticas destacadas<\/h3>\n<p>&nbsp;<\/p>\n<ul data-start=\"1411\" data-end=\"1768\">\n<li data-start=\"1411\" data-end=\"1482\">\n<p data-start=\"1413\" data-end=\"1482\"><strong data-start=\"1413\" data-end=\"1435\">Conexi\u00f3n Bluetooth<\/strong> r\u00e1pida y estable para m\u00faltiples dispositivos<\/p>\n<\/li>\n<li data-start=\"1483\" data-end=\"1531\">\n<p data-start=\"1485\" data-end=\"1531\"><strong data-start=\"1485\" data-end=\"1508\">Micr\u00f3fono integrado<\/strong> para llamadas claras<\/p>\n<\/li>\n<li data-start=\"1532\" data-end=\"1598\">\n<p data-start=\"1534\" data-end=\"1598\">Controles t\u00e1ctiles o botones en el auricular para f\u00e1cil manejo<\/p>\n<\/li>\n<li data-start=\"1599\" data-end=\"1659\">\n<p data-start=\"1601\" data-end=\"1659\">Dise\u00f1o <strong data-start=\"1608\" data-end=\"1631\">ergon\u00f3mico y c\u00f3modo<\/strong> para sesiones prolongadas<\/p>\n<\/li>\n<li data-start=\"1660\" data-end=\"1713\">\n<p data-start=\"1662\" data-end=\"1713\">Bater\u00eda de larga duraci\u00f3n con carga por <strong data-start=\"1702\" data-end=\"1711\">USB-C<\/strong><\/p>\n<\/li>\n<li data-start=\"1714\" data-end=\"1768\">\n<p data-start=\"1716\" data-end=\"1768\">Ideal para m\u00fasica, llamadas y entretenimiento diario<\/p>\n<\/li>\n<\/ul>\n","protected":false},"excerpt":{"rendered":"<p>El NOGA NG-A900BT es un auricular inal\u00e1mbrico vers\u00e1til, pensado para ofrecer sonido c\u00f3modo y claro en m\u00faltiples dispositivos. Con conectividad Bluetooth, dise\u00f1o ergon\u00f3mico y controles integrados, es ideal para m\u00fasica, llamadas y uso diario en smartphones, tablets, PCs y consolas compatibles. \u00a0Especificaciones T\u00e9cnicas &nbsp; Marca: NOGAModelo: NG-A900BTTipo: Auriculares inal\u00e1mbricos Bluetooth Conectividad: Bluetooth 5.x para conexi\u00f3n sencilla y estable Alcance inal\u00e1mbrico: hasta 10 m aprox. Drivers \/ sonido: Parlantes din\u00e1micos de buen rendimiento Respuesta de frecuencia amplia para claridad en m\u00fasica y voz Micr\u00f3fono: Integrado para llamadas manos libres Controles: Botones\/controles integrados para reproducci\u00f3n, volumen y llamadas Compatibilidad: Smartphones y tablets con Bluetooth PCs y notebooks con Bluetooth Bater\u00eda: Recargable integrada, para varias horas de uso continuo Puerto de carga: USB-C Dise\u00f1o: Almohadillas c\u00f3modas y estructura ligera Ajuste ergon\u00f3mico para uso prolongado \u00a0Caracter\u00edsticas destacadas &nbsp; Conexi\u00f3n Bluetooth r\u00e1pida y estable para m\u00faltiples dispositivos Micr\u00f3fono integrado para llamadas claras Controles t\u00e1ctiles o botones en el auricular para f\u00e1cil manejo Dise\u00f1o ergon\u00f3mico y c\u00f3modo para sesiones prolongadas Bater\u00eda de larga duraci\u00f3n con carga por USB-C Ideal para m\u00fasica, llamadas y entretenimiento diario<\/p>\n","protected":false},"featured_media":18690,"template":"","meta":{"site-sidebar-layout":"default","site-content-layout":"","ast-site-content-layout":"default","site-content-style":"default","site-sidebar-style":"default","ast-global-header-display":"","ast-banner-title-visibility":"","ast-main-header-display":"","ast-hfb-above-header-display":"","ast-hfb-below-header-display":"","ast-hfb-mobile-header-display":"","site-post-title":"","ast-breadcrumbs-content":"","ast-featured-img":"","footer-sml-layout":"","theme-transparent-header-meta":"default","adv-header-id-meta":"","stick-header-meta":"","header-above-stick-meta":"","header-main-stick-meta":"","header-below-stick-meta":"","astra-migrate-meta-layouts":"set","ast-page-background-enabled":"default","ast-page-background-meta":{"desktop":{"background-color":"var(--ast-global-color-5)","background-image":"","background-repeat":"repeat","background-position":"center center","background-size":"auto","background-attachment":"scroll","background-type":"","background-media":"","overlay-type":"","overlay-color":"","overlay-opacity":"","overlay-gradient":""},"tablet":{"background-color":"","background-image":"","background-repeat":"repeat","background-position":"center center","background-size":"auto","background-attachment":"scroll","background-type":"","background-media":"","overlay-type":"","overlay-color":"","overlay-opacity":"","overlay-gradient":""},"mobile":{"background-color":"","background-image":"","background-repeat":"repeat","background-position":"center center","background-size":"auto","background-attachment":"scroll","background-type":"","background-media":"","overlay-type":"","overlay-color":"","overlay-opacity":"","overlay-gradient":""}},"ast-content-background-meta":{"desktop":{"background-color":"var(--ast-global-color-4)","background-image":"","background-repeat":"repeat","background-position":"center center","background-size":"auto","background-attachment":"scroll","background-type":"","background-media":"","overlay-type":"","overlay-color":"","overlay-opacity":"","overlay-gradient":""},"tablet":{"background-color":"var(--ast-global-color-4)","background-image":"","background-repeat":"repeat","background-position":"center center","background-size":"auto","background-attachment":"scroll","background-type":"","background-media":"","overlay-type":"","overlay-color":"","overlay-opacity":"","overlay-gradient":""},"mobile":{"background-color":"var(--ast-global-color-4)","background-image":"","background-repeat":"repeat","background-position":"center center","background-size":"auto","background-attachment":"scroll","background-type":"","background-media":"","overlay-type":"","overlay-color":"","overlay-opacity":"","overlay-gradient":""}},"_joinchat":[]},"product_brand":[],"product_cat":[60],"product_tag":[],"class_list":{"0":"post-18688","1":"product","2":"type-product","3":"status-publish","4":"has-post-thumbnail","6":"product_cat-auriculares-bluetooth","7":"desktop-align-center","8":"tablet-align-left","9":"mobile-align-left","11":"first","12":"outofstock","13":"shipping-taxable","14":"purchasable","15":"product-type-simple"},"yoast_head":"<!-- This site is optimized with the Yoast SEO plugin v27.5 - https:\/\/yoast.com\/product\/yoast-seo-wordpress\/ -->\n<title>Auriculares Inalambrico NOGA NG-A900BT - UnitGames<\/title>\n<meta name=\"robots\" content=\"index, follow, max-snippet:-1, max-image-preview:large, max-video-preview:-1\" \/>\n<link rel=\"canonical\" href=\"https:\/\/unitgames.com.ar\/pc-gamer\/producto\/auricular-inalambrico-noga-ng-a900bt\/\" \/>\n<meta property=\"og:locale\" content=\"es_ES\" \/>\n<meta property=\"og:type\" content=\"article\" \/>\n<meta property=\"og:title\" content=\"Auriculares Inalambrico NOGA NG-A900BT - UnitGames\" \/>\n<meta property=\"og:description\" content=\"El NOGA NG-A900BT es un auricular inal\u00e1mbrico vers\u00e1til, pensado para ofrecer sonido c\u00f3modo y claro en m\u00faltiples dispositivos. Con conectividad Bluetooth, dise\u00f1o ergon\u00f3mico y controles integrados, es ideal para m\u00fasica, llamadas y uso diario en smartphones, tablets, PCs y consolas compatibles. \u00a0Especificaciones T\u00e9cnicas &nbsp; Marca: NOGAModelo: NG-A900BTTipo: Auriculares inal\u00e1mbricos Bluetooth Conectividad: Bluetooth 5.x para conexi\u00f3n sencilla y estable Alcance inal\u00e1mbrico: hasta 10 m aprox. Drivers \/ sonido: Parlantes din\u00e1micos de buen rendimiento Respuesta de frecuencia amplia para claridad en m\u00fasica y voz Micr\u00f3fono: Integrado para llamadas manos libres Controles: Botones\/controles integrados para reproducci\u00f3n, volumen y llamadas Compatibilidad: Smartphones y tablets con Bluetooth PCs y notebooks con Bluetooth Bater\u00eda: Recargable integrada, para varias horas de uso continuo Puerto de carga: USB-C Dise\u00f1o: Almohadillas c\u00f3modas y estructura ligera Ajuste ergon\u00f3mico para uso prolongado \u00a0Caracter\u00edsticas destacadas &nbsp; Conexi\u00f3n Bluetooth r\u00e1pida y estable para m\u00faltiples dispositivos Micr\u00f3fono integrado para llamadas claras Controles t\u00e1ctiles o botones en el auricular para f\u00e1cil manejo Dise\u00f1o ergon\u00f3mico y c\u00f3modo para sesiones prolongadas Bater\u00eda de larga duraci\u00f3n con carga por USB-C Ideal para m\u00fasica, llamadas y entretenimiento diario\" \/>\n<meta property=\"og:url\" content=\"https:\/\/unitgames.com.ar\/pc-gamer\/producto\/auricular-inalambrico-noga-ng-a900bt\/\" \/>\n<meta property=\"og:site_name\" content=\"UnitGames\" \/>\n<meta property=\"article:modified_time\" content=\"2026-01-17T14:08:03+00:00\" \/>\n<meta property=\"og:image\" content=\"https:\/\/unitgames.com.ar\/pc-gamer\/wp-content\/uploads\/2025\/12\/Auricular-Inalambrico-NOGA-NG-A900BT.png\" \/>\n\t<meta property=\"og:image:width\" content=\"1283\" \/>\n\t<meta property=\"og:image:height\" content=\"1284\" \/>\n\t<meta property=\"og:image:type\" content=\"image\/png\" \/>\n<meta name=\"twitter:card\" content=\"summary_large_image\" \/>\n<meta name=\"twitter:label1\" content=\"Tiempo de lectura\" \/>\n\t<meta name=\"twitter:data1\" content=\"2 minutos\" \/>\n<script type=\"application\/ld+json\" class=\"yoast-schema-graph\">{\"@context\":\"https:\\\/\\\/schema.org\",\"@graph\":[{\"@type\":\"WebPage\",\"@id\":\"https:\\\/\\\/unitgames.com.ar\\\/pc-gamer\\\/producto\\\/auricular-inalambrico-noga-ng-a900bt\\\/\",\"url\":\"https:\\\/\\\/unitgames.com.ar\\\/pc-gamer\\\/producto\\\/auricular-inalambrico-noga-ng-a900bt\\\/\",\"name\":\"Auriculares Inalambrico NOGA NG-A900BT - UnitGames\",\"isPartOf\":{\"@id\":\"https:\\\/\\\/unitgames.com.ar\\\/pc-gamer\\\/#website\"},\"primaryImageOfPage\":{\"@id\":\"https:\\\/\\\/unitgames.com.ar\\\/pc-gamer\\\/producto\\\/auricular-inalambrico-noga-ng-a900bt\\\/#primaryimage\"},\"image\":{\"@id\":\"https:\\\/\\\/unitgames.com.ar\\\/pc-gamer\\\/producto\\\/auricular-inalambrico-noga-ng-a900bt\\\/#primaryimage\"},\"thumbnailUrl\":\"https:\\\/\\\/unitgames.com.ar\\\/pc-gamer\\\/wp-content\\\/uploads\\\/2025\\\/12\\\/Auricular-Inalambrico-NOGA-NG-A900BT.png\",\"datePublished\":\"2025-12-13T00:03:29+00:00\",\"dateModified\":\"2026-01-17T14:08:03+00:00\",\"breadcrumb\":{\"@id\":\"https:\\\/\\\/unitgames.com.ar\\\/pc-gamer\\\/producto\\\/auricular-inalambrico-noga-ng-a900bt\\\/#breadcrumb\"},\"inLanguage\":\"es\",\"potentialAction\":[{\"@type\":\"ReadAction\",\"target\":[\"https:\\\/\\\/unitgames.com.ar\\\/pc-gamer\\\/producto\\\/auricular-inalambrico-noga-ng-a900bt\\\/\"]}]},{\"@type\":\"ImageObject\",\"inLanguage\":\"es\",\"@id\":\"https:\\\/\\\/unitgames.com.ar\\\/pc-gamer\\\/producto\\\/auricular-inalambrico-noga-ng-a900bt\\\/#primaryimage\",\"url\":\"https:\\\/\\\/unitgames.com.ar\\\/pc-gamer\\\/wp-content\\\/uploads\\\/2025\\\/12\\\/Auricular-Inalambrico-NOGA-NG-A900BT.png\",\"contentUrl\":\"https:\\\/\\\/unitgames.com.ar\\\/pc-gamer\\\/wp-content\\\/uploads\\\/2025\\\/12\\\/Auricular-Inalambrico-NOGA-NG-A900BT.png\",\"width\":1283,\"height\":1284},{\"@type\":\"BreadcrumbList\",\"@id\":\"https:\\\/\\\/unitgames.com.ar\\\/pc-gamer\\\/producto\\\/auricular-inalambrico-noga-ng-a900bt\\\/#breadcrumb\",\"itemListElement\":[{\"@type\":\"ListItem\",\"position\":1,\"name\":\"Tienda\",\"item\":\"https:\\\/\\\/unitgames.com.ar\\\/pc-gamer\\\/tienda\\\/\"},{\"@type\":\"ListItem\",\"position\":2,\"name\":\"Auriculares Inalambrico NOGA NG-A900BT\"}]},{\"@type\":\"WebSite\",\"@id\":\"https:\\\/\\\/unitgames.com.ar\\\/pc-gamer\\\/#website\",\"url\":\"https:\\\/\\\/unitgames.com.ar\\\/pc-gamer\\\/\",\"name\":\"UnitGames\",\"description\":\"Venta de PC Gamers, Consolas , Servicio Tecnico Especializado. Todos en Accesorios Informaticos y Gamers\",\"publisher\":{\"@id\":\"https:\\\/\\\/unitgames.com.ar\\\/pc-gamer\\\/#organization\"},\"potentialAction\":[{\"@type\":\"SearchAction\",\"target\":{\"@type\":\"EntryPoint\",\"urlTemplate\":\"https:\\\/\\\/unitgames.com.ar\\\/pc-gamer\\\/?s={search_term_string}\"},\"query-input\":{\"@type\":\"PropertyValueSpecification\",\"valueRequired\":true,\"valueName\":\"search_term_string\"}}],\"inLanguage\":\"es\"},{\"@type\":\"Organization\",\"@id\":\"https:\\\/\\\/unitgames.com.ar\\\/pc-gamer\\\/#organization\",\"name\":\"UnitGames\",\"url\":\"https:\\\/\\\/unitgames.com.ar\\\/pc-gamer\\\/\",\"logo\":{\"@type\":\"ImageObject\",\"inLanguage\":\"es\",\"@id\":\"https:\\\/\\\/unitgames.com.ar\\\/pc-gamer\\\/#\\\/schema\\\/logo\\\/image\\\/\",\"url\":\"https:\\\/\\\/unitgames.com.ar\\\/pc-gamer\\\/wp-content\\\/uploads\\\/2021\\\/01\\\/cropped-logoUnitGames2.png\",\"contentUrl\":\"https:\\\/\\\/unitgames.com.ar\\\/pc-gamer\\\/wp-content\\\/uploads\\\/2021\\\/01\\\/cropped-logoUnitGames2.png\",\"width\":152,\"height\":200,\"caption\":\"UnitGames\"},\"image\":{\"@id\":\"https:\\\/\\\/unitgames.com.ar\\\/pc-gamer\\\/#\\\/schema\\\/logo\\\/image\\\/\"}}]}<\/script>\n<!-- \/ Yoast SEO plugin. -->","yoast_head_json":{"title":"Auriculares Inalambrico NOGA NG-A900BT - UnitGames","robots":{"index":"index","follow":"follow","max-snippet":"max-snippet:-1","max-image-preview":"max-image-preview:large","max-video-preview":"max-video-preview:-1"},"canonical":"https:\/\/unitgames.com.ar\/pc-gamer\/producto\/auricular-inalambrico-noga-ng-a900bt\/","og_locale":"es_ES","og_type":"article","og_title":"Auriculares Inalambrico NOGA NG-A900BT - UnitGames","og_description":"El NOGA NG-A900BT es un auricular inal\u00e1mbrico vers\u00e1til, pensado para ofrecer sonido c\u00f3modo y claro en m\u00faltiples dispositivos. Con conectividad Bluetooth, dise\u00f1o ergon\u00f3mico y controles integrados, es ideal para m\u00fasica, llamadas y uso diario en smartphones, tablets, PCs y consolas compatibles. \u00a0Especificaciones T\u00e9cnicas &nbsp; Marca: NOGAModelo: NG-A900BTTipo: Auriculares inal\u00e1mbricos Bluetooth Conectividad: Bluetooth 5.x para conexi\u00f3n sencilla y estable Alcance inal\u00e1mbrico: hasta 10 m aprox. Drivers \/ sonido: Parlantes din\u00e1micos de buen rendimiento Respuesta de frecuencia amplia para claridad en m\u00fasica y voz Micr\u00f3fono: Integrado para llamadas manos libres Controles: Botones\/controles integrados para reproducci\u00f3n, volumen y llamadas Compatibilidad: Smartphones y tablets con Bluetooth PCs y notebooks con Bluetooth Bater\u00eda: Recargable integrada, para varias horas de uso continuo Puerto de carga: USB-C Dise\u00f1o: Almohadillas c\u00f3modas y estructura ligera Ajuste ergon\u00f3mico para uso prolongado \u00a0Caracter\u00edsticas destacadas &nbsp; Conexi\u00f3n Bluetooth r\u00e1pida y estable para m\u00faltiples dispositivos Micr\u00f3fono integrado para llamadas claras Controles t\u00e1ctiles o botones en el auricular para f\u00e1cil manejo Dise\u00f1o ergon\u00f3mico y c\u00f3modo para sesiones prolongadas Bater\u00eda de larga duraci\u00f3n con carga por USB-C Ideal para m\u00fasica, llamadas y entretenimiento diario","og_url":"https:\/\/unitgames.com.ar\/pc-gamer\/producto\/auricular-inalambrico-noga-ng-a900bt\/","og_site_name":"UnitGames","article_modified_time":"2026-01-17T14:08:03+00:00","og_image":[{"width":1283,"height":1284,"url":"https:\/\/unitgames.com.ar\/pc-gamer\/wp-content\/uploads\/2025\/12\/Auricular-Inalambrico-NOGA-NG-A900BT.png","type":"image\/png"}],"twitter_card":"summary_large_image","twitter_misc":{"Tiempo de lectura":"2 minutos"},"schema":{"@context":"https:\/\/schema.org","@graph":[{"@type":"WebPage","@id":"https:\/\/unitgames.com.ar\/pc-gamer\/producto\/auricular-inalambrico-noga-ng-a900bt\/","url":"https:\/\/unitgames.com.ar\/pc-gamer\/producto\/auricular-inalambrico-noga-ng-a900bt\/","name":"Auriculares Inalambrico NOGA NG-A900BT - UnitGames","isPartOf":{"@id":"https:\/\/unitgames.com.ar\/pc-gamer\/#website"},"primaryImageOfPage":{"@id":"https:\/\/unitgames.com.ar\/pc-gamer\/producto\/auricular-inalambrico-noga-ng-a900bt\/#primaryimage"},"image":{"@id":"https:\/\/unitgames.com.ar\/pc-gamer\/producto\/auricular-inalambrico-noga-ng-a900bt\/#primaryimage"},"thumbnailUrl":"https:\/\/unitgames.com.ar\/pc-gamer\/wp-content\/uploads\/2025\/12\/Auricular-Inalambrico-NOGA-NG-A900BT.png","datePublished":"2025-12-13T00:03:29+00:00","dateModified":"2026-01-17T14:08:03+00:00","breadcrumb":{"@id":"https:\/\/unitgames.com.ar\/pc-gamer\/producto\/auricular-inalambrico-noga-ng-a900bt\/#breadcrumb"},"inLanguage":"es","potentialAction":[{"@type":"ReadAction","target":["https:\/\/unitgames.com.ar\/pc-gamer\/producto\/auricular-inalambrico-noga-ng-a900bt\/"]}]},{"@type":"ImageObject","inLanguage":"es","@id":"https:\/\/unitgames.com.ar\/pc-gamer\/producto\/auricular-inalambrico-noga-ng-a900bt\/#primaryimage","url":"https:\/\/unitgames.com.ar\/pc-gamer\/wp-content\/uploads\/2025\/12\/Auricular-Inalambrico-NOGA-NG-A900BT.png","contentUrl":"https:\/\/unitgames.com.ar\/pc-gamer\/wp-content\/uploads\/2025\/12\/Auricular-Inalambrico-NOGA-NG-A900BT.png","width":1283,"height":1284},{"@type":"BreadcrumbList","@id":"https:\/\/unitgames.com.ar\/pc-gamer\/producto\/auricular-inalambrico-noga-ng-a900bt\/#breadcrumb","itemListElement":[{"@type":"ListItem","position":1,"name":"Tienda","item":"https:\/\/unitgames.com.ar\/pc-gamer\/tienda\/"},{"@type":"ListItem","position":2,"name":"Auriculares Inalambrico NOGA NG-A900BT"}]},{"@type":"WebSite","@id":"https:\/\/unitgames.com.ar\/pc-gamer\/#website","url":"https:\/\/unitgames.com.ar\/pc-gamer\/","name":"UnitGames","description":"Venta de PC Gamers, Consolas , Servicio Tecnico Especializado. Todos en Accesorios Informaticos y Gamers","publisher":{"@id":"https:\/\/unitgames.com.ar\/pc-gamer\/#organization"},"potentialAction":[{"@type":"SearchAction","target":{"@type":"EntryPoint","urlTemplate":"https:\/\/unitgames.com.ar\/pc-gamer\/?s={search_term_string}"},"query-input":{"@type":"PropertyValueSpecification","valueRequired":true,"valueName":"search_term_string"}}],"inLanguage":"es"},{"@type":"Organization","@id":"https:\/\/unitgames.com.ar\/pc-gamer\/#organization","name":"UnitGames","url":"https:\/\/unitgames.com.ar\/pc-gamer\/","logo":{"@type":"ImageObject","inLanguage":"es","@id":"https:\/\/unitgames.com.ar\/pc-gamer\/#\/schema\/logo\/image\/","url":"https:\/\/unitgames.com.ar\/pc-gamer\/wp-content\/uploads\/2021\/01\/cropped-logoUnitGames2.png","contentUrl":"https:\/\/unitgames.com.ar\/pc-gamer\/wp-content\/uploads\/2021\/01\/cropped-logoUnitGames2.png","width":152,"height":200,"caption":"UnitGames"},"image":{"@id":"https:\/\/unitgames.com.ar\/pc-gamer\/#\/schema\/logo\/image\/"}}]}},"_links":{"self":[{"href":"https:\/\/unitgames.com.ar\/pc-gamer\/wp-json\/wp\/v2\/product\/18688","targetHints":{"allow":["GET"]}}],"collection":[{"href":"https:\/\/unitgames.com.ar\/pc-gamer\/wp-json\/wp\/v2\/product"}],"about":[{"href":"https:\/\/unitgames.com.ar\/pc-gamer\/wp-json\/wp\/v2\/types\/product"}],"version-history":[{"count":0,"href":"https:\/\/unitgames.com.ar\/pc-gamer\/wp-json\/wp\/v2\/product\/18688\/revisions"}],"wp:featuredmedia":[{"embeddable":true,"href":"https:\/\/unitgames.com.ar\/pc-gamer\/wp-json\/wp\/v2\/media\/18690"}],"wp:attachment":[{"href":"https:\/\/unitgames.com.ar\/pc-gamer\/wp-json\/wp\/v2\/media?parent=18688"}],"wp:term":[{"taxonomy":"product_brand","embeddable":true,"href":"https:\/\/unitgames.com.ar\/pc-gamer\/wp-json\/wp\/v2\/product_brand?post=18688"},{"taxonomy":"product_cat","embeddable":true,"href":"https:\/\/unitgames.com.ar\/pc-gamer\/wp-json\/wp\/v2\/product_cat?post=18688"},{"taxonomy":"product_tag","embeddable":true,"href":"https:\/\/unitgames.com.ar\/pc-gamer\/wp-json\/wp\/v2\/product_tag?post=18688"}],"curies":[{"name":"wp","href":"https:\/\/api.w.org\/{rel}","templated":true}]}}