{"id":18692,"date":"2025-12-12T21:06:48","date_gmt":"2025-12-13T00:06:48","guid":{"rendered":"https:\/\/unitgames.com.ar\/pc-gamer\/?post_type=product&#038;p=18692"},"modified":"2026-05-01T10:52:23","modified_gmt":"2026-05-01T13:52:23","slug":"auricular-inalambrico-noga-a930bt-bl","status":"publish","type":"product","link":"https:\/\/unitgames.com.ar\/pc-gamer\/producto\/auricular-inalambrico-noga-a930bt-bl\/","title":{"rendered":"Auriculares Inalambrico NOGA A930BT BL"},"content":{"rendered":"<p data-start=\"379\" data-end=\"702\">Los <strong data-start=\"383\" data-end=\"426\">Auriculares Inal\u00e1mbricos NOGA A930BT BL<\/strong> son unos auriculares vers\u00e1tiles con <strong data-start=\"463\" data-end=\"490\">triple modo de conexi\u00f3n<\/strong>: <strong data-start=\"492\" data-end=\"505\">Bluetooth<\/strong>, <strong data-start=\"507\" data-end=\"530\">inal\u00e1mbrico 2.4 GHz<\/strong> mediante receptor USB y <strong data-start=\"555\" data-end=\"576\">cable Plug 3.5 mm<\/strong>. Compatibles con Consolas PS5, PS4 y XBOX Series, PC, m\u00f3viles y tablets, ofrecen comodidad y buena calidad de sonido para gaming, m\u00fasica y llamadas.<\/p>\n<h3 data-start=\"704\" data-end=\"736\"><\/h3>\n<h3 data-start=\"704\" data-end=\"736\">\u00a0Especificaciones T\u00e9cnicas<\/h3>\n<p data-start=\"738\" data-end=\"846\"><strong data-start=\"738\" data-end=\"748\">Marca:<\/strong> NOGA<br data-start=\"753\" data-end=\"756\" \/><strong data-start=\"756\" data-end=\"767\">Modelo:<\/strong> A930BT BL<br data-start=\"777\" data-end=\"780\" \/><strong data-start=\"780\" data-end=\"789\">Tipo:<\/strong> Auriculares inal\u00e1mbricos con m\u00faltiples modos de conexi\u00f3n<\/p>\n<p data-start=\"848\" data-end=\"867\"><strong data-start=\"848\" data-end=\"865\">Conectividad:<\/strong><\/p>\n<ul data-start=\"868\" data-end=\"1065\">\n<li data-start=\"868\" data-end=\"927\">\n<p data-start=\"870\" data-end=\"927\"><strong data-start=\"870\" data-end=\"883\">Bluetooth<\/strong> para conexi\u00f3n con celulares, tablets y PC<\/p>\n<\/li>\n<li data-start=\"928\" data-end=\"987\">\n<p data-start=\"930\" data-end=\"987\"><strong data-start=\"930\" data-end=\"950\">Wireless 2.4 GHz<\/strong> por medio de receptor USB incluido<\/p>\n<\/li>\n<li data-start=\"988\" data-end=\"1065\">\n<p data-start=\"990\" data-end=\"1065\"><strong data-start=\"990\" data-end=\"1011\">Cable Plug 3.5 mm<\/strong> para conexi\u00f3n directa a consolas y otros dispositivos<\/p>\n<\/li>\n<\/ul>\n<p data-start=\"1067\" data-end=\"1201\"><strong data-start=\"1067\" data-end=\"1088\">Drivers \/ sonido:<\/strong> parlantes din\u00e1micos integrados<br data-start=\"1119\" data-end=\"1122\" \/><strong data-start=\"1122\" data-end=\"1136\">Micr\u00f3fono:<\/strong> integrado para chat en juegos y llamadas<br data-start=\"1177\" data-end=\"1180\" \/><strong data-start=\"1180\" data-end=\"1199\">Compatibilidad:<\/strong><\/p>\n<ul data-start=\"1202\" data-end=\"1323\">\n<li data-start=\"1202\" data-end=\"1267\">\n<p data-start=\"1204\" data-end=\"1267\"><strong data-start=\"1204\" data-end=\"1223\">PS4, PS5 y Xbox Series<\/strong>\u00a0(mediante cable de 3.5 mm en el joystick)<\/p>\n<\/li>\n<li data-start=\"1268\" data-end=\"1285\">\n<p data-start=\"1270\" data-end=\"1285\">PC \/ Notebook<\/p>\n<\/li>\n<li data-start=\"1286\" data-end=\"1323\">\n<p data-start=\"1288\" data-end=\"1323\">Smartphones y tablets con Bluetooth<\/p>\n<\/li>\n<\/ul>\n<p data-start=\"1325\" data-end=\"1535\"><strong data-start=\"1325\" data-end=\"1350\">Controles integrados:<\/strong> volumen, reproducci\u00f3n y llamadas<br data-start=\"1383\" data-end=\"1386\" \/><strong data-start=\"1386\" data-end=\"1406\">Bater\u00eda interna:<\/strong> recargable para varias horas de uso<br data-start=\"1442\" data-end=\"1445\" \/><strong data-start=\"1445\" data-end=\"1469\">Alcance inal\u00e1mbrico:<\/strong> hasta ~10 m<br data-start=\"1481\" data-end=\"1484\" \/><strong data-start=\"1484\" data-end=\"1495\">Dise\u00f1o:<\/strong> ergon\u00f3mico y c\u00f3modo para uso prolongado<\/p>\n<hr data-start=\"1537\" data-end=\"1540\" \/>\n<h3 data-start=\"1542\" data-end=\"1574\">\u00a0Caracter\u00edsticas destacadas<\/h3>\n<p>&nbsp;<\/p>\n<ul data-start=\"1576\" data-end=\"1942\">\n<li data-start=\"1576\" data-end=\"1654\">\n<p data-start=\"1578\" data-end=\"1654\"><strong data-start=\"1578\" data-end=\"1606\">Modo triple de conexi\u00f3n:<\/strong> Bluetooth + 2.4 GHz (USB) + cable Plug 3.5 mm<\/p>\n<\/li>\n<li data-start=\"1655\" data-end=\"1741\">\n<p data-start=\"1657\" data-end=\"1741\">Compatible con <strong data-start=\"1672\" data-end=\"1701\">consolas (PS4, PS5, Xbox)<\/strong> mediante conexi\u00f3n directa al joystick<\/p>\n<\/li>\n<li data-start=\"1742\" data-end=\"1812\">\n<p data-start=\"1744\" data-end=\"1812\"><strong data-start=\"1744\" data-end=\"1769\">Micr\u00f3fono incorporado<\/strong> para chat de voz y llamadas con claridad<\/p>\n<\/li>\n<li data-start=\"1813\" data-end=\"1882\">\n<p data-start=\"1815\" data-end=\"1882\">Dise\u00f1o c\u00f3modo y ligero ideal para gaming, multimedia y uso diario<\/p>\n<\/li>\n<li data-start=\"1883\" data-end=\"1942\">\n<p data-start=\"1885\" data-end=\"1942\">Emparejamiento r\u00e1pido y sencillo con controles intuitivos<\/p>\n<\/li>\n<\/ul>\n","protected":false},"excerpt":{"rendered":"<p>Los Auriculares Inal\u00e1mbricos NOGA A930BT BL son unos auriculares vers\u00e1tiles con triple modo de conexi\u00f3n: Bluetooth, inal\u00e1mbrico 2.4 GHz mediante receptor USB y cable Plug 3.5 mm. Compatibles con Consolas PS5, PS4 y XBOX Series, PC, m\u00f3viles y tablets, ofrecen comodidad y buena calidad de sonido para gaming, m\u00fasica y llamadas. \u00a0Especificaciones T\u00e9cnicas Marca: NOGAModelo: A930BT BLTipo: Auriculares inal\u00e1mbricos con m\u00faltiples modos de conexi\u00f3n Conectividad: Bluetooth para conexi\u00f3n con celulares, tablets y PC Wireless 2.4 GHz por medio de receptor USB incluido Cable Plug 3.5 mm para conexi\u00f3n directa a consolas y otros dispositivos Drivers \/ sonido: parlantes din\u00e1micos integradosMicr\u00f3fono: integrado para chat en juegos y llamadasCompatibilidad: PS4, PS5 y Xbox Series\u00a0(mediante cable de 3.5 mm en el joystick) PC \/ Notebook Smartphones y tablets con Bluetooth Controles integrados: volumen, reproducci\u00f3n y llamadasBater\u00eda interna: recargable para varias horas de usoAlcance inal\u00e1mbrico: hasta ~10 mDise\u00f1o: ergon\u00f3mico y c\u00f3modo para uso prolongado \u00a0Caracter\u00edsticas destacadas &nbsp; Modo triple de conexi\u00f3n: Bluetooth + 2.4 GHz (USB) + cable Plug 3.5 mm Compatible con consolas (PS4, PS5, Xbox) mediante conexi\u00f3n directa al joystick Micr\u00f3fono incorporado para chat de voz y llamadas con claridad Dise\u00f1o c\u00f3modo y ligero ideal para gaming, multimedia y uso diario Emparejamiento r\u00e1pido y sencillo con controles intuitivos<\/p>\n","protected":false},"featured_media":18694,"template":"","meta":{"site-sidebar-layout":"default","site-content-layout":"","ast-site-content-layout":"default","site-content-style":"default","site-sidebar-style":"default","ast-global-header-display":"","ast-banner-title-visibility":"","ast-main-header-display":"","ast-hfb-above-header-display":"","ast-hfb-below-header-display":"","ast-hfb-mobile-header-display":"","site-post-title":"","ast-breadcrumbs-content":"","ast-featured-img":"","footer-sml-layout":"","theme-transparent-header-meta":"default","adv-header-id-meta":"","stick-header-meta":"","header-above-stick-meta":"","header-main-stick-meta":"","header-below-stick-meta":"","astra-migrate-meta-layouts":"set","ast-page-background-enabled":"default","ast-page-background-meta":{"desktop":{"background-color":"var(--ast-global-color-5)","background-image":"","background-repeat":"repeat","background-position":"center center","background-size":"auto","background-attachment":"scroll","background-type":"","background-media":"","overlay-type":"","overlay-color":"","overlay-opacity":"","overlay-gradient":""},"tablet":{"background-color":"","background-image":"","background-repeat":"repeat","background-position":"center center","background-size":"auto","background-attachment":"scroll","background-type":"","background-media":"","overlay-type":"","overlay-color":"","overlay-opacity":"","overlay-gradient":""},"mobile":{"background-color":"","background-image":"","background-repeat":"repeat","background-position":"center center","background-size":"auto","background-attachment":"scroll","background-type":"","background-media":"","overlay-type":"","overlay-color":"","overlay-opacity":"","overlay-gradient":""}},"ast-content-background-meta":{"desktop":{"background-color":"var(--ast-global-color-4)","background-image":"","background-repeat":"repeat","background-position":"center center","background-size":"auto","background-attachment":"scroll","background-type":"","background-media":"","overlay-type":"","overlay-color":"","overlay-opacity":"","overlay-gradient":""},"tablet":{"background-color":"var(--ast-global-color-4)","background-image":"","background-repeat":"repeat","background-position":"center center","background-size":"auto","background-attachment":"scroll","background-type":"","background-media":"","overlay-type":"","overlay-color":"","overlay-opacity":"","overlay-gradient":""},"mobile":{"background-color":"var(--ast-global-color-4)","background-image":"","background-repeat":"repeat","background-position":"center center","background-size":"auto","background-attachment":"scroll","background-type":"","background-media":"","overlay-type":"","overlay-color":"","overlay-opacity":"","overlay-gradient":""}},"_joinchat":[]},"product_brand":[],"product_cat":[81,168],"product_tag":[],"class_list":{"0":"post-18692","1":"product","2":"type-product","3":"status-publish","4":"has-post-thumbnail","6":"product_cat-auriculares-pc-play-xbox-celular","7":"product_cat-auriculles-gamers","8":"desktop-align-center","9":"tablet-align-left","10":"mobile-align-left","12":"first","13":"instock","14":"shipping-taxable","15":"purchasable","16":"product-type-simple"},"yoast_head":"<!-- This site is optimized with the Yoast SEO plugin v27.5 - https:\/\/yoast.com\/product\/yoast-seo-wordpress\/ -->\n<title>Auriculares Inalambrico NOGA A930BT BL - UnitGames<\/title>\n<meta name=\"robots\" content=\"index, follow, max-snippet:-1, max-image-preview:large, max-video-preview:-1\" \/>\n<link rel=\"canonical\" href=\"https:\/\/unitgames.com.ar\/pc-gamer\/producto\/auricular-inalambrico-noga-a930bt-bl\/\" \/>\n<meta property=\"og:locale\" content=\"es_ES\" \/>\n<meta property=\"og:type\" content=\"article\" \/>\n<meta property=\"og:title\" content=\"Auriculares Inalambrico NOGA A930BT BL - UnitGames\" \/>\n<meta property=\"og:description\" content=\"Los Auriculares Inal\u00e1mbricos NOGA A930BT BL son unos auriculares vers\u00e1tiles con triple modo de conexi\u00f3n: Bluetooth, inal\u00e1mbrico 2.4 GHz mediante receptor USB y cable Plug 3.5 mm. Compatibles con Consolas PS5, PS4 y XBOX Series, PC, m\u00f3viles y tablets, ofrecen comodidad y buena calidad de sonido para gaming, m\u00fasica y llamadas. \u00a0Especificaciones T\u00e9cnicas Marca: NOGAModelo: A930BT BLTipo: Auriculares inal\u00e1mbricos con m\u00faltiples modos de conexi\u00f3n Conectividad: Bluetooth para conexi\u00f3n con celulares, tablets y PC Wireless 2.4 GHz por medio de receptor USB incluido Cable Plug 3.5 mm para conexi\u00f3n directa a consolas y otros dispositivos Drivers \/ sonido: parlantes din\u00e1micos integradosMicr\u00f3fono: integrado para chat en juegos y llamadasCompatibilidad: PS4, PS5 y Xbox Series\u00a0(mediante cable de 3.5 mm en el joystick) PC \/ Notebook Smartphones y tablets con Bluetooth Controles integrados: volumen, reproducci\u00f3n y llamadasBater\u00eda interna: recargable para varias horas de usoAlcance inal\u00e1mbrico: hasta ~10 mDise\u00f1o: ergon\u00f3mico y c\u00f3modo para uso prolongado \u00a0Caracter\u00edsticas destacadas &nbsp; Modo triple de conexi\u00f3n: Bluetooth + 2.4 GHz (USB) + cable Plug 3.5 mm Compatible con consolas (PS4, PS5, Xbox) mediante conexi\u00f3n directa al joystick Micr\u00f3fono incorporado para chat de voz y llamadas con claridad Dise\u00f1o c\u00f3modo y ligero ideal para gaming, multimedia y uso diario Emparejamiento r\u00e1pido y sencillo con controles intuitivos\" \/>\n<meta property=\"og:url\" content=\"https:\/\/unitgames.com.ar\/pc-gamer\/producto\/auricular-inalambrico-noga-a930bt-bl\/\" \/>\n<meta property=\"og:site_name\" content=\"UnitGames\" \/>\n<meta property=\"article:modified_time\" content=\"2026-05-01T13:52:23+00:00\" \/>\n<meta property=\"og:image\" content=\"https:\/\/unitgames.com.ar\/pc-gamer\/wp-content\/uploads\/2025\/12\/Auricular-Inalambrico-NOGA-A930BT-BL.png\" \/>\n\t<meta property=\"og:image:width\" content=\"1283\" \/>\n\t<meta property=\"og:image:height\" content=\"1291\" \/>\n\t<meta property=\"og:image:type\" content=\"image\/png\" \/>\n<meta name=\"twitter:card\" content=\"summary_large_image\" \/>\n<meta name=\"twitter:label1\" content=\"Tiempo de lectura\" \/>\n\t<meta name=\"twitter:data1\" content=\"2 minutos\" \/>\n<script type=\"application\/ld+json\" class=\"yoast-schema-graph\">{\"@context\":\"https:\\\/\\\/schema.org\",\"@graph\":[{\"@type\":\"WebPage\",\"@id\":\"https:\\\/\\\/unitgames.com.ar\\\/pc-gamer\\\/producto\\\/auricular-inalambrico-noga-a930bt-bl\\\/\",\"url\":\"https:\\\/\\\/unitgames.com.ar\\\/pc-gamer\\\/producto\\\/auricular-inalambrico-noga-a930bt-bl\\\/\",\"name\":\"Auriculares Inalambrico NOGA A930BT BL - UnitGames\",\"isPartOf\":{\"@id\":\"https:\\\/\\\/unitgames.com.ar\\\/pc-gamer\\\/#website\"},\"primaryImageOfPage\":{\"@id\":\"https:\\\/\\\/unitgames.com.ar\\\/pc-gamer\\\/producto\\\/auricular-inalambrico-noga-a930bt-bl\\\/#primaryimage\"},\"image\":{\"@id\":\"https:\\\/\\\/unitgames.com.ar\\\/pc-gamer\\\/producto\\\/auricular-inalambrico-noga-a930bt-bl\\\/#primaryimage\"},\"thumbnailUrl\":\"https:\\\/\\\/unitgames.com.ar\\\/pc-gamer\\\/wp-content\\\/uploads\\\/2025\\\/12\\\/Auricular-Inalambrico-NOGA-A930BT-BL.png\",\"datePublished\":\"2025-12-13T00:06:48+00:00\",\"dateModified\":\"2026-05-01T13:52:23+00:00\",\"breadcrumb\":{\"@id\":\"https:\\\/\\\/unitgames.com.ar\\\/pc-gamer\\\/producto\\\/auricular-inalambrico-noga-a930bt-bl\\\/#breadcrumb\"},\"inLanguage\":\"es\",\"potentialAction\":[{\"@type\":\"ReadAction\",\"target\":[\"https:\\\/\\\/unitgames.com.ar\\\/pc-gamer\\\/producto\\\/auricular-inalambrico-noga-a930bt-bl\\\/\"]}]},{\"@type\":\"ImageObject\",\"inLanguage\":\"es\",\"@id\":\"https:\\\/\\\/unitgames.com.ar\\\/pc-gamer\\\/producto\\\/auricular-inalambrico-noga-a930bt-bl\\\/#primaryimage\",\"url\":\"https:\\\/\\\/unitgames.com.ar\\\/pc-gamer\\\/wp-content\\\/uploads\\\/2025\\\/12\\\/Auricular-Inalambrico-NOGA-A930BT-BL.png\",\"contentUrl\":\"https:\\\/\\\/unitgames.com.ar\\\/pc-gamer\\\/wp-content\\\/uploads\\\/2025\\\/12\\\/Auricular-Inalambrico-NOGA-A930BT-BL.png\",\"width\":1283,\"height\":1291},{\"@type\":\"BreadcrumbList\",\"@id\":\"https:\\\/\\\/unitgames.com.ar\\\/pc-gamer\\\/producto\\\/auricular-inalambrico-noga-a930bt-bl\\\/#breadcrumb\",\"itemListElement\":[{\"@type\":\"ListItem\",\"position\":1,\"name\":\"Tienda\",\"item\":\"https:\\\/\\\/unitgames.com.ar\\\/pc-gamer\\\/tienda\\\/\"},{\"@type\":\"ListItem\",\"position\":2,\"name\":\"Auriculares Inalambrico NOGA A930BT BL\"}]},{\"@type\":\"WebSite\",\"@id\":\"https:\\\/\\\/unitgames.com.ar\\\/pc-gamer\\\/#website\",\"url\":\"https:\\\/\\\/unitgames.com.ar\\\/pc-gamer\\\/\",\"name\":\"UnitGames\",\"description\":\"Venta de PC Gamers, Consolas , Servicio Tecnico Especializado. Todos en Accesorios Informaticos y Gamers\",\"publisher\":{\"@id\":\"https:\\\/\\\/unitgames.com.ar\\\/pc-gamer\\\/#organization\"},\"potentialAction\":[{\"@type\":\"SearchAction\",\"target\":{\"@type\":\"EntryPoint\",\"urlTemplate\":\"https:\\\/\\\/unitgames.com.ar\\\/pc-gamer\\\/?s={search_term_string}\"},\"query-input\":{\"@type\":\"PropertyValueSpecification\",\"valueRequired\":true,\"valueName\":\"search_term_string\"}}],\"inLanguage\":\"es\"},{\"@type\":\"Organization\",\"@id\":\"https:\\\/\\\/unitgames.com.ar\\\/pc-gamer\\\/#organization\",\"name\":\"UnitGames\",\"url\":\"https:\\\/\\\/unitgames.com.ar\\\/pc-gamer\\\/\",\"logo\":{\"@type\":\"ImageObject\",\"inLanguage\":\"es\",\"@id\":\"https:\\\/\\\/unitgames.com.ar\\\/pc-gamer\\\/#\\\/schema\\\/logo\\\/image\\\/\",\"url\":\"https:\\\/\\\/unitgames.com.ar\\\/pc-gamer\\\/wp-content\\\/uploads\\\/2021\\\/01\\\/cropped-logoUnitGames2.png\",\"contentUrl\":\"https:\\\/\\\/unitgames.com.ar\\\/pc-gamer\\\/wp-content\\\/uploads\\\/2021\\\/01\\\/cropped-logoUnitGames2.png\",\"width\":152,\"height\":200,\"caption\":\"UnitGames\"},\"image\":{\"@id\":\"https:\\\/\\\/unitgames.com.ar\\\/pc-gamer\\\/#\\\/schema\\\/logo\\\/image\\\/\"}}]}<\/script>\n<!-- \/ Yoast SEO plugin. -->","yoast_head_json":{"title":"Auriculares Inalambrico NOGA A930BT BL - UnitGames","robots":{"index":"index","follow":"follow","max-snippet":"max-snippet:-1","max-image-preview":"max-image-preview:large","max-video-preview":"max-video-preview:-1"},"canonical":"https:\/\/unitgames.com.ar\/pc-gamer\/producto\/auricular-inalambrico-noga-a930bt-bl\/","og_locale":"es_ES","og_type":"article","og_title":"Auriculares Inalambrico NOGA A930BT BL - UnitGames","og_description":"Los Auriculares Inal\u00e1mbricos NOGA A930BT BL son unos auriculares vers\u00e1tiles con triple modo de conexi\u00f3n: Bluetooth, inal\u00e1mbrico 2.4 GHz mediante receptor USB y cable Plug 3.5 mm. Compatibles con Consolas PS5, PS4 y XBOX Series, PC, m\u00f3viles y tablets, ofrecen comodidad y buena calidad de sonido para gaming, m\u00fasica y llamadas. \u00a0Especificaciones T\u00e9cnicas Marca: NOGAModelo: A930BT BLTipo: Auriculares inal\u00e1mbricos con m\u00faltiples modos de conexi\u00f3n Conectividad: Bluetooth para conexi\u00f3n con celulares, tablets y PC Wireless 2.4 GHz por medio de receptor USB incluido Cable Plug 3.5 mm para conexi\u00f3n directa a consolas y otros dispositivos Drivers \/ sonido: parlantes din\u00e1micos integradosMicr\u00f3fono: integrado para chat en juegos y llamadasCompatibilidad: PS4, PS5 y Xbox Series\u00a0(mediante cable de 3.5 mm en el joystick) PC \/ Notebook Smartphones y tablets con Bluetooth Controles integrados: volumen, reproducci\u00f3n y llamadasBater\u00eda interna: recargable para varias horas de usoAlcance inal\u00e1mbrico: hasta ~10 mDise\u00f1o: ergon\u00f3mico y c\u00f3modo para uso prolongado \u00a0Caracter\u00edsticas destacadas &nbsp; Modo triple de conexi\u00f3n: Bluetooth + 2.4 GHz (USB) + cable Plug 3.5 mm Compatible con consolas (PS4, PS5, Xbox) mediante conexi\u00f3n directa al joystick Micr\u00f3fono incorporado para chat de voz y llamadas con claridad Dise\u00f1o c\u00f3modo y ligero ideal para gaming, multimedia y uso diario Emparejamiento r\u00e1pido y sencillo con controles intuitivos","og_url":"https:\/\/unitgames.com.ar\/pc-gamer\/producto\/auricular-inalambrico-noga-a930bt-bl\/","og_site_name":"UnitGames","article_modified_time":"2026-05-01T13:52:23+00:00","og_image":[{"width":1283,"height":1291,"url":"https:\/\/unitgames.com.ar\/pc-gamer\/wp-content\/uploads\/2025\/12\/Auricular-Inalambrico-NOGA-A930BT-BL.png","type":"image\/png"}],"twitter_card":"summary_large_image","twitter_misc":{"Tiempo de lectura":"2 minutos"},"schema":{"@context":"https:\/\/schema.org","@graph":[{"@type":"WebPage","@id":"https:\/\/unitgames.com.ar\/pc-gamer\/producto\/auricular-inalambrico-noga-a930bt-bl\/","url":"https:\/\/unitgames.com.ar\/pc-gamer\/producto\/auricular-inalambrico-noga-a930bt-bl\/","name":"Auriculares Inalambrico NOGA A930BT BL - UnitGames","isPartOf":{"@id":"https:\/\/unitgames.com.ar\/pc-gamer\/#website"},"primaryImageOfPage":{"@id":"https:\/\/unitgames.com.ar\/pc-gamer\/producto\/auricular-inalambrico-noga-a930bt-bl\/#primaryimage"},"image":{"@id":"https:\/\/unitgames.com.ar\/pc-gamer\/producto\/auricular-inalambrico-noga-a930bt-bl\/#primaryimage"},"thumbnailUrl":"https:\/\/unitgames.com.ar\/pc-gamer\/wp-content\/uploads\/2025\/12\/Auricular-Inalambrico-NOGA-A930BT-BL.png","datePublished":"2025-12-13T00:06:48+00:00","dateModified":"2026-05-01T13:52:23+00:00","breadcrumb":{"@id":"https:\/\/unitgames.com.ar\/pc-gamer\/producto\/auricular-inalambrico-noga-a930bt-bl\/#breadcrumb"},"inLanguage":"es","potentialAction":[{"@type":"ReadAction","target":["https:\/\/unitgames.com.ar\/pc-gamer\/producto\/auricular-inalambrico-noga-a930bt-bl\/"]}]},{"@type":"ImageObject","inLanguage":"es","@id":"https:\/\/unitgames.com.ar\/pc-gamer\/producto\/auricular-inalambrico-noga-a930bt-bl\/#primaryimage","url":"https:\/\/unitgames.com.ar\/pc-gamer\/wp-content\/uploads\/2025\/12\/Auricular-Inalambrico-NOGA-A930BT-BL.png","contentUrl":"https:\/\/unitgames.com.ar\/pc-gamer\/wp-content\/uploads\/2025\/12\/Auricular-Inalambrico-NOGA-A930BT-BL.png","width":1283,"height":1291},{"@type":"BreadcrumbList","@id":"https:\/\/unitgames.com.ar\/pc-gamer\/producto\/auricular-inalambrico-noga-a930bt-bl\/#breadcrumb","itemListElement":[{"@type":"ListItem","position":1,"name":"Tienda","item":"https:\/\/unitgames.com.ar\/pc-gamer\/tienda\/"},{"@type":"ListItem","position":2,"name":"Auriculares Inalambrico NOGA A930BT BL"}]},{"@type":"WebSite","@id":"https:\/\/unitgames.com.ar\/pc-gamer\/#website","url":"https:\/\/unitgames.com.ar\/pc-gamer\/","name":"UnitGames","description":"Venta de PC Gamers, Consolas , Servicio Tecnico Especializado. Todos en Accesorios Informaticos y Gamers","publisher":{"@id":"https:\/\/unitgames.com.ar\/pc-gamer\/#organization"},"potentialAction":[{"@type":"SearchAction","target":{"@type":"EntryPoint","urlTemplate":"https:\/\/unitgames.com.ar\/pc-gamer\/?s={search_term_string}"},"query-input":{"@type":"PropertyValueSpecification","valueRequired":true,"valueName":"search_term_string"}}],"inLanguage":"es"},{"@type":"Organization","@id":"https:\/\/unitgames.com.ar\/pc-gamer\/#organization","name":"UnitGames","url":"https:\/\/unitgames.com.ar\/pc-gamer\/","logo":{"@type":"ImageObject","inLanguage":"es","@id":"https:\/\/unitgames.com.ar\/pc-gamer\/#\/schema\/logo\/image\/","url":"https:\/\/unitgames.com.ar\/pc-gamer\/wp-content\/uploads\/2021\/01\/cropped-logoUnitGames2.png","contentUrl":"https:\/\/unitgames.com.ar\/pc-gamer\/wp-content\/uploads\/2021\/01\/cropped-logoUnitGames2.png","width":152,"height":200,"caption":"UnitGames"},"image":{"@id":"https:\/\/unitgames.com.ar\/pc-gamer\/#\/schema\/logo\/image\/"}}]}},"_links":{"self":[{"href":"https:\/\/unitgames.com.ar\/pc-gamer\/wp-json\/wp\/v2\/product\/18692","targetHints":{"allow":["GET"]}}],"collection":[{"href":"https:\/\/unitgames.com.ar\/pc-gamer\/wp-json\/wp\/v2\/product"}],"about":[{"href":"https:\/\/unitgames.com.ar\/pc-gamer\/wp-json\/wp\/v2\/types\/product"}],"version-history":[{"count":1,"href":"https:\/\/unitgames.com.ar\/pc-gamer\/wp-json\/wp\/v2\/product\/18692\/revisions"}],"predecessor-version":[{"id":21105,"href":"https:\/\/unitgames.com.ar\/pc-gamer\/wp-json\/wp\/v2\/product\/18692\/revisions\/21105"}],"wp:featuredmedia":[{"embeddable":true,"href":"https:\/\/unitgames.com.ar\/pc-gamer\/wp-json\/wp\/v2\/media\/18694"}],"wp:attachment":[{"href":"https:\/\/unitgames.com.ar\/pc-gamer\/wp-json\/wp\/v2\/media?parent=18692"}],"wp:term":[{"taxonomy":"product_brand","embeddable":true,"href":"https:\/\/unitgames.com.ar\/pc-gamer\/wp-json\/wp\/v2\/product_brand?post=18692"},{"taxonomy":"product_cat","embeddable":true,"href":"https:\/\/unitgames.com.ar\/pc-gamer\/wp-json\/wp\/v2\/product_cat?post=18692"},{"taxonomy":"product_tag","embeddable":true,"href":"https:\/\/unitgames.com.ar\/pc-gamer\/wp-json\/wp\/v2\/product_tag?post=18692"}],"curies":[{"name":"wp","href":"https:\/\/api.w.org\/{rel}","templated":true}]}}