{"id":18724,"date":"2025-12-12T23:58:16","date_gmt":"2025-12-13T02:58:16","guid":{"rendered":"https:\/\/unitgames.com.ar\/pc-gamer\/?post_type=product&#038;p=18724"},"modified":"2026-05-01T11:03:21","modified_gmt":"2026-05-01T14:03:21","slug":"adaptador-usb-audio-noga-he-282-7-1","status":"publish","type":"product","link":"https:\/\/unitgames.com.ar\/pc-gamer\/producto\/adaptador-usb-audio-noga-he-282-7-1\/","title":{"rendered":"Adaptador USB Sonido NOGA HE-282 7.1"},"content":{"rendered":"<p data-start=\"183\" data-end=\"451\"><strong data-start=\"186\" data-end=\"205\">NOGA HE-282 7.1<\/strong> es un adaptador de sonido externo por USB que permite agregar o reemplazar la placa de audio de una PC o notebook. Ofrece <strong data-start=\"328\" data-end=\"350\">sonido virtual 7.1<\/strong>, ideal para auriculares, juegos, videollamadas y multimedia, con instalaci\u00f3n r\u00e1pida <strong data-start=\"435\" data-end=\"450\">Plug &amp; Play<\/strong>.<\/p>\n<hr data-start=\"453\" data-end=\"456\" \/>\n<h3 data-start=\"458\" data-end=\"490\">\u00a0Especificaciones T\u00e9cnicas<\/h3>\n<p>&nbsp;<\/p>\n<p data-start=\"492\" data-end=\"573\"><strong data-start=\"492\" data-end=\"502\">Marca:<\/strong> NOGA<br data-start=\"507\" data-end=\"510\" \/><strong data-start=\"510\" data-end=\"521\">Modelo:<\/strong> HE-282<br data-start=\"528\" data-end=\"531\" \/><strong data-start=\"531\" data-end=\"540\">Tipo:<\/strong> Adaptador de audio externo USB<\/p>\n<p data-start=\"575\" data-end=\"598\"><strong data-start=\"575\" data-end=\"596\">Canales de audio:<\/strong><\/p>\n<ul data-start=\"599\" data-end=\"623\">\n<li data-start=\"599\" data-end=\"623\">\n<p data-start=\"601\" data-end=\"623\"><strong data-start=\"601\" data-end=\"623\">Sonido virtual 7.1<\/strong><\/p>\n<\/li>\n<\/ul>\n<p data-start=\"625\" data-end=\"644\"><strong data-start=\"625\" data-end=\"642\">Conectividad:<\/strong><\/p>\n<ul data-start=\"645\" data-end=\"751\">\n<li data-start=\"645\" data-end=\"666\">\n<p data-start=\"647\" data-end=\"666\"><strong data-start=\"647\" data-end=\"660\">Interfaz:<\/strong> USB<\/p>\n<\/li>\n<li data-start=\"667\" data-end=\"709\">\n<p data-start=\"669\" data-end=\"709\"><strong data-start=\"669\" data-end=\"695\">Salida de auriculares:<\/strong> Jack 3.5 mm<\/p>\n<\/li>\n<li data-start=\"710\" data-end=\"751\">\n<p data-start=\"712\" data-end=\"751\"><strong data-start=\"712\" data-end=\"737\">Entrada de micr\u00f3fono:<\/strong> Jack 3.5 mm<\/p>\n<\/li>\n<\/ul>\n<p data-start=\"753\" data-end=\"774\"><strong data-start=\"753\" data-end=\"772\">Compatibilidad:<\/strong><\/p>\n<ul data-start=\"775\" data-end=\"867\">\n<li data-start=\"775\" data-end=\"808\">\n<p data-start=\"777\" data-end=\"808\">PC y notebooks con puerto USB<\/p>\n<\/li>\n<li data-start=\"809\" data-end=\"867\">\n<p data-start=\"811\" data-end=\"867\">Sistemas operativos compatibles con audio USB est\u00e1ndar<\/p>\n<\/li>\n<\/ul>\n<p data-start=\"869\" data-end=\"887\"><strong data-start=\"869\" data-end=\"885\">Instalaci\u00f3n:<\/strong><\/p>\n<ul data-start=\"888\" data-end=\"935\">\n<li data-start=\"888\" data-end=\"935\">\n<p data-start=\"890\" data-end=\"935\">Plug &amp; Play (no requiere drivers adicionales)<\/p>\n<\/li>\n<\/ul>\n<p data-start=\"937\" data-end=\"953\"><strong data-start=\"937\" data-end=\"951\">Controles:<\/strong><\/p>\n<ul data-start=\"954\" data-end=\"1031\">\n<li data-start=\"954\" data-end=\"976\">\n<p data-start=\"956\" data-end=\"976\">Control de volumen<\/p>\n<\/li>\n<li data-start=\"977\" data-end=\"1031\">\n<p data-start=\"979\" data-end=\"1031\">Bot\u00f3n de mute para micr\u00f3fono y audio (seg\u00fan versi\u00f3n)<\/p>\n<\/li>\n<\/ul>\n<p data-start=\"1033\" data-end=\"1046\"><strong data-start=\"1033\" data-end=\"1044\">Dise\u00f1o:<\/strong><\/p>\n<ul data-start=\"1047\" data-end=\"1108\">\n<li data-start=\"1047\" data-end=\"1069\">\n<p data-start=\"1049\" data-end=\"1069\">Compacto y liviano<\/p>\n<\/li>\n<li data-start=\"1070\" data-end=\"1108\">\n<p data-start=\"1072\" data-end=\"1108\">Ideal para transporte y uso port\u00e1til<\/p>\n<\/li>\n<\/ul>\n<hr data-start=\"1110\" data-end=\"1113\" \/>\n<h3 data-start=\"1115\" data-end=\"1147\">\u00a0Caracter\u00edsticas destacadas<\/h3>\n<p>&nbsp;<\/p>\n<ul data-start=\"1149\" data-end=\"1458\">\n<li data-start=\"1149\" data-end=\"1219\">\n<p data-start=\"1151\" data-end=\"1219\"><strong data-start=\"1151\" data-end=\"1173\">Sonido virtual 7.1<\/strong> para mayor inmersi\u00f3n en juegos y multimedia<\/p>\n<\/li>\n<li data-start=\"1220\" data-end=\"1283\">\n<p data-start=\"1222\" data-end=\"1283\">Soluci\u00f3n ideal para placas de sonido da\u00f1adas o inexistentes<\/p>\n<\/li>\n<li data-start=\"1284\" data-end=\"1328\">\n<p data-start=\"1286\" data-end=\"1328\">Compatible con auriculares con micr\u00f3fono<\/p>\n<\/li>\n<li data-start=\"1329\" data-end=\"1363\">\n<p data-start=\"1331\" data-end=\"1363\">Conexi\u00f3n USB r\u00e1pida y sencilla<\/p>\n<\/li>\n<li data-start=\"1364\" data-end=\"1402\">\n<p data-start=\"1366\" data-end=\"1402\">No requiere instalaci\u00f3n de drivers<\/p>\n<\/li>\n<li data-start=\"1403\" data-end=\"1458\">\n<p data-start=\"1405\" data-end=\"1458\">Ideal para gaming, streaming, llamadas y uso diario<\/p>\n<\/li>\n<\/ul>\n","protected":false},"excerpt":{"rendered":"<p>NOGA HE-282 7.1 es un adaptador de sonido externo por USB que permite agregar o reemplazar la placa de audio de una PC o notebook. Ofrece sonido virtual 7.1, ideal para auriculares, juegos, videollamadas y multimedia, con instalaci\u00f3n r\u00e1pida Plug &amp; Play. \u00a0Especificaciones T\u00e9cnicas &nbsp; Marca: NOGAModelo: HE-282Tipo: Adaptador de audio externo USB Canales de audio: Sonido virtual 7.1 Conectividad: Interfaz: USB Salida de auriculares: Jack 3.5 mm Entrada de micr\u00f3fono: Jack 3.5 mm Compatibilidad: PC y notebooks con puerto USB Sistemas operativos compatibles con audio USB est\u00e1ndar Instalaci\u00f3n: Plug &amp; Play (no requiere drivers adicionales) Controles: Control de volumen Bot\u00f3n de mute para micr\u00f3fono y audio (seg\u00fan versi\u00f3n) Dise\u00f1o: Compacto y liviano Ideal para transporte y uso port\u00e1til \u00a0Caracter\u00edsticas destacadas &nbsp; Sonido virtual 7.1 para mayor inmersi\u00f3n en juegos y multimedia Soluci\u00f3n ideal para placas de sonido da\u00f1adas o inexistentes Compatible con auriculares con micr\u00f3fono Conexi\u00f3n USB r\u00e1pida y sencilla No requiere instalaci\u00f3n de drivers Ideal para gaming, streaming, llamadas y uso diario<\/p>\n","protected":false},"featured_media":18726,"template":"","meta":{"site-sidebar-layout":"default","site-content-layout":"","ast-site-content-layout":"default","site-content-style":"default","site-sidebar-style":"default","ast-global-header-display":"","ast-banner-title-visibility":"","ast-main-header-display":"","ast-hfb-above-header-display":"","ast-hfb-below-header-display":"","ast-hfb-mobile-header-display":"","site-post-title":"","ast-breadcrumbs-content":"","ast-featured-img":"","footer-sml-layout":"","theme-transparent-header-meta":"default","adv-header-id-meta":"","stick-header-meta":"","header-above-stick-meta":"","header-main-stick-meta":"","header-below-stick-meta":"","astra-migrate-meta-layouts":"set","ast-page-background-enabled":"default","ast-page-background-meta":{"desktop":{"background-color":"var(--ast-global-color-5)","background-image":"","background-repeat":"repeat","background-position":"center center","background-size":"auto","background-attachment":"scroll","background-type":"","background-media":"","overlay-type":"","overlay-color":"","overlay-opacity":"","overlay-gradient":""},"tablet":{"background-color":"","background-image":"","background-repeat":"repeat","background-position":"center center","background-size":"auto","background-attachment":"scroll","background-type":"","background-media":"","overlay-type":"","overlay-color":"","overlay-opacity":"","overlay-gradient":""},"mobile":{"background-color":"","background-image":"","background-repeat":"repeat","background-position":"center center","background-size":"auto","background-attachment":"scroll","background-type":"","background-media":"","overlay-type":"","overlay-color":"","overlay-opacity":"","overlay-gradient":""}},"ast-content-background-meta":{"desktop":{"background-color":"var(--ast-global-color-4)","background-image":"","background-repeat":"repeat","background-position":"center center","background-size":"auto","background-attachment":"scroll","background-type":"","background-media":"","overlay-type":"","overlay-color":"","overlay-opacity":"","overlay-gradient":""},"tablet":{"background-color":"var(--ast-global-color-4)","background-image":"","background-repeat":"repeat","background-position":"center center","background-size":"auto","background-attachment":"scroll","background-type":"","background-media":"","overlay-type":"","overlay-color":"","overlay-opacity":"","overlay-gradient":""},"mobile":{"background-color":"var(--ast-global-color-4)","background-image":"","background-repeat":"repeat","background-position":"center center","background-size":"auto","background-attachment":"scroll","background-type":"","background-media":"","overlay-type":"","overlay-color":"","overlay-opacity":"","overlay-gradient":""}},"_joinchat":[]},"product_brand":[],"product_cat":[132,102,169],"product_tag":[],"class_list":{"0":"post-18724","1":"product","2":"type-product","3":"status-publish","4":"has-post-thumbnail","6":"product_cat-audio-y-video","7":"product_cat-cables-y-adaptadores","8":"product_cat-base-adaptadores","9":"desktop-align-center","10":"tablet-align-left","11":"mobile-align-left","13":"first","14":"instock","15":"shipping-taxable","16":"purchasable","17":"product-type-simple"},"yoast_head":"<!-- This site is optimized with the Yoast SEO plugin v27.5 - https:\/\/yoast.com\/product\/yoast-seo-wordpress\/ -->\n<title>Adaptador USB Sonido NOGA HE-282 7.1 - UnitGames<\/title>\n<meta name=\"robots\" content=\"index, follow, max-snippet:-1, max-image-preview:large, max-video-preview:-1\" \/>\n<link rel=\"canonical\" href=\"https:\/\/unitgames.com.ar\/pc-gamer\/producto\/adaptador-usb-audio-noga-he-282-7-1\/\" \/>\n<meta property=\"og:locale\" content=\"es_ES\" \/>\n<meta property=\"og:type\" content=\"article\" \/>\n<meta property=\"og:title\" content=\"Adaptador USB Sonido NOGA HE-282 7.1 - UnitGames\" \/>\n<meta property=\"og:description\" content=\"NOGA HE-282 7.1 es un adaptador de sonido externo por USB que permite agregar o reemplazar la placa de audio de una PC o notebook. Ofrece sonido virtual 7.1, ideal para auriculares, juegos, videollamadas y multimedia, con instalaci\u00f3n r\u00e1pida Plug &amp; Play. \u00a0Especificaciones T\u00e9cnicas &nbsp; Marca: NOGAModelo: HE-282Tipo: Adaptador de audio externo USB Canales de audio: Sonido virtual 7.1 Conectividad: Interfaz: USB Salida de auriculares: Jack 3.5 mm Entrada de micr\u00f3fono: Jack 3.5 mm Compatibilidad: PC y notebooks con puerto USB Sistemas operativos compatibles con audio USB est\u00e1ndar Instalaci\u00f3n: Plug &amp; Play (no requiere drivers adicionales) Controles: Control de volumen Bot\u00f3n de mute para micr\u00f3fono y audio (seg\u00fan versi\u00f3n) Dise\u00f1o: Compacto y liviano Ideal para transporte y uso port\u00e1til \u00a0Caracter\u00edsticas destacadas &nbsp; Sonido virtual 7.1 para mayor inmersi\u00f3n en juegos y multimedia Soluci\u00f3n ideal para placas de sonido da\u00f1adas o inexistentes Compatible con auriculares con micr\u00f3fono Conexi\u00f3n USB r\u00e1pida y sencilla No requiere instalaci\u00f3n de drivers Ideal para gaming, streaming, llamadas y uso diario\" \/>\n<meta property=\"og:url\" content=\"https:\/\/unitgames.com.ar\/pc-gamer\/producto\/adaptador-usb-audio-noga-he-282-7-1\/\" \/>\n<meta property=\"og:site_name\" content=\"UnitGames\" \/>\n<meta property=\"article:modified_time\" content=\"2026-05-01T14:03:21+00:00\" \/>\n<meta property=\"og:image\" content=\"https:\/\/unitgames.com.ar\/pc-gamer\/wp-content\/uploads\/2025\/12\/Adaptador-USB-Audio-NOGA-HE-282-7.1.png\" \/>\n\t<meta property=\"og:image:width\" content=\"1283\" \/>\n\t<meta property=\"og:image:height\" content=\"1283\" \/>\n\t<meta property=\"og:image:type\" content=\"image\/png\" \/>\n<meta name=\"twitter:card\" content=\"summary_large_image\" \/>\n<meta name=\"twitter:label1\" content=\"Tiempo de lectura\" \/>\n\t<meta name=\"twitter:data1\" content=\"1 minuto\" \/>\n<script type=\"application\/ld+json\" class=\"yoast-schema-graph\">{\"@context\":\"https:\\\/\\\/schema.org\",\"@graph\":[{\"@type\":\"WebPage\",\"@id\":\"https:\\\/\\\/unitgames.com.ar\\\/pc-gamer\\\/producto\\\/adaptador-usb-audio-noga-he-282-7-1\\\/\",\"url\":\"https:\\\/\\\/unitgames.com.ar\\\/pc-gamer\\\/producto\\\/adaptador-usb-audio-noga-he-282-7-1\\\/\",\"name\":\"Adaptador USB Sonido NOGA HE-282 7.1 - UnitGames\",\"isPartOf\":{\"@id\":\"https:\\\/\\\/unitgames.com.ar\\\/pc-gamer\\\/#website\"},\"primaryImageOfPage\":{\"@id\":\"https:\\\/\\\/unitgames.com.ar\\\/pc-gamer\\\/producto\\\/adaptador-usb-audio-noga-he-282-7-1\\\/#primaryimage\"},\"image\":{\"@id\":\"https:\\\/\\\/unitgames.com.ar\\\/pc-gamer\\\/producto\\\/adaptador-usb-audio-noga-he-282-7-1\\\/#primaryimage\"},\"thumbnailUrl\":\"https:\\\/\\\/unitgames.com.ar\\\/pc-gamer\\\/wp-content\\\/uploads\\\/2025\\\/12\\\/Adaptador-USB-Audio-NOGA-HE-282-7.1.png\",\"datePublished\":\"2025-12-13T02:58:16+00:00\",\"dateModified\":\"2026-05-01T14:03:21+00:00\",\"breadcrumb\":{\"@id\":\"https:\\\/\\\/unitgames.com.ar\\\/pc-gamer\\\/producto\\\/adaptador-usb-audio-noga-he-282-7-1\\\/#breadcrumb\"},\"inLanguage\":\"es\",\"potentialAction\":[{\"@type\":\"ReadAction\",\"target\":[\"https:\\\/\\\/unitgames.com.ar\\\/pc-gamer\\\/producto\\\/adaptador-usb-audio-noga-he-282-7-1\\\/\"]}]},{\"@type\":\"ImageObject\",\"inLanguage\":\"es\",\"@id\":\"https:\\\/\\\/unitgames.com.ar\\\/pc-gamer\\\/producto\\\/adaptador-usb-audio-noga-he-282-7-1\\\/#primaryimage\",\"url\":\"https:\\\/\\\/unitgames.com.ar\\\/pc-gamer\\\/wp-content\\\/uploads\\\/2025\\\/12\\\/Adaptador-USB-Audio-NOGA-HE-282-7.1.png\",\"contentUrl\":\"https:\\\/\\\/unitgames.com.ar\\\/pc-gamer\\\/wp-content\\\/uploads\\\/2025\\\/12\\\/Adaptador-USB-Audio-NOGA-HE-282-7.1.png\",\"width\":1283,\"height\":1283},{\"@type\":\"BreadcrumbList\",\"@id\":\"https:\\\/\\\/unitgames.com.ar\\\/pc-gamer\\\/producto\\\/adaptador-usb-audio-noga-he-282-7-1\\\/#breadcrumb\",\"itemListElement\":[{\"@type\":\"ListItem\",\"position\":1,\"name\":\"Tienda\",\"item\":\"https:\\\/\\\/unitgames.com.ar\\\/pc-gamer\\\/tienda\\\/\"},{\"@type\":\"ListItem\",\"position\":2,\"name\":\"Adaptador USB Sonido NOGA HE-282 7.1\"}]},{\"@type\":\"WebSite\",\"@id\":\"https:\\\/\\\/unitgames.com.ar\\\/pc-gamer\\\/#website\",\"url\":\"https:\\\/\\\/unitgames.com.ar\\\/pc-gamer\\\/\",\"name\":\"UnitGames\",\"description\":\"Venta de PC Gamers, Consolas , Servicio Tecnico Especializado. Todos en Accesorios Informaticos y Gamers\",\"publisher\":{\"@id\":\"https:\\\/\\\/unitgames.com.ar\\\/pc-gamer\\\/#organization\"},\"potentialAction\":[{\"@type\":\"SearchAction\",\"target\":{\"@type\":\"EntryPoint\",\"urlTemplate\":\"https:\\\/\\\/unitgames.com.ar\\\/pc-gamer\\\/?s={search_term_string}\"},\"query-input\":{\"@type\":\"PropertyValueSpecification\",\"valueRequired\":true,\"valueName\":\"search_term_string\"}}],\"inLanguage\":\"es\"},{\"@type\":\"Organization\",\"@id\":\"https:\\\/\\\/unitgames.com.ar\\\/pc-gamer\\\/#organization\",\"name\":\"UnitGames\",\"url\":\"https:\\\/\\\/unitgames.com.ar\\\/pc-gamer\\\/\",\"logo\":{\"@type\":\"ImageObject\",\"inLanguage\":\"es\",\"@id\":\"https:\\\/\\\/unitgames.com.ar\\\/pc-gamer\\\/#\\\/schema\\\/logo\\\/image\\\/\",\"url\":\"https:\\\/\\\/unitgames.com.ar\\\/pc-gamer\\\/wp-content\\\/uploads\\\/2021\\\/01\\\/cropped-logoUnitGames2.png\",\"contentUrl\":\"https:\\\/\\\/unitgames.com.ar\\\/pc-gamer\\\/wp-content\\\/uploads\\\/2021\\\/01\\\/cropped-logoUnitGames2.png\",\"width\":152,\"height\":200,\"caption\":\"UnitGames\"},\"image\":{\"@id\":\"https:\\\/\\\/unitgames.com.ar\\\/pc-gamer\\\/#\\\/schema\\\/logo\\\/image\\\/\"}}]}<\/script>\n<!-- \/ Yoast SEO plugin. -->","yoast_head_json":{"title":"Adaptador USB Sonido NOGA HE-282 7.1 - UnitGames","robots":{"index":"index","follow":"follow","max-snippet":"max-snippet:-1","max-image-preview":"max-image-preview:large","max-video-preview":"max-video-preview:-1"},"canonical":"https:\/\/unitgames.com.ar\/pc-gamer\/producto\/adaptador-usb-audio-noga-he-282-7-1\/","og_locale":"es_ES","og_type":"article","og_title":"Adaptador USB Sonido NOGA HE-282 7.1 - UnitGames","og_description":"NOGA HE-282 7.1 es un adaptador de sonido externo por USB que permite agregar o reemplazar la placa de audio de una PC o notebook. Ofrece sonido virtual 7.1, ideal para auriculares, juegos, videollamadas y multimedia, con instalaci\u00f3n r\u00e1pida Plug &amp; Play. \u00a0Especificaciones T\u00e9cnicas &nbsp; Marca: NOGAModelo: HE-282Tipo: Adaptador de audio externo USB Canales de audio: Sonido virtual 7.1 Conectividad: Interfaz: USB Salida de auriculares: Jack 3.5 mm Entrada de micr\u00f3fono: Jack 3.5 mm Compatibilidad: PC y notebooks con puerto USB Sistemas operativos compatibles con audio USB est\u00e1ndar Instalaci\u00f3n: Plug &amp; Play (no requiere drivers adicionales) Controles: Control de volumen Bot\u00f3n de mute para micr\u00f3fono y audio (seg\u00fan versi\u00f3n) Dise\u00f1o: Compacto y liviano Ideal para transporte y uso port\u00e1til \u00a0Caracter\u00edsticas destacadas &nbsp; Sonido virtual 7.1 para mayor inmersi\u00f3n en juegos y multimedia Soluci\u00f3n ideal para placas de sonido da\u00f1adas o inexistentes Compatible con auriculares con micr\u00f3fono Conexi\u00f3n USB r\u00e1pida y sencilla No requiere instalaci\u00f3n de drivers Ideal para gaming, streaming, llamadas y uso diario","og_url":"https:\/\/unitgames.com.ar\/pc-gamer\/producto\/adaptador-usb-audio-noga-he-282-7-1\/","og_site_name":"UnitGames","article_modified_time":"2026-05-01T14:03:21+00:00","og_image":[{"width":1283,"height":1283,"url":"https:\/\/unitgames.com.ar\/pc-gamer\/wp-content\/uploads\/2025\/12\/Adaptador-USB-Audio-NOGA-HE-282-7.1.png","type":"image\/png"}],"twitter_card":"summary_large_image","twitter_misc":{"Tiempo de lectura":"1 minuto"},"schema":{"@context":"https:\/\/schema.org","@graph":[{"@type":"WebPage","@id":"https:\/\/unitgames.com.ar\/pc-gamer\/producto\/adaptador-usb-audio-noga-he-282-7-1\/","url":"https:\/\/unitgames.com.ar\/pc-gamer\/producto\/adaptador-usb-audio-noga-he-282-7-1\/","name":"Adaptador USB Sonido NOGA HE-282 7.1 - UnitGames","isPartOf":{"@id":"https:\/\/unitgames.com.ar\/pc-gamer\/#website"},"primaryImageOfPage":{"@id":"https:\/\/unitgames.com.ar\/pc-gamer\/producto\/adaptador-usb-audio-noga-he-282-7-1\/#primaryimage"},"image":{"@id":"https:\/\/unitgames.com.ar\/pc-gamer\/producto\/adaptador-usb-audio-noga-he-282-7-1\/#primaryimage"},"thumbnailUrl":"https:\/\/unitgames.com.ar\/pc-gamer\/wp-content\/uploads\/2025\/12\/Adaptador-USB-Audio-NOGA-HE-282-7.1.png","datePublished":"2025-12-13T02:58:16+00:00","dateModified":"2026-05-01T14:03:21+00:00","breadcrumb":{"@id":"https:\/\/unitgames.com.ar\/pc-gamer\/producto\/adaptador-usb-audio-noga-he-282-7-1\/#breadcrumb"},"inLanguage":"es","potentialAction":[{"@type":"ReadAction","target":["https:\/\/unitgames.com.ar\/pc-gamer\/producto\/adaptador-usb-audio-noga-he-282-7-1\/"]}]},{"@type":"ImageObject","inLanguage":"es","@id":"https:\/\/unitgames.com.ar\/pc-gamer\/producto\/adaptador-usb-audio-noga-he-282-7-1\/#primaryimage","url":"https:\/\/unitgames.com.ar\/pc-gamer\/wp-content\/uploads\/2025\/12\/Adaptador-USB-Audio-NOGA-HE-282-7.1.png","contentUrl":"https:\/\/unitgames.com.ar\/pc-gamer\/wp-content\/uploads\/2025\/12\/Adaptador-USB-Audio-NOGA-HE-282-7.1.png","width":1283,"height":1283},{"@type":"BreadcrumbList","@id":"https:\/\/unitgames.com.ar\/pc-gamer\/producto\/adaptador-usb-audio-noga-he-282-7-1\/#breadcrumb","itemListElement":[{"@type":"ListItem","position":1,"name":"Tienda","item":"https:\/\/unitgames.com.ar\/pc-gamer\/tienda\/"},{"@type":"ListItem","position":2,"name":"Adaptador USB Sonido NOGA HE-282 7.1"}]},{"@type":"WebSite","@id":"https:\/\/unitgames.com.ar\/pc-gamer\/#website","url":"https:\/\/unitgames.com.ar\/pc-gamer\/","name":"UnitGames","description":"Venta de PC Gamers, Consolas , Servicio Tecnico Especializado. Todos en Accesorios Informaticos y Gamers","publisher":{"@id":"https:\/\/unitgames.com.ar\/pc-gamer\/#organization"},"potentialAction":[{"@type":"SearchAction","target":{"@type":"EntryPoint","urlTemplate":"https:\/\/unitgames.com.ar\/pc-gamer\/?s={search_term_string}"},"query-input":{"@type":"PropertyValueSpecification","valueRequired":true,"valueName":"search_term_string"}}],"inLanguage":"es"},{"@type":"Organization","@id":"https:\/\/unitgames.com.ar\/pc-gamer\/#organization","name":"UnitGames","url":"https:\/\/unitgames.com.ar\/pc-gamer\/","logo":{"@type":"ImageObject","inLanguage":"es","@id":"https:\/\/unitgames.com.ar\/pc-gamer\/#\/schema\/logo\/image\/","url":"https:\/\/unitgames.com.ar\/pc-gamer\/wp-content\/uploads\/2021\/01\/cropped-logoUnitGames2.png","contentUrl":"https:\/\/unitgames.com.ar\/pc-gamer\/wp-content\/uploads\/2021\/01\/cropped-logoUnitGames2.png","width":152,"height":200,"caption":"UnitGames"},"image":{"@id":"https:\/\/unitgames.com.ar\/pc-gamer\/#\/schema\/logo\/image\/"}}]}},"_links":{"self":[{"href":"https:\/\/unitgames.com.ar\/pc-gamer\/wp-json\/wp\/v2\/product\/18724","targetHints":{"allow":["GET"]}}],"collection":[{"href":"https:\/\/unitgames.com.ar\/pc-gamer\/wp-json\/wp\/v2\/product"}],"about":[{"href":"https:\/\/unitgames.com.ar\/pc-gamer\/wp-json\/wp\/v2\/types\/product"}],"version-history":[{"count":1,"href":"https:\/\/unitgames.com.ar\/pc-gamer\/wp-json\/wp\/v2\/product\/18724\/revisions"}],"predecessor-version":[{"id":21164,"href":"https:\/\/unitgames.com.ar\/pc-gamer\/wp-json\/wp\/v2\/product\/18724\/revisions\/21164"}],"wp:featuredmedia":[{"embeddable":true,"href":"https:\/\/unitgames.com.ar\/pc-gamer\/wp-json\/wp\/v2\/media\/18726"}],"wp:attachment":[{"href":"https:\/\/unitgames.com.ar\/pc-gamer\/wp-json\/wp\/v2\/media?parent=18724"}],"wp:term":[{"taxonomy":"product_brand","embeddable":true,"href":"https:\/\/unitgames.com.ar\/pc-gamer\/wp-json\/wp\/v2\/product_brand?post=18724"},{"taxonomy":"product_cat","embeddable":true,"href":"https:\/\/unitgames.com.ar\/pc-gamer\/wp-json\/wp\/v2\/product_cat?post=18724"},{"taxonomy":"product_tag","embeddable":true,"href":"https:\/\/unitgames.com.ar\/pc-gamer\/wp-json\/wp\/v2\/product_tag?post=18724"}],"curies":[{"name":"wp","href":"https:\/\/api.w.org\/{rel}","templated":true}]}}