{"id":18813,"date":"2025-12-16T00:47:41","date_gmt":"2025-12-16T03:47:41","guid":{"rendered":"https:\/\/unitgames.com.ar\/pc-gamer\/?post_type=product&#038;p=18813"},"modified":"2026-05-01T11:05:46","modified_gmt":"2026-05-01T14:05:46","slug":"combo-gaming-t-dagger-3-en-1-naxos-trident-sona","status":"publish","type":"product","link":"https:\/\/unitgames.com.ar\/pc-gamer\/producto\/combo-gaming-t-dagger-3-en-1-naxos-trident-sona\/","title":{"rendered":"Combo Gaming T-DAGGER 3 en 1 Naxos + Trident + Sona"},"content":{"rendered":"<p data-start=\"281\" data-end=\"471\">El <strong data-start=\"284\" data-end=\"316\">Combo Gaming T-DAGGER 3 en 1<\/strong> est\u00e1 orientado a usuarios gamer que buscan <strong data-start=\"360\" data-end=\"380\">teclado mec\u00e1nico<\/strong>, mouse preciso y <strong data-start=\"398\" data-end=\"432\">auriculares USB con sonido 7.1<\/strong>, todo en un solo set listo para jugar.<\/p>\n<hr data-start=\"473\" data-end=\"476\" \/>\n<h3 data-start=\"478\" data-end=\"510\">\u00a0Especificaciones T\u00e9cnicas<\/h3>\n<p>&nbsp;<\/p>\n<p data-start=\"512\" data-end=\"600\"><strong data-start=\"512\" data-end=\"522\">Marca:<\/strong> T-DAGGER<br data-start=\"531\" data-end=\"534\" \/><strong data-start=\"534\" data-end=\"545\">Modelo:<\/strong> Naxos + Trident + Sona<br data-start=\"568\" data-end=\"571\" \/><strong data-start=\"571\" data-end=\"580\">Tipo:<\/strong> Combo Gaming 3 en 1<\/p>\n<hr data-start=\"602\" data-end=\"605\" \/>\n<h3 data-start=\"607\" data-end=\"645\">Teclado Mec\u00e1nico T-DAGGER Naxos<\/h3>\n<p>&nbsp;<\/p>\n<p data-start=\"647\" data-end=\"931\"><strong data-start=\"647\" data-end=\"656\">Tipo:<\/strong> Teclado mec\u00e1nico<br data-start=\"673\" data-end=\"676\" \/><strong data-start=\"676\" data-end=\"689\">Switches:<\/strong> <strong data-start=\"690\" data-end=\"708\">Red (lineales)<\/strong><br data-start=\"708\" data-end=\"711\" \/><strong data-start=\"711\" data-end=\"728\">Conectividad:<\/strong> USB<br data-start=\"732\" data-end=\"735\" \/><strong data-start=\"735\" data-end=\"751\">Iluminaci\u00f3n:<\/strong> RGB<br data-start=\"755\" data-end=\"758\" \/><strong data-start=\"758\" data-end=\"770\">Formato:<\/strong> Completo<br data-start=\"779\" data-end=\"782\" \/><strong data-start=\"782\" data-end=\"800\">Anti-ghosting:<\/strong> N-Key Rollover<br data-start=\"815\" data-end=\"818\" \/><strong data-start=\"818\" data-end=\"832\">Respuesta:<\/strong> R\u00e1pida y silenciosa<br data-start=\"884\" data-end=\"887\" \/><strong data-start=\"887\" data-end=\"906\">Compatibilidad:<\/strong> PC y notebooks con USB<\/p>\n<hr data-start=\"933\" data-end=\"936\" \/>\n<h3 data-start=\"938\" data-end=\"974\">Mouse Gamer T-DAGGER Trident<\/h3>\n<p>&nbsp;<\/p>\n<p data-start=\"976\" data-end=\"1216\"><strong data-start=\"976\" data-end=\"985\">Tipo:<\/strong> Mouse gamer \u00f3ptico<br data-start=\"1004\" data-end=\"1007\" \/><strong data-start=\"1007\" data-end=\"1024\">Conectividad:<\/strong> USB<br data-start=\"1028\" data-end=\"1031\" \/><strong data-start=\"1031\" data-end=\"1042\">Sensor:<\/strong> \u00d3ptico de alta precisi\u00f3n<br data-start=\"1067\" data-end=\"1070\" \/><strong data-start=\"1070\" data-end=\"1078\">DPI:<\/strong> Ajustable<br data-start=\"1088\" data-end=\"1091\" \/><strong data-start=\"1091\" data-end=\"1103\">Botones:<\/strong> M\u00faltiples botones programables<br data-start=\"1134\" data-end=\"1137\" \/><strong data-start=\"1137\" data-end=\"1148\">Dise\u00f1o:<\/strong> Ergon\u00f3mico para uso prolongado<br data-start=\"1179\" data-end=\"1182\" \/><strong data-start=\"1182\" data-end=\"1201\">Compatibilidad:<\/strong> PC y notebooks<\/p>\n<hr data-start=\"1218\" data-end=\"1221\" \/>\n<h3 data-start=\"1223\" data-end=\"1261\">\u00a0Auriculares Gamer T-DAGGER Sona<\/h3>\n<p>&nbsp;<\/p>\n<p data-start=\"1263\" data-end=\"1483\"><strong data-start=\"1263\" data-end=\"1272\">Tipo:<\/strong> Auriculares gamer USB<br data-start=\"1294\" data-end=\"1297\" \/><strong data-start=\"1297\" data-end=\"1314\">Conectividad:<\/strong> <strong data-start=\"1315\" data-end=\"1322\">USB<\/strong><br data-start=\"1322\" data-end=\"1325\" \/><strong data-start=\"1325\" data-end=\"1336\">Sonido:<\/strong> <strong data-start=\"1337\" data-end=\"1352\">Virtual 7.1<\/strong><br data-start=\"1352\" data-end=\"1355\" \/><strong data-start=\"1355\" data-end=\"1369\">Micr\u00f3fono:<\/strong> Incorporado para chat de voz<br data-start=\"1398\" data-end=\"1401\" \/><strong data-start=\"1401\" data-end=\"1412\">Dise\u00f1o:<\/strong> Over-ear, almohadillas acolchadas<br data-start=\"1446\" data-end=\"1449\" \/><strong data-start=\"1449\" data-end=\"1468\">Compatibilidad:<\/strong> PC y notebooks<\/p>\n<hr data-start=\"1485\" data-end=\"1488\" \/>\n<h3 data-start=\"1490\" data-end=\"1522\">\u00a0Caracter\u00edsticas destacadas<\/h3>\n<p>&nbsp;<\/p>\n<ul data-start=\"1524\" data-end=\"1833\">\n<li data-start=\"1524\" data-end=\"1599\">\n<p data-start=\"1526\" data-end=\"1599\"><strong data-start=\"1526\" data-end=\"1563\">Teclado mec\u00e1nico con switches Red<\/strong> para m\u00e1xima velocidad y precisi\u00f3n<\/p>\n<\/li>\n<li data-start=\"1600\" data-end=\"1633\">\n<p data-start=\"1602\" data-end=\"1633\">Mouse gamer con DPI ajustable<\/p>\n<\/li>\n<li data-start=\"1634\" data-end=\"1701\">\n<p data-start=\"1636\" data-end=\"1701\"><strong data-start=\"1636\" data-end=\"1678\">Auriculares USB con sonido virtual 7.1<\/strong> para mayor inmersi\u00f3n<\/p>\n<\/li>\n<li data-start=\"1702\" data-end=\"1750\">\n<p data-start=\"1704\" data-end=\"1750\">Combo completo ideal para gaming competitivo<\/p>\n<\/li>\n<li data-start=\"1751\" data-end=\"1789\">\n<p data-start=\"1753\" data-end=\"1789\">Instalaci\u00f3n r\u00e1pida <strong data-start=\"1772\" data-end=\"1787\">Plug &amp; Play<\/strong><\/p>\n<\/li>\n<li data-start=\"1790\" data-end=\"1833\">\n<p data-start=\"1792\" data-end=\"1833\">Excelente relaci\u00f3n precio \/ rendimiento<\/p>\n<\/li>\n<\/ul>\n","protected":false},"excerpt":{"rendered":"<p>El Combo Gaming T-DAGGER 3 en 1 est\u00e1 orientado a usuarios gamer que buscan teclado mec\u00e1nico, mouse preciso y auriculares USB con sonido 7.1, todo en un solo set listo para jugar. \u00a0Especificaciones T\u00e9cnicas &nbsp; Marca: T-DAGGERModelo: Naxos + Trident + SonaTipo: Combo Gaming 3 en 1 Teclado Mec\u00e1nico T-DAGGER Naxos &nbsp; Tipo: Teclado mec\u00e1nicoSwitches: Red (lineales)Conectividad: USBIluminaci\u00f3n: RGBFormato: CompletoAnti-ghosting: N-Key RolloverRespuesta: R\u00e1pida y silenciosaCompatibilidad: PC y notebooks con USB Mouse Gamer T-DAGGER Trident &nbsp; Tipo: Mouse gamer \u00f3pticoConectividad: USBSensor: \u00d3ptico de alta precisi\u00f3nDPI: AjustableBotones: M\u00faltiples botones programablesDise\u00f1o: Ergon\u00f3mico para uso prolongadoCompatibilidad: PC y notebooks \u00a0Auriculares Gamer T-DAGGER Sona &nbsp; Tipo: Auriculares gamer USBConectividad: USBSonido: Virtual 7.1Micr\u00f3fono: Incorporado para chat de vozDise\u00f1o: Over-ear, almohadillas acolchadasCompatibilidad: PC y notebooks \u00a0Caracter\u00edsticas destacadas &nbsp; Teclado mec\u00e1nico con switches Red para m\u00e1xima velocidad y precisi\u00f3n Mouse gamer con DPI ajustable Auriculares USB con sonido virtual 7.1 para mayor inmersi\u00f3n Combo completo ideal para gaming competitivo Instalaci\u00f3n r\u00e1pida Plug &amp; Play Excelente relaci\u00f3n precio \/ rendimiento<\/p>\n","protected":false},"featured_media":18822,"template":"","meta":{"site-sidebar-layout":"default","site-content-layout":"","ast-site-content-layout":"default","site-content-style":"default","site-sidebar-style":"default","ast-global-header-display":"","ast-banner-title-visibility":"","ast-main-header-display":"","ast-hfb-above-header-display":"","ast-hfb-below-header-display":"","ast-hfb-mobile-header-display":"","site-post-title":"","ast-breadcrumbs-content":"","ast-featured-img":"","footer-sml-layout":"","theme-transparent-header-meta":"default","adv-header-id-meta":"","stick-header-meta":"","header-above-stick-meta":"","header-main-stick-meta":"","header-below-stick-meta":"","astra-migrate-meta-layouts":"set","ast-page-background-enabled":"default","ast-page-background-meta":{"desktop":{"background-color":"var(--ast-global-color-5)","background-image":"","background-repeat":"repeat","background-position":"center center","background-size":"auto","background-attachment":"scroll","background-type":"","background-media":"","overlay-type":"","overlay-color":"","overlay-opacity":"","overlay-gradient":""},"tablet":{"background-color":"","background-image":"","background-repeat":"repeat","background-position":"center center","background-size":"auto","background-attachment":"scroll","background-type":"","background-media":"","overlay-type":"","overlay-color":"","overlay-opacity":"","overlay-gradient":""},"mobile":{"background-color":"","background-image":"","background-repeat":"repeat","background-position":"center center","background-size":"auto","background-attachment":"scroll","background-type":"","background-media":"","overlay-type":"","overlay-color":"","overlay-opacity":"","overlay-gradient":""}},"ast-content-background-meta":{"desktop":{"background-color":"var(--ast-global-color-4)","background-image":"","background-repeat":"repeat","background-position":"center center","background-size":"auto","background-attachment":"scroll","background-type":"","background-media":"","overlay-type":"","overlay-color":"","overlay-opacity":"","overlay-gradient":""},"tablet":{"background-color":"var(--ast-global-color-4)","background-image":"","background-repeat":"repeat","background-position":"center center","background-size":"auto","background-attachment":"scroll","background-type":"","background-media":"","overlay-type":"","overlay-color":"","overlay-opacity":"","overlay-gradient":""},"mobile":{"background-color":"var(--ast-global-color-4)","background-image":"","background-repeat":"repeat","background-position":"center center","background-size":"auto","background-attachment":"scroll","background-type":"","background-media":"","overlay-type":"","overlay-color":"","overlay-opacity":"","overlay-gradient":""}},"_joinchat":[]},"product_brand":[],"product_cat":[81,170,89,83,87,93],"product_tag":[],"class_list":{"0":"post-18813","1":"product","2":"type-product","3":"status-publish","4":"has-post-thumbnail","6":"product_cat-auriculares-pc-play-xbox-celular","7":"product_cat-combos-teclado-mouse-pad","8":"product_cat-gamers-competitivos","9":"product_cat-mouse","10":"product_cat-teclados","11":"product_cat-teclados-membrana","12":"desktop-align-center","13":"tablet-align-left","14":"mobile-align-left","16":"first","17":"instock","18":"shipping-taxable","19":"purchasable","20":"product-type-simple"},"yoast_head":"<!-- This site is optimized with the Yoast SEO plugin v27.5 - https:\/\/yoast.com\/product\/yoast-seo-wordpress\/ -->\n<title>Combo Gaming T-DAGGER 3 en 1 Naxos + Trident + Sona - UnitGames<\/title>\n<meta name=\"robots\" content=\"index, follow, max-snippet:-1, max-image-preview:large, max-video-preview:-1\" \/>\n<link rel=\"canonical\" href=\"https:\/\/unitgames.com.ar\/pc-gamer\/producto\/combo-gaming-t-dagger-3-en-1-naxos-trident-sona\/\" \/>\n<meta property=\"og:locale\" content=\"es_ES\" \/>\n<meta property=\"og:type\" content=\"article\" \/>\n<meta property=\"og:title\" content=\"Combo Gaming T-DAGGER 3 en 1 Naxos + Trident + Sona - UnitGames\" \/>\n<meta property=\"og:description\" content=\"El Combo Gaming T-DAGGER 3 en 1 est\u00e1 orientado a usuarios gamer que buscan teclado mec\u00e1nico, mouse preciso y auriculares USB con sonido 7.1, todo en un solo set listo para jugar. \u00a0Especificaciones T\u00e9cnicas &nbsp; Marca: T-DAGGERModelo: Naxos + Trident + SonaTipo: Combo Gaming 3 en 1 Teclado Mec\u00e1nico T-DAGGER Naxos &nbsp; Tipo: Teclado mec\u00e1nicoSwitches: Red (lineales)Conectividad: USBIluminaci\u00f3n: RGBFormato: CompletoAnti-ghosting: N-Key RolloverRespuesta: R\u00e1pida y silenciosaCompatibilidad: PC y notebooks con USB Mouse Gamer T-DAGGER Trident &nbsp; Tipo: Mouse gamer \u00f3pticoConectividad: USBSensor: \u00d3ptico de alta precisi\u00f3nDPI: AjustableBotones: M\u00faltiples botones programablesDise\u00f1o: Ergon\u00f3mico para uso prolongadoCompatibilidad: PC y notebooks \u00a0Auriculares Gamer T-DAGGER Sona &nbsp; Tipo: Auriculares gamer USBConectividad: USBSonido: Virtual 7.1Micr\u00f3fono: Incorporado para chat de vozDise\u00f1o: Over-ear, almohadillas acolchadasCompatibilidad: PC y notebooks \u00a0Caracter\u00edsticas destacadas &nbsp; Teclado mec\u00e1nico con switches Red para m\u00e1xima velocidad y precisi\u00f3n Mouse gamer con DPI ajustable Auriculares USB con sonido virtual 7.1 para mayor inmersi\u00f3n Combo completo ideal para gaming competitivo Instalaci\u00f3n r\u00e1pida Plug &amp; Play Excelente relaci\u00f3n precio \/ rendimiento\" \/>\n<meta property=\"og:url\" content=\"https:\/\/unitgames.com.ar\/pc-gamer\/producto\/combo-gaming-t-dagger-3-en-1-naxos-trident-sona\/\" \/>\n<meta property=\"og:site_name\" content=\"UnitGames\" \/>\n<meta property=\"article:modified_time\" content=\"2026-05-01T14:05:46+00:00\" \/>\n<meta property=\"og:image\" content=\"https:\/\/unitgames.com.ar\/pc-gamer\/wp-content\/uploads\/2025\/12\/Combo-Gaming-T-DAGGER-3-en-1-Naxos-Trident-Sona.png\" \/>\n\t<meta property=\"og:image:width\" content=\"1263\" \/>\n\t<meta property=\"og:image:height\" content=\"1285\" \/>\n\t<meta property=\"og:image:type\" content=\"image\/png\" \/>\n<meta name=\"twitter:card\" content=\"summary_large_image\" \/>\n<meta name=\"twitter:label1\" content=\"Tiempo de lectura\" \/>\n\t<meta name=\"twitter:data1\" content=\"1 minuto\" \/>\n<script type=\"application\/ld+json\" class=\"yoast-schema-graph\">{\"@context\":\"https:\\\/\\\/schema.org\",\"@graph\":[{\"@type\":\"WebPage\",\"@id\":\"https:\\\/\\\/unitgames.com.ar\\\/pc-gamer\\\/producto\\\/combo-gaming-t-dagger-3-en-1-naxos-trident-sona\\\/\",\"url\":\"https:\\\/\\\/unitgames.com.ar\\\/pc-gamer\\\/producto\\\/combo-gaming-t-dagger-3-en-1-naxos-trident-sona\\\/\",\"name\":\"Combo Gaming T-DAGGER 3 en 1 Naxos + Trident + Sona - UnitGames\",\"isPartOf\":{\"@id\":\"https:\\\/\\\/unitgames.com.ar\\\/pc-gamer\\\/#website\"},\"primaryImageOfPage\":{\"@id\":\"https:\\\/\\\/unitgames.com.ar\\\/pc-gamer\\\/producto\\\/combo-gaming-t-dagger-3-en-1-naxos-trident-sona\\\/#primaryimage\"},\"image\":{\"@id\":\"https:\\\/\\\/unitgames.com.ar\\\/pc-gamer\\\/producto\\\/combo-gaming-t-dagger-3-en-1-naxos-trident-sona\\\/#primaryimage\"},\"thumbnailUrl\":\"https:\\\/\\\/unitgames.com.ar\\\/pc-gamer\\\/wp-content\\\/uploads\\\/2025\\\/12\\\/Combo-Gaming-T-DAGGER-3-en-1-Naxos-Trident-Sona.png\",\"datePublished\":\"2025-12-16T03:47:41+00:00\",\"dateModified\":\"2026-05-01T14:05:46+00:00\",\"breadcrumb\":{\"@id\":\"https:\\\/\\\/unitgames.com.ar\\\/pc-gamer\\\/producto\\\/combo-gaming-t-dagger-3-en-1-naxos-trident-sona\\\/#breadcrumb\"},\"inLanguage\":\"es\",\"potentialAction\":[{\"@type\":\"ReadAction\",\"target\":[\"https:\\\/\\\/unitgames.com.ar\\\/pc-gamer\\\/producto\\\/combo-gaming-t-dagger-3-en-1-naxos-trident-sona\\\/\"]}]},{\"@type\":\"ImageObject\",\"inLanguage\":\"es\",\"@id\":\"https:\\\/\\\/unitgames.com.ar\\\/pc-gamer\\\/producto\\\/combo-gaming-t-dagger-3-en-1-naxos-trident-sona\\\/#primaryimage\",\"url\":\"https:\\\/\\\/unitgames.com.ar\\\/pc-gamer\\\/wp-content\\\/uploads\\\/2025\\\/12\\\/Combo-Gaming-T-DAGGER-3-en-1-Naxos-Trident-Sona.png\",\"contentUrl\":\"https:\\\/\\\/unitgames.com.ar\\\/pc-gamer\\\/wp-content\\\/uploads\\\/2025\\\/12\\\/Combo-Gaming-T-DAGGER-3-en-1-Naxos-Trident-Sona.png\",\"width\":1263,\"height\":1285},{\"@type\":\"BreadcrumbList\",\"@id\":\"https:\\\/\\\/unitgames.com.ar\\\/pc-gamer\\\/producto\\\/combo-gaming-t-dagger-3-en-1-naxos-trident-sona\\\/#breadcrumb\",\"itemListElement\":[{\"@type\":\"ListItem\",\"position\":1,\"name\":\"Tienda\",\"item\":\"https:\\\/\\\/unitgames.com.ar\\\/pc-gamer\\\/tienda\\\/\"},{\"@type\":\"ListItem\",\"position\":2,\"name\":\"Combo Gaming T-DAGGER 3 en 1 Naxos + Trident + Sona\"}]},{\"@type\":\"WebSite\",\"@id\":\"https:\\\/\\\/unitgames.com.ar\\\/pc-gamer\\\/#website\",\"url\":\"https:\\\/\\\/unitgames.com.ar\\\/pc-gamer\\\/\",\"name\":\"UnitGames\",\"description\":\"Venta de PC Gamers, Consolas , Servicio Tecnico Especializado. Todos en Accesorios Informaticos y Gamers\",\"publisher\":{\"@id\":\"https:\\\/\\\/unitgames.com.ar\\\/pc-gamer\\\/#organization\"},\"potentialAction\":[{\"@type\":\"SearchAction\",\"target\":{\"@type\":\"EntryPoint\",\"urlTemplate\":\"https:\\\/\\\/unitgames.com.ar\\\/pc-gamer\\\/?s={search_term_string}\"},\"query-input\":{\"@type\":\"PropertyValueSpecification\",\"valueRequired\":true,\"valueName\":\"search_term_string\"}}],\"inLanguage\":\"es\"},{\"@type\":\"Organization\",\"@id\":\"https:\\\/\\\/unitgames.com.ar\\\/pc-gamer\\\/#organization\",\"name\":\"UnitGames\",\"url\":\"https:\\\/\\\/unitgames.com.ar\\\/pc-gamer\\\/\",\"logo\":{\"@type\":\"ImageObject\",\"inLanguage\":\"es\",\"@id\":\"https:\\\/\\\/unitgames.com.ar\\\/pc-gamer\\\/#\\\/schema\\\/logo\\\/image\\\/\",\"url\":\"https:\\\/\\\/unitgames.com.ar\\\/pc-gamer\\\/wp-content\\\/uploads\\\/2021\\\/01\\\/cropped-logoUnitGames2.png\",\"contentUrl\":\"https:\\\/\\\/unitgames.com.ar\\\/pc-gamer\\\/wp-content\\\/uploads\\\/2021\\\/01\\\/cropped-logoUnitGames2.png\",\"width\":152,\"height\":200,\"caption\":\"UnitGames\"},\"image\":{\"@id\":\"https:\\\/\\\/unitgames.com.ar\\\/pc-gamer\\\/#\\\/schema\\\/logo\\\/image\\\/\"}}]}<\/script>\n<!-- \/ Yoast SEO plugin. -->","yoast_head_json":{"title":"Combo Gaming T-DAGGER 3 en 1 Naxos + Trident + Sona - UnitGames","robots":{"index":"index","follow":"follow","max-snippet":"max-snippet:-1","max-image-preview":"max-image-preview:large","max-video-preview":"max-video-preview:-1"},"canonical":"https:\/\/unitgames.com.ar\/pc-gamer\/producto\/combo-gaming-t-dagger-3-en-1-naxos-trident-sona\/","og_locale":"es_ES","og_type":"article","og_title":"Combo Gaming T-DAGGER 3 en 1 Naxos + Trident + Sona - UnitGames","og_description":"El Combo Gaming T-DAGGER 3 en 1 est\u00e1 orientado a usuarios gamer que buscan teclado mec\u00e1nico, mouse preciso y auriculares USB con sonido 7.1, todo en un solo set listo para jugar. \u00a0Especificaciones T\u00e9cnicas &nbsp; Marca: T-DAGGERModelo: Naxos + Trident + SonaTipo: Combo Gaming 3 en 1 Teclado Mec\u00e1nico T-DAGGER Naxos &nbsp; Tipo: Teclado mec\u00e1nicoSwitches: Red (lineales)Conectividad: USBIluminaci\u00f3n: RGBFormato: CompletoAnti-ghosting: N-Key RolloverRespuesta: R\u00e1pida y silenciosaCompatibilidad: PC y notebooks con USB Mouse Gamer T-DAGGER Trident &nbsp; Tipo: Mouse gamer \u00f3pticoConectividad: USBSensor: \u00d3ptico de alta precisi\u00f3nDPI: AjustableBotones: M\u00faltiples botones programablesDise\u00f1o: Ergon\u00f3mico para uso prolongadoCompatibilidad: PC y notebooks \u00a0Auriculares Gamer T-DAGGER Sona &nbsp; Tipo: Auriculares gamer USBConectividad: USBSonido: Virtual 7.1Micr\u00f3fono: Incorporado para chat de vozDise\u00f1o: Over-ear, almohadillas acolchadasCompatibilidad: PC y notebooks \u00a0Caracter\u00edsticas destacadas &nbsp; Teclado mec\u00e1nico con switches Red para m\u00e1xima velocidad y precisi\u00f3n Mouse gamer con DPI ajustable Auriculares USB con sonido virtual 7.1 para mayor inmersi\u00f3n Combo completo ideal para gaming competitivo Instalaci\u00f3n r\u00e1pida Plug &amp; Play Excelente relaci\u00f3n precio \/ rendimiento","og_url":"https:\/\/unitgames.com.ar\/pc-gamer\/producto\/combo-gaming-t-dagger-3-en-1-naxos-trident-sona\/","og_site_name":"UnitGames","article_modified_time":"2026-05-01T14:05:46+00:00","og_image":[{"width":1263,"height":1285,"url":"https:\/\/unitgames.com.ar\/pc-gamer\/wp-content\/uploads\/2025\/12\/Combo-Gaming-T-DAGGER-3-en-1-Naxos-Trident-Sona.png","type":"image\/png"}],"twitter_card":"summary_large_image","twitter_misc":{"Tiempo de lectura":"1 minuto"},"schema":{"@context":"https:\/\/schema.org","@graph":[{"@type":"WebPage","@id":"https:\/\/unitgames.com.ar\/pc-gamer\/producto\/combo-gaming-t-dagger-3-en-1-naxos-trident-sona\/","url":"https:\/\/unitgames.com.ar\/pc-gamer\/producto\/combo-gaming-t-dagger-3-en-1-naxos-trident-sona\/","name":"Combo Gaming T-DAGGER 3 en 1 Naxos + Trident + Sona - UnitGames","isPartOf":{"@id":"https:\/\/unitgames.com.ar\/pc-gamer\/#website"},"primaryImageOfPage":{"@id":"https:\/\/unitgames.com.ar\/pc-gamer\/producto\/combo-gaming-t-dagger-3-en-1-naxos-trident-sona\/#primaryimage"},"image":{"@id":"https:\/\/unitgames.com.ar\/pc-gamer\/producto\/combo-gaming-t-dagger-3-en-1-naxos-trident-sona\/#primaryimage"},"thumbnailUrl":"https:\/\/unitgames.com.ar\/pc-gamer\/wp-content\/uploads\/2025\/12\/Combo-Gaming-T-DAGGER-3-en-1-Naxos-Trident-Sona.png","datePublished":"2025-12-16T03:47:41+00:00","dateModified":"2026-05-01T14:05:46+00:00","breadcrumb":{"@id":"https:\/\/unitgames.com.ar\/pc-gamer\/producto\/combo-gaming-t-dagger-3-en-1-naxos-trident-sona\/#breadcrumb"},"inLanguage":"es","potentialAction":[{"@type":"ReadAction","target":["https:\/\/unitgames.com.ar\/pc-gamer\/producto\/combo-gaming-t-dagger-3-en-1-naxos-trident-sona\/"]}]},{"@type":"ImageObject","inLanguage":"es","@id":"https:\/\/unitgames.com.ar\/pc-gamer\/producto\/combo-gaming-t-dagger-3-en-1-naxos-trident-sona\/#primaryimage","url":"https:\/\/unitgames.com.ar\/pc-gamer\/wp-content\/uploads\/2025\/12\/Combo-Gaming-T-DAGGER-3-en-1-Naxos-Trident-Sona.png","contentUrl":"https:\/\/unitgames.com.ar\/pc-gamer\/wp-content\/uploads\/2025\/12\/Combo-Gaming-T-DAGGER-3-en-1-Naxos-Trident-Sona.png","width":1263,"height":1285},{"@type":"BreadcrumbList","@id":"https:\/\/unitgames.com.ar\/pc-gamer\/producto\/combo-gaming-t-dagger-3-en-1-naxos-trident-sona\/#breadcrumb","itemListElement":[{"@type":"ListItem","position":1,"name":"Tienda","item":"https:\/\/unitgames.com.ar\/pc-gamer\/tienda\/"},{"@type":"ListItem","position":2,"name":"Combo Gaming T-DAGGER 3 en 1 Naxos + Trident + Sona"}]},{"@type":"WebSite","@id":"https:\/\/unitgames.com.ar\/pc-gamer\/#website","url":"https:\/\/unitgames.com.ar\/pc-gamer\/","name":"UnitGames","description":"Venta de PC Gamers, Consolas , Servicio Tecnico Especializado. Todos en Accesorios Informaticos y Gamers","publisher":{"@id":"https:\/\/unitgames.com.ar\/pc-gamer\/#organization"},"potentialAction":[{"@type":"SearchAction","target":{"@type":"EntryPoint","urlTemplate":"https:\/\/unitgames.com.ar\/pc-gamer\/?s={search_term_string}"},"query-input":{"@type":"PropertyValueSpecification","valueRequired":true,"valueName":"search_term_string"}}],"inLanguage":"es"},{"@type":"Organization","@id":"https:\/\/unitgames.com.ar\/pc-gamer\/#organization","name":"UnitGames","url":"https:\/\/unitgames.com.ar\/pc-gamer\/","logo":{"@type":"ImageObject","inLanguage":"es","@id":"https:\/\/unitgames.com.ar\/pc-gamer\/#\/schema\/logo\/image\/","url":"https:\/\/unitgames.com.ar\/pc-gamer\/wp-content\/uploads\/2021\/01\/cropped-logoUnitGames2.png","contentUrl":"https:\/\/unitgames.com.ar\/pc-gamer\/wp-content\/uploads\/2021\/01\/cropped-logoUnitGames2.png","width":152,"height":200,"caption":"UnitGames"},"image":{"@id":"https:\/\/unitgames.com.ar\/pc-gamer\/#\/schema\/logo\/image\/"}}]}},"_links":{"self":[{"href":"https:\/\/unitgames.com.ar\/pc-gamer\/wp-json\/wp\/v2\/product\/18813","targetHints":{"allow":["GET"]}}],"collection":[{"href":"https:\/\/unitgames.com.ar\/pc-gamer\/wp-json\/wp\/v2\/product"}],"about":[{"href":"https:\/\/unitgames.com.ar\/pc-gamer\/wp-json\/wp\/v2\/types\/product"}],"version-history":[{"count":1,"href":"https:\/\/unitgames.com.ar\/pc-gamer\/wp-json\/wp\/v2\/product\/18813\/revisions"}],"predecessor-version":[{"id":21170,"href":"https:\/\/unitgames.com.ar\/pc-gamer\/wp-json\/wp\/v2\/product\/18813\/revisions\/21170"}],"wp:featuredmedia":[{"embeddable":true,"href":"https:\/\/unitgames.com.ar\/pc-gamer\/wp-json\/wp\/v2\/media\/18822"}],"wp:attachment":[{"href":"https:\/\/unitgames.com.ar\/pc-gamer\/wp-json\/wp\/v2\/media?parent=18813"}],"wp:term":[{"taxonomy":"product_brand","embeddable":true,"href":"https:\/\/unitgames.com.ar\/pc-gamer\/wp-json\/wp\/v2\/product_brand?post=18813"},{"taxonomy":"product_cat","embeddable":true,"href":"https:\/\/unitgames.com.ar\/pc-gamer\/wp-json\/wp\/v2\/product_cat?post=18813"},{"taxonomy":"product_tag","embeddable":true,"href":"https:\/\/unitgames.com.ar\/pc-gamer\/wp-json\/wp\/v2\/product_tag?post=18813"}],"curies":[{"name":"wp","href":"https:\/\/api.w.org\/{rel}","templated":true}]}}