{"id":18873,"date":"2025-12-17T18:29:42","date_gmt":"2025-12-17T21:29:42","guid":{"rendered":"https:\/\/unitgames.com.ar\/pc-gamer\/?post_type=product&#038;p=18873"},"modified":"2026-01-17T11:07:28","modified_gmt":"2026-01-17T14:07:28","slug":"auricular-inalambrico-netmak-nm-n35-negro","status":"publish","type":"product","link":"https:\/\/unitgames.com.ar\/pc-gamer\/producto\/auricular-inalambrico-netmak-nm-n35-negro\/","title":{"rendered":"Auriculares Inalambrico NETMAK NM-N35 Negro"},"content":{"rendered":"<p data-start=\"156\" data-end=\"426\">El <strong data-start=\"159\" data-end=\"198\">Auricular Inal\u00e1mbrico NETMAK NM-N35<\/strong> es una soluci\u00f3n vers\u00e1til para juegos, m\u00fasica y llamadas, destac\u00e1ndose por su <strong data-start=\"276\" data-end=\"301\">conectividad tri-modo<\/strong>, que permite usarlo de forma inal\u00e1mbrica o por cable seg\u00fan la necesidad. Su dise\u00f1o c\u00f3modo lo hace ideal para uso prolongado.<\/p>\n<hr data-start=\"428\" data-end=\"431\" \/>\n<h3 data-start=\"433\" data-end=\"465\">\u00a0Especificaciones T\u00e9cnicas<\/h3>\n<p>&nbsp;<\/p>\n<p data-start=\"467\" data-end=\"552\"><strong data-start=\"467\" data-end=\"477\">Marca:<\/strong> NETMAK<br data-start=\"484\" data-end=\"487\" \/><strong data-start=\"487\" data-end=\"498\">Modelo:<\/strong> NM-N35<br data-start=\"505\" data-end=\"508\" \/><strong data-start=\"508\" data-end=\"517\">Tipo:<\/strong> Auricular inal\u00e1mbrico <strong data-start=\"540\" data-end=\"552\">Tri-Modo<\/strong><\/p>\n<p data-start=\"554\" data-end=\"573\"><strong data-start=\"554\" data-end=\"571\">Conectividad:<\/strong><\/p>\n<ul data-start=\"574\" data-end=\"697\">\n<li data-start=\"574\" data-end=\"591\">\n<p data-start=\"576\" data-end=\"591\"><strong data-start=\"576\" data-end=\"589\">Bluetooth<\/strong><\/p>\n<\/li>\n<li data-start=\"592\" data-end=\"632\">\n<p data-start=\"594\" data-end=\"632\"><strong data-start=\"594\" data-end=\"630\">2.4 GHz inal\u00e1mbrico (dongle USB)<\/strong><\/p>\n<\/li>\n<li data-start=\"633\" data-end=\"658\">\n<p data-start=\"635\" data-end=\"658\"><strong data-start=\"635\" data-end=\"656\">Cable plug 3.5 mm<\/strong><\/p>\n<\/li>\n<li data-start=\"659\" data-end=\"697\">\n<p data-start=\"661\" data-end=\"697\">Alcance inal\u00e1mbrico: hasta 10 metros<\/p>\n<\/li>\n<\/ul>\n<p data-start=\"699\" data-end=\"712\"><strong data-start=\"699\" data-end=\"710\">Sonido:<\/strong><\/p>\n<ul data-start=\"713\" data-end=\"761\">\n<li data-start=\"713\" data-end=\"730\">\n<p data-start=\"715\" data-end=\"730\">Audio est\u00e9reo<\/p>\n<\/li>\n<li data-start=\"731\" data-end=\"761\">\n<p data-start=\"733\" data-end=\"761\">Drivers din\u00e1micos integrados<\/p>\n<\/li>\n<\/ul>\n<p data-start=\"763\" data-end=\"779\"><strong data-start=\"763\" data-end=\"777\">Micr\u00f3fono:<\/strong><\/p>\n<ul data-start=\"780\" data-end=\"824\">\n<li data-start=\"780\" data-end=\"824\">\n<p data-start=\"782\" data-end=\"824\">Micr\u00f3fono incorporado para chat y llamadas<\/p>\n<\/li>\n<\/ul>\n<p data-start=\"826\" data-end=\"842\"><strong data-start=\"826\" data-end=\"840\">Controles:<\/strong><\/p>\n<ul data-start=\"843\" data-end=\"901\">\n<li data-start=\"843\" data-end=\"901\">\n<p data-start=\"845\" data-end=\"901\">Botones integrados para volumen, reproducci\u00f3n y llamadas<\/p>\n<\/li>\n<\/ul>\n<p data-start=\"903\" data-end=\"917\"><strong data-start=\"903\" data-end=\"915\">Bater\u00eda:<\/strong><\/p>\n<ul data-start=\"918\" data-end=\"969\">\n<li data-start=\"918\" data-end=\"948\">\n<p data-start=\"920\" data-end=\"948\">Bater\u00eda recargable interna<\/p>\n<\/li>\n<li data-start=\"949\" data-end=\"969\">\n<p data-start=\"951\" data-end=\"969\">Carga mediante USB<\/p>\n<\/li>\n<\/ul>\n<p data-start=\"971\" data-end=\"992\"><strong data-start=\"971\" data-end=\"990\">Compatibilidad:<\/strong><\/p>\n<ul data-start=\"993\" data-end=\"1060\">\n<li data-start=\"993\" data-end=\"1011\">\n<p data-start=\"995\" data-end=\"1011\">PC y notebooks<\/p>\n<\/li>\n<li data-start=\"1012\" data-end=\"1036\">\n<p data-start=\"1014\" data-end=\"1036\">Consolas compatibles<\/p>\n<\/li>\n<li data-start=\"1037\" data-end=\"1060\">\n<p data-start=\"1039\" data-end=\"1060\">Smartphones y tablets<\/p>\n<\/li>\n<\/ul>\n<p data-start=\"1062\" data-end=\"1075\"><strong data-start=\"1062\" data-end=\"1073\">Dise\u00f1o:<\/strong><\/p>\n<ul data-start=\"1076\" data-end=\"1158\">\n<li data-start=\"1076\" data-end=\"1092\">\n<p data-start=\"1078\" data-end=\"1092\">Color: Negro<\/p>\n<\/li>\n<li data-start=\"1093\" data-end=\"1117\">\n<p data-start=\"1095\" data-end=\"1117\">Almohadillas c\u00f3modas<\/p>\n<\/li>\n<li data-start=\"1118\" data-end=\"1158\">\n<p data-start=\"1120\" data-end=\"1158\">Estructura liviana para uso prolongado<\/p>\n<\/li>\n<\/ul>\n<hr data-start=\"1160\" data-end=\"1163\" \/>\n<h3 data-start=\"1165\" data-end=\"1197\">\u00a0Caracter\u00edsticas destacadas<\/h3>\n<p>&nbsp;<\/p>\n<ul data-start=\"1199\" data-end=\"1438\">\n<li data-start=\"1199\" data-end=\"1263\">\n<p data-start=\"1201\" data-end=\"1263\"><strong data-start=\"1201\" data-end=\"1226\">Conectividad tri-modo<\/strong>: Bluetooth, 2.4 GHz y cable 3.5 mm<\/p>\n<\/li>\n<li data-start=\"1264\" data-end=\"1311\">\n<p data-start=\"1266\" data-end=\"1311\">Uso flexible para gaming, m\u00fasica y llamadas<\/p>\n<\/li>\n<li data-start=\"1312\" data-end=\"1359\">\n<p data-start=\"1314\" data-end=\"1359\">Micr\u00f3fono integrado para comunicaci\u00f3n clara<\/p>\n<\/li>\n<li data-start=\"1360\" data-end=\"1387\">\n<p data-start=\"1362\" data-end=\"1387\">Dise\u00f1o c\u00f3modo y liviano<\/p>\n<\/li>\n<li data-start=\"1388\" data-end=\"1438\">\n<p data-start=\"1390\" data-end=\"1438\">Ideal para PC, consolas y dispositivos m\u00f3viles<\/p>\n<\/li>\n<\/ul>\n","protected":false},"excerpt":{"rendered":"<p>El Auricular Inal\u00e1mbrico NETMAK NM-N35 es una soluci\u00f3n vers\u00e1til para juegos, m\u00fasica y llamadas, destac\u00e1ndose por su conectividad tri-modo, que permite usarlo de forma inal\u00e1mbrica o por cable seg\u00fan la necesidad. Su dise\u00f1o c\u00f3modo lo hace ideal para uso prolongado. \u00a0Especificaciones T\u00e9cnicas &nbsp; Marca: NETMAKModelo: NM-N35Tipo: Auricular inal\u00e1mbrico Tri-Modo Conectividad: Bluetooth 2.4 GHz inal\u00e1mbrico (dongle USB) Cable plug 3.5 mm Alcance inal\u00e1mbrico: hasta 10 metros Sonido: Audio est\u00e9reo Drivers din\u00e1micos integrados Micr\u00f3fono: Micr\u00f3fono incorporado para chat y llamadas Controles: Botones integrados para volumen, reproducci\u00f3n y llamadas Bater\u00eda: Bater\u00eda recargable interna Carga mediante USB Compatibilidad: PC y notebooks Consolas compatibles Smartphones y tablets Dise\u00f1o: Color: Negro Almohadillas c\u00f3modas Estructura liviana para uso prolongado \u00a0Caracter\u00edsticas destacadas &nbsp; Conectividad tri-modo: Bluetooth, 2.4 GHz y cable 3.5 mm Uso flexible para gaming, m\u00fasica y llamadas Micr\u00f3fono integrado para comunicaci\u00f3n clara Dise\u00f1o c\u00f3modo y liviano Ideal para PC, consolas y dispositivos m\u00f3viles<\/p>\n","protected":false},"featured_media":18881,"template":"","meta":{"site-sidebar-layout":"default","site-content-layout":"","ast-site-content-layout":"default","site-content-style":"default","site-sidebar-style":"default","ast-global-header-display":"","ast-banner-title-visibility":"","ast-main-header-display":"","ast-hfb-above-header-display":"","ast-hfb-below-header-display":"","ast-hfb-mobile-header-display":"","site-post-title":"","ast-breadcrumbs-content":"","ast-featured-img":"","footer-sml-layout":"","theme-transparent-header-meta":"default","adv-header-id-meta":"","stick-header-meta":"","header-above-stick-meta":"","header-main-stick-meta":"","header-below-stick-meta":"","astra-migrate-meta-layouts":"set","ast-page-background-enabled":"default","ast-page-background-meta":{"desktop":{"background-color":"var(--ast-global-color-5)","background-image":"","background-repeat":"repeat","background-position":"center center","background-size":"auto","background-attachment":"scroll","background-type":"","background-media":"","overlay-type":"","overlay-color":"","overlay-opacity":"","overlay-gradient":""},"tablet":{"background-color":"","background-image":"","background-repeat":"repeat","background-position":"center center","background-size":"auto","background-attachment":"scroll","background-type":"","background-media":"","overlay-type":"","overlay-color":"","overlay-opacity":"","overlay-gradient":""},"mobile":{"background-color":"","background-image":"","background-repeat":"repeat","background-position":"center center","background-size":"auto","background-attachment":"scroll","background-type":"","background-media":"","overlay-type":"","overlay-color":"","overlay-opacity":"","overlay-gradient":""}},"ast-content-background-meta":{"desktop":{"background-color":"var(--ast-global-color-4)","background-image":"","background-repeat":"repeat","background-position":"center center","background-size":"auto","background-attachment":"scroll","background-type":"","background-media":"","overlay-type":"","overlay-color":"","overlay-opacity":"","overlay-gradient":""},"tablet":{"background-color":"var(--ast-global-color-4)","background-image":"","background-repeat":"repeat","background-position":"center center","background-size":"auto","background-attachment":"scroll","background-type":"","background-media":"","overlay-type":"","overlay-color":"","overlay-opacity":"","overlay-gradient":""},"mobile":{"background-color":"var(--ast-global-color-4)","background-image":"","background-repeat":"repeat","background-position":"center center","background-size":"auto","background-attachment":"scroll","background-type":"","background-media":"","overlay-type":"","overlay-color":"","overlay-opacity":"","overlay-gradient":""}},"_joinchat":[]},"product_brand":[],"product_cat":[81],"product_tag":[],"class_list":{"0":"post-18873","1":"product","2":"type-product","3":"status-publish","4":"has-post-thumbnail","6":"product_cat-auriculares-pc-play-y-xbox","7":"desktop-align-center","8":"tablet-align-left","9":"mobile-align-left","11":"first","12":"instock","13":"shipping-taxable","14":"purchasable","15":"product-type-simple"},"yoast_head":"<!-- This site is optimized with the Yoast SEO plugin v27.3 - https:\/\/yoast.com\/product\/yoast-seo-wordpress\/ -->\n<title>Auriculares Inalambrico NETMAK NM-N35 Negro - UnitGames<\/title>\n<meta name=\"robots\" content=\"index, follow, max-snippet:-1, max-image-preview:large, max-video-preview:-1\" \/>\n<link rel=\"canonical\" href=\"https:\/\/unitgames.com.ar\/pc-gamer\/producto\/auricular-inalambrico-netmak-nm-n35-negro\/\" \/>\n<meta property=\"og:locale\" content=\"es_ES\" \/>\n<meta property=\"og:type\" content=\"article\" \/>\n<meta property=\"og:title\" content=\"Auriculares Inalambrico NETMAK NM-N35 Negro - UnitGames\" \/>\n<meta property=\"og:description\" content=\"El Auricular Inal\u00e1mbrico NETMAK NM-N35 es una soluci\u00f3n vers\u00e1til para juegos, m\u00fasica y llamadas, destac\u00e1ndose por su conectividad tri-modo, que permite usarlo de forma inal\u00e1mbrica o por cable seg\u00fan la necesidad. Su dise\u00f1o c\u00f3modo lo hace ideal para uso prolongado. \u00a0Especificaciones T\u00e9cnicas &nbsp; Marca: NETMAKModelo: NM-N35Tipo: Auricular inal\u00e1mbrico Tri-Modo Conectividad: Bluetooth 2.4 GHz inal\u00e1mbrico (dongle USB) Cable plug 3.5 mm Alcance inal\u00e1mbrico: hasta 10 metros Sonido: Audio est\u00e9reo Drivers din\u00e1micos integrados Micr\u00f3fono: Micr\u00f3fono incorporado para chat y llamadas Controles: Botones integrados para volumen, reproducci\u00f3n y llamadas Bater\u00eda: Bater\u00eda recargable interna Carga mediante USB Compatibilidad: PC y notebooks Consolas compatibles Smartphones y tablets Dise\u00f1o: Color: Negro Almohadillas c\u00f3modas Estructura liviana para uso prolongado \u00a0Caracter\u00edsticas destacadas &nbsp; Conectividad tri-modo: Bluetooth, 2.4 GHz y cable 3.5 mm Uso flexible para gaming, m\u00fasica y llamadas Micr\u00f3fono integrado para comunicaci\u00f3n clara Dise\u00f1o c\u00f3modo y liviano Ideal para PC, consolas y dispositivos m\u00f3viles\" \/>\n<meta property=\"og:url\" content=\"https:\/\/unitgames.com.ar\/pc-gamer\/producto\/auricular-inalambrico-netmak-nm-n35-negro\/\" \/>\n<meta property=\"og:site_name\" content=\"UnitGames\" \/>\n<meta property=\"article:modified_time\" content=\"2026-01-17T14:07:28+00:00\" \/>\n<meta property=\"og:image\" content=\"https:\/\/unitgames.com.ar\/pc-gamer\/wp-content\/uploads\/2025\/12\/NM-N35.png\" \/>\n\t<meta property=\"og:image:width\" content=\"1283\" \/>\n\t<meta property=\"og:image:height\" content=\"1283\" \/>\n\t<meta property=\"og:image:type\" content=\"image\/png\" \/>\n<meta name=\"twitter:card\" content=\"summary_large_image\" \/>\n<meta name=\"twitter:label1\" content=\"Tiempo de lectura\" \/>\n\t<meta name=\"twitter:data1\" content=\"1 minuto\" \/>\n<script type=\"application\/ld+json\" class=\"yoast-schema-graph\">{\"@context\":\"https:\\\/\\\/schema.org\",\"@graph\":[{\"@type\":\"WebPage\",\"@id\":\"https:\\\/\\\/unitgames.com.ar\\\/pc-gamer\\\/producto\\\/auricular-inalambrico-netmak-nm-n35-negro\\\/\",\"url\":\"https:\\\/\\\/unitgames.com.ar\\\/pc-gamer\\\/producto\\\/auricular-inalambrico-netmak-nm-n35-negro\\\/\",\"name\":\"Auriculares Inalambrico NETMAK NM-N35 Negro - UnitGames\",\"isPartOf\":{\"@id\":\"https:\\\/\\\/unitgames.com.ar\\\/pc-gamer\\\/#website\"},\"primaryImageOfPage\":{\"@id\":\"https:\\\/\\\/unitgames.com.ar\\\/pc-gamer\\\/producto\\\/auricular-inalambrico-netmak-nm-n35-negro\\\/#primaryimage\"},\"image\":{\"@id\":\"https:\\\/\\\/unitgames.com.ar\\\/pc-gamer\\\/producto\\\/auricular-inalambrico-netmak-nm-n35-negro\\\/#primaryimage\"},\"thumbnailUrl\":\"https:\\\/\\\/unitgames.com.ar\\\/pc-gamer\\\/wp-content\\\/uploads\\\/2025\\\/12\\\/NM-N35.png\",\"datePublished\":\"2025-12-17T21:29:42+00:00\",\"dateModified\":\"2026-01-17T14:07:28+00:00\",\"breadcrumb\":{\"@id\":\"https:\\\/\\\/unitgames.com.ar\\\/pc-gamer\\\/producto\\\/auricular-inalambrico-netmak-nm-n35-negro\\\/#breadcrumb\"},\"inLanguage\":\"es\",\"potentialAction\":[{\"@type\":\"ReadAction\",\"target\":[\"https:\\\/\\\/unitgames.com.ar\\\/pc-gamer\\\/producto\\\/auricular-inalambrico-netmak-nm-n35-negro\\\/\"]}]},{\"@type\":\"ImageObject\",\"inLanguage\":\"es\",\"@id\":\"https:\\\/\\\/unitgames.com.ar\\\/pc-gamer\\\/producto\\\/auricular-inalambrico-netmak-nm-n35-negro\\\/#primaryimage\",\"url\":\"https:\\\/\\\/unitgames.com.ar\\\/pc-gamer\\\/wp-content\\\/uploads\\\/2025\\\/12\\\/NM-N35.png\",\"contentUrl\":\"https:\\\/\\\/unitgames.com.ar\\\/pc-gamer\\\/wp-content\\\/uploads\\\/2025\\\/12\\\/NM-N35.png\",\"width\":1283,\"height\":1283},{\"@type\":\"BreadcrumbList\",\"@id\":\"https:\\\/\\\/unitgames.com.ar\\\/pc-gamer\\\/producto\\\/auricular-inalambrico-netmak-nm-n35-negro\\\/#breadcrumb\",\"itemListElement\":[{\"@type\":\"ListItem\",\"position\":1,\"name\":\"Tienda\",\"item\":\"https:\\\/\\\/unitgames.com.ar\\\/pc-gamer\\\/tienda\\\/\"},{\"@type\":\"ListItem\",\"position\":2,\"name\":\"Auriculares Inalambrico NETMAK NM-N35 Negro\"}]},{\"@type\":\"WebSite\",\"@id\":\"https:\\\/\\\/unitgames.com.ar\\\/pc-gamer\\\/#website\",\"url\":\"https:\\\/\\\/unitgames.com.ar\\\/pc-gamer\\\/\",\"name\":\"UnitGames\",\"description\":\"Venta de PC Gamers, Consolas , Servicio Tecnico Especializado. Todos en Accesorios Informaticos y Gamers\",\"publisher\":{\"@id\":\"https:\\\/\\\/unitgames.com.ar\\\/pc-gamer\\\/#organization\"},\"potentialAction\":[{\"@type\":\"SearchAction\",\"target\":{\"@type\":\"EntryPoint\",\"urlTemplate\":\"https:\\\/\\\/unitgames.com.ar\\\/pc-gamer\\\/?s={search_term_string}\"},\"query-input\":{\"@type\":\"PropertyValueSpecification\",\"valueRequired\":true,\"valueName\":\"search_term_string\"}}],\"inLanguage\":\"es\"},{\"@type\":\"Organization\",\"@id\":\"https:\\\/\\\/unitgames.com.ar\\\/pc-gamer\\\/#organization\",\"name\":\"UnitGames\",\"url\":\"https:\\\/\\\/unitgames.com.ar\\\/pc-gamer\\\/\",\"logo\":{\"@type\":\"ImageObject\",\"inLanguage\":\"es\",\"@id\":\"https:\\\/\\\/unitgames.com.ar\\\/pc-gamer\\\/#\\\/schema\\\/logo\\\/image\\\/\",\"url\":\"https:\\\/\\\/unitgames.com.ar\\\/pc-gamer\\\/wp-content\\\/uploads\\\/2021\\\/01\\\/cropped-logoUnitGames2.png\",\"contentUrl\":\"https:\\\/\\\/unitgames.com.ar\\\/pc-gamer\\\/wp-content\\\/uploads\\\/2021\\\/01\\\/cropped-logoUnitGames2.png\",\"width\":152,\"height\":200,\"caption\":\"UnitGames\"},\"image\":{\"@id\":\"https:\\\/\\\/unitgames.com.ar\\\/pc-gamer\\\/#\\\/schema\\\/logo\\\/image\\\/\"}}]}<\/script>\n<!-- \/ Yoast SEO plugin. -->","yoast_head_json":{"title":"Auriculares Inalambrico NETMAK NM-N35 Negro - UnitGames","robots":{"index":"index","follow":"follow","max-snippet":"max-snippet:-1","max-image-preview":"max-image-preview:large","max-video-preview":"max-video-preview:-1"},"canonical":"https:\/\/unitgames.com.ar\/pc-gamer\/producto\/auricular-inalambrico-netmak-nm-n35-negro\/","og_locale":"es_ES","og_type":"article","og_title":"Auriculares Inalambrico NETMAK NM-N35 Negro - UnitGames","og_description":"El Auricular Inal\u00e1mbrico NETMAK NM-N35 es una soluci\u00f3n vers\u00e1til para juegos, m\u00fasica y llamadas, destac\u00e1ndose por su conectividad tri-modo, que permite usarlo de forma inal\u00e1mbrica o por cable seg\u00fan la necesidad. Su dise\u00f1o c\u00f3modo lo hace ideal para uso prolongado. \u00a0Especificaciones T\u00e9cnicas &nbsp; Marca: NETMAKModelo: NM-N35Tipo: Auricular inal\u00e1mbrico Tri-Modo Conectividad: Bluetooth 2.4 GHz inal\u00e1mbrico (dongle USB) Cable plug 3.5 mm Alcance inal\u00e1mbrico: hasta 10 metros Sonido: Audio est\u00e9reo Drivers din\u00e1micos integrados Micr\u00f3fono: Micr\u00f3fono incorporado para chat y llamadas Controles: Botones integrados para volumen, reproducci\u00f3n y llamadas Bater\u00eda: Bater\u00eda recargable interna Carga mediante USB Compatibilidad: PC y notebooks Consolas compatibles Smartphones y tablets Dise\u00f1o: Color: Negro Almohadillas c\u00f3modas Estructura liviana para uso prolongado \u00a0Caracter\u00edsticas destacadas &nbsp; Conectividad tri-modo: Bluetooth, 2.4 GHz y cable 3.5 mm Uso flexible para gaming, m\u00fasica y llamadas Micr\u00f3fono integrado para comunicaci\u00f3n clara Dise\u00f1o c\u00f3modo y liviano Ideal para PC, consolas y dispositivos m\u00f3viles","og_url":"https:\/\/unitgames.com.ar\/pc-gamer\/producto\/auricular-inalambrico-netmak-nm-n35-negro\/","og_site_name":"UnitGames","article_modified_time":"2026-01-17T14:07:28+00:00","og_image":[{"width":1283,"height":1283,"url":"https:\/\/unitgames.com.ar\/pc-gamer\/wp-content\/uploads\/2025\/12\/NM-N35.png","type":"image\/png"}],"twitter_card":"summary_large_image","twitter_misc":{"Tiempo de lectura":"1 minuto"},"schema":{"@context":"https:\/\/schema.org","@graph":[{"@type":"WebPage","@id":"https:\/\/unitgames.com.ar\/pc-gamer\/producto\/auricular-inalambrico-netmak-nm-n35-negro\/","url":"https:\/\/unitgames.com.ar\/pc-gamer\/producto\/auricular-inalambrico-netmak-nm-n35-negro\/","name":"Auriculares Inalambrico NETMAK NM-N35 Negro - UnitGames","isPartOf":{"@id":"https:\/\/unitgames.com.ar\/pc-gamer\/#website"},"primaryImageOfPage":{"@id":"https:\/\/unitgames.com.ar\/pc-gamer\/producto\/auricular-inalambrico-netmak-nm-n35-negro\/#primaryimage"},"image":{"@id":"https:\/\/unitgames.com.ar\/pc-gamer\/producto\/auricular-inalambrico-netmak-nm-n35-negro\/#primaryimage"},"thumbnailUrl":"https:\/\/unitgames.com.ar\/pc-gamer\/wp-content\/uploads\/2025\/12\/NM-N35.png","datePublished":"2025-12-17T21:29:42+00:00","dateModified":"2026-01-17T14:07:28+00:00","breadcrumb":{"@id":"https:\/\/unitgames.com.ar\/pc-gamer\/producto\/auricular-inalambrico-netmak-nm-n35-negro\/#breadcrumb"},"inLanguage":"es","potentialAction":[{"@type":"ReadAction","target":["https:\/\/unitgames.com.ar\/pc-gamer\/producto\/auricular-inalambrico-netmak-nm-n35-negro\/"]}]},{"@type":"ImageObject","inLanguage":"es","@id":"https:\/\/unitgames.com.ar\/pc-gamer\/producto\/auricular-inalambrico-netmak-nm-n35-negro\/#primaryimage","url":"https:\/\/unitgames.com.ar\/pc-gamer\/wp-content\/uploads\/2025\/12\/NM-N35.png","contentUrl":"https:\/\/unitgames.com.ar\/pc-gamer\/wp-content\/uploads\/2025\/12\/NM-N35.png","width":1283,"height":1283},{"@type":"BreadcrumbList","@id":"https:\/\/unitgames.com.ar\/pc-gamer\/producto\/auricular-inalambrico-netmak-nm-n35-negro\/#breadcrumb","itemListElement":[{"@type":"ListItem","position":1,"name":"Tienda","item":"https:\/\/unitgames.com.ar\/pc-gamer\/tienda\/"},{"@type":"ListItem","position":2,"name":"Auriculares Inalambrico NETMAK NM-N35 Negro"}]},{"@type":"WebSite","@id":"https:\/\/unitgames.com.ar\/pc-gamer\/#website","url":"https:\/\/unitgames.com.ar\/pc-gamer\/","name":"UnitGames","description":"Venta de PC Gamers, Consolas , Servicio Tecnico Especializado. Todos en Accesorios Informaticos y Gamers","publisher":{"@id":"https:\/\/unitgames.com.ar\/pc-gamer\/#organization"},"potentialAction":[{"@type":"SearchAction","target":{"@type":"EntryPoint","urlTemplate":"https:\/\/unitgames.com.ar\/pc-gamer\/?s={search_term_string}"},"query-input":{"@type":"PropertyValueSpecification","valueRequired":true,"valueName":"search_term_string"}}],"inLanguage":"es"},{"@type":"Organization","@id":"https:\/\/unitgames.com.ar\/pc-gamer\/#organization","name":"UnitGames","url":"https:\/\/unitgames.com.ar\/pc-gamer\/","logo":{"@type":"ImageObject","inLanguage":"es","@id":"https:\/\/unitgames.com.ar\/pc-gamer\/#\/schema\/logo\/image\/","url":"https:\/\/unitgames.com.ar\/pc-gamer\/wp-content\/uploads\/2021\/01\/cropped-logoUnitGames2.png","contentUrl":"https:\/\/unitgames.com.ar\/pc-gamer\/wp-content\/uploads\/2021\/01\/cropped-logoUnitGames2.png","width":152,"height":200,"caption":"UnitGames"},"image":{"@id":"https:\/\/unitgames.com.ar\/pc-gamer\/#\/schema\/logo\/image\/"}}]}},"_links":{"self":[{"href":"https:\/\/unitgames.com.ar\/pc-gamer\/wp-json\/wp\/v2\/product\/18873","targetHints":{"allow":["GET"]}}],"collection":[{"href":"https:\/\/unitgames.com.ar\/pc-gamer\/wp-json\/wp\/v2\/product"}],"about":[{"href":"https:\/\/unitgames.com.ar\/pc-gamer\/wp-json\/wp\/v2\/types\/product"}],"version-history":[{"count":0,"href":"https:\/\/unitgames.com.ar\/pc-gamer\/wp-json\/wp\/v2\/product\/18873\/revisions"}],"wp:featuredmedia":[{"embeddable":true,"href":"https:\/\/unitgames.com.ar\/pc-gamer\/wp-json\/wp\/v2\/media\/18881"}],"wp:attachment":[{"href":"https:\/\/unitgames.com.ar\/pc-gamer\/wp-json\/wp\/v2\/media?parent=18873"}],"wp:term":[{"taxonomy":"product_brand","embeddable":true,"href":"https:\/\/unitgames.com.ar\/pc-gamer\/wp-json\/wp\/v2\/product_brand?post=18873"},{"taxonomy":"product_cat","embeddable":true,"href":"https:\/\/unitgames.com.ar\/pc-gamer\/wp-json\/wp\/v2\/product_cat?post=18873"},{"taxonomy":"product_tag","embeddable":true,"href":"https:\/\/unitgames.com.ar\/pc-gamer\/wp-json\/wp\/v2\/product_tag?post=18873"}],"curies":[{"name":"wp","href":"https:\/\/api.w.org\/{rel}","templated":true}]}}