{"id":19121,"date":"2026-01-08T10:42:16","date_gmt":"2026-01-08T13:42:16","guid":{"rendered":"https:\/\/unitgames.com.ar\/pc-gamer\/?post_type=product&#038;p=19121"},"modified":"2026-02-01T11:12:34","modified_gmt":"2026-02-01T14:12:34","slug":"motherboard-msi-b760m-e-ddr4","status":"publish","type":"product","link":"https:\/\/unitgames.com.ar\/pc-gamer\/producto\/motherboard-msi-b760m-e-ddr4\/","title":{"rendered":"Motherboard MSI B760M-E DDR4"},"content":{"rendered":"<ul data-start=\"45\" data-end=\"2521\">\n<li class=\"display-table-row black\">\n<div class=\"display-table-cell item\">\n<div class=\"specText\">\n<p data-start=\"216\" data-end=\"542\">La <strong data-start=\"219\" data-end=\"239\">MSI B760M-E DDR4<\/strong> es una placa base micro-ATX dise\u00f1ada para procesadores Intel de 12.\u00aa y 13.\u00aa generaci\u00f3n, enfocada en ofrecer rendimiento equilibrado, buena conectividad y compatibilidad con memoria DDR4. Ideal para PCs de oficina, gaming o productividad con soporte para componentes modernos y caracter\u00edsticas robustas.<\/p>\n<hr data-start=\"544\" data-end=\"547\" \/>\n<h2 data-start=\"549\" data-end=\"581\"><strong data-start=\"552\" data-end=\"581\">Especificaciones T\u00e9cnicas<\/strong><\/h2>\n<ul data-start=\"583\" data-end=\"1589\">\n<li data-start=\"583\" data-end=\"617\">\n<p data-start=\"585\" data-end=\"617\"><strong data-start=\"585\" data-end=\"605\">Factor de forma:<\/strong> micro-ATX<\/p>\n<\/li>\n<li data-start=\"618\" data-end=\"645\">\n<p data-start=\"620\" data-end=\"645\"><strong data-start=\"620\" data-end=\"632\">Chipset:<\/strong> Intel B760<\/p>\n<\/li>\n<li data-start=\"646\" data-end=\"699\">\n<p data-start=\"648\" data-end=\"699\"><strong data-start=\"648\" data-end=\"659\">Socket:<\/strong> LGA 1700 (Intel 12\u00aa \/ 13\u00aa generaci\u00f3n)<\/p>\n<\/li>\n<li data-start=\"700\" data-end=\"851\">\n<p data-start=\"702\" data-end=\"720\"><strong data-start=\"702\" data-end=\"718\">Memoria RAM:<\/strong><\/p>\n<ul data-start=\"723\" data-end=\"851\">\n<li data-start=\"723\" data-end=\"737\">\n<p data-start=\"725\" data-end=\"737\">Tipo: DDR4<\/p>\n<\/li>\n<li data-start=\"740\" data-end=\"768\">\n<p data-start=\"742\" data-end=\"768\">Soporta hasta <strong data-start=\"756\" data-end=\"766\">128 GB<\/strong><\/p>\n<\/li>\n<li data-start=\"771\" data-end=\"796\">\n<p data-start=\"773\" data-end=\"796\">Canales: Dual-Channel<\/p>\n<\/li>\n<li data-start=\"799\" data-end=\"851\">\n<p data-start=\"801\" data-end=\"851\">Velocidades soportadas: hasta DDR4 5333 MHz (OC)<\/p>\n<\/li>\n<\/ul>\n<\/li>\n<li data-start=\"852\" data-end=\"943\">\n<p data-start=\"854\" data-end=\"881\"><strong data-start=\"854\" data-end=\"879\">Ranuras de expansi\u00f3n:<\/strong><\/p>\n<ul data-start=\"884\" data-end=\"943\">\n<li data-start=\"884\" data-end=\"918\">\n<p data-start=\"886\" data-end=\"918\">1 \u00d7 PCI-Express x16 (PCIe 4.0)<\/p>\n<\/li>\n<li data-start=\"921\" data-end=\"943\">\n<p data-start=\"923\" data-end=\"943\">2 \u00d7 PCI-Express x1<\/p>\n<\/li>\n<\/ul>\n<\/li>\n<li data-start=\"944\" data-end=\"1030\">\n<p data-start=\"946\" data-end=\"967\"><strong data-start=\"946\" data-end=\"965\">Almacenamiento:<\/strong><\/p>\n<ul data-start=\"970\" data-end=\"1030\">\n<li data-start=\"970\" data-end=\"1004\">\n<p data-start=\"972\" data-end=\"1004\">2 \u00d7 M.2 slots (PCIe Gen4\/Gen3)<\/p>\n<\/li>\n<li data-start=\"1007\" data-end=\"1030\">\n<p data-start=\"1009\" data-end=\"1030\">4 \u00d7 SATA III 6 Gb\/s<\/p>\n<\/li>\n<\/ul>\n<\/li>\n<li data-start=\"1031\" data-end=\"1103\">\n<p data-start=\"1033\" data-end=\"1103\"><strong data-start=\"1033\" data-end=\"1043\">Audio:<\/strong> Soluci\u00f3n de audio integrada con sonido de alta definici\u00f3n<\/p>\n<\/li>\n<li data-start=\"1104\" data-end=\"1149\">\n<p data-start=\"1106\" data-end=\"1149\"><strong data-start=\"1106\" data-end=\"1120\">Red \/ LAN:<\/strong> Ethernet Gigabit integrado<\/p>\n<\/li>\n<li data-start=\"1150\" data-end=\"1221\">\n<p data-start=\"1152\" data-end=\"1181\"><strong data-start=\"1152\" data-end=\"1179\">Puertos USB (traseros):<\/strong><\/p>\n<ul data-start=\"1184\" data-end=\"1221\">\n<li data-start=\"1184\" data-end=\"1221\">\n<p data-start=\"1186\" data-end=\"1221\">Varias opciones USB 3.x y USB 2.0<\/p>\n<\/li>\n<\/ul>\n<\/li>\n<li data-start=\"1222\" data-end=\"1289\">\n<p data-start=\"1224\" data-end=\"1260\"><strong data-start=\"1224\" data-end=\"1258\">Salidas de video (integradas):<\/strong><\/p>\n<ul data-start=\"1263\" data-end=\"1289\">\n<li data-start=\"1263\" data-end=\"1271\">\n<p data-start=\"1265\" data-end=\"1271\">HDMI<\/p>\n<\/li>\n<li data-start=\"1274\" data-end=\"1289\">\n<p data-start=\"1276\" data-end=\"1289\">DisplayPort<\/p>\n<\/li>\n<\/ul>\n<\/li>\n<li data-start=\"1290\" data-end=\"1407\">\n<p data-start=\"1292\" data-end=\"1318\"><strong data-start=\"1292\" data-end=\"1316\">Conectores internos:<\/strong><\/p>\n<ul data-start=\"1321\" data-end=\"1407\">\n<li data-start=\"1321\" data-end=\"1350\">\n<p data-start=\"1323\" data-end=\"1350\">Ventiladores CPU \/ chasis<\/p>\n<\/li>\n<li data-start=\"1353\" data-end=\"1382\">\n<p data-start=\"1355\" data-end=\"1382\">USB 2.0 \/ USB 3.x headers<\/p>\n<\/li>\n<li data-start=\"1385\" data-end=\"1407\">\n<p data-start=\"1387\" data-end=\"1407\">RGB \/ ARGB headers<\/p>\n<\/li>\n<\/ul>\n<\/li>\n<li data-start=\"1408\" data-end=\"1482\">\n<p data-start=\"1410\" data-end=\"1482\"><strong data-start=\"1410\" data-end=\"1419\">BIOS:<\/strong> UEFI con soporte de overclock ligero y actualizaci\u00f3n sin CPU<\/p>\n<\/li>\n<li data-start=\"1483\" data-end=\"1551\">\n<p data-start=\"1485\" data-end=\"1551\"><strong data-start=\"1485\" data-end=\"1520\">Soporte de gr\u00e1ficos integrados:<\/strong> S\u00ed (depende de CPU con iGPU)<\/p>\n<\/li>\n<li data-start=\"1552\" data-end=\"1589\">\n<p data-start=\"1554\" data-end=\"1589\"><strong data-start=\"1554\" data-end=\"1570\">Dimensiones:<\/strong> Est\u00e1ndar micro-ATX<\/p>\n<\/li>\n<\/ul>\n<hr data-start=\"1591\" data-end=\"1594\" \/>\n<h2 data-start=\"1596\" data-end=\"1629\"><strong data-start=\"1599\" data-end=\"1629\">Caracter\u00edsticas destacadas<\/strong><\/h2>\n<ul data-start=\"1631\" data-end=\"2187\">\n<li data-start=\"1631\" data-end=\"1701\">\n<p data-start=\"1633\" data-end=\"1701\">Compatible con <strong data-start=\"1648\" data-end=\"1680\">Intel 12.\u00aa y 13.\u00aa generaci\u00f3n<\/strong> en socket LGA 1700<\/p>\n<\/li>\n<li data-start=\"1702\" data-end=\"1764\">\n<p data-start=\"1704\" data-end=\"1764\">Soporta memoria <strong data-start=\"1720\" data-end=\"1746\">DDR4 de alta velocidad<\/strong> con perfiles OC<\/p>\n<\/li>\n<li data-start=\"1765\" data-end=\"1826\">\n<p data-start=\"1767\" data-end=\"1826\">Varios <strong data-start=\"1774\" data-end=\"1824\">slots M.2 para almacenamiento SSD ultrarr\u00e1pido<\/strong><\/p>\n<\/li>\n<li data-start=\"1827\" data-end=\"1886\">\n<p data-start=\"1829\" data-end=\"1886\">Buen conjunto de <strong data-start=\"1846\" data-end=\"1884\">puertos USB y conectividad moderna<\/strong><\/p>\n<\/li>\n<li data-start=\"1887\" data-end=\"1958\">\n<p data-start=\"1889\" data-end=\"1958\">Soluci\u00f3n de <strong data-start=\"1901\" data-end=\"1931\">audio integrada de calidad<\/strong> para gaming y multimedia<\/p>\n<\/li>\n<li data-start=\"1959\" data-end=\"2035\">\n<p data-start=\"1961\" data-end=\"2035\">Formato <strong data-start=\"1969\" data-end=\"1991\">micro-ATX compacto<\/strong>, ideal para gabinetes peque\u00f1os o medianos<\/p>\n<\/li>\n<li data-start=\"2036\" data-end=\"2100\">\n<p data-start=\"2038\" data-end=\"2100\">BIOS amigable y herramientas MSI para ajustes de rendimiento<\/p>\n<\/li>\n<li data-start=\"2101\" data-end=\"2187\">\n<p data-start=\"2103\" data-end=\"2187\">Soporta gr\u00e1ficos integrados (con CPU compatible), ideal para builds sin GPU dedicada<\/p>\n<\/li>\n<\/ul>\n<\/div>\n<\/div>\n<\/li>\n<\/ul>\n","protected":false},"excerpt":{"rendered":"<p>La MSI B760M-E DDR4 es una placa base micro-ATX dise\u00f1ada para procesadores Intel de 12.\u00aa y 13.\u00aa generaci\u00f3n, enfocada en ofrecer rendimiento equilibrado, buena conectividad y compatibilidad con memoria DDR4. Ideal para PCs de oficina, gaming o productividad con soporte para componentes modernos y caracter\u00edsticas robustas. Especificaciones T\u00e9cnicas Factor de forma: micro-ATX Chipset: Intel B760 Socket: LGA 1700 (Intel 12\u00aa \/ 13\u00aa generaci\u00f3n) Memoria RAM: Tipo: DDR4 Soporta hasta 128 GB Canales: Dual-Channel Velocidades soportadas: hasta DDR4 5333 MHz (OC) Ranuras de expansi\u00f3n: 1 \u00d7 PCI-Express x16 (PCIe 4.0) 2 \u00d7 PCI-Express x1 Almacenamiento: 2 \u00d7 M.2 slots (PCIe Gen4\/Gen3) 4 \u00d7 SATA III 6 Gb\/s Audio: Soluci\u00f3n de audio integrada con sonido de alta definici\u00f3n Red \/ LAN: Ethernet Gigabit integrado Puertos USB (traseros): Varias opciones USB 3.x y USB 2.0 Salidas de video (integradas): HDMI DisplayPort Conectores internos: Ventiladores CPU \/ chasis USB 2.0 \/ USB 3.x headers RGB \/ ARGB headers BIOS: UEFI con soporte de overclock ligero y actualizaci\u00f3n sin CPU Soporte de gr\u00e1ficos integrados: S\u00ed (depende de CPU con iGPU) Dimensiones: Est\u00e1ndar micro-ATX Caracter\u00edsticas destacadas Compatible con Intel 12.\u00aa y 13.\u00aa generaci\u00f3n en socket LGA 1700 Soporta memoria DDR4 de alta velocidad con perfiles OC Varios slots M.2 para almacenamiento SSD ultrarr\u00e1pido Buen conjunto de puertos USB y conectividad moderna Soluci\u00f3n de audio integrada de calidad para gaming y multimedia Formato micro-ATX compacto, ideal para gabinetes peque\u00f1os o medianos BIOS amigable y herramientas MSI para ajustes de rendimiento Soporta gr\u00e1ficos integrados (con CPU compatible), ideal para builds sin GPU dedicada<\/p>\n","protected":false},"featured_media":19453,"template":"","meta":{"site-sidebar-layout":"default","site-content-layout":"","ast-site-content-layout":"default","site-content-style":"default","site-sidebar-style":"default","ast-global-header-display":"","ast-banner-title-visibility":"","ast-main-header-display":"","ast-hfb-above-header-display":"","ast-hfb-below-header-display":"","ast-hfb-mobile-header-display":"","site-post-title":"","ast-breadcrumbs-content":"","ast-featured-img":"","footer-sml-layout":"","theme-transparent-header-meta":"default","adv-header-id-meta":"","stick-header-meta":"","header-above-stick-meta":"","header-main-stick-meta":"","header-below-stick-meta":"","astra-migrate-meta-layouts":"set","ast-page-background-enabled":"default","ast-page-background-meta":{"desktop":{"background-color":"var(--ast-global-color-5)","background-image":"","background-repeat":"repeat","background-position":"center center","background-size":"auto","background-attachment":"scroll","background-type":"","background-media":"","overlay-type":"","overlay-color":"","overlay-opacity":"","overlay-gradient":""},"tablet":{"background-color":"","background-image":"","background-repeat":"repeat","background-position":"center center","background-size":"auto","background-attachment":"scroll","background-type":"","background-media":"","overlay-type":"","overlay-color":"","overlay-opacity":"","overlay-gradient":""},"mobile":{"background-color":"","background-image":"","background-repeat":"repeat","background-position":"center center","background-size":"auto","background-attachment":"scroll","background-type":"","background-media":"","overlay-type":"","overlay-color":"","overlay-opacity":"","overlay-gradient":""}},"ast-content-background-meta":{"desktop":{"background-color":"var(--ast-global-color-4)","background-image":"","background-repeat":"repeat","background-position":"center center","background-size":"auto","background-attachment":"scroll","background-type":"","background-media":"","overlay-type":"","overlay-color":"","overlay-opacity":"","overlay-gradient":""},"tablet":{"background-color":"var(--ast-global-color-4)","background-image":"","background-repeat":"repeat","background-position":"center center","background-size":"auto","background-attachment":"scroll","background-type":"","background-media":"","overlay-type":"","overlay-color":"","overlay-opacity":"","overlay-gradient":""},"mobile":{"background-color":"var(--ast-global-color-4)","background-image":"","background-repeat":"repeat","background-position":"center center","background-size":"auto","background-attachment":"scroll","background-type":"","background-media":"","overlay-type":"","overlay-color":"","overlay-opacity":"","overlay-gradient":""}},"_joinchat":[]},"product_brand":[],"product_cat":[71],"product_tag":[],"class_list":{"0":"post-19121","1":"product","2":"type-product","3":"status-publish","4":"has-post-thumbnail","6":"product_cat-motherboard","7":"desktop-align-center","8":"tablet-align-left","9":"mobile-align-left","11":"first","12":"instock","13":"shipping-taxable","14":"purchasable","15":"product-type-simple"},"yoast_head":"<!-- This site is optimized with the Yoast SEO plugin v27.3 - https:\/\/yoast.com\/product\/yoast-seo-wordpress\/ -->\n<title>Motherboard MSI B760M-E DDR4 - UnitGames<\/title>\n<meta name=\"robots\" content=\"index, follow, max-snippet:-1, max-image-preview:large, max-video-preview:-1\" \/>\n<link rel=\"canonical\" href=\"https:\/\/unitgames.com.ar\/pc-gamer\/producto\/motherboard-msi-b760m-e-ddr4\/\" \/>\n<meta property=\"og:locale\" content=\"es_ES\" \/>\n<meta property=\"og:type\" content=\"article\" \/>\n<meta property=\"og:title\" content=\"Motherboard MSI B760M-E DDR4 - UnitGames\" \/>\n<meta property=\"og:description\" content=\"La MSI B760M-E DDR4 es una placa base micro-ATX dise\u00f1ada para procesadores Intel de 12.\u00aa y 13.\u00aa generaci\u00f3n, enfocada en ofrecer rendimiento equilibrado, buena conectividad y compatibilidad con memoria DDR4. Ideal para PCs de oficina, gaming o productividad con soporte para componentes modernos y caracter\u00edsticas robustas. Especificaciones T\u00e9cnicas Factor de forma: micro-ATX Chipset: Intel B760 Socket: LGA 1700 (Intel 12\u00aa \/ 13\u00aa generaci\u00f3n) Memoria RAM: Tipo: DDR4 Soporta hasta 128 GB Canales: Dual-Channel Velocidades soportadas: hasta DDR4 5333 MHz (OC) Ranuras de expansi\u00f3n: 1 \u00d7 PCI-Express x16 (PCIe 4.0) 2 \u00d7 PCI-Express x1 Almacenamiento: 2 \u00d7 M.2 slots (PCIe Gen4\/Gen3) 4 \u00d7 SATA III 6 Gb\/s Audio: Soluci\u00f3n de audio integrada con sonido de alta definici\u00f3n Red \/ LAN: Ethernet Gigabit integrado Puertos USB (traseros): Varias opciones USB 3.x y USB 2.0 Salidas de video (integradas): HDMI DisplayPort Conectores internos: Ventiladores CPU \/ chasis USB 2.0 \/ USB 3.x headers RGB \/ ARGB headers BIOS: UEFI con soporte de overclock ligero y actualizaci\u00f3n sin CPU Soporte de gr\u00e1ficos integrados: S\u00ed (depende de CPU con iGPU) Dimensiones: Est\u00e1ndar micro-ATX Caracter\u00edsticas destacadas Compatible con Intel 12.\u00aa y 13.\u00aa generaci\u00f3n en socket LGA 1700 Soporta memoria DDR4 de alta velocidad con perfiles OC Varios slots M.2 para almacenamiento SSD ultrarr\u00e1pido Buen conjunto de puertos USB y conectividad moderna Soluci\u00f3n de audio integrada de calidad para gaming y multimedia Formato micro-ATX compacto, ideal para gabinetes peque\u00f1os o medianos BIOS amigable y herramientas MSI para ajustes de rendimiento Soporta gr\u00e1ficos integrados (con CPU compatible), ideal para builds sin GPU dedicada\" \/>\n<meta property=\"og:url\" content=\"https:\/\/unitgames.com.ar\/pc-gamer\/producto\/motherboard-msi-b760m-e-ddr4\/\" \/>\n<meta property=\"og:site_name\" content=\"UnitGames\" \/>\n<meta property=\"article:modified_time\" content=\"2026-02-01T14:12:34+00:00\" \/>\n<meta property=\"og:image\" content=\"https:\/\/unitgames.com.ar\/pc-gamer\/wp-content\/uploads\/2026\/01\/Motherboard-MSI-B760M-E-DDR4.png\" \/>\n\t<meta property=\"og:image:width\" content=\"1538\" \/>\n\t<meta property=\"og:image:height\" content=\"1542\" \/>\n\t<meta property=\"og:image:type\" content=\"image\/png\" \/>\n<meta name=\"twitter:card\" content=\"summary_large_image\" \/>\n<meta name=\"twitter:label1\" content=\"Tiempo de lectura\" \/>\n\t<meta name=\"twitter:data1\" content=\"2 minutos\" \/>\n<script type=\"application\/ld+json\" class=\"yoast-schema-graph\">{\"@context\":\"https:\\\/\\\/schema.org\",\"@graph\":[{\"@type\":\"WebPage\",\"@id\":\"https:\\\/\\\/unitgames.com.ar\\\/pc-gamer\\\/producto\\\/motherboard-msi-b760m-e-ddr4\\\/\",\"url\":\"https:\\\/\\\/unitgames.com.ar\\\/pc-gamer\\\/producto\\\/motherboard-msi-b760m-e-ddr4\\\/\",\"name\":\"Motherboard MSI B760M-E DDR4 - UnitGames\",\"isPartOf\":{\"@id\":\"https:\\\/\\\/unitgames.com.ar\\\/pc-gamer\\\/#website\"},\"primaryImageOfPage\":{\"@id\":\"https:\\\/\\\/unitgames.com.ar\\\/pc-gamer\\\/producto\\\/motherboard-msi-b760m-e-ddr4\\\/#primaryimage\"},\"image\":{\"@id\":\"https:\\\/\\\/unitgames.com.ar\\\/pc-gamer\\\/producto\\\/motherboard-msi-b760m-e-ddr4\\\/#primaryimage\"},\"thumbnailUrl\":\"https:\\\/\\\/unitgames.com.ar\\\/pc-gamer\\\/wp-content\\\/uploads\\\/2026\\\/01\\\/Motherboard-MSI-B760M-E-DDR4.png\",\"datePublished\":\"2026-01-08T13:42:16+00:00\",\"dateModified\":\"2026-02-01T14:12:34+00:00\",\"breadcrumb\":{\"@id\":\"https:\\\/\\\/unitgames.com.ar\\\/pc-gamer\\\/producto\\\/motherboard-msi-b760m-e-ddr4\\\/#breadcrumb\"},\"inLanguage\":\"es\",\"potentialAction\":[{\"@type\":\"ReadAction\",\"target\":[\"https:\\\/\\\/unitgames.com.ar\\\/pc-gamer\\\/producto\\\/motherboard-msi-b760m-e-ddr4\\\/\"]}]},{\"@type\":\"ImageObject\",\"inLanguage\":\"es\",\"@id\":\"https:\\\/\\\/unitgames.com.ar\\\/pc-gamer\\\/producto\\\/motherboard-msi-b760m-e-ddr4\\\/#primaryimage\",\"url\":\"https:\\\/\\\/unitgames.com.ar\\\/pc-gamer\\\/wp-content\\\/uploads\\\/2026\\\/01\\\/Motherboard-MSI-B760M-E-DDR4.png\",\"contentUrl\":\"https:\\\/\\\/unitgames.com.ar\\\/pc-gamer\\\/wp-content\\\/uploads\\\/2026\\\/01\\\/Motherboard-MSI-B760M-E-DDR4.png\",\"width\":1538,\"height\":1542},{\"@type\":\"BreadcrumbList\",\"@id\":\"https:\\\/\\\/unitgames.com.ar\\\/pc-gamer\\\/producto\\\/motherboard-msi-b760m-e-ddr4\\\/#breadcrumb\",\"itemListElement\":[{\"@type\":\"ListItem\",\"position\":1,\"name\":\"Tienda\",\"item\":\"https:\\\/\\\/unitgames.com.ar\\\/pc-gamer\\\/tienda\\\/\"},{\"@type\":\"ListItem\",\"position\":2,\"name\":\"Motherboard MSI B760M-E DDR4\"}]},{\"@type\":\"WebSite\",\"@id\":\"https:\\\/\\\/unitgames.com.ar\\\/pc-gamer\\\/#website\",\"url\":\"https:\\\/\\\/unitgames.com.ar\\\/pc-gamer\\\/\",\"name\":\"UnitGames\",\"description\":\"Venta de PC Gamers, Consolas , Servicio Tecnico Especializado. Todos en Accesorios Informaticos y Gamers\",\"publisher\":{\"@id\":\"https:\\\/\\\/unitgames.com.ar\\\/pc-gamer\\\/#organization\"},\"potentialAction\":[{\"@type\":\"SearchAction\",\"target\":{\"@type\":\"EntryPoint\",\"urlTemplate\":\"https:\\\/\\\/unitgames.com.ar\\\/pc-gamer\\\/?s={search_term_string}\"},\"query-input\":{\"@type\":\"PropertyValueSpecification\",\"valueRequired\":true,\"valueName\":\"search_term_string\"}}],\"inLanguage\":\"es\"},{\"@type\":\"Organization\",\"@id\":\"https:\\\/\\\/unitgames.com.ar\\\/pc-gamer\\\/#organization\",\"name\":\"UnitGames\",\"url\":\"https:\\\/\\\/unitgames.com.ar\\\/pc-gamer\\\/\",\"logo\":{\"@type\":\"ImageObject\",\"inLanguage\":\"es\",\"@id\":\"https:\\\/\\\/unitgames.com.ar\\\/pc-gamer\\\/#\\\/schema\\\/logo\\\/image\\\/\",\"url\":\"https:\\\/\\\/unitgames.com.ar\\\/pc-gamer\\\/wp-content\\\/uploads\\\/2021\\\/01\\\/cropped-logoUnitGames2.png\",\"contentUrl\":\"https:\\\/\\\/unitgames.com.ar\\\/pc-gamer\\\/wp-content\\\/uploads\\\/2021\\\/01\\\/cropped-logoUnitGames2.png\",\"width\":152,\"height\":200,\"caption\":\"UnitGames\"},\"image\":{\"@id\":\"https:\\\/\\\/unitgames.com.ar\\\/pc-gamer\\\/#\\\/schema\\\/logo\\\/image\\\/\"}}]}<\/script>\n<!-- \/ Yoast SEO plugin. -->","yoast_head_json":{"title":"Motherboard MSI B760M-E DDR4 - UnitGames","robots":{"index":"index","follow":"follow","max-snippet":"max-snippet:-1","max-image-preview":"max-image-preview:large","max-video-preview":"max-video-preview:-1"},"canonical":"https:\/\/unitgames.com.ar\/pc-gamer\/producto\/motherboard-msi-b760m-e-ddr4\/","og_locale":"es_ES","og_type":"article","og_title":"Motherboard MSI B760M-E DDR4 - UnitGames","og_description":"La MSI B760M-E DDR4 es una placa base micro-ATX dise\u00f1ada para procesadores Intel de 12.\u00aa y 13.\u00aa generaci\u00f3n, enfocada en ofrecer rendimiento equilibrado, buena conectividad y compatibilidad con memoria DDR4. Ideal para PCs de oficina, gaming o productividad con soporte para componentes modernos y caracter\u00edsticas robustas. Especificaciones T\u00e9cnicas Factor de forma: micro-ATX Chipset: Intel B760 Socket: LGA 1700 (Intel 12\u00aa \/ 13\u00aa generaci\u00f3n) Memoria RAM: Tipo: DDR4 Soporta hasta 128 GB Canales: Dual-Channel Velocidades soportadas: hasta DDR4 5333 MHz (OC) Ranuras de expansi\u00f3n: 1 \u00d7 PCI-Express x16 (PCIe 4.0) 2 \u00d7 PCI-Express x1 Almacenamiento: 2 \u00d7 M.2 slots (PCIe Gen4\/Gen3) 4 \u00d7 SATA III 6 Gb\/s Audio: Soluci\u00f3n de audio integrada con sonido de alta definici\u00f3n Red \/ LAN: Ethernet Gigabit integrado Puertos USB (traseros): Varias opciones USB 3.x y USB 2.0 Salidas de video (integradas): HDMI DisplayPort Conectores internos: Ventiladores CPU \/ chasis USB 2.0 \/ USB 3.x headers RGB \/ ARGB headers BIOS: UEFI con soporte de overclock ligero y actualizaci\u00f3n sin CPU Soporte de gr\u00e1ficos integrados: S\u00ed (depende de CPU con iGPU) Dimensiones: Est\u00e1ndar micro-ATX Caracter\u00edsticas destacadas Compatible con Intel 12.\u00aa y 13.\u00aa generaci\u00f3n en socket LGA 1700 Soporta memoria DDR4 de alta velocidad con perfiles OC Varios slots M.2 para almacenamiento SSD ultrarr\u00e1pido Buen conjunto de puertos USB y conectividad moderna Soluci\u00f3n de audio integrada de calidad para gaming y multimedia Formato micro-ATX compacto, ideal para gabinetes peque\u00f1os o medianos BIOS amigable y herramientas MSI para ajustes de rendimiento Soporta gr\u00e1ficos integrados (con CPU compatible), ideal para builds sin GPU dedicada","og_url":"https:\/\/unitgames.com.ar\/pc-gamer\/producto\/motherboard-msi-b760m-e-ddr4\/","og_site_name":"UnitGames","article_modified_time":"2026-02-01T14:12:34+00:00","og_image":[{"width":1538,"height":1542,"url":"https:\/\/unitgames.com.ar\/pc-gamer\/wp-content\/uploads\/2026\/01\/Motherboard-MSI-B760M-E-DDR4.png","type":"image\/png"}],"twitter_card":"summary_large_image","twitter_misc":{"Tiempo de lectura":"2 minutos"},"schema":{"@context":"https:\/\/schema.org","@graph":[{"@type":"WebPage","@id":"https:\/\/unitgames.com.ar\/pc-gamer\/producto\/motherboard-msi-b760m-e-ddr4\/","url":"https:\/\/unitgames.com.ar\/pc-gamer\/producto\/motherboard-msi-b760m-e-ddr4\/","name":"Motherboard MSI B760M-E DDR4 - UnitGames","isPartOf":{"@id":"https:\/\/unitgames.com.ar\/pc-gamer\/#website"},"primaryImageOfPage":{"@id":"https:\/\/unitgames.com.ar\/pc-gamer\/producto\/motherboard-msi-b760m-e-ddr4\/#primaryimage"},"image":{"@id":"https:\/\/unitgames.com.ar\/pc-gamer\/producto\/motherboard-msi-b760m-e-ddr4\/#primaryimage"},"thumbnailUrl":"https:\/\/unitgames.com.ar\/pc-gamer\/wp-content\/uploads\/2026\/01\/Motherboard-MSI-B760M-E-DDR4.png","datePublished":"2026-01-08T13:42:16+00:00","dateModified":"2026-02-01T14:12:34+00:00","breadcrumb":{"@id":"https:\/\/unitgames.com.ar\/pc-gamer\/producto\/motherboard-msi-b760m-e-ddr4\/#breadcrumb"},"inLanguage":"es","potentialAction":[{"@type":"ReadAction","target":["https:\/\/unitgames.com.ar\/pc-gamer\/producto\/motherboard-msi-b760m-e-ddr4\/"]}]},{"@type":"ImageObject","inLanguage":"es","@id":"https:\/\/unitgames.com.ar\/pc-gamer\/producto\/motherboard-msi-b760m-e-ddr4\/#primaryimage","url":"https:\/\/unitgames.com.ar\/pc-gamer\/wp-content\/uploads\/2026\/01\/Motherboard-MSI-B760M-E-DDR4.png","contentUrl":"https:\/\/unitgames.com.ar\/pc-gamer\/wp-content\/uploads\/2026\/01\/Motherboard-MSI-B760M-E-DDR4.png","width":1538,"height":1542},{"@type":"BreadcrumbList","@id":"https:\/\/unitgames.com.ar\/pc-gamer\/producto\/motherboard-msi-b760m-e-ddr4\/#breadcrumb","itemListElement":[{"@type":"ListItem","position":1,"name":"Tienda","item":"https:\/\/unitgames.com.ar\/pc-gamer\/tienda\/"},{"@type":"ListItem","position":2,"name":"Motherboard MSI B760M-E DDR4"}]},{"@type":"WebSite","@id":"https:\/\/unitgames.com.ar\/pc-gamer\/#website","url":"https:\/\/unitgames.com.ar\/pc-gamer\/","name":"UnitGames","description":"Venta de PC Gamers, Consolas , Servicio Tecnico Especializado. Todos en Accesorios Informaticos y Gamers","publisher":{"@id":"https:\/\/unitgames.com.ar\/pc-gamer\/#organization"},"potentialAction":[{"@type":"SearchAction","target":{"@type":"EntryPoint","urlTemplate":"https:\/\/unitgames.com.ar\/pc-gamer\/?s={search_term_string}"},"query-input":{"@type":"PropertyValueSpecification","valueRequired":true,"valueName":"search_term_string"}}],"inLanguage":"es"},{"@type":"Organization","@id":"https:\/\/unitgames.com.ar\/pc-gamer\/#organization","name":"UnitGames","url":"https:\/\/unitgames.com.ar\/pc-gamer\/","logo":{"@type":"ImageObject","inLanguage":"es","@id":"https:\/\/unitgames.com.ar\/pc-gamer\/#\/schema\/logo\/image\/","url":"https:\/\/unitgames.com.ar\/pc-gamer\/wp-content\/uploads\/2021\/01\/cropped-logoUnitGames2.png","contentUrl":"https:\/\/unitgames.com.ar\/pc-gamer\/wp-content\/uploads\/2021\/01\/cropped-logoUnitGames2.png","width":152,"height":200,"caption":"UnitGames"},"image":{"@id":"https:\/\/unitgames.com.ar\/pc-gamer\/#\/schema\/logo\/image\/"}}]}},"_links":{"self":[{"href":"https:\/\/unitgames.com.ar\/pc-gamer\/wp-json\/wp\/v2\/product\/19121","targetHints":{"allow":["GET"]}}],"collection":[{"href":"https:\/\/unitgames.com.ar\/pc-gamer\/wp-json\/wp\/v2\/product"}],"about":[{"href":"https:\/\/unitgames.com.ar\/pc-gamer\/wp-json\/wp\/v2\/types\/product"}],"version-history":[{"count":0,"href":"https:\/\/unitgames.com.ar\/pc-gamer\/wp-json\/wp\/v2\/product\/19121\/revisions"}],"wp:featuredmedia":[{"embeddable":true,"href":"https:\/\/unitgames.com.ar\/pc-gamer\/wp-json\/wp\/v2\/media\/19453"}],"wp:attachment":[{"href":"https:\/\/unitgames.com.ar\/pc-gamer\/wp-json\/wp\/v2\/media?parent=19121"}],"wp:term":[{"taxonomy":"product_brand","embeddable":true,"href":"https:\/\/unitgames.com.ar\/pc-gamer\/wp-json\/wp\/v2\/product_brand?post=19121"},{"taxonomy":"product_cat","embeddable":true,"href":"https:\/\/unitgames.com.ar\/pc-gamer\/wp-json\/wp\/v2\/product_cat?post=19121"},{"taxonomy":"product_tag","embeddable":true,"href":"https:\/\/unitgames.com.ar\/pc-gamer\/wp-json\/wp\/v2\/product_tag?post=19121"}],"curies":[{"name":"wp","href":"https:\/\/api.w.org\/{rel}","templated":true}]}}