{"id":1922,"date":"2021-01-04T19:45:37","date_gmt":"2021-01-04T19:45:37","guid":{"rendered":"https:\/\/unitgames.com.ar\/pc-gamers\/producto\/mouse-redragon-invader-m719-rgb\/"},"modified":"2026-01-17T10:42:31","modified_gmt":"2026-01-17T13:42:31","slug":"mouse-redragon-invader-m719-rgb","status":"publish","type":"product","link":"https:\/\/unitgames.com.ar\/pc-gamer\/producto\/mouse-redragon-invader-m719-rgb\/","title":{"rendered":"Mouse REDRAGON Invader M719-RGB"},"content":{"rendered":"<p>\u00e1cil de configurar, iluminaci\u00f3n RGB configurable y precisi\u00f3n son las que har\u00e1n que este mouse sea el indicado para sumarse a tu escritorio. C\u00f3modo dise\u00f1o ambidiestro de perfil sobrio y elegante, lo convierten en un mouse confortable que se adapta a cualquier tipo de agarre.<\/p>\n<p><b>ILUMINACI\u00d3N RGB<\/b><br \/>\nEste mouse tiene todo lo que demanden los amantes de la est\u00e9tica, con iluminaci\u00f3n de 16.8 millones de colores obtendremos el efecto deseado para nuestro setup.<\/p>\n<p><b>DE 100 A 10.000 DPI EN UNOS POCOS CLICKS<\/b><br \/>\nEl Invader posee la capacidad de almacenar hasta cinco configuraciones de DPI, que pueden ir desde los 100 a los 10.000 DPI regul\u00e1ndolos desde su software.<\/p>\n<p><b>CONSTRUCCI\u00d3N<\/b><br \/>\nConstru\u00eddo en una carcasa de pl\u00e1stico ABS reforzado, y con un cable mallado de 1.8 metros obtenemos un mouse duradero y confiable que cubre los 8 botones del Invader. En su interior tenemos un sensor \u00f3ptico Pixart 3325 junto a switches Omron, la mejor combinaci\u00f3n posible.<\/p>\n<p><b>BOTONES CONFIGURABLES<\/b><br \/>\nDe los 8 botones que posee el Invader, 7 son programables, resaltando entre todos el bot\u00f3n Rapid Fire, preconfigurado como double tap pensado para burst-fire. Que nadie se escape de ti.<\/p>\n<p><b>ESPECIFICACIONES<\/b><br \/>\n\u2013 Botones Programables: 8<br \/>\n\u2013 TIpo de agarre: Claw, Fingertip<br \/>\n\u2013 Orientaci\u00f3n: Ambidiestro<br \/>\n\u2013 Cable: mallado de 1.8 m<br \/>\n\u2013 Conexi\u00f3n: cableado USB<br \/>\n\u2013 Modelo Sensor: Pixart 3325 \u00f3ptico<br \/>\n\u2013 Switches: Omron\/10 millones de clicks<br \/>\n\u2013 Retroiluminaci\u00f3n: Si, RGB Chroma<br \/>\n\u2013 DPI Minimo: 100<br \/>\n\u2013 DPI Maximo: 10000<br \/>\n\u2013 Frecuencia de respuesta: 125 Hz \/ 1000 Hz<br \/>\n\u2013 Peso: 93g<br \/>\n\u2013 Dimensiones: 11.7\u00d76.35\u00d73.9 cm<br \/>\n\u2013 Sistema de Pesas: No<br \/>\n\u2013 Extras: N\/A<br \/>\n\u2013 Software: SI<\/p>\n","protected":false},"excerpt":{"rendered":"<p>\u00e1cil de configurar, iluminaci\u00f3n RGB configurable y precisi\u00f3n son las que har\u00e1n que este mouse sea el indicado para sumarse a tu escritorio. C\u00f3modo dise\u00f1o ambidiestro de perfil sobrio y elegante, lo convierten en un mouse confortable que se adapta a cualquier tipo de agarre. ILUMINACI\u00d3N RGB Este mouse tiene todo lo que demanden los amantes de la est\u00e9tica, con iluminaci\u00f3n de 16.8 millones de colores obtendremos el efecto deseado para nuestro setup. DE 100 A 10.000 DPI EN UNOS POCOS CLICKS El Invader posee la capacidad de almacenar hasta cinco configuraciones de DPI, que pueden ir desde los 100 a los 10.000 DPI regul\u00e1ndolos desde su software. CONSTRUCCI\u00d3N Constru\u00eddo en una carcasa de pl\u00e1stico ABS reforzado, y con un cable mallado de 1.8 metros obtenemos un mouse duradero y confiable que cubre los 8 botones del Invader. En su interior tenemos un sensor \u00f3ptico Pixart 3325 junto a switches Omron, la mejor combinaci\u00f3n posible. BOTONES CONFIGURABLES De los 8 botones que posee el Invader, 7 son programables, resaltando entre todos el bot\u00f3n Rapid Fire, preconfigurado como double tap pensado para burst-fire. Que nadie se escape de ti. ESPECIFICACIONES \u2013 Botones Programables: 8 \u2013 TIpo de agarre: Claw, Fingertip \u2013 Orientaci\u00f3n: Ambidiestro \u2013 Cable: mallado de 1.8 m \u2013 Conexi\u00f3n: cableado USB \u2013 Modelo Sensor: Pixart 3325 \u00f3ptico \u2013 Switches: Omron\/10 millones de clicks \u2013 Retroiluminaci\u00f3n: Si, RGB Chroma \u2013 DPI Minimo: 100 \u2013 DPI Maximo: 10000 \u2013 Frecuencia de respuesta: 125 Hz \/ 1000 Hz \u2013 Peso: 93g \u2013 Dimensiones: 11.7\u00d76.35\u00d73.9 cm \u2013 Sistema de Pesas: No \u2013 Extras: N\/A \u2013 Software: SI<\/p>\n","protected":false},"featured_media":9797,"template":"","meta":{"site-sidebar-layout":"default","site-content-layout":"","ast-site-content-layout":"default","site-content-style":"default","site-sidebar-style":"default","ast-global-header-display":"","ast-banner-title-visibility":"","ast-main-header-display":"","ast-hfb-above-header-display":"","ast-hfb-below-header-display":"","ast-hfb-mobile-header-display":"","site-post-title":"","ast-breadcrumbs-content":"","ast-featured-img":"","footer-sml-layout":"","theme-transparent-header-meta":"","adv-header-id-meta":"","stick-header-meta":"","header-above-stick-meta":"","header-main-stick-meta":"","header-below-stick-meta":"","astra-migrate-meta-layouts":"default","ast-page-background-enabled":"default","ast-page-background-meta":{"desktop":{"background-color":"var(--ast-global-color-5)","background-image":"","background-repeat":"repeat","background-position":"center center","background-size":"auto","background-attachment":"scroll","background-type":"","background-media":"","overlay-type":"","overlay-color":"","overlay-opacity":"","overlay-gradient":""},"tablet":{"background-color":"","background-image":"","background-repeat":"repeat","background-position":"center center","background-size":"auto","background-attachment":"scroll","background-type":"","background-media":"","overlay-type":"","overlay-color":"","overlay-opacity":"","overlay-gradient":""},"mobile":{"background-color":"","background-image":"","background-repeat":"repeat","background-position":"center center","background-size":"auto","background-attachment":"scroll","background-type":"","background-media":"","overlay-type":"","overlay-color":"","overlay-opacity":"","overlay-gradient":""}},"ast-content-background-meta":{"desktop":{"background-color":"var(--ast-global-color-4)","background-image":"","background-repeat":"repeat","background-position":"center center","background-size":"auto","background-attachment":"scroll","background-type":"","background-media":"","overlay-type":"","overlay-color":"","overlay-opacity":"","overlay-gradient":""},"tablet":{"background-color":"var(--ast-global-color-4)","background-image":"","background-repeat":"repeat","background-position":"center center","background-size":"auto","background-attachment":"scroll","background-type":"","background-media":"","overlay-type":"","overlay-color":"","overlay-opacity":"","overlay-gradient":""},"mobile":{"background-color":"var(--ast-global-color-4)","background-image":"","background-repeat":"repeat","background-position":"center center","background-size":"auto","background-attachment":"scroll","background-type":"","background-media":"","overlay-type":"","overlay-color":"","overlay-opacity":"","overlay-gradient":""}},"_joinchat":[]},"product_brand":[],"product_cat":[89],"product_tag":[],"class_list":{"0":"post-1922","1":"product","2":"type-product","3":"status-publish","4":"has-post-thumbnail","6":"product_cat-gamers-competitivos","7":"desktop-align-center","8":"tablet-align-left","9":"mobile-align-left","11":"first","12":"instock","13":"shipping-taxable","14":"purchasable","15":"product-type-simple"},"yoast_head":"<!-- This site is optimized with the Yoast SEO plugin v27.5 - https:\/\/yoast.com\/product\/yoast-seo-wordpress\/ -->\n<title>Mouse REDRAGON Invader M719-RGB - UnitGames<\/title>\n<meta name=\"robots\" content=\"index, follow, max-snippet:-1, max-image-preview:large, max-video-preview:-1\" \/>\n<link rel=\"canonical\" href=\"https:\/\/unitgames.com.ar\/pc-gamer\/producto\/mouse-redragon-invader-m719-rgb\/\" \/>\n<meta property=\"og:locale\" content=\"es_ES\" \/>\n<meta property=\"og:type\" content=\"article\" \/>\n<meta property=\"og:title\" content=\"Mouse REDRAGON Invader M719-RGB - UnitGames\" \/>\n<meta property=\"og:description\" content=\"\u00e1cil de configurar, iluminaci\u00f3n RGB configurable y precisi\u00f3n son las que har\u00e1n que este mouse sea el indicado para sumarse a tu escritorio. C\u00f3modo dise\u00f1o ambidiestro de perfil sobrio y elegante, lo convierten en un mouse confortable que se adapta a cualquier tipo de agarre. ILUMINACI\u00d3N RGB Este mouse tiene todo lo que demanden los amantes de la est\u00e9tica, con iluminaci\u00f3n de 16.8 millones de colores obtendremos el efecto deseado para nuestro setup. DE 100 A 10.000 DPI EN UNOS POCOS CLICKS El Invader posee la capacidad de almacenar hasta cinco configuraciones de DPI, que pueden ir desde los 100 a los 10.000 DPI regul\u00e1ndolos desde su software. CONSTRUCCI\u00d3N Constru\u00eddo en una carcasa de pl\u00e1stico ABS reforzado, y con un cable mallado de 1.8 metros obtenemos un mouse duradero y confiable que cubre los 8 botones del Invader. En su interior tenemos un sensor \u00f3ptico Pixart 3325 junto a switches Omron, la mejor combinaci\u00f3n posible. BOTONES CONFIGURABLES De los 8 botones que posee el Invader, 7 son programables, resaltando entre todos el bot\u00f3n Rapid Fire, preconfigurado como double tap pensado para burst-fire. Que nadie se escape de ti. ESPECIFICACIONES \u2013 Botones Programables: 8 \u2013 TIpo de agarre: Claw, Fingertip \u2013 Orientaci\u00f3n: Ambidiestro \u2013 Cable: mallado de 1.8 m \u2013 Conexi\u00f3n: cableado USB \u2013 Modelo Sensor: Pixart 3325 \u00f3ptico \u2013 Switches: Omron\/10 millones de clicks \u2013 Retroiluminaci\u00f3n: Si, RGB Chroma \u2013 DPI Minimo: 100 \u2013 DPI Maximo: 10000 \u2013 Frecuencia de respuesta: 125 Hz \/ 1000 Hz \u2013 Peso: 93g \u2013 Dimensiones: 11.7\u00d76.35\u00d73.9 cm \u2013 Sistema de Pesas: No \u2013 Extras: N\/A \u2013 Software: SI\" \/>\n<meta property=\"og:url\" content=\"https:\/\/unitgames.com.ar\/pc-gamer\/producto\/mouse-redragon-invader-m719-rgb\/\" \/>\n<meta property=\"og:site_name\" content=\"UnitGames\" \/>\n<meta property=\"article:modified_time\" content=\"2026-01-17T13:42:31+00:00\" \/>\n<meta property=\"og:image\" content=\"https:\/\/unitgames.com.ar\/pc-gamer\/wp-content\/uploads\/2021\/01\/Mouse-REDRAGON-INVADER-M719-RGB.png\" \/>\n\t<meta property=\"og:image:width\" content=\"1283\" \/>\n\t<meta property=\"og:image:height\" content=\"1283\" \/>\n\t<meta property=\"og:image:type\" content=\"image\/png\" \/>\n<meta name=\"twitter:card\" content=\"summary_large_image\" \/>\n<meta name=\"twitter:label1\" content=\"Tiempo de lectura\" \/>\n\t<meta name=\"twitter:data1\" content=\"2 minutos\" \/>\n<script type=\"application\/ld+json\" class=\"yoast-schema-graph\">{\"@context\":\"https:\\\/\\\/schema.org\",\"@graph\":[{\"@type\":\"WebPage\",\"@id\":\"https:\\\/\\\/unitgames.com.ar\\\/pc-gamer\\\/producto\\\/mouse-redragon-invader-m719-rgb\\\/\",\"url\":\"https:\\\/\\\/unitgames.com.ar\\\/pc-gamer\\\/producto\\\/mouse-redragon-invader-m719-rgb\\\/\",\"name\":\"Mouse REDRAGON Invader M719-RGB - UnitGames\",\"isPartOf\":{\"@id\":\"https:\\\/\\\/unitgames.com.ar\\\/pc-gamer\\\/#website\"},\"primaryImageOfPage\":{\"@id\":\"https:\\\/\\\/unitgames.com.ar\\\/pc-gamer\\\/producto\\\/mouse-redragon-invader-m719-rgb\\\/#primaryimage\"},\"image\":{\"@id\":\"https:\\\/\\\/unitgames.com.ar\\\/pc-gamer\\\/producto\\\/mouse-redragon-invader-m719-rgb\\\/#primaryimage\"},\"thumbnailUrl\":\"https:\\\/\\\/unitgames.com.ar\\\/pc-gamer\\\/wp-content\\\/uploads\\\/2021\\\/01\\\/Mouse-REDRAGON-INVADER-M719-RGB.png\",\"datePublished\":\"2021-01-04T19:45:37+00:00\",\"dateModified\":\"2026-01-17T13:42:31+00:00\",\"breadcrumb\":{\"@id\":\"https:\\\/\\\/unitgames.com.ar\\\/pc-gamer\\\/producto\\\/mouse-redragon-invader-m719-rgb\\\/#breadcrumb\"},\"inLanguage\":\"es\",\"potentialAction\":[{\"@type\":\"ReadAction\",\"target\":[\"https:\\\/\\\/unitgames.com.ar\\\/pc-gamer\\\/producto\\\/mouse-redragon-invader-m719-rgb\\\/\"]}]},{\"@type\":\"ImageObject\",\"inLanguage\":\"es\",\"@id\":\"https:\\\/\\\/unitgames.com.ar\\\/pc-gamer\\\/producto\\\/mouse-redragon-invader-m719-rgb\\\/#primaryimage\",\"url\":\"https:\\\/\\\/unitgames.com.ar\\\/pc-gamer\\\/wp-content\\\/uploads\\\/2021\\\/01\\\/Mouse-REDRAGON-INVADER-M719-RGB.png\",\"contentUrl\":\"https:\\\/\\\/unitgames.com.ar\\\/pc-gamer\\\/wp-content\\\/uploads\\\/2021\\\/01\\\/Mouse-REDRAGON-INVADER-M719-RGB.png\",\"width\":1283,\"height\":1283},{\"@type\":\"BreadcrumbList\",\"@id\":\"https:\\\/\\\/unitgames.com.ar\\\/pc-gamer\\\/producto\\\/mouse-redragon-invader-m719-rgb\\\/#breadcrumb\",\"itemListElement\":[{\"@type\":\"ListItem\",\"position\":1,\"name\":\"Tienda\",\"item\":\"https:\\\/\\\/unitgames.com.ar\\\/pc-gamer\\\/tienda\\\/\"},{\"@type\":\"ListItem\",\"position\":2,\"name\":\"Mouse REDRAGON Invader M719-RGB\"}]},{\"@type\":\"WebSite\",\"@id\":\"https:\\\/\\\/unitgames.com.ar\\\/pc-gamer\\\/#website\",\"url\":\"https:\\\/\\\/unitgames.com.ar\\\/pc-gamer\\\/\",\"name\":\"UnitGames\",\"description\":\"Venta de PC Gamers, Consolas , Servicio Tecnico Especializado. Todos en Accesorios Informaticos y Gamers\",\"publisher\":{\"@id\":\"https:\\\/\\\/unitgames.com.ar\\\/pc-gamer\\\/#organization\"},\"potentialAction\":[{\"@type\":\"SearchAction\",\"target\":{\"@type\":\"EntryPoint\",\"urlTemplate\":\"https:\\\/\\\/unitgames.com.ar\\\/pc-gamer\\\/?s={search_term_string}\"},\"query-input\":{\"@type\":\"PropertyValueSpecification\",\"valueRequired\":true,\"valueName\":\"search_term_string\"}}],\"inLanguage\":\"es\"},{\"@type\":\"Organization\",\"@id\":\"https:\\\/\\\/unitgames.com.ar\\\/pc-gamer\\\/#organization\",\"name\":\"UnitGames\",\"url\":\"https:\\\/\\\/unitgames.com.ar\\\/pc-gamer\\\/\",\"logo\":{\"@type\":\"ImageObject\",\"inLanguage\":\"es\",\"@id\":\"https:\\\/\\\/unitgames.com.ar\\\/pc-gamer\\\/#\\\/schema\\\/logo\\\/image\\\/\",\"url\":\"https:\\\/\\\/unitgames.com.ar\\\/pc-gamer\\\/wp-content\\\/uploads\\\/2021\\\/01\\\/cropped-logoUnitGames2.png\",\"contentUrl\":\"https:\\\/\\\/unitgames.com.ar\\\/pc-gamer\\\/wp-content\\\/uploads\\\/2021\\\/01\\\/cropped-logoUnitGames2.png\",\"width\":152,\"height\":200,\"caption\":\"UnitGames\"},\"image\":{\"@id\":\"https:\\\/\\\/unitgames.com.ar\\\/pc-gamer\\\/#\\\/schema\\\/logo\\\/image\\\/\"}}]}<\/script>\n<!-- \/ Yoast SEO plugin. -->","yoast_head_json":{"title":"Mouse REDRAGON Invader M719-RGB - UnitGames","robots":{"index":"index","follow":"follow","max-snippet":"max-snippet:-1","max-image-preview":"max-image-preview:large","max-video-preview":"max-video-preview:-1"},"canonical":"https:\/\/unitgames.com.ar\/pc-gamer\/producto\/mouse-redragon-invader-m719-rgb\/","og_locale":"es_ES","og_type":"article","og_title":"Mouse REDRAGON Invader M719-RGB - UnitGames","og_description":"\u00e1cil de configurar, iluminaci\u00f3n RGB configurable y precisi\u00f3n son las que har\u00e1n que este mouse sea el indicado para sumarse a tu escritorio. C\u00f3modo dise\u00f1o ambidiestro de perfil sobrio y elegante, lo convierten en un mouse confortable que se adapta a cualquier tipo de agarre. ILUMINACI\u00d3N RGB Este mouse tiene todo lo que demanden los amantes de la est\u00e9tica, con iluminaci\u00f3n de 16.8 millones de colores obtendremos el efecto deseado para nuestro setup. DE 100 A 10.000 DPI EN UNOS POCOS CLICKS El Invader posee la capacidad de almacenar hasta cinco configuraciones de DPI, que pueden ir desde los 100 a los 10.000 DPI regul\u00e1ndolos desde su software. CONSTRUCCI\u00d3N Constru\u00eddo en una carcasa de pl\u00e1stico ABS reforzado, y con un cable mallado de 1.8 metros obtenemos un mouse duradero y confiable que cubre los 8 botones del Invader. En su interior tenemos un sensor \u00f3ptico Pixart 3325 junto a switches Omron, la mejor combinaci\u00f3n posible. BOTONES CONFIGURABLES De los 8 botones que posee el Invader, 7 son programables, resaltando entre todos el bot\u00f3n Rapid Fire, preconfigurado como double tap pensado para burst-fire. Que nadie se escape de ti. ESPECIFICACIONES \u2013 Botones Programables: 8 \u2013 TIpo de agarre: Claw, Fingertip \u2013 Orientaci\u00f3n: Ambidiestro \u2013 Cable: mallado de 1.8 m \u2013 Conexi\u00f3n: cableado USB \u2013 Modelo Sensor: Pixart 3325 \u00f3ptico \u2013 Switches: Omron\/10 millones de clicks \u2013 Retroiluminaci\u00f3n: Si, RGB Chroma \u2013 DPI Minimo: 100 \u2013 DPI Maximo: 10000 \u2013 Frecuencia de respuesta: 125 Hz \/ 1000 Hz \u2013 Peso: 93g \u2013 Dimensiones: 11.7\u00d76.35\u00d73.9 cm \u2013 Sistema de Pesas: No \u2013 Extras: N\/A \u2013 Software: SI","og_url":"https:\/\/unitgames.com.ar\/pc-gamer\/producto\/mouse-redragon-invader-m719-rgb\/","og_site_name":"UnitGames","article_modified_time":"2026-01-17T13:42:31+00:00","og_image":[{"width":1283,"height":1283,"url":"https:\/\/unitgames.com.ar\/pc-gamer\/wp-content\/uploads\/2021\/01\/Mouse-REDRAGON-INVADER-M719-RGB.png","type":"image\/png"}],"twitter_card":"summary_large_image","twitter_misc":{"Tiempo de lectura":"2 minutos"},"schema":{"@context":"https:\/\/schema.org","@graph":[{"@type":"WebPage","@id":"https:\/\/unitgames.com.ar\/pc-gamer\/producto\/mouse-redragon-invader-m719-rgb\/","url":"https:\/\/unitgames.com.ar\/pc-gamer\/producto\/mouse-redragon-invader-m719-rgb\/","name":"Mouse REDRAGON Invader M719-RGB - UnitGames","isPartOf":{"@id":"https:\/\/unitgames.com.ar\/pc-gamer\/#website"},"primaryImageOfPage":{"@id":"https:\/\/unitgames.com.ar\/pc-gamer\/producto\/mouse-redragon-invader-m719-rgb\/#primaryimage"},"image":{"@id":"https:\/\/unitgames.com.ar\/pc-gamer\/producto\/mouse-redragon-invader-m719-rgb\/#primaryimage"},"thumbnailUrl":"https:\/\/unitgames.com.ar\/pc-gamer\/wp-content\/uploads\/2021\/01\/Mouse-REDRAGON-INVADER-M719-RGB.png","datePublished":"2021-01-04T19:45:37+00:00","dateModified":"2026-01-17T13:42:31+00:00","breadcrumb":{"@id":"https:\/\/unitgames.com.ar\/pc-gamer\/producto\/mouse-redragon-invader-m719-rgb\/#breadcrumb"},"inLanguage":"es","potentialAction":[{"@type":"ReadAction","target":["https:\/\/unitgames.com.ar\/pc-gamer\/producto\/mouse-redragon-invader-m719-rgb\/"]}]},{"@type":"ImageObject","inLanguage":"es","@id":"https:\/\/unitgames.com.ar\/pc-gamer\/producto\/mouse-redragon-invader-m719-rgb\/#primaryimage","url":"https:\/\/unitgames.com.ar\/pc-gamer\/wp-content\/uploads\/2021\/01\/Mouse-REDRAGON-INVADER-M719-RGB.png","contentUrl":"https:\/\/unitgames.com.ar\/pc-gamer\/wp-content\/uploads\/2021\/01\/Mouse-REDRAGON-INVADER-M719-RGB.png","width":1283,"height":1283},{"@type":"BreadcrumbList","@id":"https:\/\/unitgames.com.ar\/pc-gamer\/producto\/mouse-redragon-invader-m719-rgb\/#breadcrumb","itemListElement":[{"@type":"ListItem","position":1,"name":"Tienda","item":"https:\/\/unitgames.com.ar\/pc-gamer\/tienda\/"},{"@type":"ListItem","position":2,"name":"Mouse REDRAGON Invader M719-RGB"}]},{"@type":"WebSite","@id":"https:\/\/unitgames.com.ar\/pc-gamer\/#website","url":"https:\/\/unitgames.com.ar\/pc-gamer\/","name":"UnitGames","description":"Venta de PC Gamers, Consolas , Servicio Tecnico Especializado. Todos en Accesorios Informaticos y Gamers","publisher":{"@id":"https:\/\/unitgames.com.ar\/pc-gamer\/#organization"},"potentialAction":[{"@type":"SearchAction","target":{"@type":"EntryPoint","urlTemplate":"https:\/\/unitgames.com.ar\/pc-gamer\/?s={search_term_string}"},"query-input":{"@type":"PropertyValueSpecification","valueRequired":true,"valueName":"search_term_string"}}],"inLanguage":"es"},{"@type":"Organization","@id":"https:\/\/unitgames.com.ar\/pc-gamer\/#organization","name":"UnitGames","url":"https:\/\/unitgames.com.ar\/pc-gamer\/","logo":{"@type":"ImageObject","inLanguage":"es","@id":"https:\/\/unitgames.com.ar\/pc-gamer\/#\/schema\/logo\/image\/","url":"https:\/\/unitgames.com.ar\/pc-gamer\/wp-content\/uploads\/2021\/01\/cropped-logoUnitGames2.png","contentUrl":"https:\/\/unitgames.com.ar\/pc-gamer\/wp-content\/uploads\/2021\/01\/cropped-logoUnitGames2.png","width":152,"height":200,"caption":"UnitGames"},"image":{"@id":"https:\/\/unitgames.com.ar\/pc-gamer\/#\/schema\/logo\/image\/"}}]}},"_links":{"self":[{"href":"https:\/\/unitgames.com.ar\/pc-gamer\/wp-json\/wp\/v2\/product\/1922","targetHints":{"allow":["GET"]}}],"collection":[{"href":"https:\/\/unitgames.com.ar\/pc-gamer\/wp-json\/wp\/v2\/product"}],"about":[{"href":"https:\/\/unitgames.com.ar\/pc-gamer\/wp-json\/wp\/v2\/types\/product"}],"version-history":[{"count":0,"href":"https:\/\/unitgames.com.ar\/pc-gamer\/wp-json\/wp\/v2\/product\/1922\/revisions"}],"wp:featuredmedia":[{"embeddable":true,"href":"https:\/\/unitgames.com.ar\/pc-gamer\/wp-json\/wp\/v2\/media\/9797"}],"wp:attachment":[{"href":"https:\/\/unitgames.com.ar\/pc-gamer\/wp-json\/wp\/v2\/media?parent=1922"}],"wp:term":[{"taxonomy":"product_brand","embeddable":true,"href":"https:\/\/unitgames.com.ar\/pc-gamer\/wp-json\/wp\/v2\/product_brand?post=1922"},{"taxonomy":"product_cat","embeddable":true,"href":"https:\/\/unitgames.com.ar\/pc-gamer\/wp-json\/wp\/v2\/product_cat?post=1922"},{"taxonomy":"product_tag","embeddable":true,"href":"https:\/\/unitgames.com.ar\/pc-gamer\/wp-json\/wp\/v2\/product_tag?post=1922"}],"curies":[{"name":"wp","href":"https:\/\/api.w.org\/{rel}","templated":true}]}}