{"id":19289,"date":"2026-01-28T19:31:28","date_gmt":"2026-01-28T22:31:28","guid":{"rendered":"https:\/\/unitgames.com.ar\/pc-gamer\/?post_type=product&#038;p=19289"},"modified":"2026-03-10T12:38:14","modified_gmt":"2026-03-10T15:38:14","slug":"mouse-inalambrico-raptor-storm-grip-9-botones-pixart-paw3311","status":"publish","type":"product","link":"https:\/\/unitgames.com.ar\/pc-gamer\/producto\/mouse-inalambrico-raptor-storm-grip-9-botones-pixart-paw3311\/","title":{"rendered":"Mouse Inalambrico RAPTOR Storm Grip 9 Botones PixArt PAW3311"},"content":{"rendered":"<p data-start=\"259\" data-end=\"565\">El <strong data-start=\"262\" data-end=\"301\">Mouse Inal\u00e1mbrico RAPTOR Storm Grip<\/strong> es un perif\u00e9rico gamer vers\u00e1til de alto rendimiento con dise\u00f1o ergon\u00f3mico, 9 botones programables y sensor \u00f3ptico <strong data-start=\"416\" data-end=\"434\">PixArt PAW3311<\/strong> para precisi\u00f3n y control en juegos y tareas diarias. Su conectividad inal\u00e1mbrica 2.4 GHz ofrece libertad de movimiento sin cables.<\/p>\n<hr data-start=\"567\" data-end=\"570\" \/>\n<h3 data-start=\"572\" data-end=\"604\">\u00a0Especificaciones T\u00e9cnicas<\/h3>\n<p data-start=\"606\" data-end=\"686\"><strong data-start=\"606\" data-end=\"616\">Marca:<\/strong> RAPTOR<br data-start=\"623\" data-end=\"626\" \/><strong data-start=\"626\" data-end=\"637\">Modelo:<\/strong> Storm Grip<br data-start=\"648\" data-end=\"651\" \/><strong data-start=\"651\" data-end=\"660\">Tipo:<\/strong> Mouse inal\u00e1mbrico gamer<\/p>\n<p data-start=\"688\" data-end=\"707\"><strong data-start=\"688\" data-end=\"705\">Conectividad:<\/strong><\/p>\n<ul data-start=\"708\" data-end=\"789\">\n<li data-start=\"708\" data-end=\"752\">\n<p data-start=\"710\" data-end=\"752\"><strong data-start=\"710\" data-end=\"733\">Inal\u00e1mbrico 2.4 GHz<\/strong> con receptor USB<\/p>\n<\/li>\n<li data-start=\"753\" data-end=\"789\">\n<p data-start=\"755\" data-end=\"789\">Alcance inal\u00e1mbrico: hasta ~10 m<\/p>\n<\/li>\n<\/ul>\n<p data-start=\"791\" data-end=\"804\"><strong data-start=\"791\" data-end=\"802\">Sensor:<\/strong><\/p>\n<ul data-start=\"805\" data-end=\"897\">\n<li data-start=\"805\" data-end=\"834\">\n<p data-start=\"807\" data-end=\"834\"><strong data-start=\"807\" data-end=\"832\">\u00d3ptico PixArt PAW3311<\/strong><\/p>\n<\/li>\n<li data-start=\"835\" data-end=\"897\">\n<p data-start=\"837\" data-end=\"897\">DPI ajustable para distintos estilos de juego y sensibilidad<\/p>\n<\/li>\n<\/ul>\n<p data-start=\"899\" data-end=\"913\"><strong data-start=\"899\" data-end=\"911\">Botones:<\/strong><\/p>\n<ul data-start=\"914\" data-end=\"979\">\n<li data-start=\"914\" data-end=\"944\">\n<p data-start=\"916\" data-end=\"944\"><strong data-start=\"916\" data-end=\"942\">9 botones programables<\/strong><\/p>\n<\/li>\n<li data-start=\"945\" data-end=\"979\">\n<p data-start=\"947\" data-end=\"979\">Bot\u00f3n de cambio de DPI integrado<\/p>\n<\/li>\n<\/ul>\n<p data-start=\"981\" data-end=\"1003\"><strong data-start=\"981\" data-end=\"1001\">DPI \/ Precisi\u00f3n:<\/strong><\/p>\n<ul data-start=\"1004\" data-end=\"1099\">\n<li data-start=\"1004\" data-end=\"1054\">\n<p data-start=\"1006\" data-end=\"1054\">DPI ajustable (seg\u00fan configuraci\u00f3n del sensor)<\/p>\n<\/li>\n<li data-start=\"1055\" data-end=\"1099\">\n<p data-start=\"1057\" data-end=\"1099\">Alta precisi\u00f3n para gaming y productividad<\/p>\n<\/li>\n<\/ul>\n<p data-start=\"1101\" data-end=\"1114\"><strong data-start=\"1101\" data-end=\"1112\">Dise\u00f1o:<\/strong><\/p>\n<ul data-start=\"1115\" data-end=\"1241\">\n<li data-start=\"1115\" data-end=\"1167\">\n<p data-start=\"1117\" data-end=\"1167\">Ergonom\u00eda pensada para confort en uso prolongado<\/p>\n<\/li>\n<li data-start=\"1168\" data-end=\"1202\">\n<p data-start=\"1170\" data-end=\"1202\">Grip seguro para control total<\/p>\n<\/li>\n<li data-start=\"1203\" data-end=\"1241\">\n<p data-start=\"1205\" data-end=\"1241\">Acabado gamer con detalles est\u00e9ticos<\/p>\n<\/li>\n<\/ul>\n<p data-start=\"1243\" data-end=\"1264\"><strong data-start=\"1243\" data-end=\"1262\">Compatibilidad:<\/strong><\/p>\n<ul data-start=\"1265\" data-end=\"1296\">\n<li data-start=\"1265\" data-end=\"1296\">\n<p data-start=\"1267\" data-end=\"1296\">PC y notebooks con puerto USB<\/p>\n<\/li>\n<\/ul>\n<hr data-start=\"1298\" data-end=\"1301\" \/>\n<h3 data-start=\"1303\" data-end=\"1335\">\u00a0Caracter\u00edsticas destacadas<\/h3>\n<ul data-start=\"1337\" data-end=\"1713\">\n<li data-start=\"1337\" data-end=\"1419\">\n<p data-start=\"1339\" data-end=\"1419\"><strong data-start=\"1339\" data-end=\"1375\">Conectividad inal\u00e1mbrica 2.4 GHz<\/strong> con receptor USB para libertad sin cables<\/p>\n<\/li>\n<li data-start=\"1420\" data-end=\"1483\">\n<p data-start=\"1422\" data-end=\"1483\"><strong data-start=\"1422\" data-end=\"1447\">Sensor PixArt PAW3311<\/strong> para precisi\u00f3n y respuesta r\u00e1pida<\/p>\n<\/li>\n<li data-start=\"1484\" data-end=\"1553\">\n<p data-start=\"1486\" data-end=\"1553\">Hasta <strong data-start=\"1492\" data-end=\"1518\">9 botones programables<\/strong> para distintos comandos y macros<\/p>\n<\/li>\n<li data-start=\"1554\" data-end=\"1615\">\n<p data-start=\"1556\" data-end=\"1615\">DPI ajustable para adaptarse a distintos estilos de juego<\/p>\n<\/li>\n<li data-start=\"1616\" data-end=\"1665\">\n<p data-start=\"1618\" data-end=\"1665\">Dise\u00f1o ergon\u00f3mico c\u00f3modo para largas sesiones<\/p>\n<\/li>\n<li data-start=\"1666\" data-end=\"1713\">\n<p data-start=\"1668\" data-end=\"1713\">Ideal para gaming, productividad y uso diario<\/p>\n<\/li>\n<\/ul>\n","protected":false},"excerpt":{"rendered":"<p>El Mouse Inal\u00e1mbrico RAPTOR Storm Grip es un perif\u00e9rico gamer vers\u00e1til de alto rendimiento con dise\u00f1o ergon\u00f3mico, 9 botones programables y sensor \u00f3ptico PixArt PAW3311 para precisi\u00f3n y control en juegos y tareas diarias. Su conectividad inal\u00e1mbrica 2.4 GHz ofrece libertad de movimiento sin cables. \u00a0Especificaciones T\u00e9cnicas Marca: RAPTORModelo: Storm GripTipo: Mouse inal\u00e1mbrico gamer Conectividad: Inal\u00e1mbrico 2.4 GHz con receptor USB Alcance inal\u00e1mbrico: hasta ~10 m Sensor: \u00d3ptico PixArt PAW3311 DPI ajustable para distintos estilos de juego y sensibilidad Botones: 9 botones programables Bot\u00f3n de cambio de DPI integrado DPI \/ Precisi\u00f3n: DPI ajustable (seg\u00fan configuraci\u00f3n del sensor) Alta precisi\u00f3n para gaming y productividad Dise\u00f1o: Ergonom\u00eda pensada para confort en uso prolongado Grip seguro para control total Acabado gamer con detalles est\u00e9ticos Compatibilidad: PC y notebooks con puerto USB \u00a0Caracter\u00edsticas destacadas Conectividad inal\u00e1mbrica 2.4 GHz con receptor USB para libertad sin cables Sensor PixArt PAW3311 para precisi\u00f3n y respuesta r\u00e1pida Hasta 9 botones programables para distintos comandos y macros DPI ajustable para adaptarse a distintos estilos de juego Dise\u00f1o ergon\u00f3mico c\u00f3modo para largas sesiones Ideal para gaming, productividad y uso diario<\/p>\n","protected":false},"featured_media":19442,"template":"","meta":{"site-sidebar-layout":"default","site-content-layout":"","ast-site-content-layout":"default","site-content-style":"default","site-sidebar-style":"default","ast-global-header-display":"","ast-banner-title-visibility":"","ast-main-header-display":"","ast-hfb-above-header-display":"","ast-hfb-below-header-display":"","ast-hfb-mobile-header-display":"","site-post-title":"","ast-breadcrumbs-content":"","ast-featured-img":"","footer-sml-layout":"","theme-transparent-header-meta":"default","adv-header-id-meta":"","stick-header-meta":"","header-above-stick-meta":"","header-main-stick-meta":"","header-below-stick-meta":"","astra-migrate-meta-layouts":"set","ast-page-background-enabled":"default","ast-page-background-meta":{"desktop":{"background-color":"var(--ast-global-color-5)","background-image":"","background-repeat":"repeat","background-position":"center center","background-size":"auto","background-attachment":"scroll","background-type":"","background-media":"","overlay-type":"","overlay-color":"","overlay-opacity":"","overlay-gradient":""},"tablet":{"background-color":"","background-image":"","background-repeat":"repeat","background-position":"center center","background-size":"auto","background-attachment":"scroll","background-type":"","background-media":"","overlay-type":"","overlay-color":"","overlay-opacity":"","overlay-gradient":""},"mobile":{"background-color":"","background-image":"","background-repeat":"repeat","background-position":"center center","background-size":"auto","background-attachment":"scroll","background-type":"","background-media":"","overlay-type":"","overlay-color":"","overlay-opacity":"","overlay-gradient":""}},"ast-content-background-meta":{"desktop":{"background-color":"var(--ast-global-color-4)","background-image":"","background-repeat":"repeat","background-position":"center center","background-size":"auto","background-attachment":"scroll","background-type":"","background-media":"","overlay-type":"","overlay-color":"","overlay-opacity":"","overlay-gradient":""},"tablet":{"background-color":"var(--ast-global-color-4)","background-image":"","background-repeat":"repeat","background-position":"center center","background-size":"auto","background-attachment":"scroll","background-type":"","background-media":"","overlay-type":"","overlay-color":"","overlay-opacity":"","overlay-gradient":""},"mobile":{"background-color":"var(--ast-global-color-4)","background-image":"","background-repeat":"repeat","background-position":"center center","background-size":"auto","background-attachment":"scroll","background-type":"","background-media":"","overlay-type":"","overlay-color":"","overlay-opacity":"","overlay-gradient":""}},"_joinchat":[]},"product_brand":[],"product_cat":[89],"product_tag":[],"class_list":{"0":"post-19289","1":"product","2":"type-product","3":"status-publish","4":"has-post-thumbnail","6":"product_cat-gamers-competitivos","7":"desktop-align-center","8":"tablet-align-left","9":"mobile-align-left","11":"first","12":"instock","13":"shipping-taxable","14":"purchasable","15":"product-type-simple"},"yoast_head":"<!-- This site is optimized with the Yoast SEO plugin v27.5 - https:\/\/yoast.com\/product\/yoast-seo-wordpress\/ -->\n<title>Mouse Inalambrico RAPTOR Storm Grip 9 Botones PixArt PAW3311 - UnitGames<\/title>\n<meta name=\"robots\" content=\"index, follow, max-snippet:-1, max-image-preview:large, max-video-preview:-1\" \/>\n<link rel=\"canonical\" href=\"https:\/\/unitgames.com.ar\/pc-gamer\/producto\/mouse-inalambrico-raptor-storm-grip-9-botones-pixart-paw3311\/\" \/>\n<meta property=\"og:locale\" content=\"es_ES\" \/>\n<meta property=\"og:type\" content=\"article\" \/>\n<meta property=\"og:title\" content=\"Mouse Inalambrico RAPTOR Storm Grip 9 Botones PixArt PAW3311 - UnitGames\" \/>\n<meta property=\"og:description\" content=\"El Mouse Inal\u00e1mbrico RAPTOR Storm Grip es un perif\u00e9rico gamer vers\u00e1til de alto rendimiento con dise\u00f1o ergon\u00f3mico, 9 botones programables y sensor \u00f3ptico PixArt PAW3311 para precisi\u00f3n y control en juegos y tareas diarias. Su conectividad inal\u00e1mbrica 2.4 GHz ofrece libertad de movimiento sin cables. \u00a0Especificaciones T\u00e9cnicas Marca: RAPTORModelo: Storm GripTipo: Mouse inal\u00e1mbrico gamer Conectividad: Inal\u00e1mbrico 2.4 GHz con receptor USB Alcance inal\u00e1mbrico: hasta ~10 m Sensor: \u00d3ptico PixArt PAW3311 DPI ajustable para distintos estilos de juego y sensibilidad Botones: 9 botones programables Bot\u00f3n de cambio de DPI integrado DPI \/ Precisi\u00f3n: DPI ajustable (seg\u00fan configuraci\u00f3n del sensor) Alta precisi\u00f3n para gaming y productividad Dise\u00f1o: Ergonom\u00eda pensada para confort en uso prolongado Grip seguro para control total Acabado gamer con detalles est\u00e9ticos Compatibilidad: PC y notebooks con puerto USB \u00a0Caracter\u00edsticas destacadas Conectividad inal\u00e1mbrica 2.4 GHz con receptor USB para libertad sin cables Sensor PixArt PAW3311 para precisi\u00f3n y respuesta r\u00e1pida Hasta 9 botones programables para distintos comandos y macros DPI ajustable para adaptarse a distintos estilos de juego Dise\u00f1o ergon\u00f3mico c\u00f3modo para largas sesiones Ideal para gaming, productividad y uso diario\" \/>\n<meta property=\"og:url\" content=\"https:\/\/unitgames.com.ar\/pc-gamer\/producto\/mouse-inalambrico-raptor-storm-grip-9-botones-pixart-paw3311\/\" \/>\n<meta property=\"og:site_name\" content=\"UnitGames\" \/>\n<meta property=\"article:modified_time\" content=\"2026-03-10T15:38:14+00:00\" \/>\n<meta property=\"og:image\" content=\"https:\/\/unitgames.com.ar\/pc-gamer\/wp-content\/uploads\/2026\/01\/Mouse-Inalambrico-RAPTOR-Storm-Grip-9-Botones-PixArt-PAW3311.png\" \/>\n\t<meta property=\"og:image:width\" content=\"1282\" \/>\n\t<meta property=\"og:image:height\" content=\"1285\" \/>\n\t<meta property=\"og:image:type\" content=\"image\/png\" \/>\n<meta name=\"twitter:card\" content=\"summary_large_image\" \/>\n<meta name=\"twitter:label1\" content=\"Tiempo de lectura\" \/>\n\t<meta name=\"twitter:data1\" content=\"2 minutos\" \/>\n<script type=\"application\/ld+json\" class=\"yoast-schema-graph\">{\"@context\":\"https:\\\/\\\/schema.org\",\"@graph\":[{\"@type\":\"WebPage\",\"@id\":\"https:\\\/\\\/unitgames.com.ar\\\/pc-gamer\\\/producto\\\/mouse-inalambrico-raptor-storm-grip-9-botones-pixart-paw3311\\\/\",\"url\":\"https:\\\/\\\/unitgames.com.ar\\\/pc-gamer\\\/producto\\\/mouse-inalambrico-raptor-storm-grip-9-botones-pixart-paw3311\\\/\",\"name\":\"Mouse Inalambrico RAPTOR Storm Grip 9 Botones PixArt PAW3311 - UnitGames\",\"isPartOf\":{\"@id\":\"https:\\\/\\\/unitgames.com.ar\\\/pc-gamer\\\/#website\"},\"primaryImageOfPage\":{\"@id\":\"https:\\\/\\\/unitgames.com.ar\\\/pc-gamer\\\/producto\\\/mouse-inalambrico-raptor-storm-grip-9-botones-pixart-paw3311\\\/#primaryimage\"},\"image\":{\"@id\":\"https:\\\/\\\/unitgames.com.ar\\\/pc-gamer\\\/producto\\\/mouse-inalambrico-raptor-storm-grip-9-botones-pixart-paw3311\\\/#primaryimage\"},\"thumbnailUrl\":\"https:\\\/\\\/unitgames.com.ar\\\/pc-gamer\\\/wp-content\\\/uploads\\\/2026\\\/01\\\/Mouse-Inalambrico-RAPTOR-Storm-Grip-9-Botones-PixArt-PAW3311.png\",\"datePublished\":\"2026-01-28T22:31:28+00:00\",\"dateModified\":\"2026-03-10T15:38:14+00:00\",\"breadcrumb\":{\"@id\":\"https:\\\/\\\/unitgames.com.ar\\\/pc-gamer\\\/producto\\\/mouse-inalambrico-raptor-storm-grip-9-botones-pixart-paw3311\\\/#breadcrumb\"},\"inLanguage\":\"es\",\"potentialAction\":[{\"@type\":\"ReadAction\",\"target\":[\"https:\\\/\\\/unitgames.com.ar\\\/pc-gamer\\\/producto\\\/mouse-inalambrico-raptor-storm-grip-9-botones-pixart-paw3311\\\/\"]}]},{\"@type\":\"ImageObject\",\"inLanguage\":\"es\",\"@id\":\"https:\\\/\\\/unitgames.com.ar\\\/pc-gamer\\\/producto\\\/mouse-inalambrico-raptor-storm-grip-9-botones-pixart-paw3311\\\/#primaryimage\",\"url\":\"https:\\\/\\\/unitgames.com.ar\\\/pc-gamer\\\/wp-content\\\/uploads\\\/2026\\\/01\\\/Mouse-Inalambrico-RAPTOR-Storm-Grip-9-Botones-PixArt-PAW3311.png\",\"contentUrl\":\"https:\\\/\\\/unitgames.com.ar\\\/pc-gamer\\\/wp-content\\\/uploads\\\/2026\\\/01\\\/Mouse-Inalambrico-RAPTOR-Storm-Grip-9-Botones-PixArt-PAW3311.png\",\"width\":1282,\"height\":1285},{\"@type\":\"BreadcrumbList\",\"@id\":\"https:\\\/\\\/unitgames.com.ar\\\/pc-gamer\\\/producto\\\/mouse-inalambrico-raptor-storm-grip-9-botones-pixart-paw3311\\\/#breadcrumb\",\"itemListElement\":[{\"@type\":\"ListItem\",\"position\":1,\"name\":\"Tienda\",\"item\":\"https:\\\/\\\/unitgames.com.ar\\\/pc-gamer\\\/tienda\\\/\"},{\"@type\":\"ListItem\",\"position\":2,\"name\":\"Mouse Inalambrico RAPTOR Storm Grip 9 Botones PixArt PAW3311\"}]},{\"@type\":\"WebSite\",\"@id\":\"https:\\\/\\\/unitgames.com.ar\\\/pc-gamer\\\/#website\",\"url\":\"https:\\\/\\\/unitgames.com.ar\\\/pc-gamer\\\/\",\"name\":\"UnitGames\",\"description\":\"Venta de PC Gamers, Consolas , Servicio Tecnico Especializado. Todos en Accesorios Informaticos y Gamers\",\"publisher\":{\"@id\":\"https:\\\/\\\/unitgames.com.ar\\\/pc-gamer\\\/#organization\"},\"potentialAction\":[{\"@type\":\"SearchAction\",\"target\":{\"@type\":\"EntryPoint\",\"urlTemplate\":\"https:\\\/\\\/unitgames.com.ar\\\/pc-gamer\\\/?s={search_term_string}\"},\"query-input\":{\"@type\":\"PropertyValueSpecification\",\"valueRequired\":true,\"valueName\":\"search_term_string\"}}],\"inLanguage\":\"es\"},{\"@type\":\"Organization\",\"@id\":\"https:\\\/\\\/unitgames.com.ar\\\/pc-gamer\\\/#organization\",\"name\":\"UnitGames\",\"url\":\"https:\\\/\\\/unitgames.com.ar\\\/pc-gamer\\\/\",\"logo\":{\"@type\":\"ImageObject\",\"inLanguage\":\"es\",\"@id\":\"https:\\\/\\\/unitgames.com.ar\\\/pc-gamer\\\/#\\\/schema\\\/logo\\\/image\\\/\",\"url\":\"https:\\\/\\\/unitgames.com.ar\\\/pc-gamer\\\/wp-content\\\/uploads\\\/2021\\\/01\\\/cropped-logoUnitGames2.png\",\"contentUrl\":\"https:\\\/\\\/unitgames.com.ar\\\/pc-gamer\\\/wp-content\\\/uploads\\\/2021\\\/01\\\/cropped-logoUnitGames2.png\",\"width\":152,\"height\":200,\"caption\":\"UnitGames\"},\"image\":{\"@id\":\"https:\\\/\\\/unitgames.com.ar\\\/pc-gamer\\\/#\\\/schema\\\/logo\\\/image\\\/\"}}]}<\/script>\n<!-- \/ Yoast SEO plugin. -->","yoast_head_json":{"title":"Mouse Inalambrico RAPTOR Storm Grip 9 Botones PixArt PAW3311 - UnitGames","robots":{"index":"index","follow":"follow","max-snippet":"max-snippet:-1","max-image-preview":"max-image-preview:large","max-video-preview":"max-video-preview:-1"},"canonical":"https:\/\/unitgames.com.ar\/pc-gamer\/producto\/mouse-inalambrico-raptor-storm-grip-9-botones-pixart-paw3311\/","og_locale":"es_ES","og_type":"article","og_title":"Mouse Inalambrico RAPTOR Storm Grip 9 Botones PixArt PAW3311 - UnitGames","og_description":"El Mouse Inal\u00e1mbrico RAPTOR Storm Grip es un perif\u00e9rico gamer vers\u00e1til de alto rendimiento con dise\u00f1o ergon\u00f3mico, 9 botones programables y sensor \u00f3ptico PixArt PAW3311 para precisi\u00f3n y control en juegos y tareas diarias. Su conectividad inal\u00e1mbrica 2.4 GHz ofrece libertad de movimiento sin cables. \u00a0Especificaciones T\u00e9cnicas Marca: RAPTORModelo: Storm GripTipo: Mouse inal\u00e1mbrico gamer Conectividad: Inal\u00e1mbrico 2.4 GHz con receptor USB Alcance inal\u00e1mbrico: hasta ~10 m Sensor: \u00d3ptico PixArt PAW3311 DPI ajustable para distintos estilos de juego y sensibilidad Botones: 9 botones programables Bot\u00f3n de cambio de DPI integrado DPI \/ Precisi\u00f3n: DPI ajustable (seg\u00fan configuraci\u00f3n del sensor) Alta precisi\u00f3n para gaming y productividad Dise\u00f1o: Ergonom\u00eda pensada para confort en uso prolongado Grip seguro para control total Acabado gamer con detalles est\u00e9ticos Compatibilidad: PC y notebooks con puerto USB \u00a0Caracter\u00edsticas destacadas Conectividad inal\u00e1mbrica 2.4 GHz con receptor USB para libertad sin cables Sensor PixArt PAW3311 para precisi\u00f3n y respuesta r\u00e1pida Hasta 9 botones programables para distintos comandos y macros DPI ajustable para adaptarse a distintos estilos de juego Dise\u00f1o ergon\u00f3mico c\u00f3modo para largas sesiones Ideal para gaming, productividad y uso diario","og_url":"https:\/\/unitgames.com.ar\/pc-gamer\/producto\/mouse-inalambrico-raptor-storm-grip-9-botones-pixart-paw3311\/","og_site_name":"UnitGames","article_modified_time":"2026-03-10T15:38:14+00:00","og_image":[{"width":1282,"height":1285,"url":"https:\/\/unitgames.com.ar\/pc-gamer\/wp-content\/uploads\/2026\/01\/Mouse-Inalambrico-RAPTOR-Storm-Grip-9-Botones-PixArt-PAW3311.png","type":"image\/png"}],"twitter_card":"summary_large_image","twitter_misc":{"Tiempo de lectura":"2 minutos"},"schema":{"@context":"https:\/\/schema.org","@graph":[{"@type":"WebPage","@id":"https:\/\/unitgames.com.ar\/pc-gamer\/producto\/mouse-inalambrico-raptor-storm-grip-9-botones-pixart-paw3311\/","url":"https:\/\/unitgames.com.ar\/pc-gamer\/producto\/mouse-inalambrico-raptor-storm-grip-9-botones-pixart-paw3311\/","name":"Mouse Inalambrico RAPTOR Storm Grip 9 Botones PixArt PAW3311 - UnitGames","isPartOf":{"@id":"https:\/\/unitgames.com.ar\/pc-gamer\/#website"},"primaryImageOfPage":{"@id":"https:\/\/unitgames.com.ar\/pc-gamer\/producto\/mouse-inalambrico-raptor-storm-grip-9-botones-pixart-paw3311\/#primaryimage"},"image":{"@id":"https:\/\/unitgames.com.ar\/pc-gamer\/producto\/mouse-inalambrico-raptor-storm-grip-9-botones-pixart-paw3311\/#primaryimage"},"thumbnailUrl":"https:\/\/unitgames.com.ar\/pc-gamer\/wp-content\/uploads\/2026\/01\/Mouse-Inalambrico-RAPTOR-Storm-Grip-9-Botones-PixArt-PAW3311.png","datePublished":"2026-01-28T22:31:28+00:00","dateModified":"2026-03-10T15:38:14+00:00","breadcrumb":{"@id":"https:\/\/unitgames.com.ar\/pc-gamer\/producto\/mouse-inalambrico-raptor-storm-grip-9-botones-pixart-paw3311\/#breadcrumb"},"inLanguage":"es","potentialAction":[{"@type":"ReadAction","target":["https:\/\/unitgames.com.ar\/pc-gamer\/producto\/mouse-inalambrico-raptor-storm-grip-9-botones-pixart-paw3311\/"]}]},{"@type":"ImageObject","inLanguage":"es","@id":"https:\/\/unitgames.com.ar\/pc-gamer\/producto\/mouse-inalambrico-raptor-storm-grip-9-botones-pixart-paw3311\/#primaryimage","url":"https:\/\/unitgames.com.ar\/pc-gamer\/wp-content\/uploads\/2026\/01\/Mouse-Inalambrico-RAPTOR-Storm-Grip-9-Botones-PixArt-PAW3311.png","contentUrl":"https:\/\/unitgames.com.ar\/pc-gamer\/wp-content\/uploads\/2026\/01\/Mouse-Inalambrico-RAPTOR-Storm-Grip-9-Botones-PixArt-PAW3311.png","width":1282,"height":1285},{"@type":"BreadcrumbList","@id":"https:\/\/unitgames.com.ar\/pc-gamer\/producto\/mouse-inalambrico-raptor-storm-grip-9-botones-pixart-paw3311\/#breadcrumb","itemListElement":[{"@type":"ListItem","position":1,"name":"Tienda","item":"https:\/\/unitgames.com.ar\/pc-gamer\/tienda\/"},{"@type":"ListItem","position":2,"name":"Mouse Inalambrico RAPTOR Storm Grip 9 Botones PixArt PAW3311"}]},{"@type":"WebSite","@id":"https:\/\/unitgames.com.ar\/pc-gamer\/#website","url":"https:\/\/unitgames.com.ar\/pc-gamer\/","name":"UnitGames","description":"Venta de PC Gamers, Consolas , Servicio Tecnico Especializado. Todos en Accesorios Informaticos y Gamers","publisher":{"@id":"https:\/\/unitgames.com.ar\/pc-gamer\/#organization"},"potentialAction":[{"@type":"SearchAction","target":{"@type":"EntryPoint","urlTemplate":"https:\/\/unitgames.com.ar\/pc-gamer\/?s={search_term_string}"},"query-input":{"@type":"PropertyValueSpecification","valueRequired":true,"valueName":"search_term_string"}}],"inLanguage":"es"},{"@type":"Organization","@id":"https:\/\/unitgames.com.ar\/pc-gamer\/#organization","name":"UnitGames","url":"https:\/\/unitgames.com.ar\/pc-gamer\/","logo":{"@type":"ImageObject","inLanguage":"es","@id":"https:\/\/unitgames.com.ar\/pc-gamer\/#\/schema\/logo\/image\/","url":"https:\/\/unitgames.com.ar\/pc-gamer\/wp-content\/uploads\/2021\/01\/cropped-logoUnitGames2.png","contentUrl":"https:\/\/unitgames.com.ar\/pc-gamer\/wp-content\/uploads\/2021\/01\/cropped-logoUnitGames2.png","width":152,"height":200,"caption":"UnitGames"},"image":{"@id":"https:\/\/unitgames.com.ar\/pc-gamer\/#\/schema\/logo\/image\/"}}]}},"_links":{"self":[{"href":"https:\/\/unitgames.com.ar\/pc-gamer\/wp-json\/wp\/v2\/product\/19289","targetHints":{"allow":["GET"]}}],"collection":[{"href":"https:\/\/unitgames.com.ar\/pc-gamer\/wp-json\/wp\/v2\/product"}],"about":[{"href":"https:\/\/unitgames.com.ar\/pc-gamer\/wp-json\/wp\/v2\/types\/product"}],"version-history":[{"count":0,"href":"https:\/\/unitgames.com.ar\/pc-gamer\/wp-json\/wp\/v2\/product\/19289\/revisions"}],"wp:featuredmedia":[{"embeddable":true,"href":"https:\/\/unitgames.com.ar\/pc-gamer\/wp-json\/wp\/v2\/media\/19442"}],"wp:attachment":[{"href":"https:\/\/unitgames.com.ar\/pc-gamer\/wp-json\/wp\/v2\/media?parent=19289"}],"wp:term":[{"taxonomy":"product_brand","embeddable":true,"href":"https:\/\/unitgames.com.ar\/pc-gamer\/wp-json\/wp\/v2\/product_brand?post=19289"},{"taxonomy":"product_cat","embeddable":true,"href":"https:\/\/unitgames.com.ar\/pc-gamer\/wp-json\/wp\/v2\/product_cat?post=19289"},{"taxonomy":"product_tag","embeddable":true,"href":"https:\/\/unitgames.com.ar\/pc-gamer\/wp-json\/wp\/v2\/product_tag?post=19289"}],"curies":[{"name":"wp","href":"https:\/\/api.w.org\/{rel}","templated":true}]}}