{"id":19516,"date":"2026-02-09T17:29:16","date_gmt":"2026-02-09T20:29:16","guid":{"rendered":"https:\/\/unitgames.com.ar\/pc-gamer\/?post_type=product&#038;p=19516"},"modified":"2026-04-21T10:16:44","modified_gmt":"2026-04-21T13:16:44","slug":"silla-gamer-formula-v-line-vc3-racer-negro-roja","status":"publish","type":"product","link":"https:\/\/unitgames.com.ar\/pc-gamer\/producto\/silla-gamer-formula-v-line-vc3-racer-negro-roja\/","title":{"rendered":"Silla Gamer FORMULA V Line VC3 Racer Negro \/ Roja"},"content":{"rendered":"<p data-start=\"157\" data-end=\"439\">La <strong data-start=\"160\" data-end=\"191\">FORMULA V Ryvo Breeze Black<\/strong> combina comodidad, dise\u00f1o ergon\u00f3mico y estilo gamer. Fabricada con materiales de alta calidad, est\u00e1 pensada para largas jornadas de juego o trabajo, ofreciendo soporte lumbar y cervical, adem\u00e1s de m\u00faltiples ajustes para adaptarse a cada usuario.<\/p>\n<hr data-start=\"441\" data-end=\"444\" \/>\n<p data-start=\"446\" data-end=\"480\"><strong data-start=\"449\" data-end=\"478\">Especificaciones T\u00e9cnicas<\/strong><\/p>\n<ul data-start=\"482\" data-end=\"1075\">\n<li data-start=\"482\" data-end=\"506\">\n<p data-start=\"484\" data-end=\"506\"><strong data-start=\"484\" data-end=\"494\">Marca:<\/strong> FORMULA V<\/p>\n<\/li>\n<li data-start=\"507\" data-end=\"540\">\n<p data-start=\"509\" data-end=\"540\"><strong data-start=\"509\" data-end=\"520\">Modelo:<\/strong> Ryvo Breeze Black<\/p>\n<\/li>\n<li data-start=\"541\" data-end=\"577\">\n<p data-start=\"543\" data-end=\"577\"><strong data-start=\"543\" data-end=\"552\">Tipo:<\/strong> Silla gamer ergon\u00f3mica<\/p>\n<\/li>\n<li data-start=\"578\" data-end=\"652\">\n<p data-start=\"580\" data-end=\"652\"><strong data-start=\"580\" data-end=\"603\">Material principal:<\/strong> Cuero sint\u00e9tico (PU) + espuma de alta densidad<\/p>\n<\/li>\n<li data-start=\"653\" data-end=\"691\">\n<p data-start=\"655\" data-end=\"691\"><strong data-start=\"655\" data-end=\"670\">Estructura:<\/strong> Met\u00e1lica reforzada<\/p>\n<\/li>\n<li data-start=\"692\" data-end=\"755\">\n<p data-start=\"694\" data-end=\"755\"><strong data-start=\"694\" data-end=\"703\">Base:<\/strong> Estrella met\u00e1lica con ruedas de nylon resistentes<\/p>\n<\/li>\n<li data-start=\"756\" data-end=\"810\">\n<p data-start=\"758\" data-end=\"810\"><strong data-start=\"758\" data-end=\"775\">Reposabrazos:<\/strong> 2D (ajuste en altura y rotaci\u00f3n)<\/p>\n<\/li>\n<li data-start=\"811\" data-end=\"855\">\n<p data-start=\"813\" data-end=\"855\"><strong data-start=\"813\" data-end=\"842\">Inclinaci\u00f3n del respaldo:<\/strong> 90\u00b0 \u2013 150\u00b0<\/p>\n<\/li>\n<li data-start=\"856\" data-end=\"897\">\n<p data-start=\"858\" data-end=\"897\"><strong data-start=\"858\" data-end=\"872\">Mecanismo:<\/strong> Basculante con bloqueo<\/p>\n<\/li>\n<li data-start=\"898\" data-end=\"966\">\n<p data-start=\"900\" data-end=\"966\"><strong data-start=\"900\" data-end=\"922\">Cojines incluidos:<\/strong> Almohadilla lumbar + almohadilla cervical<\/p>\n<\/li>\n<li data-start=\"967\" data-end=\"1015\">\n<p data-start=\"969\" data-end=\"1015\"><strong data-start=\"969\" data-end=\"987\">Pist\u00f3n de gas:<\/strong> Clase 4, altura regulable<\/p>\n<\/li>\n<li data-start=\"1016\" data-end=\"1075\">\n<p data-start=\"1018\" data-end=\"1075\"><strong data-start=\"1018\" data-end=\"1044\">Peso m\u00e1ximo soportado:<\/strong> 120 \u2013 150 kg (seg\u00fan versi\u00f3n)<\/p>\n<\/li>\n<\/ul>\n<hr data-start=\"1077\" data-end=\"1080\" \/>\n<p data-start=\"1082\" data-end=\"1114\"><strong data-start=\"1085\" data-end=\"1112\">Dimensiones aproximadas<\/strong><\/p>\n<ul data-start=\"1116\" data-end=\"1242\">\n<li data-start=\"1116\" data-end=\"1146\">\n<p data-start=\"1118\" data-end=\"1146\">Altura total: 125 \u2013 135 cm<\/p>\n<\/li>\n<li data-start=\"1147\" data-end=\"1176\">\n<p data-start=\"1149\" data-end=\"1176\">Ancho del respaldo: 55 cm<\/p>\n<\/li>\n<li data-start=\"1177\" data-end=\"1207\">\n<p data-start=\"1179\" data-end=\"1207\">Altura del respaldo: 82 cm<\/p>\n<\/li>\n<li data-start=\"1208\" data-end=\"1242\">\n<p data-start=\"1210\" data-end=\"1242\">Profundidad del asiento: 50 cm<\/p>\n<\/li>\n<\/ul>\n<hr data-start=\"1244\" data-end=\"1247\" \/>\n<p data-start=\"1249\" data-end=\"1283\"><strong data-start=\"1251\" data-end=\"1281\">Caracter\u00edsticas destacadas<\/strong><\/p>\n<ul data-start=\"1285\" data-end=\"1532\">\n<li data-start=\"1285\" data-end=\"1325\">\n<p data-start=\"1287\" data-end=\"1325\">Dise\u00f1o gamer en <strong data-start=\"1303\" data-end=\"1323\">color negro mate<\/strong><\/p>\n<\/li>\n<li data-start=\"1326\" data-end=\"1378\">\n<p data-start=\"1328\" data-end=\"1378\">Reclinaci\u00f3n hasta <strong data-start=\"1346\" data-end=\"1354\">150\u00b0<\/strong> para m\u00e1xima comodidad<\/p>\n<\/li>\n<li data-start=\"1379\" data-end=\"1413\">\n<p data-start=\"1381\" data-end=\"1413\">Reposabrazos ajustables <strong data-start=\"1405\" data-end=\"1411\">2D<\/strong><\/p>\n<\/li>\n<li data-start=\"1414\" data-end=\"1465\">\n<p data-start=\"1416\" data-end=\"1465\">Estructura s\u00f3lida con <strong data-start=\"1438\" data-end=\"1463\">pist\u00f3n de gas clase 4<\/strong><\/p>\n<\/li>\n<li data-start=\"1466\" data-end=\"1532\">\n<p data-start=\"1468\" data-end=\"1532\">Incluye <strong data-start=\"1476\" data-end=\"1499\">cojines ergon\u00f3micos<\/strong> para soporte lumbar y cervical<\/p>\n<\/li>\n<\/ul>\n","protected":false},"excerpt":{"rendered":"<p>La FORMULA V Ryvo Breeze Black combina comodidad, dise\u00f1o ergon\u00f3mico y estilo gamer. Fabricada con materiales de alta calidad, est\u00e1 pensada para largas jornadas de juego o trabajo, ofreciendo soporte lumbar y cervical, adem\u00e1s de m\u00faltiples ajustes para adaptarse a cada usuario. Especificaciones T\u00e9cnicas Marca: FORMULA V Modelo: Ryvo Breeze Black Tipo: Silla gamer ergon\u00f3mica Material principal: Cuero sint\u00e9tico (PU) + espuma de alta densidad Estructura: Met\u00e1lica reforzada Base: Estrella met\u00e1lica con ruedas de nylon resistentes Reposabrazos: 2D (ajuste en altura y rotaci\u00f3n) Inclinaci\u00f3n del respaldo: 90\u00b0 \u2013 150\u00b0 Mecanismo: Basculante con bloqueo Cojines incluidos: Almohadilla lumbar + almohadilla cervical Pist\u00f3n de gas: Clase 4, altura regulable Peso m\u00e1ximo soportado: 120 \u2013 150 kg (seg\u00fan versi\u00f3n) Dimensiones aproximadas Altura total: 125 \u2013 135 cm Ancho del respaldo: 55 cm Altura del respaldo: 82 cm Profundidad del asiento: 50 cm Caracter\u00edsticas destacadas Dise\u00f1o gamer en color negro mate Reclinaci\u00f3n hasta 150\u00b0 para m\u00e1xima comodidad Reposabrazos ajustables 2D Estructura s\u00f3lida con pist\u00f3n de gas clase 4 Incluye cojines ergon\u00f3micos para soporte lumbar y cervical<\/p>\n","protected":false},"featured_media":19932,"template":"","meta":{"site-sidebar-layout":"default","site-content-layout":"","ast-site-content-layout":"default","site-content-style":"default","site-sidebar-style":"default","ast-global-header-display":"","ast-banner-title-visibility":"","ast-main-header-display":"","ast-hfb-above-header-display":"","ast-hfb-below-header-display":"","ast-hfb-mobile-header-display":"","site-post-title":"","ast-breadcrumbs-content":"","ast-featured-img":"","footer-sml-layout":"","theme-transparent-header-meta":"default","adv-header-id-meta":"","stick-header-meta":"","header-above-stick-meta":"","header-main-stick-meta":"","header-below-stick-meta":"","astra-migrate-meta-layouts":"set","ast-page-background-enabled":"default","ast-page-background-meta":{"desktop":{"background-color":"var(--ast-global-color-5)","background-image":"","background-repeat":"repeat","background-position":"center center","background-size":"auto","background-attachment":"scroll","background-type":"","background-media":"","overlay-type":"","overlay-color":"","overlay-opacity":"","overlay-gradient":""},"tablet":{"background-color":"","background-image":"","background-repeat":"repeat","background-position":"center center","background-size":"auto","background-attachment":"scroll","background-type":"","background-media":"","overlay-type":"","overlay-color":"","overlay-opacity":"","overlay-gradient":""},"mobile":{"background-color":"","background-image":"","background-repeat":"repeat","background-position":"center center","background-size":"auto","background-attachment":"scroll","background-type":"","background-media":"","overlay-type":"","overlay-color":"","overlay-opacity":"","overlay-gradient":""}},"ast-content-background-meta":{"desktop":{"background-color":"var(--ast-global-color-4)","background-image":"","background-repeat":"repeat","background-position":"center center","background-size":"auto","background-attachment":"scroll","background-type":"","background-media":"","overlay-type":"","overlay-color":"","overlay-opacity":"","overlay-gradient":""},"tablet":{"background-color":"var(--ast-global-color-4)","background-image":"","background-repeat":"repeat","background-position":"center center","background-size":"auto","background-attachment":"scroll","background-type":"","background-media":"","overlay-type":"","overlay-color":"","overlay-opacity":"","overlay-gradient":""},"mobile":{"background-color":"var(--ast-global-color-4)","background-image":"","background-repeat":"repeat","background-position":"center center","background-size":"auto","background-attachment":"scroll","background-type":"","background-media":"","overlay-type":"","overlay-color":"","overlay-opacity":"","overlay-gradient":""}},"_joinchat":[]},"product_brand":[],"product_cat":[95],"product_tag":[],"class_list":{"0":"post-19516","1":"product","2":"type-product","3":"status-publish","4":"has-post-thumbnail","6":"product_cat-sillas-gamers","7":"desktop-align-center","8":"tablet-align-left","9":"mobile-align-left","11":"first","12":"outofstock","13":"shipping-taxable","14":"purchasable","15":"product-type-simple"},"yoast_head":"<!-- This site is optimized with the Yoast SEO plugin v27.3 - https:\/\/yoast.com\/product\/yoast-seo-wordpress\/ -->\n<title>Silla Gamer FORMULA V Line VC3 Racer Negro \/ Roja - UnitGames<\/title>\n<meta name=\"robots\" content=\"index, follow, max-snippet:-1, max-image-preview:large, max-video-preview:-1\" \/>\n<link rel=\"canonical\" href=\"https:\/\/unitgames.com.ar\/pc-gamer\/producto\/silla-gamer-formula-v-line-vc3-racer-negro-roja\/\" \/>\n<meta property=\"og:locale\" content=\"es_ES\" \/>\n<meta property=\"og:type\" content=\"article\" \/>\n<meta property=\"og:title\" content=\"Silla Gamer FORMULA V Line VC3 Racer Negro \/ Roja - UnitGames\" \/>\n<meta property=\"og:description\" content=\"La FORMULA V Ryvo Breeze Black combina comodidad, dise\u00f1o ergon\u00f3mico y estilo gamer. Fabricada con materiales de alta calidad, est\u00e1 pensada para largas jornadas de juego o trabajo, ofreciendo soporte lumbar y cervical, adem\u00e1s de m\u00faltiples ajustes para adaptarse a cada usuario. Especificaciones T\u00e9cnicas Marca: FORMULA V Modelo: Ryvo Breeze Black Tipo: Silla gamer ergon\u00f3mica Material principal: Cuero sint\u00e9tico (PU) + espuma de alta densidad Estructura: Met\u00e1lica reforzada Base: Estrella met\u00e1lica con ruedas de nylon resistentes Reposabrazos: 2D (ajuste en altura y rotaci\u00f3n) Inclinaci\u00f3n del respaldo: 90\u00b0 \u2013 150\u00b0 Mecanismo: Basculante con bloqueo Cojines incluidos: Almohadilla lumbar + almohadilla cervical Pist\u00f3n de gas: Clase 4, altura regulable Peso m\u00e1ximo soportado: 120 \u2013 150 kg (seg\u00fan versi\u00f3n) Dimensiones aproximadas Altura total: 125 \u2013 135 cm Ancho del respaldo: 55 cm Altura del respaldo: 82 cm Profundidad del asiento: 50 cm Caracter\u00edsticas destacadas Dise\u00f1o gamer en color negro mate Reclinaci\u00f3n hasta 150\u00b0 para m\u00e1xima comodidad Reposabrazos ajustables 2D Estructura s\u00f3lida con pist\u00f3n de gas clase 4 Incluye cojines ergon\u00f3micos para soporte lumbar y cervical\" \/>\n<meta property=\"og:url\" content=\"https:\/\/unitgames.com.ar\/pc-gamer\/producto\/silla-gamer-formula-v-line-vc3-racer-negro-roja\/\" \/>\n<meta property=\"og:site_name\" content=\"UnitGames\" \/>\n<meta property=\"article:modified_time\" content=\"2026-04-21T13:16:44+00:00\" \/>\n<meta property=\"og:image\" content=\"https:\/\/unitgames.com.ar\/pc-gamer\/wp-content\/uploads\/2026\/02\/Silla-Gamer-FORMULA-V-Line-VC3-Racer-Negro.png\" \/>\n\t<meta property=\"og:image:width\" content=\"1283\" \/>\n\t<meta property=\"og:image:height\" content=\"1283\" \/>\n\t<meta property=\"og:image:type\" content=\"image\/png\" \/>\n<meta name=\"twitter:card\" content=\"summary_large_image\" \/>\n<meta name=\"twitter:label1\" content=\"Tiempo de lectura\" \/>\n\t<meta name=\"twitter:data1\" content=\"1 minuto\" \/>\n<script type=\"application\/ld+json\" class=\"yoast-schema-graph\">{\"@context\":\"https:\\\/\\\/schema.org\",\"@graph\":[{\"@type\":\"WebPage\",\"@id\":\"https:\\\/\\\/unitgames.com.ar\\\/pc-gamer\\\/producto\\\/silla-gamer-formula-v-line-vc3-racer-negro-roja\\\/\",\"url\":\"https:\\\/\\\/unitgames.com.ar\\\/pc-gamer\\\/producto\\\/silla-gamer-formula-v-line-vc3-racer-negro-roja\\\/\",\"name\":\"Silla Gamer FORMULA V Line VC3 Racer Negro \\\/ Roja - UnitGames\",\"isPartOf\":{\"@id\":\"https:\\\/\\\/unitgames.com.ar\\\/pc-gamer\\\/#website\"},\"primaryImageOfPage\":{\"@id\":\"https:\\\/\\\/unitgames.com.ar\\\/pc-gamer\\\/producto\\\/silla-gamer-formula-v-line-vc3-racer-negro-roja\\\/#primaryimage\"},\"image\":{\"@id\":\"https:\\\/\\\/unitgames.com.ar\\\/pc-gamer\\\/producto\\\/silla-gamer-formula-v-line-vc3-racer-negro-roja\\\/#primaryimage\"},\"thumbnailUrl\":\"https:\\\/\\\/unitgames.com.ar\\\/pc-gamer\\\/wp-content\\\/uploads\\\/2026\\\/02\\\/Silla-Gamer-FORMULA-V-Line-VC3-Racer-Negro.png\",\"datePublished\":\"2026-02-09T20:29:16+00:00\",\"dateModified\":\"2026-04-21T13:16:44+00:00\",\"breadcrumb\":{\"@id\":\"https:\\\/\\\/unitgames.com.ar\\\/pc-gamer\\\/producto\\\/silla-gamer-formula-v-line-vc3-racer-negro-roja\\\/#breadcrumb\"},\"inLanguage\":\"es\",\"potentialAction\":[{\"@type\":\"ReadAction\",\"target\":[\"https:\\\/\\\/unitgames.com.ar\\\/pc-gamer\\\/producto\\\/silla-gamer-formula-v-line-vc3-racer-negro-roja\\\/\"]}]},{\"@type\":\"ImageObject\",\"inLanguage\":\"es\",\"@id\":\"https:\\\/\\\/unitgames.com.ar\\\/pc-gamer\\\/producto\\\/silla-gamer-formula-v-line-vc3-racer-negro-roja\\\/#primaryimage\",\"url\":\"https:\\\/\\\/unitgames.com.ar\\\/pc-gamer\\\/wp-content\\\/uploads\\\/2026\\\/02\\\/Silla-Gamer-FORMULA-V-Line-VC3-Racer-Negro.png\",\"contentUrl\":\"https:\\\/\\\/unitgames.com.ar\\\/pc-gamer\\\/wp-content\\\/uploads\\\/2026\\\/02\\\/Silla-Gamer-FORMULA-V-Line-VC3-Racer-Negro.png\",\"width\":1283,\"height\":1283},{\"@type\":\"BreadcrumbList\",\"@id\":\"https:\\\/\\\/unitgames.com.ar\\\/pc-gamer\\\/producto\\\/silla-gamer-formula-v-line-vc3-racer-negro-roja\\\/#breadcrumb\",\"itemListElement\":[{\"@type\":\"ListItem\",\"position\":1,\"name\":\"Tienda\",\"item\":\"https:\\\/\\\/unitgames.com.ar\\\/pc-gamer\\\/tienda\\\/\"},{\"@type\":\"ListItem\",\"position\":2,\"name\":\"Silla Gamer FORMULA V Line VC3 Racer Negro \\\/ Roja\"}]},{\"@type\":\"WebSite\",\"@id\":\"https:\\\/\\\/unitgames.com.ar\\\/pc-gamer\\\/#website\",\"url\":\"https:\\\/\\\/unitgames.com.ar\\\/pc-gamer\\\/\",\"name\":\"UnitGames\",\"description\":\"Venta de PC Gamers, Consolas , Servicio Tecnico Especializado. Todos en Accesorios Informaticos y Gamers\",\"publisher\":{\"@id\":\"https:\\\/\\\/unitgames.com.ar\\\/pc-gamer\\\/#organization\"},\"potentialAction\":[{\"@type\":\"SearchAction\",\"target\":{\"@type\":\"EntryPoint\",\"urlTemplate\":\"https:\\\/\\\/unitgames.com.ar\\\/pc-gamer\\\/?s={search_term_string}\"},\"query-input\":{\"@type\":\"PropertyValueSpecification\",\"valueRequired\":true,\"valueName\":\"search_term_string\"}}],\"inLanguage\":\"es\"},{\"@type\":\"Organization\",\"@id\":\"https:\\\/\\\/unitgames.com.ar\\\/pc-gamer\\\/#organization\",\"name\":\"UnitGames\",\"url\":\"https:\\\/\\\/unitgames.com.ar\\\/pc-gamer\\\/\",\"logo\":{\"@type\":\"ImageObject\",\"inLanguage\":\"es\",\"@id\":\"https:\\\/\\\/unitgames.com.ar\\\/pc-gamer\\\/#\\\/schema\\\/logo\\\/image\\\/\",\"url\":\"https:\\\/\\\/unitgames.com.ar\\\/pc-gamer\\\/wp-content\\\/uploads\\\/2021\\\/01\\\/cropped-logoUnitGames2.png\",\"contentUrl\":\"https:\\\/\\\/unitgames.com.ar\\\/pc-gamer\\\/wp-content\\\/uploads\\\/2021\\\/01\\\/cropped-logoUnitGames2.png\",\"width\":152,\"height\":200,\"caption\":\"UnitGames\"},\"image\":{\"@id\":\"https:\\\/\\\/unitgames.com.ar\\\/pc-gamer\\\/#\\\/schema\\\/logo\\\/image\\\/\"}}]}<\/script>\n<!-- \/ Yoast SEO plugin. -->","yoast_head_json":{"title":"Silla Gamer FORMULA V Line VC3 Racer Negro \/ Roja - UnitGames","robots":{"index":"index","follow":"follow","max-snippet":"max-snippet:-1","max-image-preview":"max-image-preview:large","max-video-preview":"max-video-preview:-1"},"canonical":"https:\/\/unitgames.com.ar\/pc-gamer\/producto\/silla-gamer-formula-v-line-vc3-racer-negro-roja\/","og_locale":"es_ES","og_type":"article","og_title":"Silla Gamer FORMULA V Line VC3 Racer Negro \/ Roja - UnitGames","og_description":"La FORMULA V Ryvo Breeze Black combina comodidad, dise\u00f1o ergon\u00f3mico y estilo gamer. Fabricada con materiales de alta calidad, est\u00e1 pensada para largas jornadas de juego o trabajo, ofreciendo soporte lumbar y cervical, adem\u00e1s de m\u00faltiples ajustes para adaptarse a cada usuario. Especificaciones T\u00e9cnicas Marca: FORMULA V Modelo: Ryvo Breeze Black Tipo: Silla gamer ergon\u00f3mica Material principal: Cuero sint\u00e9tico (PU) + espuma de alta densidad Estructura: Met\u00e1lica reforzada Base: Estrella met\u00e1lica con ruedas de nylon resistentes Reposabrazos: 2D (ajuste en altura y rotaci\u00f3n) Inclinaci\u00f3n del respaldo: 90\u00b0 \u2013 150\u00b0 Mecanismo: Basculante con bloqueo Cojines incluidos: Almohadilla lumbar + almohadilla cervical Pist\u00f3n de gas: Clase 4, altura regulable Peso m\u00e1ximo soportado: 120 \u2013 150 kg (seg\u00fan versi\u00f3n) Dimensiones aproximadas Altura total: 125 \u2013 135 cm Ancho del respaldo: 55 cm Altura del respaldo: 82 cm Profundidad del asiento: 50 cm Caracter\u00edsticas destacadas Dise\u00f1o gamer en color negro mate Reclinaci\u00f3n hasta 150\u00b0 para m\u00e1xima comodidad Reposabrazos ajustables 2D Estructura s\u00f3lida con pist\u00f3n de gas clase 4 Incluye cojines ergon\u00f3micos para soporte lumbar y cervical","og_url":"https:\/\/unitgames.com.ar\/pc-gamer\/producto\/silla-gamer-formula-v-line-vc3-racer-negro-roja\/","og_site_name":"UnitGames","article_modified_time":"2026-04-21T13:16:44+00:00","og_image":[{"width":1283,"height":1283,"url":"https:\/\/unitgames.com.ar\/pc-gamer\/wp-content\/uploads\/2026\/02\/Silla-Gamer-FORMULA-V-Line-VC3-Racer-Negro.png","type":"image\/png"}],"twitter_card":"summary_large_image","twitter_misc":{"Tiempo de lectura":"1 minuto"},"schema":{"@context":"https:\/\/schema.org","@graph":[{"@type":"WebPage","@id":"https:\/\/unitgames.com.ar\/pc-gamer\/producto\/silla-gamer-formula-v-line-vc3-racer-negro-roja\/","url":"https:\/\/unitgames.com.ar\/pc-gamer\/producto\/silla-gamer-formula-v-line-vc3-racer-negro-roja\/","name":"Silla Gamer FORMULA V Line VC3 Racer Negro \/ Roja - UnitGames","isPartOf":{"@id":"https:\/\/unitgames.com.ar\/pc-gamer\/#website"},"primaryImageOfPage":{"@id":"https:\/\/unitgames.com.ar\/pc-gamer\/producto\/silla-gamer-formula-v-line-vc3-racer-negro-roja\/#primaryimage"},"image":{"@id":"https:\/\/unitgames.com.ar\/pc-gamer\/producto\/silla-gamer-formula-v-line-vc3-racer-negro-roja\/#primaryimage"},"thumbnailUrl":"https:\/\/unitgames.com.ar\/pc-gamer\/wp-content\/uploads\/2026\/02\/Silla-Gamer-FORMULA-V-Line-VC3-Racer-Negro.png","datePublished":"2026-02-09T20:29:16+00:00","dateModified":"2026-04-21T13:16:44+00:00","breadcrumb":{"@id":"https:\/\/unitgames.com.ar\/pc-gamer\/producto\/silla-gamer-formula-v-line-vc3-racer-negro-roja\/#breadcrumb"},"inLanguage":"es","potentialAction":[{"@type":"ReadAction","target":["https:\/\/unitgames.com.ar\/pc-gamer\/producto\/silla-gamer-formula-v-line-vc3-racer-negro-roja\/"]}]},{"@type":"ImageObject","inLanguage":"es","@id":"https:\/\/unitgames.com.ar\/pc-gamer\/producto\/silla-gamer-formula-v-line-vc3-racer-negro-roja\/#primaryimage","url":"https:\/\/unitgames.com.ar\/pc-gamer\/wp-content\/uploads\/2026\/02\/Silla-Gamer-FORMULA-V-Line-VC3-Racer-Negro.png","contentUrl":"https:\/\/unitgames.com.ar\/pc-gamer\/wp-content\/uploads\/2026\/02\/Silla-Gamer-FORMULA-V-Line-VC3-Racer-Negro.png","width":1283,"height":1283},{"@type":"BreadcrumbList","@id":"https:\/\/unitgames.com.ar\/pc-gamer\/producto\/silla-gamer-formula-v-line-vc3-racer-negro-roja\/#breadcrumb","itemListElement":[{"@type":"ListItem","position":1,"name":"Tienda","item":"https:\/\/unitgames.com.ar\/pc-gamer\/tienda\/"},{"@type":"ListItem","position":2,"name":"Silla Gamer FORMULA V Line VC3 Racer Negro \/ Roja"}]},{"@type":"WebSite","@id":"https:\/\/unitgames.com.ar\/pc-gamer\/#website","url":"https:\/\/unitgames.com.ar\/pc-gamer\/","name":"UnitGames","description":"Venta de PC Gamers, Consolas , Servicio Tecnico Especializado. Todos en Accesorios Informaticos y Gamers","publisher":{"@id":"https:\/\/unitgames.com.ar\/pc-gamer\/#organization"},"potentialAction":[{"@type":"SearchAction","target":{"@type":"EntryPoint","urlTemplate":"https:\/\/unitgames.com.ar\/pc-gamer\/?s={search_term_string}"},"query-input":{"@type":"PropertyValueSpecification","valueRequired":true,"valueName":"search_term_string"}}],"inLanguage":"es"},{"@type":"Organization","@id":"https:\/\/unitgames.com.ar\/pc-gamer\/#organization","name":"UnitGames","url":"https:\/\/unitgames.com.ar\/pc-gamer\/","logo":{"@type":"ImageObject","inLanguage":"es","@id":"https:\/\/unitgames.com.ar\/pc-gamer\/#\/schema\/logo\/image\/","url":"https:\/\/unitgames.com.ar\/pc-gamer\/wp-content\/uploads\/2021\/01\/cropped-logoUnitGames2.png","contentUrl":"https:\/\/unitgames.com.ar\/pc-gamer\/wp-content\/uploads\/2021\/01\/cropped-logoUnitGames2.png","width":152,"height":200,"caption":"UnitGames"},"image":{"@id":"https:\/\/unitgames.com.ar\/pc-gamer\/#\/schema\/logo\/image\/"}}]}},"_links":{"self":[{"href":"https:\/\/unitgames.com.ar\/pc-gamer\/wp-json\/wp\/v2\/product\/19516","targetHints":{"allow":["GET"]}}],"collection":[{"href":"https:\/\/unitgames.com.ar\/pc-gamer\/wp-json\/wp\/v2\/product"}],"about":[{"href":"https:\/\/unitgames.com.ar\/pc-gamer\/wp-json\/wp\/v2\/types\/product"}],"version-history":[{"count":0,"href":"https:\/\/unitgames.com.ar\/pc-gamer\/wp-json\/wp\/v2\/product\/19516\/revisions"}],"wp:featuredmedia":[{"embeddable":true,"href":"https:\/\/unitgames.com.ar\/pc-gamer\/wp-json\/wp\/v2\/media\/19932"}],"wp:attachment":[{"href":"https:\/\/unitgames.com.ar\/pc-gamer\/wp-json\/wp\/v2\/media?parent=19516"}],"wp:term":[{"taxonomy":"product_brand","embeddable":true,"href":"https:\/\/unitgames.com.ar\/pc-gamer\/wp-json\/wp\/v2\/product_brand?post=19516"},{"taxonomy":"product_cat","embeddable":true,"href":"https:\/\/unitgames.com.ar\/pc-gamer\/wp-json\/wp\/v2\/product_cat?post=19516"},{"taxonomy":"product_tag","embeddable":true,"href":"https:\/\/unitgames.com.ar\/pc-gamer\/wp-json\/wp\/v2\/product_tag?post=19516"}],"curies":[{"name":"wp","href":"https:\/\/api.w.org\/{rel}","templated":true}]}}