{"id":2044,"date":"2021-01-04T19:47:27","date_gmt":"2021-01-04T19:47:27","guid":{"rendered":"https:\/\/unitgames.com.ar\/pc-gamers\/producto\/teclado-mecanico-redragon-mitra-k551\/"},"modified":"2026-01-09T07:11:57","modified_gmt":"2026-01-09T10:11:57","slug":"teclado-mecanico-redragon-mitra-k551","status":"publish","type":"product","link":"https:\/\/unitgames.com.ar\/pc-gamer\/producto\/teclado-mecanico-redragon-mitra-k551\/","title":{"rendered":"Teclado Mecanico REDRAGON Mitra"},"content":{"rendered":"<h1 class=\"product_title entry-title\">MITRA K551<\/h1>\n<h3>Switches Outemu Blue<\/h3>\n<p>El coraz\u00f3n de los teclados Redragon est\u00e1 equipado con tecnolog\u00eda Outemu, en este caso, los switches Outemu Blue, de click audible y con activaci\u00f3n al ejercer solo 50 gramos de fuerza sobre la tecla, hacen del Mitra un teclado que acompa\u00f1a cualquier escritura o juego.<\/p>\n<h3>Iluminaci\u00f3n RGB<\/h3>\n<p>Porque no todo es tecnicismo, tambi\u00e9n nos importa la est\u00e9tica: el Mitra K551 posee retroiluminaci\u00f3n real LED RGB con 16.8 millones de n\u00edtidos colores para transformar el teclado en TU teclado.<\/p>\n<h3>Tecla de bloqueo de Windows<\/h3>\n<p>Como su nombre lo dice, esta tecla a\u00f1ade funcionalidad al teclado, evitando tocar accidentalmente la tecla que cierre nuestro juego mientras nos encontramos en el punto clave de la partida.<\/p>\n<h3>Construcci\u00f3n<\/h3>\n<p>La construcci\u00f3n del teclado est\u00e1 realizada sobre ABS reforzado y placa de acero, combinado con teclas moldeadas por inyecci\u00f3n l\u00e1ser de doble disparo y posteriormente grabadas, generan un producto durable y de excelente calidad, ideal para uso intensivo.<\/p>\n<p>Su cable de 1.8 metros resiste hasta 12kg de carga continua y hasta 10.000 flexiones bruscas.<\/p>\n<p>Estructura real antisalpicaduras que protege al usuario de derrames accidentales sobre nuestro perif\u00e9rico, drenando el l\u00edquido por la parte posterior de la base del teclado.<\/p>\n<p>Por \u00faltimo, pero no menos importante: todos los teclados Redragon poseen bases antideslizantes que aseguran la rigidez del perif\u00e9rico en el lugar que hayamos decidido colocarlo.<\/p>\n<h3>Tecla FN<\/h3>\n<p>La inclusi\u00f3n de la tecla FN admite el uso de atajos multimedia que aportan al comfort del usuario en todo momento, que jam\u00e1s se vea interrumpido por accidente el punto clave de la partida.<\/p>\n<h3>Software independiente<\/h3>\n<p>El software independiente del Redragon Mitra nos permite configurar a gusto y confort del usuario la iluminaci\u00f3n de nuestro perif\u00e9rico. No olvidemos que podemos guardar perfiles dentro de la memoria incorporada dentro del teclado.<\/p>\n<h3>Extras<\/h3>\n<p>El Mitra incluye adicionalmente un keypicker, switches intercambiables y pinza extractora.<\/p>\n","protected":false},"excerpt":{"rendered":"<p>MITRA K551 Switches Outemu Blue El coraz\u00f3n de los teclados Redragon est\u00e1 equipado con tecnolog\u00eda Outemu, en este caso, los switches Outemu Blue, de click audible y con activaci\u00f3n al ejercer solo 50 gramos de fuerza sobre la tecla, hacen del Mitra un teclado que acompa\u00f1a cualquier escritura o juego. Iluminaci\u00f3n RGB Porque no todo es tecnicismo, tambi\u00e9n nos importa la est\u00e9tica: el Mitra K551 posee retroiluminaci\u00f3n real LED RGB con 16.8 millones de n\u00edtidos colores para transformar el teclado en TU teclado. Tecla de bloqueo de Windows Como su nombre lo dice, esta tecla a\u00f1ade funcionalidad al teclado, evitando tocar accidentalmente la tecla que cierre nuestro juego mientras nos encontramos en el punto clave de la partida. Construcci\u00f3n La construcci\u00f3n del teclado est\u00e1 realizada sobre ABS reforzado y placa de acero, combinado con teclas moldeadas por inyecci\u00f3n l\u00e1ser de doble disparo y posteriormente grabadas, generan un producto durable y de excelente calidad, ideal para uso intensivo. Su cable de 1.8 metros resiste hasta 12kg de carga continua y hasta 10.000 flexiones bruscas. Estructura real antisalpicaduras que protege al usuario de derrames accidentales sobre nuestro perif\u00e9rico, drenando el l\u00edquido por la parte posterior de la base del teclado. Por \u00faltimo, pero no menos importante: todos los teclados Redragon poseen bases antideslizantes que aseguran la rigidez del perif\u00e9rico en el lugar que hayamos decidido colocarlo. Tecla FN La inclusi\u00f3n de la tecla FN admite el uso de atajos multimedia que aportan al comfort del usuario en todo momento, que jam\u00e1s se vea interrumpido por accidente el punto clave de la partida. Software independiente El software independiente del Redragon Mitra nos permite configurar a gusto y confort del usuario la iluminaci\u00f3n de nuestro perif\u00e9rico. No olvidemos que podemos guardar perfiles dentro de la memoria incorporada dentro del teclado. Extras El Mitra incluye adicionalmente un keypicker, switches intercambiables y pinza extractora.<\/p>\n","protected":false},"featured_media":9861,"template":"","meta":{"site-sidebar-layout":"default","site-content-layout":"","ast-site-content-layout":"default","site-content-style":"default","site-sidebar-style":"default","ast-global-header-display":"","ast-banner-title-visibility":"","ast-main-header-display":"","ast-hfb-above-header-display":"","ast-hfb-below-header-display":"","ast-hfb-mobile-header-display":"","site-post-title":"","ast-breadcrumbs-content":"","ast-featured-img":"","footer-sml-layout":"","theme-transparent-header-meta":"default","adv-header-id-meta":"","stick-header-meta":"","header-above-stick-meta":"","header-main-stick-meta":"","header-below-stick-meta":"","astra-migrate-meta-layouts":"set","ast-page-background-enabled":"default","ast-page-background-meta":{"desktop":{"background-color":"var(--ast-global-color-5)","background-image":"","background-repeat":"repeat","background-position":"center center","background-size":"auto","background-attachment":"scroll","background-type":"","background-media":"","overlay-type":"","overlay-color":"","overlay-opacity":"","overlay-gradient":""},"tablet":{"background-color":"","background-image":"","background-repeat":"repeat","background-position":"center center","background-size":"auto","background-attachment":"scroll","background-type":"","background-media":"","overlay-type":"","overlay-color":"","overlay-opacity":"","overlay-gradient":""},"mobile":{"background-color":"","background-image":"","background-repeat":"repeat","background-position":"center center","background-size":"auto","background-attachment":"scroll","background-type":"","background-media":"","overlay-type":"","overlay-color":"","overlay-opacity":"","overlay-gradient":""}},"ast-content-background-meta":{"desktop":{"background-color":"var(--ast-global-color-4)","background-image":"","background-repeat":"repeat","background-position":"center center","background-size":"auto","background-attachment":"scroll","background-type":"","background-media":"","overlay-type":"","overlay-color":"","overlay-opacity":"","overlay-gradient":""},"tablet":{"background-color":"var(--ast-global-color-4)","background-image":"","background-repeat":"repeat","background-position":"center center","background-size":"auto","background-attachment":"scroll","background-type":"","background-media":"","overlay-type":"","overlay-color":"","overlay-opacity":"","overlay-gradient":""},"mobile":{"background-color":"var(--ast-global-color-4)","background-image":"","background-repeat":"repeat","background-position":"center center","background-size":"auto","background-attachment":"scroll","background-type":"","background-media":"","overlay-type":"","overlay-color":"","overlay-opacity":"","overlay-gradient":""}},"_joinchat":[]},"product_brand":[],"product_cat":[92],"product_tag":[],"class_list":{"0":"post-2044","1":"product","2":"type-product","3":"status-publish","4":"has-post-thumbnail","6":"product_cat-teclados-mecanicos","7":"desktop-align-center","8":"tablet-align-left","9":"mobile-align-left","11":"first","12":"instock","13":"shipping-taxable","14":"purchasable","15":"product-type-simple"},"yoast_head":"<!-- This site is optimized with the Yoast SEO plugin v27.5 - https:\/\/yoast.com\/product\/yoast-seo-wordpress\/ -->\n<title>Teclado Mecanico REDRAGON Mitra - UnitGames<\/title>\n<meta name=\"robots\" content=\"index, follow, max-snippet:-1, max-image-preview:large, max-video-preview:-1\" \/>\n<link rel=\"canonical\" href=\"https:\/\/unitgames.com.ar\/pc-gamer\/producto\/teclado-mecanico-redragon-mitra-k551\/\" \/>\n<meta property=\"og:locale\" content=\"es_ES\" \/>\n<meta property=\"og:type\" content=\"article\" \/>\n<meta property=\"og:title\" content=\"Teclado Mecanico REDRAGON Mitra - UnitGames\" \/>\n<meta property=\"og:description\" content=\"MITRA K551 Switches Outemu Blue El coraz\u00f3n de los teclados Redragon est\u00e1 equipado con tecnolog\u00eda Outemu, en este caso, los switches Outemu Blue, de click audible y con activaci\u00f3n al ejercer solo 50 gramos de fuerza sobre la tecla, hacen del Mitra un teclado que acompa\u00f1a cualquier escritura o juego. Iluminaci\u00f3n RGB Porque no todo es tecnicismo, tambi\u00e9n nos importa la est\u00e9tica: el Mitra K551 posee retroiluminaci\u00f3n real LED RGB con 16.8 millones de n\u00edtidos colores para transformar el teclado en TU teclado. Tecla de bloqueo de Windows Como su nombre lo dice, esta tecla a\u00f1ade funcionalidad al teclado, evitando tocar accidentalmente la tecla que cierre nuestro juego mientras nos encontramos en el punto clave de la partida. Construcci\u00f3n La construcci\u00f3n del teclado est\u00e1 realizada sobre ABS reforzado y placa de acero, combinado con teclas moldeadas por inyecci\u00f3n l\u00e1ser de doble disparo y posteriormente grabadas, generan un producto durable y de excelente calidad, ideal para uso intensivo. Su cable de 1.8 metros resiste hasta 12kg de carga continua y hasta 10.000 flexiones bruscas. Estructura real antisalpicaduras que protege al usuario de derrames accidentales sobre nuestro perif\u00e9rico, drenando el l\u00edquido por la parte posterior de la base del teclado. Por \u00faltimo, pero no menos importante: todos los teclados Redragon poseen bases antideslizantes que aseguran la rigidez del perif\u00e9rico en el lugar que hayamos decidido colocarlo. Tecla FN La inclusi\u00f3n de la tecla FN admite el uso de atajos multimedia que aportan al comfort del usuario en todo momento, que jam\u00e1s se vea interrumpido por accidente el punto clave de la partida. Software independiente El software independiente del Redragon Mitra nos permite configurar a gusto y confort del usuario la iluminaci\u00f3n de nuestro perif\u00e9rico. No olvidemos que podemos guardar perfiles dentro de la memoria incorporada dentro del teclado. Extras El Mitra incluye adicionalmente un keypicker, switches intercambiables y pinza extractora.\" \/>\n<meta property=\"og:url\" content=\"https:\/\/unitgames.com.ar\/pc-gamer\/producto\/teclado-mecanico-redragon-mitra-k551\/\" \/>\n<meta property=\"og:site_name\" content=\"UnitGames\" \/>\n<meta property=\"article:modified_time\" content=\"2026-01-09T10:11:57+00:00\" \/>\n<meta property=\"og:image\" content=\"https:\/\/unitgames.com.ar\/pc-gamer\/wp-content\/uploads\/2021\/01\/Teclado-Mecanico-REDRAGON-Mitra.png\" \/>\n\t<meta property=\"og:image:width\" content=\"1283\" \/>\n\t<meta property=\"og:image:height\" content=\"1283\" \/>\n\t<meta property=\"og:image:type\" content=\"image\/png\" \/>\n<meta name=\"twitter:card\" content=\"summary_large_image\" \/>\n<meta name=\"twitter:label1\" content=\"Tiempo de lectura\" \/>\n\t<meta name=\"twitter:data1\" content=\"1 minuto\" \/>\n<script type=\"application\/ld+json\" class=\"yoast-schema-graph\">{\"@context\":\"https:\\\/\\\/schema.org\",\"@graph\":[{\"@type\":\"WebPage\",\"@id\":\"https:\\\/\\\/unitgames.com.ar\\\/pc-gamer\\\/producto\\\/teclado-mecanico-redragon-mitra-k551\\\/\",\"url\":\"https:\\\/\\\/unitgames.com.ar\\\/pc-gamer\\\/producto\\\/teclado-mecanico-redragon-mitra-k551\\\/\",\"name\":\"Teclado Mecanico REDRAGON Mitra - UnitGames\",\"isPartOf\":{\"@id\":\"https:\\\/\\\/unitgames.com.ar\\\/pc-gamer\\\/#website\"},\"primaryImageOfPage\":{\"@id\":\"https:\\\/\\\/unitgames.com.ar\\\/pc-gamer\\\/producto\\\/teclado-mecanico-redragon-mitra-k551\\\/#primaryimage\"},\"image\":{\"@id\":\"https:\\\/\\\/unitgames.com.ar\\\/pc-gamer\\\/producto\\\/teclado-mecanico-redragon-mitra-k551\\\/#primaryimage\"},\"thumbnailUrl\":\"https:\\\/\\\/unitgames.com.ar\\\/pc-gamer\\\/wp-content\\\/uploads\\\/2021\\\/01\\\/Teclado-Mecanico-REDRAGON-Mitra.png\",\"datePublished\":\"2021-01-04T19:47:27+00:00\",\"dateModified\":\"2026-01-09T10:11:57+00:00\",\"breadcrumb\":{\"@id\":\"https:\\\/\\\/unitgames.com.ar\\\/pc-gamer\\\/producto\\\/teclado-mecanico-redragon-mitra-k551\\\/#breadcrumb\"},\"inLanguage\":\"es\",\"potentialAction\":[{\"@type\":\"ReadAction\",\"target\":[\"https:\\\/\\\/unitgames.com.ar\\\/pc-gamer\\\/producto\\\/teclado-mecanico-redragon-mitra-k551\\\/\"]}]},{\"@type\":\"ImageObject\",\"inLanguage\":\"es\",\"@id\":\"https:\\\/\\\/unitgames.com.ar\\\/pc-gamer\\\/producto\\\/teclado-mecanico-redragon-mitra-k551\\\/#primaryimage\",\"url\":\"https:\\\/\\\/unitgames.com.ar\\\/pc-gamer\\\/wp-content\\\/uploads\\\/2021\\\/01\\\/Teclado-Mecanico-REDRAGON-Mitra.png\",\"contentUrl\":\"https:\\\/\\\/unitgames.com.ar\\\/pc-gamer\\\/wp-content\\\/uploads\\\/2021\\\/01\\\/Teclado-Mecanico-REDRAGON-Mitra.png\",\"width\":1283,\"height\":1283},{\"@type\":\"BreadcrumbList\",\"@id\":\"https:\\\/\\\/unitgames.com.ar\\\/pc-gamer\\\/producto\\\/teclado-mecanico-redragon-mitra-k551\\\/#breadcrumb\",\"itemListElement\":[{\"@type\":\"ListItem\",\"position\":1,\"name\":\"Tienda\",\"item\":\"https:\\\/\\\/unitgames.com.ar\\\/pc-gamer\\\/tienda\\\/\"},{\"@type\":\"ListItem\",\"position\":2,\"name\":\"Teclado Mecanico REDRAGON Mitra\"}]},{\"@type\":\"WebSite\",\"@id\":\"https:\\\/\\\/unitgames.com.ar\\\/pc-gamer\\\/#website\",\"url\":\"https:\\\/\\\/unitgames.com.ar\\\/pc-gamer\\\/\",\"name\":\"UnitGames\",\"description\":\"Venta de PC Gamers, Consolas , Servicio Tecnico Especializado. Todos en Accesorios Informaticos y Gamers\",\"publisher\":{\"@id\":\"https:\\\/\\\/unitgames.com.ar\\\/pc-gamer\\\/#organization\"},\"potentialAction\":[{\"@type\":\"SearchAction\",\"target\":{\"@type\":\"EntryPoint\",\"urlTemplate\":\"https:\\\/\\\/unitgames.com.ar\\\/pc-gamer\\\/?s={search_term_string}\"},\"query-input\":{\"@type\":\"PropertyValueSpecification\",\"valueRequired\":true,\"valueName\":\"search_term_string\"}}],\"inLanguage\":\"es\"},{\"@type\":\"Organization\",\"@id\":\"https:\\\/\\\/unitgames.com.ar\\\/pc-gamer\\\/#organization\",\"name\":\"UnitGames\",\"url\":\"https:\\\/\\\/unitgames.com.ar\\\/pc-gamer\\\/\",\"logo\":{\"@type\":\"ImageObject\",\"inLanguage\":\"es\",\"@id\":\"https:\\\/\\\/unitgames.com.ar\\\/pc-gamer\\\/#\\\/schema\\\/logo\\\/image\\\/\",\"url\":\"https:\\\/\\\/unitgames.com.ar\\\/pc-gamer\\\/wp-content\\\/uploads\\\/2021\\\/01\\\/cropped-logoUnitGames2.png\",\"contentUrl\":\"https:\\\/\\\/unitgames.com.ar\\\/pc-gamer\\\/wp-content\\\/uploads\\\/2021\\\/01\\\/cropped-logoUnitGames2.png\",\"width\":152,\"height\":200,\"caption\":\"UnitGames\"},\"image\":{\"@id\":\"https:\\\/\\\/unitgames.com.ar\\\/pc-gamer\\\/#\\\/schema\\\/logo\\\/image\\\/\"}}]}<\/script>\n<!-- \/ Yoast SEO plugin. -->","yoast_head_json":{"title":"Teclado Mecanico REDRAGON Mitra - UnitGames","robots":{"index":"index","follow":"follow","max-snippet":"max-snippet:-1","max-image-preview":"max-image-preview:large","max-video-preview":"max-video-preview:-1"},"canonical":"https:\/\/unitgames.com.ar\/pc-gamer\/producto\/teclado-mecanico-redragon-mitra-k551\/","og_locale":"es_ES","og_type":"article","og_title":"Teclado Mecanico REDRAGON Mitra - UnitGames","og_description":"MITRA K551 Switches Outemu Blue El coraz\u00f3n de los teclados Redragon est\u00e1 equipado con tecnolog\u00eda Outemu, en este caso, los switches Outemu Blue, de click audible y con activaci\u00f3n al ejercer solo 50 gramos de fuerza sobre la tecla, hacen del Mitra un teclado que acompa\u00f1a cualquier escritura o juego. Iluminaci\u00f3n RGB Porque no todo es tecnicismo, tambi\u00e9n nos importa la est\u00e9tica: el Mitra K551 posee retroiluminaci\u00f3n real LED RGB con 16.8 millones de n\u00edtidos colores para transformar el teclado en TU teclado. Tecla de bloqueo de Windows Como su nombre lo dice, esta tecla a\u00f1ade funcionalidad al teclado, evitando tocar accidentalmente la tecla que cierre nuestro juego mientras nos encontramos en el punto clave de la partida. Construcci\u00f3n La construcci\u00f3n del teclado est\u00e1 realizada sobre ABS reforzado y placa de acero, combinado con teclas moldeadas por inyecci\u00f3n l\u00e1ser de doble disparo y posteriormente grabadas, generan un producto durable y de excelente calidad, ideal para uso intensivo. Su cable de 1.8 metros resiste hasta 12kg de carga continua y hasta 10.000 flexiones bruscas. Estructura real antisalpicaduras que protege al usuario de derrames accidentales sobre nuestro perif\u00e9rico, drenando el l\u00edquido por la parte posterior de la base del teclado. Por \u00faltimo, pero no menos importante: todos los teclados Redragon poseen bases antideslizantes que aseguran la rigidez del perif\u00e9rico en el lugar que hayamos decidido colocarlo. Tecla FN La inclusi\u00f3n de la tecla FN admite el uso de atajos multimedia que aportan al comfort del usuario en todo momento, que jam\u00e1s se vea interrumpido por accidente el punto clave de la partida. Software independiente El software independiente del Redragon Mitra nos permite configurar a gusto y confort del usuario la iluminaci\u00f3n de nuestro perif\u00e9rico. No olvidemos que podemos guardar perfiles dentro de la memoria incorporada dentro del teclado. Extras El Mitra incluye adicionalmente un keypicker, switches intercambiables y pinza extractora.","og_url":"https:\/\/unitgames.com.ar\/pc-gamer\/producto\/teclado-mecanico-redragon-mitra-k551\/","og_site_name":"UnitGames","article_modified_time":"2026-01-09T10:11:57+00:00","og_image":[{"width":1283,"height":1283,"url":"https:\/\/unitgames.com.ar\/pc-gamer\/wp-content\/uploads\/2021\/01\/Teclado-Mecanico-REDRAGON-Mitra.png","type":"image\/png"}],"twitter_card":"summary_large_image","twitter_misc":{"Tiempo de lectura":"1 minuto"},"schema":{"@context":"https:\/\/schema.org","@graph":[{"@type":"WebPage","@id":"https:\/\/unitgames.com.ar\/pc-gamer\/producto\/teclado-mecanico-redragon-mitra-k551\/","url":"https:\/\/unitgames.com.ar\/pc-gamer\/producto\/teclado-mecanico-redragon-mitra-k551\/","name":"Teclado Mecanico REDRAGON Mitra - UnitGames","isPartOf":{"@id":"https:\/\/unitgames.com.ar\/pc-gamer\/#website"},"primaryImageOfPage":{"@id":"https:\/\/unitgames.com.ar\/pc-gamer\/producto\/teclado-mecanico-redragon-mitra-k551\/#primaryimage"},"image":{"@id":"https:\/\/unitgames.com.ar\/pc-gamer\/producto\/teclado-mecanico-redragon-mitra-k551\/#primaryimage"},"thumbnailUrl":"https:\/\/unitgames.com.ar\/pc-gamer\/wp-content\/uploads\/2021\/01\/Teclado-Mecanico-REDRAGON-Mitra.png","datePublished":"2021-01-04T19:47:27+00:00","dateModified":"2026-01-09T10:11:57+00:00","breadcrumb":{"@id":"https:\/\/unitgames.com.ar\/pc-gamer\/producto\/teclado-mecanico-redragon-mitra-k551\/#breadcrumb"},"inLanguage":"es","potentialAction":[{"@type":"ReadAction","target":["https:\/\/unitgames.com.ar\/pc-gamer\/producto\/teclado-mecanico-redragon-mitra-k551\/"]}]},{"@type":"ImageObject","inLanguage":"es","@id":"https:\/\/unitgames.com.ar\/pc-gamer\/producto\/teclado-mecanico-redragon-mitra-k551\/#primaryimage","url":"https:\/\/unitgames.com.ar\/pc-gamer\/wp-content\/uploads\/2021\/01\/Teclado-Mecanico-REDRAGON-Mitra.png","contentUrl":"https:\/\/unitgames.com.ar\/pc-gamer\/wp-content\/uploads\/2021\/01\/Teclado-Mecanico-REDRAGON-Mitra.png","width":1283,"height":1283},{"@type":"BreadcrumbList","@id":"https:\/\/unitgames.com.ar\/pc-gamer\/producto\/teclado-mecanico-redragon-mitra-k551\/#breadcrumb","itemListElement":[{"@type":"ListItem","position":1,"name":"Tienda","item":"https:\/\/unitgames.com.ar\/pc-gamer\/tienda\/"},{"@type":"ListItem","position":2,"name":"Teclado Mecanico REDRAGON Mitra"}]},{"@type":"WebSite","@id":"https:\/\/unitgames.com.ar\/pc-gamer\/#website","url":"https:\/\/unitgames.com.ar\/pc-gamer\/","name":"UnitGames","description":"Venta de PC Gamers, Consolas , Servicio Tecnico Especializado. Todos en Accesorios Informaticos y Gamers","publisher":{"@id":"https:\/\/unitgames.com.ar\/pc-gamer\/#organization"},"potentialAction":[{"@type":"SearchAction","target":{"@type":"EntryPoint","urlTemplate":"https:\/\/unitgames.com.ar\/pc-gamer\/?s={search_term_string}"},"query-input":{"@type":"PropertyValueSpecification","valueRequired":true,"valueName":"search_term_string"}}],"inLanguage":"es"},{"@type":"Organization","@id":"https:\/\/unitgames.com.ar\/pc-gamer\/#organization","name":"UnitGames","url":"https:\/\/unitgames.com.ar\/pc-gamer\/","logo":{"@type":"ImageObject","inLanguage":"es","@id":"https:\/\/unitgames.com.ar\/pc-gamer\/#\/schema\/logo\/image\/","url":"https:\/\/unitgames.com.ar\/pc-gamer\/wp-content\/uploads\/2021\/01\/cropped-logoUnitGames2.png","contentUrl":"https:\/\/unitgames.com.ar\/pc-gamer\/wp-content\/uploads\/2021\/01\/cropped-logoUnitGames2.png","width":152,"height":200,"caption":"UnitGames"},"image":{"@id":"https:\/\/unitgames.com.ar\/pc-gamer\/#\/schema\/logo\/image\/"}}]}},"_links":{"self":[{"href":"https:\/\/unitgames.com.ar\/pc-gamer\/wp-json\/wp\/v2\/product\/2044","targetHints":{"allow":["GET"]}}],"collection":[{"href":"https:\/\/unitgames.com.ar\/pc-gamer\/wp-json\/wp\/v2\/product"}],"about":[{"href":"https:\/\/unitgames.com.ar\/pc-gamer\/wp-json\/wp\/v2\/types\/product"}],"version-history":[{"count":0,"href":"https:\/\/unitgames.com.ar\/pc-gamer\/wp-json\/wp\/v2\/product\/2044\/revisions"}],"wp:featuredmedia":[{"embeddable":true,"href":"https:\/\/unitgames.com.ar\/pc-gamer\/wp-json\/wp\/v2\/media\/9861"}],"wp:attachment":[{"href":"https:\/\/unitgames.com.ar\/pc-gamer\/wp-json\/wp\/v2\/media?parent=2044"}],"wp:term":[{"taxonomy":"product_brand","embeddable":true,"href":"https:\/\/unitgames.com.ar\/pc-gamer\/wp-json\/wp\/v2\/product_brand?post=2044"},{"taxonomy":"product_cat","embeddable":true,"href":"https:\/\/unitgames.com.ar\/pc-gamer\/wp-json\/wp\/v2\/product_cat?post=2044"},{"taxonomy":"product_tag","embeddable":true,"href":"https:\/\/unitgames.com.ar\/pc-gamer\/wp-json\/wp\/v2\/product_tag?post=2044"}],"curies":[{"name":"wp","href":"https:\/\/api.w.org\/{rel}","templated":true}]}}