{"id":20538,"date":"2026-03-29T20:07:59","date_gmt":"2026-03-29T23:07:59","guid":{"rendered":"https:\/\/unitgames.com.ar\/pc-gamer\/?post_type=product&#038;p=20538"},"modified":"2026-04-01T02:01:21","modified_gmt":"2026-04-01T05:01:21","slug":"disco-rigido-hdd-western-digital-2tb-purple","status":"publish","type":"product","link":"https:\/\/unitgames.com.ar\/pc-gamer\/producto\/disco-rigido-hdd-western-digital-2tb-purple\/","title":{"rendered":"Disco Rigido HDD WESTERN DIGITAL 2TB Purple"},"content":{"rendered":"<p>El <strong>Disco R\u00edgido WESTERN DIGITAL 2TB Purple<\/strong> est\u00e1 dise\u00f1ado espec\u00edficamente para sistemas de <strong>videovigilancia y grabaci\u00f3n continua<\/strong>, ofreciendo alta confiabilidad y rendimiento las 24 horas del d\u00eda. Gracias a su tecnolog\u00eda optimizada para CCTV, permite operar de forma constante con m\u00faltiples c\u00e1maras sin p\u00e9rdida de calidad.<\/p>\n<p>Cuenta con <strong>tecnolog\u00eda AllFrame<\/strong>, que mejora la transmisi\u00f3n de video y reduce la p\u00e9rdida de cuadros, asegurando grabaciones fluidas y estables. Su capacidad de <strong>2TB<\/strong> lo convierte en una excelente opci\u00f3n para almacenar grandes vol\u00famenes de video en sistemas de seguridad.<\/p>\n<h3>Caracter\u00edsticas destacadas<\/h3>\n<p>&nbsp;<\/p>\n<hr \/>\n<ul>\n<li>Dise\u00f1ado para sistemas de videovigilancia (CCTV y DVR\/NVR)<\/li>\n<li>Funcionamiento 24\/7 para grabaci\u00f3n continua<\/li>\n<li>Tecnolog\u00eda AllFrame para evitar p\u00e9rdida de frames<\/li>\n<li>Alta capacidad de almacenamiento (2TB)<\/li>\n<li>Optimizado para m\u00faltiples c\u00e1maras simult\u00e1neas<\/li>\n<li>Mayor durabilidad y confiabilidad<\/li>\n<\/ul>\n<p>&nbsp;<\/p>\n<h3>Especificaciones t\u00e9cnicas<\/h3>\n<hr \/>\n<p>&nbsp;<\/p>\n<ul>\n<li><strong>Marca:<\/strong> Western Digital<\/li>\n<li><strong>L\u00ednea:<\/strong> Purple<\/li>\n<li><strong>Capacidad:<\/strong> 2TB<\/li>\n<li><strong>Formato:<\/strong> 3.5&#8243;<\/li>\n<li><strong>Interfaz:<\/strong> SATA III 6Gb\/s<\/li>\n<li><strong>Velocidad:<\/strong> 5400 RPM<\/li>\n<li><strong>Cach\u00e9:<\/strong> 64MB<\/li>\n<li><strong>Uso recomendado:<\/strong> CCTV \/ DVR \/ NVR<\/li>\n<li><strong>Funcionamiento:<\/strong> 24\/7<\/li>\n<\/ul>\n","protected":false},"excerpt":{"rendered":"<p>El Disco R\u00edgido WESTERN DIGITAL 2TB Purple est\u00e1 dise\u00f1ado espec\u00edficamente para sistemas de videovigilancia y grabaci\u00f3n continua, ofreciendo alta confiabilidad y rendimiento las 24 horas del d\u00eda. Gracias a su tecnolog\u00eda optimizada para CCTV, permite operar de forma constante con m\u00faltiples c\u00e1maras sin p\u00e9rdida de calidad. Cuenta con tecnolog\u00eda AllFrame, que mejora la transmisi\u00f3n de video y reduce la p\u00e9rdida de cuadros, asegurando grabaciones fluidas y estables. Su capacidad de 2TB lo convierte en una excelente opci\u00f3n para almacenar grandes vol\u00famenes de video en sistemas de seguridad. Caracter\u00edsticas destacadas &nbsp; Dise\u00f1ado para sistemas de videovigilancia (CCTV y DVR\/NVR) Funcionamiento 24\/7 para grabaci\u00f3n continua Tecnolog\u00eda AllFrame para evitar p\u00e9rdida de frames Alta capacidad de almacenamiento (2TB) Optimizado para m\u00faltiples c\u00e1maras simult\u00e1neas Mayor durabilidad y confiabilidad &nbsp; Especificaciones t\u00e9cnicas &nbsp; Marca: Western Digital L\u00ednea: Purple Capacidad: 2TB Formato: 3.5&#8243; Interfaz: SATA III 6Gb\/s Velocidad: 5400 RPM Cach\u00e9: 64MB Uso recomendado: CCTV \/ DVR \/ NVR Funcionamiento: 24\/7<\/p>\n","protected":false},"featured_media":20675,"template":"","meta":{"site-sidebar-layout":"default","site-content-layout":"","ast-site-content-layout":"default","site-content-style":"default","site-sidebar-style":"default","ast-global-header-display":"","ast-banner-title-visibility":"","ast-main-header-display":"","ast-hfb-above-header-display":"","ast-hfb-below-header-display":"","ast-hfb-mobile-header-display":"","site-post-title":"","ast-breadcrumbs-content":"","ast-featured-img":"","footer-sml-layout":"","theme-transparent-header-meta":"default","adv-header-id-meta":"","stick-header-meta":"","header-above-stick-meta":"","header-main-stick-meta":"","header-below-stick-meta":"","astra-migrate-meta-layouts":"set","ast-page-background-enabled":"default","ast-page-background-meta":{"desktop":{"background-color":"var(--ast-global-color-5)","background-image":"","background-repeat":"repeat","background-position":"center center","background-size":"auto","background-attachment":"scroll","background-type":"","background-media":"","overlay-type":"","overlay-color":"","overlay-opacity":"","overlay-gradient":""},"tablet":{"background-color":"","background-image":"","background-repeat":"repeat","background-position":"center center","background-size":"auto","background-attachment":"scroll","background-type":"","background-media":"","overlay-type":"","overlay-color":"","overlay-opacity":"","overlay-gradient":""},"mobile":{"background-color":"","background-image":"","background-repeat":"repeat","background-position":"center center","background-size":"auto","background-attachment":"scroll","background-type":"","background-media":"","overlay-type":"","overlay-color":"","overlay-opacity":"","overlay-gradient":""}},"ast-content-background-meta":{"desktop":{"background-color":"var(--ast-global-color-4)","background-image":"","background-repeat":"repeat","background-position":"center center","background-size":"auto","background-attachment":"scroll","background-type":"","background-media":"","overlay-type":"","overlay-color":"","overlay-opacity":"","overlay-gradient":""},"tablet":{"background-color":"var(--ast-global-color-4)","background-image":"","background-repeat":"repeat","background-position":"center center","background-size":"auto","background-attachment":"scroll","background-type":"","background-media":"","overlay-type":"","overlay-color":"","overlay-opacity":"","overlay-gradient":""},"mobile":{"background-color":"var(--ast-global-color-4)","background-image":"","background-repeat":"repeat","background-position":"center center","background-size":"auto","background-attachment":"scroll","background-type":"","background-media":"","overlay-type":"","overlay-color":"","overlay-opacity":"","overlay-gradient":""}},"_joinchat":[]},"product_brand":[],"product_cat":[64,140],"product_tag":[],"class_list":{"0":"post-20538","1":"product","2":"type-product","3":"status-publish","4":"has-post-thumbnail","6":"product_cat-almacenamiento","7":"product_cat-almacenamiento-interno","8":"desktop-align-center","9":"tablet-align-left","10":"mobile-align-left","12":"first","13":"instock","14":"shipping-taxable","15":"purchasable","16":"product-type-simple"},"yoast_head":"<!-- This site is optimized with the Yoast SEO plugin v27.3 - https:\/\/yoast.com\/product\/yoast-seo-wordpress\/ -->\n<title>Disco Rigido HDD WESTERN DIGITAL 2TB Purple - UnitGames<\/title>\n<meta name=\"robots\" content=\"index, follow, max-snippet:-1, max-image-preview:large, max-video-preview:-1\" \/>\n<link rel=\"canonical\" href=\"https:\/\/unitgames.com.ar\/pc-gamer\/producto\/disco-rigido-hdd-western-digital-2tb-purple\/\" \/>\n<meta property=\"og:locale\" content=\"es_ES\" \/>\n<meta property=\"og:type\" content=\"article\" \/>\n<meta property=\"og:title\" content=\"Disco Rigido HDD WESTERN DIGITAL 2TB Purple - UnitGames\" \/>\n<meta property=\"og:description\" content=\"El Disco R\u00edgido WESTERN DIGITAL 2TB Purple est\u00e1 dise\u00f1ado espec\u00edficamente para sistemas de videovigilancia y grabaci\u00f3n continua, ofreciendo alta confiabilidad y rendimiento las 24 horas del d\u00eda. Gracias a su tecnolog\u00eda optimizada para CCTV, permite operar de forma constante con m\u00faltiples c\u00e1maras sin p\u00e9rdida de calidad. Cuenta con tecnolog\u00eda AllFrame, que mejora la transmisi\u00f3n de video y reduce la p\u00e9rdida de cuadros, asegurando grabaciones fluidas y estables. Su capacidad de 2TB lo convierte en una excelente opci\u00f3n para almacenar grandes vol\u00famenes de video en sistemas de seguridad. Caracter\u00edsticas destacadas &nbsp; Dise\u00f1ado para sistemas de videovigilancia (CCTV y DVR\/NVR) Funcionamiento 24\/7 para grabaci\u00f3n continua Tecnolog\u00eda AllFrame para evitar p\u00e9rdida de frames Alta capacidad de almacenamiento (2TB) Optimizado para m\u00faltiples c\u00e1maras simult\u00e1neas Mayor durabilidad y confiabilidad &nbsp; Especificaciones t\u00e9cnicas &nbsp; Marca: Western Digital L\u00ednea: Purple Capacidad: 2TB Formato: 3.5&#8243; Interfaz: SATA III 6Gb\/s Velocidad: 5400 RPM Cach\u00e9: 64MB Uso recomendado: CCTV \/ DVR \/ NVR Funcionamiento: 24\/7\" \/>\n<meta property=\"og:url\" content=\"https:\/\/unitgames.com.ar\/pc-gamer\/producto\/disco-rigido-hdd-western-digital-2tb-purple\/\" \/>\n<meta property=\"og:site_name\" content=\"UnitGames\" \/>\n<meta property=\"article:modified_time\" content=\"2026-04-01T05:01:21+00:00\" \/>\n<meta property=\"og:image\" content=\"https:\/\/unitgames.com.ar\/pc-gamer\/wp-content\/uploads\/2026\/03\/Disco-Rigido-HDD-WESTERN-DIGITAL-2TB-Purple.png\" \/>\n\t<meta property=\"og:image:width\" content=\"1263\" \/>\n\t<meta property=\"og:image:height\" content=\"1286\" \/>\n\t<meta property=\"og:image:type\" content=\"image\/png\" \/>\n<meta name=\"twitter:card\" content=\"summary_large_image\" \/>\n<meta name=\"twitter:label1\" content=\"Tiempo de lectura\" \/>\n\t<meta name=\"twitter:data1\" content=\"1 minuto\" \/>\n<script type=\"application\/ld+json\" class=\"yoast-schema-graph\">{\"@context\":\"https:\\\/\\\/schema.org\",\"@graph\":[{\"@type\":\"WebPage\",\"@id\":\"https:\\\/\\\/unitgames.com.ar\\\/pc-gamer\\\/producto\\\/disco-rigido-hdd-western-digital-2tb-purple\\\/\",\"url\":\"https:\\\/\\\/unitgames.com.ar\\\/pc-gamer\\\/producto\\\/disco-rigido-hdd-western-digital-2tb-purple\\\/\",\"name\":\"Disco Rigido HDD WESTERN DIGITAL 2TB Purple - UnitGames\",\"isPartOf\":{\"@id\":\"https:\\\/\\\/unitgames.com.ar\\\/pc-gamer\\\/#website\"},\"primaryImageOfPage\":{\"@id\":\"https:\\\/\\\/unitgames.com.ar\\\/pc-gamer\\\/producto\\\/disco-rigido-hdd-western-digital-2tb-purple\\\/#primaryimage\"},\"image\":{\"@id\":\"https:\\\/\\\/unitgames.com.ar\\\/pc-gamer\\\/producto\\\/disco-rigido-hdd-western-digital-2tb-purple\\\/#primaryimage\"},\"thumbnailUrl\":\"https:\\\/\\\/unitgames.com.ar\\\/pc-gamer\\\/wp-content\\\/uploads\\\/2026\\\/03\\\/Disco-Rigido-HDD-WESTERN-DIGITAL-2TB-Purple.png\",\"datePublished\":\"2026-03-29T23:07:59+00:00\",\"dateModified\":\"2026-04-01T05:01:21+00:00\",\"breadcrumb\":{\"@id\":\"https:\\\/\\\/unitgames.com.ar\\\/pc-gamer\\\/producto\\\/disco-rigido-hdd-western-digital-2tb-purple\\\/#breadcrumb\"},\"inLanguage\":\"es\",\"potentialAction\":[{\"@type\":\"ReadAction\",\"target\":[\"https:\\\/\\\/unitgames.com.ar\\\/pc-gamer\\\/producto\\\/disco-rigido-hdd-western-digital-2tb-purple\\\/\"]}]},{\"@type\":\"ImageObject\",\"inLanguage\":\"es\",\"@id\":\"https:\\\/\\\/unitgames.com.ar\\\/pc-gamer\\\/producto\\\/disco-rigido-hdd-western-digital-2tb-purple\\\/#primaryimage\",\"url\":\"https:\\\/\\\/unitgames.com.ar\\\/pc-gamer\\\/wp-content\\\/uploads\\\/2026\\\/03\\\/Disco-Rigido-HDD-WESTERN-DIGITAL-2TB-Purple.png\",\"contentUrl\":\"https:\\\/\\\/unitgames.com.ar\\\/pc-gamer\\\/wp-content\\\/uploads\\\/2026\\\/03\\\/Disco-Rigido-HDD-WESTERN-DIGITAL-2TB-Purple.png\",\"width\":1263,\"height\":1286},{\"@type\":\"BreadcrumbList\",\"@id\":\"https:\\\/\\\/unitgames.com.ar\\\/pc-gamer\\\/producto\\\/disco-rigido-hdd-western-digital-2tb-purple\\\/#breadcrumb\",\"itemListElement\":[{\"@type\":\"ListItem\",\"position\":1,\"name\":\"Tienda\",\"item\":\"https:\\\/\\\/unitgames.com.ar\\\/pc-gamer\\\/tienda\\\/\"},{\"@type\":\"ListItem\",\"position\":2,\"name\":\"Disco Rigido HDD WESTERN DIGITAL 2TB Purple\"}]},{\"@type\":\"WebSite\",\"@id\":\"https:\\\/\\\/unitgames.com.ar\\\/pc-gamer\\\/#website\",\"url\":\"https:\\\/\\\/unitgames.com.ar\\\/pc-gamer\\\/\",\"name\":\"UnitGames\",\"description\":\"Venta de PC Gamers, Consolas , Servicio Tecnico Especializado. Todos en Accesorios Informaticos y Gamers\",\"publisher\":{\"@id\":\"https:\\\/\\\/unitgames.com.ar\\\/pc-gamer\\\/#organization\"},\"potentialAction\":[{\"@type\":\"SearchAction\",\"target\":{\"@type\":\"EntryPoint\",\"urlTemplate\":\"https:\\\/\\\/unitgames.com.ar\\\/pc-gamer\\\/?s={search_term_string}\"},\"query-input\":{\"@type\":\"PropertyValueSpecification\",\"valueRequired\":true,\"valueName\":\"search_term_string\"}}],\"inLanguage\":\"es\"},{\"@type\":\"Organization\",\"@id\":\"https:\\\/\\\/unitgames.com.ar\\\/pc-gamer\\\/#organization\",\"name\":\"UnitGames\",\"url\":\"https:\\\/\\\/unitgames.com.ar\\\/pc-gamer\\\/\",\"logo\":{\"@type\":\"ImageObject\",\"inLanguage\":\"es\",\"@id\":\"https:\\\/\\\/unitgames.com.ar\\\/pc-gamer\\\/#\\\/schema\\\/logo\\\/image\\\/\",\"url\":\"https:\\\/\\\/unitgames.com.ar\\\/pc-gamer\\\/wp-content\\\/uploads\\\/2021\\\/01\\\/cropped-logoUnitGames2.png\",\"contentUrl\":\"https:\\\/\\\/unitgames.com.ar\\\/pc-gamer\\\/wp-content\\\/uploads\\\/2021\\\/01\\\/cropped-logoUnitGames2.png\",\"width\":152,\"height\":200,\"caption\":\"UnitGames\"},\"image\":{\"@id\":\"https:\\\/\\\/unitgames.com.ar\\\/pc-gamer\\\/#\\\/schema\\\/logo\\\/image\\\/\"}}]}<\/script>\n<!-- \/ Yoast SEO plugin. -->","yoast_head_json":{"title":"Disco Rigido HDD WESTERN DIGITAL 2TB Purple - UnitGames","robots":{"index":"index","follow":"follow","max-snippet":"max-snippet:-1","max-image-preview":"max-image-preview:large","max-video-preview":"max-video-preview:-1"},"canonical":"https:\/\/unitgames.com.ar\/pc-gamer\/producto\/disco-rigido-hdd-western-digital-2tb-purple\/","og_locale":"es_ES","og_type":"article","og_title":"Disco Rigido HDD WESTERN DIGITAL 2TB Purple - UnitGames","og_description":"El Disco R\u00edgido WESTERN DIGITAL 2TB Purple est\u00e1 dise\u00f1ado espec\u00edficamente para sistemas de videovigilancia y grabaci\u00f3n continua, ofreciendo alta confiabilidad y rendimiento las 24 horas del d\u00eda. Gracias a su tecnolog\u00eda optimizada para CCTV, permite operar de forma constante con m\u00faltiples c\u00e1maras sin p\u00e9rdida de calidad. Cuenta con tecnolog\u00eda AllFrame, que mejora la transmisi\u00f3n de video y reduce la p\u00e9rdida de cuadros, asegurando grabaciones fluidas y estables. Su capacidad de 2TB lo convierte en una excelente opci\u00f3n para almacenar grandes vol\u00famenes de video en sistemas de seguridad. Caracter\u00edsticas destacadas &nbsp; Dise\u00f1ado para sistemas de videovigilancia (CCTV y DVR\/NVR) Funcionamiento 24\/7 para grabaci\u00f3n continua Tecnolog\u00eda AllFrame para evitar p\u00e9rdida de frames Alta capacidad de almacenamiento (2TB) Optimizado para m\u00faltiples c\u00e1maras simult\u00e1neas Mayor durabilidad y confiabilidad &nbsp; Especificaciones t\u00e9cnicas &nbsp; Marca: Western Digital L\u00ednea: Purple Capacidad: 2TB Formato: 3.5&#8243; Interfaz: SATA III 6Gb\/s Velocidad: 5400 RPM Cach\u00e9: 64MB Uso recomendado: CCTV \/ DVR \/ NVR Funcionamiento: 24\/7","og_url":"https:\/\/unitgames.com.ar\/pc-gamer\/producto\/disco-rigido-hdd-western-digital-2tb-purple\/","og_site_name":"UnitGames","article_modified_time":"2026-04-01T05:01:21+00:00","og_image":[{"width":1263,"height":1286,"url":"https:\/\/unitgames.com.ar\/pc-gamer\/wp-content\/uploads\/2026\/03\/Disco-Rigido-HDD-WESTERN-DIGITAL-2TB-Purple.png","type":"image\/png"}],"twitter_card":"summary_large_image","twitter_misc":{"Tiempo de lectura":"1 minuto"},"schema":{"@context":"https:\/\/schema.org","@graph":[{"@type":"WebPage","@id":"https:\/\/unitgames.com.ar\/pc-gamer\/producto\/disco-rigido-hdd-western-digital-2tb-purple\/","url":"https:\/\/unitgames.com.ar\/pc-gamer\/producto\/disco-rigido-hdd-western-digital-2tb-purple\/","name":"Disco Rigido HDD WESTERN DIGITAL 2TB Purple - UnitGames","isPartOf":{"@id":"https:\/\/unitgames.com.ar\/pc-gamer\/#website"},"primaryImageOfPage":{"@id":"https:\/\/unitgames.com.ar\/pc-gamer\/producto\/disco-rigido-hdd-western-digital-2tb-purple\/#primaryimage"},"image":{"@id":"https:\/\/unitgames.com.ar\/pc-gamer\/producto\/disco-rigido-hdd-western-digital-2tb-purple\/#primaryimage"},"thumbnailUrl":"https:\/\/unitgames.com.ar\/pc-gamer\/wp-content\/uploads\/2026\/03\/Disco-Rigido-HDD-WESTERN-DIGITAL-2TB-Purple.png","datePublished":"2026-03-29T23:07:59+00:00","dateModified":"2026-04-01T05:01:21+00:00","breadcrumb":{"@id":"https:\/\/unitgames.com.ar\/pc-gamer\/producto\/disco-rigido-hdd-western-digital-2tb-purple\/#breadcrumb"},"inLanguage":"es","potentialAction":[{"@type":"ReadAction","target":["https:\/\/unitgames.com.ar\/pc-gamer\/producto\/disco-rigido-hdd-western-digital-2tb-purple\/"]}]},{"@type":"ImageObject","inLanguage":"es","@id":"https:\/\/unitgames.com.ar\/pc-gamer\/producto\/disco-rigido-hdd-western-digital-2tb-purple\/#primaryimage","url":"https:\/\/unitgames.com.ar\/pc-gamer\/wp-content\/uploads\/2026\/03\/Disco-Rigido-HDD-WESTERN-DIGITAL-2TB-Purple.png","contentUrl":"https:\/\/unitgames.com.ar\/pc-gamer\/wp-content\/uploads\/2026\/03\/Disco-Rigido-HDD-WESTERN-DIGITAL-2TB-Purple.png","width":1263,"height":1286},{"@type":"BreadcrumbList","@id":"https:\/\/unitgames.com.ar\/pc-gamer\/producto\/disco-rigido-hdd-western-digital-2tb-purple\/#breadcrumb","itemListElement":[{"@type":"ListItem","position":1,"name":"Tienda","item":"https:\/\/unitgames.com.ar\/pc-gamer\/tienda\/"},{"@type":"ListItem","position":2,"name":"Disco Rigido HDD WESTERN DIGITAL 2TB Purple"}]},{"@type":"WebSite","@id":"https:\/\/unitgames.com.ar\/pc-gamer\/#website","url":"https:\/\/unitgames.com.ar\/pc-gamer\/","name":"UnitGames","description":"Venta de PC Gamers, Consolas , Servicio Tecnico Especializado. Todos en Accesorios Informaticos y Gamers","publisher":{"@id":"https:\/\/unitgames.com.ar\/pc-gamer\/#organization"},"potentialAction":[{"@type":"SearchAction","target":{"@type":"EntryPoint","urlTemplate":"https:\/\/unitgames.com.ar\/pc-gamer\/?s={search_term_string}"},"query-input":{"@type":"PropertyValueSpecification","valueRequired":true,"valueName":"search_term_string"}}],"inLanguage":"es"},{"@type":"Organization","@id":"https:\/\/unitgames.com.ar\/pc-gamer\/#organization","name":"UnitGames","url":"https:\/\/unitgames.com.ar\/pc-gamer\/","logo":{"@type":"ImageObject","inLanguage":"es","@id":"https:\/\/unitgames.com.ar\/pc-gamer\/#\/schema\/logo\/image\/","url":"https:\/\/unitgames.com.ar\/pc-gamer\/wp-content\/uploads\/2021\/01\/cropped-logoUnitGames2.png","contentUrl":"https:\/\/unitgames.com.ar\/pc-gamer\/wp-content\/uploads\/2021\/01\/cropped-logoUnitGames2.png","width":152,"height":200,"caption":"UnitGames"},"image":{"@id":"https:\/\/unitgames.com.ar\/pc-gamer\/#\/schema\/logo\/image\/"}}]}},"_links":{"self":[{"href":"https:\/\/unitgames.com.ar\/pc-gamer\/wp-json\/wp\/v2\/product\/20538","targetHints":{"allow":["GET"]}}],"collection":[{"href":"https:\/\/unitgames.com.ar\/pc-gamer\/wp-json\/wp\/v2\/product"}],"about":[{"href":"https:\/\/unitgames.com.ar\/pc-gamer\/wp-json\/wp\/v2\/types\/product"}],"version-history":[{"count":1,"href":"https:\/\/unitgames.com.ar\/pc-gamer\/wp-json\/wp\/v2\/product\/20538\/revisions"}],"predecessor-version":[{"id":20676,"href":"https:\/\/unitgames.com.ar\/pc-gamer\/wp-json\/wp\/v2\/product\/20538\/revisions\/20676"}],"wp:featuredmedia":[{"embeddable":true,"href":"https:\/\/unitgames.com.ar\/pc-gamer\/wp-json\/wp\/v2\/media\/20675"}],"wp:attachment":[{"href":"https:\/\/unitgames.com.ar\/pc-gamer\/wp-json\/wp\/v2\/media?parent=20538"}],"wp:term":[{"taxonomy":"product_brand","embeddable":true,"href":"https:\/\/unitgames.com.ar\/pc-gamer\/wp-json\/wp\/v2\/product_brand?post=20538"},{"taxonomy":"product_cat","embeddable":true,"href":"https:\/\/unitgames.com.ar\/pc-gamer\/wp-json\/wp\/v2\/product_cat?post=20538"},{"taxonomy":"product_tag","embeddable":true,"href":"https:\/\/unitgames.com.ar\/pc-gamer\/wp-json\/wp\/v2\/product_tag?post=20538"}],"curies":[{"name":"wp","href":"https:\/\/api.w.org\/{rel}","templated":true}]}}