{"id":20811,"date":"2026-04-08T10:37:45","date_gmt":"2026-04-08T13:37:45","guid":{"rendered":"https:\/\/unitgames.com.ar\/pc-gamer\/?post_type=product&#038;p=20811"},"modified":"2026-04-08T20:26:02","modified_gmt":"2026-04-08T23:26:02","slug":"ssd-adata-legend-860-1tb-pcie-4-0-nvme","status":"publish","type":"product","link":"https:\/\/unitgames.com.ar\/pc-gamer\/producto\/ssd-adata-legend-860-1tb-pcie-4-0-nvme\/","title":{"rendered":"SSD ADATA Legend 860 1TB PCIe 4.0 Nvme"},"content":{"rendered":"<p>El <strong>SSD ADATA Legend 860 1TB PCIe 4.0 NVMe<\/strong> ofrece <strong>alto rendimiento, velocidad extrema y gran capacidad<\/strong>, ideal para gaming, edici\u00f3n y uso intensivo. Gracias a su tecnolog\u00eda <strong>PCIe Gen 4 x4<\/strong>, permite transferencias mucho m\u00e1s r\u00e1pidas que los SSD tradicionales.<\/p>\n<p>Con velocidades de hasta <strong>5000 MB\/s en lectura<\/strong>, mejora notablemente los tiempos de carga, arranque del sistema y transferencia de archivos. Su formato <strong>M.2 2280<\/strong> lo hace compatible con la mayor\u00eda de motherboards modernas, siendo una excelente opci\u00f3n para actualizar tu PC.<\/p>\n<p>&nbsp;<\/p>\n<h3>Caracter\u00edsticas destacadas<\/h3>\n<p>&nbsp;<\/p>\n<ul>\n<li>Interfaz PCIe 4.0 NVMe de alta velocidad<\/li>\n<li>Capacidad de 1TB para juegos y archivos<\/li>\n<li>Velocidad de lectura hasta 5000 MB\/s<\/li>\n<li>Formato M.2 2280 compacto<\/li>\n<li>Ideal para gaming, edici\u00f3n y uso intensivo<\/li>\n<li>Mejora tiempos de carga y rendimiento general<\/li>\n<\/ul>\n<p>&nbsp;<\/p>\n<h3>Especificaciones t\u00e9cnicas<\/h3>\n<hr \/>\n<ul>\n<li><strong>Marca:<\/strong> ADATA<\/li>\n<li><strong>Modelo:<\/strong> Legend 860<\/li>\n<li><strong>Capacidad:<\/strong> 1TB<\/li>\n<li><strong>Interfaz:<\/strong> PCIe Gen 4 x4 NVMe 1.4<\/li>\n<li><strong>Formato:<\/strong> M.2 2280<\/li>\n<li><strong>Velocidad lectura:<\/strong> hasta 5000 MB\/s<\/li>\n<li><strong>Velocidad escritura:<\/strong> hasta 4500 MB\/s<\/li>\n<li><strong>Memoria:<\/strong> 3D NAND<\/li>\n<li><strong>Compatibilidad:<\/strong> PC \/ notebooks con M.2 NVMe<\/li>\n<\/ul>\n","protected":false},"excerpt":{"rendered":"<p>El SSD ADATA Legend 860 1TB PCIe 4.0 NVMe ofrece alto rendimiento, velocidad extrema y gran capacidad, ideal para gaming, edici\u00f3n y uso intensivo. Gracias a su tecnolog\u00eda PCIe Gen 4 x4, permite transferencias mucho m\u00e1s r\u00e1pidas que los SSD tradicionales. Con velocidades de hasta 5000 MB\/s en lectura, mejora notablemente los tiempos de carga, arranque del sistema y transferencia de archivos. Su formato M.2 2280 lo hace compatible con la mayor\u00eda de motherboards modernas, siendo una excelente opci\u00f3n para actualizar tu PC. &nbsp; Caracter\u00edsticas destacadas &nbsp; Interfaz PCIe 4.0 NVMe de alta velocidad Capacidad de 1TB para juegos y archivos Velocidad de lectura hasta 5000 MB\/s Formato M.2 2280 compacto Ideal para gaming, edici\u00f3n y uso intensivo Mejora tiempos de carga y rendimiento general &nbsp; Especificaciones t\u00e9cnicas Marca: ADATA Modelo: Legend 860 Capacidad: 1TB Interfaz: PCIe Gen 4 x4 NVMe 1.4 Formato: M.2 2280 Velocidad lectura: hasta 5000 MB\/s Velocidad escritura: hasta 4500 MB\/s Memoria: 3D NAND Compatibilidad: PC \/ notebooks con M.2 NVMe<\/p>\n","protected":false},"featured_media":0,"template":"","meta":{"site-sidebar-layout":"default","site-content-layout":"","ast-site-content-layout":"default","site-content-style":"default","site-sidebar-style":"default","ast-global-header-display":"","ast-banner-title-visibility":"","ast-main-header-display":"","ast-hfb-above-header-display":"","ast-hfb-below-header-display":"","ast-hfb-mobile-header-display":"","site-post-title":"","ast-breadcrumbs-content":"","ast-featured-img":"","footer-sml-layout":"","theme-transparent-header-meta":"default","adv-header-id-meta":"","stick-header-meta":"","header-above-stick-meta":"","header-main-stick-meta":"","header-below-stick-meta":"","astra-migrate-meta-layouts":"set","ast-page-background-enabled":"default","ast-page-background-meta":{"desktop":{"background-color":"var(--ast-global-color-5)","background-image":"","background-repeat":"repeat","background-position":"center center","background-size":"auto","background-attachment":"scroll","background-type":"","background-media":"","overlay-type":"","overlay-color":"","overlay-opacity":"","overlay-gradient":""},"tablet":{"background-color":"","background-image":"","background-repeat":"repeat","background-position":"center center","background-size":"auto","background-attachment":"scroll","background-type":"","background-media":"","overlay-type":"","overlay-color":"","overlay-opacity":"","overlay-gradient":""},"mobile":{"background-color":"","background-image":"","background-repeat":"repeat","background-position":"center center","background-size":"auto","background-attachment":"scroll","background-type":"","background-media":"","overlay-type":"","overlay-color":"","overlay-opacity":"","overlay-gradient":""}},"ast-content-background-meta":{"desktop":{"background-color":"var(--ast-global-color-4)","background-image":"","background-repeat":"repeat","background-position":"center center","background-size":"auto","background-attachment":"scroll","background-type":"","background-media":"","overlay-type":"","overlay-color":"","overlay-opacity":"","overlay-gradient":""},"tablet":{"background-color":"var(--ast-global-color-4)","background-image":"","background-repeat":"repeat","background-position":"center center","background-size":"auto","background-attachment":"scroll","background-type":"","background-media":"","overlay-type":"","overlay-color":"","overlay-opacity":"","overlay-gradient":""},"mobile":{"background-color":"var(--ast-global-color-4)","background-image":"","background-repeat":"repeat","background-position":"center center","background-size":"auto","background-attachment":"scroll","background-type":"","background-media":"","overlay-type":"","overlay-color":"","overlay-opacity":"","overlay-gradient":""}},"_joinchat":[]},"product_brand":[],"product_cat":[64,140],"product_tag":[],"class_list":{"0":"post-20811","1":"product","2":"type-product","3":"status-publish","5":"product_cat-almacenamiento","6":"product_cat-almacenamiento-interno","7":"desktop-align-center","8":"tablet-align-left","9":"mobile-align-left","11":"first","12":"instock","13":"shipping-taxable","14":"purchasable","15":"product-type-simple"},"yoast_head":"<!-- This site is optimized with the Yoast SEO plugin v27.3 - https:\/\/yoast.com\/product\/yoast-seo-wordpress\/ -->\n<title>SSD ADATA Legend 860 1TB PCIe 4.0 Nvme - UnitGames<\/title>\n<meta name=\"robots\" content=\"index, follow, max-snippet:-1, max-image-preview:large, max-video-preview:-1\" \/>\n<link rel=\"canonical\" href=\"https:\/\/unitgames.com.ar\/pc-gamer\/producto\/ssd-adata-legend-860-1tb-pcie-4-0-nvme\/\" \/>\n<meta property=\"og:locale\" content=\"es_ES\" \/>\n<meta property=\"og:type\" content=\"article\" \/>\n<meta property=\"og:title\" content=\"SSD ADATA Legend 860 1TB PCIe 4.0 Nvme - UnitGames\" \/>\n<meta property=\"og:description\" content=\"El SSD ADATA Legend 860 1TB PCIe 4.0 NVMe ofrece alto rendimiento, velocidad extrema y gran capacidad, ideal para gaming, edici\u00f3n y uso intensivo. Gracias a su tecnolog\u00eda PCIe Gen 4 x4, permite transferencias mucho m\u00e1s r\u00e1pidas que los SSD tradicionales. Con velocidades de hasta 5000 MB\/s en lectura, mejora notablemente los tiempos de carga, arranque del sistema y transferencia de archivos. Su formato M.2 2280 lo hace compatible con la mayor\u00eda de motherboards modernas, siendo una excelente opci\u00f3n para actualizar tu PC. &nbsp; Caracter\u00edsticas destacadas &nbsp; Interfaz PCIe 4.0 NVMe de alta velocidad Capacidad de 1TB para juegos y archivos Velocidad de lectura hasta 5000 MB\/s Formato M.2 2280 compacto Ideal para gaming, edici\u00f3n y uso intensivo Mejora tiempos de carga y rendimiento general &nbsp; Especificaciones t\u00e9cnicas Marca: ADATA Modelo: Legend 860 Capacidad: 1TB Interfaz: PCIe Gen 4 x4 NVMe 1.4 Formato: M.2 2280 Velocidad lectura: hasta 5000 MB\/s Velocidad escritura: hasta 4500 MB\/s Memoria: 3D NAND Compatibilidad: PC \/ notebooks con M.2 NVMe\" \/>\n<meta property=\"og:url\" content=\"https:\/\/unitgames.com.ar\/pc-gamer\/producto\/ssd-adata-legend-860-1tb-pcie-4-0-nvme\/\" \/>\n<meta property=\"og:site_name\" content=\"UnitGames\" \/>\n<meta property=\"article:modified_time\" content=\"2026-04-08T23:26:02+00:00\" \/>\n<meta name=\"twitter:card\" content=\"summary_large_image\" \/>\n<meta name=\"twitter:label1\" content=\"Tiempo de lectura\" \/>\n\t<meta name=\"twitter:data1\" content=\"1 minuto\" \/>\n<script type=\"application\/ld+json\" class=\"yoast-schema-graph\">{\"@context\":\"https:\\\/\\\/schema.org\",\"@graph\":[{\"@type\":\"WebPage\",\"@id\":\"https:\\\/\\\/unitgames.com.ar\\\/pc-gamer\\\/producto\\\/ssd-adata-legend-860-1tb-pcie-4-0-nvme\\\/\",\"url\":\"https:\\\/\\\/unitgames.com.ar\\\/pc-gamer\\\/producto\\\/ssd-adata-legend-860-1tb-pcie-4-0-nvme\\\/\",\"name\":\"SSD ADATA Legend 860 1TB PCIe 4.0 Nvme - UnitGames\",\"isPartOf\":{\"@id\":\"https:\\\/\\\/unitgames.com.ar\\\/pc-gamer\\\/#website\"},\"datePublished\":\"2026-04-08T13:37:45+00:00\",\"dateModified\":\"2026-04-08T23:26:02+00:00\",\"breadcrumb\":{\"@id\":\"https:\\\/\\\/unitgames.com.ar\\\/pc-gamer\\\/producto\\\/ssd-adata-legend-860-1tb-pcie-4-0-nvme\\\/#breadcrumb\"},\"inLanguage\":\"es\",\"potentialAction\":[{\"@type\":\"ReadAction\",\"target\":[\"https:\\\/\\\/unitgames.com.ar\\\/pc-gamer\\\/producto\\\/ssd-adata-legend-860-1tb-pcie-4-0-nvme\\\/\"]}]},{\"@type\":\"BreadcrumbList\",\"@id\":\"https:\\\/\\\/unitgames.com.ar\\\/pc-gamer\\\/producto\\\/ssd-adata-legend-860-1tb-pcie-4-0-nvme\\\/#breadcrumb\",\"itemListElement\":[{\"@type\":\"ListItem\",\"position\":1,\"name\":\"Tienda\",\"item\":\"https:\\\/\\\/unitgames.com.ar\\\/pc-gamer\\\/tienda\\\/\"},{\"@type\":\"ListItem\",\"position\":2,\"name\":\"SSD ADATA Legend 860 1TB PCIe 4.0 Nvme\"}]},{\"@type\":\"WebSite\",\"@id\":\"https:\\\/\\\/unitgames.com.ar\\\/pc-gamer\\\/#website\",\"url\":\"https:\\\/\\\/unitgames.com.ar\\\/pc-gamer\\\/\",\"name\":\"UnitGames\",\"description\":\"Venta de PC Gamers, Consolas , Servicio Tecnico Especializado. Todos en Accesorios Informaticos y Gamers\",\"publisher\":{\"@id\":\"https:\\\/\\\/unitgames.com.ar\\\/pc-gamer\\\/#organization\"},\"potentialAction\":[{\"@type\":\"SearchAction\",\"target\":{\"@type\":\"EntryPoint\",\"urlTemplate\":\"https:\\\/\\\/unitgames.com.ar\\\/pc-gamer\\\/?s={search_term_string}\"},\"query-input\":{\"@type\":\"PropertyValueSpecification\",\"valueRequired\":true,\"valueName\":\"search_term_string\"}}],\"inLanguage\":\"es\"},{\"@type\":\"Organization\",\"@id\":\"https:\\\/\\\/unitgames.com.ar\\\/pc-gamer\\\/#organization\",\"name\":\"UnitGames\",\"url\":\"https:\\\/\\\/unitgames.com.ar\\\/pc-gamer\\\/\",\"logo\":{\"@type\":\"ImageObject\",\"inLanguage\":\"es\",\"@id\":\"https:\\\/\\\/unitgames.com.ar\\\/pc-gamer\\\/#\\\/schema\\\/logo\\\/image\\\/\",\"url\":\"https:\\\/\\\/unitgames.com.ar\\\/pc-gamer\\\/wp-content\\\/uploads\\\/2021\\\/01\\\/cropped-logoUnitGames2.png\",\"contentUrl\":\"https:\\\/\\\/unitgames.com.ar\\\/pc-gamer\\\/wp-content\\\/uploads\\\/2021\\\/01\\\/cropped-logoUnitGames2.png\",\"width\":152,\"height\":200,\"caption\":\"UnitGames\"},\"image\":{\"@id\":\"https:\\\/\\\/unitgames.com.ar\\\/pc-gamer\\\/#\\\/schema\\\/logo\\\/image\\\/\"}}]}<\/script>\n<!-- \/ Yoast SEO plugin. -->","yoast_head_json":{"title":"SSD ADATA Legend 860 1TB PCIe 4.0 Nvme - UnitGames","robots":{"index":"index","follow":"follow","max-snippet":"max-snippet:-1","max-image-preview":"max-image-preview:large","max-video-preview":"max-video-preview:-1"},"canonical":"https:\/\/unitgames.com.ar\/pc-gamer\/producto\/ssd-adata-legend-860-1tb-pcie-4-0-nvme\/","og_locale":"es_ES","og_type":"article","og_title":"SSD ADATA Legend 860 1TB PCIe 4.0 Nvme - UnitGames","og_description":"El SSD ADATA Legend 860 1TB PCIe 4.0 NVMe ofrece alto rendimiento, velocidad extrema y gran capacidad, ideal para gaming, edici\u00f3n y uso intensivo. Gracias a su tecnolog\u00eda PCIe Gen 4 x4, permite transferencias mucho m\u00e1s r\u00e1pidas que los SSD tradicionales. Con velocidades de hasta 5000 MB\/s en lectura, mejora notablemente los tiempos de carga, arranque del sistema y transferencia de archivos. Su formato M.2 2280 lo hace compatible con la mayor\u00eda de motherboards modernas, siendo una excelente opci\u00f3n para actualizar tu PC. &nbsp; Caracter\u00edsticas destacadas &nbsp; Interfaz PCIe 4.0 NVMe de alta velocidad Capacidad de 1TB para juegos y archivos Velocidad de lectura hasta 5000 MB\/s Formato M.2 2280 compacto Ideal para gaming, edici\u00f3n y uso intensivo Mejora tiempos de carga y rendimiento general &nbsp; Especificaciones t\u00e9cnicas Marca: ADATA Modelo: Legend 860 Capacidad: 1TB Interfaz: PCIe Gen 4 x4 NVMe 1.4 Formato: M.2 2280 Velocidad lectura: hasta 5000 MB\/s Velocidad escritura: hasta 4500 MB\/s Memoria: 3D NAND Compatibilidad: PC \/ notebooks con M.2 NVMe","og_url":"https:\/\/unitgames.com.ar\/pc-gamer\/producto\/ssd-adata-legend-860-1tb-pcie-4-0-nvme\/","og_site_name":"UnitGames","article_modified_time":"2026-04-08T23:26:02+00:00","twitter_card":"summary_large_image","twitter_misc":{"Tiempo de lectura":"1 minuto"},"schema":{"@context":"https:\/\/schema.org","@graph":[{"@type":"WebPage","@id":"https:\/\/unitgames.com.ar\/pc-gamer\/producto\/ssd-adata-legend-860-1tb-pcie-4-0-nvme\/","url":"https:\/\/unitgames.com.ar\/pc-gamer\/producto\/ssd-adata-legend-860-1tb-pcie-4-0-nvme\/","name":"SSD ADATA Legend 860 1TB PCIe 4.0 Nvme - UnitGames","isPartOf":{"@id":"https:\/\/unitgames.com.ar\/pc-gamer\/#website"},"datePublished":"2026-04-08T13:37:45+00:00","dateModified":"2026-04-08T23:26:02+00:00","breadcrumb":{"@id":"https:\/\/unitgames.com.ar\/pc-gamer\/producto\/ssd-adata-legend-860-1tb-pcie-4-0-nvme\/#breadcrumb"},"inLanguage":"es","potentialAction":[{"@type":"ReadAction","target":["https:\/\/unitgames.com.ar\/pc-gamer\/producto\/ssd-adata-legend-860-1tb-pcie-4-0-nvme\/"]}]},{"@type":"BreadcrumbList","@id":"https:\/\/unitgames.com.ar\/pc-gamer\/producto\/ssd-adata-legend-860-1tb-pcie-4-0-nvme\/#breadcrumb","itemListElement":[{"@type":"ListItem","position":1,"name":"Tienda","item":"https:\/\/unitgames.com.ar\/pc-gamer\/tienda\/"},{"@type":"ListItem","position":2,"name":"SSD ADATA Legend 860 1TB PCIe 4.0 Nvme"}]},{"@type":"WebSite","@id":"https:\/\/unitgames.com.ar\/pc-gamer\/#website","url":"https:\/\/unitgames.com.ar\/pc-gamer\/","name":"UnitGames","description":"Venta de PC Gamers, Consolas , Servicio Tecnico Especializado. Todos en Accesorios Informaticos y Gamers","publisher":{"@id":"https:\/\/unitgames.com.ar\/pc-gamer\/#organization"},"potentialAction":[{"@type":"SearchAction","target":{"@type":"EntryPoint","urlTemplate":"https:\/\/unitgames.com.ar\/pc-gamer\/?s={search_term_string}"},"query-input":{"@type":"PropertyValueSpecification","valueRequired":true,"valueName":"search_term_string"}}],"inLanguage":"es"},{"@type":"Organization","@id":"https:\/\/unitgames.com.ar\/pc-gamer\/#organization","name":"UnitGames","url":"https:\/\/unitgames.com.ar\/pc-gamer\/","logo":{"@type":"ImageObject","inLanguage":"es","@id":"https:\/\/unitgames.com.ar\/pc-gamer\/#\/schema\/logo\/image\/","url":"https:\/\/unitgames.com.ar\/pc-gamer\/wp-content\/uploads\/2021\/01\/cropped-logoUnitGames2.png","contentUrl":"https:\/\/unitgames.com.ar\/pc-gamer\/wp-content\/uploads\/2021\/01\/cropped-logoUnitGames2.png","width":152,"height":200,"caption":"UnitGames"},"image":{"@id":"https:\/\/unitgames.com.ar\/pc-gamer\/#\/schema\/logo\/image\/"}}]}},"_links":{"self":[{"href":"https:\/\/unitgames.com.ar\/pc-gamer\/wp-json\/wp\/v2\/product\/20811","targetHints":{"allow":["GET"]}}],"collection":[{"href":"https:\/\/unitgames.com.ar\/pc-gamer\/wp-json\/wp\/v2\/product"}],"about":[{"href":"https:\/\/unitgames.com.ar\/pc-gamer\/wp-json\/wp\/v2\/types\/product"}],"version-history":[{"count":2,"href":"https:\/\/unitgames.com.ar\/pc-gamer\/wp-json\/wp\/v2\/product\/20811\/revisions"}],"predecessor-version":[{"id":20813,"href":"https:\/\/unitgames.com.ar\/pc-gamer\/wp-json\/wp\/v2\/product\/20811\/revisions\/20813"}],"wp:attachment":[{"href":"https:\/\/unitgames.com.ar\/pc-gamer\/wp-json\/wp\/v2\/media?parent=20811"}],"wp:term":[{"taxonomy":"product_brand","embeddable":true,"href":"https:\/\/unitgames.com.ar\/pc-gamer\/wp-json\/wp\/v2\/product_brand?post=20811"},{"taxonomy":"product_cat","embeddable":true,"href":"https:\/\/unitgames.com.ar\/pc-gamer\/wp-json\/wp\/v2\/product_cat?post=20811"},{"taxonomy":"product_tag","embeddable":true,"href":"https:\/\/unitgames.com.ar\/pc-gamer\/wp-json\/wp\/v2\/product_tag?post=20811"}],"curies":[{"name":"wp","href":"https:\/\/api.w.org\/{rel}","templated":true}]}}