{"id":21002,"date":"2026-04-24T19:09:17","date_gmt":"2026-04-24T22:09:17","guid":{"rendered":"https:\/\/unitgames.com.ar\/pc-gamer\/?post_type=product&#038;p=21002"},"modified":"2026-05-06T17:51:05","modified_gmt":"2026-05-06T20:51:05","slug":"teclado-mecanico-t-dagger-lite-rainbow-black-t-tgk313-lit","status":"publish","type":"product","link":"https:\/\/unitgames.com.ar\/pc-gamer\/producto\/teclado-mecanico-t-dagger-lite-rainbow-black-t-tgk313-lit\/","title":{"rendered":"Teclado Mecanico T-DAGGER Bora Lite Rainbow Black"},"content":{"rendered":"<p>El <strong>Teclado Mec\u00e1nico T-DAGGER Lite Rainbow Black T-TGK313-LIT<\/strong> est\u00e1 dise\u00f1ado para ofrecer <strong>precisi\u00f3n, velocidad y durabilidad<\/strong>, ideal para gaming competitivo. Su formato <strong>tenkeyless (TKL)<\/strong> permite ahorrar espacio y mejorar la movilidad del mouse.<\/p>\n<p>Incorpora <strong>switches mec\u00e1nicos<\/strong> (Red ), brindando una respuesta r\u00e1pida y consistente en cada pulsaci\u00f3n. Adem\u00e1s, cuenta con <strong>iluminaci\u00f3n Rainbow<\/strong> con efectos din\u00e1micos y una construcci\u00f3n resistente en <strong>pl\u00e1stico ABS reforzado<\/strong>, pensada para el uso intensivo.<\/p>\n<h3><\/h3>\n<h3>Caracter\u00edsticas destacadas<\/h3>\n<p>&nbsp;<\/p>\n<ul>\n<li>Formato TKL compacto (sin pad num\u00e9rico)<\/li>\n<li>Switches mec\u00e1nicos de alta precisi\u00f3n (Red)<\/li>\n<li>Iluminaci\u00f3n Rainbow con efectos din\u00e1micos<\/li>\n<li>Teclas de doble inyecci\u00f3n resistentes al desgaste<\/li>\n<li>100% Anti-Ghosting con Full Key Rollover<\/li>\n<li>Ideal para gaming competitivo<\/li>\n<\/ul>\n<p>&nbsp;<\/p>\n<h3>Especificaciones t\u00e9cnicas<\/h3>\n<hr \/>\n<ul>\n<li><strong>Marca:<\/strong> T-Dagger<\/li>\n<li><strong>Modelo:<\/strong> T-TGK313-LIT (Bora Lite)<\/li>\n<li><strong>Tipo:<\/strong> Teclado mec\u00e1nico<\/li>\n<li><strong>Formato:<\/strong> Tenkeyless (TKL)<\/li>\n<li><strong>Switches:<\/strong> Red (lineal)<\/li>\n<li><strong>Iluminaci\u00f3n:<\/strong> Rainbow<\/li>\n<li><strong>Conectividad:<\/strong> USB (cable desmontable)<\/li>\n<li><strong>Material:<\/strong> ABS reforzado<\/li>\n<li><strong>Extras:<\/strong> Anti-ghosting completo \/ teclas doble inyecci\u00f3n<\/li>\n<li><strong>Compatibilidad:<\/strong> PC<\/li>\n<\/ul>\n","protected":false},"excerpt":{"rendered":"<p>El Teclado Mec\u00e1nico T-DAGGER Lite Rainbow Black T-TGK313-LIT est\u00e1 dise\u00f1ado para ofrecer precisi\u00f3n, velocidad y durabilidad, ideal para gaming competitivo. Su formato tenkeyless (TKL) permite ahorrar espacio y mejorar la movilidad del mouse. Incorpora switches mec\u00e1nicos (Red ), brindando una respuesta r\u00e1pida y consistente en cada pulsaci\u00f3n. Adem\u00e1s, cuenta con iluminaci\u00f3n Rainbow con efectos din\u00e1micos y una construcci\u00f3n resistente en pl\u00e1stico ABS reforzado, pensada para el uso intensivo. Caracter\u00edsticas destacadas &nbsp; Formato TKL compacto (sin pad num\u00e9rico) Switches mec\u00e1nicos de alta precisi\u00f3n (Red) Iluminaci\u00f3n Rainbow con efectos din\u00e1micos Teclas de doble inyecci\u00f3n resistentes al desgaste 100% Anti-Ghosting con Full Key Rollover Ideal para gaming competitivo &nbsp; Especificaciones t\u00e9cnicas Marca: T-Dagger Modelo: T-TGK313-LIT (Bora Lite) Tipo: Teclado mec\u00e1nico Formato: Tenkeyless (TKL) Switches: Red (lineal) Iluminaci\u00f3n: Rainbow Conectividad: USB (cable desmontable) Material: ABS reforzado Extras: Anti-ghosting completo \/ teclas doble inyecci\u00f3n Compatibilidad: PC<\/p>\n","protected":false},"featured_media":0,"template":"","meta":{"site-sidebar-layout":"default","site-content-layout":"","ast-site-content-layout":"default","site-content-style":"default","site-sidebar-style":"default","ast-global-header-display":"","ast-banner-title-visibility":"","ast-main-header-display":"","ast-hfb-above-header-display":"","ast-hfb-below-header-display":"","ast-hfb-mobile-header-display":"","site-post-title":"","ast-breadcrumbs-content":"","ast-featured-img":"","footer-sml-layout":"","theme-transparent-header-meta":"default","adv-header-id-meta":"","stick-header-meta":"","header-above-stick-meta":"","header-main-stick-meta":"","header-below-stick-meta":"","astra-migrate-meta-layouts":"set","ast-page-background-enabled":"default","ast-page-background-meta":{"desktop":{"background-color":"var(--ast-global-color-5)","background-image":"","background-repeat":"repeat","background-position":"center center","background-size":"auto","background-attachment":"scroll","background-type":"","background-media":"","overlay-type":"","overlay-color":"","overlay-opacity":"","overlay-gradient":""},"tablet":{"background-color":"","background-image":"","background-repeat":"repeat","background-position":"center center","background-size":"auto","background-attachment":"scroll","background-type":"","background-media":"","overlay-type":"","overlay-color":"","overlay-opacity":"","overlay-gradient":""},"mobile":{"background-color":"","background-image":"","background-repeat":"repeat","background-position":"center center","background-size":"auto","background-attachment":"scroll","background-type":"","background-media":"","overlay-type":"","overlay-color":"","overlay-opacity":"","overlay-gradient":""}},"ast-content-background-meta":{"desktop":{"background-color":"var(--ast-global-color-4)","background-image":"","background-repeat":"repeat","background-position":"center center","background-size":"auto","background-attachment":"scroll","background-type":"","background-media":"","overlay-type":"","overlay-color":"","overlay-opacity":"","overlay-gradient":""},"tablet":{"background-color":"var(--ast-global-color-4)","background-image":"","background-repeat":"repeat","background-position":"center center","background-size":"auto","background-attachment":"scroll","background-type":"","background-media":"","overlay-type":"","overlay-color":"","overlay-opacity":"","overlay-gradient":""},"mobile":{"background-color":"var(--ast-global-color-4)","background-image":"","background-repeat":"repeat","background-position":"center center","background-size":"auto","background-attachment":"scroll","background-type":"","background-media":"","overlay-type":"","overlay-color":"","overlay-opacity":"","overlay-gradient":""}},"_joinchat":[]},"product_brand":[],"product_cat":[92],"product_tag":[],"class_list":{"0":"post-21002","1":"product","2":"type-product","3":"status-publish","5":"product_cat-teclados-mecanicos","6":"desktop-align-center","7":"tablet-align-left","8":"mobile-align-left","10":"first","11":"instock","12":"shipping-taxable","13":"purchasable","14":"product-type-simple"},"yoast_head":"<!-- This site is optimized with the Yoast SEO plugin v27.5 - https:\/\/yoast.com\/product\/yoast-seo-wordpress\/ -->\n<title>Teclado Mecanico T-DAGGER Bora Lite Rainbow Black - UnitGames<\/title>\n<meta name=\"robots\" content=\"index, follow, max-snippet:-1, max-image-preview:large, max-video-preview:-1\" \/>\n<link rel=\"canonical\" href=\"https:\/\/unitgames.com.ar\/pc-gamer\/producto\/teclado-mecanico-t-dagger-lite-rainbow-black-t-tgk313-lit\/\" \/>\n<meta property=\"og:locale\" content=\"es_ES\" \/>\n<meta property=\"og:type\" content=\"article\" \/>\n<meta property=\"og:title\" content=\"Teclado Mecanico T-DAGGER Bora Lite Rainbow Black - UnitGames\" \/>\n<meta property=\"og:description\" content=\"El Teclado Mec\u00e1nico T-DAGGER Lite Rainbow Black T-TGK313-LIT est\u00e1 dise\u00f1ado para ofrecer precisi\u00f3n, velocidad y durabilidad, ideal para gaming competitivo. Su formato tenkeyless (TKL) permite ahorrar espacio y mejorar la movilidad del mouse. Incorpora switches mec\u00e1nicos (Red ), brindando una respuesta r\u00e1pida y consistente en cada pulsaci\u00f3n. Adem\u00e1s, cuenta con iluminaci\u00f3n Rainbow con efectos din\u00e1micos y una construcci\u00f3n resistente en pl\u00e1stico ABS reforzado, pensada para el uso intensivo. Caracter\u00edsticas destacadas &nbsp; Formato TKL compacto (sin pad num\u00e9rico) Switches mec\u00e1nicos de alta precisi\u00f3n (Red) Iluminaci\u00f3n Rainbow con efectos din\u00e1micos Teclas de doble inyecci\u00f3n resistentes al desgaste 100% Anti-Ghosting con Full Key Rollover Ideal para gaming competitivo &nbsp; Especificaciones t\u00e9cnicas Marca: T-Dagger Modelo: T-TGK313-LIT (Bora Lite) Tipo: Teclado mec\u00e1nico Formato: Tenkeyless (TKL) Switches: Red (lineal) Iluminaci\u00f3n: Rainbow Conectividad: USB (cable desmontable) Material: ABS reforzado Extras: Anti-ghosting completo \/ teclas doble inyecci\u00f3n Compatibilidad: PC\" \/>\n<meta property=\"og:url\" content=\"https:\/\/unitgames.com.ar\/pc-gamer\/producto\/teclado-mecanico-t-dagger-lite-rainbow-black-t-tgk313-lit\/\" \/>\n<meta property=\"og:site_name\" content=\"UnitGames\" \/>\n<meta property=\"article:modified_time\" content=\"2026-05-06T20:51:05+00:00\" \/>\n<meta name=\"twitter:card\" content=\"summary_large_image\" \/>\n<meta name=\"twitter:label1\" content=\"Tiempo de lectura\" \/>\n\t<meta name=\"twitter:data1\" content=\"1 minuto\" \/>\n<script type=\"application\/ld+json\" class=\"yoast-schema-graph\">{\"@context\":\"https:\\\/\\\/schema.org\",\"@graph\":[{\"@type\":\"WebPage\",\"@id\":\"https:\\\/\\\/unitgames.com.ar\\\/pc-gamer\\\/producto\\\/teclado-mecanico-t-dagger-lite-rainbow-black-t-tgk313-lit\\\/\",\"url\":\"https:\\\/\\\/unitgames.com.ar\\\/pc-gamer\\\/producto\\\/teclado-mecanico-t-dagger-lite-rainbow-black-t-tgk313-lit\\\/\",\"name\":\"Teclado Mecanico T-DAGGER Bora Lite Rainbow Black - UnitGames\",\"isPartOf\":{\"@id\":\"https:\\\/\\\/unitgames.com.ar\\\/pc-gamer\\\/#website\"},\"datePublished\":\"2026-04-24T22:09:17+00:00\",\"dateModified\":\"2026-05-06T20:51:05+00:00\",\"breadcrumb\":{\"@id\":\"https:\\\/\\\/unitgames.com.ar\\\/pc-gamer\\\/producto\\\/teclado-mecanico-t-dagger-lite-rainbow-black-t-tgk313-lit\\\/#breadcrumb\"},\"inLanguage\":\"es\",\"potentialAction\":[{\"@type\":\"ReadAction\",\"target\":[\"https:\\\/\\\/unitgames.com.ar\\\/pc-gamer\\\/producto\\\/teclado-mecanico-t-dagger-lite-rainbow-black-t-tgk313-lit\\\/\"]}]},{\"@type\":\"BreadcrumbList\",\"@id\":\"https:\\\/\\\/unitgames.com.ar\\\/pc-gamer\\\/producto\\\/teclado-mecanico-t-dagger-lite-rainbow-black-t-tgk313-lit\\\/#breadcrumb\",\"itemListElement\":[{\"@type\":\"ListItem\",\"position\":1,\"name\":\"Tienda\",\"item\":\"https:\\\/\\\/unitgames.com.ar\\\/pc-gamer\\\/tienda\\\/\"},{\"@type\":\"ListItem\",\"position\":2,\"name\":\"Teclado Mecanico T-DAGGER Bora Lite Rainbow Black\"}]},{\"@type\":\"WebSite\",\"@id\":\"https:\\\/\\\/unitgames.com.ar\\\/pc-gamer\\\/#website\",\"url\":\"https:\\\/\\\/unitgames.com.ar\\\/pc-gamer\\\/\",\"name\":\"UnitGames\",\"description\":\"Venta de PC Gamers, Consolas , Servicio Tecnico Especializado. Todos en Accesorios Informaticos y Gamers\",\"publisher\":{\"@id\":\"https:\\\/\\\/unitgames.com.ar\\\/pc-gamer\\\/#organization\"},\"potentialAction\":[{\"@type\":\"SearchAction\",\"target\":{\"@type\":\"EntryPoint\",\"urlTemplate\":\"https:\\\/\\\/unitgames.com.ar\\\/pc-gamer\\\/?s={search_term_string}\"},\"query-input\":{\"@type\":\"PropertyValueSpecification\",\"valueRequired\":true,\"valueName\":\"search_term_string\"}}],\"inLanguage\":\"es\"},{\"@type\":\"Organization\",\"@id\":\"https:\\\/\\\/unitgames.com.ar\\\/pc-gamer\\\/#organization\",\"name\":\"UnitGames\",\"url\":\"https:\\\/\\\/unitgames.com.ar\\\/pc-gamer\\\/\",\"logo\":{\"@type\":\"ImageObject\",\"inLanguage\":\"es\",\"@id\":\"https:\\\/\\\/unitgames.com.ar\\\/pc-gamer\\\/#\\\/schema\\\/logo\\\/image\\\/\",\"url\":\"https:\\\/\\\/unitgames.com.ar\\\/pc-gamer\\\/wp-content\\\/uploads\\\/2021\\\/01\\\/cropped-logoUnitGames2.png\",\"contentUrl\":\"https:\\\/\\\/unitgames.com.ar\\\/pc-gamer\\\/wp-content\\\/uploads\\\/2021\\\/01\\\/cropped-logoUnitGames2.png\",\"width\":152,\"height\":200,\"caption\":\"UnitGames\"},\"image\":{\"@id\":\"https:\\\/\\\/unitgames.com.ar\\\/pc-gamer\\\/#\\\/schema\\\/logo\\\/image\\\/\"}}]}<\/script>\n<!-- \/ Yoast SEO plugin. -->","yoast_head_json":{"title":"Teclado Mecanico T-DAGGER Bora Lite Rainbow Black - UnitGames","robots":{"index":"index","follow":"follow","max-snippet":"max-snippet:-1","max-image-preview":"max-image-preview:large","max-video-preview":"max-video-preview:-1"},"canonical":"https:\/\/unitgames.com.ar\/pc-gamer\/producto\/teclado-mecanico-t-dagger-lite-rainbow-black-t-tgk313-lit\/","og_locale":"es_ES","og_type":"article","og_title":"Teclado Mecanico T-DAGGER Bora Lite Rainbow Black - UnitGames","og_description":"El Teclado Mec\u00e1nico T-DAGGER Lite Rainbow Black T-TGK313-LIT est\u00e1 dise\u00f1ado para ofrecer precisi\u00f3n, velocidad y durabilidad, ideal para gaming competitivo. Su formato tenkeyless (TKL) permite ahorrar espacio y mejorar la movilidad del mouse. Incorpora switches mec\u00e1nicos (Red ), brindando una respuesta r\u00e1pida y consistente en cada pulsaci\u00f3n. Adem\u00e1s, cuenta con iluminaci\u00f3n Rainbow con efectos din\u00e1micos y una construcci\u00f3n resistente en pl\u00e1stico ABS reforzado, pensada para el uso intensivo. Caracter\u00edsticas destacadas &nbsp; Formato TKL compacto (sin pad num\u00e9rico) Switches mec\u00e1nicos de alta precisi\u00f3n (Red) Iluminaci\u00f3n Rainbow con efectos din\u00e1micos Teclas de doble inyecci\u00f3n resistentes al desgaste 100% Anti-Ghosting con Full Key Rollover Ideal para gaming competitivo &nbsp; Especificaciones t\u00e9cnicas Marca: T-Dagger Modelo: T-TGK313-LIT (Bora Lite) Tipo: Teclado mec\u00e1nico Formato: Tenkeyless (TKL) Switches: Red (lineal) Iluminaci\u00f3n: Rainbow Conectividad: USB (cable desmontable) Material: ABS reforzado Extras: Anti-ghosting completo \/ teclas doble inyecci\u00f3n Compatibilidad: PC","og_url":"https:\/\/unitgames.com.ar\/pc-gamer\/producto\/teclado-mecanico-t-dagger-lite-rainbow-black-t-tgk313-lit\/","og_site_name":"UnitGames","article_modified_time":"2026-05-06T20:51:05+00:00","twitter_card":"summary_large_image","twitter_misc":{"Tiempo de lectura":"1 minuto"},"schema":{"@context":"https:\/\/schema.org","@graph":[{"@type":"WebPage","@id":"https:\/\/unitgames.com.ar\/pc-gamer\/producto\/teclado-mecanico-t-dagger-lite-rainbow-black-t-tgk313-lit\/","url":"https:\/\/unitgames.com.ar\/pc-gamer\/producto\/teclado-mecanico-t-dagger-lite-rainbow-black-t-tgk313-lit\/","name":"Teclado Mecanico T-DAGGER Bora Lite Rainbow Black - UnitGames","isPartOf":{"@id":"https:\/\/unitgames.com.ar\/pc-gamer\/#website"},"datePublished":"2026-04-24T22:09:17+00:00","dateModified":"2026-05-06T20:51:05+00:00","breadcrumb":{"@id":"https:\/\/unitgames.com.ar\/pc-gamer\/producto\/teclado-mecanico-t-dagger-lite-rainbow-black-t-tgk313-lit\/#breadcrumb"},"inLanguage":"es","potentialAction":[{"@type":"ReadAction","target":["https:\/\/unitgames.com.ar\/pc-gamer\/producto\/teclado-mecanico-t-dagger-lite-rainbow-black-t-tgk313-lit\/"]}]},{"@type":"BreadcrumbList","@id":"https:\/\/unitgames.com.ar\/pc-gamer\/producto\/teclado-mecanico-t-dagger-lite-rainbow-black-t-tgk313-lit\/#breadcrumb","itemListElement":[{"@type":"ListItem","position":1,"name":"Tienda","item":"https:\/\/unitgames.com.ar\/pc-gamer\/tienda\/"},{"@type":"ListItem","position":2,"name":"Teclado Mecanico T-DAGGER Bora Lite Rainbow Black"}]},{"@type":"WebSite","@id":"https:\/\/unitgames.com.ar\/pc-gamer\/#website","url":"https:\/\/unitgames.com.ar\/pc-gamer\/","name":"UnitGames","description":"Venta de PC Gamers, Consolas , Servicio Tecnico Especializado. Todos en Accesorios Informaticos y Gamers","publisher":{"@id":"https:\/\/unitgames.com.ar\/pc-gamer\/#organization"},"potentialAction":[{"@type":"SearchAction","target":{"@type":"EntryPoint","urlTemplate":"https:\/\/unitgames.com.ar\/pc-gamer\/?s={search_term_string}"},"query-input":{"@type":"PropertyValueSpecification","valueRequired":true,"valueName":"search_term_string"}}],"inLanguage":"es"},{"@type":"Organization","@id":"https:\/\/unitgames.com.ar\/pc-gamer\/#organization","name":"UnitGames","url":"https:\/\/unitgames.com.ar\/pc-gamer\/","logo":{"@type":"ImageObject","inLanguage":"es","@id":"https:\/\/unitgames.com.ar\/pc-gamer\/#\/schema\/logo\/image\/","url":"https:\/\/unitgames.com.ar\/pc-gamer\/wp-content\/uploads\/2021\/01\/cropped-logoUnitGames2.png","contentUrl":"https:\/\/unitgames.com.ar\/pc-gamer\/wp-content\/uploads\/2021\/01\/cropped-logoUnitGames2.png","width":152,"height":200,"caption":"UnitGames"},"image":{"@id":"https:\/\/unitgames.com.ar\/pc-gamer\/#\/schema\/logo\/image\/"}}]}},"_links":{"self":[{"href":"https:\/\/unitgames.com.ar\/pc-gamer\/wp-json\/wp\/v2\/product\/21002","targetHints":{"allow":["GET"]}}],"collection":[{"href":"https:\/\/unitgames.com.ar\/pc-gamer\/wp-json\/wp\/v2\/product"}],"about":[{"href":"https:\/\/unitgames.com.ar\/pc-gamer\/wp-json\/wp\/v2\/types\/product"}],"version-history":[{"count":4,"href":"https:\/\/unitgames.com.ar\/pc-gamer\/wp-json\/wp\/v2\/product\/21002\/revisions"}],"predecessor-version":[{"id":21271,"href":"https:\/\/unitgames.com.ar\/pc-gamer\/wp-json\/wp\/v2\/product\/21002\/revisions\/21271"}],"wp:attachment":[{"href":"https:\/\/unitgames.com.ar\/pc-gamer\/wp-json\/wp\/v2\/media?parent=21002"}],"wp:term":[{"taxonomy":"product_brand","embeddable":true,"href":"https:\/\/unitgames.com.ar\/pc-gamer\/wp-json\/wp\/v2\/product_brand?post=21002"},{"taxonomy":"product_cat","embeddable":true,"href":"https:\/\/unitgames.com.ar\/pc-gamer\/wp-json\/wp\/v2\/product_cat?post=21002"},{"taxonomy":"product_tag","embeddable":true,"href":"https:\/\/unitgames.com.ar\/pc-gamer\/wp-json\/wp\/v2\/product_tag?post=21002"}],"curies":[{"name":"wp","href":"https:\/\/api.w.org\/{rel}","templated":true}]}}