{"id":2191,"date":"2021-01-08T15:23:45","date_gmt":"2021-01-08T15:23:45","guid":{"rendered":"https:\/\/unitgames.com.ar\/pc-gamers\/?post_type=product&#038;p=2191"},"modified":"2026-01-29T20:02:36","modified_gmt":"2026-01-29T23:02:36","slug":"mouse-logitech-inalambrico-g305","status":"publish","type":"product","link":"https:\/\/unitgames.com.ar\/pc-gamer\/producto\/mouse-logitech-inalambrico-g305\/","title":{"rendered":"Mouse LOGITECH G305 Lightspeed  Negro"},"content":{"rendered":"<div class=\"fn Mouse-inalambrico-G305-para-Juegos prodname\" style=\"text-align: left;\">MOUSE INAL\u00c1MBRICO G305 PARA JUEGOS<\/div>\n<div style=\"text-align: left;\"><\/div>\n<div class=\"info-panel-wrapper\">\n<div class=\"productDescription\" style=\"text-align: left;\">\u2022 El sensor Hero de pr\u00f3xima generaci\u00f3n del rat\u00f3n inal\u00e1mbrico para gaming G305 LIGHTSPEED ofrece un rendimiento de 12.000 dpi, mientras que la conectividad inal\u00e1mbrica LIGHTSPEED Proporciona una velocidad de respuesta superr\u00e1pida de 1\u00a0ms.<br \/>\n\u2022 Es duradero, con 250 horas de gaming de una pila AA, con un indicador luminoso que te avisa antes de que la pila se agote.<br \/>\n\u2022 Gracias a un eficiente dise\u00f1o mec\u00e1nico, G305 pesa s\u00f3lo 99 gramos, lo que le da una gran capacidad de maniobra.<br \/>\n\u2022 La forma duradera y compacta y el almacenamiento integrado para el nano receptor hacen de G305 un gran compa\u00f1ero de viaje que est\u00e1 listo para jugar con 6 botones Programables.<br \/>\n\u2022 En resumen, este rat\u00f3n inal\u00e1mbrico LIGHTSPEED para todos es una soluci\u00f3n ya disponible y muy asequible.<\/div>\n<\/div>\n<div><\/div>\n","protected":false},"excerpt":{"rendered":"<p>MOUSE INAL\u00c1MBRICO G305 PARA JUEGOS \u2022 El sensor Hero de pr\u00f3xima generaci\u00f3n del rat\u00f3n inal\u00e1mbrico para gaming G305 LIGHTSPEED ofrece un rendimiento de 12.000 dpi, mientras que la conectividad inal\u00e1mbrica LIGHTSPEED Proporciona una velocidad de respuesta superr\u00e1pida de 1\u00a0ms. \u2022 Es duradero, con 250 horas de gaming de una pila AA, con un indicador luminoso que te avisa antes de que la pila se agote. \u2022 Gracias a un eficiente dise\u00f1o mec\u00e1nico, G305 pesa s\u00f3lo 99 gramos, lo que le da una gran capacidad de maniobra. \u2022 La forma duradera y compacta y el almacenamiento integrado para el nano receptor hacen de G305 un gran compa\u00f1ero de viaje que est\u00e1 listo para jugar con 6 botones Programables. \u2022 En resumen, este rat\u00f3n inal\u00e1mbrico LIGHTSPEED para todos es una soluci\u00f3n ya disponible y muy asequible.<\/p>\n","protected":false},"featured_media":11573,"template":"","meta":{"site-sidebar-layout":"default","site-content-layout":"","ast-site-content-layout":"default","site-content-style":"default","site-sidebar-style":"default","ast-global-header-display":"","ast-banner-title-visibility":"","ast-main-header-display":"","ast-hfb-above-header-display":"","ast-hfb-below-header-display":"","ast-hfb-mobile-header-display":"","site-post-title":"","ast-breadcrumbs-content":"","ast-featured-img":"","footer-sml-layout":"","theme-transparent-header-meta":"default","adv-header-id-meta":"","stick-header-meta":"","header-above-stick-meta":"","header-main-stick-meta":"","header-below-stick-meta":"","astra-migrate-meta-layouts":"set","ast-page-background-enabled":"default","ast-page-background-meta":{"desktop":{"background-color":"var(--ast-global-color-5)","background-image":"","background-repeat":"repeat","background-position":"center center","background-size":"auto","background-attachment":"scroll","background-type":"","background-media":"","overlay-type":"","overlay-color":"","overlay-opacity":"","overlay-gradient":""},"tablet":{"background-color":"","background-image":"","background-repeat":"repeat","background-position":"center center","background-size":"auto","background-attachment":"scroll","background-type":"","background-media":"","overlay-type":"","overlay-color":"","overlay-opacity":"","overlay-gradient":""},"mobile":{"background-color":"","background-image":"","background-repeat":"repeat","background-position":"center center","background-size":"auto","background-attachment":"scroll","background-type":"","background-media":"","overlay-type":"","overlay-color":"","overlay-opacity":"","overlay-gradient":""}},"ast-content-background-meta":{"desktop":{"background-color":"var(--ast-global-color-4)","background-image":"","background-repeat":"repeat","background-position":"center center","background-size":"auto","background-attachment":"scroll","background-type":"","background-media":"","overlay-type":"","overlay-color":"","overlay-opacity":"","overlay-gradient":""},"tablet":{"background-color":"var(--ast-global-color-4)","background-image":"","background-repeat":"repeat","background-position":"center center","background-size":"auto","background-attachment":"scroll","background-type":"","background-media":"","overlay-type":"","overlay-color":"","overlay-opacity":"","overlay-gradient":""},"mobile":{"background-color":"var(--ast-global-color-4)","background-image":"","background-repeat":"repeat","background-position":"center center","background-size":"auto","background-attachment":"scroll","background-type":"","background-media":"","overlay-type":"","overlay-color":"","overlay-opacity":"","overlay-gradient":""}},"_joinchat":[]},"product_brand":[],"product_cat":[89],"product_tag":[],"class_list":{"0":"post-2191","1":"product","2":"type-product","3":"status-publish","4":"has-post-thumbnail","6":"product_cat-gamers-competitivos","7":"desktop-align-center","8":"tablet-align-left","9":"mobile-align-left","11":"first","12":"instock","13":"shipping-taxable","14":"purchasable","15":"product-type-simple"},"yoast_head":"<!-- This site is optimized with the Yoast SEO plugin v27.5 - https:\/\/yoast.com\/product\/yoast-seo-wordpress\/ -->\n<title>Mouse LOGITECH G305 Lightspeed Negro - UnitGames<\/title>\n<meta name=\"robots\" content=\"index, follow, max-snippet:-1, max-image-preview:large, max-video-preview:-1\" \/>\n<link rel=\"canonical\" href=\"https:\/\/unitgames.com.ar\/pc-gamer\/producto\/mouse-logitech-inalambrico-g305\/\" \/>\n<meta property=\"og:locale\" content=\"es_ES\" \/>\n<meta property=\"og:type\" content=\"article\" \/>\n<meta property=\"og:title\" content=\"Mouse LOGITECH G305 Lightspeed Negro - UnitGames\" \/>\n<meta property=\"og:description\" content=\"MOUSE INAL\u00c1MBRICO G305 PARA JUEGOS \u2022 El sensor Hero de pr\u00f3xima generaci\u00f3n del rat\u00f3n inal\u00e1mbrico para gaming G305 LIGHTSPEED ofrece un rendimiento de 12.000 dpi, mientras que la conectividad inal\u00e1mbrica LIGHTSPEED Proporciona una velocidad de respuesta superr\u00e1pida de 1\u00a0ms. \u2022 Es duradero, con 250 horas de gaming de una pila AA, con un indicador luminoso que te avisa antes de que la pila se agote. \u2022 Gracias a un eficiente dise\u00f1o mec\u00e1nico, G305 pesa s\u00f3lo 99 gramos, lo que le da una gran capacidad de maniobra. \u2022 La forma duradera y compacta y el almacenamiento integrado para el nano receptor hacen de G305 un gran compa\u00f1ero de viaje que est\u00e1 listo para jugar con 6 botones Programables. \u2022 En resumen, este rat\u00f3n inal\u00e1mbrico LIGHTSPEED para todos es una soluci\u00f3n ya disponible y muy asequible.\" \/>\n<meta property=\"og:url\" content=\"https:\/\/unitgames.com.ar\/pc-gamer\/producto\/mouse-logitech-inalambrico-g305\/\" \/>\n<meta property=\"og:site_name\" content=\"UnitGames\" \/>\n<meta property=\"article:modified_time\" content=\"2026-01-29T23:02:36+00:00\" \/>\n<meta property=\"og:image\" content=\"https:\/\/unitgames.com.ar\/pc-gamer\/wp-content\/uploads\/2021\/01\/Mouse-LOGITECH-G305-Inalambrico-Negro.png\" \/>\n\t<meta property=\"og:image:width\" content=\"1263\" \/>\n\t<meta property=\"og:image:height\" content=\"1285\" \/>\n\t<meta property=\"og:image:type\" content=\"image\/png\" \/>\n<meta name=\"twitter:card\" content=\"summary_large_image\" \/>\n<meta name=\"twitter:label1\" content=\"Tiempo de lectura\" \/>\n\t<meta name=\"twitter:data1\" content=\"1 minuto\" \/>\n<script type=\"application\/ld+json\" class=\"yoast-schema-graph\">{\"@context\":\"https:\\\/\\\/schema.org\",\"@graph\":[{\"@type\":\"WebPage\",\"@id\":\"https:\\\/\\\/unitgames.com.ar\\\/pc-gamer\\\/producto\\\/mouse-logitech-inalambrico-g305\\\/\",\"url\":\"https:\\\/\\\/unitgames.com.ar\\\/pc-gamer\\\/producto\\\/mouse-logitech-inalambrico-g305\\\/\",\"name\":\"Mouse LOGITECH G305 Lightspeed Negro - UnitGames\",\"isPartOf\":{\"@id\":\"https:\\\/\\\/unitgames.com.ar\\\/pc-gamer\\\/#website\"},\"primaryImageOfPage\":{\"@id\":\"https:\\\/\\\/unitgames.com.ar\\\/pc-gamer\\\/producto\\\/mouse-logitech-inalambrico-g305\\\/#primaryimage\"},\"image\":{\"@id\":\"https:\\\/\\\/unitgames.com.ar\\\/pc-gamer\\\/producto\\\/mouse-logitech-inalambrico-g305\\\/#primaryimage\"},\"thumbnailUrl\":\"https:\\\/\\\/unitgames.com.ar\\\/pc-gamer\\\/wp-content\\\/uploads\\\/2021\\\/01\\\/Mouse-LOGITECH-G305-Inalambrico-Negro.png\",\"datePublished\":\"2021-01-08T15:23:45+00:00\",\"dateModified\":\"2026-01-29T23:02:36+00:00\",\"breadcrumb\":{\"@id\":\"https:\\\/\\\/unitgames.com.ar\\\/pc-gamer\\\/producto\\\/mouse-logitech-inalambrico-g305\\\/#breadcrumb\"},\"inLanguage\":\"es\",\"potentialAction\":[{\"@type\":\"ReadAction\",\"target\":[\"https:\\\/\\\/unitgames.com.ar\\\/pc-gamer\\\/producto\\\/mouse-logitech-inalambrico-g305\\\/\"]}]},{\"@type\":\"ImageObject\",\"inLanguage\":\"es\",\"@id\":\"https:\\\/\\\/unitgames.com.ar\\\/pc-gamer\\\/producto\\\/mouse-logitech-inalambrico-g305\\\/#primaryimage\",\"url\":\"https:\\\/\\\/unitgames.com.ar\\\/pc-gamer\\\/wp-content\\\/uploads\\\/2021\\\/01\\\/Mouse-LOGITECH-G305-Inalambrico-Negro.png\",\"contentUrl\":\"https:\\\/\\\/unitgames.com.ar\\\/pc-gamer\\\/wp-content\\\/uploads\\\/2021\\\/01\\\/Mouse-LOGITECH-G305-Inalambrico-Negro.png\",\"width\":1263,\"height\":1285},{\"@type\":\"BreadcrumbList\",\"@id\":\"https:\\\/\\\/unitgames.com.ar\\\/pc-gamer\\\/producto\\\/mouse-logitech-inalambrico-g305\\\/#breadcrumb\",\"itemListElement\":[{\"@type\":\"ListItem\",\"position\":1,\"name\":\"Tienda\",\"item\":\"https:\\\/\\\/unitgames.com.ar\\\/pc-gamer\\\/tienda\\\/\"},{\"@type\":\"ListItem\",\"position\":2,\"name\":\"Mouse LOGITECH G305 Lightspeed Negro\"}]},{\"@type\":\"WebSite\",\"@id\":\"https:\\\/\\\/unitgames.com.ar\\\/pc-gamer\\\/#website\",\"url\":\"https:\\\/\\\/unitgames.com.ar\\\/pc-gamer\\\/\",\"name\":\"UnitGames\",\"description\":\"Venta de PC Gamers, Consolas , Servicio Tecnico Especializado. Todos en Accesorios Informaticos y Gamers\",\"publisher\":{\"@id\":\"https:\\\/\\\/unitgames.com.ar\\\/pc-gamer\\\/#organization\"},\"potentialAction\":[{\"@type\":\"SearchAction\",\"target\":{\"@type\":\"EntryPoint\",\"urlTemplate\":\"https:\\\/\\\/unitgames.com.ar\\\/pc-gamer\\\/?s={search_term_string}\"},\"query-input\":{\"@type\":\"PropertyValueSpecification\",\"valueRequired\":true,\"valueName\":\"search_term_string\"}}],\"inLanguage\":\"es\"},{\"@type\":\"Organization\",\"@id\":\"https:\\\/\\\/unitgames.com.ar\\\/pc-gamer\\\/#organization\",\"name\":\"UnitGames\",\"url\":\"https:\\\/\\\/unitgames.com.ar\\\/pc-gamer\\\/\",\"logo\":{\"@type\":\"ImageObject\",\"inLanguage\":\"es\",\"@id\":\"https:\\\/\\\/unitgames.com.ar\\\/pc-gamer\\\/#\\\/schema\\\/logo\\\/image\\\/\",\"url\":\"https:\\\/\\\/unitgames.com.ar\\\/pc-gamer\\\/wp-content\\\/uploads\\\/2021\\\/01\\\/cropped-logoUnitGames2.png\",\"contentUrl\":\"https:\\\/\\\/unitgames.com.ar\\\/pc-gamer\\\/wp-content\\\/uploads\\\/2021\\\/01\\\/cropped-logoUnitGames2.png\",\"width\":152,\"height\":200,\"caption\":\"UnitGames\"},\"image\":{\"@id\":\"https:\\\/\\\/unitgames.com.ar\\\/pc-gamer\\\/#\\\/schema\\\/logo\\\/image\\\/\"}}]}<\/script>\n<!-- \/ Yoast SEO plugin. -->","yoast_head_json":{"title":"Mouse LOGITECH G305 Lightspeed Negro - UnitGames","robots":{"index":"index","follow":"follow","max-snippet":"max-snippet:-1","max-image-preview":"max-image-preview:large","max-video-preview":"max-video-preview:-1"},"canonical":"https:\/\/unitgames.com.ar\/pc-gamer\/producto\/mouse-logitech-inalambrico-g305\/","og_locale":"es_ES","og_type":"article","og_title":"Mouse LOGITECH G305 Lightspeed Negro - UnitGames","og_description":"MOUSE INAL\u00c1MBRICO G305 PARA JUEGOS \u2022 El sensor Hero de pr\u00f3xima generaci\u00f3n del rat\u00f3n inal\u00e1mbrico para gaming G305 LIGHTSPEED ofrece un rendimiento de 12.000 dpi, mientras que la conectividad inal\u00e1mbrica LIGHTSPEED Proporciona una velocidad de respuesta superr\u00e1pida de 1\u00a0ms. \u2022 Es duradero, con 250 horas de gaming de una pila AA, con un indicador luminoso que te avisa antes de que la pila se agote. \u2022 Gracias a un eficiente dise\u00f1o mec\u00e1nico, G305 pesa s\u00f3lo 99 gramos, lo que le da una gran capacidad de maniobra. \u2022 La forma duradera y compacta y el almacenamiento integrado para el nano receptor hacen de G305 un gran compa\u00f1ero de viaje que est\u00e1 listo para jugar con 6 botones Programables. \u2022 En resumen, este rat\u00f3n inal\u00e1mbrico LIGHTSPEED para todos es una soluci\u00f3n ya disponible y muy asequible.","og_url":"https:\/\/unitgames.com.ar\/pc-gamer\/producto\/mouse-logitech-inalambrico-g305\/","og_site_name":"UnitGames","article_modified_time":"2026-01-29T23:02:36+00:00","og_image":[{"width":1263,"height":1285,"url":"https:\/\/unitgames.com.ar\/pc-gamer\/wp-content\/uploads\/2021\/01\/Mouse-LOGITECH-G305-Inalambrico-Negro.png","type":"image\/png"}],"twitter_card":"summary_large_image","twitter_misc":{"Tiempo de lectura":"1 minuto"},"schema":{"@context":"https:\/\/schema.org","@graph":[{"@type":"WebPage","@id":"https:\/\/unitgames.com.ar\/pc-gamer\/producto\/mouse-logitech-inalambrico-g305\/","url":"https:\/\/unitgames.com.ar\/pc-gamer\/producto\/mouse-logitech-inalambrico-g305\/","name":"Mouse LOGITECH G305 Lightspeed Negro - UnitGames","isPartOf":{"@id":"https:\/\/unitgames.com.ar\/pc-gamer\/#website"},"primaryImageOfPage":{"@id":"https:\/\/unitgames.com.ar\/pc-gamer\/producto\/mouse-logitech-inalambrico-g305\/#primaryimage"},"image":{"@id":"https:\/\/unitgames.com.ar\/pc-gamer\/producto\/mouse-logitech-inalambrico-g305\/#primaryimage"},"thumbnailUrl":"https:\/\/unitgames.com.ar\/pc-gamer\/wp-content\/uploads\/2021\/01\/Mouse-LOGITECH-G305-Inalambrico-Negro.png","datePublished":"2021-01-08T15:23:45+00:00","dateModified":"2026-01-29T23:02:36+00:00","breadcrumb":{"@id":"https:\/\/unitgames.com.ar\/pc-gamer\/producto\/mouse-logitech-inalambrico-g305\/#breadcrumb"},"inLanguage":"es","potentialAction":[{"@type":"ReadAction","target":["https:\/\/unitgames.com.ar\/pc-gamer\/producto\/mouse-logitech-inalambrico-g305\/"]}]},{"@type":"ImageObject","inLanguage":"es","@id":"https:\/\/unitgames.com.ar\/pc-gamer\/producto\/mouse-logitech-inalambrico-g305\/#primaryimage","url":"https:\/\/unitgames.com.ar\/pc-gamer\/wp-content\/uploads\/2021\/01\/Mouse-LOGITECH-G305-Inalambrico-Negro.png","contentUrl":"https:\/\/unitgames.com.ar\/pc-gamer\/wp-content\/uploads\/2021\/01\/Mouse-LOGITECH-G305-Inalambrico-Negro.png","width":1263,"height":1285},{"@type":"BreadcrumbList","@id":"https:\/\/unitgames.com.ar\/pc-gamer\/producto\/mouse-logitech-inalambrico-g305\/#breadcrumb","itemListElement":[{"@type":"ListItem","position":1,"name":"Tienda","item":"https:\/\/unitgames.com.ar\/pc-gamer\/tienda\/"},{"@type":"ListItem","position":2,"name":"Mouse LOGITECH G305 Lightspeed Negro"}]},{"@type":"WebSite","@id":"https:\/\/unitgames.com.ar\/pc-gamer\/#website","url":"https:\/\/unitgames.com.ar\/pc-gamer\/","name":"UnitGames","description":"Venta de PC Gamers, Consolas , Servicio Tecnico Especializado. Todos en Accesorios Informaticos y Gamers","publisher":{"@id":"https:\/\/unitgames.com.ar\/pc-gamer\/#organization"},"potentialAction":[{"@type":"SearchAction","target":{"@type":"EntryPoint","urlTemplate":"https:\/\/unitgames.com.ar\/pc-gamer\/?s={search_term_string}"},"query-input":{"@type":"PropertyValueSpecification","valueRequired":true,"valueName":"search_term_string"}}],"inLanguage":"es"},{"@type":"Organization","@id":"https:\/\/unitgames.com.ar\/pc-gamer\/#organization","name":"UnitGames","url":"https:\/\/unitgames.com.ar\/pc-gamer\/","logo":{"@type":"ImageObject","inLanguage":"es","@id":"https:\/\/unitgames.com.ar\/pc-gamer\/#\/schema\/logo\/image\/","url":"https:\/\/unitgames.com.ar\/pc-gamer\/wp-content\/uploads\/2021\/01\/cropped-logoUnitGames2.png","contentUrl":"https:\/\/unitgames.com.ar\/pc-gamer\/wp-content\/uploads\/2021\/01\/cropped-logoUnitGames2.png","width":152,"height":200,"caption":"UnitGames"},"image":{"@id":"https:\/\/unitgames.com.ar\/pc-gamer\/#\/schema\/logo\/image\/"}}]}},"_links":{"self":[{"href":"https:\/\/unitgames.com.ar\/pc-gamer\/wp-json\/wp\/v2\/product\/2191","targetHints":{"allow":["GET"]}}],"collection":[{"href":"https:\/\/unitgames.com.ar\/pc-gamer\/wp-json\/wp\/v2\/product"}],"about":[{"href":"https:\/\/unitgames.com.ar\/pc-gamer\/wp-json\/wp\/v2\/types\/product"}],"version-history":[{"count":0,"href":"https:\/\/unitgames.com.ar\/pc-gamer\/wp-json\/wp\/v2\/product\/2191\/revisions"}],"wp:featuredmedia":[{"embeddable":true,"href":"https:\/\/unitgames.com.ar\/pc-gamer\/wp-json\/wp\/v2\/media\/11573"}],"wp:attachment":[{"href":"https:\/\/unitgames.com.ar\/pc-gamer\/wp-json\/wp\/v2\/media?parent=2191"}],"wp:term":[{"taxonomy":"product_brand","embeddable":true,"href":"https:\/\/unitgames.com.ar\/pc-gamer\/wp-json\/wp\/v2\/product_brand?post=2191"},{"taxonomy":"product_cat","embeddable":true,"href":"https:\/\/unitgames.com.ar\/pc-gamer\/wp-json\/wp\/v2\/product_cat?post=2191"},{"taxonomy":"product_tag","embeddable":true,"href":"https:\/\/unitgames.com.ar\/pc-gamer\/wp-json\/wp\/v2\/product_tag?post=2191"}],"curies":[{"name":"wp","href":"https:\/\/api.w.org\/{rel}","templated":true}]}}