{"id":4200,"date":"2021-03-12T13:36:32","date_gmt":"2021-03-12T13:36:32","guid":{"rendered":"https:\/\/unitgames.com.ar\/pc-gamers\/?post_type=product&#038;p=4200"},"modified":"2026-05-01T09:51:55","modified_gmt":"2026-05-01T12:51:55","slug":"teclado-mecanico-redragon-kumara-k552-switch-red-rgb-white","status":"publish","type":"product","link":"https:\/\/unitgames.com.ar\/pc-gamer\/producto\/teclado-mecanico-redragon-kumara-k552-switch-red-rgb-white\/","title":{"rendered":"Teclado Mecanico REDRAGON Kumara RGB Switch Red Negro"},"content":{"rendered":"<h2 class=\"desc-title\">Descripci\u00f3n<\/h2>\n<div>La gran calidad del Redragon Kumara K552, y su precio econ\u00f3mico lo vuelven un atractivo ideal para que te diviertas frente a la pantalla. Su ergonom\u00eda, su base antidelizante y su r\u00e1pido tiempo de respuesta permite que tus juegos favoritos se sientan m\u00e1s cerca que nunca, al alcance de tus manos.<\/div>\n<div><\/div>\n<div id=\"wc-power-page\">\n<p>Un teclado completo, con iluminaci\u00f3n personalizable y la construcci\u00f3n perfecta para todos tus juegos.<\/p>\n<p><strong>Tipo Teclado:\u00a0<\/strong>Mec\u00e1nicos<br \/>\n<strong>Tipo Switch:\u00a0<\/strong>Outemu Blue, Lineal click audible , fuerza de actuaci\u00f3n 50gr<br \/>\n<strong>Teclas Multimedia:<\/strong>\u00a0Si, a tr\u00e1ves de tecla FN<br \/>\n<strong>Teclas Macro Dedicadas:\u00a0<\/strong>No<br \/>\n<strong>Bloqueo Tecla Windows:<\/strong>\u00a0Si<br \/>\n<strong>Tama\u00f1o teclado:\u00a0<\/strong>Tenkeyless (sin pad n\u00famerico)<br \/>\n<strong>Reposa Mu\u00f1ecas:<\/strong>\u00a0No<br \/>\n<strong>Retroiluminado:\u00a0<\/strong>Si, RGB Chroma<br \/>\n<strong>Cable:\u00a0<\/strong>Goma, reforzado. Soporta 12kg y 10000 flexiones. USB enchapado en oro y filtro anti interferencias<br \/>\n<strong>Matriz:\u00a0<\/strong>100% Anti-Ghosting con Full Key Rollover<br \/>\n<strong>Construcci\u00f3n:<\/strong>\u00a0Pl\u00e1stico ABS reforzado y placa de acero<br \/>\n<strong>Anti salpicaduras:<\/strong>\u00a0Si<br \/>\n<strong>Distribuci\u00f3n:<\/strong>\u00a0Espa\u00f1ol Latinoamerica<\/p>\n<\/div>\n","protected":false},"excerpt":{"rendered":"<p>Descripci\u00f3n La gran calidad del Redragon Kumara K552, y su precio econ\u00f3mico lo vuelven un atractivo ideal para que te diviertas frente a la pantalla. Su ergonom\u00eda, su base antidelizante y su r\u00e1pido tiempo de respuesta permite que tus juegos favoritos se sientan m\u00e1s cerca que nunca, al alcance de tus manos. Un teclado completo, con iluminaci\u00f3n personalizable y la construcci\u00f3n perfecta para todos tus juegos. Tipo Teclado:\u00a0Mec\u00e1nicos Tipo Switch:\u00a0Outemu Blue, Lineal click audible , fuerza de actuaci\u00f3n 50gr Teclas Multimedia:\u00a0Si, a tr\u00e1ves de tecla FN Teclas Macro Dedicadas:\u00a0No Bloqueo Tecla Windows:\u00a0Si Tama\u00f1o teclado:\u00a0Tenkeyless (sin pad n\u00famerico) Reposa Mu\u00f1ecas:\u00a0No Retroiluminado:\u00a0Si, RGB Chroma Cable:\u00a0Goma, reforzado. Soporta 12kg y 10000 flexiones. USB enchapado en oro y filtro anti interferencias Matriz:\u00a0100% Anti-Ghosting con Full Key Rollover Construcci\u00f3n:\u00a0Pl\u00e1stico ABS reforzado y placa de acero Anti salpicaduras:\u00a0Si Distribuci\u00f3n:\u00a0Espa\u00f1ol Latinoamerica<\/p>\n","protected":false},"featured_media":9848,"template":"","meta":{"site-sidebar-layout":"default","site-content-layout":"","ast-site-content-layout":"default","site-content-style":"default","site-sidebar-style":"default","ast-global-header-display":"","ast-banner-title-visibility":"","ast-main-header-display":"","ast-hfb-above-header-display":"","ast-hfb-below-header-display":"","ast-hfb-mobile-header-display":"","site-post-title":"","ast-breadcrumbs-content":"","ast-featured-img":"","footer-sml-layout":"","theme-transparent-header-meta":"default","adv-header-id-meta":"","stick-header-meta":"","header-above-stick-meta":"","header-main-stick-meta":"","header-below-stick-meta":"","astra-migrate-meta-layouts":"set","ast-page-background-enabled":"default","ast-page-background-meta":{"desktop":{"background-color":"var(--ast-global-color-5)","background-image":"","background-repeat":"repeat","background-position":"center center","background-size":"auto","background-attachment":"scroll","background-type":"","background-media":"","overlay-type":"","overlay-color":"","overlay-opacity":"","overlay-gradient":""},"tablet":{"background-color":"","background-image":"","background-repeat":"repeat","background-position":"center center","background-size":"auto","background-attachment":"scroll","background-type":"","background-media":"","overlay-type":"","overlay-color":"","overlay-opacity":"","overlay-gradient":""},"mobile":{"background-color":"","background-image":"","background-repeat":"repeat","background-position":"center center","background-size":"auto","background-attachment":"scroll","background-type":"","background-media":"","overlay-type":"","overlay-color":"","overlay-opacity":"","overlay-gradient":""}},"ast-content-background-meta":{"desktop":{"background-color":"var(--ast-global-color-4)","background-image":"","background-repeat":"repeat","background-position":"center center","background-size":"auto","background-attachment":"scroll","background-type":"","background-media":"","overlay-type":"","overlay-color":"","overlay-opacity":"","overlay-gradient":""},"tablet":{"background-color":"var(--ast-global-color-4)","background-image":"","background-repeat":"repeat","background-position":"center center","background-size":"auto","background-attachment":"scroll","background-type":"","background-media":"","overlay-type":"","overlay-color":"","overlay-opacity":"","overlay-gradient":""},"mobile":{"background-color":"var(--ast-global-color-4)","background-image":"","background-repeat":"repeat","background-position":"center center","background-size":"auto","background-attachment":"scroll","background-type":"","background-media":"","overlay-type":"","overlay-color":"","overlay-opacity":"","overlay-gradient":""}},"_joinchat":[]},"product_brand":[],"product_cat":[92],"product_tag":[],"class_list":{"0":"post-4200","1":"product","2":"type-product","3":"status-publish","4":"has-post-thumbnail","6":"product_cat-teclados-mecanicos","7":"desktop-align-center","8":"tablet-align-left","9":"mobile-align-left","11":"first","12":"instock","13":"shipping-taxable","14":"purchasable","15":"product-type-simple"},"yoast_head":"<!-- This site is optimized with the Yoast SEO plugin v27.5 - https:\/\/yoast.com\/product\/yoast-seo-wordpress\/ -->\n<title>Teclado Mecanico REDRAGON Kumara RGB Switch Red Negro - UnitGames<\/title>\n<meta name=\"robots\" content=\"index, follow, max-snippet:-1, max-image-preview:large, max-video-preview:-1\" \/>\n<link rel=\"canonical\" href=\"https:\/\/unitgames.com.ar\/pc-gamer\/producto\/teclado-mecanico-redragon-kumara-k552-switch-red-rgb-white\/\" \/>\n<meta property=\"og:locale\" content=\"es_ES\" \/>\n<meta property=\"og:type\" content=\"article\" \/>\n<meta property=\"og:title\" content=\"Teclado Mecanico REDRAGON Kumara RGB Switch Red Negro - UnitGames\" \/>\n<meta property=\"og:description\" content=\"Descripci\u00f3n La gran calidad del Redragon Kumara K552, y su precio econ\u00f3mico lo vuelven un atractivo ideal para que te diviertas frente a la pantalla. Su ergonom\u00eda, su base antidelizante y su r\u00e1pido tiempo de respuesta permite que tus juegos favoritos se sientan m\u00e1s cerca que nunca, al alcance de tus manos. Un teclado completo, con iluminaci\u00f3n personalizable y la construcci\u00f3n perfecta para todos tus juegos. Tipo Teclado:\u00a0Mec\u00e1nicos Tipo Switch:\u00a0Outemu Blue, Lineal click audible , fuerza de actuaci\u00f3n 50gr Teclas Multimedia:\u00a0Si, a tr\u00e1ves de tecla FN Teclas Macro Dedicadas:\u00a0No Bloqueo Tecla Windows:\u00a0Si Tama\u00f1o teclado:\u00a0Tenkeyless (sin pad n\u00famerico) Reposa Mu\u00f1ecas:\u00a0No Retroiluminado:\u00a0Si, RGB Chroma Cable:\u00a0Goma, reforzado. Soporta 12kg y 10000 flexiones. USB enchapado en oro y filtro anti interferencias Matriz:\u00a0100% Anti-Ghosting con Full Key Rollover Construcci\u00f3n:\u00a0Pl\u00e1stico ABS reforzado y placa de acero Anti salpicaduras:\u00a0Si Distribuci\u00f3n:\u00a0Espa\u00f1ol Latinoamerica\" \/>\n<meta property=\"og:url\" content=\"https:\/\/unitgames.com.ar\/pc-gamer\/producto\/teclado-mecanico-redragon-kumara-k552-switch-red-rgb-white\/\" \/>\n<meta property=\"og:site_name\" content=\"UnitGames\" \/>\n<meta property=\"article:modified_time\" content=\"2026-05-01T12:51:55+00:00\" \/>\n<meta property=\"og:image\" content=\"https:\/\/unitgames.com.ar\/pc-gamer\/wp-content\/uploads\/2021\/12\/Teclado-Mecanico-REDRAGON-Kumara-2-Rainbow-Switch-Red-Negro.png\" \/>\n\t<meta property=\"og:image:width\" content=\"1283\" \/>\n\t<meta property=\"og:image:height\" content=\"1283\" \/>\n\t<meta property=\"og:image:type\" content=\"image\/png\" \/>\n<meta name=\"twitter:card\" content=\"summary_large_image\" \/>\n<meta name=\"twitter:label1\" content=\"Tiempo de lectura\" \/>\n\t<meta name=\"twitter:data1\" content=\"1 minuto\" \/>\n<script type=\"application\/ld+json\" class=\"yoast-schema-graph\">{\"@context\":\"https:\\\/\\\/schema.org\",\"@graph\":[{\"@type\":\"WebPage\",\"@id\":\"https:\\\/\\\/unitgames.com.ar\\\/pc-gamer\\\/producto\\\/teclado-mecanico-redragon-kumara-k552-switch-red-rgb-white\\\/\",\"url\":\"https:\\\/\\\/unitgames.com.ar\\\/pc-gamer\\\/producto\\\/teclado-mecanico-redragon-kumara-k552-switch-red-rgb-white\\\/\",\"name\":\"Teclado Mecanico REDRAGON Kumara RGB Switch Red Negro - UnitGames\",\"isPartOf\":{\"@id\":\"https:\\\/\\\/unitgames.com.ar\\\/pc-gamer\\\/#website\"},\"primaryImageOfPage\":{\"@id\":\"https:\\\/\\\/unitgames.com.ar\\\/pc-gamer\\\/producto\\\/teclado-mecanico-redragon-kumara-k552-switch-red-rgb-white\\\/#primaryimage\"},\"image\":{\"@id\":\"https:\\\/\\\/unitgames.com.ar\\\/pc-gamer\\\/producto\\\/teclado-mecanico-redragon-kumara-k552-switch-red-rgb-white\\\/#primaryimage\"},\"thumbnailUrl\":\"https:\\\/\\\/unitgames.com.ar\\\/pc-gamer\\\/wp-content\\\/uploads\\\/2021\\\/12\\\/Teclado-Mecanico-REDRAGON-Kumara-2-Rainbow-Switch-Red-Negro.png\",\"datePublished\":\"2021-03-12T13:36:32+00:00\",\"dateModified\":\"2026-05-01T12:51:55+00:00\",\"breadcrumb\":{\"@id\":\"https:\\\/\\\/unitgames.com.ar\\\/pc-gamer\\\/producto\\\/teclado-mecanico-redragon-kumara-k552-switch-red-rgb-white\\\/#breadcrumb\"},\"inLanguage\":\"es\",\"potentialAction\":[{\"@type\":\"ReadAction\",\"target\":[\"https:\\\/\\\/unitgames.com.ar\\\/pc-gamer\\\/producto\\\/teclado-mecanico-redragon-kumara-k552-switch-red-rgb-white\\\/\"]}]},{\"@type\":\"ImageObject\",\"inLanguage\":\"es\",\"@id\":\"https:\\\/\\\/unitgames.com.ar\\\/pc-gamer\\\/producto\\\/teclado-mecanico-redragon-kumara-k552-switch-red-rgb-white\\\/#primaryimage\",\"url\":\"https:\\\/\\\/unitgames.com.ar\\\/pc-gamer\\\/wp-content\\\/uploads\\\/2021\\\/12\\\/Teclado-Mecanico-REDRAGON-Kumara-2-Rainbow-Switch-Red-Negro.png\",\"contentUrl\":\"https:\\\/\\\/unitgames.com.ar\\\/pc-gamer\\\/wp-content\\\/uploads\\\/2021\\\/12\\\/Teclado-Mecanico-REDRAGON-Kumara-2-Rainbow-Switch-Red-Negro.png\",\"width\":1283,\"height\":1283},{\"@type\":\"BreadcrumbList\",\"@id\":\"https:\\\/\\\/unitgames.com.ar\\\/pc-gamer\\\/producto\\\/teclado-mecanico-redragon-kumara-k552-switch-red-rgb-white\\\/#breadcrumb\",\"itemListElement\":[{\"@type\":\"ListItem\",\"position\":1,\"name\":\"Tienda\",\"item\":\"https:\\\/\\\/unitgames.com.ar\\\/pc-gamer\\\/tienda\\\/\"},{\"@type\":\"ListItem\",\"position\":2,\"name\":\"Teclado Mecanico REDRAGON Kumara RGB Switch Red Negro\"}]},{\"@type\":\"WebSite\",\"@id\":\"https:\\\/\\\/unitgames.com.ar\\\/pc-gamer\\\/#website\",\"url\":\"https:\\\/\\\/unitgames.com.ar\\\/pc-gamer\\\/\",\"name\":\"UnitGames\",\"description\":\"Venta de PC Gamers, Consolas , Servicio Tecnico Especializado. Todos en Accesorios Informaticos y Gamers\",\"publisher\":{\"@id\":\"https:\\\/\\\/unitgames.com.ar\\\/pc-gamer\\\/#organization\"},\"potentialAction\":[{\"@type\":\"SearchAction\",\"target\":{\"@type\":\"EntryPoint\",\"urlTemplate\":\"https:\\\/\\\/unitgames.com.ar\\\/pc-gamer\\\/?s={search_term_string}\"},\"query-input\":{\"@type\":\"PropertyValueSpecification\",\"valueRequired\":true,\"valueName\":\"search_term_string\"}}],\"inLanguage\":\"es\"},{\"@type\":\"Organization\",\"@id\":\"https:\\\/\\\/unitgames.com.ar\\\/pc-gamer\\\/#organization\",\"name\":\"UnitGames\",\"url\":\"https:\\\/\\\/unitgames.com.ar\\\/pc-gamer\\\/\",\"logo\":{\"@type\":\"ImageObject\",\"inLanguage\":\"es\",\"@id\":\"https:\\\/\\\/unitgames.com.ar\\\/pc-gamer\\\/#\\\/schema\\\/logo\\\/image\\\/\",\"url\":\"https:\\\/\\\/unitgames.com.ar\\\/pc-gamer\\\/wp-content\\\/uploads\\\/2021\\\/01\\\/cropped-logoUnitGames2.png\",\"contentUrl\":\"https:\\\/\\\/unitgames.com.ar\\\/pc-gamer\\\/wp-content\\\/uploads\\\/2021\\\/01\\\/cropped-logoUnitGames2.png\",\"width\":152,\"height\":200,\"caption\":\"UnitGames\"},\"image\":{\"@id\":\"https:\\\/\\\/unitgames.com.ar\\\/pc-gamer\\\/#\\\/schema\\\/logo\\\/image\\\/\"}}]}<\/script>\n<!-- \/ Yoast SEO plugin. -->","yoast_head_json":{"title":"Teclado Mecanico REDRAGON Kumara RGB Switch Red Negro - UnitGames","robots":{"index":"index","follow":"follow","max-snippet":"max-snippet:-1","max-image-preview":"max-image-preview:large","max-video-preview":"max-video-preview:-1"},"canonical":"https:\/\/unitgames.com.ar\/pc-gamer\/producto\/teclado-mecanico-redragon-kumara-k552-switch-red-rgb-white\/","og_locale":"es_ES","og_type":"article","og_title":"Teclado Mecanico REDRAGON Kumara RGB Switch Red Negro - UnitGames","og_description":"Descripci\u00f3n La gran calidad del Redragon Kumara K552, y su precio econ\u00f3mico lo vuelven un atractivo ideal para que te diviertas frente a la pantalla. Su ergonom\u00eda, su base antidelizante y su r\u00e1pido tiempo de respuesta permite que tus juegos favoritos se sientan m\u00e1s cerca que nunca, al alcance de tus manos. Un teclado completo, con iluminaci\u00f3n personalizable y la construcci\u00f3n perfecta para todos tus juegos. Tipo Teclado:\u00a0Mec\u00e1nicos Tipo Switch:\u00a0Outemu Blue, Lineal click audible , fuerza de actuaci\u00f3n 50gr Teclas Multimedia:\u00a0Si, a tr\u00e1ves de tecla FN Teclas Macro Dedicadas:\u00a0No Bloqueo Tecla Windows:\u00a0Si Tama\u00f1o teclado:\u00a0Tenkeyless (sin pad n\u00famerico) Reposa Mu\u00f1ecas:\u00a0No Retroiluminado:\u00a0Si, RGB Chroma Cable:\u00a0Goma, reforzado. Soporta 12kg y 10000 flexiones. USB enchapado en oro y filtro anti interferencias Matriz:\u00a0100% Anti-Ghosting con Full Key Rollover Construcci\u00f3n:\u00a0Pl\u00e1stico ABS reforzado y placa de acero Anti salpicaduras:\u00a0Si Distribuci\u00f3n:\u00a0Espa\u00f1ol Latinoamerica","og_url":"https:\/\/unitgames.com.ar\/pc-gamer\/producto\/teclado-mecanico-redragon-kumara-k552-switch-red-rgb-white\/","og_site_name":"UnitGames","article_modified_time":"2026-05-01T12:51:55+00:00","og_image":[{"width":1283,"height":1283,"url":"https:\/\/unitgames.com.ar\/pc-gamer\/wp-content\/uploads\/2021\/12\/Teclado-Mecanico-REDRAGON-Kumara-2-Rainbow-Switch-Red-Negro.png","type":"image\/png"}],"twitter_card":"summary_large_image","twitter_misc":{"Tiempo de lectura":"1 minuto"},"schema":{"@context":"https:\/\/schema.org","@graph":[{"@type":"WebPage","@id":"https:\/\/unitgames.com.ar\/pc-gamer\/producto\/teclado-mecanico-redragon-kumara-k552-switch-red-rgb-white\/","url":"https:\/\/unitgames.com.ar\/pc-gamer\/producto\/teclado-mecanico-redragon-kumara-k552-switch-red-rgb-white\/","name":"Teclado Mecanico REDRAGON Kumara RGB Switch Red Negro - UnitGames","isPartOf":{"@id":"https:\/\/unitgames.com.ar\/pc-gamer\/#website"},"primaryImageOfPage":{"@id":"https:\/\/unitgames.com.ar\/pc-gamer\/producto\/teclado-mecanico-redragon-kumara-k552-switch-red-rgb-white\/#primaryimage"},"image":{"@id":"https:\/\/unitgames.com.ar\/pc-gamer\/producto\/teclado-mecanico-redragon-kumara-k552-switch-red-rgb-white\/#primaryimage"},"thumbnailUrl":"https:\/\/unitgames.com.ar\/pc-gamer\/wp-content\/uploads\/2021\/12\/Teclado-Mecanico-REDRAGON-Kumara-2-Rainbow-Switch-Red-Negro.png","datePublished":"2021-03-12T13:36:32+00:00","dateModified":"2026-05-01T12:51:55+00:00","breadcrumb":{"@id":"https:\/\/unitgames.com.ar\/pc-gamer\/producto\/teclado-mecanico-redragon-kumara-k552-switch-red-rgb-white\/#breadcrumb"},"inLanguage":"es","potentialAction":[{"@type":"ReadAction","target":["https:\/\/unitgames.com.ar\/pc-gamer\/producto\/teclado-mecanico-redragon-kumara-k552-switch-red-rgb-white\/"]}]},{"@type":"ImageObject","inLanguage":"es","@id":"https:\/\/unitgames.com.ar\/pc-gamer\/producto\/teclado-mecanico-redragon-kumara-k552-switch-red-rgb-white\/#primaryimage","url":"https:\/\/unitgames.com.ar\/pc-gamer\/wp-content\/uploads\/2021\/12\/Teclado-Mecanico-REDRAGON-Kumara-2-Rainbow-Switch-Red-Negro.png","contentUrl":"https:\/\/unitgames.com.ar\/pc-gamer\/wp-content\/uploads\/2021\/12\/Teclado-Mecanico-REDRAGON-Kumara-2-Rainbow-Switch-Red-Negro.png","width":1283,"height":1283},{"@type":"BreadcrumbList","@id":"https:\/\/unitgames.com.ar\/pc-gamer\/producto\/teclado-mecanico-redragon-kumara-k552-switch-red-rgb-white\/#breadcrumb","itemListElement":[{"@type":"ListItem","position":1,"name":"Tienda","item":"https:\/\/unitgames.com.ar\/pc-gamer\/tienda\/"},{"@type":"ListItem","position":2,"name":"Teclado Mecanico REDRAGON Kumara RGB Switch Red Negro"}]},{"@type":"WebSite","@id":"https:\/\/unitgames.com.ar\/pc-gamer\/#website","url":"https:\/\/unitgames.com.ar\/pc-gamer\/","name":"UnitGames","description":"Venta de PC Gamers, Consolas , Servicio Tecnico Especializado. Todos en Accesorios Informaticos y Gamers","publisher":{"@id":"https:\/\/unitgames.com.ar\/pc-gamer\/#organization"},"potentialAction":[{"@type":"SearchAction","target":{"@type":"EntryPoint","urlTemplate":"https:\/\/unitgames.com.ar\/pc-gamer\/?s={search_term_string}"},"query-input":{"@type":"PropertyValueSpecification","valueRequired":true,"valueName":"search_term_string"}}],"inLanguage":"es"},{"@type":"Organization","@id":"https:\/\/unitgames.com.ar\/pc-gamer\/#organization","name":"UnitGames","url":"https:\/\/unitgames.com.ar\/pc-gamer\/","logo":{"@type":"ImageObject","inLanguage":"es","@id":"https:\/\/unitgames.com.ar\/pc-gamer\/#\/schema\/logo\/image\/","url":"https:\/\/unitgames.com.ar\/pc-gamer\/wp-content\/uploads\/2021\/01\/cropped-logoUnitGames2.png","contentUrl":"https:\/\/unitgames.com.ar\/pc-gamer\/wp-content\/uploads\/2021\/01\/cropped-logoUnitGames2.png","width":152,"height":200,"caption":"UnitGames"},"image":{"@id":"https:\/\/unitgames.com.ar\/pc-gamer\/#\/schema\/logo\/image\/"}}]}},"_links":{"self":[{"href":"https:\/\/unitgames.com.ar\/pc-gamer\/wp-json\/wp\/v2\/product\/4200","targetHints":{"allow":["GET"]}}],"collection":[{"href":"https:\/\/unitgames.com.ar\/pc-gamer\/wp-json\/wp\/v2\/product"}],"about":[{"href":"https:\/\/unitgames.com.ar\/pc-gamer\/wp-json\/wp\/v2\/types\/product"}],"version-history":[{"count":1,"href":"https:\/\/unitgames.com.ar\/pc-gamer\/wp-json\/wp\/v2\/product\/4200\/revisions"}],"predecessor-version":[{"id":21076,"href":"https:\/\/unitgames.com.ar\/pc-gamer\/wp-json\/wp\/v2\/product\/4200\/revisions\/21076"}],"wp:featuredmedia":[{"embeddable":true,"href":"https:\/\/unitgames.com.ar\/pc-gamer\/wp-json\/wp\/v2\/media\/9848"}],"wp:attachment":[{"href":"https:\/\/unitgames.com.ar\/pc-gamer\/wp-json\/wp\/v2\/media?parent=4200"}],"wp:term":[{"taxonomy":"product_brand","embeddable":true,"href":"https:\/\/unitgames.com.ar\/pc-gamer\/wp-json\/wp\/v2\/product_brand?post=4200"},{"taxonomy":"product_cat","embeddable":true,"href":"https:\/\/unitgames.com.ar\/pc-gamer\/wp-json\/wp\/v2\/product_cat?post=4200"},{"taxonomy":"product_tag","embeddable":true,"href":"https:\/\/unitgames.com.ar\/pc-gamer\/wp-json\/wp\/v2\/product_tag?post=4200"}],"curies":[{"name":"wp","href":"https:\/\/api.w.org\/{rel}","templated":true}]}}