{"id":4207,"date":"2021-03-12T14:05:59","date_gmt":"2021-03-12T14:05:59","guid":{"rendered":"https:\/\/unitgames.com.ar\/pc-gamers\/?post_type=product&#038;p=4207"},"modified":"2026-01-09T07:11:32","modified_gmt":"2026-01-09T10:11:32","slug":"auriuculares-redragon-themis2","status":"publish","type":"product","link":"https:\/\/unitgames.com.ar\/pc-gamer\/producto\/auriuculares-redragon-themis2\/","title":{"rendered":"Auriculares REDRAGON Themis 2 H220"},"content":{"rendered":"<ul>\n<li>Tipo de salida: Stereo.<\/li>\n<li>Tipo de copa: Circumaurales: Este tipo de auriculares se coloca rodeando completamente la oreja. Tacto suave y con aislamiento pasivo.<\/li>\n<li>Material Diadema: Pl\u00e1stica, recubierta de tela suave y duradera.<\/li>\n<li>Vibraci\u00f3n: No.<\/li>\n<li>Frecuencia de Respuesta: 20 \u2013 20k Hz.<\/li>\n<li>Impedancia: 16 Ohm.<\/li>\n<li>Di\u00e1metro del diafragma: 50 mm con imanes de neodimio.<\/li>\n<li>Sensibilidad: 117 dB.<\/li>\n<li>Retroiluminaci\u00f3n: No.<\/li>\n<li>Tipo de cable: 2 m Engomado de alta resistencia.<\/li>\n<li>Conectores: Conectores 3.5 mm enchapados en oro para audio y micr\u00f3fono.<\/li>\n<li>Peso: 275 g.<\/li>\n<li>Software: No.<\/li>\n<\/ul>\n<p>MICR\u00d3FONO<\/p>\n<ul>\n<li>Impedancia: 2.2k Ohm.<\/li>\n<li>Sensibilidad: -38 dB+\/-2 dB.<\/li>\n<li>Tipo de micr\u00f3fono y captaci\u00f3n: Omnidireccional de brazo rebatible.<\/li>\n<li>Extras: Adaptador a Jack 4 v\u00edas.<\/li>\n<\/ul>\n","protected":false},"excerpt":{"rendered":"<p>Tipo de salida: Stereo. Tipo de copa: Circumaurales: Este tipo de auriculares se coloca rodeando completamente la oreja. Tacto suave y con aislamiento pasivo. Material Diadema: Pl\u00e1stica, recubierta de tela suave y duradera. Vibraci\u00f3n: No. Frecuencia de Respuesta: 20 \u2013 20k Hz. Impedancia: 16 Ohm. Di\u00e1metro del diafragma: 50 mm con imanes de neodimio. Sensibilidad: 117 dB. Retroiluminaci\u00f3n: No. Tipo de cable: 2 m Engomado de alta resistencia. Conectores: Conectores 3.5 mm enchapados en oro para audio y micr\u00f3fono. Peso: 275 g. Software: No. MICR\u00d3FONO Impedancia: 2.2k Ohm. Sensibilidad: -38 dB+\/-2 dB. Tipo de micr\u00f3fono y captaci\u00f3n: Omnidireccional de brazo rebatible. Extras: Adaptador a Jack 4 v\u00edas.<\/p>\n","protected":false},"featured_media":4212,"template":"","meta":{"site-sidebar-layout":"default","site-content-layout":"","ast-site-content-layout":"default","site-content-style":"default","site-sidebar-style":"default","ast-global-header-display":"","ast-banner-title-visibility":"","ast-main-header-display":"","ast-hfb-above-header-display":"","ast-hfb-below-header-display":"","ast-hfb-mobile-header-display":"","site-post-title":"","ast-breadcrumbs-content":"","ast-featured-img":"","footer-sml-layout":"","theme-transparent-header-meta":"","adv-header-id-meta":"","stick-header-meta":"","header-above-stick-meta":"","header-main-stick-meta":"","header-below-stick-meta":"","astra-migrate-meta-layouts":"default","ast-page-background-enabled":"default","ast-page-background-meta":{"desktop":{"background-color":"var(--ast-global-color-5)","background-image":"","background-repeat":"repeat","background-position":"center center","background-size":"auto","background-attachment":"scroll","background-type":"","background-media":"","overlay-type":"","overlay-color":"","overlay-opacity":"","overlay-gradient":""},"tablet":{"background-color":"","background-image":"","background-repeat":"repeat","background-position":"center center","background-size":"auto","background-attachment":"scroll","background-type":"","background-media":"","overlay-type":"","overlay-color":"","overlay-opacity":"","overlay-gradient":""},"mobile":{"background-color":"","background-image":"","background-repeat":"repeat","background-position":"center center","background-size":"auto","background-attachment":"scroll","background-type":"","background-media":"","overlay-type":"","overlay-color":"","overlay-opacity":"","overlay-gradient":""}},"ast-content-background-meta":{"desktop":{"background-color":"var(--ast-global-color-4)","background-image":"","background-repeat":"repeat","background-position":"center center","background-size":"auto","background-attachment":"scroll","background-type":"","background-media":"","overlay-type":"","overlay-color":"","overlay-opacity":"","overlay-gradient":""},"tablet":{"background-color":"var(--ast-global-color-4)","background-image":"","background-repeat":"repeat","background-position":"center center","background-size":"auto","background-attachment":"scroll","background-type":"","background-media":"","overlay-type":"","overlay-color":"","overlay-opacity":"","overlay-gradient":""},"mobile":{"background-color":"var(--ast-global-color-4)","background-image":"","background-repeat":"repeat","background-position":"center center","background-size":"auto","background-attachment":"scroll","background-type":"","background-media":"","overlay-type":"","overlay-color":"","overlay-opacity":"","overlay-gradient":""}},"_joinchat":[]},"product_brand":[],"product_cat":[81],"product_tag":[],"class_list":{"0":"post-4207","1":"product","2":"type-product","3":"status-publish","4":"has-post-thumbnail","6":"product_cat-auriculares-pc-play-y-xbox","7":"desktop-align-center","8":"tablet-align-left","9":"mobile-align-left","11":"first","12":"outofstock","13":"shipping-taxable","14":"purchasable","15":"product-type-simple"},"yoast_head":"<!-- This site is optimized with the Yoast SEO plugin v27.3 - https:\/\/yoast.com\/product\/yoast-seo-wordpress\/ -->\n<title>Auriculares REDRAGON Themis 2 H220 - UnitGames<\/title>\n<meta name=\"robots\" content=\"index, follow, max-snippet:-1, max-image-preview:large, max-video-preview:-1\" \/>\n<link rel=\"canonical\" href=\"https:\/\/unitgames.com.ar\/pc-gamer\/producto\/auriuculares-redragon-themis2\/\" \/>\n<meta property=\"og:locale\" content=\"es_ES\" \/>\n<meta property=\"og:type\" content=\"article\" \/>\n<meta property=\"og:title\" content=\"Auriculares REDRAGON Themis 2 H220 - UnitGames\" \/>\n<meta property=\"og:description\" content=\"Tipo de salida: Stereo. Tipo de copa: Circumaurales: Este tipo de auriculares se coloca rodeando completamente la oreja. Tacto suave y con aislamiento pasivo. Material Diadema: Pl\u00e1stica, recubierta de tela suave y duradera. Vibraci\u00f3n: No. Frecuencia de Respuesta: 20 \u2013 20k Hz. Impedancia: 16 Ohm. Di\u00e1metro del diafragma: 50 mm con imanes de neodimio. Sensibilidad: 117 dB. Retroiluminaci\u00f3n: No. Tipo de cable: 2 m Engomado de alta resistencia. Conectores: Conectores 3.5 mm enchapados en oro para audio y micr\u00f3fono. Peso: 275 g. Software: No. MICR\u00d3FONO Impedancia: 2.2k Ohm. Sensibilidad: -38 dB+\/-2 dB. Tipo de micr\u00f3fono y captaci\u00f3n: Omnidireccional de brazo rebatible. Extras: Adaptador a Jack 4 v\u00edas.\" \/>\n<meta property=\"og:url\" content=\"https:\/\/unitgames.com.ar\/pc-gamer\/producto\/auriuculares-redragon-themis2\/\" \/>\n<meta property=\"og:site_name\" content=\"UnitGames\" \/>\n<meta property=\"article:modified_time\" content=\"2026-01-09T10:11:32+00:00\" \/>\n<meta property=\"og:image\" content=\"https:\/\/unitgames.com.ar\/pc-gamer\/wp-content\/uploads\/2021\/03\/H220-1_headset_450x450.png\" \/>\n\t<meta property=\"og:image:width\" content=\"450\" \/>\n\t<meta property=\"og:image:height\" content=\"450\" \/>\n\t<meta property=\"og:image:type\" content=\"image\/png\" \/>\n<meta name=\"twitter:card\" content=\"summary_large_image\" \/>\n<meta name=\"twitter:label1\" content=\"Tiempo de lectura\" \/>\n\t<meta name=\"twitter:data1\" content=\"1 minuto\" \/>\n<script type=\"application\/ld+json\" class=\"yoast-schema-graph\">{\"@context\":\"https:\\\/\\\/schema.org\",\"@graph\":[{\"@type\":\"WebPage\",\"@id\":\"https:\\\/\\\/unitgames.com.ar\\\/pc-gamer\\\/producto\\\/auriuculares-redragon-themis2\\\/\",\"url\":\"https:\\\/\\\/unitgames.com.ar\\\/pc-gamer\\\/producto\\\/auriuculares-redragon-themis2\\\/\",\"name\":\"Auriculares REDRAGON Themis 2 H220 - UnitGames\",\"isPartOf\":{\"@id\":\"https:\\\/\\\/unitgames.com.ar\\\/pc-gamer\\\/#website\"},\"primaryImageOfPage\":{\"@id\":\"https:\\\/\\\/unitgames.com.ar\\\/pc-gamer\\\/producto\\\/auriuculares-redragon-themis2\\\/#primaryimage\"},\"image\":{\"@id\":\"https:\\\/\\\/unitgames.com.ar\\\/pc-gamer\\\/producto\\\/auriuculares-redragon-themis2\\\/#primaryimage\"},\"thumbnailUrl\":\"https:\\\/\\\/unitgames.com.ar\\\/pc-gamer\\\/wp-content\\\/uploads\\\/2021\\\/03\\\/H220-1_headset_450x450.png\",\"datePublished\":\"2021-03-12T14:05:59+00:00\",\"dateModified\":\"2026-01-09T10:11:32+00:00\",\"breadcrumb\":{\"@id\":\"https:\\\/\\\/unitgames.com.ar\\\/pc-gamer\\\/producto\\\/auriuculares-redragon-themis2\\\/#breadcrumb\"},\"inLanguage\":\"es\",\"potentialAction\":[{\"@type\":\"ReadAction\",\"target\":[\"https:\\\/\\\/unitgames.com.ar\\\/pc-gamer\\\/producto\\\/auriuculares-redragon-themis2\\\/\"]}]},{\"@type\":\"ImageObject\",\"inLanguage\":\"es\",\"@id\":\"https:\\\/\\\/unitgames.com.ar\\\/pc-gamer\\\/producto\\\/auriuculares-redragon-themis2\\\/#primaryimage\",\"url\":\"https:\\\/\\\/unitgames.com.ar\\\/pc-gamer\\\/wp-content\\\/uploads\\\/2021\\\/03\\\/H220-1_headset_450x450.png\",\"contentUrl\":\"https:\\\/\\\/unitgames.com.ar\\\/pc-gamer\\\/wp-content\\\/uploads\\\/2021\\\/03\\\/H220-1_headset_450x450.png\",\"width\":450,\"height\":450},{\"@type\":\"BreadcrumbList\",\"@id\":\"https:\\\/\\\/unitgames.com.ar\\\/pc-gamer\\\/producto\\\/auriuculares-redragon-themis2\\\/#breadcrumb\",\"itemListElement\":[{\"@type\":\"ListItem\",\"position\":1,\"name\":\"Tienda\",\"item\":\"https:\\\/\\\/unitgames.com.ar\\\/pc-gamer\\\/tienda\\\/\"},{\"@type\":\"ListItem\",\"position\":2,\"name\":\"Auriculares REDRAGON Themis 2 H220\"}]},{\"@type\":\"WebSite\",\"@id\":\"https:\\\/\\\/unitgames.com.ar\\\/pc-gamer\\\/#website\",\"url\":\"https:\\\/\\\/unitgames.com.ar\\\/pc-gamer\\\/\",\"name\":\"UnitGames\",\"description\":\"Venta de PC Gamers, Consolas , Servicio Tecnico Especializado. Todos en Accesorios Informaticos y Gamers\",\"publisher\":{\"@id\":\"https:\\\/\\\/unitgames.com.ar\\\/pc-gamer\\\/#organization\"},\"potentialAction\":[{\"@type\":\"SearchAction\",\"target\":{\"@type\":\"EntryPoint\",\"urlTemplate\":\"https:\\\/\\\/unitgames.com.ar\\\/pc-gamer\\\/?s={search_term_string}\"},\"query-input\":{\"@type\":\"PropertyValueSpecification\",\"valueRequired\":true,\"valueName\":\"search_term_string\"}}],\"inLanguage\":\"es\"},{\"@type\":\"Organization\",\"@id\":\"https:\\\/\\\/unitgames.com.ar\\\/pc-gamer\\\/#organization\",\"name\":\"UnitGames\",\"url\":\"https:\\\/\\\/unitgames.com.ar\\\/pc-gamer\\\/\",\"logo\":{\"@type\":\"ImageObject\",\"inLanguage\":\"es\",\"@id\":\"https:\\\/\\\/unitgames.com.ar\\\/pc-gamer\\\/#\\\/schema\\\/logo\\\/image\\\/\",\"url\":\"https:\\\/\\\/unitgames.com.ar\\\/pc-gamer\\\/wp-content\\\/uploads\\\/2021\\\/01\\\/cropped-logoUnitGames2.png\",\"contentUrl\":\"https:\\\/\\\/unitgames.com.ar\\\/pc-gamer\\\/wp-content\\\/uploads\\\/2021\\\/01\\\/cropped-logoUnitGames2.png\",\"width\":152,\"height\":200,\"caption\":\"UnitGames\"},\"image\":{\"@id\":\"https:\\\/\\\/unitgames.com.ar\\\/pc-gamer\\\/#\\\/schema\\\/logo\\\/image\\\/\"}}]}<\/script>\n<!-- \/ Yoast SEO plugin. -->","yoast_head_json":{"title":"Auriculares REDRAGON Themis 2 H220 - UnitGames","robots":{"index":"index","follow":"follow","max-snippet":"max-snippet:-1","max-image-preview":"max-image-preview:large","max-video-preview":"max-video-preview:-1"},"canonical":"https:\/\/unitgames.com.ar\/pc-gamer\/producto\/auriuculares-redragon-themis2\/","og_locale":"es_ES","og_type":"article","og_title":"Auriculares REDRAGON Themis 2 H220 - UnitGames","og_description":"Tipo de salida: Stereo. Tipo de copa: Circumaurales: Este tipo de auriculares se coloca rodeando completamente la oreja. Tacto suave y con aislamiento pasivo. Material Diadema: Pl\u00e1stica, recubierta de tela suave y duradera. Vibraci\u00f3n: No. Frecuencia de Respuesta: 20 \u2013 20k Hz. Impedancia: 16 Ohm. Di\u00e1metro del diafragma: 50 mm con imanes de neodimio. Sensibilidad: 117 dB. Retroiluminaci\u00f3n: No. Tipo de cable: 2 m Engomado de alta resistencia. Conectores: Conectores 3.5 mm enchapados en oro para audio y micr\u00f3fono. Peso: 275 g. Software: No. MICR\u00d3FONO Impedancia: 2.2k Ohm. Sensibilidad: -38 dB+\/-2 dB. Tipo de micr\u00f3fono y captaci\u00f3n: Omnidireccional de brazo rebatible. Extras: Adaptador a Jack 4 v\u00edas.","og_url":"https:\/\/unitgames.com.ar\/pc-gamer\/producto\/auriuculares-redragon-themis2\/","og_site_name":"UnitGames","article_modified_time":"2026-01-09T10:11:32+00:00","og_image":[{"width":450,"height":450,"url":"https:\/\/unitgames.com.ar\/pc-gamer\/wp-content\/uploads\/2021\/03\/H220-1_headset_450x450.png","type":"image\/png"}],"twitter_card":"summary_large_image","twitter_misc":{"Tiempo de lectura":"1 minuto"},"schema":{"@context":"https:\/\/schema.org","@graph":[{"@type":"WebPage","@id":"https:\/\/unitgames.com.ar\/pc-gamer\/producto\/auriuculares-redragon-themis2\/","url":"https:\/\/unitgames.com.ar\/pc-gamer\/producto\/auriuculares-redragon-themis2\/","name":"Auriculares REDRAGON Themis 2 H220 - UnitGames","isPartOf":{"@id":"https:\/\/unitgames.com.ar\/pc-gamer\/#website"},"primaryImageOfPage":{"@id":"https:\/\/unitgames.com.ar\/pc-gamer\/producto\/auriuculares-redragon-themis2\/#primaryimage"},"image":{"@id":"https:\/\/unitgames.com.ar\/pc-gamer\/producto\/auriuculares-redragon-themis2\/#primaryimage"},"thumbnailUrl":"https:\/\/unitgames.com.ar\/pc-gamer\/wp-content\/uploads\/2021\/03\/H220-1_headset_450x450.png","datePublished":"2021-03-12T14:05:59+00:00","dateModified":"2026-01-09T10:11:32+00:00","breadcrumb":{"@id":"https:\/\/unitgames.com.ar\/pc-gamer\/producto\/auriuculares-redragon-themis2\/#breadcrumb"},"inLanguage":"es","potentialAction":[{"@type":"ReadAction","target":["https:\/\/unitgames.com.ar\/pc-gamer\/producto\/auriuculares-redragon-themis2\/"]}]},{"@type":"ImageObject","inLanguage":"es","@id":"https:\/\/unitgames.com.ar\/pc-gamer\/producto\/auriuculares-redragon-themis2\/#primaryimage","url":"https:\/\/unitgames.com.ar\/pc-gamer\/wp-content\/uploads\/2021\/03\/H220-1_headset_450x450.png","contentUrl":"https:\/\/unitgames.com.ar\/pc-gamer\/wp-content\/uploads\/2021\/03\/H220-1_headset_450x450.png","width":450,"height":450},{"@type":"BreadcrumbList","@id":"https:\/\/unitgames.com.ar\/pc-gamer\/producto\/auriuculares-redragon-themis2\/#breadcrumb","itemListElement":[{"@type":"ListItem","position":1,"name":"Tienda","item":"https:\/\/unitgames.com.ar\/pc-gamer\/tienda\/"},{"@type":"ListItem","position":2,"name":"Auriculares REDRAGON Themis 2 H220"}]},{"@type":"WebSite","@id":"https:\/\/unitgames.com.ar\/pc-gamer\/#website","url":"https:\/\/unitgames.com.ar\/pc-gamer\/","name":"UnitGames","description":"Venta de PC Gamers, Consolas , Servicio Tecnico Especializado. Todos en Accesorios Informaticos y Gamers","publisher":{"@id":"https:\/\/unitgames.com.ar\/pc-gamer\/#organization"},"potentialAction":[{"@type":"SearchAction","target":{"@type":"EntryPoint","urlTemplate":"https:\/\/unitgames.com.ar\/pc-gamer\/?s={search_term_string}"},"query-input":{"@type":"PropertyValueSpecification","valueRequired":true,"valueName":"search_term_string"}}],"inLanguage":"es"},{"@type":"Organization","@id":"https:\/\/unitgames.com.ar\/pc-gamer\/#organization","name":"UnitGames","url":"https:\/\/unitgames.com.ar\/pc-gamer\/","logo":{"@type":"ImageObject","inLanguage":"es","@id":"https:\/\/unitgames.com.ar\/pc-gamer\/#\/schema\/logo\/image\/","url":"https:\/\/unitgames.com.ar\/pc-gamer\/wp-content\/uploads\/2021\/01\/cropped-logoUnitGames2.png","contentUrl":"https:\/\/unitgames.com.ar\/pc-gamer\/wp-content\/uploads\/2021\/01\/cropped-logoUnitGames2.png","width":152,"height":200,"caption":"UnitGames"},"image":{"@id":"https:\/\/unitgames.com.ar\/pc-gamer\/#\/schema\/logo\/image\/"}}]}},"_links":{"self":[{"href":"https:\/\/unitgames.com.ar\/pc-gamer\/wp-json\/wp\/v2\/product\/4207","targetHints":{"allow":["GET"]}}],"collection":[{"href":"https:\/\/unitgames.com.ar\/pc-gamer\/wp-json\/wp\/v2\/product"}],"about":[{"href":"https:\/\/unitgames.com.ar\/pc-gamer\/wp-json\/wp\/v2\/types\/product"}],"version-history":[{"count":0,"href":"https:\/\/unitgames.com.ar\/pc-gamer\/wp-json\/wp\/v2\/product\/4207\/revisions"}],"wp:featuredmedia":[{"embeddable":true,"href":"https:\/\/unitgames.com.ar\/pc-gamer\/wp-json\/wp\/v2\/media\/4212"}],"wp:attachment":[{"href":"https:\/\/unitgames.com.ar\/pc-gamer\/wp-json\/wp\/v2\/media?parent=4207"}],"wp:term":[{"taxonomy":"product_brand","embeddable":true,"href":"https:\/\/unitgames.com.ar\/pc-gamer\/wp-json\/wp\/v2\/product_brand?post=4207"},{"taxonomy":"product_cat","embeddable":true,"href":"https:\/\/unitgames.com.ar\/pc-gamer\/wp-json\/wp\/v2\/product_cat?post=4207"},{"taxonomy":"product_tag","embeddable":true,"href":"https:\/\/unitgames.com.ar\/pc-gamer\/wp-json\/wp\/v2\/product_tag?post=4207"}],"curies":[{"name":"wp","href":"https:\/\/api.w.org\/{rel}","templated":true}]}}