{"id":4432,"date":"2021-04-10T15:08:19","date_gmt":"2021-04-10T15:08:19","guid":{"rendered":"https:\/\/unitgames.com.ar\/pc-gamers\/?post_type=product&#038;p=4432"},"modified":"2026-01-09T07:11:25","modified_gmt":"2026-01-09T10:11:25","slug":"teclado-mouse-logitech-mk235","status":"publish","type":"product","link":"https:\/\/unitgames.com.ar\/pc-gamer\/producto\/teclado-mouse-logitech-mk235\/","title":{"rendered":"Teclado + Mouse LOGITECH MK235"},"content":{"rendered":"<p>\u2022 Es el momento de la tecnolog\u00eda inal\u00e1mbrica.<br \/>\n\u2022 Mouse y teclado inal\u00e1mbricos Logitech\u00ae MK235.<br \/>\n\u2022 Una sencilla combinaci\u00f3n de teclado y mouse Plug and Play con una conexi\u00f3n inal\u00e1mbrica fiable hasta a 10 metros (33 pies) de distancia, que comparten un \u00fanico receptor USB (cifrado AES de 128 bits entre dispositivos y receptor).<br \/>\n\u2022 No hay l\u00edos de emparejamiento ni de instalaci\u00f3n de software.<br \/>\n\u2022 Escribe c\u00f3modamente en un teclado con distribuci\u00f3n habitual con teclas de direcci\u00f3n y teclado num\u00e9rico de tama\u00f1o normal y f\u00e1cil acceso a 15 teclas de acceso directo.<br \/>\n\u2022 Disfruta de duraci\u00f3n de pilas Prolongada: 36 meses para el teclado y 12 meses para el rat\u00f3n.<br \/>\n\u2022 Con su construcci\u00f3n duradera, dise\u00f1o a prueba de derrame de l\u00edquidos, tratamiento antidesgaste en cada tecla y robustas patas inclinables, MK235 est\u00e1 pensado para durar.<\/p>\n","protected":false},"excerpt":{"rendered":"<p>\u2022 Es el momento de la tecnolog\u00eda inal\u00e1mbrica. \u2022 Mouse y teclado inal\u00e1mbricos Logitech\u00ae MK235. \u2022 Una sencilla combinaci\u00f3n de teclado y mouse Plug and Play con una conexi\u00f3n inal\u00e1mbrica fiable hasta a 10 metros (33 pies) de distancia, que comparten un \u00fanico receptor USB (cifrado AES de 128 bits entre dispositivos y receptor). \u2022 No hay l\u00edos de emparejamiento ni de instalaci\u00f3n de software. \u2022 Escribe c\u00f3modamente en un teclado con distribuci\u00f3n habitual con teclas de direcci\u00f3n y teclado num\u00e9rico de tama\u00f1o normal y f\u00e1cil acceso a 15 teclas de acceso directo. \u2022 Disfruta de duraci\u00f3n de pilas Prolongada: 36 meses para el teclado y 12 meses para el rat\u00f3n. \u2022 Con su construcci\u00f3n duradera, dise\u00f1o a prueba de derrame de l\u00edquidos, tratamiento antidesgaste en cada tecla y robustas patas inclinables, MK235 est\u00e1 pensado para durar.<\/p>\n","protected":false},"featured_media":4526,"template":"","meta":{"site-sidebar-layout":"default","site-content-layout":"","ast-site-content-layout":"default","site-content-style":"default","site-sidebar-style":"default","ast-global-header-display":"","ast-banner-title-visibility":"","ast-main-header-display":"","ast-hfb-above-header-display":"","ast-hfb-below-header-display":"","ast-hfb-mobile-header-display":"","site-post-title":"","ast-breadcrumbs-content":"","ast-featured-img":"","footer-sml-layout":"","theme-transparent-header-meta":"","adv-header-id-meta":"","stick-header-meta":"","header-above-stick-meta":"","header-main-stick-meta":"","header-below-stick-meta":"","astra-migrate-meta-layouts":"default","ast-page-background-enabled":"default","ast-page-background-meta":{"desktop":{"background-color":"var(--ast-global-color-5)","background-image":"","background-repeat":"repeat","background-position":"center center","background-size":"auto","background-attachment":"scroll","background-type":"","background-media":"","overlay-type":"","overlay-color":"","overlay-opacity":"","overlay-gradient":""},"tablet":{"background-color":"","background-image":"","background-repeat":"repeat","background-position":"center center","background-size":"auto","background-attachment":"scroll","background-type":"","background-media":"","overlay-type":"","overlay-color":"","overlay-opacity":"","overlay-gradient":""},"mobile":{"background-color":"","background-image":"","background-repeat":"repeat","background-position":"center center","background-size":"auto","background-attachment":"scroll","background-type":"","background-media":"","overlay-type":"","overlay-color":"","overlay-opacity":"","overlay-gradient":""}},"ast-content-background-meta":{"desktop":{"background-color":"var(--ast-global-color-4)","background-image":"","background-repeat":"repeat","background-position":"center center","background-size":"auto","background-attachment":"scroll","background-type":"","background-media":"","overlay-type":"","overlay-color":"","overlay-opacity":"","overlay-gradient":""},"tablet":{"background-color":"var(--ast-global-color-4)","background-image":"","background-repeat":"repeat","background-position":"center center","background-size":"auto","background-attachment":"scroll","background-type":"","background-media":"","overlay-type":"","overlay-color":"","overlay-opacity":"","overlay-gradient":""},"mobile":{"background-color":"var(--ast-global-color-4)","background-image":"","background-repeat":"repeat","background-position":"center center","background-size":"auto","background-attachment":"scroll","background-type":"","background-media":"","overlay-type":"","overlay-color":"","overlay-opacity":"","overlay-gradient":""}},"_joinchat":[]},"product_brand":[],"product_cat":[91],"product_tag":[],"class_list":{"0":"post-4432","1":"product","2":"type-product","3":"status-publish","4":"has-post-thumbnail","6":"product_cat-teclados-inalambricos","7":"desktop-align-center","8":"tablet-align-left","9":"mobile-align-left","11":"first","12":"instock","13":"shipping-taxable","14":"purchasable","15":"product-type-simple"},"yoast_head":"<!-- This site is optimized with the Yoast SEO plugin v27.5 - https:\/\/yoast.com\/product\/yoast-seo-wordpress\/ -->\n<title>Teclado + Mouse LOGITECH MK235 - UnitGames<\/title>\n<meta name=\"robots\" content=\"index, follow, max-snippet:-1, max-image-preview:large, max-video-preview:-1\" \/>\n<link rel=\"canonical\" href=\"https:\/\/unitgames.com.ar\/pc-gamer\/producto\/teclado-mouse-logitech-mk235\/\" \/>\n<meta property=\"og:locale\" content=\"es_ES\" \/>\n<meta property=\"og:type\" content=\"article\" \/>\n<meta property=\"og:title\" content=\"Teclado + Mouse LOGITECH MK235 - UnitGames\" \/>\n<meta property=\"og:description\" content=\"\u2022 Es el momento de la tecnolog\u00eda inal\u00e1mbrica. \u2022 Mouse y teclado inal\u00e1mbricos Logitech\u00ae MK235. \u2022 Una sencilla combinaci\u00f3n de teclado y mouse Plug and Play con una conexi\u00f3n inal\u00e1mbrica fiable hasta a 10 metros (33 pies) de distancia, que comparten un \u00fanico receptor USB (cifrado AES de 128 bits entre dispositivos y receptor). \u2022 No hay l\u00edos de emparejamiento ni de instalaci\u00f3n de software. \u2022 Escribe c\u00f3modamente en un teclado con distribuci\u00f3n habitual con teclas de direcci\u00f3n y teclado num\u00e9rico de tama\u00f1o normal y f\u00e1cil acceso a 15 teclas de acceso directo. \u2022 Disfruta de duraci\u00f3n de pilas Prolongada: 36 meses para el teclado y 12 meses para el rat\u00f3n. \u2022 Con su construcci\u00f3n duradera, dise\u00f1o a prueba de derrame de l\u00edquidos, tratamiento antidesgaste en cada tecla y robustas patas inclinables, MK235 est\u00e1 pensado para durar.\" \/>\n<meta property=\"og:url\" content=\"https:\/\/unitgames.com.ar\/pc-gamer\/producto\/teclado-mouse-logitech-mk235\/\" \/>\n<meta property=\"og:site_name\" content=\"UnitGames\" \/>\n<meta property=\"article:modified_time\" content=\"2026-01-09T10:11:25+00:00\" \/>\n<meta property=\"og:image\" content=\"https:\/\/unitgames.com.ar\/pc-gamer\/wp-content\/uploads\/2021\/04\/Teclado-Mouse-LOGITECH-MK235.png\" \/>\n\t<meta property=\"og:image:width\" content=\"2571\" \/>\n\t<meta property=\"og:image:height\" content=\"2571\" \/>\n\t<meta property=\"og:image:type\" content=\"image\/png\" \/>\n<meta name=\"twitter:card\" content=\"summary_large_image\" \/>\n<meta name=\"twitter:label1\" content=\"Tiempo de lectura\" \/>\n\t<meta name=\"twitter:data1\" content=\"1 minuto\" \/>\n<script type=\"application\/ld+json\" class=\"yoast-schema-graph\">{\"@context\":\"https:\\\/\\\/schema.org\",\"@graph\":[{\"@type\":\"WebPage\",\"@id\":\"https:\\\/\\\/unitgames.com.ar\\\/pc-gamer\\\/producto\\\/teclado-mouse-logitech-mk235\\\/\",\"url\":\"https:\\\/\\\/unitgames.com.ar\\\/pc-gamer\\\/producto\\\/teclado-mouse-logitech-mk235\\\/\",\"name\":\"Teclado + Mouse LOGITECH MK235 - UnitGames\",\"isPartOf\":{\"@id\":\"https:\\\/\\\/unitgames.com.ar\\\/pc-gamer\\\/#website\"},\"primaryImageOfPage\":{\"@id\":\"https:\\\/\\\/unitgames.com.ar\\\/pc-gamer\\\/producto\\\/teclado-mouse-logitech-mk235\\\/#primaryimage\"},\"image\":{\"@id\":\"https:\\\/\\\/unitgames.com.ar\\\/pc-gamer\\\/producto\\\/teclado-mouse-logitech-mk235\\\/#primaryimage\"},\"thumbnailUrl\":\"https:\\\/\\\/unitgames.com.ar\\\/pc-gamer\\\/wp-content\\\/uploads\\\/2021\\\/04\\\/Teclado-Mouse-LOGITECH-MK235.png\",\"datePublished\":\"2021-04-10T15:08:19+00:00\",\"dateModified\":\"2026-01-09T10:11:25+00:00\",\"breadcrumb\":{\"@id\":\"https:\\\/\\\/unitgames.com.ar\\\/pc-gamer\\\/producto\\\/teclado-mouse-logitech-mk235\\\/#breadcrumb\"},\"inLanguage\":\"es\",\"potentialAction\":[{\"@type\":\"ReadAction\",\"target\":[\"https:\\\/\\\/unitgames.com.ar\\\/pc-gamer\\\/producto\\\/teclado-mouse-logitech-mk235\\\/\"]}]},{\"@type\":\"ImageObject\",\"inLanguage\":\"es\",\"@id\":\"https:\\\/\\\/unitgames.com.ar\\\/pc-gamer\\\/producto\\\/teclado-mouse-logitech-mk235\\\/#primaryimage\",\"url\":\"https:\\\/\\\/unitgames.com.ar\\\/pc-gamer\\\/wp-content\\\/uploads\\\/2021\\\/04\\\/Teclado-Mouse-LOGITECH-MK235.png\",\"contentUrl\":\"https:\\\/\\\/unitgames.com.ar\\\/pc-gamer\\\/wp-content\\\/uploads\\\/2021\\\/04\\\/Teclado-Mouse-LOGITECH-MK235.png\",\"width\":2571,\"height\":2571},{\"@type\":\"BreadcrumbList\",\"@id\":\"https:\\\/\\\/unitgames.com.ar\\\/pc-gamer\\\/producto\\\/teclado-mouse-logitech-mk235\\\/#breadcrumb\",\"itemListElement\":[{\"@type\":\"ListItem\",\"position\":1,\"name\":\"Tienda\",\"item\":\"https:\\\/\\\/unitgames.com.ar\\\/pc-gamer\\\/tienda\\\/\"},{\"@type\":\"ListItem\",\"position\":2,\"name\":\"Teclado + Mouse LOGITECH MK235\"}]},{\"@type\":\"WebSite\",\"@id\":\"https:\\\/\\\/unitgames.com.ar\\\/pc-gamer\\\/#website\",\"url\":\"https:\\\/\\\/unitgames.com.ar\\\/pc-gamer\\\/\",\"name\":\"UnitGames\",\"description\":\"Venta de PC Gamers, Consolas , Servicio Tecnico Especializado. Todos en Accesorios Informaticos y Gamers\",\"publisher\":{\"@id\":\"https:\\\/\\\/unitgames.com.ar\\\/pc-gamer\\\/#organization\"},\"potentialAction\":[{\"@type\":\"SearchAction\",\"target\":{\"@type\":\"EntryPoint\",\"urlTemplate\":\"https:\\\/\\\/unitgames.com.ar\\\/pc-gamer\\\/?s={search_term_string}\"},\"query-input\":{\"@type\":\"PropertyValueSpecification\",\"valueRequired\":true,\"valueName\":\"search_term_string\"}}],\"inLanguage\":\"es\"},{\"@type\":\"Organization\",\"@id\":\"https:\\\/\\\/unitgames.com.ar\\\/pc-gamer\\\/#organization\",\"name\":\"UnitGames\",\"url\":\"https:\\\/\\\/unitgames.com.ar\\\/pc-gamer\\\/\",\"logo\":{\"@type\":\"ImageObject\",\"inLanguage\":\"es\",\"@id\":\"https:\\\/\\\/unitgames.com.ar\\\/pc-gamer\\\/#\\\/schema\\\/logo\\\/image\\\/\",\"url\":\"https:\\\/\\\/unitgames.com.ar\\\/pc-gamer\\\/wp-content\\\/uploads\\\/2021\\\/01\\\/cropped-logoUnitGames2.png\",\"contentUrl\":\"https:\\\/\\\/unitgames.com.ar\\\/pc-gamer\\\/wp-content\\\/uploads\\\/2021\\\/01\\\/cropped-logoUnitGames2.png\",\"width\":152,\"height\":200,\"caption\":\"UnitGames\"},\"image\":{\"@id\":\"https:\\\/\\\/unitgames.com.ar\\\/pc-gamer\\\/#\\\/schema\\\/logo\\\/image\\\/\"}}]}<\/script>\n<!-- \/ Yoast SEO plugin. -->","yoast_head_json":{"title":"Teclado + Mouse LOGITECH MK235 - UnitGames","robots":{"index":"index","follow":"follow","max-snippet":"max-snippet:-1","max-image-preview":"max-image-preview:large","max-video-preview":"max-video-preview:-1"},"canonical":"https:\/\/unitgames.com.ar\/pc-gamer\/producto\/teclado-mouse-logitech-mk235\/","og_locale":"es_ES","og_type":"article","og_title":"Teclado + Mouse LOGITECH MK235 - UnitGames","og_description":"\u2022 Es el momento de la tecnolog\u00eda inal\u00e1mbrica. \u2022 Mouse y teclado inal\u00e1mbricos Logitech\u00ae MK235. \u2022 Una sencilla combinaci\u00f3n de teclado y mouse Plug and Play con una conexi\u00f3n inal\u00e1mbrica fiable hasta a 10 metros (33 pies) de distancia, que comparten un \u00fanico receptor USB (cifrado AES de 128 bits entre dispositivos y receptor). \u2022 No hay l\u00edos de emparejamiento ni de instalaci\u00f3n de software. \u2022 Escribe c\u00f3modamente en un teclado con distribuci\u00f3n habitual con teclas de direcci\u00f3n y teclado num\u00e9rico de tama\u00f1o normal y f\u00e1cil acceso a 15 teclas de acceso directo. \u2022 Disfruta de duraci\u00f3n de pilas Prolongada: 36 meses para el teclado y 12 meses para el rat\u00f3n. \u2022 Con su construcci\u00f3n duradera, dise\u00f1o a prueba de derrame de l\u00edquidos, tratamiento antidesgaste en cada tecla y robustas patas inclinables, MK235 est\u00e1 pensado para durar.","og_url":"https:\/\/unitgames.com.ar\/pc-gamer\/producto\/teclado-mouse-logitech-mk235\/","og_site_name":"UnitGames","article_modified_time":"2026-01-09T10:11:25+00:00","og_image":[{"width":2571,"height":2571,"url":"https:\/\/unitgames.com.ar\/pc-gamer\/wp-content\/uploads\/2021\/04\/Teclado-Mouse-LOGITECH-MK235.png","type":"image\/png"}],"twitter_card":"summary_large_image","twitter_misc":{"Tiempo de lectura":"1 minuto"},"schema":{"@context":"https:\/\/schema.org","@graph":[{"@type":"WebPage","@id":"https:\/\/unitgames.com.ar\/pc-gamer\/producto\/teclado-mouse-logitech-mk235\/","url":"https:\/\/unitgames.com.ar\/pc-gamer\/producto\/teclado-mouse-logitech-mk235\/","name":"Teclado + Mouse LOGITECH MK235 - UnitGames","isPartOf":{"@id":"https:\/\/unitgames.com.ar\/pc-gamer\/#website"},"primaryImageOfPage":{"@id":"https:\/\/unitgames.com.ar\/pc-gamer\/producto\/teclado-mouse-logitech-mk235\/#primaryimage"},"image":{"@id":"https:\/\/unitgames.com.ar\/pc-gamer\/producto\/teclado-mouse-logitech-mk235\/#primaryimage"},"thumbnailUrl":"https:\/\/unitgames.com.ar\/pc-gamer\/wp-content\/uploads\/2021\/04\/Teclado-Mouse-LOGITECH-MK235.png","datePublished":"2021-04-10T15:08:19+00:00","dateModified":"2026-01-09T10:11:25+00:00","breadcrumb":{"@id":"https:\/\/unitgames.com.ar\/pc-gamer\/producto\/teclado-mouse-logitech-mk235\/#breadcrumb"},"inLanguage":"es","potentialAction":[{"@type":"ReadAction","target":["https:\/\/unitgames.com.ar\/pc-gamer\/producto\/teclado-mouse-logitech-mk235\/"]}]},{"@type":"ImageObject","inLanguage":"es","@id":"https:\/\/unitgames.com.ar\/pc-gamer\/producto\/teclado-mouse-logitech-mk235\/#primaryimage","url":"https:\/\/unitgames.com.ar\/pc-gamer\/wp-content\/uploads\/2021\/04\/Teclado-Mouse-LOGITECH-MK235.png","contentUrl":"https:\/\/unitgames.com.ar\/pc-gamer\/wp-content\/uploads\/2021\/04\/Teclado-Mouse-LOGITECH-MK235.png","width":2571,"height":2571},{"@type":"BreadcrumbList","@id":"https:\/\/unitgames.com.ar\/pc-gamer\/producto\/teclado-mouse-logitech-mk235\/#breadcrumb","itemListElement":[{"@type":"ListItem","position":1,"name":"Tienda","item":"https:\/\/unitgames.com.ar\/pc-gamer\/tienda\/"},{"@type":"ListItem","position":2,"name":"Teclado + Mouse LOGITECH MK235"}]},{"@type":"WebSite","@id":"https:\/\/unitgames.com.ar\/pc-gamer\/#website","url":"https:\/\/unitgames.com.ar\/pc-gamer\/","name":"UnitGames","description":"Venta de PC Gamers, Consolas , Servicio Tecnico Especializado. Todos en Accesorios Informaticos y Gamers","publisher":{"@id":"https:\/\/unitgames.com.ar\/pc-gamer\/#organization"},"potentialAction":[{"@type":"SearchAction","target":{"@type":"EntryPoint","urlTemplate":"https:\/\/unitgames.com.ar\/pc-gamer\/?s={search_term_string}"},"query-input":{"@type":"PropertyValueSpecification","valueRequired":true,"valueName":"search_term_string"}}],"inLanguage":"es"},{"@type":"Organization","@id":"https:\/\/unitgames.com.ar\/pc-gamer\/#organization","name":"UnitGames","url":"https:\/\/unitgames.com.ar\/pc-gamer\/","logo":{"@type":"ImageObject","inLanguage":"es","@id":"https:\/\/unitgames.com.ar\/pc-gamer\/#\/schema\/logo\/image\/","url":"https:\/\/unitgames.com.ar\/pc-gamer\/wp-content\/uploads\/2021\/01\/cropped-logoUnitGames2.png","contentUrl":"https:\/\/unitgames.com.ar\/pc-gamer\/wp-content\/uploads\/2021\/01\/cropped-logoUnitGames2.png","width":152,"height":200,"caption":"UnitGames"},"image":{"@id":"https:\/\/unitgames.com.ar\/pc-gamer\/#\/schema\/logo\/image\/"}}]}},"_links":{"self":[{"href":"https:\/\/unitgames.com.ar\/pc-gamer\/wp-json\/wp\/v2\/product\/4432","targetHints":{"allow":["GET"]}}],"collection":[{"href":"https:\/\/unitgames.com.ar\/pc-gamer\/wp-json\/wp\/v2\/product"}],"about":[{"href":"https:\/\/unitgames.com.ar\/pc-gamer\/wp-json\/wp\/v2\/types\/product"}],"version-history":[{"count":0,"href":"https:\/\/unitgames.com.ar\/pc-gamer\/wp-json\/wp\/v2\/product\/4432\/revisions"}],"wp:featuredmedia":[{"embeddable":true,"href":"https:\/\/unitgames.com.ar\/pc-gamer\/wp-json\/wp\/v2\/media\/4526"}],"wp:attachment":[{"href":"https:\/\/unitgames.com.ar\/pc-gamer\/wp-json\/wp\/v2\/media?parent=4432"}],"wp:term":[{"taxonomy":"product_brand","embeddable":true,"href":"https:\/\/unitgames.com.ar\/pc-gamer\/wp-json\/wp\/v2\/product_brand?post=4432"},{"taxonomy":"product_cat","embeddable":true,"href":"https:\/\/unitgames.com.ar\/pc-gamer\/wp-json\/wp\/v2\/product_cat?post=4432"},{"taxonomy":"product_tag","embeddable":true,"href":"https:\/\/unitgames.com.ar\/pc-gamer\/wp-json\/wp\/v2\/product_tag?post=4432"}],"curies":[{"name":"wp","href":"https:\/\/api.w.org\/{rel}","templated":true}]}}