{"id":4563,"date":"2021-04-19T14:18:19","date_gmt":"2021-04-19T14:18:19","guid":{"rendered":"https:\/\/unitgames.com.ar\/pc-gamers\/?post_type=product&#038;p=4563"},"modified":"2026-01-09T07:11:20","modified_gmt":"2026-01-09T10:11:20","slug":"auriculares-vsg-kuiper","status":"publish","type":"product","link":"https:\/\/unitgames.com.ar\/pc-gamer\/producto\/auriculares-vsg-kuiper\/","title":{"rendered":"Auriculares VSG Kuiper"},"content":{"rendered":"<p>Auriculares Gamer Vsg Kuiper<\/p>\n<p>Aud\u00edfono multiplataforma con conexi\u00f3n TRRS 3.5mm. Altavoces de 50mm, cable trenzado e iluminaci\u00f3n led verde. El filtro anti-pop y control de mute filtran y eliminan las energ\u00edas no deseadas provenientes de otras galaxias.<\/p>\n<p>BALANCE ORBITAL<br \/>\nSu propio sistema de materiales y piezas armonizan en el interior de su construcci\u00f3n, que en conjunto al rango de frecuencia de 20Hz &#8211; 20KHz equilibran estructura y sonido, ofrecen una sensaci\u00f3n de espacialidad definida y afinan el balance de la naturaleza espacial.<\/p>\n<p>MICR\u00d3FONO OMNIDIRECCIONAL<br \/>\nEl rango de frecuencia de 100Hz &#8211; 10KHz del micr\u00f3fono otorga una experiencia comunicativa excepcional. Adem\u00e1s, el filtro anti-pop y control de mute filtran y eliminan las energ\u00edas no deseadas provenientes de otras galaxias.<\/p>\n<p>SISTEMA DE FIJACI\u00d3N<br \/>\nSiente un ajuste seguro en tu cabeza cual traje de astronauta en el espacio, gracias a su sistema de doble banda; una met\u00e1lica y la otra el\u00e1stica.<\/p>\n<p>CON\u00c9CTATE A OTRAS GALAXIAS<br \/>\nPosee conectividad TRRS de 3.5mm y USB (solo iluminaci\u00f3n), convirti\u00e9ndolo en el aud\u00edfono multiplataforma que podr\u00e1s transportar m\u00e1s all\u00e1 del formato gaming de PC.<\/p>\n<ul>\n<li>Modelo: Kuiper<\/li>\n<li>Tipo: over-ear<\/li>\n<li>Conectividad: Al\u00e1mbrico<\/li>\n<li>Conector: 3.5mm\/USB<\/li>\n<li>Rango de frecuencia: 100Hz-10Hz<\/li>\n<li>Sonido envolvente: 7.1 No<\/li>\n<li>Di\u00e1metro del altavoz (mm): 50mm<\/li>\n<li>Impedancia del altavoz (Ohm): 32<\/li>\n<li>Sensibilidad del Altavoz: 108dB\u00b13dB<\/li>\n<li>Micr\u00f3fono desmontable: No<\/li>\n<li>Patr\u00f3n Polar: Omnidireccional<\/li>\n<li>Sensibilidad de micr\u00f3fono: -54dB\u00b12dB<\/li>\n<li>Software: No<\/li>\n<li>Iluminaci\u00f3n: Led<\/li>\n<li>Control multimedia: S\u00ed<\/li>\n<li>Material: ABS+Metal<\/li>\n<li>Cable: Trenzado<\/li>\n<li>Longitud: 2<\/li>\n<\/ul>\n","protected":false},"excerpt":{"rendered":"<p>Auriculares Gamer Vsg Kuiper Aud\u00edfono multiplataforma con conexi\u00f3n TRRS 3.5mm. Altavoces de 50mm, cable trenzado e iluminaci\u00f3n led verde. El filtro anti-pop y control de mute filtran y eliminan las energ\u00edas no deseadas provenientes de otras galaxias. BALANCE ORBITAL Su propio sistema de materiales y piezas armonizan en el interior de su construcci\u00f3n, que en conjunto al rango de frecuencia de 20Hz &#8211; 20KHz equilibran estructura y sonido, ofrecen una sensaci\u00f3n de espacialidad definida y afinan el balance de la naturaleza espacial. MICR\u00d3FONO OMNIDIRECCIONAL El rango de frecuencia de 100Hz &#8211; 10KHz del micr\u00f3fono otorga una experiencia comunicativa excepcional. Adem\u00e1s, el filtro anti-pop y control de mute filtran y eliminan las energ\u00edas no deseadas provenientes de otras galaxias. SISTEMA DE FIJACI\u00d3N Siente un ajuste seguro en tu cabeza cual traje de astronauta en el espacio, gracias a su sistema de doble banda; una met\u00e1lica y la otra el\u00e1stica. CON\u00c9CTATE A OTRAS GALAXIAS Posee conectividad TRRS de 3.5mm y USB (solo iluminaci\u00f3n), convirti\u00e9ndolo en el aud\u00edfono multiplataforma que podr\u00e1s transportar m\u00e1s all\u00e1 del formato gaming de PC. Modelo: Kuiper Tipo: over-ear Conectividad: Al\u00e1mbrico Conector: 3.5mm\/USB Rango de frecuencia: 100Hz-10Hz Sonido envolvente: 7.1 No Di\u00e1metro del altavoz (mm): 50mm Impedancia del altavoz (Ohm): 32 Sensibilidad del Altavoz: 108dB\u00b13dB Micr\u00f3fono desmontable: No Patr\u00f3n Polar: Omnidireccional Sensibilidad de micr\u00f3fono: -54dB\u00b12dB Software: No Iluminaci\u00f3n: Led Control multimedia: S\u00ed Material: ABS+Metal Cable: Trenzado Longitud: 2<\/p>\n","protected":false},"featured_media":10038,"template":"","meta":{"site-sidebar-layout":"default","site-content-layout":"","ast-site-content-layout":"default","site-content-style":"default","site-sidebar-style":"default","ast-global-header-display":"","ast-banner-title-visibility":"","ast-main-header-display":"","ast-hfb-above-header-display":"","ast-hfb-below-header-display":"","ast-hfb-mobile-header-display":"","site-post-title":"","ast-breadcrumbs-content":"","ast-featured-img":"","footer-sml-layout":"","theme-transparent-header-meta":"","adv-header-id-meta":"","stick-header-meta":"","header-above-stick-meta":"","header-main-stick-meta":"","header-below-stick-meta":"","astra-migrate-meta-layouts":"default","ast-page-background-enabled":"default","ast-page-background-meta":{"desktop":{"background-color":"var(--ast-global-color-5)","background-image":"","background-repeat":"repeat","background-position":"center center","background-size":"auto","background-attachment":"scroll","background-type":"","background-media":"","overlay-type":"","overlay-color":"","overlay-opacity":"","overlay-gradient":""},"tablet":{"background-color":"","background-image":"","background-repeat":"repeat","background-position":"center center","background-size":"auto","background-attachment":"scroll","background-type":"","background-media":"","overlay-type":"","overlay-color":"","overlay-opacity":"","overlay-gradient":""},"mobile":{"background-color":"","background-image":"","background-repeat":"repeat","background-position":"center center","background-size":"auto","background-attachment":"scroll","background-type":"","background-media":"","overlay-type":"","overlay-color":"","overlay-opacity":"","overlay-gradient":""}},"ast-content-background-meta":{"desktop":{"background-color":"var(--ast-global-color-4)","background-image":"","background-repeat":"repeat","background-position":"center center","background-size":"auto","background-attachment":"scroll","background-type":"","background-media":"","overlay-type":"","overlay-color":"","overlay-opacity":"","overlay-gradient":""},"tablet":{"background-color":"var(--ast-global-color-4)","background-image":"","background-repeat":"repeat","background-position":"center center","background-size":"auto","background-attachment":"scroll","background-type":"","background-media":"","overlay-type":"","overlay-color":"","overlay-opacity":"","overlay-gradient":""},"mobile":{"background-color":"var(--ast-global-color-4)","background-image":"","background-repeat":"repeat","background-position":"center center","background-size":"auto","background-attachment":"scroll","background-type":"","background-media":"","overlay-type":"","overlay-color":"","overlay-opacity":"","overlay-gradient":""}},"_joinchat":[]},"product_brand":[],"product_cat":[81],"product_tag":[],"class_list":{"0":"post-4563","1":"product","2":"type-product","3":"status-publish","4":"has-post-thumbnail","6":"product_cat-auriculares-pc-play-y-xbox","7":"desktop-align-center","8":"tablet-align-left","9":"mobile-align-left","11":"first","12":"outofstock","13":"shipping-taxable","14":"purchasable","15":"product-type-simple"},"yoast_head":"<!-- This site is optimized with the Yoast SEO plugin v27.3 - https:\/\/yoast.com\/product\/yoast-seo-wordpress\/ -->\n<title>Auriculares VSG Kuiper - UnitGames<\/title>\n<meta name=\"robots\" content=\"index, follow, max-snippet:-1, max-image-preview:large, max-video-preview:-1\" \/>\n<link rel=\"canonical\" href=\"https:\/\/unitgames.com.ar\/pc-gamer\/producto\/auriculares-vsg-kuiper\/\" \/>\n<meta property=\"og:locale\" content=\"es_ES\" \/>\n<meta property=\"og:type\" content=\"article\" \/>\n<meta property=\"og:title\" content=\"Auriculares VSG Kuiper - UnitGames\" \/>\n<meta property=\"og:description\" content=\"Auriculares Gamer Vsg Kuiper Aud\u00edfono multiplataforma con conexi\u00f3n TRRS 3.5mm. Altavoces de 50mm, cable trenzado e iluminaci\u00f3n led verde. El filtro anti-pop y control de mute filtran y eliminan las energ\u00edas no deseadas provenientes de otras galaxias. BALANCE ORBITAL Su propio sistema de materiales y piezas armonizan en el interior de su construcci\u00f3n, que en conjunto al rango de frecuencia de 20Hz &#8211; 20KHz equilibran estructura y sonido, ofrecen una sensaci\u00f3n de espacialidad definida y afinan el balance de la naturaleza espacial. MICR\u00d3FONO OMNIDIRECCIONAL El rango de frecuencia de 100Hz &#8211; 10KHz del micr\u00f3fono otorga una experiencia comunicativa excepcional. Adem\u00e1s, el filtro anti-pop y control de mute filtran y eliminan las energ\u00edas no deseadas provenientes de otras galaxias. SISTEMA DE FIJACI\u00d3N Siente un ajuste seguro en tu cabeza cual traje de astronauta en el espacio, gracias a su sistema de doble banda; una met\u00e1lica y la otra el\u00e1stica. CON\u00c9CTATE A OTRAS GALAXIAS Posee conectividad TRRS de 3.5mm y USB (solo iluminaci\u00f3n), convirti\u00e9ndolo en el aud\u00edfono multiplataforma que podr\u00e1s transportar m\u00e1s all\u00e1 del formato gaming de PC. Modelo: Kuiper Tipo: over-ear Conectividad: Al\u00e1mbrico Conector: 3.5mm\/USB Rango de frecuencia: 100Hz-10Hz Sonido envolvente: 7.1 No Di\u00e1metro del altavoz (mm): 50mm Impedancia del altavoz (Ohm): 32 Sensibilidad del Altavoz: 108dB\u00b13dB Micr\u00f3fono desmontable: No Patr\u00f3n Polar: Omnidireccional Sensibilidad de micr\u00f3fono: -54dB\u00b12dB Software: No Iluminaci\u00f3n: Led Control multimedia: S\u00ed Material: ABS+Metal Cable: Trenzado Longitud: 2\" \/>\n<meta property=\"og:url\" content=\"https:\/\/unitgames.com.ar\/pc-gamer\/producto\/auriculares-vsg-kuiper\/\" \/>\n<meta property=\"og:site_name\" content=\"UnitGames\" \/>\n<meta property=\"article:modified_time\" content=\"2026-01-09T10:11:20+00:00\" \/>\n<meta property=\"og:image\" content=\"https:\/\/unitgames.com.ar\/pc-gamer\/wp-content\/uploads\/2021\/04\/Auriculares-VSG-Kuiper-1.png\" \/>\n\t<meta property=\"og:image:width\" content=\"1283\" \/>\n\t<meta property=\"og:image:height\" content=\"1283\" \/>\n\t<meta property=\"og:image:type\" content=\"image\/png\" \/>\n<meta name=\"twitter:card\" content=\"summary_large_image\" \/>\n<meta name=\"twitter:label1\" content=\"Tiempo de lectura\" \/>\n\t<meta name=\"twitter:data1\" content=\"2 minutos\" \/>\n<script type=\"application\/ld+json\" class=\"yoast-schema-graph\">{\"@context\":\"https:\\\/\\\/schema.org\",\"@graph\":[{\"@type\":\"WebPage\",\"@id\":\"https:\\\/\\\/unitgames.com.ar\\\/pc-gamer\\\/producto\\\/auriculares-vsg-kuiper\\\/\",\"url\":\"https:\\\/\\\/unitgames.com.ar\\\/pc-gamer\\\/producto\\\/auriculares-vsg-kuiper\\\/\",\"name\":\"Auriculares VSG Kuiper - UnitGames\",\"isPartOf\":{\"@id\":\"https:\\\/\\\/unitgames.com.ar\\\/pc-gamer\\\/#website\"},\"primaryImageOfPage\":{\"@id\":\"https:\\\/\\\/unitgames.com.ar\\\/pc-gamer\\\/producto\\\/auriculares-vsg-kuiper\\\/#primaryimage\"},\"image\":{\"@id\":\"https:\\\/\\\/unitgames.com.ar\\\/pc-gamer\\\/producto\\\/auriculares-vsg-kuiper\\\/#primaryimage\"},\"thumbnailUrl\":\"https:\\\/\\\/unitgames.com.ar\\\/pc-gamer\\\/wp-content\\\/uploads\\\/2021\\\/04\\\/Auriculares-VSG-Kuiper-1.png\",\"datePublished\":\"2021-04-19T14:18:19+00:00\",\"dateModified\":\"2026-01-09T10:11:20+00:00\",\"breadcrumb\":{\"@id\":\"https:\\\/\\\/unitgames.com.ar\\\/pc-gamer\\\/producto\\\/auriculares-vsg-kuiper\\\/#breadcrumb\"},\"inLanguage\":\"es\",\"potentialAction\":[{\"@type\":\"ReadAction\",\"target\":[\"https:\\\/\\\/unitgames.com.ar\\\/pc-gamer\\\/producto\\\/auriculares-vsg-kuiper\\\/\"]}]},{\"@type\":\"ImageObject\",\"inLanguage\":\"es\",\"@id\":\"https:\\\/\\\/unitgames.com.ar\\\/pc-gamer\\\/producto\\\/auriculares-vsg-kuiper\\\/#primaryimage\",\"url\":\"https:\\\/\\\/unitgames.com.ar\\\/pc-gamer\\\/wp-content\\\/uploads\\\/2021\\\/04\\\/Auriculares-VSG-Kuiper-1.png\",\"contentUrl\":\"https:\\\/\\\/unitgames.com.ar\\\/pc-gamer\\\/wp-content\\\/uploads\\\/2021\\\/04\\\/Auriculares-VSG-Kuiper-1.png\",\"width\":1283,\"height\":1283},{\"@type\":\"BreadcrumbList\",\"@id\":\"https:\\\/\\\/unitgames.com.ar\\\/pc-gamer\\\/producto\\\/auriculares-vsg-kuiper\\\/#breadcrumb\",\"itemListElement\":[{\"@type\":\"ListItem\",\"position\":1,\"name\":\"Tienda\",\"item\":\"https:\\\/\\\/unitgames.com.ar\\\/pc-gamer\\\/tienda\\\/\"},{\"@type\":\"ListItem\",\"position\":2,\"name\":\"Auriculares VSG Kuiper\"}]},{\"@type\":\"WebSite\",\"@id\":\"https:\\\/\\\/unitgames.com.ar\\\/pc-gamer\\\/#website\",\"url\":\"https:\\\/\\\/unitgames.com.ar\\\/pc-gamer\\\/\",\"name\":\"UnitGames\",\"description\":\"Venta de PC Gamers, Consolas , Servicio Tecnico Especializado. Todos en Accesorios Informaticos y Gamers\",\"publisher\":{\"@id\":\"https:\\\/\\\/unitgames.com.ar\\\/pc-gamer\\\/#organization\"},\"potentialAction\":[{\"@type\":\"SearchAction\",\"target\":{\"@type\":\"EntryPoint\",\"urlTemplate\":\"https:\\\/\\\/unitgames.com.ar\\\/pc-gamer\\\/?s={search_term_string}\"},\"query-input\":{\"@type\":\"PropertyValueSpecification\",\"valueRequired\":true,\"valueName\":\"search_term_string\"}}],\"inLanguage\":\"es\"},{\"@type\":\"Organization\",\"@id\":\"https:\\\/\\\/unitgames.com.ar\\\/pc-gamer\\\/#organization\",\"name\":\"UnitGames\",\"url\":\"https:\\\/\\\/unitgames.com.ar\\\/pc-gamer\\\/\",\"logo\":{\"@type\":\"ImageObject\",\"inLanguage\":\"es\",\"@id\":\"https:\\\/\\\/unitgames.com.ar\\\/pc-gamer\\\/#\\\/schema\\\/logo\\\/image\\\/\",\"url\":\"https:\\\/\\\/unitgames.com.ar\\\/pc-gamer\\\/wp-content\\\/uploads\\\/2021\\\/01\\\/cropped-logoUnitGames2.png\",\"contentUrl\":\"https:\\\/\\\/unitgames.com.ar\\\/pc-gamer\\\/wp-content\\\/uploads\\\/2021\\\/01\\\/cropped-logoUnitGames2.png\",\"width\":152,\"height\":200,\"caption\":\"UnitGames\"},\"image\":{\"@id\":\"https:\\\/\\\/unitgames.com.ar\\\/pc-gamer\\\/#\\\/schema\\\/logo\\\/image\\\/\"}}]}<\/script>\n<!-- \/ Yoast SEO plugin. -->","yoast_head_json":{"title":"Auriculares VSG Kuiper - UnitGames","robots":{"index":"index","follow":"follow","max-snippet":"max-snippet:-1","max-image-preview":"max-image-preview:large","max-video-preview":"max-video-preview:-1"},"canonical":"https:\/\/unitgames.com.ar\/pc-gamer\/producto\/auriculares-vsg-kuiper\/","og_locale":"es_ES","og_type":"article","og_title":"Auriculares VSG Kuiper - UnitGames","og_description":"Auriculares Gamer Vsg Kuiper Aud\u00edfono multiplataforma con conexi\u00f3n TRRS 3.5mm. Altavoces de 50mm, cable trenzado e iluminaci\u00f3n led verde. El filtro anti-pop y control de mute filtran y eliminan las energ\u00edas no deseadas provenientes de otras galaxias. BALANCE ORBITAL Su propio sistema de materiales y piezas armonizan en el interior de su construcci\u00f3n, que en conjunto al rango de frecuencia de 20Hz &#8211; 20KHz equilibran estructura y sonido, ofrecen una sensaci\u00f3n de espacialidad definida y afinan el balance de la naturaleza espacial. MICR\u00d3FONO OMNIDIRECCIONAL El rango de frecuencia de 100Hz &#8211; 10KHz del micr\u00f3fono otorga una experiencia comunicativa excepcional. Adem\u00e1s, el filtro anti-pop y control de mute filtran y eliminan las energ\u00edas no deseadas provenientes de otras galaxias. SISTEMA DE FIJACI\u00d3N Siente un ajuste seguro en tu cabeza cual traje de astronauta en el espacio, gracias a su sistema de doble banda; una met\u00e1lica y la otra el\u00e1stica. CON\u00c9CTATE A OTRAS GALAXIAS Posee conectividad TRRS de 3.5mm y USB (solo iluminaci\u00f3n), convirti\u00e9ndolo en el aud\u00edfono multiplataforma que podr\u00e1s transportar m\u00e1s all\u00e1 del formato gaming de PC. Modelo: Kuiper Tipo: over-ear Conectividad: Al\u00e1mbrico Conector: 3.5mm\/USB Rango de frecuencia: 100Hz-10Hz Sonido envolvente: 7.1 No Di\u00e1metro del altavoz (mm): 50mm Impedancia del altavoz (Ohm): 32 Sensibilidad del Altavoz: 108dB\u00b13dB Micr\u00f3fono desmontable: No Patr\u00f3n Polar: Omnidireccional Sensibilidad de micr\u00f3fono: -54dB\u00b12dB Software: No Iluminaci\u00f3n: Led Control multimedia: S\u00ed Material: ABS+Metal Cable: Trenzado Longitud: 2","og_url":"https:\/\/unitgames.com.ar\/pc-gamer\/producto\/auriculares-vsg-kuiper\/","og_site_name":"UnitGames","article_modified_time":"2026-01-09T10:11:20+00:00","og_image":[{"width":1283,"height":1283,"url":"https:\/\/unitgames.com.ar\/pc-gamer\/wp-content\/uploads\/2021\/04\/Auriculares-VSG-Kuiper-1.png","type":"image\/png"}],"twitter_card":"summary_large_image","twitter_misc":{"Tiempo de lectura":"2 minutos"},"schema":{"@context":"https:\/\/schema.org","@graph":[{"@type":"WebPage","@id":"https:\/\/unitgames.com.ar\/pc-gamer\/producto\/auriculares-vsg-kuiper\/","url":"https:\/\/unitgames.com.ar\/pc-gamer\/producto\/auriculares-vsg-kuiper\/","name":"Auriculares VSG Kuiper - UnitGames","isPartOf":{"@id":"https:\/\/unitgames.com.ar\/pc-gamer\/#website"},"primaryImageOfPage":{"@id":"https:\/\/unitgames.com.ar\/pc-gamer\/producto\/auriculares-vsg-kuiper\/#primaryimage"},"image":{"@id":"https:\/\/unitgames.com.ar\/pc-gamer\/producto\/auriculares-vsg-kuiper\/#primaryimage"},"thumbnailUrl":"https:\/\/unitgames.com.ar\/pc-gamer\/wp-content\/uploads\/2021\/04\/Auriculares-VSG-Kuiper-1.png","datePublished":"2021-04-19T14:18:19+00:00","dateModified":"2026-01-09T10:11:20+00:00","breadcrumb":{"@id":"https:\/\/unitgames.com.ar\/pc-gamer\/producto\/auriculares-vsg-kuiper\/#breadcrumb"},"inLanguage":"es","potentialAction":[{"@type":"ReadAction","target":["https:\/\/unitgames.com.ar\/pc-gamer\/producto\/auriculares-vsg-kuiper\/"]}]},{"@type":"ImageObject","inLanguage":"es","@id":"https:\/\/unitgames.com.ar\/pc-gamer\/producto\/auriculares-vsg-kuiper\/#primaryimage","url":"https:\/\/unitgames.com.ar\/pc-gamer\/wp-content\/uploads\/2021\/04\/Auriculares-VSG-Kuiper-1.png","contentUrl":"https:\/\/unitgames.com.ar\/pc-gamer\/wp-content\/uploads\/2021\/04\/Auriculares-VSG-Kuiper-1.png","width":1283,"height":1283},{"@type":"BreadcrumbList","@id":"https:\/\/unitgames.com.ar\/pc-gamer\/producto\/auriculares-vsg-kuiper\/#breadcrumb","itemListElement":[{"@type":"ListItem","position":1,"name":"Tienda","item":"https:\/\/unitgames.com.ar\/pc-gamer\/tienda\/"},{"@type":"ListItem","position":2,"name":"Auriculares VSG Kuiper"}]},{"@type":"WebSite","@id":"https:\/\/unitgames.com.ar\/pc-gamer\/#website","url":"https:\/\/unitgames.com.ar\/pc-gamer\/","name":"UnitGames","description":"Venta de PC Gamers, Consolas , Servicio Tecnico Especializado. Todos en Accesorios Informaticos y Gamers","publisher":{"@id":"https:\/\/unitgames.com.ar\/pc-gamer\/#organization"},"potentialAction":[{"@type":"SearchAction","target":{"@type":"EntryPoint","urlTemplate":"https:\/\/unitgames.com.ar\/pc-gamer\/?s={search_term_string}"},"query-input":{"@type":"PropertyValueSpecification","valueRequired":true,"valueName":"search_term_string"}}],"inLanguage":"es"},{"@type":"Organization","@id":"https:\/\/unitgames.com.ar\/pc-gamer\/#organization","name":"UnitGames","url":"https:\/\/unitgames.com.ar\/pc-gamer\/","logo":{"@type":"ImageObject","inLanguage":"es","@id":"https:\/\/unitgames.com.ar\/pc-gamer\/#\/schema\/logo\/image\/","url":"https:\/\/unitgames.com.ar\/pc-gamer\/wp-content\/uploads\/2021\/01\/cropped-logoUnitGames2.png","contentUrl":"https:\/\/unitgames.com.ar\/pc-gamer\/wp-content\/uploads\/2021\/01\/cropped-logoUnitGames2.png","width":152,"height":200,"caption":"UnitGames"},"image":{"@id":"https:\/\/unitgames.com.ar\/pc-gamer\/#\/schema\/logo\/image\/"}}]}},"_links":{"self":[{"href":"https:\/\/unitgames.com.ar\/pc-gamer\/wp-json\/wp\/v2\/product\/4563","targetHints":{"allow":["GET"]}}],"collection":[{"href":"https:\/\/unitgames.com.ar\/pc-gamer\/wp-json\/wp\/v2\/product"}],"about":[{"href":"https:\/\/unitgames.com.ar\/pc-gamer\/wp-json\/wp\/v2\/types\/product"}],"version-history":[{"count":0,"href":"https:\/\/unitgames.com.ar\/pc-gamer\/wp-json\/wp\/v2\/product\/4563\/revisions"}],"wp:featuredmedia":[{"embeddable":true,"href":"https:\/\/unitgames.com.ar\/pc-gamer\/wp-json\/wp\/v2\/media\/10038"}],"wp:attachment":[{"href":"https:\/\/unitgames.com.ar\/pc-gamer\/wp-json\/wp\/v2\/media?parent=4563"}],"wp:term":[{"taxonomy":"product_brand","embeddable":true,"href":"https:\/\/unitgames.com.ar\/pc-gamer\/wp-json\/wp\/v2\/product_brand?post=4563"},{"taxonomy":"product_cat","embeddable":true,"href":"https:\/\/unitgames.com.ar\/pc-gamer\/wp-json\/wp\/v2\/product_cat?post=4563"},{"taxonomy":"product_tag","embeddable":true,"href":"https:\/\/unitgames.com.ar\/pc-gamer\/wp-json\/wp\/v2\/product_tag?post=4563"}],"curies":[{"name":"wp","href":"https:\/\/api.w.org\/{rel}","templated":true}]}}