{"id":5294,"date":"2021-07-03T13:55:49","date_gmt":"2021-07-03T13:55:49","guid":{"rendered":"https:\/\/unitgames.com.ar\/pc-gamers\/?post_type=product&#038;p=5294"},"modified":"2026-01-09T07:10:57","modified_gmt":"2026-01-09T10:10:57","slug":"mouse-inalambrico-logitech-m185","status":"publish","type":"product","link":"https:\/\/unitgames.com.ar\/pc-gamer\/producto\/mouse-inalambrico-logitech-m185\/","title":{"rendered":"Mouse Inalambrico LOGITECH M185"},"content":{"rendered":"<h2 class=\"product-title js-text-auto pangea-inited\">MOUSE INAL\u00c1MBRICO M185<\/h2>\n<div class=\"product-subtitle js-product-subtitle\">Confortable mouse f\u00e1cil de usar de durabilidad confiable<\/div>\n<div><\/div>\n<div>Confortable, compacto y f\u00e1cil de usar, el mouse inal\u00e1mbrico M185 permite trabajar en cualquier lugar.<\/div>\n<div><\/div>\n<div><\/div>\n<div>\n<h4 class=\"specs-heading\">Dimensiones<\/h4>\n<div class=\"specs-column\">\n<div class=\"specs-group\">\n<div class=\"specs-block\">\n<h5 class=\"specs-title\">Mouse<\/h5>\n<ul class=\"specs-description-list\">\n<li><strong>Altura<\/strong>: 99 mm<\/li>\n<li><strong>Ancho<\/strong>: 60 mm<\/li>\n<li><strong>Profundidad<\/strong>: 39 mm<\/li>\n<li><strong>Peso (con bater\u00edas)<\/strong>: 75,2 g<\/li>\n<\/ul>\n<\/div>\n<\/div>\n<\/div>\n<h4 class=\"specs-heading\">Especificaciones t\u00e9cnicas<\/h4>\n<div class=\"specs-column\">\n<div class=\"specs-group\">\n<div class=\"specs-block\">\n<h5 class=\"specs-title\">Tecnolog\u00eda de sensor<\/h5>\n<ul class=\"specs-description-list\">\n<li>Seguimiento \u00f3ptico uniforme<\/li>\n<li>DPI (m\u00edn.\/m\u00e1x.) 1000\u00b1<\/li>\n<\/ul>\n<\/div>\n<div class=\"specs-block\">\n<h5 class=\"specs-title\">Botones<\/h5>\n<ul class=\"specs-description-list\">\n<li><strong>N\u00famero de botones<\/strong>: 3 (click izquierdo\/derecho, click de bot\u00f3n central)<\/li>\n<\/ul>\n<\/div>\n<div class=\"specs-block\">\n<h5 class=\"specs-title\">Aplicaci\u00f3n de personalizaci\u00f3n<\/h5>\n<ul class=\"specs-description-list\">\n<li>Compatibilidad con Logi Options+ para Windows y macOS\u00a0<a class=\"note note-tooltip js-note-tooltip pangea-inited pangea-component-top-element\"><sup aria-label=\"footnote 1\">1<\/sup><span class=\"visually-hidden js-tooltip-descriptor\" aria-hidden=\"true\">Disponible para Windows y macOS en logitech.com\/optionsplus<\/span><\/a><\/li>\n<\/ul>\n<\/div>\n<div class=\"specs-block\">\n<h5 class=\"specs-title\">Desplazamiento<\/h5>\n<ul class=\"specs-description-list\">\n<li>Desplazamiento l\u00ednea a l\u00ednea<\/li>\n<li><strong>Rueda de desplazamiento<\/strong>: S\u00ed, 2D, \u00f3ptico<\/li>\n<\/ul>\n<\/div>\n<div class=\"specs-block\">\n<h5 class=\"specs-title\">Bater\u00eda<\/h5>\n<ul class=\"specs-description-list\">\n<li><strong>Bater\u00eda<\/strong>: 12 meses\u00a0<a class=\"note note-tooltip js-note-tooltip pangea-inited pangea-component-top-element\"><sup aria-label=\"footnote 2\">2<\/sup><span class=\"visually-hidden js-tooltip-descriptor\" aria-hidden=\"true\">La duraci\u00f3n de las bater\u00edas depende del uso y de los dispositivos<\/span><\/a><\/li>\n<li><strong>Detalles de bater\u00eda<\/strong>: 1 x AA (incluida)<\/li>\n<\/ul>\n<\/div>\n<div class=\"specs-block\">\n<h5 class=\"specs-title\">Conectividad<\/h5>\n<ul class=\"specs-description-list\">\n<li><strong>Tipo de conexi\u00f3n<\/strong>: Conexi\u00f3n inal\u00e1mbrica de 2.4 GHz<\/li>\n<li><strong>Radio de acci\u00f3n inal\u00e1mbrico<\/strong>: 10 metros<\/li>\n<li><strong>Conexi\u00f3n \/ Encendido<\/strong>: S\u00ed, interruptor de encendido\/apagado<\/li>\n<\/ul>\n<\/div>\n<div class=\"specs-block\">\n<h5 class=\"specs-title\">Sostenibilidad<\/h5>\n<ul class=\"specs-description-list\">\n<li><strong>Pl\u00e1stico carb\u00f3n\/gris brillante<\/strong>: 49% de material reciclado posconsumo\u00a0<a class=\"note note-tooltip js-note-tooltip pangea-inited pangea-component-top-element\"><sup aria-label=\"footnote 3\">3<\/sup><span class=\"visually-hidden js-tooltip-descriptor\" aria-hidden=\"true\">Excluye pl\u00e1stico del receptor, conjunto de cableado impreso (PWA) y empaque.<\/span><\/a><\/li>\n<li><strong>Pl\u00e1stico negro\/azul brillante<\/strong>: 49% de material reciclado posconsumo\u00a0<a class=\"note note-tooltip js-note-tooltip pangea-inited pangea-component-top-element\"><sup aria-label=\"footnote 4\">4<\/sup><span class=\"visually-hidden js-tooltip-descriptor\" aria-hidden=\"true\">Excluye pl\u00e1stico del receptor, conjunto de cableado impreso (PWA) y empaque.<\/span><\/a><\/li>\n<li><strong>Pl\u00e1stico negro\/rojo brillante<\/strong>: 49% de material reciclado posconsumo\u00a0<a class=\"note note-tooltip js-note-tooltip pangea-inited pangea-component-top-element\"><sup aria-label=\"footnote 5\">5<\/sup><span class=\"visually-hidden js-tooltip-descriptor\" aria-hidden=\"true\">Excluye pl\u00e1stico del receptor, conjunto de cableado impreso (PWA) y empaque.<\/span><\/a><\/li>\n<\/ul>\n<\/div>\n<div class=\"specs-block\">\n<div class=\"specs-description\"><strong>Huella de carbono del producto<\/strong>: 3.97 kg CO2e<\/div>\n<\/div>\n<div class=\"specs-block\">\n<div class=\"specs-description\">Con certificaci\u00f3n Carbon Neutral<\/div>\n<\/div>\n<\/div>\n<\/div>\n<\/div>\n","protected":false},"excerpt":{"rendered":"<p>MOUSE INAL\u00c1MBRICO M185 Confortable mouse f\u00e1cil de usar de durabilidad confiable Confortable, compacto y f\u00e1cil de usar, el mouse inal\u00e1mbrico M185 permite trabajar en cualquier lugar. Dimensiones Mouse Altura: 99 mm Ancho: 60 mm Profundidad: 39 mm Peso (con bater\u00edas): 75,2 g Especificaciones t\u00e9cnicas Tecnolog\u00eda de sensor Seguimiento \u00f3ptico uniforme DPI (m\u00edn.\/m\u00e1x.) 1000\u00b1 Botones N\u00famero de botones: 3 (click izquierdo\/derecho, click de bot\u00f3n central) Aplicaci\u00f3n de personalizaci\u00f3n Compatibilidad con Logi Options+ para Windows y macOS\u00a01Disponible para Windows y macOS en logitech.com\/optionsplus Desplazamiento Desplazamiento l\u00ednea a l\u00ednea Rueda de desplazamiento: S\u00ed, 2D, \u00f3ptico Bater\u00eda Bater\u00eda: 12 meses\u00a02La duraci\u00f3n de las bater\u00edas depende del uso y de los dispositivos Detalles de bater\u00eda: 1 x AA (incluida) Conectividad Tipo de conexi\u00f3n: Conexi\u00f3n inal\u00e1mbrica de 2.4 GHz Radio de acci\u00f3n inal\u00e1mbrico: 10 metros Conexi\u00f3n \/ Encendido: S\u00ed, interruptor de encendido\/apagado Sostenibilidad Pl\u00e1stico carb\u00f3n\/gris brillante: 49% de material reciclado posconsumo\u00a03Excluye pl\u00e1stico del receptor, conjunto de cableado impreso (PWA) y empaque. Pl\u00e1stico negro\/azul brillante: 49% de material reciclado posconsumo\u00a04Excluye pl\u00e1stico del receptor, conjunto de cableado impreso (PWA) y empaque. Pl\u00e1stico negro\/rojo brillante: 49% de material reciclado posconsumo\u00a05Excluye pl\u00e1stico del receptor, conjunto de cableado impreso (PWA) y empaque. Huella de carbono del producto: 3.97 kg CO2e Con certificaci\u00f3n Carbon Neutral<\/p>\n","protected":false},"featured_media":11363,"template":"","meta":{"site-sidebar-layout":"default","site-content-layout":"","ast-site-content-layout":"default","site-content-style":"default","site-sidebar-style":"default","ast-global-header-display":"","ast-banner-title-visibility":"","ast-main-header-display":"","ast-hfb-above-header-display":"","ast-hfb-below-header-display":"","ast-hfb-mobile-header-display":"","site-post-title":"","ast-breadcrumbs-content":"","ast-featured-img":"","footer-sml-layout":"","theme-transparent-header-meta":"","adv-header-id-meta":"","stick-header-meta":"","header-above-stick-meta":"","header-main-stick-meta":"","header-below-stick-meta":"","astra-migrate-meta-layouts":"default","ast-page-background-enabled":"default","ast-page-background-meta":{"desktop":{"background-color":"var(--ast-global-color-5)","background-image":"","background-repeat":"repeat","background-position":"center center","background-size":"auto","background-attachment":"scroll","background-type":"","background-media":"","overlay-type":"","overlay-color":"","overlay-opacity":"","overlay-gradient":""},"tablet":{"background-color":"","background-image":"","background-repeat":"repeat","background-position":"center center","background-size":"auto","background-attachment":"scroll","background-type":"","background-media":"","overlay-type":"","overlay-color":"","overlay-opacity":"","overlay-gradient":""},"mobile":{"background-color":"","background-image":"","background-repeat":"repeat","background-position":"center center","background-size":"auto","background-attachment":"scroll","background-type":"","background-media":"","overlay-type":"","overlay-color":"","overlay-opacity":"","overlay-gradient":""}},"ast-content-background-meta":{"desktop":{"background-color":"var(--ast-global-color-4)","background-image":"","background-repeat":"repeat","background-position":"center center","background-size":"auto","background-attachment":"scroll","background-type":"","background-media":"","overlay-type":"","overlay-color":"","overlay-opacity":"","overlay-gradient":""},"tablet":{"background-color":"var(--ast-global-color-4)","background-image":"","background-repeat":"repeat","background-position":"center center","background-size":"auto","background-attachment":"scroll","background-type":"","background-media":"","overlay-type":"","overlay-color":"","overlay-opacity":"","overlay-gradient":""},"mobile":{"background-color":"var(--ast-global-color-4)","background-image":"","background-repeat":"repeat","background-position":"center center","background-size":"auto","background-attachment":"scroll","background-type":"","background-media":"","overlay-type":"","overlay-color":"","overlay-opacity":"","overlay-gradient":""}},"_joinchat":[]},"product_brand":[],"product_cat":[90],"product_tag":[],"class_list":{"0":"post-5294","1":"product","2":"type-product","3":"status-publish","4":"has-post-thumbnail","6":"product_cat-inalambrico","7":"desktop-align-center","8":"tablet-align-left","9":"mobile-align-left","11":"first","12":"outofstock","13":"shipping-taxable","14":"purchasable","15":"product-type-simple"},"yoast_head":"<!-- This site is optimized with the Yoast SEO plugin v27.3 - https:\/\/yoast.com\/product\/yoast-seo-wordpress\/ -->\n<title>Mouse Inalambrico LOGITECH M185 - UnitGames<\/title>\n<meta name=\"robots\" content=\"index, follow, max-snippet:-1, max-image-preview:large, max-video-preview:-1\" \/>\n<link rel=\"canonical\" href=\"https:\/\/unitgames.com.ar\/pc-gamer\/producto\/mouse-inalambrico-logitech-m185\/\" \/>\n<meta property=\"og:locale\" content=\"es_ES\" \/>\n<meta property=\"og:type\" content=\"article\" \/>\n<meta property=\"og:title\" content=\"Mouse Inalambrico LOGITECH M185 - UnitGames\" \/>\n<meta property=\"og:description\" content=\"MOUSE INAL\u00c1MBRICO M185 Confortable mouse f\u00e1cil de usar de durabilidad confiable Confortable, compacto y f\u00e1cil de usar, el mouse inal\u00e1mbrico M185 permite trabajar en cualquier lugar. Dimensiones Mouse Altura: 99 mm Ancho: 60 mm Profundidad: 39 mm Peso (con bater\u00edas): 75,2 g Especificaciones t\u00e9cnicas Tecnolog\u00eda de sensor Seguimiento \u00f3ptico uniforme DPI (m\u00edn.\/m\u00e1x.) 1000\u00b1 Botones N\u00famero de botones: 3 (click izquierdo\/derecho, click de bot\u00f3n central) Aplicaci\u00f3n de personalizaci\u00f3n Compatibilidad con Logi Options+ para Windows y macOS\u00a01Disponible para Windows y macOS en logitech.com\/optionsplus Desplazamiento Desplazamiento l\u00ednea a l\u00ednea Rueda de desplazamiento: S\u00ed, 2D, \u00f3ptico Bater\u00eda Bater\u00eda: 12 meses\u00a02La duraci\u00f3n de las bater\u00edas depende del uso y de los dispositivos Detalles de bater\u00eda: 1 x AA (incluida) Conectividad Tipo de conexi\u00f3n: Conexi\u00f3n inal\u00e1mbrica de 2.4 GHz Radio de acci\u00f3n inal\u00e1mbrico: 10 metros Conexi\u00f3n \/ Encendido: S\u00ed, interruptor de encendido\/apagado Sostenibilidad Pl\u00e1stico carb\u00f3n\/gris brillante: 49% de material reciclado posconsumo\u00a03Excluye pl\u00e1stico del receptor, conjunto de cableado impreso (PWA) y empaque. Pl\u00e1stico negro\/azul brillante: 49% de material reciclado posconsumo\u00a04Excluye pl\u00e1stico del receptor, conjunto de cableado impreso (PWA) y empaque. Pl\u00e1stico negro\/rojo brillante: 49% de material reciclado posconsumo\u00a05Excluye pl\u00e1stico del receptor, conjunto de cableado impreso (PWA) y empaque. Huella de carbono del producto: 3.97 kg CO2e Con certificaci\u00f3n Carbon Neutral\" \/>\n<meta property=\"og:url\" content=\"https:\/\/unitgames.com.ar\/pc-gamer\/producto\/mouse-inalambrico-logitech-m185\/\" \/>\n<meta property=\"og:site_name\" content=\"UnitGames\" \/>\n<meta property=\"article:modified_time\" content=\"2026-01-09T10:10:57+00:00\" \/>\n<meta property=\"og:image\" content=\"https:\/\/unitgames.com.ar\/pc-gamer\/wp-content\/uploads\/2021\/07\/Mouse-Inalambrico-LOGITECH-M185-Red.png\" \/>\n\t<meta property=\"og:image:width\" content=\"1283\" \/>\n\t<meta property=\"og:image:height\" content=\"1283\" \/>\n\t<meta property=\"og:image:type\" content=\"image\/png\" \/>\n<meta name=\"twitter:card\" content=\"summary_large_image\" \/>\n<meta name=\"twitter:label1\" content=\"Tiempo de lectura\" \/>\n\t<meta name=\"twitter:data1\" content=\"2 minutos\" \/>\n<script type=\"application\/ld+json\" class=\"yoast-schema-graph\">{\"@context\":\"https:\\\/\\\/schema.org\",\"@graph\":[{\"@type\":\"WebPage\",\"@id\":\"https:\\\/\\\/unitgames.com.ar\\\/pc-gamer\\\/producto\\\/mouse-inalambrico-logitech-m185\\\/\",\"url\":\"https:\\\/\\\/unitgames.com.ar\\\/pc-gamer\\\/producto\\\/mouse-inalambrico-logitech-m185\\\/\",\"name\":\"Mouse Inalambrico LOGITECH M185 - UnitGames\",\"isPartOf\":{\"@id\":\"https:\\\/\\\/unitgames.com.ar\\\/pc-gamer\\\/#website\"},\"primaryImageOfPage\":{\"@id\":\"https:\\\/\\\/unitgames.com.ar\\\/pc-gamer\\\/producto\\\/mouse-inalambrico-logitech-m185\\\/#primaryimage\"},\"image\":{\"@id\":\"https:\\\/\\\/unitgames.com.ar\\\/pc-gamer\\\/producto\\\/mouse-inalambrico-logitech-m185\\\/#primaryimage\"},\"thumbnailUrl\":\"https:\\\/\\\/unitgames.com.ar\\\/pc-gamer\\\/wp-content\\\/uploads\\\/2021\\\/07\\\/Mouse-Inalambrico-LOGITECH-M185-Red.png\",\"datePublished\":\"2021-07-03T13:55:49+00:00\",\"dateModified\":\"2026-01-09T10:10:57+00:00\",\"breadcrumb\":{\"@id\":\"https:\\\/\\\/unitgames.com.ar\\\/pc-gamer\\\/producto\\\/mouse-inalambrico-logitech-m185\\\/#breadcrumb\"},\"inLanguage\":\"es\",\"potentialAction\":[{\"@type\":\"ReadAction\",\"target\":[\"https:\\\/\\\/unitgames.com.ar\\\/pc-gamer\\\/producto\\\/mouse-inalambrico-logitech-m185\\\/\"]}]},{\"@type\":\"ImageObject\",\"inLanguage\":\"es\",\"@id\":\"https:\\\/\\\/unitgames.com.ar\\\/pc-gamer\\\/producto\\\/mouse-inalambrico-logitech-m185\\\/#primaryimage\",\"url\":\"https:\\\/\\\/unitgames.com.ar\\\/pc-gamer\\\/wp-content\\\/uploads\\\/2021\\\/07\\\/Mouse-Inalambrico-LOGITECH-M185-Red.png\",\"contentUrl\":\"https:\\\/\\\/unitgames.com.ar\\\/pc-gamer\\\/wp-content\\\/uploads\\\/2021\\\/07\\\/Mouse-Inalambrico-LOGITECH-M185-Red.png\",\"width\":1283,\"height\":1283},{\"@type\":\"BreadcrumbList\",\"@id\":\"https:\\\/\\\/unitgames.com.ar\\\/pc-gamer\\\/producto\\\/mouse-inalambrico-logitech-m185\\\/#breadcrumb\",\"itemListElement\":[{\"@type\":\"ListItem\",\"position\":1,\"name\":\"Tienda\",\"item\":\"https:\\\/\\\/unitgames.com.ar\\\/pc-gamer\\\/tienda\\\/\"},{\"@type\":\"ListItem\",\"position\":2,\"name\":\"Mouse Inalambrico LOGITECH M185\"}]},{\"@type\":\"WebSite\",\"@id\":\"https:\\\/\\\/unitgames.com.ar\\\/pc-gamer\\\/#website\",\"url\":\"https:\\\/\\\/unitgames.com.ar\\\/pc-gamer\\\/\",\"name\":\"UnitGames\",\"description\":\"Venta de PC Gamers, Consolas , Servicio Tecnico Especializado. Todos en Accesorios Informaticos y Gamers\",\"publisher\":{\"@id\":\"https:\\\/\\\/unitgames.com.ar\\\/pc-gamer\\\/#organization\"},\"potentialAction\":[{\"@type\":\"SearchAction\",\"target\":{\"@type\":\"EntryPoint\",\"urlTemplate\":\"https:\\\/\\\/unitgames.com.ar\\\/pc-gamer\\\/?s={search_term_string}\"},\"query-input\":{\"@type\":\"PropertyValueSpecification\",\"valueRequired\":true,\"valueName\":\"search_term_string\"}}],\"inLanguage\":\"es\"},{\"@type\":\"Organization\",\"@id\":\"https:\\\/\\\/unitgames.com.ar\\\/pc-gamer\\\/#organization\",\"name\":\"UnitGames\",\"url\":\"https:\\\/\\\/unitgames.com.ar\\\/pc-gamer\\\/\",\"logo\":{\"@type\":\"ImageObject\",\"inLanguage\":\"es\",\"@id\":\"https:\\\/\\\/unitgames.com.ar\\\/pc-gamer\\\/#\\\/schema\\\/logo\\\/image\\\/\",\"url\":\"https:\\\/\\\/unitgames.com.ar\\\/pc-gamer\\\/wp-content\\\/uploads\\\/2021\\\/01\\\/cropped-logoUnitGames2.png\",\"contentUrl\":\"https:\\\/\\\/unitgames.com.ar\\\/pc-gamer\\\/wp-content\\\/uploads\\\/2021\\\/01\\\/cropped-logoUnitGames2.png\",\"width\":152,\"height\":200,\"caption\":\"UnitGames\"},\"image\":{\"@id\":\"https:\\\/\\\/unitgames.com.ar\\\/pc-gamer\\\/#\\\/schema\\\/logo\\\/image\\\/\"}}]}<\/script>\n<!-- \/ Yoast SEO plugin. -->","yoast_head_json":{"title":"Mouse Inalambrico LOGITECH M185 - UnitGames","robots":{"index":"index","follow":"follow","max-snippet":"max-snippet:-1","max-image-preview":"max-image-preview:large","max-video-preview":"max-video-preview:-1"},"canonical":"https:\/\/unitgames.com.ar\/pc-gamer\/producto\/mouse-inalambrico-logitech-m185\/","og_locale":"es_ES","og_type":"article","og_title":"Mouse Inalambrico LOGITECH M185 - UnitGames","og_description":"MOUSE INAL\u00c1MBRICO M185 Confortable mouse f\u00e1cil de usar de durabilidad confiable Confortable, compacto y f\u00e1cil de usar, el mouse inal\u00e1mbrico M185 permite trabajar en cualquier lugar. Dimensiones Mouse Altura: 99 mm Ancho: 60 mm Profundidad: 39 mm Peso (con bater\u00edas): 75,2 g Especificaciones t\u00e9cnicas Tecnolog\u00eda de sensor Seguimiento \u00f3ptico uniforme DPI (m\u00edn.\/m\u00e1x.) 1000\u00b1 Botones N\u00famero de botones: 3 (click izquierdo\/derecho, click de bot\u00f3n central) Aplicaci\u00f3n de personalizaci\u00f3n Compatibilidad con Logi Options+ para Windows y macOS\u00a01Disponible para Windows y macOS en logitech.com\/optionsplus Desplazamiento Desplazamiento l\u00ednea a l\u00ednea Rueda de desplazamiento: S\u00ed, 2D, \u00f3ptico Bater\u00eda Bater\u00eda: 12 meses\u00a02La duraci\u00f3n de las bater\u00edas depende del uso y de los dispositivos Detalles de bater\u00eda: 1 x AA (incluida) Conectividad Tipo de conexi\u00f3n: Conexi\u00f3n inal\u00e1mbrica de 2.4 GHz Radio de acci\u00f3n inal\u00e1mbrico: 10 metros Conexi\u00f3n \/ Encendido: S\u00ed, interruptor de encendido\/apagado Sostenibilidad Pl\u00e1stico carb\u00f3n\/gris brillante: 49% de material reciclado posconsumo\u00a03Excluye pl\u00e1stico del receptor, conjunto de cableado impreso (PWA) y empaque. Pl\u00e1stico negro\/azul brillante: 49% de material reciclado posconsumo\u00a04Excluye pl\u00e1stico del receptor, conjunto de cableado impreso (PWA) y empaque. Pl\u00e1stico negro\/rojo brillante: 49% de material reciclado posconsumo\u00a05Excluye pl\u00e1stico del receptor, conjunto de cableado impreso (PWA) y empaque. Huella de carbono del producto: 3.97 kg CO2e Con certificaci\u00f3n Carbon Neutral","og_url":"https:\/\/unitgames.com.ar\/pc-gamer\/producto\/mouse-inalambrico-logitech-m185\/","og_site_name":"UnitGames","article_modified_time":"2026-01-09T10:10:57+00:00","og_image":[{"width":1283,"height":1283,"url":"https:\/\/unitgames.com.ar\/pc-gamer\/wp-content\/uploads\/2021\/07\/Mouse-Inalambrico-LOGITECH-M185-Red.png","type":"image\/png"}],"twitter_card":"summary_large_image","twitter_misc":{"Tiempo de lectura":"2 minutos"},"schema":{"@context":"https:\/\/schema.org","@graph":[{"@type":"WebPage","@id":"https:\/\/unitgames.com.ar\/pc-gamer\/producto\/mouse-inalambrico-logitech-m185\/","url":"https:\/\/unitgames.com.ar\/pc-gamer\/producto\/mouse-inalambrico-logitech-m185\/","name":"Mouse Inalambrico LOGITECH M185 - UnitGames","isPartOf":{"@id":"https:\/\/unitgames.com.ar\/pc-gamer\/#website"},"primaryImageOfPage":{"@id":"https:\/\/unitgames.com.ar\/pc-gamer\/producto\/mouse-inalambrico-logitech-m185\/#primaryimage"},"image":{"@id":"https:\/\/unitgames.com.ar\/pc-gamer\/producto\/mouse-inalambrico-logitech-m185\/#primaryimage"},"thumbnailUrl":"https:\/\/unitgames.com.ar\/pc-gamer\/wp-content\/uploads\/2021\/07\/Mouse-Inalambrico-LOGITECH-M185-Red.png","datePublished":"2021-07-03T13:55:49+00:00","dateModified":"2026-01-09T10:10:57+00:00","breadcrumb":{"@id":"https:\/\/unitgames.com.ar\/pc-gamer\/producto\/mouse-inalambrico-logitech-m185\/#breadcrumb"},"inLanguage":"es","potentialAction":[{"@type":"ReadAction","target":["https:\/\/unitgames.com.ar\/pc-gamer\/producto\/mouse-inalambrico-logitech-m185\/"]}]},{"@type":"ImageObject","inLanguage":"es","@id":"https:\/\/unitgames.com.ar\/pc-gamer\/producto\/mouse-inalambrico-logitech-m185\/#primaryimage","url":"https:\/\/unitgames.com.ar\/pc-gamer\/wp-content\/uploads\/2021\/07\/Mouse-Inalambrico-LOGITECH-M185-Red.png","contentUrl":"https:\/\/unitgames.com.ar\/pc-gamer\/wp-content\/uploads\/2021\/07\/Mouse-Inalambrico-LOGITECH-M185-Red.png","width":1283,"height":1283},{"@type":"BreadcrumbList","@id":"https:\/\/unitgames.com.ar\/pc-gamer\/producto\/mouse-inalambrico-logitech-m185\/#breadcrumb","itemListElement":[{"@type":"ListItem","position":1,"name":"Tienda","item":"https:\/\/unitgames.com.ar\/pc-gamer\/tienda\/"},{"@type":"ListItem","position":2,"name":"Mouse Inalambrico LOGITECH M185"}]},{"@type":"WebSite","@id":"https:\/\/unitgames.com.ar\/pc-gamer\/#website","url":"https:\/\/unitgames.com.ar\/pc-gamer\/","name":"UnitGames","description":"Venta de PC Gamers, Consolas , Servicio Tecnico Especializado. Todos en Accesorios Informaticos y Gamers","publisher":{"@id":"https:\/\/unitgames.com.ar\/pc-gamer\/#organization"},"potentialAction":[{"@type":"SearchAction","target":{"@type":"EntryPoint","urlTemplate":"https:\/\/unitgames.com.ar\/pc-gamer\/?s={search_term_string}"},"query-input":{"@type":"PropertyValueSpecification","valueRequired":true,"valueName":"search_term_string"}}],"inLanguage":"es"},{"@type":"Organization","@id":"https:\/\/unitgames.com.ar\/pc-gamer\/#organization","name":"UnitGames","url":"https:\/\/unitgames.com.ar\/pc-gamer\/","logo":{"@type":"ImageObject","inLanguage":"es","@id":"https:\/\/unitgames.com.ar\/pc-gamer\/#\/schema\/logo\/image\/","url":"https:\/\/unitgames.com.ar\/pc-gamer\/wp-content\/uploads\/2021\/01\/cropped-logoUnitGames2.png","contentUrl":"https:\/\/unitgames.com.ar\/pc-gamer\/wp-content\/uploads\/2021\/01\/cropped-logoUnitGames2.png","width":152,"height":200,"caption":"UnitGames"},"image":{"@id":"https:\/\/unitgames.com.ar\/pc-gamer\/#\/schema\/logo\/image\/"}}]}},"_links":{"self":[{"href":"https:\/\/unitgames.com.ar\/pc-gamer\/wp-json\/wp\/v2\/product\/5294","targetHints":{"allow":["GET"]}}],"collection":[{"href":"https:\/\/unitgames.com.ar\/pc-gamer\/wp-json\/wp\/v2\/product"}],"about":[{"href":"https:\/\/unitgames.com.ar\/pc-gamer\/wp-json\/wp\/v2\/types\/product"}],"version-history":[{"count":0,"href":"https:\/\/unitgames.com.ar\/pc-gamer\/wp-json\/wp\/v2\/product\/5294\/revisions"}],"wp:featuredmedia":[{"embeddable":true,"href":"https:\/\/unitgames.com.ar\/pc-gamer\/wp-json\/wp\/v2\/media\/11363"}],"wp:attachment":[{"href":"https:\/\/unitgames.com.ar\/pc-gamer\/wp-json\/wp\/v2\/media?parent=5294"}],"wp:term":[{"taxonomy":"product_brand","embeddable":true,"href":"https:\/\/unitgames.com.ar\/pc-gamer\/wp-json\/wp\/v2\/product_brand?post=5294"},{"taxonomy":"product_cat","embeddable":true,"href":"https:\/\/unitgames.com.ar\/pc-gamer\/wp-json\/wp\/v2\/product_cat?post=5294"},{"taxonomy":"product_tag","embeddable":true,"href":"https:\/\/unitgames.com.ar\/pc-gamer\/wp-json\/wp\/v2\/product_tag?post=5294"}],"curies":[{"name":"wp","href":"https:\/\/api.w.org\/{rel}","templated":true}]}}