{"id":5599,"date":"2021-07-29T20:44:11","date_gmt":"2021-07-29T20:44:11","guid":{"rendered":"https:\/\/unitgames.com.ar\/pc-gamers\/?post_type=product&#038;p=5599"},"modified":"2026-01-09T07:10:37","modified_gmt":"2026-01-09T10:10:37","slug":"teclado-y-mouse-inalambrico-logitech-mk270","status":"publish","type":"product","link":"https:\/\/unitgames.com.ar\/pc-gamer\/producto\/teclado-y-mouse-inalambrico-logitech-mk270\/","title":{"rendered":"Teclado + Mouse Inalambrico LOGITECH  MK270"},"content":{"rendered":"<div class=\"fn  Combo-inalambrico-mk270---Color--Negro prodname\" style=\"text-align: center\"><strong>COMBO INALAMBRICO MK270<\/strong><\/div>\n<div><\/div>\n<div class=\"info-panel-wrapper\">\n<div class=\"productDescription\" style=\"text-align: center\">\u2022 Logitech\u00ae Wireless Combo MK270.<br \/>\n\u2022 Fiable combinaci\u00f3n inal\u00e1mbrica con min\u00fasculo nano receptor Logitech del tipo \u00abconectar y olvidar\u201d.<br \/>\n\u2022 La tecnolog\u00eda inal\u00e1mbrica avanzada de 2,4 GHz de Logitech Proporciona la fiabilidad de un cable junto con la comodidad de la tecnolog\u00eda inal\u00e1mbrica en un radio de acci\u00f3n de hasta 10 metros, incluso en los entornos inal\u00e1mbricos m\u00e1s activos.<br \/>\n\u2022 El receptor Logitech\u00ae es tan min\u00fasculo que puede conectarlo y olvidarse de \u00e9l.<br \/>\n\u2022 Adem\u00e1s, el rat\u00f3n posee un compartimento de almacenamiento interno, que permite llevar el rat\u00f3n a cualquier lugar en el que se use el ordenador.<br \/>\n\u2022 24 meses de duraci\u00f3n de las pilas del teclado y 12 meses de la del rat\u00f3n (con suspensi\u00f3n autom\u00e1tica y conmutador de encendido\/apagado), para usarlos durante a\u00f1os sin preocuparse por cambiar las pilas.<br \/>\n\u2022 Idioma: espa\u00f1ol latino.<\/p>\n<\/div>\n<\/div>\n<div id=\"flix-inpage\">\n<div id=\"flixinpage_21619511664795574642\">\n<div id=\"inpage-iframe-modal\"><\/div>\n<div id=\"flix-logitech-amazon-inpage\" class=\"flix-width-2000\">\n<div id=\"flix-stdamazon-inpage\" class=\"flix-amezon-scrape flix-Premium-Template-A-plus-plus\">\n<div id=\"inpage_container\" class=\"inpage_1200\">\n<div class=\"inpage_selector_feature\">\n<div class=\"flix-module flix-f1\">\n<div class=\"flix-background-image\"><\/div>\n<\/div>\n<\/div>\n<\/div>\n<\/div>\n<\/div>\n<\/div>\n<\/div>\n","protected":false},"excerpt":{"rendered":"<p>COMBO INALAMBRICO MK270 \u2022 Logitech\u00ae Wireless Combo MK270. \u2022 Fiable combinaci\u00f3n inal\u00e1mbrica con min\u00fasculo nano receptor Logitech del tipo \u00abconectar y olvidar\u201d. \u2022 La tecnolog\u00eda inal\u00e1mbrica avanzada de 2,4 GHz de Logitech Proporciona la fiabilidad de un cable junto con la comodidad de la tecnolog\u00eda inal\u00e1mbrica en un radio de acci\u00f3n de hasta 10 metros, incluso en los entornos inal\u00e1mbricos m\u00e1s activos. \u2022 El receptor Logitech\u00ae es tan min\u00fasculo que puede conectarlo y olvidarse de \u00e9l. \u2022 Adem\u00e1s, el rat\u00f3n posee un compartimento de almacenamiento interno, que permite llevar el rat\u00f3n a cualquier lugar en el que se use el ordenador. \u2022 24 meses de duraci\u00f3n de las pilas del teclado y 12 meses de la del rat\u00f3n (con suspensi\u00f3n autom\u00e1tica y conmutador de encendido\/apagado), para usarlos durante a\u00f1os sin preocuparse por cambiar las pilas. \u2022 Idioma: espa\u00f1ol latino.<\/p>\n","protected":false},"featured_media":8403,"template":"","meta":{"site-sidebar-layout":"default","site-content-layout":"","ast-site-content-layout":"default","site-content-style":"default","site-sidebar-style":"default","ast-global-header-display":"","ast-banner-title-visibility":"","ast-main-header-display":"","ast-hfb-above-header-display":"","ast-hfb-below-header-display":"","ast-hfb-mobile-header-display":"","site-post-title":"","ast-breadcrumbs-content":"","ast-featured-img":"","footer-sml-layout":"","theme-transparent-header-meta":"","adv-header-id-meta":"","stick-header-meta":"","header-above-stick-meta":"","header-main-stick-meta":"","header-below-stick-meta":"","astra-migrate-meta-layouts":"default","ast-page-background-enabled":"default","ast-page-background-meta":{"desktop":{"background-color":"var(--ast-global-color-5)","background-image":"","background-repeat":"repeat","background-position":"center center","background-size":"auto","background-attachment":"scroll","background-type":"","background-media":"","overlay-type":"","overlay-color":"","overlay-opacity":"","overlay-gradient":""},"tablet":{"background-color":"","background-image":"","background-repeat":"repeat","background-position":"center center","background-size":"auto","background-attachment":"scroll","background-type":"","background-media":"","overlay-type":"","overlay-color":"","overlay-opacity":"","overlay-gradient":""},"mobile":{"background-color":"","background-image":"","background-repeat":"repeat","background-position":"center center","background-size":"auto","background-attachment":"scroll","background-type":"","background-media":"","overlay-type":"","overlay-color":"","overlay-opacity":"","overlay-gradient":""}},"ast-content-background-meta":{"desktop":{"background-color":"var(--ast-global-color-4)","background-image":"","background-repeat":"repeat","background-position":"center center","background-size":"auto","background-attachment":"scroll","background-type":"","background-media":"","overlay-type":"","overlay-color":"","overlay-opacity":"","overlay-gradient":""},"tablet":{"background-color":"var(--ast-global-color-4)","background-image":"","background-repeat":"repeat","background-position":"center center","background-size":"auto","background-attachment":"scroll","background-type":"","background-media":"","overlay-type":"","overlay-color":"","overlay-opacity":"","overlay-gradient":""},"mobile":{"background-color":"var(--ast-global-color-4)","background-image":"","background-repeat":"repeat","background-position":"center center","background-size":"auto","background-attachment":"scroll","background-type":"","background-media":"","overlay-type":"","overlay-color":"","overlay-opacity":"","overlay-gradient":""}},"_joinchat":[]},"product_brand":[],"product_cat":[90,91],"product_tag":[],"class_list":{"0":"post-5599","1":"product","2":"type-product","3":"status-publish","4":"has-post-thumbnail","6":"product_cat-inalambrico","7":"product_cat-teclados-inalambricos","8":"desktop-align-center","9":"tablet-align-left","10":"mobile-align-left","12":"first","13":"instock","14":"shipping-taxable","15":"purchasable","16":"product-type-simple"},"yoast_head":"<!-- This site is optimized with the Yoast SEO plugin v27.5 - https:\/\/yoast.com\/product\/yoast-seo-wordpress\/ -->\n<title>Teclado + Mouse Inalambrico LOGITECH MK270 - UnitGames<\/title>\n<meta name=\"robots\" content=\"index, follow, max-snippet:-1, max-image-preview:large, max-video-preview:-1\" \/>\n<link rel=\"canonical\" href=\"https:\/\/unitgames.com.ar\/pc-gamer\/producto\/teclado-y-mouse-inalambrico-logitech-mk270\/\" \/>\n<meta property=\"og:locale\" content=\"es_ES\" \/>\n<meta property=\"og:type\" content=\"article\" \/>\n<meta property=\"og:title\" content=\"Teclado + Mouse Inalambrico LOGITECH MK270 - UnitGames\" \/>\n<meta property=\"og:description\" content=\"COMBO INALAMBRICO MK270 \u2022 Logitech\u00ae Wireless Combo MK270. \u2022 Fiable combinaci\u00f3n inal\u00e1mbrica con min\u00fasculo nano receptor Logitech del tipo \u00abconectar y olvidar\u201d. \u2022 La tecnolog\u00eda inal\u00e1mbrica avanzada de 2,4 GHz de Logitech Proporciona la fiabilidad de un cable junto con la comodidad de la tecnolog\u00eda inal\u00e1mbrica en un radio de acci\u00f3n de hasta 10 metros, incluso en los entornos inal\u00e1mbricos m\u00e1s activos. \u2022 El receptor Logitech\u00ae es tan min\u00fasculo que puede conectarlo y olvidarse de \u00e9l. \u2022 Adem\u00e1s, el rat\u00f3n posee un compartimento de almacenamiento interno, que permite llevar el rat\u00f3n a cualquier lugar en el que se use el ordenador. \u2022 24 meses de duraci\u00f3n de las pilas del teclado y 12 meses de la del rat\u00f3n (con suspensi\u00f3n autom\u00e1tica y conmutador de encendido\/apagado), para usarlos durante a\u00f1os sin preocuparse por cambiar las pilas. \u2022 Idioma: espa\u00f1ol latino.\" \/>\n<meta property=\"og:url\" content=\"https:\/\/unitgames.com.ar\/pc-gamer\/producto\/teclado-y-mouse-inalambrico-logitech-mk270\/\" \/>\n<meta property=\"og:site_name\" content=\"UnitGames\" \/>\n<meta property=\"article:modified_time\" content=\"2026-01-09T10:10:37+00:00\" \/>\n<meta property=\"og:image\" content=\"https:\/\/unitgames.com.ar\/pc-gamer\/wp-content\/uploads\/2021\/07\/Teclado-Mouse-Inalambrico-LOGITECH-MK270.png\" \/>\n\t<meta property=\"og:image:width\" content=\"1282\" \/>\n\t<meta property=\"og:image:height\" content=\"1285\" \/>\n\t<meta property=\"og:image:type\" content=\"image\/png\" \/>\n<meta name=\"twitter:card\" content=\"summary_large_image\" \/>\n<meta name=\"twitter:label1\" content=\"Tiempo de lectura\" \/>\n\t<meta name=\"twitter:data1\" content=\"1 minuto\" \/>\n<script type=\"application\/ld+json\" class=\"yoast-schema-graph\">{\"@context\":\"https:\\\/\\\/schema.org\",\"@graph\":[{\"@type\":\"WebPage\",\"@id\":\"https:\\\/\\\/unitgames.com.ar\\\/pc-gamer\\\/producto\\\/teclado-y-mouse-inalambrico-logitech-mk270\\\/\",\"url\":\"https:\\\/\\\/unitgames.com.ar\\\/pc-gamer\\\/producto\\\/teclado-y-mouse-inalambrico-logitech-mk270\\\/\",\"name\":\"Teclado + Mouse Inalambrico LOGITECH MK270 - UnitGames\",\"isPartOf\":{\"@id\":\"https:\\\/\\\/unitgames.com.ar\\\/pc-gamer\\\/#website\"},\"primaryImageOfPage\":{\"@id\":\"https:\\\/\\\/unitgames.com.ar\\\/pc-gamer\\\/producto\\\/teclado-y-mouse-inalambrico-logitech-mk270\\\/#primaryimage\"},\"image\":{\"@id\":\"https:\\\/\\\/unitgames.com.ar\\\/pc-gamer\\\/producto\\\/teclado-y-mouse-inalambrico-logitech-mk270\\\/#primaryimage\"},\"thumbnailUrl\":\"https:\\\/\\\/unitgames.com.ar\\\/pc-gamer\\\/wp-content\\\/uploads\\\/2021\\\/07\\\/Teclado-Mouse-Inalambrico-LOGITECH-MK270.png\",\"datePublished\":\"2021-07-29T20:44:11+00:00\",\"dateModified\":\"2026-01-09T10:10:37+00:00\",\"breadcrumb\":{\"@id\":\"https:\\\/\\\/unitgames.com.ar\\\/pc-gamer\\\/producto\\\/teclado-y-mouse-inalambrico-logitech-mk270\\\/#breadcrumb\"},\"inLanguage\":\"es\",\"potentialAction\":[{\"@type\":\"ReadAction\",\"target\":[\"https:\\\/\\\/unitgames.com.ar\\\/pc-gamer\\\/producto\\\/teclado-y-mouse-inalambrico-logitech-mk270\\\/\"]}]},{\"@type\":\"ImageObject\",\"inLanguage\":\"es\",\"@id\":\"https:\\\/\\\/unitgames.com.ar\\\/pc-gamer\\\/producto\\\/teclado-y-mouse-inalambrico-logitech-mk270\\\/#primaryimage\",\"url\":\"https:\\\/\\\/unitgames.com.ar\\\/pc-gamer\\\/wp-content\\\/uploads\\\/2021\\\/07\\\/Teclado-Mouse-Inalambrico-LOGITECH-MK270.png\",\"contentUrl\":\"https:\\\/\\\/unitgames.com.ar\\\/pc-gamer\\\/wp-content\\\/uploads\\\/2021\\\/07\\\/Teclado-Mouse-Inalambrico-LOGITECH-MK270.png\",\"width\":1282,\"height\":1285},{\"@type\":\"BreadcrumbList\",\"@id\":\"https:\\\/\\\/unitgames.com.ar\\\/pc-gamer\\\/producto\\\/teclado-y-mouse-inalambrico-logitech-mk270\\\/#breadcrumb\",\"itemListElement\":[{\"@type\":\"ListItem\",\"position\":1,\"name\":\"Tienda\",\"item\":\"https:\\\/\\\/unitgames.com.ar\\\/pc-gamer\\\/tienda\\\/\"},{\"@type\":\"ListItem\",\"position\":2,\"name\":\"Teclado + Mouse Inalambrico LOGITECH MK270\"}]},{\"@type\":\"WebSite\",\"@id\":\"https:\\\/\\\/unitgames.com.ar\\\/pc-gamer\\\/#website\",\"url\":\"https:\\\/\\\/unitgames.com.ar\\\/pc-gamer\\\/\",\"name\":\"UnitGames\",\"description\":\"Venta de PC Gamers, Consolas , Servicio Tecnico Especializado. Todos en Accesorios Informaticos y Gamers\",\"publisher\":{\"@id\":\"https:\\\/\\\/unitgames.com.ar\\\/pc-gamer\\\/#organization\"},\"potentialAction\":[{\"@type\":\"SearchAction\",\"target\":{\"@type\":\"EntryPoint\",\"urlTemplate\":\"https:\\\/\\\/unitgames.com.ar\\\/pc-gamer\\\/?s={search_term_string}\"},\"query-input\":{\"@type\":\"PropertyValueSpecification\",\"valueRequired\":true,\"valueName\":\"search_term_string\"}}],\"inLanguage\":\"es\"},{\"@type\":\"Organization\",\"@id\":\"https:\\\/\\\/unitgames.com.ar\\\/pc-gamer\\\/#organization\",\"name\":\"UnitGames\",\"url\":\"https:\\\/\\\/unitgames.com.ar\\\/pc-gamer\\\/\",\"logo\":{\"@type\":\"ImageObject\",\"inLanguage\":\"es\",\"@id\":\"https:\\\/\\\/unitgames.com.ar\\\/pc-gamer\\\/#\\\/schema\\\/logo\\\/image\\\/\",\"url\":\"https:\\\/\\\/unitgames.com.ar\\\/pc-gamer\\\/wp-content\\\/uploads\\\/2021\\\/01\\\/cropped-logoUnitGames2.png\",\"contentUrl\":\"https:\\\/\\\/unitgames.com.ar\\\/pc-gamer\\\/wp-content\\\/uploads\\\/2021\\\/01\\\/cropped-logoUnitGames2.png\",\"width\":152,\"height\":200,\"caption\":\"UnitGames\"},\"image\":{\"@id\":\"https:\\\/\\\/unitgames.com.ar\\\/pc-gamer\\\/#\\\/schema\\\/logo\\\/image\\\/\"}}]}<\/script>\n<!-- \/ Yoast SEO plugin. -->","yoast_head_json":{"title":"Teclado + Mouse Inalambrico LOGITECH MK270 - UnitGames","robots":{"index":"index","follow":"follow","max-snippet":"max-snippet:-1","max-image-preview":"max-image-preview:large","max-video-preview":"max-video-preview:-1"},"canonical":"https:\/\/unitgames.com.ar\/pc-gamer\/producto\/teclado-y-mouse-inalambrico-logitech-mk270\/","og_locale":"es_ES","og_type":"article","og_title":"Teclado + Mouse Inalambrico LOGITECH MK270 - UnitGames","og_description":"COMBO INALAMBRICO MK270 \u2022 Logitech\u00ae Wireless Combo MK270. \u2022 Fiable combinaci\u00f3n inal\u00e1mbrica con min\u00fasculo nano receptor Logitech del tipo \u00abconectar y olvidar\u201d. \u2022 La tecnolog\u00eda inal\u00e1mbrica avanzada de 2,4 GHz de Logitech Proporciona la fiabilidad de un cable junto con la comodidad de la tecnolog\u00eda inal\u00e1mbrica en un radio de acci\u00f3n de hasta 10 metros, incluso en los entornos inal\u00e1mbricos m\u00e1s activos. \u2022 El receptor Logitech\u00ae es tan min\u00fasculo que puede conectarlo y olvidarse de \u00e9l. \u2022 Adem\u00e1s, el rat\u00f3n posee un compartimento de almacenamiento interno, que permite llevar el rat\u00f3n a cualquier lugar en el que se use el ordenador. \u2022 24 meses de duraci\u00f3n de las pilas del teclado y 12 meses de la del rat\u00f3n (con suspensi\u00f3n autom\u00e1tica y conmutador de encendido\/apagado), para usarlos durante a\u00f1os sin preocuparse por cambiar las pilas. \u2022 Idioma: espa\u00f1ol latino.","og_url":"https:\/\/unitgames.com.ar\/pc-gamer\/producto\/teclado-y-mouse-inalambrico-logitech-mk270\/","og_site_name":"UnitGames","article_modified_time":"2026-01-09T10:10:37+00:00","og_image":[{"width":1282,"height":1285,"url":"https:\/\/unitgames.com.ar\/pc-gamer\/wp-content\/uploads\/2021\/07\/Teclado-Mouse-Inalambrico-LOGITECH-MK270.png","type":"image\/png"}],"twitter_card":"summary_large_image","twitter_misc":{"Tiempo de lectura":"1 minuto"},"schema":{"@context":"https:\/\/schema.org","@graph":[{"@type":"WebPage","@id":"https:\/\/unitgames.com.ar\/pc-gamer\/producto\/teclado-y-mouse-inalambrico-logitech-mk270\/","url":"https:\/\/unitgames.com.ar\/pc-gamer\/producto\/teclado-y-mouse-inalambrico-logitech-mk270\/","name":"Teclado + Mouse Inalambrico LOGITECH MK270 - UnitGames","isPartOf":{"@id":"https:\/\/unitgames.com.ar\/pc-gamer\/#website"},"primaryImageOfPage":{"@id":"https:\/\/unitgames.com.ar\/pc-gamer\/producto\/teclado-y-mouse-inalambrico-logitech-mk270\/#primaryimage"},"image":{"@id":"https:\/\/unitgames.com.ar\/pc-gamer\/producto\/teclado-y-mouse-inalambrico-logitech-mk270\/#primaryimage"},"thumbnailUrl":"https:\/\/unitgames.com.ar\/pc-gamer\/wp-content\/uploads\/2021\/07\/Teclado-Mouse-Inalambrico-LOGITECH-MK270.png","datePublished":"2021-07-29T20:44:11+00:00","dateModified":"2026-01-09T10:10:37+00:00","breadcrumb":{"@id":"https:\/\/unitgames.com.ar\/pc-gamer\/producto\/teclado-y-mouse-inalambrico-logitech-mk270\/#breadcrumb"},"inLanguage":"es","potentialAction":[{"@type":"ReadAction","target":["https:\/\/unitgames.com.ar\/pc-gamer\/producto\/teclado-y-mouse-inalambrico-logitech-mk270\/"]}]},{"@type":"ImageObject","inLanguage":"es","@id":"https:\/\/unitgames.com.ar\/pc-gamer\/producto\/teclado-y-mouse-inalambrico-logitech-mk270\/#primaryimage","url":"https:\/\/unitgames.com.ar\/pc-gamer\/wp-content\/uploads\/2021\/07\/Teclado-Mouse-Inalambrico-LOGITECH-MK270.png","contentUrl":"https:\/\/unitgames.com.ar\/pc-gamer\/wp-content\/uploads\/2021\/07\/Teclado-Mouse-Inalambrico-LOGITECH-MK270.png","width":1282,"height":1285},{"@type":"BreadcrumbList","@id":"https:\/\/unitgames.com.ar\/pc-gamer\/producto\/teclado-y-mouse-inalambrico-logitech-mk270\/#breadcrumb","itemListElement":[{"@type":"ListItem","position":1,"name":"Tienda","item":"https:\/\/unitgames.com.ar\/pc-gamer\/tienda\/"},{"@type":"ListItem","position":2,"name":"Teclado + Mouse Inalambrico LOGITECH MK270"}]},{"@type":"WebSite","@id":"https:\/\/unitgames.com.ar\/pc-gamer\/#website","url":"https:\/\/unitgames.com.ar\/pc-gamer\/","name":"UnitGames","description":"Venta de PC Gamers, Consolas , Servicio Tecnico Especializado. Todos en Accesorios Informaticos y Gamers","publisher":{"@id":"https:\/\/unitgames.com.ar\/pc-gamer\/#organization"},"potentialAction":[{"@type":"SearchAction","target":{"@type":"EntryPoint","urlTemplate":"https:\/\/unitgames.com.ar\/pc-gamer\/?s={search_term_string}"},"query-input":{"@type":"PropertyValueSpecification","valueRequired":true,"valueName":"search_term_string"}}],"inLanguage":"es"},{"@type":"Organization","@id":"https:\/\/unitgames.com.ar\/pc-gamer\/#organization","name":"UnitGames","url":"https:\/\/unitgames.com.ar\/pc-gamer\/","logo":{"@type":"ImageObject","inLanguage":"es","@id":"https:\/\/unitgames.com.ar\/pc-gamer\/#\/schema\/logo\/image\/","url":"https:\/\/unitgames.com.ar\/pc-gamer\/wp-content\/uploads\/2021\/01\/cropped-logoUnitGames2.png","contentUrl":"https:\/\/unitgames.com.ar\/pc-gamer\/wp-content\/uploads\/2021\/01\/cropped-logoUnitGames2.png","width":152,"height":200,"caption":"UnitGames"},"image":{"@id":"https:\/\/unitgames.com.ar\/pc-gamer\/#\/schema\/logo\/image\/"}}]}},"_links":{"self":[{"href":"https:\/\/unitgames.com.ar\/pc-gamer\/wp-json\/wp\/v2\/product\/5599","targetHints":{"allow":["GET"]}}],"collection":[{"href":"https:\/\/unitgames.com.ar\/pc-gamer\/wp-json\/wp\/v2\/product"}],"about":[{"href":"https:\/\/unitgames.com.ar\/pc-gamer\/wp-json\/wp\/v2\/types\/product"}],"version-history":[{"count":0,"href":"https:\/\/unitgames.com.ar\/pc-gamer\/wp-json\/wp\/v2\/product\/5599\/revisions"}],"wp:featuredmedia":[{"embeddable":true,"href":"https:\/\/unitgames.com.ar\/pc-gamer\/wp-json\/wp\/v2\/media\/8403"}],"wp:attachment":[{"href":"https:\/\/unitgames.com.ar\/pc-gamer\/wp-json\/wp\/v2\/media?parent=5599"}],"wp:term":[{"taxonomy":"product_brand","embeddable":true,"href":"https:\/\/unitgames.com.ar\/pc-gamer\/wp-json\/wp\/v2\/product_brand?post=5599"},{"taxonomy":"product_cat","embeddable":true,"href":"https:\/\/unitgames.com.ar\/pc-gamer\/wp-json\/wp\/v2\/product_cat?post=5599"},{"taxonomy":"product_tag","embeddable":true,"href":"https:\/\/unitgames.com.ar\/pc-gamer\/wp-json\/wp\/v2\/product_tag?post=5599"}],"curies":[{"name":"wp","href":"https:\/\/api.w.org\/{rel}","templated":true}]}}