{"id":5820,"date":"2021-08-24T20:42:22","date_gmt":"2021-08-24T20:42:22","guid":{"rendered":"https:\/\/unitgames.com.ar\/pc-gamers\/?post_type=product&#038;p=5820"},"modified":"2026-05-06T18:00:25","modified_gmt":"2026-05-06T21:00:25","slug":"microprocesador-ryzen-7-5700","status":"publish","type":"product","link":"https:\/\/unitgames.com.ar\/pc-gamer\/producto\/microprocesador-ryzen-7-5700\/","title":{"rendered":"Microprocesador RYZEN 7 5700"},"content":{"rendered":"<p data-start=\"0\" data-end=\"112\"><span class=\"relative -mx-px my-[-0.2rem] rounded px-px py-[0.2rem] transition-colors duration-100 ease-in-out\">El <strong data-start=\"3\" data-end=\"23\">AMD Ryzen 7 5700<\/strong> es un procesador de escritorio de alto rendimiento que forma parte de la familia Ryzen 5000, basado en la arquitectura Zen 3.<\/span> <span class=\"relative -mx-px my-[-0.2rem] rounded px-px py-[0.2rem] transition-colors duration-100 ease-in-out\">Es una opci\u00f3n s\u00f3lida para usuarios que buscan potencia multitarea, eficiencia energ\u00e9tica y compatibilidad con la plataforma AM4.<\/span><\/p>\n<hr data-start=\"114\" data-end=\"117\" \/>\n<h3 data-start=\"119\" data-end=\"151\"><span style=\"color: #000000;\">\u00a0Especificaciones t\u00e9cnicas<\/span><\/h3>\n<p>&nbsp;<\/p>\n<ul>\n<li data-start=\"155\" data-end=\"213\"><strong data-start=\"155\" data-end=\"174\">N\u00facleos \/ Hilos<\/strong>: <span class=\"relative -mx-px my-[-0.2rem] rounded px-px py-[0.2rem] transition-colors duration-100 ease-in-out\">8 n\u00facleos y 16 hilos<\/span><\/li>\n<li data-start=\"216\" data-end=\"276\"><strong data-start=\"216\" data-end=\"235\">Frecuencia base<\/strong>: <span class=\"relative -mx-px my-[-0.2rem] rounded px-px py-[0.2rem] transition-colors duration-100 ease-in-out\">3.7 GHz<\/span><\/li>\n<li data-start=\"279\" data-end=\"340\"><strong data-start=\"279\" data-end=\"299\">Frecuencia turbo<\/strong>: <span class=\"relative -mx-px my-[-0.2rem] rounded px-px py-[0.2rem] transition-colors duration-100 ease-in-out\">hasta 4.6 GHz<\/span><\/li>\n<li data-start=\"343\" data-end=\"396\"><strong data-start=\"343\" data-end=\"355\">Cach\u00e9 L3<\/strong>: <span class=\"relative -mx-px my-[-0.2rem] rounded px-px py-[0.2rem] transition-colors duration-100 ease-in-out\">16 MB<\/span><\/li>\n<li data-start=\"399\" data-end=\"414\"><strong data-start=\"399\" data-end=\"409\">Socket<\/strong>: AM4<\/li>\n<li data-start=\"417\" data-end=\"452\"><strong data-start=\"417\" data-end=\"446\">Tecnolog\u00eda de fabricaci\u00f3n<\/strong>: 7 nm<\/li>\n<li data-start=\"455\" data-end=\"468\"><strong data-start=\"455\" data-end=\"462\">TDP<\/strong>: 65 W<\/li>\n<li data-start=\"471\" data-end=\"535\"><strong data-start=\"471\" data-end=\"494\">Gr\u00e1ficos integrados<\/strong>: <span class=\"relative -mx-px my-[-0.2rem] rounded px-px py-[0.2rem] transition-colors duration-100 ease-in-out\">No incluye GPU integrada<\/span><\/li>\n<li data-start=\"538\" data-end=\"637\"><strong data-start=\"538\" data-end=\"557\">Cooler incluido<\/strong>: <span class=\"relative -mx-px my-[-0.2rem] rounded px-px py-[0.2rem] transition-colors duration-100 ease-in-out\">S\u00ed, AMD Wraith Spire<\/span><\/li>\n<\/ul>\n<p data-start=\"639\" data-end=\"717\"><span class=\"relative -mx-px my-[-0.2rem] rounded px-px py-[0.2rem] transition-colors duration-100 ease-in-out\">Este procesador es ideal para tareas exigentes como edici\u00f3n de video, dise\u00f1o gr\u00e1fico y gaming, siempre que se utilice con una tarjeta gr\u00e1fica dedicada<\/span><\/p>\n","protected":false},"excerpt":{"rendered":"<p>El AMD Ryzen 7 5700 es un procesador de escritorio de alto rendimiento que forma parte de la familia Ryzen 5000, basado en la arquitectura Zen 3. Es una opci\u00f3n s\u00f3lida para usuarios que buscan potencia multitarea, eficiencia energ\u00e9tica y compatibilidad con la plataforma AM4. \u00a0Especificaciones t\u00e9cnicas &nbsp; N\u00facleos \/ Hilos: 8 n\u00facleos y 16 hilos Frecuencia base: 3.7 GHz Frecuencia turbo: hasta 4.6 GHz Cach\u00e9 L3: 16 MB Socket: AM4 Tecnolog\u00eda de fabricaci\u00f3n: 7 nm TDP: 65 W Gr\u00e1ficos integrados: No incluye GPU integrada Cooler incluido: S\u00ed, AMD Wraith Spire Este procesador es ideal para tareas exigentes como edici\u00f3n de video, dise\u00f1o gr\u00e1fico y gaming, siempre que se utilice con una tarjeta gr\u00e1fica dedicada<\/p>\n","protected":false},"featured_media":15200,"template":"","meta":{"site-sidebar-layout":"default","site-content-layout":"","ast-site-content-layout":"default","site-content-style":"default","site-sidebar-style":"default","ast-global-header-display":"","ast-banner-title-visibility":"","ast-main-header-display":"","ast-hfb-above-header-display":"","ast-hfb-below-header-display":"","ast-hfb-mobile-header-display":"","site-post-title":"","ast-breadcrumbs-content":"","ast-featured-img":"","footer-sml-layout":"","theme-transparent-header-meta":"default","adv-header-id-meta":"","stick-header-meta":"","header-above-stick-meta":"","header-main-stick-meta":"","header-below-stick-meta":"","astra-migrate-meta-layouts":"set","ast-page-background-enabled":"default","ast-page-background-meta":{"desktop":{"background-color":"var(--ast-global-color-5)","background-image":"","background-repeat":"repeat","background-position":"center center","background-size":"auto","background-attachment":"scroll","background-type":"","background-media":"","overlay-type":"","overlay-color":"","overlay-opacity":"","overlay-gradient":""},"tablet":{"background-color":"","background-image":"","background-repeat":"repeat","background-position":"center center","background-size":"auto","background-attachment":"scroll","background-type":"","background-media":"","overlay-type":"","overlay-color":"","overlay-opacity":"","overlay-gradient":""},"mobile":{"background-color":"","background-image":"","background-repeat":"repeat","background-position":"center center","background-size":"auto","background-attachment":"scroll","background-type":"","background-media":"","overlay-type":"","overlay-color":"","overlay-opacity":"","overlay-gradient":""}},"ast-content-background-meta":{"desktop":{"background-color":"var(--ast-global-color-4)","background-image":"","background-repeat":"repeat","background-position":"center center","background-size":"auto","background-attachment":"scroll","background-type":"","background-media":"","overlay-type":"","overlay-color":"","overlay-opacity":"","overlay-gradient":""},"tablet":{"background-color":"var(--ast-global-color-4)","background-image":"","background-repeat":"repeat","background-position":"center center","background-size":"auto","background-attachment":"scroll","background-type":"","background-media":"","overlay-type":"","overlay-color":"","overlay-opacity":"","overlay-gradient":""},"mobile":{"background-color":"var(--ast-global-color-4)","background-image":"","background-repeat":"repeat","background-position":"center center","background-size":"auto","background-attachment":"scroll","background-type":"","background-media":"","overlay-type":"","overlay-color":"","overlay-opacity":"","overlay-gradient":""}},"_joinchat":[]},"product_brand":[],"product_cat":[69],"product_tag":[],"class_list":{"0":"post-5820","1":"product","2":"type-product","3":"status-publish","4":"has-post-thumbnail","6":"product_cat-microprocesadores","7":"desktop-align-center","8":"tablet-align-left","9":"mobile-align-left","11":"first","12":"instock","13":"shipping-taxable","14":"purchasable","15":"product-type-simple"},"yoast_head":"<!-- This site is optimized with the Yoast SEO plugin v27.5 - https:\/\/yoast.com\/product\/yoast-seo-wordpress\/ -->\n<title>Microprocesador RYZEN 7 5700 - UnitGames<\/title>\n<meta name=\"robots\" content=\"index, follow, max-snippet:-1, max-image-preview:large, max-video-preview:-1\" \/>\n<link rel=\"canonical\" href=\"https:\/\/unitgames.com.ar\/pc-gamer\/producto\/microprocesador-ryzen-7-5700\/\" \/>\n<meta property=\"og:locale\" content=\"es_ES\" \/>\n<meta property=\"og:type\" content=\"article\" \/>\n<meta property=\"og:title\" content=\"Microprocesador RYZEN 7 5700 - UnitGames\" \/>\n<meta property=\"og:description\" content=\"El AMD Ryzen 7 5700 es un procesador de escritorio de alto rendimiento que forma parte de la familia Ryzen 5000, basado en la arquitectura Zen 3. Es una opci\u00f3n s\u00f3lida para usuarios que buscan potencia multitarea, eficiencia energ\u00e9tica y compatibilidad con la plataforma AM4. \u00a0Especificaciones t\u00e9cnicas &nbsp; N\u00facleos \/ Hilos: 8 n\u00facleos y 16 hilos Frecuencia base: 3.7 GHz Frecuencia turbo: hasta 4.6 GHz Cach\u00e9 L3: 16 MB Socket: AM4 Tecnolog\u00eda de fabricaci\u00f3n: 7 nm TDP: 65 W Gr\u00e1ficos integrados: No incluye GPU integrada Cooler incluido: S\u00ed, AMD Wraith Spire Este procesador es ideal para tareas exigentes como edici\u00f3n de video, dise\u00f1o gr\u00e1fico y gaming, siempre que se utilice con una tarjeta gr\u00e1fica dedicada\" \/>\n<meta property=\"og:url\" content=\"https:\/\/unitgames.com.ar\/pc-gamer\/producto\/microprocesador-ryzen-7-5700\/\" \/>\n<meta property=\"og:site_name\" content=\"UnitGames\" \/>\n<meta property=\"article:modified_time\" content=\"2026-05-06T21:00:25+00:00\" \/>\n<meta property=\"og:image\" content=\"https:\/\/unitgames.com.ar\/pc-gamer\/wp-content\/uploads\/2021\/08\/Microprocesador-RYZEN-7-5700-1.png\" \/>\n\t<meta property=\"og:image:width\" content=\"1286\" \/>\n\t<meta property=\"og:image:height\" content=\"1285\" \/>\n\t<meta property=\"og:image:type\" content=\"image\/png\" \/>\n<meta name=\"twitter:card\" content=\"summary_large_image\" \/>\n<meta name=\"twitter:label1\" content=\"Tiempo de lectura\" \/>\n\t<meta name=\"twitter:data1\" content=\"1 minuto\" \/>\n<script type=\"application\/ld+json\" class=\"yoast-schema-graph\">{\"@context\":\"https:\\\/\\\/schema.org\",\"@graph\":[{\"@type\":\"WebPage\",\"@id\":\"https:\\\/\\\/unitgames.com.ar\\\/pc-gamer\\\/producto\\\/microprocesador-ryzen-7-5700\\\/\",\"url\":\"https:\\\/\\\/unitgames.com.ar\\\/pc-gamer\\\/producto\\\/microprocesador-ryzen-7-5700\\\/\",\"name\":\"Microprocesador RYZEN 7 5700 - UnitGames\",\"isPartOf\":{\"@id\":\"https:\\\/\\\/unitgames.com.ar\\\/pc-gamer\\\/#website\"},\"primaryImageOfPage\":{\"@id\":\"https:\\\/\\\/unitgames.com.ar\\\/pc-gamer\\\/producto\\\/microprocesador-ryzen-7-5700\\\/#primaryimage\"},\"image\":{\"@id\":\"https:\\\/\\\/unitgames.com.ar\\\/pc-gamer\\\/producto\\\/microprocesador-ryzen-7-5700\\\/#primaryimage\"},\"thumbnailUrl\":\"https:\\\/\\\/unitgames.com.ar\\\/pc-gamer\\\/wp-content\\\/uploads\\\/2021\\\/08\\\/Microprocesador-RYZEN-7-5700-1.png\",\"datePublished\":\"2021-08-24T20:42:22+00:00\",\"dateModified\":\"2026-05-06T21:00:25+00:00\",\"breadcrumb\":{\"@id\":\"https:\\\/\\\/unitgames.com.ar\\\/pc-gamer\\\/producto\\\/microprocesador-ryzen-7-5700\\\/#breadcrumb\"},\"inLanguage\":\"es\",\"potentialAction\":[{\"@type\":\"ReadAction\",\"target\":[\"https:\\\/\\\/unitgames.com.ar\\\/pc-gamer\\\/producto\\\/microprocesador-ryzen-7-5700\\\/\"]}]},{\"@type\":\"ImageObject\",\"inLanguage\":\"es\",\"@id\":\"https:\\\/\\\/unitgames.com.ar\\\/pc-gamer\\\/producto\\\/microprocesador-ryzen-7-5700\\\/#primaryimage\",\"url\":\"https:\\\/\\\/unitgames.com.ar\\\/pc-gamer\\\/wp-content\\\/uploads\\\/2021\\\/08\\\/Microprocesador-RYZEN-7-5700-1.png\",\"contentUrl\":\"https:\\\/\\\/unitgames.com.ar\\\/pc-gamer\\\/wp-content\\\/uploads\\\/2021\\\/08\\\/Microprocesador-RYZEN-7-5700-1.png\",\"width\":1286,\"height\":1285},{\"@type\":\"BreadcrumbList\",\"@id\":\"https:\\\/\\\/unitgames.com.ar\\\/pc-gamer\\\/producto\\\/microprocesador-ryzen-7-5700\\\/#breadcrumb\",\"itemListElement\":[{\"@type\":\"ListItem\",\"position\":1,\"name\":\"Tienda\",\"item\":\"https:\\\/\\\/unitgames.com.ar\\\/pc-gamer\\\/tienda\\\/\"},{\"@type\":\"ListItem\",\"position\":2,\"name\":\"Microprocesador RYZEN 7 5700\"}]},{\"@type\":\"WebSite\",\"@id\":\"https:\\\/\\\/unitgames.com.ar\\\/pc-gamer\\\/#website\",\"url\":\"https:\\\/\\\/unitgames.com.ar\\\/pc-gamer\\\/\",\"name\":\"UnitGames\",\"description\":\"Venta de PC Gamers, Consolas , Servicio Tecnico Especializado. Todos en Accesorios Informaticos y Gamers\",\"publisher\":{\"@id\":\"https:\\\/\\\/unitgames.com.ar\\\/pc-gamer\\\/#organization\"},\"potentialAction\":[{\"@type\":\"SearchAction\",\"target\":{\"@type\":\"EntryPoint\",\"urlTemplate\":\"https:\\\/\\\/unitgames.com.ar\\\/pc-gamer\\\/?s={search_term_string}\"},\"query-input\":{\"@type\":\"PropertyValueSpecification\",\"valueRequired\":true,\"valueName\":\"search_term_string\"}}],\"inLanguage\":\"es\"},{\"@type\":\"Organization\",\"@id\":\"https:\\\/\\\/unitgames.com.ar\\\/pc-gamer\\\/#organization\",\"name\":\"UnitGames\",\"url\":\"https:\\\/\\\/unitgames.com.ar\\\/pc-gamer\\\/\",\"logo\":{\"@type\":\"ImageObject\",\"inLanguage\":\"es\",\"@id\":\"https:\\\/\\\/unitgames.com.ar\\\/pc-gamer\\\/#\\\/schema\\\/logo\\\/image\\\/\",\"url\":\"https:\\\/\\\/unitgames.com.ar\\\/pc-gamer\\\/wp-content\\\/uploads\\\/2021\\\/01\\\/cropped-logoUnitGames2.png\",\"contentUrl\":\"https:\\\/\\\/unitgames.com.ar\\\/pc-gamer\\\/wp-content\\\/uploads\\\/2021\\\/01\\\/cropped-logoUnitGames2.png\",\"width\":152,\"height\":200,\"caption\":\"UnitGames\"},\"image\":{\"@id\":\"https:\\\/\\\/unitgames.com.ar\\\/pc-gamer\\\/#\\\/schema\\\/logo\\\/image\\\/\"}}]}<\/script>\n<!-- \/ Yoast SEO plugin. -->","yoast_head_json":{"title":"Microprocesador RYZEN 7 5700 - UnitGames","robots":{"index":"index","follow":"follow","max-snippet":"max-snippet:-1","max-image-preview":"max-image-preview:large","max-video-preview":"max-video-preview:-1"},"canonical":"https:\/\/unitgames.com.ar\/pc-gamer\/producto\/microprocesador-ryzen-7-5700\/","og_locale":"es_ES","og_type":"article","og_title":"Microprocesador RYZEN 7 5700 - UnitGames","og_description":"El AMD Ryzen 7 5700 es un procesador de escritorio de alto rendimiento que forma parte de la familia Ryzen 5000, basado en la arquitectura Zen 3. Es una opci\u00f3n s\u00f3lida para usuarios que buscan potencia multitarea, eficiencia energ\u00e9tica y compatibilidad con la plataforma AM4. \u00a0Especificaciones t\u00e9cnicas &nbsp; N\u00facleos \/ Hilos: 8 n\u00facleos y 16 hilos Frecuencia base: 3.7 GHz Frecuencia turbo: hasta 4.6 GHz Cach\u00e9 L3: 16 MB Socket: AM4 Tecnolog\u00eda de fabricaci\u00f3n: 7 nm TDP: 65 W Gr\u00e1ficos integrados: No incluye GPU integrada Cooler incluido: S\u00ed, AMD Wraith Spire Este procesador es ideal para tareas exigentes como edici\u00f3n de video, dise\u00f1o gr\u00e1fico y gaming, siempre que se utilice con una tarjeta gr\u00e1fica dedicada","og_url":"https:\/\/unitgames.com.ar\/pc-gamer\/producto\/microprocesador-ryzen-7-5700\/","og_site_name":"UnitGames","article_modified_time":"2026-05-06T21:00:25+00:00","og_image":[{"width":1286,"height":1285,"url":"https:\/\/unitgames.com.ar\/pc-gamer\/wp-content\/uploads\/2021\/08\/Microprocesador-RYZEN-7-5700-1.png","type":"image\/png"}],"twitter_card":"summary_large_image","twitter_misc":{"Tiempo de lectura":"1 minuto"},"schema":{"@context":"https:\/\/schema.org","@graph":[{"@type":"WebPage","@id":"https:\/\/unitgames.com.ar\/pc-gamer\/producto\/microprocesador-ryzen-7-5700\/","url":"https:\/\/unitgames.com.ar\/pc-gamer\/producto\/microprocesador-ryzen-7-5700\/","name":"Microprocesador RYZEN 7 5700 - UnitGames","isPartOf":{"@id":"https:\/\/unitgames.com.ar\/pc-gamer\/#website"},"primaryImageOfPage":{"@id":"https:\/\/unitgames.com.ar\/pc-gamer\/producto\/microprocesador-ryzen-7-5700\/#primaryimage"},"image":{"@id":"https:\/\/unitgames.com.ar\/pc-gamer\/producto\/microprocesador-ryzen-7-5700\/#primaryimage"},"thumbnailUrl":"https:\/\/unitgames.com.ar\/pc-gamer\/wp-content\/uploads\/2021\/08\/Microprocesador-RYZEN-7-5700-1.png","datePublished":"2021-08-24T20:42:22+00:00","dateModified":"2026-05-06T21:00:25+00:00","breadcrumb":{"@id":"https:\/\/unitgames.com.ar\/pc-gamer\/producto\/microprocesador-ryzen-7-5700\/#breadcrumb"},"inLanguage":"es","potentialAction":[{"@type":"ReadAction","target":["https:\/\/unitgames.com.ar\/pc-gamer\/producto\/microprocesador-ryzen-7-5700\/"]}]},{"@type":"ImageObject","inLanguage":"es","@id":"https:\/\/unitgames.com.ar\/pc-gamer\/producto\/microprocesador-ryzen-7-5700\/#primaryimage","url":"https:\/\/unitgames.com.ar\/pc-gamer\/wp-content\/uploads\/2021\/08\/Microprocesador-RYZEN-7-5700-1.png","contentUrl":"https:\/\/unitgames.com.ar\/pc-gamer\/wp-content\/uploads\/2021\/08\/Microprocesador-RYZEN-7-5700-1.png","width":1286,"height":1285},{"@type":"BreadcrumbList","@id":"https:\/\/unitgames.com.ar\/pc-gamer\/producto\/microprocesador-ryzen-7-5700\/#breadcrumb","itemListElement":[{"@type":"ListItem","position":1,"name":"Tienda","item":"https:\/\/unitgames.com.ar\/pc-gamer\/tienda\/"},{"@type":"ListItem","position":2,"name":"Microprocesador RYZEN 7 5700"}]},{"@type":"WebSite","@id":"https:\/\/unitgames.com.ar\/pc-gamer\/#website","url":"https:\/\/unitgames.com.ar\/pc-gamer\/","name":"UnitGames","description":"Venta de PC Gamers, Consolas , Servicio Tecnico Especializado. Todos en Accesorios Informaticos y Gamers","publisher":{"@id":"https:\/\/unitgames.com.ar\/pc-gamer\/#organization"},"potentialAction":[{"@type":"SearchAction","target":{"@type":"EntryPoint","urlTemplate":"https:\/\/unitgames.com.ar\/pc-gamer\/?s={search_term_string}"},"query-input":{"@type":"PropertyValueSpecification","valueRequired":true,"valueName":"search_term_string"}}],"inLanguage":"es"},{"@type":"Organization","@id":"https:\/\/unitgames.com.ar\/pc-gamer\/#organization","name":"UnitGames","url":"https:\/\/unitgames.com.ar\/pc-gamer\/","logo":{"@type":"ImageObject","inLanguage":"es","@id":"https:\/\/unitgames.com.ar\/pc-gamer\/#\/schema\/logo\/image\/","url":"https:\/\/unitgames.com.ar\/pc-gamer\/wp-content\/uploads\/2021\/01\/cropped-logoUnitGames2.png","contentUrl":"https:\/\/unitgames.com.ar\/pc-gamer\/wp-content\/uploads\/2021\/01\/cropped-logoUnitGames2.png","width":152,"height":200,"caption":"UnitGames"},"image":{"@id":"https:\/\/unitgames.com.ar\/pc-gamer\/#\/schema\/logo\/image\/"}}]}},"_links":{"self":[{"href":"https:\/\/unitgames.com.ar\/pc-gamer\/wp-json\/wp\/v2\/product\/5820","targetHints":{"allow":["GET"]}}],"collection":[{"href":"https:\/\/unitgames.com.ar\/pc-gamer\/wp-json\/wp\/v2\/product"}],"about":[{"href":"https:\/\/unitgames.com.ar\/pc-gamer\/wp-json\/wp\/v2\/types\/product"}],"version-history":[{"count":0,"href":"https:\/\/unitgames.com.ar\/pc-gamer\/wp-json\/wp\/v2\/product\/5820\/revisions"}],"wp:featuredmedia":[{"embeddable":true,"href":"https:\/\/unitgames.com.ar\/pc-gamer\/wp-json\/wp\/v2\/media\/15200"}],"wp:attachment":[{"href":"https:\/\/unitgames.com.ar\/pc-gamer\/wp-json\/wp\/v2\/media?parent=5820"}],"wp:term":[{"taxonomy":"product_brand","embeddable":true,"href":"https:\/\/unitgames.com.ar\/pc-gamer\/wp-json\/wp\/v2\/product_brand?post=5820"},{"taxonomy":"product_cat","embeddable":true,"href":"https:\/\/unitgames.com.ar\/pc-gamer\/wp-json\/wp\/v2\/product_cat?post=5820"},{"taxonomy":"product_tag","embeddable":true,"href":"https:\/\/unitgames.com.ar\/pc-gamer\/wp-json\/wp\/v2\/product_tag?post=5820"}],"curies":[{"name":"wp","href":"https:\/\/api.w.org\/{rel}","templated":true}]}}