{"id":6491,"date":"2021-12-18T15:56:32","date_gmt":"2021-12-18T15:56:32","guid":{"rendered":"https:\/\/unitgames.com.ar\/pc-gamers\/?post_type=product&#038;p=6491"},"modified":"2026-04-16T01:07:55","modified_gmt":"2026-04-16T04:07:55","slug":"teclado-mecanico-redragon-kumara-2-rainbow-switch-red","status":"publish","type":"product","link":"https:\/\/unitgames.com.ar\/pc-gamer\/producto\/teclado-mecanico-redragon-kumara-2-rainbow-switch-red\/","title":{"rendered":"Teclado Mecanico REDRAGON Kumara 2 Rainbow Switch Red Negro"},"content":{"rendered":"<h2 class=\"desc-title\">Descripci\u00f3n<\/h2>\n<div id=\"wc-power-page\">\n<p>Un teclado completo, con retroiluminaci\u00f3n y la construcci\u00f3n perfecta para todos tus juegos.<\/p>\n<p>&#8211;\u00a0<strong>Tipo Teclado:\u00a0<\/strong>Mec\u00e1nicos<br \/>\n&#8211;<strong>\u00a0Tipo Switch:\u00a0<\/strong>Redragon Red, t\u00e1ctil.<br \/>\n&#8211;\u00a0<strong>Teclas Multimedia:<\/strong>\u00a0Si, a tr\u00e1ves de tecla FN<br \/>\n&#8211;\u00a0<strong>Teclas Macro Dedicadas:<\/strong>\u00a0No<br \/>\n&#8211;\u00a0<strong>Bloqueo Tecla Windows:\u00a0<\/strong>Si<br \/>\n&#8211;\u00a0<strong>Tama\u00f1o teclado:\u00a0<\/strong>Tenkeyless (sin pad n\u00famerico)<br \/>\n&#8211;\u00a0<strong>Reposa Mu\u00f1ecas:<\/strong>\u00a0No<br \/>\n&#8211;\u00a0<strong>Retroiluminado:<\/strong>\u00a0Si, Rainbow<br \/>\n&#8211;\u00a0<strong>Cable:\u00a0<\/strong>Goma, reforzado. Soporta 12kg y 10000 flexiones. USB enchapado en oro y filtro anti interferencias<br \/>\n&#8211;<strong>\u00a0Matriz:\u00a0<\/strong>100% Anti-Ghosting con Full Key Rollover<br \/>\n&#8211;\u00a0<strong>Construcci\u00f3n:<\/strong>\u00a0Pl\u00e1stico ABS reforzado y placa de acero<br \/>\n&#8211;\u00a0<strong>Anti salpicaduras:\u00a0<\/strong>Si<br \/>\n&#8211;\u00a0<strong>Distribuci\u00f3n:<\/strong>\u00a0Espa\u00f1ol Latinoamerica<br \/>\n&#8211;<strong>\u00a0Peso:\u00a0<\/strong>1.06 kg<br \/>\n&#8211;\u00a0<strong>Dimensiones:<\/strong>\u00a037.5&#215;15.5&#215;4.3 cm<br \/>\n&#8211;\u00a0<strong>Extras:\u00a0<\/strong>Teclas moldeadas por inyecci\u00f3n doble disparo y grabadas con l\u00e1ser, keypicker<br \/>\n&#8211;\u00a0<strong>Software:\u00a0<\/strong>No<br \/>\n&#8211;\u00a0<strong>Contenido de la caja:<\/strong>\u00a0Extractor de keycaps, Extractor de switches, 4 switches mec\u00e1nicos, Manual de uso, Sticker Redragon.<\/p>\n<\/div>\n","protected":false},"excerpt":{"rendered":"<p>Descripci\u00f3n Un teclado completo, con retroiluminaci\u00f3n y la construcci\u00f3n perfecta para todos tus juegos. &#8211;\u00a0Tipo Teclado:\u00a0Mec\u00e1nicos &#8211;\u00a0Tipo Switch:\u00a0Redragon Red, t\u00e1ctil. &#8211;\u00a0Teclas Multimedia:\u00a0Si, a tr\u00e1ves de tecla FN &#8211;\u00a0Teclas Macro Dedicadas:\u00a0No &#8211;\u00a0Bloqueo Tecla Windows:\u00a0Si &#8211;\u00a0Tama\u00f1o teclado:\u00a0Tenkeyless (sin pad n\u00famerico) &#8211;\u00a0Reposa Mu\u00f1ecas:\u00a0No &#8211;\u00a0Retroiluminado:\u00a0Si, Rainbow &#8211;\u00a0Cable:\u00a0Goma, reforzado. Soporta 12kg y 10000 flexiones. USB enchapado en oro y filtro anti interferencias &#8211;\u00a0Matriz:\u00a0100% Anti-Ghosting con Full Key Rollover &#8211;\u00a0Construcci\u00f3n:\u00a0Pl\u00e1stico ABS reforzado y placa de acero &#8211;\u00a0Anti salpicaduras:\u00a0Si &#8211;\u00a0Distribuci\u00f3n:\u00a0Espa\u00f1ol Latinoamerica &#8211;\u00a0Peso:\u00a01.06 kg &#8211;\u00a0Dimensiones:\u00a037.5&#215;15.5&#215;4.3 cm &#8211;\u00a0Extras:\u00a0Teclas moldeadas por inyecci\u00f3n doble disparo y grabadas con l\u00e1ser, keypicker &#8211;\u00a0Software:\u00a0No &#8211;\u00a0Contenido de la caja:\u00a0Extractor de keycaps, Extractor de switches, 4 switches mec\u00e1nicos, Manual de uso, Sticker Redragon.<\/p>\n","protected":false},"featured_media":9848,"template":"","meta":{"site-sidebar-layout":"default","site-content-layout":"","ast-site-content-layout":"default","site-content-style":"default","site-sidebar-style":"default","ast-global-header-display":"","ast-banner-title-visibility":"","ast-main-header-display":"","ast-hfb-above-header-display":"","ast-hfb-below-header-display":"","ast-hfb-mobile-header-display":"","site-post-title":"","ast-breadcrumbs-content":"","ast-featured-img":"","footer-sml-layout":"","theme-transparent-header-meta":"","adv-header-id-meta":"","stick-header-meta":"","header-above-stick-meta":"","header-main-stick-meta":"","header-below-stick-meta":"","astra-migrate-meta-layouts":"default","ast-page-background-enabled":"default","ast-page-background-meta":{"desktop":{"background-color":"var(--ast-global-color-5)","background-image":"","background-repeat":"repeat","background-position":"center center","background-size":"auto","background-attachment":"scroll","background-type":"","background-media":"","overlay-type":"","overlay-color":"","overlay-opacity":"","overlay-gradient":""},"tablet":{"background-color":"","background-image":"","background-repeat":"repeat","background-position":"center center","background-size":"auto","background-attachment":"scroll","background-type":"","background-media":"","overlay-type":"","overlay-color":"","overlay-opacity":"","overlay-gradient":""},"mobile":{"background-color":"","background-image":"","background-repeat":"repeat","background-position":"center center","background-size":"auto","background-attachment":"scroll","background-type":"","background-media":"","overlay-type":"","overlay-color":"","overlay-opacity":"","overlay-gradient":""}},"ast-content-background-meta":{"desktop":{"background-color":"var(--ast-global-color-4)","background-image":"","background-repeat":"repeat","background-position":"center center","background-size":"auto","background-attachment":"scroll","background-type":"","background-media":"","overlay-type":"","overlay-color":"","overlay-opacity":"","overlay-gradient":""},"tablet":{"background-color":"var(--ast-global-color-4)","background-image":"","background-repeat":"repeat","background-position":"center center","background-size":"auto","background-attachment":"scroll","background-type":"","background-media":"","overlay-type":"","overlay-color":"","overlay-opacity":"","overlay-gradient":""},"mobile":{"background-color":"var(--ast-global-color-4)","background-image":"","background-repeat":"repeat","background-position":"center center","background-size":"auto","background-attachment":"scroll","background-type":"","background-media":"","overlay-type":"","overlay-color":"","overlay-opacity":"","overlay-gradient":""}},"_joinchat":[]},"product_brand":[],"product_cat":[92],"product_tag":[],"class_list":{"0":"post-6491","1":"product","2":"type-product","3":"status-publish","4":"has-post-thumbnail","6":"product_cat-teclados-mecanicos","7":"desktop-align-center","8":"tablet-align-left","9":"mobile-align-left","11":"first","12":"instock","13":"shipping-taxable","14":"purchasable","15":"product-type-simple"},"yoast_head":"<!-- This site is optimized with the Yoast SEO plugin v27.3 - https:\/\/yoast.com\/product\/yoast-seo-wordpress\/ -->\n<title>Teclado Mecanico REDRAGON Kumara 2 Rainbow Switch Red Negro - UnitGames<\/title>\n<meta name=\"robots\" content=\"index, follow, max-snippet:-1, max-image-preview:large, max-video-preview:-1\" \/>\n<link rel=\"canonical\" href=\"https:\/\/unitgames.com.ar\/pc-gamer\/producto\/teclado-mecanico-redragon-kumara-2-rainbow-switch-red\/\" \/>\n<meta property=\"og:locale\" content=\"es_ES\" \/>\n<meta property=\"og:type\" content=\"article\" \/>\n<meta property=\"og:title\" content=\"Teclado Mecanico REDRAGON Kumara 2 Rainbow Switch Red Negro - UnitGames\" \/>\n<meta property=\"og:description\" content=\"Descripci\u00f3n Un teclado completo, con retroiluminaci\u00f3n y la construcci\u00f3n perfecta para todos tus juegos. &#8211;\u00a0Tipo Teclado:\u00a0Mec\u00e1nicos &#8211;\u00a0Tipo Switch:\u00a0Redragon Red, t\u00e1ctil. &#8211;\u00a0Teclas Multimedia:\u00a0Si, a tr\u00e1ves de tecla FN &#8211;\u00a0Teclas Macro Dedicadas:\u00a0No &#8211;\u00a0Bloqueo Tecla Windows:\u00a0Si &#8211;\u00a0Tama\u00f1o teclado:\u00a0Tenkeyless (sin pad n\u00famerico) &#8211;\u00a0Reposa Mu\u00f1ecas:\u00a0No &#8211;\u00a0Retroiluminado:\u00a0Si, Rainbow &#8211;\u00a0Cable:\u00a0Goma, reforzado. Soporta 12kg y 10000 flexiones. USB enchapado en oro y filtro anti interferencias &#8211;\u00a0Matriz:\u00a0100% Anti-Ghosting con Full Key Rollover &#8211;\u00a0Construcci\u00f3n:\u00a0Pl\u00e1stico ABS reforzado y placa de acero &#8211;\u00a0Anti salpicaduras:\u00a0Si &#8211;\u00a0Distribuci\u00f3n:\u00a0Espa\u00f1ol Latinoamerica &#8211;\u00a0Peso:\u00a01.06 kg &#8211;\u00a0Dimensiones:\u00a037.5&#215;15.5&#215;4.3 cm &#8211;\u00a0Extras:\u00a0Teclas moldeadas por inyecci\u00f3n doble disparo y grabadas con l\u00e1ser, keypicker &#8211;\u00a0Software:\u00a0No &#8211;\u00a0Contenido de la caja:\u00a0Extractor de keycaps, Extractor de switches, 4 switches mec\u00e1nicos, Manual de uso, Sticker Redragon.\" \/>\n<meta property=\"og:url\" content=\"https:\/\/unitgames.com.ar\/pc-gamer\/producto\/teclado-mecanico-redragon-kumara-2-rainbow-switch-red\/\" \/>\n<meta property=\"og:site_name\" content=\"UnitGames\" \/>\n<meta property=\"article:modified_time\" content=\"2026-04-16T04:07:55+00:00\" \/>\n<meta property=\"og:image\" content=\"https:\/\/unitgames.com.ar\/pc-gamer\/wp-content\/uploads\/2021\/12\/Teclado-Mecanico-REDRAGON-Kumara-2-Rainbow-Switch-Red-Negro.png\" \/>\n\t<meta property=\"og:image:width\" content=\"1283\" \/>\n\t<meta property=\"og:image:height\" content=\"1283\" \/>\n\t<meta property=\"og:image:type\" content=\"image\/png\" \/>\n<meta name=\"twitter:card\" content=\"summary_large_image\" \/>\n<meta name=\"twitter:label1\" content=\"Tiempo de lectura\" \/>\n\t<meta name=\"twitter:data1\" content=\"1 minuto\" \/>\n<script type=\"application\/ld+json\" class=\"yoast-schema-graph\">{\"@context\":\"https:\\\/\\\/schema.org\",\"@graph\":[{\"@type\":\"WebPage\",\"@id\":\"https:\\\/\\\/unitgames.com.ar\\\/pc-gamer\\\/producto\\\/teclado-mecanico-redragon-kumara-2-rainbow-switch-red\\\/\",\"url\":\"https:\\\/\\\/unitgames.com.ar\\\/pc-gamer\\\/producto\\\/teclado-mecanico-redragon-kumara-2-rainbow-switch-red\\\/\",\"name\":\"Teclado Mecanico REDRAGON Kumara 2 Rainbow Switch Red Negro - UnitGames\",\"isPartOf\":{\"@id\":\"https:\\\/\\\/unitgames.com.ar\\\/pc-gamer\\\/#website\"},\"primaryImageOfPage\":{\"@id\":\"https:\\\/\\\/unitgames.com.ar\\\/pc-gamer\\\/producto\\\/teclado-mecanico-redragon-kumara-2-rainbow-switch-red\\\/#primaryimage\"},\"image\":{\"@id\":\"https:\\\/\\\/unitgames.com.ar\\\/pc-gamer\\\/producto\\\/teclado-mecanico-redragon-kumara-2-rainbow-switch-red\\\/#primaryimage\"},\"thumbnailUrl\":\"https:\\\/\\\/unitgames.com.ar\\\/pc-gamer\\\/wp-content\\\/uploads\\\/2021\\\/12\\\/Teclado-Mecanico-REDRAGON-Kumara-2-Rainbow-Switch-Red-Negro.png\",\"datePublished\":\"2021-12-18T15:56:32+00:00\",\"dateModified\":\"2026-04-16T04:07:55+00:00\",\"breadcrumb\":{\"@id\":\"https:\\\/\\\/unitgames.com.ar\\\/pc-gamer\\\/producto\\\/teclado-mecanico-redragon-kumara-2-rainbow-switch-red\\\/#breadcrumb\"},\"inLanguage\":\"es\",\"potentialAction\":[{\"@type\":\"ReadAction\",\"target\":[\"https:\\\/\\\/unitgames.com.ar\\\/pc-gamer\\\/producto\\\/teclado-mecanico-redragon-kumara-2-rainbow-switch-red\\\/\"]}]},{\"@type\":\"ImageObject\",\"inLanguage\":\"es\",\"@id\":\"https:\\\/\\\/unitgames.com.ar\\\/pc-gamer\\\/producto\\\/teclado-mecanico-redragon-kumara-2-rainbow-switch-red\\\/#primaryimage\",\"url\":\"https:\\\/\\\/unitgames.com.ar\\\/pc-gamer\\\/wp-content\\\/uploads\\\/2021\\\/12\\\/Teclado-Mecanico-REDRAGON-Kumara-2-Rainbow-Switch-Red-Negro.png\",\"contentUrl\":\"https:\\\/\\\/unitgames.com.ar\\\/pc-gamer\\\/wp-content\\\/uploads\\\/2021\\\/12\\\/Teclado-Mecanico-REDRAGON-Kumara-2-Rainbow-Switch-Red-Negro.png\",\"width\":1283,\"height\":1283},{\"@type\":\"BreadcrumbList\",\"@id\":\"https:\\\/\\\/unitgames.com.ar\\\/pc-gamer\\\/producto\\\/teclado-mecanico-redragon-kumara-2-rainbow-switch-red\\\/#breadcrumb\",\"itemListElement\":[{\"@type\":\"ListItem\",\"position\":1,\"name\":\"Tienda\",\"item\":\"https:\\\/\\\/unitgames.com.ar\\\/pc-gamer\\\/tienda\\\/\"},{\"@type\":\"ListItem\",\"position\":2,\"name\":\"Teclado Mecanico REDRAGON Kumara 2 Rainbow Switch Red Negro\"}]},{\"@type\":\"WebSite\",\"@id\":\"https:\\\/\\\/unitgames.com.ar\\\/pc-gamer\\\/#website\",\"url\":\"https:\\\/\\\/unitgames.com.ar\\\/pc-gamer\\\/\",\"name\":\"UnitGames\",\"description\":\"Venta de PC Gamers, Consolas , Servicio Tecnico Especializado. Todos en Accesorios Informaticos y Gamers\",\"publisher\":{\"@id\":\"https:\\\/\\\/unitgames.com.ar\\\/pc-gamer\\\/#organization\"},\"potentialAction\":[{\"@type\":\"SearchAction\",\"target\":{\"@type\":\"EntryPoint\",\"urlTemplate\":\"https:\\\/\\\/unitgames.com.ar\\\/pc-gamer\\\/?s={search_term_string}\"},\"query-input\":{\"@type\":\"PropertyValueSpecification\",\"valueRequired\":true,\"valueName\":\"search_term_string\"}}],\"inLanguage\":\"es\"},{\"@type\":\"Organization\",\"@id\":\"https:\\\/\\\/unitgames.com.ar\\\/pc-gamer\\\/#organization\",\"name\":\"UnitGames\",\"url\":\"https:\\\/\\\/unitgames.com.ar\\\/pc-gamer\\\/\",\"logo\":{\"@type\":\"ImageObject\",\"inLanguage\":\"es\",\"@id\":\"https:\\\/\\\/unitgames.com.ar\\\/pc-gamer\\\/#\\\/schema\\\/logo\\\/image\\\/\",\"url\":\"https:\\\/\\\/unitgames.com.ar\\\/pc-gamer\\\/wp-content\\\/uploads\\\/2021\\\/01\\\/cropped-logoUnitGames2.png\",\"contentUrl\":\"https:\\\/\\\/unitgames.com.ar\\\/pc-gamer\\\/wp-content\\\/uploads\\\/2021\\\/01\\\/cropped-logoUnitGames2.png\",\"width\":152,\"height\":200,\"caption\":\"UnitGames\"},\"image\":{\"@id\":\"https:\\\/\\\/unitgames.com.ar\\\/pc-gamer\\\/#\\\/schema\\\/logo\\\/image\\\/\"}}]}<\/script>\n<!-- \/ Yoast SEO plugin. -->","yoast_head_json":{"title":"Teclado Mecanico REDRAGON Kumara 2 Rainbow Switch Red Negro - UnitGames","robots":{"index":"index","follow":"follow","max-snippet":"max-snippet:-1","max-image-preview":"max-image-preview:large","max-video-preview":"max-video-preview:-1"},"canonical":"https:\/\/unitgames.com.ar\/pc-gamer\/producto\/teclado-mecanico-redragon-kumara-2-rainbow-switch-red\/","og_locale":"es_ES","og_type":"article","og_title":"Teclado Mecanico REDRAGON Kumara 2 Rainbow Switch Red Negro - UnitGames","og_description":"Descripci\u00f3n Un teclado completo, con retroiluminaci\u00f3n y la construcci\u00f3n perfecta para todos tus juegos. &#8211;\u00a0Tipo Teclado:\u00a0Mec\u00e1nicos &#8211;\u00a0Tipo Switch:\u00a0Redragon Red, t\u00e1ctil. &#8211;\u00a0Teclas Multimedia:\u00a0Si, a tr\u00e1ves de tecla FN &#8211;\u00a0Teclas Macro Dedicadas:\u00a0No &#8211;\u00a0Bloqueo Tecla Windows:\u00a0Si &#8211;\u00a0Tama\u00f1o teclado:\u00a0Tenkeyless (sin pad n\u00famerico) &#8211;\u00a0Reposa Mu\u00f1ecas:\u00a0No &#8211;\u00a0Retroiluminado:\u00a0Si, Rainbow &#8211;\u00a0Cable:\u00a0Goma, reforzado. Soporta 12kg y 10000 flexiones. USB enchapado en oro y filtro anti interferencias &#8211;\u00a0Matriz:\u00a0100% Anti-Ghosting con Full Key Rollover &#8211;\u00a0Construcci\u00f3n:\u00a0Pl\u00e1stico ABS reforzado y placa de acero &#8211;\u00a0Anti salpicaduras:\u00a0Si &#8211;\u00a0Distribuci\u00f3n:\u00a0Espa\u00f1ol Latinoamerica &#8211;\u00a0Peso:\u00a01.06 kg &#8211;\u00a0Dimensiones:\u00a037.5&#215;15.5&#215;4.3 cm &#8211;\u00a0Extras:\u00a0Teclas moldeadas por inyecci\u00f3n doble disparo y grabadas con l\u00e1ser, keypicker &#8211;\u00a0Software:\u00a0No &#8211;\u00a0Contenido de la caja:\u00a0Extractor de keycaps, Extractor de switches, 4 switches mec\u00e1nicos, Manual de uso, Sticker Redragon.","og_url":"https:\/\/unitgames.com.ar\/pc-gamer\/producto\/teclado-mecanico-redragon-kumara-2-rainbow-switch-red\/","og_site_name":"UnitGames","article_modified_time":"2026-04-16T04:07:55+00:00","og_image":[{"width":1283,"height":1283,"url":"https:\/\/unitgames.com.ar\/pc-gamer\/wp-content\/uploads\/2021\/12\/Teclado-Mecanico-REDRAGON-Kumara-2-Rainbow-Switch-Red-Negro.png","type":"image\/png"}],"twitter_card":"summary_large_image","twitter_misc":{"Tiempo de lectura":"1 minuto"},"schema":{"@context":"https:\/\/schema.org","@graph":[{"@type":"WebPage","@id":"https:\/\/unitgames.com.ar\/pc-gamer\/producto\/teclado-mecanico-redragon-kumara-2-rainbow-switch-red\/","url":"https:\/\/unitgames.com.ar\/pc-gamer\/producto\/teclado-mecanico-redragon-kumara-2-rainbow-switch-red\/","name":"Teclado Mecanico REDRAGON Kumara 2 Rainbow Switch Red Negro - UnitGames","isPartOf":{"@id":"https:\/\/unitgames.com.ar\/pc-gamer\/#website"},"primaryImageOfPage":{"@id":"https:\/\/unitgames.com.ar\/pc-gamer\/producto\/teclado-mecanico-redragon-kumara-2-rainbow-switch-red\/#primaryimage"},"image":{"@id":"https:\/\/unitgames.com.ar\/pc-gamer\/producto\/teclado-mecanico-redragon-kumara-2-rainbow-switch-red\/#primaryimage"},"thumbnailUrl":"https:\/\/unitgames.com.ar\/pc-gamer\/wp-content\/uploads\/2021\/12\/Teclado-Mecanico-REDRAGON-Kumara-2-Rainbow-Switch-Red-Negro.png","datePublished":"2021-12-18T15:56:32+00:00","dateModified":"2026-04-16T04:07:55+00:00","breadcrumb":{"@id":"https:\/\/unitgames.com.ar\/pc-gamer\/producto\/teclado-mecanico-redragon-kumara-2-rainbow-switch-red\/#breadcrumb"},"inLanguage":"es","potentialAction":[{"@type":"ReadAction","target":["https:\/\/unitgames.com.ar\/pc-gamer\/producto\/teclado-mecanico-redragon-kumara-2-rainbow-switch-red\/"]}]},{"@type":"ImageObject","inLanguage":"es","@id":"https:\/\/unitgames.com.ar\/pc-gamer\/producto\/teclado-mecanico-redragon-kumara-2-rainbow-switch-red\/#primaryimage","url":"https:\/\/unitgames.com.ar\/pc-gamer\/wp-content\/uploads\/2021\/12\/Teclado-Mecanico-REDRAGON-Kumara-2-Rainbow-Switch-Red-Negro.png","contentUrl":"https:\/\/unitgames.com.ar\/pc-gamer\/wp-content\/uploads\/2021\/12\/Teclado-Mecanico-REDRAGON-Kumara-2-Rainbow-Switch-Red-Negro.png","width":1283,"height":1283},{"@type":"BreadcrumbList","@id":"https:\/\/unitgames.com.ar\/pc-gamer\/producto\/teclado-mecanico-redragon-kumara-2-rainbow-switch-red\/#breadcrumb","itemListElement":[{"@type":"ListItem","position":1,"name":"Tienda","item":"https:\/\/unitgames.com.ar\/pc-gamer\/tienda\/"},{"@type":"ListItem","position":2,"name":"Teclado Mecanico REDRAGON Kumara 2 Rainbow Switch Red Negro"}]},{"@type":"WebSite","@id":"https:\/\/unitgames.com.ar\/pc-gamer\/#website","url":"https:\/\/unitgames.com.ar\/pc-gamer\/","name":"UnitGames","description":"Venta de PC Gamers, Consolas , Servicio Tecnico Especializado. Todos en Accesorios Informaticos y Gamers","publisher":{"@id":"https:\/\/unitgames.com.ar\/pc-gamer\/#organization"},"potentialAction":[{"@type":"SearchAction","target":{"@type":"EntryPoint","urlTemplate":"https:\/\/unitgames.com.ar\/pc-gamer\/?s={search_term_string}"},"query-input":{"@type":"PropertyValueSpecification","valueRequired":true,"valueName":"search_term_string"}}],"inLanguage":"es"},{"@type":"Organization","@id":"https:\/\/unitgames.com.ar\/pc-gamer\/#organization","name":"UnitGames","url":"https:\/\/unitgames.com.ar\/pc-gamer\/","logo":{"@type":"ImageObject","inLanguage":"es","@id":"https:\/\/unitgames.com.ar\/pc-gamer\/#\/schema\/logo\/image\/","url":"https:\/\/unitgames.com.ar\/pc-gamer\/wp-content\/uploads\/2021\/01\/cropped-logoUnitGames2.png","contentUrl":"https:\/\/unitgames.com.ar\/pc-gamer\/wp-content\/uploads\/2021\/01\/cropped-logoUnitGames2.png","width":152,"height":200,"caption":"UnitGames"},"image":{"@id":"https:\/\/unitgames.com.ar\/pc-gamer\/#\/schema\/logo\/image\/"}}]}},"_links":{"self":[{"href":"https:\/\/unitgames.com.ar\/pc-gamer\/wp-json\/wp\/v2\/product\/6491","targetHints":{"allow":["GET"]}}],"collection":[{"href":"https:\/\/unitgames.com.ar\/pc-gamer\/wp-json\/wp\/v2\/product"}],"about":[{"href":"https:\/\/unitgames.com.ar\/pc-gamer\/wp-json\/wp\/v2\/types\/product"}],"version-history":[{"count":0,"href":"https:\/\/unitgames.com.ar\/pc-gamer\/wp-json\/wp\/v2\/product\/6491\/revisions"}],"wp:featuredmedia":[{"embeddable":true,"href":"https:\/\/unitgames.com.ar\/pc-gamer\/wp-json\/wp\/v2\/media\/9848"}],"wp:attachment":[{"href":"https:\/\/unitgames.com.ar\/pc-gamer\/wp-json\/wp\/v2\/media?parent=6491"}],"wp:term":[{"taxonomy":"product_brand","embeddable":true,"href":"https:\/\/unitgames.com.ar\/pc-gamer\/wp-json\/wp\/v2\/product_brand?post=6491"},{"taxonomy":"product_cat","embeddable":true,"href":"https:\/\/unitgames.com.ar\/pc-gamer\/wp-json\/wp\/v2\/product_cat?post=6491"},{"taxonomy":"product_tag","embeddable":true,"href":"https:\/\/unitgames.com.ar\/pc-gamer\/wp-json\/wp\/v2\/product_tag?post=6491"}],"curies":[{"name":"wp","href":"https:\/\/api.w.org\/{rel}","templated":true}]}}