{"id":6831,"date":"2022-02-19T14:16:08","date_gmt":"2022-02-19T14:16:08","guid":{"rendered":"https:\/\/unitgames.com.ar\/pc-gamers\/?post_type=product&#038;p=6831"},"modified":"2026-05-06T17:54:27","modified_gmt":"2026-05-06T20:54:27","slug":"teclado-mecanico-t-dagger-bora-switch-red-rainbow","status":"publish","type":"product","link":"https:\/\/unitgames.com.ar\/pc-gamer\/producto\/teclado-mecanico-t-dagger-bora-switch-red-rainbow\/","title":{"rendered":"Teclado Mecanico T-DAGGER Bora RGB Switch Red Blanco"},"content":{"rendered":"<p>Conoc\u00e9 al T-TGK315W-BL Bora RGB de T-Dagger: un teclado mec\u00e1nico TKL (sin pad num\u00e9rico) con cable desmontable e interruptores Red y conexi\u00f3n USB. Construido en pl\u00e1stico ABS reforzado y con keycaps de doble inyecci\u00f3n. \u00a1Un teclado gamer, hecho para durar! Incluye: teclado, manual, extractor de switches, extractor de keycaps, 4 switches de reemplazo y cable USB-C a USB-A.<\/p>\n<p>CONSTRUCCI\u00d3N ROBUSTA<br \/>\nEl Bora Rainbow es un teclado gamer muy resistente, construido en pl\u00e1stico ABS reforzado. Firme y preciso, con teclas de doble inyecci\u00f3n resistentes al polvo y las salpicaduras, que no se borronean ni se desgastan. Cuenta con interruptores T-Dagger de alt\u00edsima durabilidad (50 millones de clics) perfectos para el uso prolongado y para soportar el rigor del gaming.<\/p>\n<p>DISE\u00d1O COMPACTO E INTERRUPTORES RED<\/p>\n<p>Otra caracter\u00edstica del Bora Rainbow de T-Dagger es que su dise\u00f1o optimizado libera espacio en el setup y brinda libertad de movimiento al mouse; y aunque prescinde del pad num\u00e9rico, tiene teclas multimedia. La retroiluminaci\u00f3n inigualable de este teclado mec\u00e1nico y sus 18 efectos din\u00e1micos, le imprimen al juego un dinamismo verdaderamente especial, convirti\u00e9ndolo en el teclado perfecto para quienes privilegian la velocidad, porque sus interruptores \u00a1s\u00ed que son r\u00e1pidos!.<\/p>\n<p>TECLAS ESPECIALES<br \/>\nUn verdadero teclado gamer no puede prescindir de atajos y teclas especiales, es por eso que el Bora Rainbow permite acceder a las teclas multimedia por medio de FN. \u00a1Ponlo a prueba!<\/p>\n","protected":false},"excerpt":{"rendered":"<p>Conoc\u00e9 al T-TGK315W-BL Bora RGB de T-Dagger: un teclado mec\u00e1nico TKL (sin pad num\u00e9rico) con cable desmontable e interruptores Red y conexi\u00f3n USB. Construido en pl\u00e1stico ABS reforzado y con keycaps de doble inyecci\u00f3n. \u00a1Un teclado gamer, hecho para durar! Incluye: teclado, manual, extractor de switches, extractor de keycaps, 4 switches de reemplazo y cable USB-C a USB-A. CONSTRUCCI\u00d3N ROBUSTA El Bora Rainbow es un teclado gamer muy resistente, construido en pl\u00e1stico ABS reforzado. Firme y preciso, con teclas de doble inyecci\u00f3n resistentes al polvo y las salpicaduras, que no se borronean ni se desgastan. Cuenta con interruptores T-Dagger de alt\u00edsima durabilidad (50 millones de clics) perfectos para el uso prolongado y para soportar el rigor del gaming. DISE\u00d1O COMPACTO E INTERRUPTORES RED Otra caracter\u00edstica del Bora Rainbow de T-Dagger es que su dise\u00f1o optimizado libera espacio en el setup y brinda libertad de movimiento al mouse; y aunque prescinde del pad num\u00e9rico, tiene teclas multimedia. La retroiluminaci\u00f3n inigualable de este teclado mec\u00e1nico y sus 18 efectos din\u00e1micos, le imprimen al juego un dinamismo verdaderamente especial, convirti\u00e9ndolo en el teclado perfecto para quienes privilegian la velocidad, porque sus interruptores \u00a1s\u00ed que son r\u00e1pidos!. TECLAS ESPECIALES Un verdadero teclado gamer no puede prescindir de atajos y teclas especiales, es por eso que el Bora Rainbow permite acceder a las teclas multimedia por medio de FN. \u00a1Ponlo a prueba!<\/p>\n","protected":false},"featured_media":10114,"template":"","meta":{"site-sidebar-layout":"default","site-content-layout":"","ast-site-content-layout":"default","site-content-style":"default","site-sidebar-style":"default","ast-global-header-display":"","ast-banner-title-visibility":"","ast-main-header-display":"","ast-hfb-above-header-display":"","ast-hfb-below-header-display":"","ast-hfb-mobile-header-display":"","site-post-title":"","ast-breadcrumbs-content":"","ast-featured-img":"","footer-sml-layout":"","theme-transparent-header-meta":"default","adv-header-id-meta":"","stick-header-meta":"","header-above-stick-meta":"","header-main-stick-meta":"","header-below-stick-meta":"","astra-migrate-meta-layouts":"set","ast-page-background-enabled":"default","ast-page-background-meta":{"desktop":{"background-color":"var(--ast-global-color-5)","background-image":"","background-repeat":"repeat","background-position":"center center","background-size":"auto","background-attachment":"scroll","background-type":"","background-media":"","overlay-type":"","overlay-color":"","overlay-opacity":"","overlay-gradient":""},"tablet":{"background-color":"","background-image":"","background-repeat":"repeat","background-position":"center center","background-size":"auto","background-attachment":"scroll","background-type":"","background-media":"","overlay-type":"","overlay-color":"","overlay-opacity":"","overlay-gradient":""},"mobile":{"background-color":"","background-image":"","background-repeat":"repeat","background-position":"center center","background-size":"auto","background-attachment":"scroll","background-type":"","background-media":"","overlay-type":"","overlay-color":"","overlay-opacity":"","overlay-gradient":""}},"ast-content-background-meta":{"desktop":{"background-color":"var(--ast-global-color-4)","background-image":"","background-repeat":"repeat","background-position":"center center","background-size":"auto","background-attachment":"scroll","background-type":"","background-media":"","overlay-type":"","overlay-color":"","overlay-opacity":"","overlay-gradient":""},"tablet":{"background-color":"var(--ast-global-color-4)","background-image":"","background-repeat":"repeat","background-position":"center center","background-size":"auto","background-attachment":"scroll","background-type":"","background-media":"","overlay-type":"","overlay-color":"","overlay-opacity":"","overlay-gradient":""},"mobile":{"background-color":"var(--ast-global-color-4)","background-image":"","background-repeat":"repeat","background-position":"center center","background-size":"auto","background-attachment":"scroll","background-type":"","background-media":"","overlay-type":"","overlay-color":"","overlay-opacity":"","overlay-gradient":""}},"_joinchat":[]},"product_brand":[],"product_cat":[92],"product_tag":[],"class_list":{"0":"post-6831","1":"product","2":"type-product","3":"status-publish","4":"has-post-thumbnail","6":"product_cat-teclados-mecanicos","7":"desktop-align-center","8":"tablet-align-left","9":"mobile-align-left","11":"first","12":"instock","13":"shipping-taxable","14":"purchasable","15":"product-type-simple"},"yoast_head":"<!-- This site is optimized with the Yoast SEO plugin v27.5 - https:\/\/yoast.com\/product\/yoast-seo-wordpress\/ -->\n<title>Teclado Mecanico T-DAGGER Bora RGB Switch Red Blanco - UnitGames<\/title>\n<meta name=\"robots\" content=\"index, follow, max-snippet:-1, max-image-preview:large, max-video-preview:-1\" \/>\n<link rel=\"canonical\" href=\"https:\/\/unitgames.com.ar\/pc-gamer\/producto\/teclado-mecanico-t-dagger-bora-switch-red-rainbow\/\" \/>\n<meta property=\"og:locale\" content=\"es_ES\" \/>\n<meta property=\"og:type\" content=\"article\" \/>\n<meta property=\"og:title\" content=\"Teclado Mecanico T-DAGGER Bora RGB Switch Red Blanco - UnitGames\" \/>\n<meta property=\"og:description\" content=\"Conoc\u00e9 al T-TGK315W-BL Bora RGB de T-Dagger: un teclado mec\u00e1nico TKL (sin pad num\u00e9rico) con cable desmontable e interruptores Red y conexi\u00f3n USB. Construido en pl\u00e1stico ABS reforzado y con keycaps de doble inyecci\u00f3n. \u00a1Un teclado gamer, hecho para durar! Incluye: teclado, manual, extractor de switches, extractor de keycaps, 4 switches de reemplazo y cable USB-C a USB-A. CONSTRUCCI\u00d3N ROBUSTA El Bora Rainbow es un teclado gamer muy resistente, construido en pl\u00e1stico ABS reforzado. Firme y preciso, con teclas de doble inyecci\u00f3n resistentes al polvo y las salpicaduras, que no se borronean ni se desgastan. Cuenta con interruptores T-Dagger de alt\u00edsima durabilidad (50 millones de clics) perfectos para el uso prolongado y para soportar el rigor del gaming. DISE\u00d1O COMPACTO E INTERRUPTORES RED Otra caracter\u00edstica del Bora Rainbow de T-Dagger es que su dise\u00f1o optimizado libera espacio en el setup y brinda libertad de movimiento al mouse; y aunque prescinde del pad num\u00e9rico, tiene teclas multimedia. La retroiluminaci\u00f3n inigualable de este teclado mec\u00e1nico y sus 18 efectos din\u00e1micos, le imprimen al juego un dinamismo verdaderamente especial, convirti\u00e9ndolo en el teclado perfecto para quienes privilegian la velocidad, porque sus interruptores \u00a1s\u00ed que son r\u00e1pidos!. TECLAS ESPECIALES Un verdadero teclado gamer no puede prescindir de atajos y teclas especiales, es por eso que el Bora Rainbow permite acceder a las teclas multimedia por medio de FN. \u00a1Ponlo a prueba!\" \/>\n<meta property=\"og:url\" content=\"https:\/\/unitgames.com.ar\/pc-gamer\/producto\/teclado-mecanico-t-dagger-bora-switch-red-rainbow\/\" \/>\n<meta property=\"og:site_name\" content=\"UnitGames\" \/>\n<meta property=\"article:modified_time\" content=\"2026-05-06T20:54:27+00:00\" \/>\n<meta property=\"og:image\" content=\"https:\/\/unitgames.com.ar\/pc-gamer\/wp-content\/uploads\/2023\/12\/Teclado-Mecanico-T-DAGGER-Bora-Switch-Red-Rainbow-Blanco.png\" \/>\n\t<meta property=\"og:image:width\" content=\"1283\" \/>\n\t<meta property=\"og:image:height\" content=\"1283\" \/>\n\t<meta property=\"og:image:type\" content=\"image\/png\" \/>\n<meta name=\"twitter:card\" content=\"summary_large_image\" \/>\n<meta name=\"twitter:label1\" content=\"Tiempo de lectura\" \/>\n\t<meta name=\"twitter:data1\" content=\"2 minutos\" \/>\n<script type=\"application\/ld+json\" class=\"yoast-schema-graph\">{\"@context\":\"https:\\\/\\\/schema.org\",\"@graph\":[{\"@type\":\"WebPage\",\"@id\":\"https:\\\/\\\/unitgames.com.ar\\\/pc-gamer\\\/producto\\\/teclado-mecanico-t-dagger-bora-switch-red-rainbow\\\/\",\"url\":\"https:\\\/\\\/unitgames.com.ar\\\/pc-gamer\\\/producto\\\/teclado-mecanico-t-dagger-bora-switch-red-rainbow\\\/\",\"name\":\"Teclado Mecanico T-DAGGER Bora RGB Switch Red Blanco - UnitGames\",\"isPartOf\":{\"@id\":\"https:\\\/\\\/unitgames.com.ar\\\/pc-gamer\\\/#website\"},\"primaryImageOfPage\":{\"@id\":\"https:\\\/\\\/unitgames.com.ar\\\/pc-gamer\\\/producto\\\/teclado-mecanico-t-dagger-bora-switch-red-rainbow\\\/#primaryimage\"},\"image\":{\"@id\":\"https:\\\/\\\/unitgames.com.ar\\\/pc-gamer\\\/producto\\\/teclado-mecanico-t-dagger-bora-switch-red-rainbow\\\/#primaryimage\"},\"thumbnailUrl\":\"https:\\\/\\\/unitgames.com.ar\\\/pc-gamer\\\/wp-content\\\/uploads\\\/2023\\\/12\\\/Teclado-Mecanico-T-DAGGER-Bora-Switch-Red-Rainbow-Blanco.png\",\"datePublished\":\"2022-02-19T14:16:08+00:00\",\"dateModified\":\"2026-05-06T20:54:27+00:00\",\"breadcrumb\":{\"@id\":\"https:\\\/\\\/unitgames.com.ar\\\/pc-gamer\\\/producto\\\/teclado-mecanico-t-dagger-bora-switch-red-rainbow\\\/#breadcrumb\"},\"inLanguage\":\"es\",\"potentialAction\":[{\"@type\":\"ReadAction\",\"target\":[\"https:\\\/\\\/unitgames.com.ar\\\/pc-gamer\\\/producto\\\/teclado-mecanico-t-dagger-bora-switch-red-rainbow\\\/\"]}]},{\"@type\":\"ImageObject\",\"inLanguage\":\"es\",\"@id\":\"https:\\\/\\\/unitgames.com.ar\\\/pc-gamer\\\/producto\\\/teclado-mecanico-t-dagger-bora-switch-red-rainbow\\\/#primaryimage\",\"url\":\"https:\\\/\\\/unitgames.com.ar\\\/pc-gamer\\\/wp-content\\\/uploads\\\/2023\\\/12\\\/Teclado-Mecanico-T-DAGGER-Bora-Switch-Red-Rainbow-Blanco.png\",\"contentUrl\":\"https:\\\/\\\/unitgames.com.ar\\\/pc-gamer\\\/wp-content\\\/uploads\\\/2023\\\/12\\\/Teclado-Mecanico-T-DAGGER-Bora-Switch-Red-Rainbow-Blanco.png\",\"width\":1283,\"height\":1283},{\"@type\":\"BreadcrumbList\",\"@id\":\"https:\\\/\\\/unitgames.com.ar\\\/pc-gamer\\\/producto\\\/teclado-mecanico-t-dagger-bora-switch-red-rainbow\\\/#breadcrumb\",\"itemListElement\":[{\"@type\":\"ListItem\",\"position\":1,\"name\":\"Tienda\",\"item\":\"https:\\\/\\\/unitgames.com.ar\\\/pc-gamer\\\/tienda\\\/\"},{\"@type\":\"ListItem\",\"position\":2,\"name\":\"Teclado Mecanico T-DAGGER Bora RGB Switch Red Blanco\"}]},{\"@type\":\"WebSite\",\"@id\":\"https:\\\/\\\/unitgames.com.ar\\\/pc-gamer\\\/#website\",\"url\":\"https:\\\/\\\/unitgames.com.ar\\\/pc-gamer\\\/\",\"name\":\"UnitGames\",\"description\":\"Venta de PC Gamers, Consolas , Servicio Tecnico Especializado. Todos en Accesorios Informaticos y Gamers\",\"publisher\":{\"@id\":\"https:\\\/\\\/unitgames.com.ar\\\/pc-gamer\\\/#organization\"},\"potentialAction\":[{\"@type\":\"SearchAction\",\"target\":{\"@type\":\"EntryPoint\",\"urlTemplate\":\"https:\\\/\\\/unitgames.com.ar\\\/pc-gamer\\\/?s={search_term_string}\"},\"query-input\":{\"@type\":\"PropertyValueSpecification\",\"valueRequired\":true,\"valueName\":\"search_term_string\"}}],\"inLanguage\":\"es\"},{\"@type\":\"Organization\",\"@id\":\"https:\\\/\\\/unitgames.com.ar\\\/pc-gamer\\\/#organization\",\"name\":\"UnitGames\",\"url\":\"https:\\\/\\\/unitgames.com.ar\\\/pc-gamer\\\/\",\"logo\":{\"@type\":\"ImageObject\",\"inLanguage\":\"es\",\"@id\":\"https:\\\/\\\/unitgames.com.ar\\\/pc-gamer\\\/#\\\/schema\\\/logo\\\/image\\\/\",\"url\":\"https:\\\/\\\/unitgames.com.ar\\\/pc-gamer\\\/wp-content\\\/uploads\\\/2021\\\/01\\\/cropped-logoUnitGames2.png\",\"contentUrl\":\"https:\\\/\\\/unitgames.com.ar\\\/pc-gamer\\\/wp-content\\\/uploads\\\/2021\\\/01\\\/cropped-logoUnitGames2.png\",\"width\":152,\"height\":200,\"caption\":\"UnitGames\"},\"image\":{\"@id\":\"https:\\\/\\\/unitgames.com.ar\\\/pc-gamer\\\/#\\\/schema\\\/logo\\\/image\\\/\"}}]}<\/script>\n<!-- \/ Yoast SEO plugin. -->","yoast_head_json":{"title":"Teclado Mecanico T-DAGGER Bora RGB Switch Red Blanco - UnitGames","robots":{"index":"index","follow":"follow","max-snippet":"max-snippet:-1","max-image-preview":"max-image-preview:large","max-video-preview":"max-video-preview:-1"},"canonical":"https:\/\/unitgames.com.ar\/pc-gamer\/producto\/teclado-mecanico-t-dagger-bora-switch-red-rainbow\/","og_locale":"es_ES","og_type":"article","og_title":"Teclado Mecanico T-DAGGER Bora RGB Switch Red Blanco - UnitGames","og_description":"Conoc\u00e9 al T-TGK315W-BL Bora RGB de T-Dagger: un teclado mec\u00e1nico TKL (sin pad num\u00e9rico) con cable desmontable e interruptores Red y conexi\u00f3n USB. Construido en pl\u00e1stico ABS reforzado y con keycaps de doble inyecci\u00f3n. \u00a1Un teclado gamer, hecho para durar! Incluye: teclado, manual, extractor de switches, extractor de keycaps, 4 switches de reemplazo y cable USB-C a USB-A. CONSTRUCCI\u00d3N ROBUSTA El Bora Rainbow es un teclado gamer muy resistente, construido en pl\u00e1stico ABS reforzado. Firme y preciso, con teclas de doble inyecci\u00f3n resistentes al polvo y las salpicaduras, que no se borronean ni se desgastan. Cuenta con interruptores T-Dagger de alt\u00edsima durabilidad (50 millones de clics) perfectos para el uso prolongado y para soportar el rigor del gaming. DISE\u00d1O COMPACTO E INTERRUPTORES RED Otra caracter\u00edstica del Bora Rainbow de T-Dagger es que su dise\u00f1o optimizado libera espacio en el setup y brinda libertad de movimiento al mouse; y aunque prescinde del pad num\u00e9rico, tiene teclas multimedia. La retroiluminaci\u00f3n inigualable de este teclado mec\u00e1nico y sus 18 efectos din\u00e1micos, le imprimen al juego un dinamismo verdaderamente especial, convirti\u00e9ndolo en el teclado perfecto para quienes privilegian la velocidad, porque sus interruptores \u00a1s\u00ed que son r\u00e1pidos!. TECLAS ESPECIALES Un verdadero teclado gamer no puede prescindir de atajos y teclas especiales, es por eso que el Bora Rainbow permite acceder a las teclas multimedia por medio de FN. \u00a1Ponlo a prueba!","og_url":"https:\/\/unitgames.com.ar\/pc-gamer\/producto\/teclado-mecanico-t-dagger-bora-switch-red-rainbow\/","og_site_name":"UnitGames","article_modified_time":"2026-05-06T20:54:27+00:00","og_image":[{"width":1283,"height":1283,"url":"https:\/\/unitgames.com.ar\/pc-gamer\/wp-content\/uploads\/2023\/12\/Teclado-Mecanico-T-DAGGER-Bora-Switch-Red-Rainbow-Blanco.png","type":"image\/png"}],"twitter_card":"summary_large_image","twitter_misc":{"Tiempo de lectura":"2 minutos"},"schema":{"@context":"https:\/\/schema.org","@graph":[{"@type":"WebPage","@id":"https:\/\/unitgames.com.ar\/pc-gamer\/producto\/teclado-mecanico-t-dagger-bora-switch-red-rainbow\/","url":"https:\/\/unitgames.com.ar\/pc-gamer\/producto\/teclado-mecanico-t-dagger-bora-switch-red-rainbow\/","name":"Teclado Mecanico T-DAGGER Bora RGB Switch Red Blanco - UnitGames","isPartOf":{"@id":"https:\/\/unitgames.com.ar\/pc-gamer\/#website"},"primaryImageOfPage":{"@id":"https:\/\/unitgames.com.ar\/pc-gamer\/producto\/teclado-mecanico-t-dagger-bora-switch-red-rainbow\/#primaryimage"},"image":{"@id":"https:\/\/unitgames.com.ar\/pc-gamer\/producto\/teclado-mecanico-t-dagger-bora-switch-red-rainbow\/#primaryimage"},"thumbnailUrl":"https:\/\/unitgames.com.ar\/pc-gamer\/wp-content\/uploads\/2023\/12\/Teclado-Mecanico-T-DAGGER-Bora-Switch-Red-Rainbow-Blanco.png","datePublished":"2022-02-19T14:16:08+00:00","dateModified":"2026-05-06T20:54:27+00:00","breadcrumb":{"@id":"https:\/\/unitgames.com.ar\/pc-gamer\/producto\/teclado-mecanico-t-dagger-bora-switch-red-rainbow\/#breadcrumb"},"inLanguage":"es","potentialAction":[{"@type":"ReadAction","target":["https:\/\/unitgames.com.ar\/pc-gamer\/producto\/teclado-mecanico-t-dagger-bora-switch-red-rainbow\/"]}]},{"@type":"ImageObject","inLanguage":"es","@id":"https:\/\/unitgames.com.ar\/pc-gamer\/producto\/teclado-mecanico-t-dagger-bora-switch-red-rainbow\/#primaryimage","url":"https:\/\/unitgames.com.ar\/pc-gamer\/wp-content\/uploads\/2023\/12\/Teclado-Mecanico-T-DAGGER-Bora-Switch-Red-Rainbow-Blanco.png","contentUrl":"https:\/\/unitgames.com.ar\/pc-gamer\/wp-content\/uploads\/2023\/12\/Teclado-Mecanico-T-DAGGER-Bora-Switch-Red-Rainbow-Blanco.png","width":1283,"height":1283},{"@type":"BreadcrumbList","@id":"https:\/\/unitgames.com.ar\/pc-gamer\/producto\/teclado-mecanico-t-dagger-bora-switch-red-rainbow\/#breadcrumb","itemListElement":[{"@type":"ListItem","position":1,"name":"Tienda","item":"https:\/\/unitgames.com.ar\/pc-gamer\/tienda\/"},{"@type":"ListItem","position":2,"name":"Teclado Mecanico T-DAGGER Bora RGB Switch Red Blanco"}]},{"@type":"WebSite","@id":"https:\/\/unitgames.com.ar\/pc-gamer\/#website","url":"https:\/\/unitgames.com.ar\/pc-gamer\/","name":"UnitGames","description":"Venta de PC Gamers, Consolas , Servicio Tecnico Especializado. Todos en Accesorios Informaticos y Gamers","publisher":{"@id":"https:\/\/unitgames.com.ar\/pc-gamer\/#organization"},"potentialAction":[{"@type":"SearchAction","target":{"@type":"EntryPoint","urlTemplate":"https:\/\/unitgames.com.ar\/pc-gamer\/?s={search_term_string}"},"query-input":{"@type":"PropertyValueSpecification","valueRequired":true,"valueName":"search_term_string"}}],"inLanguage":"es"},{"@type":"Organization","@id":"https:\/\/unitgames.com.ar\/pc-gamer\/#organization","name":"UnitGames","url":"https:\/\/unitgames.com.ar\/pc-gamer\/","logo":{"@type":"ImageObject","inLanguage":"es","@id":"https:\/\/unitgames.com.ar\/pc-gamer\/#\/schema\/logo\/image\/","url":"https:\/\/unitgames.com.ar\/pc-gamer\/wp-content\/uploads\/2021\/01\/cropped-logoUnitGames2.png","contentUrl":"https:\/\/unitgames.com.ar\/pc-gamer\/wp-content\/uploads\/2021\/01\/cropped-logoUnitGames2.png","width":152,"height":200,"caption":"UnitGames"},"image":{"@id":"https:\/\/unitgames.com.ar\/pc-gamer\/#\/schema\/logo\/image\/"}}]}},"_links":{"self":[{"href":"https:\/\/unitgames.com.ar\/pc-gamer\/wp-json\/wp\/v2\/product\/6831","targetHints":{"allow":["GET"]}}],"collection":[{"href":"https:\/\/unitgames.com.ar\/pc-gamer\/wp-json\/wp\/v2\/product"}],"about":[{"href":"https:\/\/unitgames.com.ar\/pc-gamer\/wp-json\/wp\/v2\/types\/product"}],"version-history":[{"count":1,"href":"https:\/\/unitgames.com.ar\/pc-gamer\/wp-json\/wp\/v2\/product\/6831\/revisions"}],"predecessor-version":[{"id":21272,"href":"https:\/\/unitgames.com.ar\/pc-gamer\/wp-json\/wp\/v2\/product\/6831\/revisions\/21272"}],"wp:featuredmedia":[{"embeddable":true,"href":"https:\/\/unitgames.com.ar\/pc-gamer\/wp-json\/wp\/v2\/media\/10114"}],"wp:attachment":[{"href":"https:\/\/unitgames.com.ar\/pc-gamer\/wp-json\/wp\/v2\/media?parent=6831"}],"wp:term":[{"taxonomy":"product_brand","embeddable":true,"href":"https:\/\/unitgames.com.ar\/pc-gamer\/wp-json\/wp\/v2\/product_brand?post=6831"},{"taxonomy":"product_cat","embeddable":true,"href":"https:\/\/unitgames.com.ar\/pc-gamer\/wp-json\/wp\/v2\/product_cat?post=6831"},{"taxonomy":"product_tag","embeddable":true,"href":"https:\/\/unitgames.com.ar\/pc-gamer\/wp-json\/wp\/v2\/product_tag?post=6831"}],"curies":[{"name":"wp","href":"https:\/\/api.w.org\/{rel}","templated":true}]}}