{"id":6843,"date":"2022-02-19T15:08:58","date_gmt":"2022-02-19T15:08:58","guid":{"rendered":"https:\/\/unitgames.com.ar\/pc-gamers\/?post_type=product&#038;p=6843"},"modified":"2026-01-09T07:09:11","modified_gmt":"2026-01-09T10:09:11","slug":"reloj-smartwatch-haxly-quid-2-0","status":"publish","type":"product","link":"https:\/\/unitgames.com.ar\/pc-gamer\/producto\/reloj-smartwatch-haxly-quid-2-0\/","title":{"rendered":"Reloj Smartwatch HAXLY Quid Plus Negro"},"content":{"rendered":"<div class=\"bdt-active\" data-content-id=\"especificaciones-t-cnicas\">\n<h4><strong>El\u00a0Quid Plus\u00a0es un smartwatch de pantalla circular, sumergible y resistente al polvo (IP67), con un gran n\u00famero de funciones y doble conexi\u00f3n Bluetooth: 5.0 y BLE (de ahorro energ\u00e9tico). Es s\u00faper completo: cuenta con 10 modos de deporte; mide frecuencia card\u00edaca, presi\u00f3n arterial y ox\u00edgeno en sangre; realiza seguimiento de sue\u00f1o, muestra notificaciones de llamadas perdidas y redes sociales, y mucho m\u00e1s.<\/strong><\/h4>\n<\/div>\n<ul>\n<li>Frecuencia card\u00edaca<\/li>\n<li>Ox\u00edgeno en sangre<\/li>\n<li>Presi\u00f3n arterial<\/li>\n<li>10 modos de deporte<\/li>\n<li>Recordatorio de llamadas<\/li>\n<li>Conexi\u00f3n GPS<\/li>\n<li>Seguimiento de sue\u00f1o<\/li>\n<li>Alarma<\/li>\n<li>Clima<\/li>\n<li>Control de c\u00e1mara<\/li>\n<li>Ciclo menstrual<\/li>\n<li>Notificaciones de redes sociales<\/li>\n<\/ul>\n<div class=\"bdt-active\" data-content-id=\"especificaciones-t-cnicas\">\n<p class=\"aviso-disponibilidad\">Caracter\u00edsticas<\/p>\n<\/div>\n<ul>\n<li class=\"style-li\"><strong>Pantalla:\u00a0<\/strong>1,28 pulgadas 240\u00d7240 IPS circular.<strong><br \/>\n<\/strong><\/li>\n<li class=\"style-li\"><strong>Resistente al agua:<\/strong>\u00a0IP67 (polvo, inmersi\u00f3n completa en agua 1 m)<\/li>\n<li class=\"style-li\"><strong>Sensor:<\/strong>\u00a0G-sensor: STK8321, Heart Rate Sensor: VC32S.<\/li>\n<li class=\"style-li\"><strong>Conectividad:<\/strong>\u00a0BT 5.0 + BLE mode.<\/li>\n<li class=\"style-li\"><strong>Bater\u00eda:<\/strong>\u00a0220 mAh (8-10 d\u00edas, 2 horas de carga aprox)<\/li>\n<li class=\"style-li\"><strong>Compatibilidad:\u00a0<\/strong>Android 4.4 o superior, iOS 8 o superior.<\/li>\n<\/ul>\n<p>&nbsp;<\/p>\n<p>&nbsp;<\/p>\n<p>&nbsp;<\/p>\n","protected":false},"excerpt":{"rendered":"<p>El\u00a0Quid Plus\u00a0es un smartwatch de pantalla circular, sumergible y resistente al polvo (IP67), con un gran n\u00famero de funciones y doble conexi\u00f3n Bluetooth: 5.0 y BLE (de ahorro energ\u00e9tico). Es s\u00faper completo: cuenta con 10 modos de deporte; mide frecuencia card\u00edaca, presi\u00f3n arterial y ox\u00edgeno en sangre; realiza seguimiento de sue\u00f1o, muestra notificaciones de llamadas perdidas y redes sociales, y mucho m\u00e1s. Frecuencia card\u00edaca Ox\u00edgeno en sangre Presi\u00f3n arterial 10 modos de deporte Recordatorio de llamadas Conexi\u00f3n GPS Seguimiento de sue\u00f1o Alarma Clima Control de c\u00e1mara Ciclo menstrual Notificaciones de redes sociales Caracter\u00edsticas Pantalla:\u00a01,28 pulgadas 240\u00d7240 IPS circular. Resistente al agua:\u00a0IP67 (polvo, inmersi\u00f3n completa en agua 1 m) Sensor:\u00a0G-sensor: STK8321, Heart Rate Sensor: VC32S. Conectividad:\u00a0BT 5.0 + BLE mode. Bater\u00eda:\u00a0220 mAh (8-10 d\u00edas, 2 horas de carga aprox) Compatibilidad:\u00a0Android 4.4 o superior, iOS 8 o superior. &nbsp; &nbsp; &nbsp;<\/p>\n","protected":false},"featured_media":8812,"template":"","meta":{"site-sidebar-layout":"default","site-content-layout":"","ast-site-content-layout":"default","site-content-style":"default","site-sidebar-style":"default","ast-global-header-display":"","ast-banner-title-visibility":"","ast-main-header-display":"","ast-hfb-above-header-display":"","ast-hfb-below-header-display":"","ast-hfb-mobile-header-display":"","site-post-title":"","ast-breadcrumbs-content":"","ast-featured-img":"","footer-sml-layout":"","theme-transparent-header-meta":"","adv-header-id-meta":"","stick-header-meta":"","header-above-stick-meta":"","header-main-stick-meta":"","header-below-stick-meta":"","astra-migrate-meta-layouts":"default","ast-page-background-enabled":"default","ast-page-background-meta":{"desktop":{"background-color":"var(--ast-global-color-5)","background-image":"","background-repeat":"repeat","background-position":"center center","background-size":"auto","background-attachment":"scroll","background-type":"","background-media":"","overlay-type":"","overlay-color":"","overlay-opacity":"","overlay-gradient":""},"tablet":{"background-color":"","background-image":"","background-repeat":"repeat","background-position":"center center","background-size":"auto","background-attachment":"scroll","background-type":"","background-media":"","overlay-type":"","overlay-color":"","overlay-opacity":"","overlay-gradient":""},"mobile":{"background-color":"","background-image":"","background-repeat":"repeat","background-position":"center center","background-size":"auto","background-attachment":"scroll","background-type":"","background-media":"","overlay-type":"","overlay-color":"","overlay-opacity":"","overlay-gradient":""}},"ast-content-background-meta":{"desktop":{"background-color":"var(--ast-global-color-4)","background-image":"","background-repeat":"repeat","background-position":"center center","background-size":"auto","background-attachment":"scroll","background-type":"","background-media":"","overlay-type":"","overlay-color":"","overlay-opacity":"","overlay-gradient":""},"tablet":{"background-color":"var(--ast-global-color-4)","background-image":"","background-repeat":"repeat","background-position":"center center","background-size":"auto","background-attachment":"scroll","background-type":"","background-media":"","overlay-type":"","overlay-color":"","overlay-opacity":"","overlay-gradient":""},"mobile":{"background-color":"var(--ast-global-color-4)","background-image":"","background-repeat":"repeat","background-position":"center center","background-size":"auto","background-attachment":"scroll","background-type":"","background-media":"","overlay-type":"","overlay-color":"","overlay-opacity":"","overlay-gradient":""}},"_joinchat":[]},"product_brand":[],"product_cat":[57],"product_tag":[],"class_list":{"0":"post-6843","1":"product","2":"type-product","3":"status-publish","4":"has-post-thumbnail","6":"product_cat-sin-categoria","7":"desktop-align-center","8":"tablet-align-left","9":"mobile-align-left","11":"first","12":"instock","13":"shipping-taxable","14":"purchasable","15":"product-type-simple"},"yoast_head":"<!-- This site is optimized with the Yoast SEO plugin v27.5 - https:\/\/yoast.com\/product\/yoast-seo-wordpress\/ -->\n<title>Reloj Smartwatch HAXLY Quid Plus Negro - UnitGames<\/title>\n<meta name=\"robots\" content=\"index, follow, max-snippet:-1, max-image-preview:large, max-video-preview:-1\" \/>\n<link rel=\"canonical\" href=\"https:\/\/unitgames.com.ar\/pc-gamer\/producto\/reloj-smartwatch-haxly-quid-2-0\/\" \/>\n<meta property=\"og:locale\" content=\"es_ES\" \/>\n<meta property=\"og:type\" content=\"article\" \/>\n<meta property=\"og:title\" content=\"Reloj Smartwatch HAXLY Quid Plus Negro - UnitGames\" \/>\n<meta property=\"og:description\" content=\"El\u00a0Quid Plus\u00a0es un smartwatch de pantalla circular, sumergible y resistente al polvo (IP67), con un gran n\u00famero de funciones y doble conexi\u00f3n Bluetooth: 5.0 y BLE (de ahorro energ\u00e9tico). Es s\u00faper completo: cuenta con 10 modos de deporte; mide frecuencia card\u00edaca, presi\u00f3n arterial y ox\u00edgeno en sangre; realiza seguimiento de sue\u00f1o, muestra notificaciones de llamadas perdidas y redes sociales, y mucho m\u00e1s. Frecuencia card\u00edaca Ox\u00edgeno en sangre Presi\u00f3n arterial 10 modos de deporte Recordatorio de llamadas Conexi\u00f3n GPS Seguimiento de sue\u00f1o Alarma Clima Control de c\u00e1mara Ciclo menstrual Notificaciones de redes sociales Caracter\u00edsticas Pantalla:\u00a01,28 pulgadas 240\u00d7240 IPS circular. Resistente al agua:\u00a0IP67 (polvo, inmersi\u00f3n completa en agua 1 m) Sensor:\u00a0G-sensor: STK8321, Heart Rate Sensor: VC32S. Conectividad:\u00a0BT 5.0 + BLE mode. Bater\u00eda:\u00a0220 mAh (8-10 d\u00edas, 2 horas de carga aprox) Compatibilidad:\u00a0Android 4.4 o superior, iOS 8 o superior. &nbsp; &nbsp; &nbsp;\" \/>\n<meta property=\"og:url\" content=\"https:\/\/unitgames.com.ar\/pc-gamer\/producto\/reloj-smartwatch-haxly-quid-2-0\/\" \/>\n<meta property=\"og:site_name\" content=\"UnitGames\" \/>\n<meta property=\"article:modified_time\" content=\"2026-01-09T10:09:11+00:00\" \/>\n<meta property=\"og:image\" content=\"https:\/\/unitgames.com.ar\/pc-gamer\/wp-content\/uploads\/2022\/02\/Reloj-Smartwatch-Haxly-Quid-Plus-Negro.png\" \/>\n\t<meta property=\"og:image:width\" content=\"1263\" \/>\n\t<meta property=\"og:image:height\" content=\"1285\" \/>\n\t<meta property=\"og:image:type\" content=\"image\/png\" \/>\n<meta name=\"twitter:card\" content=\"summary_large_image\" \/>\n<meta name=\"twitter:label1\" content=\"Tiempo de lectura\" \/>\n\t<meta name=\"twitter:data1\" content=\"1 minuto\" \/>\n<script type=\"application\/ld+json\" class=\"yoast-schema-graph\">{\"@context\":\"https:\\\/\\\/schema.org\",\"@graph\":[{\"@type\":\"WebPage\",\"@id\":\"https:\\\/\\\/unitgames.com.ar\\\/pc-gamer\\\/producto\\\/reloj-smartwatch-haxly-quid-2-0\\\/\",\"url\":\"https:\\\/\\\/unitgames.com.ar\\\/pc-gamer\\\/producto\\\/reloj-smartwatch-haxly-quid-2-0\\\/\",\"name\":\"Reloj Smartwatch HAXLY Quid Plus Negro - UnitGames\",\"isPartOf\":{\"@id\":\"https:\\\/\\\/unitgames.com.ar\\\/pc-gamer\\\/#website\"},\"primaryImageOfPage\":{\"@id\":\"https:\\\/\\\/unitgames.com.ar\\\/pc-gamer\\\/producto\\\/reloj-smartwatch-haxly-quid-2-0\\\/#primaryimage\"},\"image\":{\"@id\":\"https:\\\/\\\/unitgames.com.ar\\\/pc-gamer\\\/producto\\\/reloj-smartwatch-haxly-quid-2-0\\\/#primaryimage\"},\"thumbnailUrl\":\"https:\\\/\\\/unitgames.com.ar\\\/pc-gamer\\\/wp-content\\\/uploads\\\/2022\\\/02\\\/Reloj-Smartwatch-Haxly-Quid-Plus-Negro.png\",\"datePublished\":\"2022-02-19T15:08:58+00:00\",\"dateModified\":\"2026-01-09T10:09:11+00:00\",\"breadcrumb\":{\"@id\":\"https:\\\/\\\/unitgames.com.ar\\\/pc-gamer\\\/producto\\\/reloj-smartwatch-haxly-quid-2-0\\\/#breadcrumb\"},\"inLanguage\":\"es\",\"potentialAction\":[{\"@type\":\"ReadAction\",\"target\":[\"https:\\\/\\\/unitgames.com.ar\\\/pc-gamer\\\/producto\\\/reloj-smartwatch-haxly-quid-2-0\\\/\"]}]},{\"@type\":\"ImageObject\",\"inLanguage\":\"es\",\"@id\":\"https:\\\/\\\/unitgames.com.ar\\\/pc-gamer\\\/producto\\\/reloj-smartwatch-haxly-quid-2-0\\\/#primaryimage\",\"url\":\"https:\\\/\\\/unitgames.com.ar\\\/pc-gamer\\\/wp-content\\\/uploads\\\/2022\\\/02\\\/Reloj-Smartwatch-Haxly-Quid-Plus-Negro.png\",\"contentUrl\":\"https:\\\/\\\/unitgames.com.ar\\\/pc-gamer\\\/wp-content\\\/uploads\\\/2022\\\/02\\\/Reloj-Smartwatch-Haxly-Quid-Plus-Negro.png\",\"width\":1263,\"height\":1285},{\"@type\":\"BreadcrumbList\",\"@id\":\"https:\\\/\\\/unitgames.com.ar\\\/pc-gamer\\\/producto\\\/reloj-smartwatch-haxly-quid-2-0\\\/#breadcrumb\",\"itemListElement\":[{\"@type\":\"ListItem\",\"position\":1,\"name\":\"Tienda\",\"item\":\"https:\\\/\\\/unitgames.com.ar\\\/pc-gamer\\\/tienda\\\/\"},{\"@type\":\"ListItem\",\"position\":2,\"name\":\"Reloj Smartwatch HAXLY Quid Plus Negro\"}]},{\"@type\":\"WebSite\",\"@id\":\"https:\\\/\\\/unitgames.com.ar\\\/pc-gamer\\\/#website\",\"url\":\"https:\\\/\\\/unitgames.com.ar\\\/pc-gamer\\\/\",\"name\":\"UnitGames\",\"description\":\"Venta de PC Gamers, Consolas , Servicio Tecnico Especializado. Todos en Accesorios Informaticos y Gamers\",\"publisher\":{\"@id\":\"https:\\\/\\\/unitgames.com.ar\\\/pc-gamer\\\/#organization\"},\"potentialAction\":[{\"@type\":\"SearchAction\",\"target\":{\"@type\":\"EntryPoint\",\"urlTemplate\":\"https:\\\/\\\/unitgames.com.ar\\\/pc-gamer\\\/?s={search_term_string}\"},\"query-input\":{\"@type\":\"PropertyValueSpecification\",\"valueRequired\":true,\"valueName\":\"search_term_string\"}}],\"inLanguage\":\"es\"},{\"@type\":\"Organization\",\"@id\":\"https:\\\/\\\/unitgames.com.ar\\\/pc-gamer\\\/#organization\",\"name\":\"UnitGames\",\"url\":\"https:\\\/\\\/unitgames.com.ar\\\/pc-gamer\\\/\",\"logo\":{\"@type\":\"ImageObject\",\"inLanguage\":\"es\",\"@id\":\"https:\\\/\\\/unitgames.com.ar\\\/pc-gamer\\\/#\\\/schema\\\/logo\\\/image\\\/\",\"url\":\"https:\\\/\\\/unitgames.com.ar\\\/pc-gamer\\\/wp-content\\\/uploads\\\/2021\\\/01\\\/cropped-logoUnitGames2.png\",\"contentUrl\":\"https:\\\/\\\/unitgames.com.ar\\\/pc-gamer\\\/wp-content\\\/uploads\\\/2021\\\/01\\\/cropped-logoUnitGames2.png\",\"width\":152,\"height\":200,\"caption\":\"UnitGames\"},\"image\":{\"@id\":\"https:\\\/\\\/unitgames.com.ar\\\/pc-gamer\\\/#\\\/schema\\\/logo\\\/image\\\/\"}}]}<\/script>\n<!-- \/ Yoast SEO plugin. -->","yoast_head_json":{"title":"Reloj Smartwatch HAXLY Quid Plus Negro - UnitGames","robots":{"index":"index","follow":"follow","max-snippet":"max-snippet:-1","max-image-preview":"max-image-preview:large","max-video-preview":"max-video-preview:-1"},"canonical":"https:\/\/unitgames.com.ar\/pc-gamer\/producto\/reloj-smartwatch-haxly-quid-2-0\/","og_locale":"es_ES","og_type":"article","og_title":"Reloj Smartwatch HAXLY Quid Plus Negro - UnitGames","og_description":"El\u00a0Quid Plus\u00a0es un smartwatch de pantalla circular, sumergible y resistente al polvo (IP67), con un gran n\u00famero de funciones y doble conexi\u00f3n Bluetooth: 5.0 y BLE (de ahorro energ\u00e9tico). Es s\u00faper completo: cuenta con 10 modos de deporte; mide frecuencia card\u00edaca, presi\u00f3n arterial y ox\u00edgeno en sangre; realiza seguimiento de sue\u00f1o, muestra notificaciones de llamadas perdidas y redes sociales, y mucho m\u00e1s. Frecuencia card\u00edaca Ox\u00edgeno en sangre Presi\u00f3n arterial 10 modos de deporte Recordatorio de llamadas Conexi\u00f3n GPS Seguimiento de sue\u00f1o Alarma Clima Control de c\u00e1mara Ciclo menstrual Notificaciones de redes sociales Caracter\u00edsticas Pantalla:\u00a01,28 pulgadas 240\u00d7240 IPS circular. Resistente al agua:\u00a0IP67 (polvo, inmersi\u00f3n completa en agua 1 m) Sensor:\u00a0G-sensor: STK8321, Heart Rate Sensor: VC32S. Conectividad:\u00a0BT 5.0 + BLE mode. Bater\u00eda:\u00a0220 mAh (8-10 d\u00edas, 2 horas de carga aprox) Compatibilidad:\u00a0Android 4.4 o superior, iOS 8 o superior. &nbsp; &nbsp; &nbsp;","og_url":"https:\/\/unitgames.com.ar\/pc-gamer\/producto\/reloj-smartwatch-haxly-quid-2-0\/","og_site_name":"UnitGames","article_modified_time":"2026-01-09T10:09:11+00:00","og_image":[{"width":1263,"height":1285,"url":"https:\/\/unitgames.com.ar\/pc-gamer\/wp-content\/uploads\/2022\/02\/Reloj-Smartwatch-Haxly-Quid-Plus-Negro.png","type":"image\/png"}],"twitter_card":"summary_large_image","twitter_misc":{"Tiempo de lectura":"1 minuto"},"schema":{"@context":"https:\/\/schema.org","@graph":[{"@type":"WebPage","@id":"https:\/\/unitgames.com.ar\/pc-gamer\/producto\/reloj-smartwatch-haxly-quid-2-0\/","url":"https:\/\/unitgames.com.ar\/pc-gamer\/producto\/reloj-smartwatch-haxly-quid-2-0\/","name":"Reloj Smartwatch HAXLY Quid Plus Negro - UnitGames","isPartOf":{"@id":"https:\/\/unitgames.com.ar\/pc-gamer\/#website"},"primaryImageOfPage":{"@id":"https:\/\/unitgames.com.ar\/pc-gamer\/producto\/reloj-smartwatch-haxly-quid-2-0\/#primaryimage"},"image":{"@id":"https:\/\/unitgames.com.ar\/pc-gamer\/producto\/reloj-smartwatch-haxly-quid-2-0\/#primaryimage"},"thumbnailUrl":"https:\/\/unitgames.com.ar\/pc-gamer\/wp-content\/uploads\/2022\/02\/Reloj-Smartwatch-Haxly-Quid-Plus-Negro.png","datePublished":"2022-02-19T15:08:58+00:00","dateModified":"2026-01-09T10:09:11+00:00","breadcrumb":{"@id":"https:\/\/unitgames.com.ar\/pc-gamer\/producto\/reloj-smartwatch-haxly-quid-2-0\/#breadcrumb"},"inLanguage":"es","potentialAction":[{"@type":"ReadAction","target":["https:\/\/unitgames.com.ar\/pc-gamer\/producto\/reloj-smartwatch-haxly-quid-2-0\/"]}]},{"@type":"ImageObject","inLanguage":"es","@id":"https:\/\/unitgames.com.ar\/pc-gamer\/producto\/reloj-smartwatch-haxly-quid-2-0\/#primaryimage","url":"https:\/\/unitgames.com.ar\/pc-gamer\/wp-content\/uploads\/2022\/02\/Reloj-Smartwatch-Haxly-Quid-Plus-Negro.png","contentUrl":"https:\/\/unitgames.com.ar\/pc-gamer\/wp-content\/uploads\/2022\/02\/Reloj-Smartwatch-Haxly-Quid-Plus-Negro.png","width":1263,"height":1285},{"@type":"BreadcrumbList","@id":"https:\/\/unitgames.com.ar\/pc-gamer\/producto\/reloj-smartwatch-haxly-quid-2-0\/#breadcrumb","itemListElement":[{"@type":"ListItem","position":1,"name":"Tienda","item":"https:\/\/unitgames.com.ar\/pc-gamer\/tienda\/"},{"@type":"ListItem","position":2,"name":"Reloj Smartwatch HAXLY Quid Plus Negro"}]},{"@type":"WebSite","@id":"https:\/\/unitgames.com.ar\/pc-gamer\/#website","url":"https:\/\/unitgames.com.ar\/pc-gamer\/","name":"UnitGames","description":"Venta de PC Gamers, Consolas , Servicio Tecnico Especializado. Todos en Accesorios Informaticos y Gamers","publisher":{"@id":"https:\/\/unitgames.com.ar\/pc-gamer\/#organization"},"potentialAction":[{"@type":"SearchAction","target":{"@type":"EntryPoint","urlTemplate":"https:\/\/unitgames.com.ar\/pc-gamer\/?s={search_term_string}"},"query-input":{"@type":"PropertyValueSpecification","valueRequired":true,"valueName":"search_term_string"}}],"inLanguage":"es"},{"@type":"Organization","@id":"https:\/\/unitgames.com.ar\/pc-gamer\/#organization","name":"UnitGames","url":"https:\/\/unitgames.com.ar\/pc-gamer\/","logo":{"@type":"ImageObject","inLanguage":"es","@id":"https:\/\/unitgames.com.ar\/pc-gamer\/#\/schema\/logo\/image\/","url":"https:\/\/unitgames.com.ar\/pc-gamer\/wp-content\/uploads\/2021\/01\/cropped-logoUnitGames2.png","contentUrl":"https:\/\/unitgames.com.ar\/pc-gamer\/wp-content\/uploads\/2021\/01\/cropped-logoUnitGames2.png","width":152,"height":200,"caption":"UnitGames"},"image":{"@id":"https:\/\/unitgames.com.ar\/pc-gamer\/#\/schema\/logo\/image\/"}}]}},"_links":{"self":[{"href":"https:\/\/unitgames.com.ar\/pc-gamer\/wp-json\/wp\/v2\/product\/6843","targetHints":{"allow":["GET"]}}],"collection":[{"href":"https:\/\/unitgames.com.ar\/pc-gamer\/wp-json\/wp\/v2\/product"}],"about":[{"href":"https:\/\/unitgames.com.ar\/pc-gamer\/wp-json\/wp\/v2\/types\/product"}],"version-history":[{"count":0,"href":"https:\/\/unitgames.com.ar\/pc-gamer\/wp-json\/wp\/v2\/product\/6843\/revisions"}],"wp:featuredmedia":[{"embeddable":true,"href":"https:\/\/unitgames.com.ar\/pc-gamer\/wp-json\/wp\/v2\/media\/8812"}],"wp:attachment":[{"href":"https:\/\/unitgames.com.ar\/pc-gamer\/wp-json\/wp\/v2\/media?parent=6843"}],"wp:term":[{"taxonomy":"product_brand","embeddable":true,"href":"https:\/\/unitgames.com.ar\/pc-gamer\/wp-json\/wp\/v2\/product_brand?post=6843"},{"taxonomy":"product_cat","embeddable":true,"href":"https:\/\/unitgames.com.ar\/pc-gamer\/wp-json\/wp\/v2\/product_cat?post=6843"},{"taxonomy":"product_tag","embeddable":true,"href":"https:\/\/unitgames.com.ar\/pc-gamer\/wp-json\/wp\/v2\/product_tag?post=6843"}],"curies":[{"name":"wp","href":"https:\/\/api.w.org\/{rel}","templated":true}]}}