{"id":7005,"date":"2022-03-18T15:11:46","date_gmt":"2022-03-18T15:11:46","guid":{"rendered":"https:\/\/unitgames.com.ar\/pc-gamers\/?post_type=product&#038;p=7005"},"modified":"2026-03-31T18:24:33","modified_gmt":"2026-03-31T21:24:33","slug":"consola-sony-playstation-5","status":"publish","type":"product","link":"https:\/\/unitgames.com.ar\/pc-gamer\/producto\/consola-sony-playstation-5\/","title":{"rendered":"Consola SONY Playstation 5 (PS5) Slim Digital Spiderman"},"content":{"rendered":"<h2 class=\"ui-pdp-description__title\">Descripci\u00f3n<\/h2>\n<p class=\"ui-pdp-description__content\">Con tu consola PlayStation 5 tendr\u00e1s entretenimiento asegurado todos los d\u00edas. Su tecnolog\u00eda fue creada para poner nuevos retos tanto a jugadores principiantes como expertos.<\/p>\n<p>PlayStation renov\u00f3 las expectativas del mundo virtual con esta nueva consola y su gran rendimiento. Cuenta con una interfaz de usuario m\u00e1s r\u00e1pida y f\u00e1cil de navegar que en anteriores modelos. Adem\u00e1s, podr\u00e1s jugar durante horas desafiando a millones de contrincantes alrededor del mundo que esperan nuevos retos.<\/p>\n<p>Calidad de otro nivel<br \/>\nSe considera que esta consola es de las mejores dentro del mercado, dado que presenta una resoluci\u00f3n de hasta 4K.<\/p>\n<p>Gracias a sus peque\u00f1as dimensiones, su consumo energ\u00e9tico es reducido, lo que la convierte en un producto econ\u00f3mico y accesible.<\/p>\n<p>Adem\u00e1s, el control DualSense para PS5 combina estilo y tecnolog\u00eda para que jugar sea m\u00e1s c\u00f3modo e interactivo para todos sus jugadores.<\/p>\n<p>Adaptada a tus necesidades<br \/>\nGuard\u00e1 tus apps, fotos, videos y mucho m\u00e1s en el disco duro, que cuenta con una capacidad de 1 TB.<br \/>\nAl contar con un procesador de 8 n\u00facleos y uno gr\u00e1fico, brinda una experiencia din\u00e1mica, respuestas \u00e1giles, y transiciones fluidas de im\u00e1genes en alta definici\u00f3n.<br \/>\nPor otro lado, tiene puerto USB y salida HDMI, que permiten conectar accesorios y cargar la bater\u00eda de tu control mientras jug\u00e1s.<\/p>\n<p>Vas a poder reproducir m\u00fasica, ver tus pel\u00edculas y series favoritas a trav\u00e9s de las aplicaciones descargables.<\/p>\n<p>Aviso legal<br \/>\n\u2022 La duraci\u00f3n de la bater\u00eda de los controles depende del uso que se le d\u00e9 al producto.<\/p>\n","protected":false},"excerpt":{"rendered":"<p>Descripci\u00f3n Con tu consola PlayStation 5 tendr\u00e1s entretenimiento asegurado todos los d\u00edas. Su tecnolog\u00eda fue creada para poner nuevos retos tanto a jugadores principiantes como expertos. PlayStation renov\u00f3 las expectativas del mundo virtual con esta nueva consola y su gran rendimiento. Cuenta con una interfaz de usuario m\u00e1s r\u00e1pida y f\u00e1cil de navegar que en anteriores modelos. Adem\u00e1s, podr\u00e1s jugar durante horas desafiando a millones de contrincantes alrededor del mundo que esperan nuevos retos. Calidad de otro nivel Se considera que esta consola es de las mejores dentro del mercado, dado que presenta una resoluci\u00f3n de hasta 4K. Gracias a sus peque\u00f1as dimensiones, su consumo energ\u00e9tico es reducido, lo que la convierte en un producto econ\u00f3mico y accesible. Adem\u00e1s, el control DualSense para PS5 combina estilo y tecnolog\u00eda para que jugar sea m\u00e1s c\u00f3modo e interactivo para todos sus jugadores. Adaptada a tus necesidades Guard\u00e1 tus apps, fotos, videos y mucho m\u00e1s en el disco duro, que cuenta con una capacidad de 1 TB. Al contar con un procesador de 8 n\u00facleos y uno gr\u00e1fico, brinda una experiencia din\u00e1mica, respuestas \u00e1giles, y transiciones fluidas de im\u00e1genes en alta definici\u00f3n. Por otro lado, tiene puerto USB y salida HDMI, que permiten conectar accesorios y cargar la bater\u00eda de tu control mientras jug\u00e1s. Vas a poder reproducir m\u00fasica, ver tus pel\u00edculas y series favoritas a trav\u00e9s de las aplicaciones descargables. Aviso legal \u2022 La duraci\u00f3n de la bater\u00eda de los controles depende del uso que se le d\u00e9 al producto.<\/p>\n","protected":false},"featured_media":10749,"template":"","meta":{"site-sidebar-layout":"default","site-content-layout":"","ast-site-content-layout":"default","site-content-style":"default","site-sidebar-style":"default","ast-global-header-display":"","ast-banner-title-visibility":"","ast-main-header-display":"","ast-hfb-above-header-display":"","ast-hfb-below-header-display":"","ast-hfb-mobile-header-display":"","site-post-title":"","ast-breadcrumbs-content":"","ast-featured-img":"","footer-sml-layout":"","theme-transparent-header-meta":"","adv-header-id-meta":"","stick-header-meta":"","header-above-stick-meta":"","header-main-stick-meta":"","header-below-stick-meta":"","astra-migrate-meta-layouts":"default","ast-page-background-enabled":"default","ast-page-background-meta":{"desktop":{"background-color":"var(--ast-global-color-5)","background-image":"","background-repeat":"repeat","background-position":"center center","background-size":"auto","background-attachment":"scroll","background-type":"","background-media":"","overlay-type":"","overlay-color":"","overlay-opacity":"","overlay-gradient":""},"tablet":{"background-color":"","background-image":"","background-repeat":"repeat","background-position":"center center","background-size":"auto","background-attachment":"scroll","background-type":"","background-media":"","overlay-type":"","overlay-color":"","overlay-opacity":"","overlay-gradient":""},"mobile":{"background-color":"","background-image":"","background-repeat":"repeat","background-position":"center center","background-size":"auto","background-attachment":"scroll","background-type":"","background-media":"","overlay-type":"","overlay-color":"","overlay-opacity":"","overlay-gradient":""}},"ast-content-background-meta":{"desktop":{"background-color":"var(--ast-global-color-4)","background-image":"","background-repeat":"repeat","background-position":"center center","background-size":"auto","background-attachment":"scroll","background-type":"","background-media":"","overlay-type":"","overlay-color":"","overlay-opacity":"","overlay-gradient":""},"tablet":{"background-color":"var(--ast-global-color-4)","background-image":"","background-repeat":"repeat","background-position":"center center","background-size":"auto","background-attachment":"scroll","background-type":"","background-media":"","overlay-type":"","overlay-color":"","overlay-opacity":"","overlay-gradient":""},"mobile":{"background-color":"var(--ast-global-color-4)","background-image":"","background-repeat":"repeat","background-position":"center center","background-size":"auto","background-attachment":"scroll","background-type":"","background-media":"","overlay-type":"","overlay-color":"","overlay-opacity":"","overlay-gradient":""}},"_joinchat":[]},"product_brand":[],"product_cat":[74],"product_tag":[],"class_list":{"0":"post-7005","1":"product","2":"type-product","3":"status-publish","4":"has-post-thumbnail","6":"product_cat-consolas","7":"desktop-align-center","8":"tablet-align-left","9":"mobile-align-left","11":"first","12":"outofstock","13":"shipping-taxable","14":"purchasable","15":"product-type-simple"},"yoast_head":"<!-- This site is optimized with the Yoast SEO plugin v27.3 - https:\/\/yoast.com\/product\/yoast-seo-wordpress\/ -->\n<title>Consola SONY Playstation 5 (PS5) Slim Digital Spiderman - UnitGames<\/title>\n<meta name=\"robots\" content=\"index, follow, max-snippet:-1, max-image-preview:large, max-video-preview:-1\" \/>\n<link rel=\"canonical\" href=\"https:\/\/unitgames.com.ar\/pc-gamer\/producto\/consola-sony-playstation-5\/\" \/>\n<meta property=\"og:locale\" content=\"es_ES\" \/>\n<meta property=\"og:type\" content=\"article\" \/>\n<meta property=\"og:title\" content=\"Consola SONY Playstation 5 (PS5) Slim Digital Spiderman - UnitGames\" \/>\n<meta property=\"og:description\" content=\"Descripci\u00f3n Con tu consola PlayStation 5 tendr\u00e1s entretenimiento asegurado todos los d\u00edas. Su tecnolog\u00eda fue creada para poner nuevos retos tanto a jugadores principiantes como expertos. PlayStation renov\u00f3 las expectativas del mundo virtual con esta nueva consola y su gran rendimiento. Cuenta con una interfaz de usuario m\u00e1s r\u00e1pida y f\u00e1cil de navegar que en anteriores modelos. Adem\u00e1s, podr\u00e1s jugar durante horas desafiando a millones de contrincantes alrededor del mundo que esperan nuevos retos. Calidad de otro nivel Se considera que esta consola es de las mejores dentro del mercado, dado que presenta una resoluci\u00f3n de hasta 4K. Gracias a sus peque\u00f1as dimensiones, su consumo energ\u00e9tico es reducido, lo que la convierte en un producto econ\u00f3mico y accesible. Adem\u00e1s, el control DualSense para PS5 combina estilo y tecnolog\u00eda para que jugar sea m\u00e1s c\u00f3modo e interactivo para todos sus jugadores. Adaptada a tus necesidades Guard\u00e1 tus apps, fotos, videos y mucho m\u00e1s en el disco duro, que cuenta con una capacidad de 1 TB. Al contar con un procesador de 8 n\u00facleos y uno gr\u00e1fico, brinda una experiencia din\u00e1mica, respuestas \u00e1giles, y transiciones fluidas de im\u00e1genes en alta definici\u00f3n. Por otro lado, tiene puerto USB y salida HDMI, que permiten conectar accesorios y cargar la bater\u00eda de tu control mientras jug\u00e1s. Vas a poder reproducir m\u00fasica, ver tus pel\u00edculas y series favoritas a trav\u00e9s de las aplicaciones descargables. Aviso legal \u2022 La duraci\u00f3n de la bater\u00eda de los controles depende del uso que se le d\u00e9 al producto.\" \/>\n<meta property=\"og:url\" content=\"https:\/\/unitgames.com.ar\/pc-gamer\/producto\/consola-sony-playstation-5\/\" \/>\n<meta property=\"og:site_name\" content=\"UnitGames\" \/>\n<meta property=\"article:modified_time\" content=\"2026-03-31T21:24:33+00:00\" \/>\n<meta property=\"og:image\" content=\"https:\/\/unitgames.com.ar\/pc-gamer\/wp-content\/uploads\/2022\/03\/Consola-SONY-Playstation-5-PS5-Slim-Digital-Spiderman.png\" \/>\n\t<meta property=\"og:image:width\" content=\"1283\" \/>\n\t<meta property=\"og:image:height\" content=\"1284\" \/>\n\t<meta property=\"og:image:type\" content=\"image\/png\" \/>\n<meta name=\"twitter:card\" content=\"summary_large_image\" \/>\n<meta name=\"twitter:label1\" content=\"Tiempo de lectura\" \/>\n\t<meta name=\"twitter:data1\" content=\"2 minutos\" \/>\n<script type=\"application\/ld+json\" class=\"yoast-schema-graph\">{\"@context\":\"https:\\\/\\\/schema.org\",\"@graph\":[{\"@type\":\"WebPage\",\"@id\":\"https:\\\/\\\/unitgames.com.ar\\\/pc-gamer\\\/producto\\\/consola-sony-playstation-5\\\/\",\"url\":\"https:\\\/\\\/unitgames.com.ar\\\/pc-gamer\\\/producto\\\/consola-sony-playstation-5\\\/\",\"name\":\"Consola SONY Playstation 5 (PS5) Slim Digital Spiderman - UnitGames\",\"isPartOf\":{\"@id\":\"https:\\\/\\\/unitgames.com.ar\\\/pc-gamer\\\/#website\"},\"primaryImageOfPage\":{\"@id\":\"https:\\\/\\\/unitgames.com.ar\\\/pc-gamer\\\/producto\\\/consola-sony-playstation-5\\\/#primaryimage\"},\"image\":{\"@id\":\"https:\\\/\\\/unitgames.com.ar\\\/pc-gamer\\\/producto\\\/consola-sony-playstation-5\\\/#primaryimage\"},\"thumbnailUrl\":\"https:\\\/\\\/unitgames.com.ar\\\/pc-gamer\\\/wp-content\\\/uploads\\\/2022\\\/03\\\/Consola-SONY-Playstation-5-PS5-Slim-Digital-Spiderman.png\",\"datePublished\":\"2022-03-18T15:11:46+00:00\",\"dateModified\":\"2026-03-31T21:24:33+00:00\",\"breadcrumb\":{\"@id\":\"https:\\\/\\\/unitgames.com.ar\\\/pc-gamer\\\/producto\\\/consola-sony-playstation-5\\\/#breadcrumb\"},\"inLanguage\":\"es\",\"potentialAction\":[{\"@type\":\"ReadAction\",\"target\":[\"https:\\\/\\\/unitgames.com.ar\\\/pc-gamer\\\/producto\\\/consola-sony-playstation-5\\\/\"]}]},{\"@type\":\"ImageObject\",\"inLanguage\":\"es\",\"@id\":\"https:\\\/\\\/unitgames.com.ar\\\/pc-gamer\\\/producto\\\/consola-sony-playstation-5\\\/#primaryimage\",\"url\":\"https:\\\/\\\/unitgames.com.ar\\\/pc-gamer\\\/wp-content\\\/uploads\\\/2022\\\/03\\\/Consola-SONY-Playstation-5-PS5-Slim-Digital-Spiderman.png\",\"contentUrl\":\"https:\\\/\\\/unitgames.com.ar\\\/pc-gamer\\\/wp-content\\\/uploads\\\/2022\\\/03\\\/Consola-SONY-Playstation-5-PS5-Slim-Digital-Spiderman.png\",\"width\":1283,\"height\":1284},{\"@type\":\"BreadcrumbList\",\"@id\":\"https:\\\/\\\/unitgames.com.ar\\\/pc-gamer\\\/producto\\\/consola-sony-playstation-5\\\/#breadcrumb\",\"itemListElement\":[{\"@type\":\"ListItem\",\"position\":1,\"name\":\"Tienda\",\"item\":\"https:\\\/\\\/unitgames.com.ar\\\/pc-gamer\\\/tienda\\\/\"},{\"@type\":\"ListItem\",\"position\":2,\"name\":\"Consola SONY Playstation 5 (PS5) Slim Digital Spiderman\"}]},{\"@type\":\"WebSite\",\"@id\":\"https:\\\/\\\/unitgames.com.ar\\\/pc-gamer\\\/#website\",\"url\":\"https:\\\/\\\/unitgames.com.ar\\\/pc-gamer\\\/\",\"name\":\"UnitGames\",\"description\":\"Venta de PC Gamers, Consolas , Servicio Tecnico Especializado. Todos en Accesorios Informaticos y Gamers\",\"publisher\":{\"@id\":\"https:\\\/\\\/unitgames.com.ar\\\/pc-gamer\\\/#organization\"},\"potentialAction\":[{\"@type\":\"SearchAction\",\"target\":{\"@type\":\"EntryPoint\",\"urlTemplate\":\"https:\\\/\\\/unitgames.com.ar\\\/pc-gamer\\\/?s={search_term_string}\"},\"query-input\":{\"@type\":\"PropertyValueSpecification\",\"valueRequired\":true,\"valueName\":\"search_term_string\"}}],\"inLanguage\":\"es\"},{\"@type\":\"Organization\",\"@id\":\"https:\\\/\\\/unitgames.com.ar\\\/pc-gamer\\\/#organization\",\"name\":\"UnitGames\",\"url\":\"https:\\\/\\\/unitgames.com.ar\\\/pc-gamer\\\/\",\"logo\":{\"@type\":\"ImageObject\",\"inLanguage\":\"es\",\"@id\":\"https:\\\/\\\/unitgames.com.ar\\\/pc-gamer\\\/#\\\/schema\\\/logo\\\/image\\\/\",\"url\":\"https:\\\/\\\/unitgames.com.ar\\\/pc-gamer\\\/wp-content\\\/uploads\\\/2021\\\/01\\\/cropped-logoUnitGames2.png\",\"contentUrl\":\"https:\\\/\\\/unitgames.com.ar\\\/pc-gamer\\\/wp-content\\\/uploads\\\/2021\\\/01\\\/cropped-logoUnitGames2.png\",\"width\":152,\"height\":200,\"caption\":\"UnitGames\"},\"image\":{\"@id\":\"https:\\\/\\\/unitgames.com.ar\\\/pc-gamer\\\/#\\\/schema\\\/logo\\\/image\\\/\"}}]}<\/script>\n<!-- \/ Yoast SEO plugin. -->","yoast_head_json":{"title":"Consola SONY Playstation 5 (PS5) Slim Digital Spiderman - UnitGames","robots":{"index":"index","follow":"follow","max-snippet":"max-snippet:-1","max-image-preview":"max-image-preview:large","max-video-preview":"max-video-preview:-1"},"canonical":"https:\/\/unitgames.com.ar\/pc-gamer\/producto\/consola-sony-playstation-5\/","og_locale":"es_ES","og_type":"article","og_title":"Consola SONY Playstation 5 (PS5) Slim Digital Spiderman - UnitGames","og_description":"Descripci\u00f3n Con tu consola PlayStation 5 tendr\u00e1s entretenimiento asegurado todos los d\u00edas. Su tecnolog\u00eda fue creada para poner nuevos retos tanto a jugadores principiantes como expertos. PlayStation renov\u00f3 las expectativas del mundo virtual con esta nueva consola y su gran rendimiento. Cuenta con una interfaz de usuario m\u00e1s r\u00e1pida y f\u00e1cil de navegar que en anteriores modelos. Adem\u00e1s, podr\u00e1s jugar durante horas desafiando a millones de contrincantes alrededor del mundo que esperan nuevos retos. Calidad de otro nivel Se considera que esta consola es de las mejores dentro del mercado, dado que presenta una resoluci\u00f3n de hasta 4K. Gracias a sus peque\u00f1as dimensiones, su consumo energ\u00e9tico es reducido, lo que la convierte en un producto econ\u00f3mico y accesible. Adem\u00e1s, el control DualSense para PS5 combina estilo y tecnolog\u00eda para que jugar sea m\u00e1s c\u00f3modo e interactivo para todos sus jugadores. Adaptada a tus necesidades Guard\u00e1 tus apps, fotos, videos y mucho m\u00e1s en el disco duro, que cuenta con una capacidad de 1 TB. Al contar con un procesador de 8 n\u00facleos y uno gr\u00e1fico, brinda una experiencia din\u00e1mica, respuestas \u00e1giles, y transiciones fluidas de im\u00e1genes en alta definici\u00f3n. Por otro lado, tiene puerto USB y salida HDMI, que permiten conectar accesorios y cargar la bater\u00eda de tu control mientras jug\u00e1s. Vas a poder reproducir m\u00fasica, ver tus pel\u00edculas y series favoritas a trav\u00e9s de las aplicaciones descargables. Aviso legal \u2022 La duraci\u00f3n de la bater\u00eda de los controles depende del uso que se le d\u00e9 al producto.","og_url":"https:\/\/unitgames.com.ar\/pc-gamer\/producto\/consola-sony-playstation-5\/","og_site_name":"UnitGames","article_modified_time":"2026-03-31T21:24:33+00:00","og_image":[{"width":1283,"height":1284,"url":"https:\/\/unitgames.com.ar\/pc-gamer\/wp-content\/uploads\/2022\/03\/Consola-SONY-Playstation-5-PS5-Slim-Digital-Spiderman.png","type":"image\/png"}],"twitter_card":"summary_large_image","twitter_misc":{"Tiempo de lectura":"2 minutos"},"schema":{"@context":"https:\/\/schema.org","@graph":[{"@type":"WebPage","@id":"https:\/\/unitgames.com.ar\/pc-gamer\/producto\/consola-sony-playstation-5\/","url":"https:\/\/unitgames.com.ar\/pc-gamer\/producto\/consola-sony-playstation-5\/","name":"Consola SONY Playstation 5 (PS5) Slim Digital Spiderman - UnitGames","isPartOf":{"@id":"https:\/\/unitgames.com.ar\/pc-gamer\/#website"},"primaryImageOfPage":{"@id":"https:\/\/unitgames.com.ar\/pc-gamer\/producto\/consola-sony-playstation-5\/#primaryimage"},"image":{"@id":"https:\/\/unitgames.com.ar\/pc-gamer\/producto\/consola-sony-playstation-5\/#primaryimage"},"thumbnailUrl":"https:\/\/unitgames.com.ar\/pc-gamer\/wp-content\/uploads\/2022\/03\/Consola-SONY-Playstation-5-PS5-Slim-Digital-Spiderman.png","datePublished":"2022-03-18T15:11:46+00:00","dateModified":"2026-03-31T21:24:33+00:00","breadcrumb":{"@id":"https:\/\/unitgames.com.ar\/pc-gamer\/producto\/consola-sony-playstation-5\/#breadcrumb"},"inLanguage":"es","potentialAction":[{"@type":"ReadAction","target":["https:\/\/unitgames.com.ar\/pc-gamer\/producto\/consola-sony-playstation-5\/"]}]},{"@type":"ImageObject","inLanguage":"es","@id":"https:\/\/unitgames.com.ar\/pc-gamer\/producto\/consola-sony-playstation-5\/#primaryimage","url":"https:\/\/unitgames.com.ar\/pc-gamer\/wp-content\/uploads\/2022\/03\/Consola-SONY-Playstation-5-PS5-Slim-Digital-Spiderman.png","contentUrl":"https:\/\/unitgames.com.ar\/pc-gamer\/wp-content\/uploads\/2022\/03\/Consola-SONY-Playstation-5-PS5-Slim-Digital-Spiderman.png","width":1283,"height":1284},{"@type":"BreadcrumbList","@id":"https:\/\/unitgames.com.ar\/pc-gamer\/producto\/consola-sony-playstation-5\/#breadcrumb","itemListElement":[{"@type":"ListItem","position":1,"name":"Tienda","item":"https:\/\/unitgames.com.ar\/pc-gamer\/tienda\/"},{"@type":"ListItem","position":2,"name":"Consola SONY Playstation 5 (PS5) Slim Digital Spiderman"}]},{"@type":"WebSite","@id":"https:\/\/unitgames.com.ar\/pc-gamer\/#website","url":"https:\/\/unitgames.com.ar\/pc-gamer\/","name":"UnitGames","description":"Venta de PC Gamers, Consolas , Servicio Tecnico Especializado. Todos en Accesorios Informaticos y Gamers","publisher":{"@id":"https:\/\/unitgames.com.ar\/pc-gamer\/#organization"},"potentialAction":[{"@type":"SearchAction","target":{"@type":"EntryPoint","urlTemplate":"https:\/\/unitgames.com.ar\/pc-gamer\/?s={search_term_string}"},"query-input":{"@type":"PropertyValueSpecification","valueRequired":true,"valueName":"search_term_string"}}],"inLanguage":"es"},{"@type":"Organization","@id":"https:\/\/unitgames.com.ar\/pc-gamer\/#organization","name":"UnitGames","url":"https:\/\/unitgames.com.ar\/pc-gamer\/","logo":{"@type":"ImageObject","inLanguage":"es","@id":"https:\/\/unitgames.com.ar\/pc-gamer\/#\/schema\/logo\/image\/","url":"https:\/\/unitgames.com.ar\/pc-gamer\/wp-content\/uploads\/2021\/01\/cropped-logoUnitGames2.png","contentUrl":"https:\/\/unitgames.com.ar\/pc-gamer\/wp-content\/uploads\/2021\/01\/cropped-logoUnitGames2.png","width":152,"height":200,"caption":"UnitGames"},"image":{"@id":"https:\/\/unitgames.com.ar\/pc-gamer\/#\/schema\/logo\/image\/"}}]}},"_links":{"self":[{"href":"https:\/\/unitgames.com.ar\/pc-gamer\/wp-json\/wp\/v2\/product\/7005","targetHints":{"allow":["GET"]}}],"collection":[{"href":"https:\/\/unitgames.com.ar\/pc-gamer\/wp-json\/wp\/v2\/product"}],"about":[{"href":"https:\/\/unitgames.com.ar\/pc-gamer\/wp-json\/wp\/v2\/types\/product"}],"version-history":[{"count":1,"href":"https:\/\/unitgames.com.ar\/pc-gamer\/wp-json\/wp\/v2\/product\/7005\/revisions"}],"predecessor-version":[{"id":20670,"href":"https:\/\/unitgames.com.ar\/pc-gamer\/wp-json\/wp\/v2\/product\/7005\/revisions\/20670"}],"wp:featuredmedia":[{"embeddable":true,"href":"https:\/\/unitgames.com.ar\/pc-gamer\/wp-json\/wp\/v2\/media\/10749"}],"wp:attachment":[{"href":"https:\/\/unitgames.com.ar\/pc-gamer\/wp-json\/wp\/v2\/media?parent=7005"}],"wp:term":[{"taxonomy":"product_brand","embeddable":true,"href":"https:\/\/unitgames.com.ar\/pc-gamer\/wp-json\/wp\/v2\/product_brand?post=7005"},{"taxonomy":"product_cat","embeddable":true,"href":"https:\/\/unitgames.com.ar\/pc-gamer\/wp-json\/wp\/v2\/product_cat?post=7005"},{"taxonomy":"product_tag","embeddable":true,"href":"https:\/\/unitgames.com.ar\/pc-gamer\/wp-json\/wp\/v2\/product_tag?post=7005"}],"curies":[{"name":"wp","href":"https:\/\/api.w.org\/{rel}","templated":true}]}}