{"id":7242,"date":"2022-04-23T15:05:00","date_gmt":"2022-04-23T15:05:00","guid":{"rendered":"https:\/\/unitgames.com.ar\/pc-gamers\/?post_type=product&#038;p=7242"},"modified":"2026-01-31T20:56:54","modified_gmt":"2026-01-31T23:56:54","slug":"microprocesador-ryzen-5-5500","status":"publish","type":"product","link":"https:\/\/unitgames.com.ar\/pc-gamer\/producto\/microprocesador-ryzen-5-5500\/","title":{"rendered":"Microprocesador RYZEN 5 4500"},"content":{"rendered":"<p>AMD Ryzen&#x2122; 5 4500<\/p>\n<p>Plataforma Computadora de escritorio<br \/>\nFamilia de productos AMD Ryzen&#x2122; Processors<br \/>\nL\u00ednea de productos AMD Ryzen&#x2122; 5 Desktop Processors<br \/>\n# de n\u00facleos de CPU 6<br \/>\n# de hilos 12<br \/>\nReloj de aumento m\u00e1x. Hasta 4.1GHz<br \/>\nReloj base 3.6GHz<br \/>\nCach\u00e9 L1 total 384KB<br \/>\nCach\u00e9 L2 total 3MB<br \/>\nCach\u00e9 L3 total 8MB<br \/>\nTDP\/TDP predeterminado 65W<br \/>\nProcessor Technology for CPU Cores TSMC 7nm FinFET<br \/>\nDesbloqueados S\u00ed<br \/>\nCPU Socket AM4<br \/>\nN\u00famero de sockets 1P<br \/>\nSoluci\u00f3n t\u00e9rmica (PIB) AMD Wraith Stealth<br \/>\nTemp. m\u00e1x. 95\u00b0C<br \/>\nLaunch Date 4\/4\/2022<\/p>\n<p>&nbsp;<\/p>\n<p>Versi\u00f3n de PCI Express PCIe 3.0<br \/>\nTipo de memoria DDR4<br \/>\nCanales de memoria 2<br \/>\nVelocidad m\u00e1xima de memoria Up to 3200MHz<\/p>\n","protected":false},"excerpt":{"rendered":"<p>AMD Ryzen&#x2122; 5 4500 Plataforma Computadora de escritorio Familia de productos AMD Ryzen&#x2122; Processors L\u00ednea de productos AMD Ryzen&#x2122; 5 Desktop Processors # de n\u00facleos de CPU 6 # de hilos 12 Reloj de aumento m\u00e1x. Hasta 4.1GHz Reloj base 3.6GHz Cach\u00e9 L1 total 384KB Cach\u00e9 L2 total 3MB Cach\u00e9 L3 total 8MB TDP\/TDP predeterminado 65W Processor Technology for CPU Cores TSMC 7nm FinFET Desbloqueados S\u00ed CPU Socket AM4 N\u00famero de sockets 1P Soluci\u00f3n t\u00e9rmica (PIB) AMD Wraith Stealth Temp. m\u00e1x. 95\u00b0C Launch Date 4\/4\/2022 &nbsp; Versi\u00f3n de PCI Express PCIe 3.0 Tipo de memoria DDR4 Canales de memoria 2 Velocidad m\u00e1xima de memoria Up to 3200MHz<\/p>\n","protected":false},"featured_media":9451,"template":"","meta":{"site-sidebar-layout":"default","site-content-layout":"","ast-site-content-layout":"default","site-content-style":"default","site-sidebar-style":"default","ast-global-header-display":"","ast-banner-title-visibility":"","ast-main-header-display":"","ast-hfb-above-header-display":"","ast-hfb-below-header-display":"","ast-hfb-mobile-header-display":"","site-post-title":"","ast-breadcrumbs-content":"","ast-featured-img":"","footer-sml-layout":"","theme-transparent-header-meta":"","adv-header-id-meta":"","stick-header-meta":"","header-above-stick-meta":"","header-main-stick-meta":"","header-below-stick-meta":"","astra-migrate-meta-layouts":"default","ast-page-background-enabled":"default","ast-page-background-meta":{"desktop":{"background-color":"var(--ast-global-color-5)","background-image":"","background-repeat":"repeat","background-position":"center center","background-size":"auto","background-attachment":"scroll","background-type":"","background-media":"","overlay-type":"","overlay-color":"","overlay-opacity":"","overlay-gradient":""},"tablet":{"background-color":"","background-image":"","background-repeat":"repeat","background-position":"center center","background-size":"auto","background-attachment":"scroll","background-type":"","background-media":"","overlay-type":"","overlay-color":"","overlay-opacity":"","overlay-gradient":""},"mobile":{"background-color":"","background-image":"","background-repeat":"repeat","background-position":"center center","background-size":"auto","background-attachment":"scroll","background-type":"","background-media":"","overlay-type":"","overlay-color":"","overlay-opacity":"","overlay-gradient":""}},"ast-content-background-meta":{"desktop":{"background-color":"var(--ast-global-color-4)","background-image":"","background-repeat":"repeat","background-position":"center center","background-size":"auto","background-attachment":"scroll","background-type":"","background-media":"","overlay-type":"","overlay-color":"","overlay-opacity":"","overlay-gradient":""},"tablet":{"background-color":"var(--ast-global-color-4)","background-image":"","background-repeat":"repeat","background-position":"center center","background-size":"auto","background-attachment":"scroll","background-type":"","background-media":"","overlay-type":"","overlay-color":"","overlay-opacity":"","overlay-gradient":""},"mobile":{"background-color":"var(--ast-global-color-4)","background-image":"","background-repeat":"repeat","background-position":"center center","background-size":"auto","background-attachment":"scroll","background-type":"","background-media":"","overlay-type":"","overlay-color":"","overlay-opacity":"","overlay-gradient":""}},"_joinchat":[]},"product_brand":[],"product_cat":[69],"product_tag":[],"class_list":{"0":"post-7242","1":"product","2":"type-product","3":"status-publish","4":"has-post-thumbnail","6":"product_cat-microprocesadores","7":"desktop-align-center","8":"tablet-align-left","9":"mobile-align-left","11":"first","12":"instock","13":"shipping-taxable","14":"purchasable","15":"product-type-simple"},"yoast_head":"<!-- This site is optimized with the Yoast SEO plugin v27.5 - https:\/\/yoast.com\/product\/yoast-seo-wordpress\/ -->\n<title>Microprocesador RYZEN 5 4500 - UnitGames<\/title>\n<meta name=\"robots\" content=\"index, follow, max-snippet:-1, max-image-preview:large, max-video-preview:-1\" \/>\n<link rel=\"canonical\" href=\"https:\/\/unitgames.com.ar\/pc-gamer\/producto\/microprocesador-ryzen-5-5500\/\" \/>\n<meta property=\"og:locale\" content=\"es_ES\" \/>\n<meta property=\"og:type\" content=\"article\" \/>\n<meta property=\"og:title\" content=\"Microprocesador RYZEN 5 4500 - UnitGames\" \/>\n<meta property=\"og:description\" content=\"AMD Ryzen&#x2122; 5 4500 Plataforma Computadora de escritorio Familia de productos AMD Ryzen&#x2122; Processors L\u00ednea de productos AMD Ryzen&#x2122; 5 Desktop Processors # de n\u00facleos de CPU 6 # de hilos 12 Reloj de aumento m\u00e1x. Hasta 4.1GHz Reloj base 3.6GHz Cach\u00e9 L1 total 384KB Cach\u00e9 L2 total 3MB Cach\u00e9 L3 total 8MB TDP\/TDP predeterminado 65W Processor Technology for CPU Cores TSMC 7nm FinFET Desbloqueados S\u00ed CPU Socket AM4 N\u00famero de sockets 1P Soluci\u00f3n t\u00e9rmica (PIB) AMD Wraith Stealth Temp. m\u00e1x. 95\u00b0C Launch Date 4\/4\/2022 &nbsp; Versi\u00f3n de PCI Express PCIe 3.0 Tipo de memoria DDR4 Canales de memoria 2 Velocidad m\u00e1xima de memoria Up to 3200MHz\" \/>\n<meta property=\"og:url\" content=\"https:\/\/unitgames.com.ar\/pc-gamer\/producto\/microprocesador-ryzen-5-5500\/\" \/>\n<meta property=\"og:site_name\" content=\"UnitGames\" \/>\n<meta property=\"article:modified_time\" content=\"2026-01-31T23:56:54+00:00\" \/>\n<meta property=\"og:image\" content=\"https:\/\/unitgames.com.ar\/pc-gamer\/wp-content\/uploads\/2022\/04\/Microprocesador-RYZEN-5-4500.png\" \/>\n\t<meta property=\"og:image:width\" content=\"1263\" \/>\n\t<meta property=\"og:image:height\" content=\"1285\" \/>\n\t<meta property=\"og:image:type\" content=\"image\/png\" \/>\n<meta name=\"twitter:card\" content=\"summary_large_image\" \/>\n<meta name=\"twitter:label1\" content=\"Tiempo de lectura\" \/>\n\t<meta name=\"twitter:data1\" content=\"1 minuto\" \/>\n<script type=\"application\/ld+json\" class=\"yoast-schema-graph\">{\"@context\":\"https:\\\/\\\/schema.org\",\"@graph\":[{\"@type\":\"WebPage\",\"@id\":\"https:\\\/\\\/unitgames.com.ar\\\/pc-gamer\\\/producto\\\/microprocesador-ryzen-5-5500\\\/\",\"url\":\"https:\\\/\\\/unitgames.com.ar\\\/pc-gamer\\\/producto\\\/microprocesador-ryzen-5-5500\\\/\",\"name\":\"Microprocesador RYZEN 5 4500 - UnitGames\",\"isPartOf\":{\"@id\":\"https:\\\/\\\/unitgames.com.ar\\\/pc-gamer\\\/#website\"},\"primaryImageOfPage\":{\"@id\":\"https:\\\/\\\/unitgames.com.ar\\\/pc-gamer\\\/producto\\\/microprocesador-ryzen-5-5500\\\/#primaryimage\"},\"image\":{\"@id\":\"https:\\\/\\\/unitgames.com.ar\\\/pc-gamer\\\/producto\\\/microprocesador-ryzen-5-5500\\\/#primaryimage\"},\"thumbnailUrl\":\"https:\\\/\\\/unitgames.com.ar\\\/pc-gamer\\\/wp-content\\\/uploads\\\/2022\\\/04\\\/Microprocesador-RYZEN-5-4500.png\",\"datePublished\":\"2022-04-23T15:05:00+00:00\",\"dateModified\":\"2026-01-31T23:56:54+00:00\",\"breadcrumb\":{\"@id\":\"https:\\\/\\\/unitgames.com.ar\\\/pc-gamer\\\/producto\\\/microprocesador-ryzen-5-5500\\\/#breadcrumb\"},\"inLanguage\":\"es\",\"potentialAction\":[{\"@type\":\"ReadAction\",\"target\":[\"https:\\\/\\\/unitgames.com.ar\\\/pc-gamer\\\/producto\\\/microprocesador-ryzen-5-5500\\\/\"]}]},{\"@type\":\"ImageObject\",\"inLanguage\":\"es\",\"@id\":\"https:\\\/\\\/unitgames.com.ar\\\/pc-gamer\\\/producto\\\/microprocesador-ryzen-5-5500\\\/#primaryimage\",\"url\":\"https:\\\/\\\/unitgames.com.ar\\\/pc-gamer\\\/wp-content\\\/uploads\\\/2022\\\/04\\\/Microprocesador-RYZEN-5-4500.png\",\"contentUrl\":\"https:\\\/\\\/unitgames.com.ar\\\/pc-gamer\\\/wp-content\\\/uploads\\\/2022\\\/04\\\/Microprocesador-RYZEN-5-4500.png\",\"width\":1263,\"height\":1285},{\"@type\":\"BreadcrumbList\",\"@id\":\"https:\\\/\\\/unitgames.com.ar\\\/pc-gamer\\\/producto\\\/microprocesador-ryzen-5-5500\\\/#breadcrumb\",\"itemListElement\":[{\"@type\":\"ListItem\",\"position\":1,\"name\":\"Tienda\",\"item\":\"https:\\\/\\\/unitgames.com.ar\\\/pc-gamer\\\/tienda\\\/\"},{\"@type\":\"ListItem\",\"position\":2,\"name\":\"Microprocesador RYZEN 5 4500\"}]},{\"@type\":\"WebSite\",\"@id\":\"https:\\\/\\\/unitgames.com.ar\\\/pc-gamer\\\/#website\",\"url\":\"https:\\\/\\\/unitgames.com.ar\\\/pc-gamer\\\/\",\"name\":\"UnitGames\",\"description\":\"Venta de PC Gamers, Consolas , Servicio Tecnico Especializado. Todos en Accesorios Informaticos y Gamers\",\"publisher\":{\"@id\":\"https:\\\/\\\/unitgames.com.ar\\\/pc-gamer\\\/#organization\"},\"potentialAction\":[{\"@type\":\"SearchAction\",\"target\":{\"@type\":\"EntryPoint\",\"urlTemplate\":\"https:\\\/\\\/unitgames.com.ar\\\/pc-gamer\\\/?s={search_term_string}\"},\"query-input\":{\"@type\":\"PropertyValueSpecification\",\"valueRequired\":true,\"valueName\":\"search_term_string\"}}],\"inLanguage\":\"es\"},{\"@type\":\"Organization\",\"@id\":\"https:\\\/\\\/unitgames.com.ar\\\/pc-gamer\\\/#organization\",\"name\":\"UnitGames\",\"url\":\"https:\\\/\\\/unitgames.com.ar\\\/pc-gamer\\\/\",\"logo\":{\"@type\":\"ImageObject\",\"inLanguage\":\"es\",\"@id\":\"https:\\\/\\\/unitgames.com.ar\\\/pc-gamer\\\/#\\\/schema\\\/logo\\\/image\\\/\",\"url\":\"https:\\\/\\\/unitgames.com.ar\\\/pc-gamer\\\/wp-content\\\/uploads\\\/2021\\\/01\\\/cropped-logoUnitGames2.png\",\"contentUrl\":\"https:\\\/\\\/unitgames.com.ar\\\/pc-gamer\\\/wp-content\\\/uploads\\\/2021\\\/01\\\/cropped-logoUnitGames2.png\",\"width\":152,\"height\":200,\"caption\":\"UnitGames\"},\"image\":{\"@id\":\"https:\\\/\\\/unitgames.com.ar\\\/pc-gamer\\\/#\\\/schema\\\/logo\\\/image\\\/\"}}]}<\/script>\n<!-- \/ Yoast SEO plugin. -->","yoast_head_json":{"title":"Microprocesador RYZEN 5 4500 - UnitGames","robots":{"index":"index","follow":"follow","max-snippet":"max-snippet:-1","max-image-preview":"max-image-preview:large","max-video-preview":"max-video-preview:-1"},"canonical":"https:\/\/unitgames.com.ar\/pc-gamer\/producto\/microprocesador-ryzen-5-5500\/","og_locale":"es_ES","og_type":"article","og_title":"Microprocesador RYZEN 5 4500 - UnitGames","og_description":"AMD Ryzen&#x2122; 5 4500 Plataforma Computadora de escritorio Familia de productos AMD Ryzen&#x2122; Processors L\u00ednea de productos AMD Ryzen&#x2122; 5 Desktop Processors # de n\u00facleos de CPU 6 # de hilos 12 Reloj de aumento m\u00e1x. Hasta 4.1GHz Reloj base 3.6GHz Cach\u00e9 L1 total 384KB Cach\u00e9 L2 total 3MB Cach\u00e9 L3 total 8MB TDP\/TDP predeterminado 65W Processor Technology for CPU Cores TSMC 7nm FinFET Desbloqueados S\u00ed CPU Socket AM4 N\u00famero de sockets 1P Soluci\u00f3n t\u00e9rmica (PIB) AMD Wraith Stealth Temp. m\u00e1x. 95\u00b0C Launch Date 4\/4\/2022 &nbsp; Versi\u00f3n de PCI Express PCIe 3.0 Tipo de memoria DDR4 Canales de memoria 2 Velocidad m\u00e1xima de memoria Up to 3200MHz","og_url":"https:\/\/unitgames.com.ar\/pc-gamer\/producto\/microprocesador-ryzen-5-5500\/","og_site_name":"UnitGames","article_modified_time":"2026-01-31T23:56:54+00:00","og_image":[{"width":1263,"height":1285,"url":"https:\/\/unitgames.com.ar\/pc-gamer\/wp-content\/uploads\/2022\/04\/Microprocesador-RYZEN-5-4500.png","type":"image\/png"}],"twitter_card":"summary_large_image","twitter_misc":{"Tiempo de lectura":"1 minuto"},"schema":{"@context":"https:\/\/schema.org","@graph":[{"@type":"WebPage","@id":"https:\/\/unitgames.com.ar\/pc-gamer\/producto\/microprocesador-ryzen-5-5500\/","url":"https:\/\/unitgames.com.ar\/pc-gamer\/producto\/microprocesador-ryzen-5-5500\/","name":"Microprocesador RYZEN 5 4500 - UnitGames","isPartOf":{"@id":"https:\/\/unitgames.com.ar\/pc-gamer\/#website"},"primaryImageOfPage":{"@id":"https:\/\/unitgames.com.ar\/pc-gamer\/producto\/microprocesador-ryzen-5-5500\/#primaryimage"},"image":{"@id":"https:\/\/unitgames.com.ar\/pc-gamer\/producto\/microprocesador-ryzen-5-5500\/#primaryimage"},"thumbnailUrl":"https:\/\/unitgames.com.ar\/pc-gamer\/wp-content\/uploads\/2022\/04\/Microprocesador-RYZEN-5-4500.png","datePublished":"2022-04-23T15:05:00+00:00","dateModified":"2026-01-31T23:56:54+00:00","breadcrumb":{"@id":"https:\/\/unitgames.com.ar\/pc-gamer\/producto\/microprocesador-ryzen-5-5500\/#breadcrumb"},"inLanguage":"es","potentialAction":[{"@type":"ReadAction","target":["https:\/\/unitgames.com.ar\/pc-gamer\/producto\/microprocesador-ryzen-5-5500\/"]}]},{"@type":"ImageObject","inLanguage":"es","@id":"https:\/\/unitgames.com.ar\/pc-gamer\/producto\/microprocesador-ryzen-5-5500\/#primaryimage","url":"https:\/\/unitgames.com.ar\/pc-gamer\/wp-content\/uploads\/2022\/04\/Microprocesador-RYZEN-5-4500.png","contentUrl":"https:\/\/unitgames.com.ar\/pc-gamer\/wp-content\/uploads\/2022\/04\/Microprocesador-RYZEN-5-4500.png","width":1263,"height":1285},{"@type":"BreadcrumbList","@id":"https:\/\/unitgames.com.ar\/pc-gamer\/producto\/microprocesador-ryzen-5-5500\/#breadcrumb","itemListElement":[{"@type":"ListItem","position":1,"name":"Tienda","item":"https:\/\/unitgames.com.ar\/pc-gamer\/tienda\/"},{"@type":"ListItem","position":2,"name":"Microprocesador RYZEN 5 4500"}]},{"@type":"WebSite","@id":"https:\/\/unitgames.com.ar\/pc-gamer\/#website","url":"https:\/\/unitgames.com.ar\/pc-gamer\/","name":"UnitGames","description":"Venta de PC Gamers, Consolas , Servicio Tecnico Especializado. Todos en Accesorios Informaticos y Gamers","publisher":{"@id":"https:\/\/unitgames.com.ar\/pc-gamer\/#organization"},"potentialAction":[{"@type":"SearchAction","target":{"@type":"EntryPoint","urlTemplate":"https:\/\/unitgames.com.ar\/pc-gamer\/?s={search_term_string}"},"query-input":{"@type":"PropertyValueSpecification","valueRequired":true,"valueName":"search_term_string"}}],"inLanguage":"es"},{"@type":"Organization","@id":"https:\/\/unitgames.com.ar\/pc-gamer\/#organization","name":"UnitGames","url":"https:\/\/unitgames.com.ar\/pc-gamer\/","logo":{"@type":"ImageObject","inLanguage":"es","@id":"https:\/\/unitgames.com.ar\/pc-gamer\/#\/schema\/logo\/image\/","url":"https:\/\/unitgames.com.ar\/pc-gamer\/wp-content\/uploads\/2021\/01\/cropped-logoUnitGames2.png","contentUrl":"https:\/\/unitgames.com.ar\/pc-gamer\/wp-content\/uploads\/2021\/01\/cropped-logoUnitGames2.png","width":152,"height":200,"caption":"UnitGames"},"image":{"@id":"https:\/\/unitgames.com.ar\/pc-gamer\/#\/schema\/logo\/image\/"}}]}},"_links":{"self":[{"href":"https:\/\/unitgames.com.ar\/pc-gamer\/wp-json\/wp\/v2\/product\/7242","targetHints":{"allow":["GET"]}}],"collection":[{"href":"https:\/\/unitgames.com.ar\/pc-gamer\/wp-json\/wp\/v2\/product"}],"about":[{"href":"https:\/\/unitgames.com.ar\/pc-gamer\/wp-json\/wp\/v2\/types\/product"}],"version-history":[{"count":0,"href":"https:\/\/unitgames.com.ar\/pc-gamer\/wp-json\/wp\/v2\/product\/7242\/revisions"}],"wp:featuredmedia":[{"embeddable":true,"href":"https:\/\/unitgames.com.ar\/pc-gamer\/wp-json\/wp\/v2\/media\/9451"}],"wp:attachment":[{"href":"https:\/\/unitgames.com.ar\/pc-gamer\/wp-json\/wp\/v2\/media?parent=7242"}],"wp:term":[{"taxonomy":"product_brand","embeddable":true,"href":"https:\/\/unitgames.com.ar\/pc-gamer\/wp-json\/wp\/v2\/product_brand?post=7242"},{"taxonomy":"product_cat","embeddable":true,"href":"https:\/\/unitgames.com.ar\/pc-gamer\/wp-json\/wp\/v2\/product_cat?post=7242"},{"taxonomy":"product_tag","embeddable":true,"href":"https:\/\/unitgames.com.ar\/pc-gamer\/wp-json\/wp\/v2\/product_tag?post=7242"}],"curies":[{"name":"wp","href":"https:\/\/api.w.org\/{rel}","templated":true}]}}