{"id":7814,"date":"2022-07-01T20:47:05","date_gmt":"2022-07-01T20:47:05","guid":{"rendered":"https:\/\/unitgames.com.ar\/pc-gamers\/?post_type=product&#038;p=7814"},"modified":"2026-01-09T07:07:51","modified_gmt":"2026-01-09T10:07:51","slug":"auriculares-inalambrico-qcy-tc2","status":"publish","type":"product","link":"https:\/\/unitgames.com.ar\/pc-gamer\/producto\/auriculares-inalambrico-qcy-tc2\/","title":{"rendered":"Auriculares Bluetooth QCY TC2"},"content":{"rendered":"<h4>Especificaciones<\/h4>\n<div class=\"module-txt\">\n<ul>\n<li>Bluetooth: V5.0<\/li>\n<li>Rango de operaci\u00f3n: 10 mts (sin obst\u00e1culos)<\/li>\n<li>Autonom\u00eda: 32hs<\/li>\n<li>Tiempo de carga aproximado: 2 horas<\/li>\n<li>Tiempo en espera aproximado: 120 horas<\/li>\n<li>Tiempo de reproducci\u00f3n aproximado: 4 horas<\/li>\n<li>Distancia De Alcance: 10 metros<\/li>\n<li>De f\u00e1cil activaci\u00f3n: Solo tenes que activar el bluetooth en tu celular y buscar QCY. Al sacar los auriculares de la caja, se emparejan autom\u00e1ticamente con tu celular.<\/li>\n<li>Dise\u00f1o ergon\u00f3mico y excelente calidad de sonido.<\/li>\n<li>Notable aislamiento de ruido, proporciona una conversaci\u00f3n clara en modo est\u00e9reo.<\/li>\n<li>Leds Base de Carga: se encienden dos luces y se mantienen encendidas hasta que la carga est\u00e1 completa.<\/li>\n<li>Dise\u00f1o ultra liviano<\/li>\n<li>Mono &amp; Stereo mode<\/li>\n<li>Tipo de Bateria: li-ion<\/li>\n<li>Protecci\u00f3n IPX5 resistente al agua<\/li>\n<li>Bluetooth Profiles: HFP\/HSP\/A2DP\/AVRCP<\/li>\n<li>Capacidad de Bater\u00eda: 3.7v 43mAh<\/li>\n<li>Capacidad de Bater\u00eda (Base de carga): 3.7v 800mAh<\/li>\n<\/ul>\n<\/div>\n","protected":false},"excerpt":{"rendered":"<p>Especificaciones Bluetooth: V5.0 Rango de operaci\u00f3n: 10 mts (sin obst\u00e1culos) Autonom\u00eda: 32hs Tiempo de carga aproximado: 2 horas Tiempo en espera aproximado: 120 horas Tiempo de reproducci\u00f3n aproximado: 4 horas Distancia De Alcance: 10 metros De f\u00e1cil activaci\u00f3n: Solo tenes que activar el bluetooth en tu celular y buscar QCY. Al sacar los auriculares de la caja, se emparejan autom\u00e1ticamente con tu celular. Dise\u00f1o ergon\u00f3mico y excelente calidad de sonido. Notable aislamiento de ruido, proporciona una conversaci\u00f3n clara en modo est\u00e9reo. Leds Base de Carga: se encienden dos luces y se mantienen encendidas hasta que la carga est\u00e1 completa. Dise\u00f1o ultra liviano Mono &amp; Stereo mode Tipo de Bateria: li-ion Protecci\u00f3n IPX5 resistente al agua Bluetooth Profiles: HFP\/HSP\/A2DP\/AVRCP Capacidad de Bater\u00eda: 3.7v 43mAh Capacidad de Bater\u00eda (Base de carga): 3.7v 800mAh<\/p>\n","protected":false},"featured_media":9303,"template":"","meta":{"site-sidebar-layout":"default","site-content-layout":"","ast-site-content-layout":"default","site-content-style":"default","site-sidebar-style":"default","ast-global-header-display":"","ast-banner-title-visibility":"","ast-main-header-display":"","ast-hfb-above-header-display":"","ast-hfb-below-header-display":"","ast-hfb-mobile-header-display":"","site-post-title":"","ast-breadcrumbs-content":"","ast-featured-img":"","footer-sml-layout":"","theme-transparent-header-meta":"","adv-header-id-meta":"","stick-header-meta":"","header-above-stick-meta":"","header-main-stick-meta":"","header-below-stick-meta":"","astra-migrate-meta-layouts":"default","ast-page-background-enabled":"default","ast-page-background-meta":{"desktop":{"background-color":"var(--ast-global-color-5)","background-image":"","background-repeat":"repeat","background-position":"center center","background-size":"auto","background-attachment":"scroll","background-type":"","background-media":"","overlay-type":"","overlay-color":"","overlay-opacity":"","overlay-gradient":""},"tablet":{"background-color":"","background-image":"","background-repeat":"repeat","background-position":"center center","background-size":"auto","background-attachment":"scroll","background-type":"","background-media":"","overlay-type":"","overlay-color":"","overlay-opacity":"","overlay-gradient":""},"mobile":{"background-color":"","background-image":"","background-repeat":"repeat","background-position":"center center","background-size":"auto","background-attachment":"scroll","background-type":"","background-media":"","overlay-type":"","overlay-color":"","overlay-opacity":"","overlay-gradient":""}},"ast-content-background-meta":{"desktop":{"background-color":"var(--ast-global-color-4)","background-image":"","background-repeat":"repeat","background-position":"center center","background-size":"auto","background-attachment":"scroll","background-type":"","background-media":"","overlay-type":"","overlay-color":"","overlay-opacity":"","overlay-gradient":""},"tablet":{"background-color":"var(--ast-global-color-4)","background-image":"","background-repeat":"repeat","background-position":"center center","background-size":"auto","background-attachment":"scroll","background-type":"","background-media":"","overlay-type":"","overlay-color":"","overlay-opacity":"","overlay-gradient":""},"mobile":{"background-color":"var(--ast-global-color-4)","background-image":"","background-repeat":"repeat","background-position":"center center","background-size":"auto","background-attachment":"scroll","background-type":"","background-media":"","overlay-type":"","overlay-color":"","overlay-opacity":"","overlay-gradient":""}},"_joinchat":[]},"product_brand":[],"product_cat":[60],"product_tag":[],"class_list":{"0":"post-7814","1":"product","2":"type-product","3":"status-publish","4":"has-post-thumbnail","6":"product_cat-auriculares-bluetooth","7":"desktop-align-center","8":"tablet-align-left","9":"mobile-align-left","11":"first","12":"outofstock","13":"shipping-taxable","14":"purchasable","15":"product-type-simple"},"yoast_head":"<!-- This site is optimized with the Yoast SEO plugin v27.3 - https:\/\/yoast.com\/product\/yoast-seo-wordpress\/ -->\n<title>Auriculares Bluetooth QCY TC2 - UnitGames<\/title>\n<meta name=\"robots\" content=\"index, follow, max-snippet:-1, max-image-preview:large, max-video-preview:-1\" \/>\n<link rel=\"canonical\" href=\"https:\/\/unitgames.com.ar\/pc-gamer\/producto\/auriculares-inalambrico-qcy-tc2\/\" \/>\n<meta property=\"og:locale\" content=\"es_ES\" \/>\n<meta property=\"og:type\" content=\"article\" \/>\n<meta property=\"og:title\" content=\"Auriculares Bluetooth QCY TC2 - UnitGames\" \/>\n<meta property=\"og:description\" content=\"Especificaciones Bluetooth: V5.0 Rango de operaci\u00f3n: 10 mts (sin obst\u00e1culos) Autonom\u00eda: 32hs Tiempo de carga aproximado: 2 horas Tiempo en espera aproximado: 120 horas Tiempo de reproducci\u00f3n aproximado: 4 horas Distancia De Alcance: 10 metros De f\u00e1cil activaci\u00f3n: Solo tenes que activar el bluetooth en tu celular y buscar QCY. Al sacar los auriculares de la caja, se emparejan autom\u00e1ticamente con tu celular. Dise\u00f1o ergon\u00f3mico y excelente calidad de sonido. Notable aislamiento de ruido, proporciona una conversaci\u00f3n clara en modo est\u00e9reo. Leds Base de Carga: se encienden dos luces y se mantienen encendidas hasta que la carga est\u00e1 completa. Dise\u00f1o ultra liviano Mono &amp; Stereo mode Tipo de Bateria: li-ion Protecci\u00f3n IPX5 resistente al agua Bluetooth Profiles: HFP\/HSP\/A2DP\/AVRCP Capacidad de Bater\u00eda: 3.7v 43mAh Capacidad de Bater\u00eda (Base de carga): 3.7v 800mAh\" \/>\n<meta property=\"og:url\" content=\"https:\/\/unitgames.com.ar\/pc-gamer\/producto\/auriculares-inalambrico-qcy-tc2\/\" \/>\n<meta property=\"og:site_name\" content=\"UnitGames\" \/>\n<meta property=\"article:modified_time\" content=\"2026-01-09T10:07:51+00:00\" \/>\n<meta property=\"og:image\" content=\"https:\/\/unitgames.com.ar\/pc-gamer\/wp-content\/uploads\/2022\/07\/Auriculares-Bluetooth-QCY-TC2.png\" \/>\n\t<meta property=\"og:image:width\" content=\"1263\" \/>\n\t<meta property=\"og:image:height\" content=\"1285\" \/>\n\t<meta property=\"og:image:type\" content=\"image\/png\" \/>\n<meta name=\"twitter:card\" content=\"summary_large_image\" \/>\n<meta name=\"twitter:label1\" content=\"Tiempo de lectura\" \/>\n\t<meta name=\"twitter:data1\" content=\"1 minuto\" \/>\n<script type=\"application\/ld+json\" class=\"yoast-schema-graph\">{\"@context\":\"https:\\\/\\\/schema.org\",\"@graph\":[{\"@type\":\"WebPage\",\"@id\":\"https:\\\/\\\/unitgames.com.ar\\\/pc-gamer\\\/producto\\\/auriculares-inalambrico-qcy-tc2\\\/\",\"url\":\"https:\\\/\\\/unitgames.com.ar\\\/pc-gamer\\\/producto\\\/auriculares-inalambrico-qcy-tc2\\\/\",\"name\":\"Auriculares Bluetooth QCY TC2 - UnitGames\",\"isPartOf\":{\"@id\":\"https:\\\/\\\/unitgames.com.ar\\\/pc-gamer\\\/#website\"},\"primaryImageOfPage\":{\"@id\":\"https:\\\/\\\/unitgames.com.ar\\\/pc-gamer\\\/producto\\\/auriculares-inalambrico-qcy-tc2\\\/#primaryimage\"},\"image\":{\"@id\":\"https:\\\/\\\/unitgames.com.ar\\\/pc-gamer\\\/producto\\\/auriculares-inalambrico-qcy-tc2\\\/#primaryimage\"},\"thumbnailUrl\":\"https:\\\/\\\/unitgames.com.ar\\\/pc-gamer\\\/wp-content\\\/uploads\\\/2022\\\/07\\\/Auriculares-Bluetooth-QCY-TC2.png\",\"datePublished\":\"2022-07-01T20:47:05+00:00\",\"dateModified\":\"2026-01-09T10:07:51+00:00\",\"breadcrumb\":{\"@id\":\"https:\\\/\\\/unitgames.com.ar\\\/pc-gamer\\\/producto\\\/auriculares-inalambrico-qcy-tc2\\\/#breadcrumb\"},\"inLanguage\":\"es\",\"potentialAction\":[{\"@type\":\"ReadAction\",\"target\":[\"https:\\\/\\\/unitgames.com.ar\\\/pc-gamer\\\/producto\\\/auriculares-inalambrico-qcy-tc2\\\/\"]}]},{\"@type\":\"ImageObject\",\"inLanguage\":\"es\",\"@id\":\"https:\\\/\\\/unitgames.com.ar\\\/pc-gamer\\\/producto\\\/auriculares-inalambrico-qcy-tc2\\\/#primaryimage\",\"url\":\"https:\\\/\\\/unitgames.com.ar\\\/pc-gamer\\\/wp-content\\\/uploads\\\/2022\\\/07\\\/Auriculares-Bluetooth-QCY-TC2.png\",\"contentUrl\":\"https:\\\/\\\/unitgames.com.ar\\\/pc-gamer\\\/wp-content\\\/uploads\\\/2022\\\/07\\\/Auriculares-Bluetooth-QCY-TC2.png\",\"width\":1263,\"height\":1285},{\"@type\":\"BreadcrumbList\",\"@id\":\"https:\\\/\\\/unitgames.com.ar\\\/pc-gamer\\\/producto\\\/auriculares-inalambrico-qcy-tc2\\\/#breadcrumb\",\"itemListElement\":[{\"@type\":\"ListItem\",\"position\":1,\"name\":\"Tienda\",\"item\":\"https:\\\/\\\/unitgames.com.ar\\\/pc-gamer\\\/tienda\\\/\"},{\"@type\":\"ListItem\",\"position\":2,\"name\":\"Auriculares Bluetooth QCY TC2\"}]},{\"@type\":\"WebSite\",\"@id\":\"https:\\\/\\\/unitgames.com.ar\\\/pc-gamer\\\/#website\",\"url\":\"https:\\\/\\\/unitgames.com.ar\\\/pc-gamer\\\/\",\"name\":\"UnitGames\",\"description\":\"Venta de PC Gamers, Consolas , Servicio Tecnico Especializado. Todos en Accesorios Informaticos y Gamers\",\"publisher\":{\"@id\":\"https:\\\/\\\/unitgames.com.ar\\\/pc-gamer\\\/#organization\"},\"potentialAction\":[{\"@type\":\"SearchAction\",\"target\":{\"@type\":\"EntryPoint\",\"urlTemplate\":\"https:\\\/\\\/unitgames.com.ar\\\/pc-gamer\\\/?s={search_term_string}\"},\"query-input\":{\"@type\":\"PropertyValueSpecification\",\"valueRequired\":true,\"valueName\":\"search_term_string\"}}],\"inLanguage\":\"es\"},{\"@type\":\"Organization\",\"@id\":\"https:\\\/\\\/unitgames.com.ar\\\/pc-gamer\\\/#organization\",\"name\":\"UnitGames\",\"url\":\"https:\\\/\\\/unitgames.com.ar\\\/pc-gamer\\\/\",\"logo\":{\"@type\":\"ImageObject\",\"inLanguage\":\"es\",\"@id\":\"https:\\\/\\\/unitgames.com.ar\\\/pc-gamer\\\/#\\\/schema\\\/logo\\\/image\\\/\",\"url\":\"https:\\\/\\\/unitgames.com.ar\\\/pc-gamer\\\/wp-content\\\/uploads\\\/2021\\\/01\\\/cropped-logoUnitGames2.png\",\"contentUrl\":\"https:\\\/\\\/unitgames.com.ar\\\/pc-gamer\\\/wp-content\\\/uploads\\\/2021\\\/01\\\/cropped-logoUnitGames2.png\",\"width\":152,\"height\":200,\"caption\":\"UnitGames\"},\"image\":{\"@id\":\"https:\\\/\\\/unitgames.com.ar\\\/pc-gamer\\\/#\\\/schema\\\/logo\\\/image\\\/\"}}]}<\/script>\n<!-- \/ Yoast SEO plugin. -->","yoast_head_json":{"title":"Auriculares Bluetooth QCY TC2 - UnitGames","robots":{"index":"index","follow":"follow","max-snippet":"max-snippet:-1","max-image-preview":"max-image-preview:large","max-video-preview":"max-video-preview:-1"},"canonical":"https:\/\/unitgames.com.ar\/pc-gamer\/producto\/auriculares-inalambrico-qcy-tc2\/","og_locale":"es_ES","og_type":"article","og_title":"Auriculares Bluetooth QCY TC2 - UnitGames","og_description":"Especificaciones Bluetooth: V5.0 Rango de operaci\u00f3n: 10 mts (sin obst\u00e1culos) Autonom\u00eda: 32hs Tiempo de carga aproximado: 2 horas Tiempo en espera aproximado: 120 horas Tiempo de reproducci\u00f3n aproximado: 4 horas Distancia De Alcance: 10 metros De f\u00e1cil activaci\u00f3n: Solo tenes que activar el bluetooth en tu celular y buscar QCY. Al sacar los auriculares de la caja, se emparejan autom\u00e1ticamente con tu celular. Dise\u00f1o ergon\u00f3mico y excelente calidad de sonido. Notable aislamiento de ruido, proporciona una conversaci\u00f3n clara en modo est\u00e9reo. Leds Base de Carga: se encienden dos luces y se mantienen encendidas hasta que la carga est\u00e1 completa. Dise\u00f1o ultra liviano Mono &amp; Stereo mode Tipo de Bateria: li-ion Protecci\u00f3n IPX5 resistente al agua Bluetooth Profiles: HFP\/HSP\/A2DP\/AVRCP Capacidad de Bater\u00eda: 3.7v 43mAh Capacidad de Bater\u00eda (Base de carga): 3.7v 800mAh","og_url":"https:\/\/unitgames.com.ar\/pc-gamer\/producto\/auriculares-inalambrico-qcy-tc2\/","og_site_name":"UnitGames","article_modified_time":"2026-01-09T10:07:51+00:00","og_image":[{"width":1263,"height":1285,"url":"https:\/\/unitgames.com.ar\/pc-gamer\/wp-content\/uploads\/2022\/07\/Auriculares-Bluetooth-QCY-TC2.png","type":"image\/png"}],"twitter_card":"summary_large_image","twitter_misc":{"Tiempo de lectura":"1 minuto"},"schema":{"@context":"https:\/\/schema.org","@graph":[{"@type":"WebPage","@id":"https:\/\/unitgames.com.ar\/pc-gamer\/producto\/auriculares-inalambrico-qcy-tc2\/","url":"https:\/\/unitgames.com.ar\/pc-gamer\/producto\/auriculares-inalambrico-qcy-tc2\/","name":"Auriculares Bluetooth QCY TC2 - UnitGames","isPartOf":{"@id":"https:\/\/unitgames.com.ar\/pc-gamer\/#website"},"primaryImageOfPage":{"@id":"https:\/\/unitgames.com.ar\/pc-gamer\/producto\/auriculares-inalambrico-qcy-tc2\/#primaryimage"},"image":{"@id":"https:\/\/unitgames.com.ar\/pc-gamer\/producto\/auriculares-inalambrico-qcy-tc2\/#primaryimage"},"thumbnailUrl":"https:\/\/unitgames.com.ar\/pc-gamer\/wp-content\/uploads\/2022\/07\/Auriculares-Bluetooth-QCY-TC2.png","datePublished":"2022-07-01T20:47:05+00:00","dateModified":"2026-01-09T10:07:51+00:00","breadcrumb":{"@id":"https:\/\/unitgames.com.ar\/pc-gamer\/producto\/auriculares-inalambrico-qcy-tc2\/#breadcrumb"},"inLanguage":"es","potentialAction":[{"@type":"ReadAction","target":["https:\/\/unitgames.com.ar\/pc-gamer\/producto\/auriculares-inalambrico-qcy-tc2\/"]}]},{"@type":"ImageObject","inLanguage":"es","@id":"https:\/\/unitgames.com.ar\/pc-gamer\/producto\/auriculares-inalambrico-qcy-tc2\/#primaryimage","url":"https:\/\/unitgames.com.ar\/pc-gamer\/wp-content\/uploads\/2022\/07\/Auriculares-Bluetooth-QCY-TC2.png","contentUrl":"https:\/\/unitgames.com.ar\/pc-gamer\/wp-content\/uploads\/2022\/07\/Auriculares-Bluetooth-QCY-TC2.png","width":1263,"height":1285},{"@type":"BreadcrumbList","@id":"https:\/\/unitgames.com.ar\/pc-gamer\/producto\/auriculares-inalambrico-qcy-tc2\/#breadcrumb","itemListElement":[{"@type":"ListItem","position":1,"name":"Tienda","item":"https:\/\/unitgames.com.ar\/pc-gamer\/tienda\/"},{"@type":"ListItem","position":2,"name":"Auriculares Bluetooth QCY TC2"}]},{"@type":"WebSite","@id":"https:\/\/unitgames.com.ar\/pc-gamer\/#website","url":"https:\/\/unitgames.com.ar\/pc-gamer\/","name":"UnitGames","description":"Venta de PC Gamers, Consolas , Servicio Tecnico Especializado. Todos en Accesorios Informaticos y Gamers","publisher":{"@id":"https:\/\/unitgames.com.ar\/pc-gamer\/#organization"},"potentialAction":[{"@type":"SearchAction","target":{"@type":"EntryPoint","urlTemplate":"https:\/\/unitgames.com.ar\/pc-gamer\/?s={search_term_string}"},"query-input":{"@type":"PropertyValueSpecification","valueRequired":true,"valueName":"search_term_string"}}],"inLanguage":"es"},{"@type":"Organization","@id":"https:\/\/unitgames.com.ar\/pc-gamer\/#organization","name":"UnitGames","url":"https:\/\/unitgames.com.ar\/pc-gamer\/","logo":{"@type":"ImageObject","inLanguage":"es","@id":"https:\/\/unitgames.com.ar\/pc-gamer\/#\/schema\/logo\/image\/","url":"https:\/\/unitgames.com.ar\/pc-gamer\/wp-content\/uploads\/2021\/01\/cropped-logoUnitGames2.png","contentUrl":"https:\/\/unitgames.com.ar\/pc-gamer\/wp-content\/uploads\/2021\/01\/cropped-logoUnitGames2.png","width":152,"height":200,"caption":"UnitGames"},"image":{"@id":"https:\/\/unitgames.com.ar\/pc-gamer\/#\/schema\/logo\/image\/"}}]}},"_links":{"self":[{"href":"https:\/\/unitgames.com.ar\/pc-gamer\/wp-json\/wp\/v2\/product\/7814","targetHints":{"allow":["GET"]}}],"collection":[{"href":"https:\/\/unitgames.com.ar\/pc-gamer\/wp-json\/wp\/v2\/product"}],"about":[{"href":"https:\/\/unitgames.com.ar\/pc-gamer\/wp-json\/wp\/v2\/types\/product"}],"version-history":[{"count":0,"href":"https:\/\/unitgames.com.ar\/pc-gamer\/wp-json\/wp\/v2\/product\/7814\/revisions"}],"wp:featuredmedia":[{"embeddable":true,"href":"https:\/\/unitgames.com.ar\/pc-gamer\/wp-json\/wp\/v2\/media\/9303"}],"wp:attachment":[{"href":"https:\/\/unitgames.com.ar\/pc-gamer\/wp-json\/wp\/v2\/media?parent=7814"}],"wp:term":[{"taxonomy":"product_brand","embeddable":true,"href":"https:\/\/unitgames.com.ar\/pc-gamer\/wp-json\/wp\/v2\/product_brand?post=7814"},{"taxonomy":"product_cat","embeddable":true,"href":"https:\/\/unitgames.com.ar\/pc-gamer\/wp-json\/wp\/v2\/product_cat?post=7814"},{"taxonomy":"product_tag","embeddable":true,"href":"https:\/\/unitgames.com.ar\/pc-gamer\/wp-json\/wp\/v2\/product_tag?post=7814"}],"curies":[{"name":"wp","href":"https:\/\/api.w.org\/{rel}","templated":true}]}}