{"id":8009,"date":"2022-08-06T15:54:56","date_gmt":"2022-08-06T15:54:56","guid":{"rendered":"https:\/\/unitgames.com.ar\/pc-gamers\/?post_type=product&#038;p=8009"},"modified":"2026-01-29T20:02:37","modified_gmt":"2026-01-29T23:02:37","slug":"__trashed","status":"publish","type":"product","link":"https:\/\/unitgames.com.ar\/pc-gamer\/producto\/__trashed\/","title":{"rendered":"Teclado Mecanico LOGITECH G413 SE"},"content":{"rendered":"<div class=\"fn Teclado-G413-SE-FullSize-Mecanico-para-Gaming---Color--Grafito prodname\" style=\"text-align: center\"><strong>TECLADO G413 SE FULLSIZE MEC\u00c1NICO PARA GAMING<\/strong><\/div>\n<div style=\"text-align: center\"><\/div>\n<div class=\"info-panel-wrapper\">\n<div class=\"productDescription\" style=\"text-align: center\">\u2022Lleva tus habilidades de gaming al siguiente nivel: el G413 SE de Logitech es un teclado tama\u00f1o est\u00e1ndar apto para el gaming y con la durabilidad y el desempe\u00f1o necesarios para competir<br \/>\n\u2022Teclas en PBT: resistente al calor y al uso, este teclado de gaming para computadora posee el material m\u00e1s durable empleado para el dise\u00f1o de teclas.<br \/>\n\u2022Interruptores mec\u00e1nicos t\u00e1ctiles: con este teclado con cable para gaming, siempre tendr\u00e1s un desempe\u00f1o libre de riesgos<br \/>\n\u2022Color, material y acabado de calidad: lleva tu equipo al siguiente nivel con este teclado retroiluminado dotado de una cubierta superior elegante bru\u00f1ida en negro y con iluminaci\u00f3n LED blanca<br \/>\n\u2022Seguidilla de 6 teclas con prevenci\u00f3n de efecto fantasma<br \/>\nCon doce (12) teclas de funci\u00f3n (FN) para controlar el volumen, reproducir, pausar, saltar una pista, silenciar, alternar la iluminaci\u00f3n, bloquear Windows, etc . Dise\u00f1o robusto con una flexi\u00f3n m\u00ednima.<\/div>\n<\/div>\n","protected":false},"excerpt":{"rendered":"<p>TECLADO G413 SE FULLSIZE MEC\u00c1NICO PARA GAMING \u2022Lleva tus habilidades de gaming al siguiente nivel: el G413 SE de Logitech es un teclado tama\u00f1o est\u00e1ndar apto para el gaming y con la durabilidad y el desempe\u00f1o necesarios para competir \u2022Teclas en PBT: resistente al calor y al uso, este teclado de gaming para computadora posee el material m\u00e1s durable empleado para el dise\u00f1o de teclas. \u2022Interruptores mec\u00e1nicos t\u00e1ctiles: con este teclado con cable para gaming, siempre tendr\u00e1s un desempe\u00f1o libre de riesgos \u2022Color, material y acabado de calidad: lleva tu equipo al siguiente nivel con este teclado retroiluminado dotado de una cubierta superior elegante bru\u00f1ida en negro y con iluminaci\u00f3n LED blanca \u2022Seguidilla de 6 teclas con prevenci\u00f3n de efecto fantasma Con doce (12) teclas de funci\u00f3n (FN) para controlar el volumen, reproducir, pausar, saltar una pista, silenciar, alternar la iluminaci\u00f3n, bloquear Windows, etc . Dise\u00f1o robusto con una flexi\u00f3n m\u00ednima.<\/p>\n","protected":false},"featured_media":8420,"template":"","meta":{"site-sidebar-layout":"default","site-content-layout":"","ast-site-content-layout":"default","site-content-style":"default","site-sidebar-style":"default","ast-global-header-display":"","ast-banner-title-visibility":"","ast-main-header-display":"","ast-hfb-above-header-display":"","ast-hfb-below-header-display":"","ast-hfb-mobile-header-display":"","site-post-title":"","ast-breadcrumbs-content":"","ast-featured-img":"","footer-sml-layout":"","theme-transparent-header-meta":"","adv-header-id-meta":"","stick-header-meta":"","header-above-stick-meta":"","header-main-stick-meta":"","header-below-stick-meta":"","astra-migrate-meta-layouts":"default","ast-page-background-enabled":"default","ast-page-background-meta":{"desktop":{"background-color":"var(--ast-global-color-5)","background-image":"","background-repeat":"repeat","background-position":"center center","background-size":"auto","background-attachment":"scroll","background-type":"","background-media":"","overlay-type":"","overlay-color":"","overlay-opacity":"","overlay-gradient":""},"tablet":{"background-color":"","background-image":"","background-repeat":"repeat","background-position":"center center","background-size":"auto","background-attachment":"scroll","background-type":"","background-media":"","overlay-type":"","overlay-color":"","overlay-opacity":"","overlay-gradient":""},"mobile":{"background-color":"","background-image":"","background-repeat":"repeat","background-position":"center center","background-size":"auto","background-attachment":"scroll","background-type":"","background-media":"","overlay-type":"","overlay-color":"","overlay-opacity":"","overlay-gradient":""}},"ast-content-background-meta":{"desktop":{"background-color":"var(--ast-global-color-4)","background-image":"","background-repeat":"repeat","background-position":"center center","background-size":"auto","background-attachment":"scroll","background-type":"","background-media":"","overlay-type":"","overlay-color":"","overlay-opacity":"","overlay-gradient":""},"tablet":{"background-color":"var(--ast-global-color-4)","background-image":"","background-repeat":"repeat","background-position":"center center","background-size":"auto","background-attachment":"scroll","background-type":"","background-media":"","overlay-type":"","overlay-color":"","overlay-opacity":"","overlay-gradient":""},"mobile":{"background-color":"var(--ast-global-color-4)","background-image":"","background-repeat":"repeat","background-position":"center center","background-size":"auto","background-attachment":"scroll","background-type":"","background-media":"","overlay-type":"","overlay-color":"","overlay-opacity":"","overlay-gradient":""}},"_joinchat":[]},"product_brand":[],"product_cat":[92],"product_tag":[],"class_list":{"0":"post-8009","1":"product","2":"type-product","3":"status-publish","4":"has-post-thumbnail","6":"product_cat-teclados-mecanicos","7":"desktop-align-center","8":"tablet-align-left","9":"mobile-align-left","11":"first","12":"instock","13":"shipping-taxable","14":"purchasable","15":"product-type-simple"},"yoast_head":"<!-- This site is optimized with the Yoast SEO plugin v27.5 - https:\/\/yoast.com\/product\/yoast-seo-wordpress\/ -->\n<title>Teclado Mecanico LOGITECH G413 SE - UnitGames<\/title>\n<meta name=\"robots\" content=\"index, follow, max-snippet:-1, max-image-preview:large, max-video-preview:-1\" \/>\n<link rel=\"canonical\" href=\"https:\/\/unitgames.com.ar\/pc-gamer\/producto\/__trashed\/\" \/>\n<meta property=\"og:locale\" content=\"es_ES\" \/>\n<meta property=\"og:type\" content=\"article\" \/>\n<meta property=\"og:title\" content=\"Teclado Mecanico LOGITECH G413 SE - UnitGames\" \/>\n<meta property=\"og:description\" content=\"TECLADO G413 SE FULLSIZE MEC\u00c1NICO PARA GAMING \u2022Lleva tus habilidades de gaming al siguiente nivel: el G413 SE de Logitech es un teclado tama\u00f1o est\u00e1ndar apto para el gaming y con la durabilidad y el desempe\u00f1o necesarios para competir \u2022Teclas en PBT: resistente al calor y al uso, este teclado de gaming para computadora posee el material m\u00e1s durable empleado para el dise\u00f1o de teclas. \u2022Interruptores mec\u00e1nicos t\u00e1ctiles: con este teclado con cable para gaming, siempre tendr\u00e1s un desempe\u00f1o libre de riesgos \u2022Color, material y acabado de calidad: lleva tu equipo al siguiente nivel con este teclado retroiluminado dotado de una cubierta superior elegante bru\u00f1ida en negro y con iluminaci\u00f3n LED blanca \u2022Seguidilla de 6 teclas con prevenci\u00f3n de efecto fantasma Con doce (12) teclas de funci\u00f3n (FN) para controlar el volumen, reproducir, pausar, saltar una pista, silenciar, alternar la iluminaci\u00f3n, bloquear Windows, etc . Dise\u00f1o robusto con una flexi\u00f3n m\u00ednima.\" \/>\n<meta property=\"og:url\" content=\"https:\/\/unitgames.com.ar\/pc-gamer\/producto\/__trashed\/\" \/>\n<meta property=\"og:site_name\" content=\"UnitGames\" \/>\n<meta property=\"article:modified_time\" content=\"2026-01-29T23:02:37+00:00\" \/>\n<meta property=\"og:image\" content=\"https:\/\/unitgames.com.ar\/pc-gamer\/wp-content\/uploads\/2022\/08\/Teclado-Mecanico-LOGITECH-G413-SE.png\" \/>\n\t<meta property=\"og:image:width\" content=\"1263\" \/>\n\t<meta property=\"og:image:height\" content=\"1285\" \/>\n\t<meta property=\"og:image:type\" content=\"image\/png\" \/>\n<meta name=\"twitter:card\" content=\"summary_large_image\" \/>\n<meta name=\"twitter:label1\" content=\"Tiempo de lectura\" \/>\n\t<meta name=\"twitter:data1\" content=\"1 minuto\" \/>\n<script type=\"application\/ld+json\" class=\"yoast-schema-graph\">{\"@context\":\"https:\\\/\\\/schema.org\",\"@graph\":[{\"@type\":\"WebPage\",\"@id\":\"https:\\\/\\\/unitgames.com.ar\\\/pc-gamer\\\/producto\\\/__trashed\\\/\",\"url\":\"https:\\\/\\\/unitgames.com.ar\\\/pc-gamer\\\/producto\\\/__trashed\\\/\",\"name\":\"Teclado Mecanico LOGITECH G413 SE - UnitGames\",\"isPartOf\":{\"@id\":\"https:\\\/\\\/unitgames.com.ar\\\/pc-gamer\\\/#website\"},\"primaryImageOfPage\":{\"@id\":\"https:\\\/\\\/unitgames.com.ar\\\/pc-gamer\\\/producto\\\/__trashed\\\/#primaryimage\"},\"image\":{\"@id\":\"https:\\\/\\\/unitgames.com.ar\\\/pc-gamer\\\/producto\\\/__trashed\\\/#primaryimage\"},\"thumbnailUrl\":\"https:\\\/\\\/unitgames.com.ar\\\/pc-gamer\\\/wp-content\\\/uploads\\\/2022\\\/08\\\/Teclado-Mecanico-LOGITECH-G413-SE.png\",\"datePublished\":\"2022-08-06T15:54:56+00:00\",\"dateModified\":\"2026-01-29T23:02:37+00:00\",\"breadcrumb\":{\"@id\":\"https:\\\/\\\/unitgames.com.ar\\\/pc-gamer\\\/producto\\\/__trashed\\\/#breadcrumb\"},\"inLanguage\":\"es\",\"potentialAction\":[{\"@type\":\"ReadAction\",\"target\":[\"https:\\\/\\\/unitgames.com.ar\\\/pc-gamer\\\/producto\\\/__trashed\\\/\"]}]},{\"@type\":\"ImageObject\",\"inLanguage\":\"es\",\"@id\":\"https:\\\/\\\/unitgames.com.ar\\\/pc-gamer\\\/producto\\\/__trashed\\\/#primaryimage\",\"url\":\"https:\\\/\\\/unitgames.com.ar\\\/pc-gamer\\\/wp-content\\\/uploads\\\/2022\\\/08\\\/Teclado-Mecanico-LOGITECH-G413-SE.png\",\"contentUrl\":\"https:\\\/\\\/unitgames.com.ar\\\/pc-gamer\\\/wp-content\\\/uploads\\\/2022\\\/08\\\/Teclado-Mecanico-LOGITECH-G413-SE.png\",\"width\":1263,\"height\":1285},{\"@type\":\"BreadcrumbList\",\"@id\":\"https:\\\/\\\/unitgames.com.ar\\\/pc-gamer\\\/producto\\\/__trashed\\\/#breadcrumb\",\"itemListElement\":[{\"@type\":\"ListItem\",\"position\":1,\"name\":\"Tienda\",\"item\":\"https:\\\/\\\/unitgames.com.ar\\\/pc-gamer\\\/tienda\\\/\"},{\"@type\":\"ListItem\",\"position\":2,\"name\":\"Teclado Mecanico LOGITECH G413 SE\"}]},{\"@type\":\"WebSite\",\"@id\":\"https:\\\/\\\/unitgames.com.ar\\\/pc-gamer\\\/#website\",\"url\":\"https:\\\/\\\/unitgames.com.ar\\\/pc-gamer\\\/\",\"name\":\"UnitGames\",\"description\":\"Venta de PC Gamers, Consolas , Servicio Tecnico Especializado. Todos en Accesorios Informaticos y Gamers\",\"publisher\":{\"@id\":\"https:\\\/\\\/unitgames.com.ar\\\/pc-gamer\\\/#organization\"},\"potentialAction\":[{\"@type\":\"SearchAction\",\"target\":{\"@type\":\"EntryPoint\",\"urlTemplate\":\"https:\\\/\\\/unitgames.com.ar\\\/pc-gamer\\\/?s={search_term_string}\"},\"query-input\":{\"@type\":\"PropertyValueSpecification\",\"valueRequired\":true,\"valueName\":\"search_term_string\"}}],\"inLanguage\":\"es\"},{\"@type\":\"Organization\",\"@id\":\"https:\\\/\\\/unitgames.com.ar\\\/pc-gamer\\\/#organization\",\"name\":\"UnitGames\",\"url\":\"https:\\\/\\\/unitgames.com.ar\\\/pc-gamer\\\/\",\"logo\":{\"@type\":\"ImageObject\",\"inLanguage\":\"es\",\"@id\":\"https:\\\/\\\/unitgames.com.ar\\\/pc-gamer\\\/#\\\/schema\\\/logo\\\/image\\\/\",\"url\":\"https:\\\/\\\/unitgames.com.ar\\\/pc-gamer\\\/wp-content\\\/uploads\\\/2021\\\/01\\\/cropped-logoUnitGames2.png\",\"contentUrl\":\"https:\\\/\\\/unitgames.com.ar\\\/pc-gamer\\\/wp-content\\\/uploads\\\/2021\\\/01\\\/cropped-logoUnitGames2.png\",\"width\":152,\"height\":200,\"caption\":\"UnitGames\"},\"image\":{\"@id\":\"https:\\\/\\\/unitgames.com.ar\\\/pc-gamer\\\/#\\\/schema\\\/logo\\\/image\\\/\"}}]}<\/script>\n<!-- \/ Yoast SEO plugin. -->","yoast_head_json":{"title":"Teclado Mecanico LOGITECH G413 SE - UnitGames","robots":{"index":"index","follow":"follow","max-snippet":"max-snippet:-1","max-image-preview":"max-image-preview:large","max-video-preview":"max-video-preview:-1"},"canonical":"https:\/\/unitgames.com.ar\/pc-gamer\/producto\/__trashed\/","og_locale":"es_ES","og_type":"article","og_title":"Teclado Mecanico LOGITECH G413 SE - UnitGames","og_description":"TECLADO G413 SE FULLSIZE MEC\u00c1NICO PARA GAMING \u2022Lleva tus habilidades de gaming al siguiente nivel: el G413 SE de Logitech es un teclado tama\u00f1o est\u00e1ndar apto para el gaming y con la durabilidad y el desempe\u00f1o necesarios para competir \u2022Teclas en PBT: resistente al calor y al uso, este teclado de gaming para computadora posee el material m\u00e1s durable empleado para el dise\u00f1o de teclas. \u2022Interruptores mec\u00e1nicos t\u00e1ctiles: con este teclado con cable para gaming, siempre tendr\u00e1s un desempe\u00f1o libre de riesgos \u2022Color, material y acabado de calidad: lleva tu equipo al siguiente nivel con este teclado retroiluminado dotado de una cubierta superior elegante bru\u00f1ida en negro y con iluminaci\u00f3n LED blanca \u2022Seguidilla de 6 teclas con prevenci\u00f3n de efecto fantasma Con doce (12) teclas de funci\u00f3n (FN) para controlar el volumen, reproducir, pausar, saltar una pista, silenciar, alternar la iluminaci\u00f3n, bloquear Windows, etc . Dise\u00f1o robusto con una flexi\u00f3n m\u00ednima.","og_url":"https:\/\/unitgames.com.ar\/pc-gamer\/producto\/__trashed\/","og_site_name":"UnitGames","article_modified_time":"2026-01-29T23:02:37+00:00","og_image":[{"width":1263,"height":1285,"url":"https:\/\/unitgames.com.ar\/pc-gamer\/wp-content\/uploads\/2022\/08\/Teclado-Mecanico-LOGITECH-G413-SE.png","type":"image\/png"}],"twitter_card":"summary_large_image","twitter_misc":{"Tiempo de lectura":"1 minuto"},"schema":{"@context":"https:\/\/schema.org","@graph":[{"@type":"WebPage","@id":"https:\/\/unitgames.com.ar\/pc-gamer\/producto\/__trashed\/","url":"https:\/\/unitgames.com.ar\/pc-gamer\/producto\/__trashed\/","name":"Teclado Mecanico LOGITECH G413 SE - UnitGames","isPartOf":{"@id":"https:\/\/unitgames.com.ar\/pc-gamer\/#website"},"primaryImageOfPage":{"@id":"https:\/\/unitgames.com.ar\/pc-gamer\/producto\/__trashed\/#primaryimage"},"image":{"@id":"https:\/\/unitgames.com.ar\/pc-gamer\/producto\/__trashed\/#primaryimage"},"thumbnailUrl":"https:\/\/unitgames.com.ar\/pc-gamer\/wp-content\/uploads\/2022\/08\/Teclado-Mecanico-LOGITECH-G413-SE.png","datePublished":"2022-08-06T15:54:56+00:00","dateModified":"2026-01-29T23:02:37+00:00","breadcrumb":{"@id":"https:\/\/unitgames.com.ar\/pc-gamer\/producto\/__trashed\/#breadcrumb"},"inLanguage":"es","potentialAction":[{"@type":"ReadAction","target":["https:\/\/unitgames.com.ar\/pc-gamer\/producto\/__trashed\/"]}]},{"@type":"ImageObject","inLanguage":"es","@id":"https:\/\/unitgames.com.ar\/pc-gamer\/producto\/__trashed\/#primaryimage","url":"https:\/\/unitgames.com.ar\/pc-gamer\/wp-content\/uploads\/2022\/08\/Teclado-Mecanico-LOGITECH-G413-SE.png","contentUrl":"https:\/\/unitgames.com.ar\/pc-gamer\/wp-content\/uploads\/2022\/08\/Teclado-Mecanico-LOGITECH-G413-SE.png","width":1263,"height":1285},{"@type":"BreadcrumbList","@id":"https:\/\/unitgames.com.ar\/pc-gamer\/producto\/__trashed\/#breadcrumb","itemListElement":[{"@type":"ListItem","position":1,"name":"Tienda","item":"https:\/\/unitgames.com.ar\/pc-gamer\/tienda\/"},{"@type":"ListItem","position":2,"name":"Teclado Mecanico LOGITECH G413 SE"}]},{"@type":"WebSite","@id":"https:\/\/unitgames.com.ar\/pc-gamer\/#website","url":"https:\/\/unitgames.com.ar\/pc-gamer\/","name":"UnitGames","description":"Venta de PC Gamers, Consolas , Servicio Tecnico Especializado. Todos en Accesorios Informaticos y Gamers","publisher":{"@id":"https:\/\/unitgames.com.ar\/pc-gamer\/#organization"},"potentialAction":[{"@type":"SearchAction","target":{"@type":"EntryPoint","urlTemplate":"https:\/\/unitgames.com.ar\/pc-gamer\/?s={search_term_string}"},"query-input":{"@type":"PropertyValueSpecification","valueRequired":true,"valueName":"search_term_string"}}],"inLanguage":"es"},{"@type":"Organization","@id":"https:\/\/unitgames.com.ar\/pc-gamer\/#organization","name":"UnitGames","url":"https:\/\/unitgames.com.ar\/pc-gamer\/","logo":{"@type":"ImageObject","inLanguage":"es","@id":"https:\/\/unitgames.com.ar\/pc-gamer\/#\/schema\/logo\/image\/","url":"https:\/\/unitgames.com.ar\/pc-gamer\/wp-content\/uploads\/2021\/01\/cropped-logoUnitGames2.png","contentUrl":"https:\/\/unitgames.com.ar\/pc-gamer\/wp-content\/uploads\/2021\/01\/cropped-logoUnitGames2.png","width":152,"height":200,"caption":"UnitGames"},"image":{"@id":"https:\/\/unitgames.com.ar\/pc-gamer\/#\/schema\/logo\/image\/"}}]}},"_links":{"self":[{"href":"https:\/\/unitgames.com.ar\/pc-gamer\/wp-json\/wp\/v2\/product\/8009","targetHints":{"allow":["GET"]}}],"collection":[{"href":"https:\/\/unitgames.com.ar\/pc-gamer\/wp-json\/wp\/v2\/product"}],"about":[{"href":"https:\/\/unitgames.com.ar\/pc-gamer\/wp-json\/wp\/v2\/types\/product"}],"version-history":[{"count":0,"href":"https:\/\/unitgames.com.ar\/pc-gamer\/wp-json\/wp\/v2\/product\/8009\/revisions"}],"wp:featuredmedia":[{"embeddable":true,"href":"https:\/\/unitgames.com.ar\/pc-gamer\/wp-json\/wp\/v2\/media\/8420"}],"wp:attachment":[{"href":"https:\/\/unitgames.com.ar\/pc-gamer\/wp-json\/wp\/v2\/media?parent=8009"}],"wp:term":[{"taxonomy":"product_brand","embeddable":true,"href":"https:\/\/unitgames.com.ar\/pc-gamer\/wp-json\/wp\/v2\/product_brand?post=8009"},{"taxonomy":"product_cat","embeddable":true,"href":"https:\/\/unitgames.com.ar\/pc-gamer\/wp-json\/wp\/v2\/product_cat?post=8009"},{"taxonomy":"product_tag","embeddable":true,"href":"https:\/\/unitgames.com.ar\/pc-gamer\/wp-json\/wp\/v2\/product_tag?post=8009"}],"curies":[{"name":"wp","href":"https:\/\/api.w.org\/{rel}","templated":true}]}}