{"id":8075,"date":"2022-08-12T21:37:49","date_gmt":"2022-08-12T21:37:49","guid":{"rendered":"https:\/\/unitgames.com.ar\/pc-gamers\/?post_type=product&#038;p=8075"},"modified":"2026-01-31T21:03:16","modified_gmt":"2026-02-01T00:03:16","slug":"teclado-mecanico-redragon-fizz-pro-k616-white-pink","status":"publish","type":"product","link":"https:\/\/unitgames.com.ar\/pc-gamer\/producto\/teclado-mecanico-redragon-fizz-pro-k616-white-pink\/","title":{"rendered":"Teclado Mecanico Inalambrico REDRAGON Fizz Pro K616 White\/Pink"},"content":{"rendered":"<p>&nbsp;<\/p>\n<p>TIPO TECLADO: Mec\u00e1nico.<br \/>\nTIPO DE SWITCHES: Redragon Red, Lineal sin click audible , fuerza de actuaci\u00f3n 45 gr.<br \/>\nTECLAS MULTIMEDIA: No.<br \/>\nTECLAS MACRO DEDICADAS: No.<br \/>\nBLOQUEO TECLA WINDOWS: S\u00ed.<br \/>\nTAMA\u00d1O TECLADO: Compacto, 60%.<br \/>\nREPOSAMU\u00d1ECAS: No.<br \/>\nRETROILUMINADO: Si, RGB Chroma.<br \/>\nCONEXI\u00d3N: Cable USB Type-C, PVC, extra\u00edble, dongle nano USB 2.4GHz, Bluetooth 5.0.<br \/>\nMATRIZ: 61 teclas full rollover.<br \/>\nCONSTRUCCI\u00d3N: Pl\u00e1stico ABS reforzado.<br \/>\nANTI SALPICADURAS: S\u00ed.<br \/>\nDISTRIBUCI\u00d3N: Ingl\u00e9s.<br \/>\nPESO: 0.474 kg.<br \/>\nDIMENSIONES: 29.7 x 10.6 x 3.5 cm.<br \/>\nEXTRAS: Contenedor en teclado de receptor wireless.<br \/>\nSOFTWARE: Si.<\/p>\n","protected":false},"excerpt":{"rendered":"<p>&nbsp; TIPO TECLADO: Mec\u00e1nico. TIPO DE SWITCHES: Redragon Red, Lineal sin click audible , fuerza de actuaci\u00f3n 45 gr. TECLAS MULTIMEDIA: No. TECLAS MACRO DEDICADAS: No. BLOQUEO TECLA WINDOWS: S\u00ed. TAMA\u00d1O TECLADO: Compacto, 60%. REPOSAMU\u00d1ECAS: No. RETROILUMINADO: Si, RGB Chroma. CONEXI\u00d3N: Cable USB Type-C, PVC, extra\u00edble, dongle nano USB 2.4GHz, Bluetooth 5.0. MATRIZ: 61 teclas full rollover. CONSTRUCCI\u00d3N: Pl\u00e1stico ABS reforzado. ANTI SALPICADURAS: S\u00ed. DISTRIBUCI\u00d3N: Ingl\u00e9s. PESO: 0.474 kg. DIMENSIONES: 29.7 x 10.6 x 3.5 cm. EXTRAS: Contenedor en teclado de receptor wireless. SOFTWARE: Si.<\/p>\n","protected":false},"featured_media":8417,"template":"","meta":{"site-sidebar-layout":"default","site-content-layout":"","ast-site-content-layout":"default","site-content-style":"default","site-sidebar-style":"default","ast-global-header-display":"","ast-banner-title-visibility":"","ast-main-header-display":"","ast-hfb-above-header-display":"","ast-hfb-below-header-display":"","ast-hfb-mobile-header-display":"","site-post-title":"","ast-breadcrumbs-content":"","ast-featured-img":"","footer-sml-layout":"","theme-transparent-header-meta":"default","adv-header-id-meta":"","stick-header-meta":"","header-above-stick-meta":"","header-main-stick-meta":"","header-below-stick-meta":"","astra-migrate-meta-layouts":"set","ast-page-background-enabled":"default","ast-page-background-meta":{"desktop":{"background-color":"var(--ast-global-color-5)","background-image":"","background-repeat":"repeat","background-position":"center center","background-size":"auto","background-attachment":"scroll","background-type":"","background-media":"","overlay-type":"","overlay-color":"","overlay-opacity":"","overlay-gradient":""},"tablet":{"background-color":"","background-image":"","background-repeat":"repeat","background-position":"center center","background-size":"auto","background-attachment":"scroll","background-type":"","background-media":"","overlay-type":"","overlay-color":"","overlay-opacity":"","overlay-gradient":""},"mobile":{"background-color":"","background-image":"","background-repeat":"repeat","background-position":"center center","background-size":"auto","background-attachment":"scroll","background-type":"","background-media":"","overlay-type":"","overlay-color":"","overlay-opacity":"","overlay-gradient":""}},"ast-content-background-meta":{"desktop":{"background-color":"var(--ast-global-color-4)","background-image":"","background-repeat":"repeat","background-position":"center center","background-size":"auto","background-attachment":"scroll","background-type":"","background-media":"","overlay-type":"","overlay-color":"","overlay-opacity":"","overlay-gradient":""},"tablet":{"background-color":"var(--ast-global-color-4)","background-image":"","background-repeat":"repeat","background-position":"center center","background-size":"auto","background-attachment":"scroll","background-type":"","background-media":"","overlay-type":"","overlay-color":"","overlay-opacity":"","overlay-gradient":""},"mobile":{"background-color":"var(--ast-global-color-4)","background-image":"","background-repeat":"repeat","background-position":"center center","background-size":"auto","background-attachment":"scroll","background-type":"","background-media":"","overlay-type":"","overlay-color":"","overlay-opacity":"","overlay-gradient":""}},"_joinchat":[]},"product_brand":[],"product_cat":[92],"product_tag":[],"class_list":{"0":"post-8075","1":"product","2":"type-product","3":"status-publish","4":"has-post-thumbnail","6":"product_cat-teclados-mecanicos","7":"desktop-align-center","8":"tablet-align-left","9":"mobile-align-left","11":"first","12":"instock","13":"shipping-taxable","14":"purchasable","15":"product-type-simple"},"yoast_head":"<!-- This site is optimized with the Yoast SEO plugin v27.5 - https:\/\/yoast.com\/product\/yoast-seo-wordpress\/ -->\n<title>Teclado Mecanico Inalambrico REDRAGON Fizz Pro K616 White\/Pink - UnitGames<\/title>\n<meta name=\"robots\" content=\"index, follow, max-snippet:-1, max-image-preview:large, max-video-preview:-1\" \/>\n<link rel=\"canonical\" href=\"https:\/\/unitgames.com.ar\/pc-gamer\/producto\/teclado-mecanico-redragon-fizz-pro-k616-white-pink\/\" \/>\n<meta property=\"og:locale\" content=\"es_ES\" \/>\n<meta property=\"og:type\" content=\"article\" \/>\n<meta property=\"og:title\" content=\"Teclado Mecanico Inalambrico REDRAGON Fizz Pro K616 White\/Pink - UnitGames\" \/>\n<meta property=\"og:description\" content=\"&nbsp; TIPO TECLADO: Mec\u00e1nico. TIPO DE SWITCHES: Redragon Red, Lineal sin click audible , fuerza de actuaci\u00f3n 45 gr. TECLAS MULTIMEDIA: No. TECLAS MACRO DEDICADAS: No. BLOQUEO TECLA WINDOWS: S\u00ed. TAMA\u00d1O TECLADO: Compacto, 60%. REPOSAMU\u00d1ECAS: No. RETROILUMINADO: Si, RGB Chroma. CONEXI\u00d3N: Cable USB Type-C, PVC, extra\u00edble, dongle nano USB 2.4GHz, Bluetooth 5.0. MATRIZ: 61 teclas full rollover. CONSTRUCCI\u00d3N: Pl\u00e1stico ABS reforzado. ANTI SALPICADURAS: S\u00ed. DISTRIBUCI\u00d3N: Ingl\u00e9s. PESO: 0.474 kg. DIMENSIONES: 29.7 x 10.6 x 3.5 cm. EXTRAS: Contenedor en teclado de receptor wireless. SOFTWARE: Si.\" \/>\n<meta property=\"og:url\" content=\"https:\/\/unitgames.com.ar\/pc-gamer\/producto\/teclado-mecanico-redragon-fizz-pro-k616-white-pink\/\" \/>\n<meta property=\"og:site_name\" content=\"UnitGames\" \/>\n<meta property=\"article:modified_time\" content=\"2026-02-01T00:03:16+00:00\" \/>\n<meta property=\"og:image\" content=\"https:\/\/unitgames.com.ar\/pc-gamer\/wp-content\/uploads\/2022\/08\/Teclado-Mecanico-REDRAGON-Fizz-Pro-K616-WhitePink.png\" \/>\n\t<meta property=\"og:image:width\" content=\"1282\" \/>\n\t<meta property=\"og:image:height\" content=\"1285\" \/>\n\t<meta property=\"og:image:type\" content=\"image\/png\" \/>\n<meta name=\"twitter:card\" content=\"summary_large_image\" \/>\n<meta name=\"twitter:label1\" content=\"Tiempo de lectura\" \/>\n\t<meta name=\"twitter:data1\" content=\"1 minuto\" \/>\n<script type=\"application\/ld+json\" class=\"yoast-schema-graph\">{\"@context\":\"https:\\\/\\\/schema.org\",\"@graph\":[{\"@type\":\"WebPage\",\"@id\":\"https:\\\/\\\/unitgames.com.ar\\\/pc-gamer\\\/producto\\\/teclado-mecanico-redragon-fizz-pro-k616-white-pink\\\/\",\"url\":\"https:\\\/\\\/unitgames.com.ar\\\/pc-gamer\\\/producto\\\/teclado-mecanico-redragon-fizz-pro-k616-white-pink\\\/\",\"name\":\"Teclado Mecanico Inalambrico REDRAGON Fizz Pro K616 White\\\/Pink - UnitGames\",\"isPartOf\":{\"@id\":\"https:\\\/\\\/unitgames.com.ar\\\/pc-gamer\\\/#website\"},\"primaryImageOfPage\":{\"@id\":\"https:\\\/\\\/unitgames.com.ar\\\/pc-gamer\\\/producto\\\/teclado-mecanico-redragon-fizz-pro-k616-white-pink\\\/#primaryimage\"},\"image\":{\"@id\":\"https:\\\/\\\/unitgames.com.ar\\\/pc-gamer\\\/producto\\\/teclado-mecanico-redragon-fizz-pro-k616-white-pink\\\/#primaryimage\"},\"thumbnailUrl\":\"https:\\\/\\\/unitgames.com.ar\\\/pc-gamer\\\/wp-content\\\/uploads\\\/2022\\\/08\\\/Teclado-Mecanico-REDRAGON-Fizz-Pro-K616-WhitePink.png\",\"datePublished\":\"2022-08-12T21:37:49+00:00\",\"dateModified\":\"2026-02-01T00:03:16+00:00\",\"breadcrumb\":{\"@id\":\"https:\\\/\\\/unitgames.com.ar\\\/pc-gamer\\\/producto\\\/teclado-mecanico-redragon-fizz-pro-k616-white-pink\\\/#breadcrumb\"},\"inLanguage\":\"es\",\"potentialAction\":[{\"@type\":\"ReadAction\",\"target\":[\"https:\\\/\\\/unitgames.com.ar\\\/pc-gamer\\\/producto\\\/teclado-mecanico-redragon-fizz-pro-k616-white-pink\\\/\"]}]},{\"@type\":\"ImageObject\",\"inLanguage\":\"es\",\"@id\":\"https:\\\/\\\/unitgames.com.ar\\\/pc-gamer\\\/producto\\\/teclado-mecanico-redragon-fizz-pro-k616-white-pink\\\/#primaryimage\",\"url\":\"https:\\\/\\\/unitgames.com.ar\\\/pc-gamer\\\/wp-content\\\/uploads\\\/2022\\\/08\\\/Teclado-Mecanico-REDRAGON-Fizz-Pro-K616-WhitePink.png\",\"contentUrl\":\"https:\\\/\\\/unitgames.com.ar\\\/pc-gamer\\\/wp-content\\\/uploads\\\/2022\\\/08\\\/Teclado-Mecanico-REDRAGON-Fizz-Pro-K616-WhitePink.png\",\"width\":1282,\"height\":1285},{\"@type\":\"BreadcrumbList\",\"@id\":\"https:\\\/\\\/unitgames.com.ar\\\/pc-gamer\\\/producto\\\/teclado-mecanico-redragon-fizz-pro-k616-white-pink\\\/#breadcrumb\",\"itemListElement\":[{\"@type\":\"ListItem\",\"position\":1,\"name\":\"Tienda\",\"item\":\"https:\\\/\\\/unitgames.com.ar\\\/pc-gamer\\\/tienda\\\/\"},{\"@type\":\"ListItem\",\"position\":2,\"name\":\"Teclado Mecanico Inalambrico REDRAGON Fizz Pro K616 White\\\/Pink\"}]},{\"@type\":\"WebSite\",\"@id\":\"https:\\\/\\\/unitgames.com.ar\\\/pc-gamer\\\/#website\",\"url\":\"https:\\\/\\\/unitgames.com.ar\\\/pc-gamer\\\/\",\"name\":\"UnitGames\",\"description\":\"Venta de PC Gamers, Consolas , Servicio Tecnico Especializado. Todos en Accesorios Informaticos y Gamers\",\"publisher\":{\"@id\":\"https:\\\/\\\/unitgames.com.ar\\\/pc-gamer\\\/#organization\"},\"potentialAction\":[{\"@type\":\"SearchAction\",\"target\":{\"@type\":\"EntryPoint\",\"urlTemplate\":\"https:\\\/\\\/unitgames.com.ar\\\/pc-gamer\\\/?s={search_term_string}\"},\"query-input\":{\"@type\":\"PropertyValueSpecification\",\"valueRequired\":true,\"valueName\":\"search_term_string\"}}],\"inLanguage\":\"es\"},{\"@type\":\"Organization\",\"@id\":\"https:\\\/\\\/unitgames.com.ar\\\/pc-gamer\\\/#organization\",\"name\":\"UnitGames\",\"url\":\"https:\\\/\\\/unitgames.com.ar\\\/pc-gamer\\\/\",\"logo\":{\"@type\":\"ImageObject\",\"inLanguage\":\"es\",\"@id\":\"https:\\\/\\\/unitgames.com.ar\\\/pc-gamer\\\/#\\\/schema\\\/logo\\\/image\\\/\",\"url\":\"https:\\\/\\\/unitgames.com.ar\\\/pc-gamer\\\/wp-content\\\/uploads\\\/2021\\\/01\\\/cropped-logoUnitGames2.png\",\"contentUrl\":\"https:\\\/\\\/unitgames.com.ar\\\/pc-gamer\\\/wp-content\\\/uploads\\\/2021\\\/01\\\/cropped-logoUnitGames2.png\",\"width\":152,\"height\":200,\"caption\":\"UnitGames\"},\"image\":{\"@id\":\"https:\\\/\\\/unitgames.com.ar\\\/pc-gamer\\\/#\\\/schema\\\/logo\\\/image\\\/\"}}]}<\/script>\n<!-- \/ Yoast SEO plugin. -->","yoast_head_json":{"title":"Teclado Mecanico Inalambrico REDRAGON Fizz Pro K616 White\/Pink - UnitGames","robots":{"index":"index","follow":"follow","max-snippet":"max-snippet:-1","max-image-preview":"max-image-preview:large","max-video-preview":"max-video-preview:-1"},"canonical":"https:\/\/unitgames.com.ar\/pc-gamer\/producto\/teclado-mecanico-redragon-fizz-pro-k616-white-pink\/","og_locale":"es_ES","og_type":"article","og_title":"Teclado Mecanico Inalambrico REDRAGON Fizz Pro K616 White\/Pink - UnitGames","og_description":"&nbsp; TIPO TECLADO: Mec\u00e1nico. TIPO DE SWITCHES: Redragon Red, Lineal sin click audible , fuerza de actuaci\u00f3n 45 gr. TECLAS MULTIMEDIA: No. TECLAS MACRO DEDICADAS: No. BLOQUEO TECLA WINDOWS: S\u00ed. TAMA\u00d1O TECLADO: Compacto, 60%. REPOSAMU\u00d1ECAS: No. RETROILUMINADO: Si, RGB Chroma. CONEXI\u00d3N: Cable USB Type-C, PVC, extra\u00edble, dongle nano USB 2.4GHz, Bluetooth 5.0. MATRIZ: 61 teclas full rollover. CONSTRUCCI\u00d3N: Pl\u00e1stico ABS reforzado. ANTI SALPICADURAS: S\u00ed. DISTRIBUCI\u00d3N: Ingl\u00e9s. PESO: 0.474 kg. DIMENSIONES: 29.7 x 10.6 x 3.5 cm. EXTRAS: Contenedor en teclado de receptor wireless. SOFTWARE: Si.","og_url":"https:\/\/unitgames.com.ar\/pc-gamer\/producto\/teclado-mecanico-redragon-fizz-pro-k616-white-pink\/","og_site_name":"UnitGames","article_modified_time":"2026-02-01T00:03:16+00:00","og_image":[{"width":1282,"height":1285,"url":"https:\/\/unitgames.com.ar\/pc-gamer\/wp-content\/uploads\/2022\/08\/Teclado-Mecanico-REDRAGON-Fizz-Pro-K616-WhitePink.png","type":"image\/png"}],"twitter_card":"summary_large_image","twitter_misc":{"Tiempo de lectura":"1 minuto"},"schema":{"@context":"https:\/\/schema.org","@graph":[{"@type":"WebPage","@id":"https:\/\/unitgames.com.ar\/pc-gamer\/producto\/teclado-mecanico-redragon-fizz-pro-k616-white-pink\/","url":"https:\/\/unitgames.com.ar\/pc-gamer\/producto\/teclado-mecanico-redragon-fizz-pro-k616-white-pink\/","name":"Teclado Mecanico Inalambrico REDRAGON Fizz Pro K616 White\/Pink - UnitGames","isPartOf":{"@id":"https:\/\/unitgames.com.ar\/pc-gamer\/#website"},"primaryImageOfPage":{"@id":"https:\/\/unitgames.com.ar\/pc-gamer\/producto\/teclado-mecanico-redragon-fizz-pro-k616-white-pink\/#primaryimage"},"image":{"@id":"https:\/\/unitgames.com.ar\/pc-gamer\/producto\/teclado-mecanico-redragon-fizz-pro-k616-white-pink\/#primaryimage"},"thumbnailUrl":"https:\/\/unitgames.com.ar\/pc-gamer\/wp-content\/uploads\/2022\/08\/Teclado-Mecanico-REDRAGON-Fizz-Pro-K616-WhitePink.png","datePublished":"2022-08-12T21:37:49+00:00","dateModified":"2026-02-01T00:03:16+00:00","breadcrumb":{"@id":"https:\/\/unitgames.com.ar\/pc-gamer\/producto\/teclado-mecanico-redragon-fizz-pro-k616-white-pink\/#breadcrumb"},"inLanguage":"es","potentialAction":[{"@type":"ReadAction","target":["https:\/\/unitgames.com.ar\/pc-gamer\/producto\/teclado-mecanico-redragon-fizz-pro-k616-white-pink\/"]}]},{"@type":"ImageObject","inLanguage":"es","@id":"https:\/\/unitgames.com.ar\/pc-gamer\/producto\/teclado-mecanico-redragon-fizz-pro-k616-white-pink\/#primaryimage","url":"https:\/\/unitgames.com.ar\/pc-gamer\/wp-content\/uploads\/2022\/08\/Teclado-Mecanico-REDRAGON-Fizz-Pro-K616-WhitePink.png","contentUrl":"https:\/\/unitgames.com.ar\/pc-gamer\/wp-content\/uploads\/2022\/08\/Teclado-Mecanico-REDRAGON-Fizz-Pro-K616-WhitePink.png","width":1282,"height":1285},{"@type":"BreadcrumbList","@id":"https:\/\/unitgames.com.ar\/pc-gamer\/producto\/teclado-mecanico-redragon-fizz-pro-k616-white-pink\/#breadcrumb","itemListElement":[{"@type":"ListItem","position":1,"name":"Tienda","item":"https:\/\/unitgames.com.ar\/pc-gamer\/tienda\/"},{"@type":"ListItem","position":2,"name":"Teclado Mecanico Inalambrico REDRAGON Fizz Pro K616 White\/Pink"}]},{"@type":"WebSite","@id":"https:\/\/unitgames.com.ar\/pc-gamer\/#website","url":"https:\/\/unitgames.com.ar\/pc-gamer\/","name":"UnitGames","description":"Venta de PC Gamers, Consolas , Servicio Tecnico Especializado. Todos en Accesorios Informaticos y Gamers","publisher":{"@id":"https:\/\/unitgames.com.ar\/pc-gamer\/#organization"},"potentialAction":[{"@type":"SearchAction","target":{"@type":"EntryPoint","urlTemplate":"https:\/\/unitgames.com.ar\/pc-gamer\/?s={search_term_string}"},"query-input":{"@type":"PropertyValueSpecification","valueRequired":true,"valueName":"search_term_string"}}],"inLanguage":"es"},{"@type":"Organization","@id":"https:\/\/unitgames.com.ar\/pc-gamer\/#organization","name":"UnitGames","url":"https:\/\/unitgames.com.ar\/pc-gamer\/","logo":{"@type":"ImageObject","inLanguage":"es","@id":"https:\/\/unitgames.com.ar\/pc-gamer\/#\/schema\/logo\/image\/","url":"https:\/\/unitgames.com.ar\/pc-gamer\/wp-content\/uploads\/2021\/01\/cropped-logoUnitGames2.png","contentUrl":"https:\/\/unitgames.com.ar\/pc-gamer\/wp-content\/uploads\/2021\/01\/cropped-logoUnitGames2.png","width":152,"height":200,"caption":"UnitGames"},"image":{"@id":"https:\/\/unitgames.com.ar\/pc-gamer\/#\/schema\/logo\/image\/"}}]}},"_links":{"self":[{"href":"https:\/\/unitgames.com.ar\/pc-gamer\/wp-json\/wp\/v2\/product\/8075","targetHints":{"allow":["GET"]}}],"collection":[{"href":"https:\/\/unitgames.com.ar\/pc-gamer\/wp-json\/wp\/v2\/product"}],"about":[{"href":"https:\/\/unitgames.com.ar\/pc-gamer\/wp-json\/wp\/v2\/types\/product"}],"version-history":[{"count":0,"href":"https:\/\/unitgames.com.ar\/pc-gamer\/wp-json\/wp\/v2\/product\/8075\/revisions"}],"wp:featuredmedia":[{"embeddable":true,"href":"https:\/\/unitgames.com.ar\/pc-gamer\/wp-json\/wp\/v2\/media\/8417"}],"wp:attachment":[{"href":"https:\/\/unitgames.com.ar\/pc-gamer\/wp-json\/wp\/v2\/media?parent=8075"}],"wp:term":[{"taxonomy":"product_brand","embeddable":true,"href":"https:\/\/unitgames.com.ar\/pc-gamer\/wp-json\/wp\/v2\/product_brand?post=8075"},{"taxonomy":"product_cat","embeddable":true,"href":"https:\/\/unitgames.com.ar\/pc-gamer\/wp-json\/wp\/v2\/product_cat?post=8075"},{"taxonomy":"product_tag","embeddable":true,"href":"https:\/\/unitgames.com.ar\/pc-gamer\/wp-json\/wp\/v2\/product_tag?post=8075"}],"curies":[{"name":"wp","href":"https:\/\/api.w.org\/{rel}","templated":true}]}}