{"id":8197,"date":"2022-09-09T12:18:04","date_gmt":"2022-09-09T12:18:04","guid":{"rendered":"https:\/\/unitgames.com.ar\/pc-gamers\/?post_type=product&#038;p=8197"},"modified":"2026-02-27T17:09:00","modified_gmt":"2026-02-27T20:09:00","slug":"convertidor-amazon-fire-tv-stick-lite","status":"publish","type":"product","link":"https:\/\/unitgames.com.ar\/pc-gamer\/producto\/convertidor-amazon-fire-tv-stick-lite\/","title":{"rendered":"Convertidor AMAZON Fire TV Stick"},"content":{"rendered":"<p>Nuestro Fire TV Stick m\u00e1s econ\u00f3mico: reproducci\u00f3n en streaming r\u00e1pida y con calidad Full HD. Viene con el control remoto por voz Alexa | Lite.<br \/>\nIdeal para usuarios que nunca han usado este tipo de dispositivo: empieza a ver contenido en streaming con acceso a m\u00e1s de 200,000 pel\u00edculas y episodios de series gratuitos usando apps de streaming que tienen comerciales como IMDb TV, Tubi, Pluto TV, entre otras.<br \/>\nF\u00e1cil de configurar y discreto: con\u00e9ctalo a la parte trasera de la televisi\u00f3n, enci\u00e9ndela y con\u00e9ctate a Internet para configurarlo.<br \/>\nPresiona un bot\u00f3n para interactuar con Alexa: usa la voz para buscar contenido e iniciar la reproducci\u00f3n en m\u00faltiples apps.<br \/>\nEntretenimiento sin fin: ve por streaming m\u00e1s de un mill\u00f3n de pel\u00edculas y episodios de series con Netflix, Prime Video, Disney+, Peacock y m\u00e1s. Tambi\u00e9n podr\u00e1s escuchar millones de canciones. Es posible que se apliquen cargos por suscripci\u00f3n.<br \/>\nTV en vivo: ve en vivo tu programaci\u00f3n favorita de televisi\u00f3n, noticias y deportes con suscripciones de SLING TV, YouTube TV, entre otras.<br \/>\nEscucha m\u00fasica: reproduce m\u00fasica en streaming con Amazon Music, Spotify, Pandora y m\u00e1s. Es posible que se apliquen cargos por suscripci\u00f3n.<br \/>\nControla tu Smart Home: p\u00eddele a Alexa que consulte el estado del tiempo, que aten\u00fae las luces, que muestre el video en vivo de la c\u00e1mara, que ponga m\u00fasica en streaming y m\u00e1s.<\/p>\n<p>&nbsp;<\/p>\n<p>&nbsp;<\/p>\n<table>\n<thead>\n<tr>\n<td><strong>Fire TV Stick Lite<\/strong><\/td>\n<td><strong>Especificaciones<\/strong><\/td>\n<\/tr>\n<\/thead>\n<tbody>\n<tr>\n<td><strong>Dimensiones y peso<\/strong><\/td>\n<td>86 x 30 x 13 mm.<br \/>\n32 gramos.<\/td>\n<\/tr>\n<tr>\n<td><strong>Procesador<\/strong><\/td>\n<td>Cuatro n\u00facleos a 1.7 GHz con GPU Power VR IMG GE8300.<\/td>\n<\/tr>\n<tr>\n<td><strong>Imagen y sonido<\/strong><\/td>\n<td>Salida\u00a0Full HD a 60 fps con HDR10+, HLG y sonido Dolby Atmos<\/td>\n<\/tr>\n<tr>\n<td><strong>Almacenamiento<\/strong><\/td>\n<td>8 GB.<\/td>\n<\/tr>\n<tr>\n<td><strong>Memoria RAM<\/strong><\/td>\n<td>1 GB.<\/td>\n<\/tr>\n<tr>\n<td><strong>Conectividad<\/strong><\/td>\n<td>WiFi AC de doble banda y Bluetooth 5.0 LE.<\/td>\n<\/tr>\n<tr>\n<td><strong>Conexiones<\/strong><\/td>\n<td>Salida HDMI y microUSB.<\/td>\n<\/tr>\n<tr>\n<td><strong>Aplicaciones<\/strong><\/td>\n<td>Amazon Prime Video, Netflix, Youtube, Spotify, Plex, VLC, Switch y varias apps y juegos m\u00e1s.<\/td>\n<\/tr>\n<tr>\n<td><strong>Otros<\/strong><\/td>\n<td>Control remoto (funciona con dos pilas AAA incluidas)<\/td>\n<\/tr>\n<tr>\n<td><strong>Sistema operativo<\/strong><\/td>\n<td>Fire OS\u00a0compatible con Alexa.<\/td>\n<\/tr>\n<tr>\n<td><\/td>\n<\/tr>\n<\/tbody>\n<\/table>\n","protected":false},"excerpt":{"rendered":"<p>Nuestro Fire TV Stick m\u00e1s econ\u00f3mico: reproducci\u00f3n en streaming r\u00e1pida y con calidad Full HD. Viene con el control remoto por voz Alexa | Lite. Ideal para usuarios que nunca han usado este tipo de dispositivo: empieza a ver contenido en streaming con acceso a m\u00e1s de 200,000 pel\u00edculas y episodios de series gratuitos usando apps de streaming que tienen comerciales como IMDb TV, Tubi, Pluto TV, entre otras. F\u00e1cil de configurar y discreto: con\u00e9ctalo a la parte trasera de la televisi\u00f3n, enci\u00e9ndela y con\u00e9ctate a Internet para configurarlo. Presiona un bot\u00f3n para interactuar con Alexa: usa la voz para buscar contenido e iniciar la reproducci\u00f3n en m\u00faltiples apps. Entretenimiento sin fin: ve por streaming m\u00e1s de un mill\u00f3n de pel\u00edculas y episodios de series con Netflix, Prime Video, Disney+, Peacock y m\u00e1s. Tambi\u00e9n podr\u00e1s escuchar millones de canciones. Es posible que se apliquen cargos por suscripci\u00f3n. TV en vivo: ve en vivo tu programaci\u00f3n favorita de televisi\u00f3n, noticias y deportes con suscripciones de SLING TV, YouTube TV, entre otras. Escucha m\u00fasica: reproduce m\u00fasica en streaming con Amazon Music, Spotify, Pandora y m\u00e1s. Es posible que se apliquen cargos por suscripci\u00f3n. Controla tu Smart Home: p\u00eddele a Alexa que consulte el estado del tiempo, que aten\u00fae las luces, que muestre el video en vivo de la c\u00e1mara, que ponga m\u00fasica en streaming y m\u00e1s. &nbsp; &nbsp; Fire TV Stick Lite Especificaciones Dimensiones y peso 86 x 30 x 13 mm. 32 gramos. Procesador Cuatro n\u00facleos a 1.7 GHz con GPU Power VR IMG GE8300. Imagen y sonido Salida\u00a0Full HD a 60 fps con HDR10+, HLG y sonido Dolby Atmos Almacenamiento 8 GB. Memoria RAM 1 GB. Conectividad WiFi AC de doble banda y Bluetooth 5.0 LE. Conexiones Salida HDMI y microUSB. Aplicaciones Amazon Prime Video, Netflix, Youtube, Spotify, Plex, VLC, Switch y varias apps y juegos m\u00e1s. Otros Control remoto (funciona con dos pilas AAA incluidas) Sistema operativo Fire OS\u00a0compatible con Alexa.<\/p>\n","protected":false},"featured_media":12501,"template":"","meta":{"site-sidebar-layout":"default","site-content-layout":"","ast-site-content-layout":"default","site-content-style":"default","site-sidebar-style":"default","ast-global-header-display":"","ast-banner-title-visibility":"","ast-main-header-display":"","ast-hfb-above-header-display":"","ast-hfb-below-header-display":"","ast-hfb-mobile-header-display":"","site-post-title":"","ast-breadcrumbs-content":"","ast-featured-img":"","footer-sml-layout":"","theme-transparent-header-meta":"default","adv-header-id-meta":"","stick-header-meta":"","header-above-stick-meta":"","header-main-stick-meta":"","header-below-stick-meta":"","astra-migrate-meta-layouts":"set","ast-page-background-enabled":"default","ast-page-background-meta":{"desktop":{"background-color":"var(--ast-global-color-5)","background-image":"","background-repeat":"repeat","background-position":"center center","background-size":"auto","background-attachment":"scroll","background-type":"","background-media":"","overlay-type":"","overlay-color":"","overlay-opacity":"","overlay-gradient":""},"tablet":{"background-color":"","background-image":"","background-repeat":"repeat","background-position":"center center","background-size":"auto","background-attachment":"scroll","background-type":"","background-media":"","overlay-type":"","overlay-color":"","overlay-opacity":"","overlay-gradient":""},"mobile":{"background-color":"","background-image":"","background-repeat":"repeat","background-position":"center center","background-size":"auto","background-attachment":"scroll","background-type":"","background-media":"","overlay-type":"","overlay-color":"","overlay-opacity":"","overlay-gradient":""}},"ast-content-background-meta":{"desktop":{"background-color":"var(--ast-global-color-4)","background-image":"","background-repeat":"repeat","background-position":"center center","background-size":"auto","background-attachment":"scroll","background-type":"","background-media":"","overlay-type":"","overlay-color":"","overlay-opacity":"","overlay-gradient":""},"tablet":{"background-color":"var(--ast-global-color-4)","background-image":"","background-repeat":"repeat","background-position":"center center","background-size":"auto","background-attachment":"scroll","background-type":"","background-media":"","overlay-type":"","overlay-color":"","overlay-opacity":"","overlay-gradient":""},"mobile":{"background-color":"var(--ast-global-color-4)","background-image":"","background-repeat":"repeat","background-position":"center center","background-size":"auto","background-attachment":"scroll","background-type":"","background-media":"","overlay-type":"","overlay-color":"","overlay-opacity":"","overlay-gradient":""}},"_joinchat":[]},"product_brand":[],"product_cat":[115],"product_tag":[],"class_list":{"0":"post-8197","1":"product","2":"type-product","3":"status-publish","4":"has-post-thumbnail","6":"product_cat-streaming-tv","7":"desktop-align-center","8":"tablet-align-left","9":"mobile-align-left","11":"first","12":"instock","13":"shipping-taxable","14":"purchasable","15":"product-type-simple"},"yoast_head":"<!-- This site is optimized with the Yoast SEO plugin v27.3 - https:\/\/yoast.com\/product\/yoast-seo-wordpress\/ -->\n<title>Convertidor AMAZON Fire TV Stick - UnitGames<\/title>\n<meta name=\"robots\" content=\"index, follow, max-snippet:-1, max-image-preview:large, max-video-preview:-1\" \/>\n<link rel=\"canonical\" href=\"https:\/\/unitgames.com.ar\/pc-gamer\/producto\/convertidor-amazon-fire-tv-stick-lite\/\" \/>\n<meta property=\"og:locale\" content=\"es_ES\" \/>\n<meta property=\"og:type\" content=\"article\" \/>\n<meta property=\"og:title\" content=\"Convertidor AMAZON Fire TV Stick - UnitGames\" \/>\n<meta property=\"og:description\" content=\"Nuestro Fire TV Stick m\u00e1s econ\u00f3mico: reproducci\u00f3n en streaming r\u00e1pida y con calidad Full HD. Viene con el control remoto por voz Alexa | Lite. Ideal para usuarios que nunca han usado este tipo de dispositivo: empieza a ver contenido en streaming con acceso a m\u00e1s de 200,000 pel\u00edculas y episodios de series gratuitos usando apps de streaming que tienen comerciales como IMDb TV, Tubi, Pluto TV, entre otras. F\u00e1cil de configurar y discreto: con\u00e9ctalo a la parte trasera de la televisi\u00f3n, enci\u00e9ndela y con\u00e9ctate a Internet para configurarlo. Presiona un bot\u00f3n para interactuar con Alexa: usa la voz para buscar contenido e iniciar la reproducci\u00f3n en m\u00faltiples apps. Entretenimiento sin fin: ve por streaming m\u00e1s de un mill\u00f3n de pel\u00edculas y episodios de series con Netflix, Prime Video, Disney+, Peacock y m\u00e1s. Tambi\u00e9n podr\u00e1s escuchar millones de canciones. Es posible que se apliquen cargos por suscripci\u00f3n. TV en vivo: ve en vivo tu programaci\u00f3n favorita de televisi\u00f3n, noticias y deportes con suscripciones de SLING TV, YouTube TV, entre otras. Escucha m\u00fasica: reproduce m\u00fasica en streaming con Amazon Music, Spotify, Pandora y m\u00e1s. Es posible que se apliquen cargos por suscripci\u00f3n. Controla tu Smart Home: p\u00eddele a Alexa que consulte el estado del tiempo, que aten\u00fae las luces, que muestre el video en vivo de la c\u00e1mara, que ponga m\u00fasica en streaming y m\u00e1s. &nbsp; &nbsp; Fire TV Stick Lite Especificaciones Dimensiones y peso 86 x 30 x 13 mm. 32 gramos. Procesador Cuatro n\u00facleos a 1.7 GHz con GPU Power VR IMG GE8300. Imagen y sonido Salida\u00a0Full HD a 60 fps con HDR10+, HLG y sonido Dolby Atmos Almacenamiento 8 GB. Memoria RAM 1 GB. Conectividad WiFi AC de doble banda y Bluetooth 5.0 LE. Conexiones Salida HDMI y microUSB. Aplicaciones Amazon Prime Video, Netflix, Youtube, Spotify, Plex, VLC, Switch y varias apps y juegos m\u00e1s. Otros Control remoto (funciona con dos pilas AAA incluidas) Sistema operativo Fire OS\u00a0compatible con Alexa.\" \/>\n<meta property=\"og:url\" content=\"https:\/\/unitgames.com.ar\/pc-gamer\/producto\/convertidor-amazon-fire-tv-stick-lite\/\" \/>\n<meta property=\"og:site_name\" content=\"UnitGames\" \/>\n<meta property=\"article:modified_time\" content=\"2026-02-27T20:09:00+00:00\" \/>\n<meta property=\"og:image\" content=\"https:\/\/unitgames.com.ar\/pc-gamer\/wp-content\/uploads\/2022\/09\/Convertidor-AMAZON-Fire-TV-Stick-Lite.png\" \/>\n\t<meta property=\"og:image:width\" content=\"1283\" \/>\n\t<meta property=\"og:image:height\" content=\"1283\" \/>\n\t<meta property=\"og:image:type\" content=\"image\/png\" \/>\n<meta name=\"twitter:card\" content=\"summary_large_image\" \/>\n<meta name=\"twitter:label1\" content=\"Tiempo de lectura\" \/>\n\t<meta name=\"twitter:data1\" content=\"2 minutos\" \/>\n<script type=\"application\/ld+json\" class=\"yoast-schema-graph\">{\"@context\":\"https:\\\/\\\/schema.org\",\"@graph\":[{\"@type\":\"WebPage\",\"@id\":\"https:\\\/\\\/unitgames.com.ar\\\/pc-gamer\\\/producto\\\/convertidor-amazon-fire-tv-stick-lite\\\/\",\"url\":\"https:\\\/\\\/unitgames.com.ar\\\/pc-gamer\\\/producto\\\/convertidor-amazon-fire-tv-stick-lite\\\/\",\"name\":\"Convertidor AMAZON Fire TV Stick - UnitGames\",\"isPartOf\":{\"@id\":\"https:\\\/\\\/unitgames.com.ar\\\/pc-gamer\\\/#website\"},\"primaryImageOfPage\":{\"@id\":\"https:\\\/\\\/unitgames.com.ar\\\/pc-gamer\\\/producto\\\/convertidor-amazon-fire-tv-stick-lite\\\/#primaryimage\"},\"image\":{\"@id\":\"https:\\\/\\\/unitgames.com.ar\\\/pc-gamer\\\/producto\\\/convertidor-amazon-fire-tv-stick-lite\\\/#primaryimage\"},\"thumbnailUrl\":\"https:\\\/\\\/unitgames.com.ar\\\/pc-gamer\\\/wp-content\\\/uploads\\\/2022\\\/09\\\/Convertidor-AMAZON-Fire-TV-Stick-Lite.png\",\"datePublished\":\"2022-09-09T12:18:04+00:00\",\"dateModified\":\"2026-02-27T20:09:00+00:00\",\"breadcrumb\":{\"@id\":\"https:\\\/\\\/unitgames.com.ar\\\/pc-gamer\\\/producto\\\/convertidor-amazon-fire-tv-stick-lite\\\/#breadcrumb\"},\"inLanguage\":\"es\",\"potentialAction\":[{\"@type\":\"ReadAction\",\"target\":[\"https:\\\/\\\/unitgames.com.ar\\\/pc-gamer\\\/producto\\\/convertidor-amazon-fire-tv-stick-lite\\\/\"]}]},{\"@type\":\"ImageObject\",\"inLanguage\":\"es\",\"@id\":\"https:\\\/\\\/unitgames.com.ar\\\/pc-gamer\\\/producto\\\/convertidor-amazon-fire-tv-stick-lite\\\/#primaryimage\",\"url\":\"https:\\\/\\\/unitgames.com.ar\\\/pc-gamer\\\/wp-content\\\/uploads\\\/2022\\\/09\\\/Convertidor-AMAZON-Fire-TV-Stick-Lite.png\",\"contentUrl\":\"https:\\\/\\\/unitgames.com.ar\\\/pc-gamer\\\/wp-content\\\/uploads\\\/2022\\\/09\\\/Convertidor-AMAZON-Fire-TV-Stick-Lite.png\",\"width\":1283,\"height\":1283},{\"@type\":\"BreadcrumbList\",\"@id\":\"https:\\\/\\\/unitgames.com.ar\\\/pc-gamer\\\/producto\\\/convertidor-amazon-fire-tv-stick-lite\\\/#breadcrumb\",\"itemListElement\":[{\"@type\":\"ListItem\",\"position\":1,\"name\":\"Tienda\",\"item\":\"https:\\\/\\\/unitgames.com.ar\\\/pc-gamer\\\/tienda\\\/\"},{\"@type\":\"ListItem\",\"position\":2,\"name\":\"Convertidor AMAZON Fire TV Stick\"}]},{\"@type\":\"WebSite\",\"@id\":\"https:\\\/\\\/unitgames.com.ar\\\/pc-gamer\\\/#website\",\"url\":\"https:\\\/\\\/unitgames.com.ar\\\/pc-gamer\\\/\",\"name\":\"UnitGames\",\"description\":\"Venta de PC Gamers, Consolas , Servicio Tecnico Especializado. Todos en Accesorios Informaticos y Gamers\",\"publisher\":{\"@id\":\"https:\\\/\\\/unitgames.com.ar\\\/pc-gamer\\\/#organization\"},\"potentialAction\":[{\"@type\":\"SearchAction\",\"target\":{\"@type\":\"EntryPoint\",\"urlTemplate\":\"https:\\\/\\\/unitgames.com.ar\\\/pc-gamer\\\/?s={search_term_string}\"},\"query-input\":{\"@type\":\"PropertyValueSpecification\",\"valueRequired\":true,\"valueName\":\"search_term_string\"}}],\"inLanguage\":\"es\"},{\"@type\":\"Organization\",\"@id\":\"https:\\\/\\\/unitgames.com.ar\\\/pc-gamer\\\/#organization\",\"name\":\"UnitGames\",\"url\":\"https:\\\/\\\/unitgames.com.ar\\\/pc-gamer\\\/\",\"logo\":{\"@type\":\"ImageObject\",\"inLanguage\":\"es\",\"@id\":\"https:\\\/\\\/unitgames.com.ar\\\/pc-gamer\\\/#\\\/schema\\\/logo\\\/image\\\/\",\"url\":\"https:\\\/\\\/unitgames.com.ar\\\/pc-gamer\\\/wp-content\\\/uploads\\\/2021\\\/01\\\/cropped-logoUnitGames2.png\",\"contentUrl\":\"https:\\\/\\\/unitgames.com.ar\\\/pc-gamer\\\/wp-content\\\/uploads\\\/2021\\\/01\\\/cropped-logoUnitGames2.png\",\"width\":152,\"height\":200,\"caption\":\"UnitGames\"},\"image\":{\"@id\":\"https:\\\/\\\/unitgames.com.ar\\\/pc-gamer\\\/#\\\/schema\\\/logo\\\/image\\\/\"}}]}<\/script>\n<!-- \/ Yoast SEO plugin. -->","yoast_head_json":{"title":"Convertidor AMAZON Fire TV Stick - UnitGames","robots":{"index":"index","follow":"follow","max-snippet":"max-snippet:-1","max-image-preview":"max-image-preview:large","max-video-preview":"max-video-preview:-1"},"canonical":"https:\/\/unitgames.com.ar\/pc-gamer\/producto\/convertidor-amazon-fire-tv-stick-lite\/","og_locale":"es_ES","og_type":"article","og_title":"Convertidor AMAZON Fire TV Stick - UnitGames","og_description":"Nuestro Fire TV Stick m\u00e1s econ\u00f3mico: reproducci\u00f3n en streaming r\u00e1pida y con calidad Full HD. Viene con el control remoto por voz Alexa | Lite. Ideal para usuarios que nunca han usado este tipo de dispositivo: empieza a ver contenido en streaming con acceso a m\u00e1s de 200,000 pel\u00edculas y episodios de series gratuitos usando apps de streaming que tienen comerciales como IMDb TV, Tubi, Pluto TV, entre otras. F\u00e1cil de configurar y discreto: con\u00e9ctalo a la parte trasera de la televisi\u00f3n, enci\u00e9ndela y con\u00e9ctate a Internet para configurarlo. Presiona un bot\u00f3n para interactuar con Alexa: usa la voz para buscar contenido e iniciar la reproducci\u00f3n en m\u00faltiples apps. Entretenimiento sin fin: ve por streaming m\u00e1s de un mill\u00f3n de pel\u00edculas y episodios de series con Netflix, Prime Video, Disney+, Peacock y m\u00e1s. Tambi\u00e9n podr\u00e1s escuchar millones de canciones. Es posible que se apliquen cargos por suscripci\u00f3n. TV en vivo: ve en vivo tu programaci\u00f3n favorita de televisi\u00f3n, noticias y deportes con suscripciones de SLING TV, YouTube TV, entre otras. Escucha m\u00fasica: reproduce m\u00fasica en streaming con Amazon Music, Spotify, Pandora y m\u00e1s. Es posible que se apliquen cargos por suscripci\u00f3n. Controla tu Smart Home: p\u00eddele a Alexa que consulte el estado del tiempo, que aten\u00fae las luces, que muestre el video en vivo de la c\u00e1mara, que ponga m\u00fasica en streaming y m\u00e1s. &nbsp; &nbsp; Fire TV Stick Lite Especificaciones Dimensiones y peso 86 x 30 x 13 mm. 32 gramos. Procesador Cuatro n\u00facleos a 1.7 GHz con GPU Power VR IMG GE8300. Imagen y sonido Salida\u00a0Full HD a 60 fps con HDR10+, HLG y sonido Dolby Atmos Almacenamiento 8 GB. Memoria RAM 1 GB. Conectividad WiFi AC de doble banda y Bluetooth 5.0 LE. Conexiones Salida HDMI y microUSB. Aplicaciones Amazon Prime Video, Netflix, Youtube, Spotify, Plex, VLC, Switch y varias apps y juegos m\u00e1s. Otros Control remoto (funciona con dos pilas AAA incluidas) Sistema operativo Fire OS\u00a0compatible con Alexa.","og_url":"https:\/\/unitgames.com.ar\/pc-gamer\/producto\/convertidor-amazon-fire-tv-stick-lite\/","og_site_name":"UnitGames","article_modified_time":"2026-02-27T20:09:00+00:00","og_image":[{"width":1283,"height":1283,"url":"https:\/\/unitgames.com.ar\/pc-gamer\/wp-content\/uploads\/2022\/09\/Convertidor-AMAZON-Fire-TV-Stick-Lite.png","type":"image\/png"}],"twitter_card":"summary_large_image","twitter_misc":{"Tiempo de lectura":"2 minutos"},"schema":{"@context":"https:\/\/schema.org","@graph":[{"@type":"WebPage","@id":"https:\/\/unitgames.com.ar\/pc-gamer\/producto\/convertidor-amazon-fire-tv-stick-lite\/","url":"https:\/\/unitgames.com.ar\/pc-gamer\/producto\/convertidor-amazon-fire-tv-stick-lite\/","name":"Convertidor AMAZON Fire TV Stick - UnitGames","isPartOf":{"@id":"https:\/\/unitgames.com.ar\/pc-gamer\/#website"},"primaryImageOfPage":{"@id":"https:\/\/unitgames.com.ar\/pc-gamer\/producto\/convertidor-amazon-fire-tv-stick-lite\/#primaryimage"},"image":{"@id":"https:\/\/unitgames.com.ar\/pc-gamer\/producto\/convertidor-amazon-fire-tv-stick-lite\/#primaryimage"},"thumbnailUrl":"https:\/\/unitgames.com.ar\/pc-gamer\/wp-content\/uploads\/2022\/09\/Convertidor-AMAZON-Fire-TV-Stick-Lite.png","datePublished":"2022-09-09T12:18:04+00:00","dateModified":"2026-02-27T20:09:00+00:00","breadcrumb":{"@id":"https:\/\/unitgames.com.ar\/pc-gamer\/producto\/convertidor-amazon-fire-tv-stick-lite\/#breadcrumb"},"inLanguage":"es","potentialAction":[{"@type":"ReadAction","target":["https:\/\/unitgames.com.ar\/pc-gamer\/producto\/convertidor-amazon-fire-tv-stick-lite\/"]}]},{"@type":"ImageObject","inLanguage":"es","@id":"https:\/\/unitgames.com.ar\/pc-gamer\/producto\/convertidor-amazon-fire-tv-stick-lite\/#primaryimage","url":"https:\/\/unitgames.com.ar\/pc-gamer\/wp-content\/uploads\/2022\/09\/Convertidor-AMAZON-Fire-TV-Stick-Lite.png","contentUrl":"https:\/\/unitgames.com.ar\/pc-gamer\/wp-content\/uploads\/2022\/09\/Convertidor-AMAZON-Fire-TV-Stick-Lite.png","width":1283,"height":1283},{"@type":"BreadcrumbList","@id":"https:\/\/unitgames.com.ar\/pc-gamer\/producto\/convertidor-amazon-fire-tv-stick-lite\/#breadcrumb","itemListElement":[{"@type":"ListItem","position":1,"name":"Tienda","item":"https:\/\/unitgames.com.ar\/pc-gamer\/tienda\/"},{"@type":"ListItem","position":2,"name":"Convertidor AMAZON Fire TV Stick"}]},{"@type":"WebSite","@id":"https:\/\/unitgames.com.ar\/pc-gamer\/#website","url":"https:\/\/unitgames.com.ar\/pc-gamer\/","name":"UnitGames","description":"Venta de PC Gamers, Consolas , Servicio Tecnico Especializado. Todos en Accesorios Informaticos y Gamers","publisher":{"@id":"https:\/\/unitgames.com.ar\/pc-gamer\/#organization"},"potentialAction":[{"@type":"SearchAction","target":{"@type":"EntryPoint","urlTemplate":"https:\/\/unitgames.com.ar\/pc-gamer\/?s={search_term_string}"},"query-input":{"@type":"PropertyValueSpecification","valueRequired":true,"valueName":"search_term_string"}}],"inLanguage":"es"},{"@type":"Organization","@id":"https:\/\/unitgames.com.ar\/pc-gamer\/#organization","name":"UnitGames","url":"https:\/\/unitgames.com.ar\/pc-gamer\/","logo":{"@type":"ImageObject","inLanguage":"es","@id":"https:\/\/unitgames.com.ar\/pc-gamer\/#\/schema\/logo\/image\/","url":"https:\/\/unitgames.com.ar\/pc-gamer\/wp-content\/uploads\/2021\/01\/cropped-logoUnitGames2.png","contentUrl":"https:\/\/unitgames.com.ar\/pc-gamer\/wp-content\/uploads\/2021\/01\/cropped-logoUnitGames2.png","width":152,"height":200,"caption":"UnitGames"},"image":{"@id":"https:\/\/unitgames.com.ar\/pc-gamer\/#\/schema\/logo\/image\/"}}]}},"_links":{"self":[{"href":"https:\/\/unitgames.com.ar\/pc-gamer\/wp-json\/wp\/v2\/product\/8197","targetHints":{"allow":["GET"]}}],"collection":[{"href":"https:\/\/unitgames.com.ar\/pc-gamer\/wp-json\/wp\/v2\/product"}],"about":[{"href":"https:\/\/unitgames.com.ar\/pc-gamer\/wp-json\/wp\/v2\/types\/product"}],"version-history":[{"count":0,"href":"https:\/\/unitgames.com.ar\/pc-gamer\/wp-json\/wp\/v2\/product\/8197\/revisions"}],"wp:featuredmedia":[{"embeddable":true,"href":"https:\/\/unitgames.com.ar\/pc-gamer\/wp-json\/wp\/v2\/media\/12501"}],"wp:attachment":[{"href":"https:\/\/unitgames.com.ar\/pc-gamer\/wp-json\/wp\/v2\/media?parent=8197"}],"wp:term":[{"taxonomy":"product_brand","embeddable":true,"href":"https:\/\/unitgames.com.ar\/pc-gamer\/wp-json\/wp\/v2\/product_brand?post=8197"},{"taxonomy":"product_cat","embeddable":true,"href":"https:\/\/unitgames.com.ar\/pc-gamer\/wp-json\/wp\/v2\/product_cat?post=8197"},{"taxonomy":"product_tag","embeddable":true,"href":"https:\/\/unitgames.com.ar\/pc-gamer\/wp-json\/wp\/v2\/product_tag?post=8197"}],"curies":[{"name":"wp","href":"https:\/\/api.w.org\/{rel}","templated":true}]}}