{"id":8280,"date":"2022-09-19T21:52:29","date_gmt":"2022-09-19T21:52:29","guid":{"rendered":"https:\/\/unitgames.com.ar\/pc-gamers\/?post_type=product&#038;p=8280"},"modified":"2026-01-09T07:07:22","modified_gmt":"2026-01-09T10:07:22","slug":"mouse-inalambrico-logitech-g502-gaming-lightspeed","status":"publish","type":"product","link":"https:\/\/unitgames.com.ar\/pc-gamer\/producto\/mouse-inalambrico-logitech-g502-gaming-lightspeed\/","title":{"rendered":"Mouse Inalambrico LOGITECH G502 Gaming LightSpeed"},"content":{"rendered":"<p>El dise\u00f1o emblem\u00e1tico del G502 se combina con la tecnolog\u00eda inal\u00e1mbrica LIGHTSPEED de calidad profesional para una conectividad ultrarr\u00e1pida y fiable. El sensor HERO 25K cuenta con un seguimiento submicr\u00f3nico. Compatible con POWERPLAY para una carga continua tanto en reposo como en juego.<\/p>\n<p>&nbsp;<\/p>\n<h4 class=\"specs-heading\">DIMENSIONES<\/h4>\n<div class=\"specs-column\">\n<div class=\"specs-group\">\n<div class=\"specs-block\">\n<h5 class=\"specs-title\">ESPECIFICACIONES F\u00cdSICAS<\/h5>\n<ul class=\"specs-description-list\">\n<li><strong>Altura<\/strong>: 290 mm<\/li>\n<li><strong>Ancho<\/strong>: 75 mm<\/li>\n<li><strong>Profundidad<\/strong>: 40 mm<\/li>\n<li><strong>Peso<\/strong>: 114 g (solo mouse)<\/li>\n<li><strong>Pesas adicionales opcionales: hasta<\/strong>: 16 g<\/li>\n<\/ul>\n<\/div>\n<div class=\"specs-block\">\n<h5 class=\"specs-title\">SEGUIMIENTO<\/h5>\n<ul class=\"specs-description-list\">\n<li><strong>Sensor<\/strong>: HERO 25K<\/li>\n<li><strong>Resoluci\u00f3n<\/strong>: 100 \u2013 25.600 dpi<\/li>\n<li>Cero suavizado\/aceleraci\u00f3n\/filtros<\/li>\n<li><strong>Aceleraci\u00f3n m\u00e1x.<\/strong>: &gt;40 G\u00a0<a class=\"note note-tooltip js-note-tooltip\"><sup>1<\/sup><span class=\"visually-hidden\">Pruebas realizadas en Logitech G240 Gaming Mouse Pad<\/span><\/a><\/li>\n<li><strong>Velocidad m\u00e1x.<\/strong>: &gt;400 IPS\u00a0<a class=\"note note-tooltip js-note-tooltip\"><sup>2<\/sup><span class=\"visually-hidden\">Pruebas realizadas en Logitech G240 Gaming Mouse Pad<\/span><\/a><\/li>\n<\/ul>\n<\/div>\n<div class=\"specs-block\">\n<h5 class=\"specs-title\">RESPUESTA<\/h5>\n<ul class=\"specs-description-list\">\n<li><strong>Formato de datos USB<\/strong>: 16 bits\/eje<\/li>\n<li><strong>Velocidad de respuesta USB<\/strong>: 1 ms (1.000 Hz)<\/li>\n<li><strong>Velocidad de respuesta inal\u00e1mbrica<\/strong>: 1 ms (1.000 Hz)<\/li>\n<li><strong>Tecnolog\u00eda inal\u00e1mbrica<\/strong>: Tecnolog\u00eda inal\u00e1mbrica LIGHTSPEED<\/li>\n<li><strong>Microprocesador<\/strong>: ARM de 32 bits<\/li>\n<\/ul>\n<\/div>\n<div class=\"specs-block\">\n<h5 class=\"specs-title\">DURABILIDAD<\/h5>\n<ul class=\"specs-description-list\">\n<li><strong>Pies de PTFE<\/strong>: Recorrido de 250 km\u00a0<a class=\"note note-tooltip js-note-tooltip\"><sup>3<\/sup><span class=\"visually-hidden\">Pruebas realizadas en Logitech G240 Gaming Mouse Pad<\/span><\/a><\/li>\n<\/ul>\n<\/div>\n<div class=\"specs-block\">\n<h5 class=\"specs-title\">DURACI\u00d3N DE BATER\u00cdA (USO ININTERRUMPIDO)4<\/h5>\n<ul class=\"specs-description-list\">\n<li><strong>Iluminaci\u00f3n predeterminada<\/strong>: hasta 48 horas<\/li>\n<li><strong>Sin iluminaci\u00f3n<\/strong>: hasta 60 horas<\/li>\n<\/ul>\n<\/div>\n<div class=\"specs-block\">\n<h5 class=\"specs-title\">OTRAS FUNCIONES<\/h5>\n<ul class=\"specs-description-list\">\n<li>Bot\u00f3n rueda con desplazamiento superr\u00e1pido<\/li>\n<li>Compatible con POWERPLAY<\/li>\n<li>Memoria integrada<\/li>\n<li><strong>RGB LIGHTSYNC<\/strong>: 2 zonas<\/li>\n<li>Sistema mec\u00e1nico de tensi\u00f3n de botones<\/li>\n<\/ul>\n<\/div>\n<\/div>\n<\/div>\n<div class=\"specs-column\">\n<div class=\"specs-group\">\n<header class=\"specs-header\">\n<h4 class=\"specs-heading\">INFORMACI\u00d3N DE GARANT\u00cdA<\/h4>\n<\/header>\n<div class=\"specs-block\">\n<div class=\"specs-description\">Dos a\u00f1os de garant\u00eda de hardware limitada<\/div>\n<\/div>\n<\/div>\n<\/div>\n<div class=\"specs-column\">\n<div class=\"specs-group\">\n<header class=\"specs-header\">\n<h4 class=\"specs-heading\">N\u00daMERO DE REFERENCIA<\/h4>\n<\/header>\n<div class=\"specs-block\">\n<ul class=\"specs-description-list\">\n<li>910-005566<\/li>\n<\/ul>\n<\/div>\n<\/div>\n<\/div>\n<p>&nbsp;<\/p>\n<p>https:\/\/www.logitechg.com\/es-ar\/products\/gaming-mice\/g502-lightspeed-wireless-gaming-mouse.910-005566.html?srsltid=AfmBOoo61T5eYBMLam-aWVQGYRcTrUiF6pnnhGYsif9i7mYxNNlte3-y<\/p>\n","protected":false},"excerpt":{"rendered":"<p>El dise\u00f1o emblem\u00e1tico del G502 se combina con la tecnolog\u00eda inal\u00e1mbrica LIGHTSPEED de calidad profesional para una conectividad ultrarr\u00e1pida y fiable. El sensor HERO 25K cuenta con un seguimiento submicr\u00f3nico. Compatible con POWERPLAY para una carga continua tanto en reposo como en juego. &nbsp; DIMENSIONES ESPECIFICACIONES F\u00cdSICAS Altura: 290 mm Ancho: 75 mm Profundidad: 40 mm Peso: 114 g (solo mouse) Pesas adicionales opcionales: hasta: 16 g SEGUIMIENTO Sensor: HERO 25K Resoluci\u00f3n: 100 \u2013 25.600 dpi Cero suavizado\/aceleraci\u00f3n\/filtros Aceleraci\u00f3n m\u00e1x.: &gt;40 G\u00a01Pruebas realizadas en Logitech G240 Gaming Mouse Pad Velocidad m\u00e1x.: &gt;400 IPS\u00a02Pruebas realizadas en Logitech G240 Gaming Mouse Pad RESPUESTA Formato de datos USB: 16 bits\/eje Velocidad de respuesta USB: 1 ms (1.000 Hz) Velocidad de respuesta inal\u00e1mbrica: 1 ms (1.000 Hz) Tecnolog\u00eda inal\u00e1mbrica: Tecnolog\u00eda inal\u00e1mbrica LIGHTSPEED Microprocesador: ARM de 32 bits DURABILIDAD Pies de PTFE: Recorrido de 250 km\u00a03Pruebas realizadas en Logitech G240 Gaming Mouse Pad DURACI\u00d3N DE BATER\u00cdA (USO ININTERRUMPIDO)4 Iluminaci\u00f3n predeterminada: hasta 48 horas Sin iluminaci\u00f3n: hasta 60 horas OTRAS FUNCIONES Bot\u00f3n rueda con desplazamiento superr\u00e1pido Compatible con POWERPLAY Memoria integrada RGB LIGHTSYNC: 2 zonas Sistema mec\u00e1nico de tensi\u00f3n de botones INFORMACI\u00d3N DE GARANT\u00cdA Dos a\u00f1os de garant\u00eda de hardware limitada N\u00daMERO DE REFERENCIA 910-005566 &nbsp; https:\/\/www.logitechg.com\/es-ar\/products\/gaming-mice\/g502-lightspeed-wireless-gaming-mouse.910-005566.html?srsltid=AfmBOoo61T5eYBMLam-aWVQGYRcTrUiF6pnnhGYsif9i7mYxNNlte3-y<\/p>\n","protected":false},"featured_media":11357,"template":"","meta":{"site-sidebar-layout":"default","site-content-layout":"","ast-site-content-layout":"default","site-content-style":"default","site-sidebar-style":"default","ast-global-header-display":"","ast-banner-title-visibility":"","ast-main-header-display":"","ast-hfb-above-header-display":"","ast-hfb-below-header-display":"","ast-hfb-mobile-header-display":"","site-post-title":"","ast-breadcrumbs-content":"","ast-featured-img":"","footer-sml-layout":"","theme-transparent-header-meta":"","adv-header-id-meta":"","stick-header-meta":"","header-above-stick-meta":"","header-main-stick-meta":"","header-below-stick-meta":"","astra-migrate-meta-layouts":"default","ast-page-background-enabled":"default","ast-page-background-meta":{"desktop":{"background-color":"var(--ast-global-color-5)","background-image":"","background-repeat":"repeat","background-position":"center center","background-size":"auto","background-attachment":"scroll","background-type":"","background-media":"","overlay-type":"","overlay-color":"","overlay-opacity":"","overlay-gradient":""},"tablet":{"background-color":"","background-image":"","background-repeat":"repeat","background-position":"center center","background-size":"auto","background-attachment":"scroll","background-type":"","background-media":"","overlay-type":"","overlay-color":"","overlay-opacity":"","overlay-gradient":""},"mobile":{"background-color":"","background-image":"","background-repeat":"repeat","background-position":"center center","background-size":"auto","background-attachment":"scroll","background-type":"","background-media":"","overlay-type":"","overlay-color":"","overlay-opacity":"","overlay-gradient":""}},"ast-content-background-meta":{"desktop":{"background-color":"var(--ast-global-color-4)","background-image":"","background-repeat":"repeat","background-position":"center center","background-size":"auto","background-attachment":"scroll","background-type":"","background-media":"","overlay-type":"","overlay-color":"","overlay-opacity":"","overlay-gradient":""},"tablet":{"background-color":"var(--ast-global-color-4)","background-image":"","background-repeat":"repeat","background-position":"center center","background-size":"auto","background-attachment":"scroll","background-type":"","background-media":"","overlay-type":"","overlay-color":"","overlay-opacity":"","overlay-gradient":""},"mobile":{"background-color":"var(--ast-global-color-4)","background-image":"","background-repeat":"repeat","background-position":"center center","background-size":"auto","background-attachment":"scroll","background-type":"","background-media":"","overlay-type":"","overlay-color":"","overlay-opacity":"","overlay-gradient":""}},"_joinchat":[]},"product_brand":[],"product_cat":[89],"product_tag":[],"class_list":{"0":"post-8280","1":"product","2":"type-product","3":"status-publish","4":"has-post-thumbnail","6":"product_cat-gamer","7":"desktop-align-center","8":"tablet-align-left","9":"mobile-align-left","11":"first","12":"instock","13":"shipping-taxable","14":"purchasable","15":"product-type-simple"},"yoast_head":"<!-- This site is optimized with the Yoast SEO plugin v27.5 - https:\/\/yoast.com\/product\/yoast-seo-wordpress\/ -->\n<title>Mouse Inalambrico LOGITECH G502 Gaming LightSpeed - UnitGames<\/title>\n<meta name=\"robots\" content=\"index, follow, max-snippet:-1, max-image-preview:large, max-video-preview:-1\" \/>\n<link rel=\"canonical\" href=\"https:\/\/unitgames.com.ar\/pc-gamer\/producto\/mouse-inalambrico-logitech-g502-gaming-lightspeed\/\" \/>\n<meta property=\"og:locale\" content=\"es_ES\" \/>\n<meta property=\"og:type\" content=\"article\" \/>\n<meta property=\"og:title\" content=\"Mouse Inalambrico LOGITECH G502 Gaming LightSpeed - UnitGames\" \/>\n<meta property=\"og:description\" content=\"El dise\u00f1o emblem\u00e1tico del G502 se combina con la tecnolog\u00eda inal\u00e1mbrica LIGHTSPEED de calidad profesional para una conectividad ultrarr\u00e1pida y fiable. El sensor HERO 25K cuenta con un seguimiento submicr\u00f3nico. Compatible con POWERPLAY para una carga continua tanto en reposo como en juego. &nbsp; DIMENSIONES ESPECIFICACIONES F\u00cdSICAS Altura: 290 mm Ancho: 75 mm Profundidad: 40 mm Peso: 114 g (solo mouse) Pesas adicionales opcionales: hasta: 16 g SEGUIMIENTO Sensor: HERO 25K Resoluci\u00f3n: 100 \u2013 25.600 dpi Cero suavizado\/aceleraci\u00f3n\/filtros Aceleraci\u00f3n m\u00e1x.: &gt;40 G\u00a01Pruebas realizadas en Logitech G240 Gaming Mouse Pad Velocidad m\u00e1x.: &gt;400 IPS\u00a02Pruebas realizadas en Logitech G240 Gaming Mouse Pad RESPUESTA Formato de datos USB: 16 bits\/eje Velocidad de respuesta USB: 1 ms (1.000 Hz) Velocidad de respuesta inal\u00e1mbrica: 1 ms (1.000 Hz) Tecnolog\u00eda inal\u00e1mbrica: Tecnolog\u00eda inal\u00e1mbrica LIGHTSPEED Microprocesador: ARM de 32 bits DURABILIDAD Pies de PTFE: Recorrido de 250 km\u00a03Pruebas realizadas en Logitech G240 Gaming Mouse Pad DURACI\u00d3N DE BATER\u00cdA (USO ININTERRUMPIDO)4 Iluminaci\u00f3n predeterminada: hasta 48 horas Sin iluminaci\u00f3n: hasta 60 horas OTRAS FUNCIONES Bot\u00f3n rueda con desplazamiento superr\u00e1pido Compatible con POWERPLAY Memoria integrada RGB LIGHTSYNC: 2 zonas Sistema mec\u00e1nico de tensi\u00f3n de botones INFORMACI\u00d3N DE GARANT\u00cdA Dos a\u00f1os de garant\u00eda de hardware limitada N\u00daMERO DE REFERENCIA 910-005566 &nbsp; https:\/\/www.logitechg.com\/es-ar\/products\/gaming-mice\/g502-lightspeed-wireless-gaming-mouse.910-005566.html?srsltid=AfmBOoo61T5eYBMLam-aWVQGYRcTrUiF6pnnhGYsif9i7mYxNNlte3-y\" \/>\n<meta property=\"og:url\" content=\"https:\/\/unitgames.com.ar\/pc-gamer\/producto\/mouse-inalambrico-logitech-g502-gaming-lightspeed\/\" \/>\n<meta property=\"og:site_name\" content=\"UnitGames\" \/>\n<meta property=\"article:modified_time\" content=\"2026-01-09T10:07:22+00:00\" \/>\n<meta property=\"og:image\" content=\"https:\/\/unitgames.com.ar\/pc-gamer\/wp-content\/uploads\/2022\/09\/Mouse-Inalambrico-LOGITECH-G502-Gaming-LIGHTSPEED.png\" \/>\n\t<meta property=\"og:image:width\" content=\"1283\" \/>\n\t<meta property=\"og:image:height\" content=\"1283\" \/>\n\t<meta property=\"og:image:type\" content=\"image\/png\" \/>\n<meta name=\"twitter:card\" content=\"summary_large_image\" \/>\n<meta name=\"twitter:label1\" content=\"Tiempo de lectura\" \/>\n\t<meta name=\"twitter:data1\" content=\"2 minutos\" \/>\n<script type=\"application\/ld+json\" class=\"yoast-schema-graph\">{\"@context\":\"https:\\\/\\\/schema.org\",\"@graph\":[{\"@type\":\"WebPage\",\"@id\":\"https:\\\/\\\/unitgames.com.ar\\\/pc-gamer\\\/producto\\\/mouse-inalambrico-logitech-g502-gaming-lightspeed\\\/\",\"url\":\"https:\\\/\\\/unitgames.com.ar\\\/pc-gamer\\\/producto\\\/mouse-inalambrico-logitech-g502-gaming-lightspeed\\\/\",\"name\":\"Mouse Inalambrico LOGITECH G502 Gaming LightSpeed - UnitGames\",\"isPartOf\":{\"@id\":\"https:\\\/\\\/unitgames.com.ar\\\/pc-gamer\\\/#website\"},\"primaryImageOfPage\":{\"@id\":\"https:\\\/\\\/unitgames.com.ar\\\/pc-gamer\\\/producto\\\/mouse-inalambrico-logitech-g502-gaming-lightspeed\\\/#primaryimage\"},\"image\":{\"@id\":\"https:\\\/\\\/unitgames.com.ar\\\/pc-gamer\\\/producto\\\/mouse-inalambrico-logitech-g502-gaming-lightspeed\\\/#primaryimage\"},\"thumbnailUrl\":\"https:\\\/\\\/unitgames.com.ar\\\/pc-gamer\\\/wp-content\\\/uploads\\\/2022\\\/09\\\/Mouse-Inalambrico-LOGITECH-G502-Gaming-LIGHTSPEED.png\",\"datePublished\":\"2022-09-19T21:52:29+00:00\",\"dateModified\":\"2026-01-09T10:07:22+00:00\",\"breadcrumb\":{\"@id\":\"https:\\\/\\\/unitgames.com.ar\\\/pc-gamer\\\/producto\\\/mouse-inalambrico-logitech-g502-gaming-lightspeed\\\/#breadcrumb\"},\"inLanguage\":\"es\",\"potentialAction\":[{\"@type\":\"ReadAction\",\"target\":[\"https:\\\/\\\/unitgames.com.ar\\\/pc-gamer\\\/producto\\\/mouse-inalambrico-logitech-g502-gaming-lightspeed\\\/\"]}]},{\"@type\":\"ImageObject\",\"inLanguage\":\"es\",\"@id\":\"https:\\\/\\\/unitgames.com.ar\\\/pc-gamer\\\/producto\\\/mouse-inalambrico-logitech-g502-gaming-lightspeed\\\/#primaryimage\",\"url\":\"https:\\\/\\\/unitgames.com.ar\\\/pc-gamer\\\/wp-content\\\/uploads\\\/2022\\\/09\\\/Mouse-Inalambrico-LOGITECH-G502-Gaming-LIGHTSPEED.png\",\"contentUrl\":\"https:\\\/\\\/unitgames.com.ar\\\/pc-gamer\\\/wp-content\\\/uploads\\\/2022\\\/09\\\/Mouse-Inalambrico-LOGITECH-G502-Gaming-LIGHTSPEED.png\",\"width\":1283,\"height\":1283},{\"@type\":\"BreadcrumbList\",\"@id\":\"https:\\\/\\\/unitgames.com.ar\\\/pc-gamer\\\/producto\\\/mouse-inalambrico-logitech-g502-gaming-lightspeed\\\/#breadcrumb\",\"itemListElement\":[{\"@type\":\"ListItem\",\"position\":1,\"name\":\"Tienda\",\"item\":\"https:\\\/\\\/unitgames.com.ar\\\/pc-gamer\\\/tienda\\\/\"},{\"@type\":\"ListItem\",\"position\":2,\"name\":\"Mouse Inalambrico LOGITECH G502 Gaming LightSpeed\"}]},{\"@type\":\"WebSite\",\"@id\":\"https:\\\/\\\/unitgames.com.ar\\\/pc-gamer\\\/#website\",\"url\":\"https:\\\/\\\/unitgames.com.ar\\\/pc-gamer\\\/\",\"name\":\"UnitGames\",\"description\":\"Venta de PC Gamers, Consolas , Servicio Tecnico Especializado. Todos en Accesorios Informaticos y Gamers\",\"publisher\":{\"@id\":\"https:\\\/\\\/unitgames.com.ar\\\/pc-gamer\\\/#organization\"},\"potentialAction\":[{\"@type\":\"SearchAction\",\"target\":{\"@type\":\"EntryPoint\",\"urlTemplate\":\"https:\\\/\\\/unitgames.com.ar\\\/pc-gamer\\\/?s={search_term_string}\"},\"query-input\":{\"@type\":\"PropertyValueSpecification\",\"valueRequired\":true,\"valueName\":\"search_term_string\"}}],\"inLanguage\":\"es\"},{\"@type\":\"Organization\",\"@id\":\"https:\\\/\\\/unitgames.com.ar\\\/pc-gamer\\\/#organization\",\"name\":\"UnitGames\",\"url\":\"https:\\\/\\\/unitgames.com.ar\\\/pc-gamer\\\/\",\"logo\":{\"@type\":\"ImageObject\",\"inLanguage\":\"es\",\"@id\":\"https:\\\/\\\/unitgames.com.ar\\\/pc-gamer\\\/#\\\/schema\\\/logo\\\/image\\\/\",\"url\":\"https:\\\/\\\/unitgames.com.ar\\\/pc-gamer\\\/wp-content\\\/uploads\\\/2021\\\/01\\\/cropped-logoUnitGames2.png\",\"contentUrl\":\"https:\\\/\\\/unitgames.com.ar\\\/pc-gamer\\\/wp-content\\\/uploads\\\/2021\\\/01\\\/cropped-logoUnitGames2.png\",\"width\":152,\"height\":200,\"caption\":\"UnitGames\"},\"image\":{\"@id\":\"https:\\\/\\\/unitgames.com.ar\\\/pc-gamer\\\/#\\\/schema\\\/logo\\\/image\\\/\"}}]}<\/script>\n<!-- \/ Yoast SEO plugin. -->","yoast_head_json":{"title":"Mouse Inalambrico LOGITECH G502 Gaming LightSpeed - UnitGames","robots":{"index":"index","follow":"follow","max-snippet":"max-snippet:-1","max-image-preview":"max-image-preview:large","max-video-preview":"max-video-preview:-1"},"canonical":"https:\/\/unitgames.com.ar\/pc-gamer\/producto\/mouse-inalambrico-logitech-g502-gaming-lightspeed\/","og_locale":"es_ES","og_type":"article","og_title":"Mouse Inalambrico LOGITECH G502 Gaming LightSpeed - UnitGames","og_description":"El dise\u00f1o emblem\u00e1tico del G502 se combina con la tecnolog\u00eda inal\u00e1mbrica LIGHTSPEED de calidad profesional para una conectividad ultrarr\u00e1pida y fiable. El sensor HERO 25K cuenta con un seguimiento submicr\u00f3nico. Compatible con POWERPLAY para una carga continua tanto en reposo como en juego. &nbsp; DIMENSIONES ESPECIFICACIONES F\u00cdSICAS Altura: 290 mm Ancho: 75 mm Profundidad: 40 mm Peso: 114 g (solo mouse) Pesas adicionales opcionales: hasta: 16 g SEGUIMIENTO Sensor: HERO 25K Resoluci\u00f3n: 100 \u2013 25.600 dpi Cero suavizado\/aceleraci\u00f3n\/filtros Aceleraci\u00f3n m\u00e1x.: &gt;40 G\u00a01Pruebas realizadas en Logitech G240 Gaming Mouse Pad Velocidad m\u00e1x.: &gt;400 IPS\u00a02Pruebas realizadas en Logitech G240 Gaming Mouse Pad RESPUESTA Formato de datos USB: 16 bits\/eje Velocidad de respuesta USB: 1 ms (1.000 Hz) Velocidad de respuesta inal\u00e1mbrica: 1 ms (1.000 Hz) Tecnolog\u00eda inal\u00e1mbrica: Tecnolog\u00eda inal\u00e1mbrica LIGHTSPEED Microprocesador: ARM de 32 bits DURABILIDAD Pies de PTFE: Recorrido de 250 km\u00a03Pruebas realizadas en Logitech G240 Gaming Mouse Pad DURACI\u00d3N DE BATER\u00cdA (USO ININTERRUMPIDO)4 Iluminaci\u00f3n predeterminada: hasta 48 horas Sin iluminaci\u00f3n: hasta 60 horas OTRAS FUNCIONES Bot\u00f3n rueda con desplazamiento superr\u00e1pido Compatible con POWERPLAY Memoria integrada RGB LIGHTSYNC: 2 zonas Sistema mec\u00e1nico de tensi\u00f3n de botones INFORMACI\u00d3N DE GARANT\u00cdA Dos a\u00f1os de garant\u00eda de hardware limitada N\u00daMERO DE REFERENCIA 910-005566 &nbsp; https:\/\/www.logitechg.com\/es-ar\/products\/gaming-mice\/g502-lightspeed-wireless-gaming-mouse.910-005566.html?srsltid=AfmBOoo61T5eYBMLam-aWVQGYRcTrUiF6pnnhGYsif9i7mYxNNlte3-y","og_url":"https:\/\/unitgames.com.ar\/pc-gamer\/producto\/mouse-inalambrico-logitech-g502-gaming-lightspeed\/","og_site_name":"UnitGames","article_modified_time":"2026-01-09T10:07:22+00:00","og_image":[{"width":1283,"height":1283,"url":"https:\/\/unitgames.com.ar\/pc-gamer\/wp-content\/uploads\/2022\/09\/Mouse-Inalambrico-LOGITECH-G502-Gaming-LIGHTSPEED.png","type":"image\/png"}],"twitter_card":"summary_large_image","twitter_misc":{"Tiempo de lectura":"2 minutos"},"schema":{"@context":"https:\/\/schema.org","@graph":[{"@type":"WebPage","@id":"https:\/\/unitgames.com.ar\/pc-gamer\/producto\/mouse-inalambrico-logitech-g502-gaming-lightspeed\/","url":"https:\/\/unitgames.com.ar\/pc-gamer\/producto\/mouse-inalambrico-logitech-g502-gaming-lightspeed\/","name":"Mouse Inalambrico LOGITECH G502 Gaming LightSpeed - UnitGames","isPartOf":{"@id":"https:\/\/unitgames.com.ar\/pc-gamer\/#website"},"primaryImageOfPage":{"@id":"https:\/\/unitgames.com.ar\/pc-gamer\/producto\/mouse-inalambrico-logitech-g502-gaming-lightspeed\/#primaryimage"},"image":{"@id":"https:\/\/unitgames.com.ar\/pc-gamer\/producto\/mouse-inalambrico-logitech-g502-gaming-lightspeed\/#primaryimage"},"thumbnailUrl":"https:\/\/unitgames.com.ar\/pc-gamer\/wp-content\/uploads\/2022\/09\/Mouse-Inalambrico-LOGITECH-G502-Gaming-LIGHTSPEED.png","datePublished":"2022-09-19T21:52:29+00:00","dateModified":"2026-01-09T10:07:22+00:00","breadcrumb":{"@id":"https:\/\/unitgames.com.ar\/pc-gamer\/producto\/mouse-inalambrico-logitech-g502-gaming-lightspeed\/#breadcrumb"},"inLanguage":"es","potentialAction":[{"@type":"ReadAction","target":["https:\/\/unitgames.com.ar\/pc-gamer\/producto\/mouse-inalambrico-logitech-g502-gaming-lightspeed\/"]}]},{"@type":"ImageObject","inLanguage":"es","@id":"https:\/\/unitgames.com.ar\/pc-gamer\/producto\/mouse-inalambrico-logitech-g502-gaming-lightspeed\/#primaryimage","url":"https:\/\/unitgames.com.ar\/pc-gamer\/wp-content\/uploads\/2022\/09\/Mouse-Inalambrico-LOGITECH-G502-Gaming-LIGHTSPEED.png","contentUrl":"https:\/\/unitgames.com.ar\/pc-gamer\/wp-content\/uploads\/2022\/09\/Mouse-Inalambrico-LOGITECH-G502-Gaming-LIGHTSPEED.png","width":1283,"height":1283},{"@type":"BreadcrumbList","@id":"https:\/\/unitgames.com.ar\/pc-gamer\/producto\/mouse-inalambrico-logitech-g502-gaming-lightspeed\/#breadcrumb","itemListElement":[{"@type":"ListItem","position":1,"name":"Tienda","item":"https:\/\/unitgames.com.ar\/pc-gamer\/tienda\/"},{"@type":"ListItem","position":2,"name":"Mouse Inalambrico LOGITECH G502 Gaming LightSpeed"}]},{"@type":"WebSite","@id":"https:\/\/unitgames.com.ar\/pc-gamer\/#website","url":"https:\/\/unitgames.com.ar\/pc-gamer\/","name":"UnitGames","description":"Venta de PC Gamers, Consolas , Servicio Tecnico Especializado. Todos en Accesorios Informaticos y Gamers","publisher":{"@id":"https:\/\/unitgames.com.ar\/pc-gamer\/#organization"},"potentialAction":[{"@type":"SearchAction","target":{"@type":"EntryPoint","urlTemplate":"https:\/\/unitgames.com.ar\/pc-gamer\/?s={search_term_string}"},"query-input":{"@type":"PropertyValueSpecification","valueRequired":true,"valueName":"search_term_string"}}],"inLanguage":"es"},{"@type":"Organization","@id":"https:\/\/unitgames.com.ar\/pc-gamer\/#organization","name":"UnitGames","url":"https:\/\/unitgames.com.ar\/pc-gamer\/","logo":{"@type":"ImageObject","inLanguage":"es","@id":"https:\/\/unitgames.com.ar\/pc-gamer\/#\/schema\/logo\/image\/","url":"https:\/\/unitgames.com.ar\/pc-gamer\/wp-content\/uploads\/2021\/01\/cropped-logoUnitGames2.png","contentUrl":"https:\/\/unitgames.com.ar\/pc-gamer\/wp-content\/uploads\/2021\/01\/cropped-logoUnitGames2.png","width":152,"height":200,"caption":"UnitGames"},"image":{"@id":"https:\/\/unitgames.com.ar\/pc-gamer\/#\/schema\/logo\/image\/"}}]}},"_links":{"self":[{"href":"https:\/\/unitgames.com.ar\/pc-gamer\/wp-json\/wp\/v2\/product\/8280","targetHints":{"allow":["GET"]}}],"collection":[{"href":"https:\/\/unitgames.com.ar\/pc-gamer\/wp-json\/wp\/v2\/product"}],"about":[{"href":"https:\/\/unitgames.com.ar\/pc-gamer\/wp-json\/wp\/v2\/types\/product"}],"version-history":[{"count":0,"href":"https:\/\/unitgames.com.ar\/pc-gamer\/wp-json\/wp\/v2\/product\/8280\/revisions"}],"wp:featuredmedia":[{"embeddable":true,"href":"https:\/\/unitgames.com.ar\/pc-gamer\/wp-json\/wp\/v2\/media\/11357"}],"wp:attachment":[{"href":"https:\/\/unitgames.com.ar\/pc-gamer\/wp-json\/wp\/v2\/media?parent=8280"}],"wp:term":[{"taxonomy":"product_brand","embeddable":true,"href":"https:\/\/unitgames.com.ar\/pc-gamer\/wp-json\/wp\/v2\/product_brand?post=8280"},{"taxonomy":"product_cat","embeddable":true,"href":"https:\/\/unitgames.com.ar\/pc-gamer\/wp-json\/wp\/v2\/product_cat?post=8280"},{"taxonomy":"product_tag","embeddable":true,"href":"https:\/\/unitgames.com.ar\/pc-gamer\/wp-json\/wp\/v2\/product_tag?post=8280"}],"curies":[{"name":"wp","href":"https:\/\/api.w.org\/{rel}","templated":true}]}}