{"id":8553,"date":"2022-10-25T15:20:53","date_gmt":"2022-10-25T15:20:53","guid":{"rendered":"https:\/\/unitgames.com.ar\/pc-gamers\/?post_type=product&#038;p=8553"},"modified":"2026-05-01T11:05:47","modified_gmt":"2026-05-01T14:05:47","slug":"combo-gaming-noga-4-en-1-nkb-407","status":"publish","type":"product","link":"https:\/\/unitgames.com.ar\/pc-gamer\/producto\/combo-gaming-noga-4-en-1-nkb-407\/","title":{"rendered":"Combo Gaming NOGA 4 en 1 NKB-413R"},"content":{"rendered":"<div class=\"col-12 col-md-6 px-0 px-md-3\" data-store=\"product-image-114009444\">\n<div class=\"js-swiper-product-thumbs swiper-container d-none d-md-block swiper-container-initialized swiper-container-horizontal\">\n<div class=\"swiper-wrapper align-items-center\">\n<div class=\"swiper-slide\"><\/div>\n<\/div>\n<\/div>\n<\/div>\n<div class=\"col\" data-store=\"product-info-114009444\">\n<div class=\"social-share\">\n<div>El NKB-413R es un Gaming Combo de Alto Dise\u00f1o que te garantiza la mejor performance para tus juegos en PC.<\/div>\n<div>Contiene Teclado y Mouse Retroiluminados, Mouse Pad que brinda un \u00f3ptimo deslizamiento y Auriculares con Micr\u00f3fono confortablemente acolchados.<\/div>\n<div>Con el Gaming Combo NKB-413R tendr\u00e1s todo lo que necesitas para dominar el juego y disfrutar al m\u00e1ximo.<\/div>\n<div>Disponible en color Rojo.<\/div>\n<div><\/div>\n<div>\n<div>Teclado Gamer:<\/div>\n<div><\/div>\n<div>&#8211; 104 Teclas en Espa\u00f1ol<\/div>\n<div>&#8211; 12 Teclas Multimedia<\/div>\n<div>&#8211; Retroiluminado efecto arco iris<\/div>\n<div>&#8211; Cable de 1,4 metros<\/div>\n<div>&#8211; Conexi\u00f3n USB<\/div>\n<div>&#8211; Medidas: 436 x 131 x 2,5 mm<\/div>\n<div><\/div>\n<div>Mouse Gamer:<\/div>\n<div><\/div>\n<div>&#8211; 4 Botones y Scroll<\/div>\n<div>&#8211; Selector de 800\/1200\/1600 DPI<\/div>\n<div>&#8211; Retroiluminado efecto arco iris<\/div>\n<div>&#8211; Conexi\u00f3n USB<\/div>\n<div><\/div>\n<div>Auriculares Gamer:<\/div>\n<div><\/div>\n<div>&#8211; Diametro de Speaker: 40 mm<\/div>\n<div>&#8211; Micr\u00f3fono con giro de 135\u00ba<\/div>\n<div>&#8211; Acolchados con vincha ajustable<\/div>\n<div>&#8211; Cable de 1,8 metros<\/div>\n<div>&#8211; 2 Conectores miniplug 3.5 mm para Audio &amp; Mic.<\/div>\n<div><\/div>\n<div>Mouse Pad:<\/div>\n<div><\/div>\n<div>&#8211; Pa\u00f1o de Microfibra de Goma antideslizante<\/div>\n<div>&#8211; Material confortable y suave<\/div>\n<div>&#8211; Garantiza un mejor deslizamiento del Mouse<\/div>\n<div>&#8211; Apto para cualquier superficie<\/div>\n<div>&#8211; Medidas: 220 x 180 x 1,2 mm<\/div>\n<\/div>\n<\/div>\n<\/div>\n","protected":false},"excerpt":{"rendered":"<p>El NKB-413R es un Gaming Combo de Alto Dise\u00f1o que te garantiza la mejor performance para tus juegos en PC. Contiene Teclado y Mouse Retroiluminados, Mouse Pad que brinda un \u00f3ptimo deslizamiento y Auriculares con Micr\u00f3fono confortablemente acolchados. Con el Gaming Combo NKB-413R tendr\u00e1s todo lo que necesitas para dominar el juego y disfrutar al m\u00e1ximo. Disponible en color Rojo. Teclado Gamer: &#8211; 104 Teclas en Espa\u00f1ol &#8211; 12 Teclas Multimedia &#8211; Retroiluminado efecto arco iris &#8211; Cable de 1,4 metros &#8211; Conexi\u00f3n USB &#8211; Medidas: 436 x 131 x 2,5 mm Mouse Gamer: &#8211; 4 Botones y Scroll &#8211; Selector de 800\/1200\/1600 DPI &#8211; Retroiluminado efecto arco iris &#8211; Conexi\u00f3n USB Auriculares Gamer: &#8211; Diametro de Speaker: 40 mm &#8211; Micr\u00f3fono con giro de 135\u00ba &#8211; Acolchados con vincha ajustable &#8211; Cable de 1,8 metros &#8211; 2 Conectores miniplug 3.5 mm para Audio &amp; Mic. Mouse Pad: &#8211; Pa\u00f1o de Microfibra de Goma antideslizante &#8211; Material confortable y suave &#8211; Garantiza un mejor deslizamiento del Mouse &#8211; Apto para cualquier superficie &#8211; Medidas: 220 x 180 x 1,2 mm<\/p>\n","protected":false},"featured_media":8572,"template":"","meta":{"site-sidebar-layout":"default","site-content-layout":"","ast-site-content-layout":"default","site-content-style":"default","site-sidebar-style":"default","ast-global-header-display":"","ast-banner-title-visibility":"","ast-main-header-display":"","ast-hfb-above-header-display":"","ast-hfb-below-header-display":"","ast-hfb-mobile-header-display":"","site-post-title":"","ast-breadcrumbs-content":"","ast-featured-img":"","footer-sml-layout":"","theme-transparent-header-meta":"","adv-header-id-meta":"","stick-header-meta":"","header-above-stick-meta":"","header-main-stick-meta":"","header-below-stick-meta":"","astra-migrate-meta-layouts":"default","ast-page-background-enabled":"default","ast-page-background-meta":{"desktop":{"background-color":"var(--ast-global-color-5)","background-image":"","background-repeat":"repeat","background-position":"center center","background-size":"auto","background-attachment":"scroll","background-type":"","background-media":"","overlay-type":"","overlay-color":"","overlay-opacity":"","overlay-gradient":""},"tablet":{"background-color":"","background-image":"","background-repeat":"repeat","background-position":"center center","background-size":"auto","background-attachment":"scroll","background-type":"","background-media":"","overlay-type":"","overlay-color":"","overlay-opacity":"","overlay-gradient":""},"mobile":{"background-color":"","background-image":"","background-repeat":"repeat","background-position":"center center","background-size":"auto","background-attachment":"scroll","background-type":"","background-media":"","overlay-type":"","overlay-color":"","overlay-opacity":"","overlay-gradient":""}},"ast-content-background-meta":{"desktop":{"background-color":"var(--ast-global-color-4)","background-image":"","background-repeat":"repeat","background-position":"center center","background-size":"auto","background-attachment":"scroll","background-type":"","background-media":"","overlay-type":"","overlay-color":"","overlay-opacity":"","overlay-gradient":""},"tablet":{"background-color":"var(--ast-global-color-4)","background-image":"","background-repeat":"repeat","background-position":"center center","background-size":"auto","background-attachment":"scroll","background-type":"","background-media":"","overlay-type":"","overlay-color":"","overlay-opacity":"","overlay-gradient":""},"mobile":{"background-color":"var(--ast-global-color-4)","background-image":"","background-repeat":"repeat","background-position":"center center","background-size":"auto","background-attachment":"scroll","background-type":"","background-media":"","overlay-type":"","overlay-color":"","overlay-opacity":"","overlay-gradient":""}},"_joinchat":[]},"product_brand":[],"product_cat":[81,170,83,84,93],"product_tag":[],"class_list":{"0":"post-8553","1":"product","2":"type-product","3":"status-publish","4":"has-post-thumbnail","6":"product_cat-auriculares-pc-play-xbox-celular","7":"product_cat-combos-teclado-mouse","8":"product_cat-mouse","9":"product_cat-mouse-pad","10":"product_cat-teclados-membrana","11":"desktop-align-center","12":"tablet-align-left","13":"mobile-align-left","15":"first","16":"instock","17":"shipping-taxable","18":"purchasable","19":"product-type-simple"},"yoast_head":"<!-- This site is optimized with the Yoast SEO plugin v27.5 - https:\/\/yoast.com\/product\/yoast-seo-wordpress\/ -->\n<title>Combo Gaming NOGA 4 en 1 NKB-413R - UnitGames<\/title>\n<meta name=\"robots\" content=\"index, follow, max-snippet:-1, max-image-preview:large, max-video-preview:-1\" \/>\n<link rel=\"canonical\" href=\"https:\/\/unitgames.com.ar\/pc-gamer\/producto\/combo-gaming-noga-4-en-1-nkb-407\/\" \/>\n<meta property=\"og:locale\" content=\"es_ES\" \/>\n<meta property=\"og:type\" content=\"article\" \/>\n<meta property=\"og:title\" content=\"Combo Gaming NOGA 4 en 1 NKB-413R - UnitGames\" \/>\n<meta property=\"og:description\" content=\"El NKB-413R es un Gaming Combo de Alto Dise\u00f1o que te garantiza la mejor performance para tus juegos en PC. Contiene Teclado y Mouse Retroiluminados, Mouse Pad que brinda un \u00f3ptimo deslizamiento y Auriculares con Micr\u00f3fono confortablemente acolchados. Con el Gaming Combo NKB-413R tendr\u00e1s todo lo que necesitas para dominar el juego y disfrutar al m\u00e1ximo. Disponible en color Rojo. Teclado Gamer: &#8211; 104 Teclas en Espa\u00f1ol &#8211; 12 Teclas Multimedia &#8211; Retroiluminado efecto arco iris &#8211; Cable de 1,4 metros &#8211; Conexi\u00f3n USB &#8211; Medidas: 436 x 131 x 2,5 mm Mouse Gamer: &#8211; 4 Botones y Scroll &#8211; Selector de 800\/1200\/1600 DPI &#8211; Retroiluminado efecto arco iris &#8211; Conexi\u00f3n USB Auriculares Gamer: &#8211; Diametro de Speaker: 40 mm &#8211; Micr\u00f3fono con giro de 135\u00ba &#8211; Acolchados con vincha ajustable &#8211; Cable de 1,8 metros &#8211; 2 Conectores miniplug 3.5 mm para Audio &amp; Mic. Mouse Pad: &#8211; Pa\u00f1o de Microfibra de Goma antideslizante &#8211; Material confortable y suave &#8211; Garantiza un mejor deslizamiento del Mouse &#8211; Apto para cualquier superficie &#8211; Medidas: 220 x 180 x 1,2 mm\" \/>\n<meta property=\"og:url\" content=\"https:\/\/unitgames.com.ar\/pc-gamer\/producto\/combo-gaming-noga-4-en-1-nkb-407\/\" \/>\n<meta property=\"og:site_name\" content=\"UnitGames\" \/>\n<meta property=\"article:modified_time\" content=\"2026-05-01T14:05:47+00:00\" \/>\n<meta property=\"og:image\" content=\"https:\/\/unitgames.com.ar\/pc-gamer\/wp-content\/uploads\/2022\/10\/Kit-Gamer-4-En-1-Rojo-Nkb-413.png\" \/>\n\t<meta property=\"og:image:width\" content=\"1284\" \/>\n\t<meta property=\"og:image:height\" content=\"1285\" \/>\n\t<meta property=\"og:image:type\" content=\"image\/png\" \/>\n<meta name=\"twitter:card\" content=\"summary_large_image\" \/>\n<meta name=\"twitter:label1\" content=\"Tiempo de lectura\" \/>\n\t<meta name=\"twitter:data1\" content=\"1 minuto\" \/>\n<script type=\"application\/ld+json\" class=\"yoast-schema-graph\">{\"@context\":\"https:\\\/\\\/schema.org\",\"@graph\":[{\"@type\":\"WebPage\",\"@id\":\"https:\\\/\\\/unitgames.com.ar\\\/pc-gamer\\\/producto\\\/combo-gaming-noga-4-en-1-nkb-407\\\/\",\"url\":\"https:\\\/\\\/unitgames.com.ar\\\/pc-gamer\\\/producto\\\/combo-gaming-noga-4-en-1-nkb-407\\\/\",\"name\":\"Combo Gaming NOGA 4 en 1 NKB-413R - UnitGames\",\"isPartOf\":{\"@id\":\"https:\\\/\\\/unitgames.com.ar\\\/pc-gamer\\\/#website\"},\"primaryImageOfPage\":{\"@id\":\"https:\\\/\\\/unitgames.com.ar\\\/pc-gamer\\\/producto\\\/combo-gaming-noga-4-en-1-nkb-407\\\/#primaryimage\"},\"image\":{\"@id\":\"https:\\\/\\\/unitgames.com.ar\\\/pc-gamer\\\/producto\\\/combo-gaming-noga-4-en-1-nkb-407\\\/#primaryimage\"},\"thumbnailUrl\":\"https:\\\/\\\/unitgames.com.ar\\\/pc-gamer\\\/wp-content\\\/uploads\\\/2022\\\/10\\\/Kit-Gamer-4-En-1-Rojo-Nkb-413.png\",\"datePublished\":\"2022-10-25T15:20:53+00:00\",\"dateModified\":\"2026-05-01T14:05:47+00:00\",\"breadcrumb\":{\"@id\":\"https:\\\/\\\/unitgames.com.ar\\\/pc-gamer\\\/producto\\\/combo-gaming-noga-4-en-1-nkb-407\\\/#breadcrumb\"},\"inLanguage\":\"es\",\"potentialAction\":[{\"@type\":\"ReadAction\",\"target\":[\"https:\\\/\\\/unitgames.com.ar\\\/pc-gamer\\\/producto\\\/combo-gaming-noga-4-en-1-nkb-407\\\/\"]}]},{\"@type\":\"ImageObject\",\"inLanguage\":\"es\",\"@id\":\"https:\\\/\\\/unitgames.com.ar\\\/pc-gamer\\\/producto\\\/combo-gaming-noga-4-en-1-nkb-407\\\/#primaryimage\",\"url\":\"https:\\\/\\\/unitgames.com.ar\\\/pc-gamer\\\/wp-content\\\/uploads\\\/2022\\\/10\\\/Kit-Gamer-4-En-1-Rojo-Nkb-413.png\",\"contentUrl\":\"https:\\\/\\\/unitgames.com.ar\\\/pc-gamer\\\/wp-content\\\/uploads\\\/2022\\\/10\\\/Kit-Gamer-4-En-1-Rojo-Nkb-413.png\",\"width\":1284,\"height\":1285},{\"@type\":\"BreadcrumbList\",\"@id\":\"https:\\\/\\\/unitgames.com.ar\\\/pc-gamer\\\/producto\\\/combo-gaming-noga-4-en-1-nkb-407\\\/#breadcrumb\",\"itemListElement\":[{\"@type\":\"ListItem\",\"position\":1,\"name\":\"Tienda\",\"item\":\"https:\\\/\\\/unitgames.com.ar\\\/pc-gamer\\\/tienda\\\/\"},{\"@type\":\"ListItem\",\"position\":2,\"name\":\"Combo Gaming NOGA 4 en 1 NKB-413R\"}]},{\"@type\":\"WebSite\",\"@id\":\"https:\\\/\\\/unitgames.com.ar\\\/pc-gamer\\\/#website\",\"url\":\"https:\\\/\\\/unitgames.com.ar\\\/pc-gamer\\\/\",\"name\":\"UnitGames\",\"description\":\"Venta de PC Gamers, Consolas , Servicio Tecnico Especializado. Todos en Accesorios Informaticos y Gamers\",\"publisher\":{\"@id\":\"https:\\\/\\\/unitgames.com.ar\\\/pc-gamer\\\/#organization\"},\"potentialAction\":[{\"@type\":\"SearchAction\",\"target\":{\"@type\":\"EntryPoint\",\"urlTemplate\":\"https:\\\/\\\/unitgames.com.ar\\\/pc-gamer\\\/?s={search_term_string}\"},\"query-input\":{\"@type\":\"PropertyValueSpecification\",\"valueRequired\":true,\"valueName\":\"search_term_string\"}}],\"inLanguage\":\"es\"},{\"@type\":\"Organization\",\"@id\":\"https:\\\/\\\/unitgames.com.ar\\\/pc-gamer\\\/#organization\",\"name\":\"UnitGames\",\"url\":\"https:\\\/\\\/unitgames.com.ar\\\/pc-gamer\\\/\",\"logo\":{\"@type\":\"ImageObject\",\"inLanguage\":\"es\",\"@id\":\"https:\\\/\\\/unitgames.com.ar\\\/pc-gamer\\\/#\\\/schema\\\/logo\\\/image\\\/\",\"url\":\"https:\\\/\\\/unitgames.com.ar\\\/pc-gamer\\\/wp-content\\\/uploads\\\/2021\\\/01\\\/cropped-logoUnitGames2.png\",\"contentUrl\":\"https:\\\/\\\/unitgames.com.ar\\\/pc-gamer\\\/wp-content\\\/uploads\\\/2021\\\/01\\\/cropped-logoUnitGames2.png\",\"width\":152,\"height\":200,\"caption\":\"UnitGames\"},\"image\":{\"@id\":\"https:\\\/\\\/unitgames.com.ar\\\/pc-gamer\\\/#\\\/schema\\\/logo\\\/image\\\/\"}}]}<\/script>\n<!-- \/ Yoast SEO plugin. -->","yoast_head_json":{"title":"Combo Gaming NOGA 4 en 1 NKB-413R - UnitGames","robots":{"index":"index","follow":"follow","max-snippet":"max-snippet:-1","max-image-preview":"max-image-preview:large","max-video-preview":"max-video-preview:-1"},"canonical":"https:\/\/unitgames.com.ar\/pc-gamer\/producto\/combo-gaming-noga-4-en-1-nkb-407\/","og_locale":"es_ES","og_type":"article","og_title":"Combo Gaming NOGA 4 en 1 NKB-413R - UnitGames","og_description":"El NKB-413R es un Gaming Combo de Alto Dise\u00f1o que te garantiza la mejor performance para tus juegos en PC. Contiene Teclado y Mouse Retroiluminados, Mouse Pad que brinda un \u00f3ptimo deslizamiento y Auriculares con Micr\u00f3fono confortablemente acolchados. Con el Gaming Combo NKB-413R tendr\u00e1s todo lo que necesitas para dominar el juego y disfrutar al m\u00e1ximo. Disponible en color Rojo. Teclado Gamer: &#8211; 104 Teclas en Espa\u00f1ol &#8211; 12 Teclas Multimedia &#8211; Retroiluminado efecto arco iris &#8211; Cable de 1,4 metros &#8211; Conexi\u00f3n USB &#8211; Medidas: 436 x 131 x 2,5 mm Mouse Gamer: &#8211; 4 Botones y Scroll &#8211; Selector de 800\/1200\/1600 DPI &#8211; Retroiluminado efecto arco iris &#8211; Conexi\u00f3n USB Auriculares Gamer: &#8211; Diametro de Speaker: 40 mm &#8211; Micr\u00f3fono con giro de 135\u00ba &#8211; Acolchados con vincha ajustable &#8211; Cable de 1,8 metros &#8211; 2 Conectores miniplug 3.5 mm para Audio &amp; Mic. Mouse Pad: &#8211; Pa\u00f1o de Microfibra de Goma antideslizante &#8211; Material confortable y suave &#8211; Garantiza un mejor deslizamiento del Mouse &#8211; Apto para cualquier superficie &#8211; Medidas: 220 x 180 x 1,2 mm","og_url":"https:\/\/unitgames.com.ar\/pc-gamer\/producto\/combo-gaming-noga-4-en-1-nkb-407\/","og_site_name":"UnitGames","article_modified_time":"2026-05-01T14:05:47+00:00","og_image":[{"width":1284,"height":1285,"url":"https:\/\/unitgames.com.ar\/pc-gamer\/wp-content\/uploads\/2022\/10\/Kit-Gamer-4-En-1-Rojo-Nkb-413.png","type":"image\/png"}],"twitter_card":"summary_large_image","twitter_misc":{"Tiempo de lectura":"1 minuto"},"schema":{"@context":"https:\/\/schema.org","@graph":[{"@type":"WebPage","@id":"https:\/\/unitgames.com.ar\/pc-gamer\/producto\/combo-gaming-noga-4-en-1-nkb-407\/","url":"https:\/\/unitgames.com.ar\/pc-gamer\/producto\/combo-gaming-noga-4-en-1-nkb-407\/","name":"Combo Gaming NOGA 4 en 1 NKB-413R - UnitGames","isPartOf":{"@id":"https:\/\/unitgames.com.ar\/pc-gamer\/#website"},"primaryImageOfPage":{"@id":"https:\/\/unitgames.com.ar\/pc-gamer\/producto\/combo-gaming-noga-4-en-1-nkb-407\/#primaryimage"},"image":{"@id":"https:\/\/unitgames.com.ar\/pc-gamer\/producto\/combo-gaming-noga-4-en-1-nkb-407\/#primaryimage"},"thumbnailUrl":"https:\/\/unitgames.com.ar\/pc-gamer\/wp-content\/uploads\/2022\/10\/Kit-Gamer-4-En-1-Rojo-Nkb-413.png","datePublished":"2022-10-25T15:20:53+00:00","dateModified":"2026-05-01T14:05:47+00:00","breadcrumb":{"@id":"https:\/\/unitgames.com.ar\/pc-gamer\/producto\/combo-gaming-noga-4-en-1-nkb-407\/#breadcrumb"},"inLanguage":"es","potentialAction":[{"@type":"ReadAction","target":["https:\/\/unitgames.com.ar\/pc-gamer\/producto\/combo-gaming-noga-4-en-1-nkb-407\/"]}]},{"@type":"ImageObject","inLanguage":"es","@id":"https:\/\/unitgames.com.ar\/pc-gamer\/producto\/combo-gaming-noga-4-en-1-nkb-407\/#primaryimage","url":"https:\/\/unitgames.com.ar\/pc-gamer\/wp-content\/uploads\/2022\/10\/Kit-Gamer-4-En-1-Rojo-Nkb-413.png","contentUrl":"https:\/\/unitgames.com.ar\/pc-gamer\/wp-content\/uploads\/2022\/10\/Kit-Gamer-4-En-1-Rojo-Nkb-413.png","width":1284,"height":1285},{"@type":"BreadcrumbList","@id":"https:\/\/unitgames.com.ar\/pc-gamer\/producto\/combo-gaming-noga-4-en-1-nkb-407\/#breadcrumb","itemListElement":[{"@type":"ListItem","position":1,"name":"Tienda","item":"https:\/\/unitgames.com.ar\/pc-gamer\/tienda\/"},{"@type":"ListItem","position":2,"name":"Combo Gaming NOGA 4 en 1 NKB-413R"}]},{"@type":"WebSite","@id":"https:\/\/unitgames.com.ar\/pc-gamer\/#website","url":"https:\/\/unitgames.com.ar\/pc-gamer\/","name":"UnitGames","description":"Venta de PC Gamers, Consolas , Servicio Tecnico Especializado. Todos en Accesorios Informaticos y Gamers","publisher":{"@id":"https:\/\/unitgames.com.ar\/pc-gamer\/#organization"},"potentialAction":[{"@type":"SearchAction","target":{"@type":"EntryPoint","urlTemplate":"https:\/\/unitgames.com.ar\/pc-gamer\/?s={search_term_string}"},"query-input":{"@type":"PropertyValueSpecification","valueRequired":true,"valueName":"search_term_string"}}],"inLanguage":"es"},{"@type":"Organization","@id":"https:\/\/unitgames.com.ar\/pc-gamer\/#organization","name":"UnitGames","url":"https:\/\/unitgames.com.ar\/pc-gamer\/","logo":{"@type":"ImageObject","inLanguage":"es","@id":"https:\/\/unitgames.com.ar\/pc-gamer\/#\/schema\/logo\/image\/","url":"https:\/\/unitgames.com.ar\/pc-gamer\/wp-content\/uploads\/2021\/01\/cropped-logoUnitGames2.png","contentUrl":"https:\/\/unitgames.com.ar\/pc-gamer\/wp-content\/uploads\/2021\/01\/cropped-logoUnitGames2.png","width":152,"height":200,"caption":"UnitGames"},"image":{"@id":"https:\/\/unitgames.com.ar\/pc-gamer\/#\/schema\/logo\/image\/"}}]}},"_links":{"self":[{"href":"https:\/\/unitgames.com.ar\/pc-gamer\/wp-json\/wp\/v2\/product\/8553","targetHints":{"allow":["GET"]}}],"collection":[{"href":"https:\/\/unitgames.com.ar\/pc-gamer\/wp-json\/wp\/v2\/product"}],"about":[{"href":"https:\/\/unitgames.com.ar\/pc-gamer\/wp-json\/wp\/v2\/types\/product"}],"version-history":[{"count":1,"href":"https:\/\/unitgames.com.ar\/pc-gamer\/wp-json\/wp\/v2\/product\/8553\/revisions"}],"predecessor-version":[{"id":21173,"href":"https:\/\/unitgames.com.ar\/pc-gamer\/wp-json\/wp\/v2\/product\/8553\/revisions\/21173"}],"wp:featuredmedia":[{"embeddable":true,"href":"https:\/\/unitgames.com.ar\/pc-gamer\/wp-json\/wp\/v2\/media\/8572"}],"wp:attachment":[{"href":"https:\/\/unitgames.com.ar\/pc-gamer\/wp-json\/wp\/v2\/media?parent=8553"}],"wp:term":[{"taxonomy":"product_brand","embeddable":true,"href":"https:\/\/unitgames.com.ar\/pc-gamer\/wp-json\/wp\/v2\/product_brand?post=8553"},{"taxonomy":"product_cat","embeddable":true,"href":"https:\/\/unitgames.com.ar\/pc-gamer\/wp-json\/wp\/v2\/product_cat?post=8553"},{"taxonomy":"product_tag","embeddable":true,"href":"https:\/\/unitgames.com.ar\/pc-gamer\/wp-json\/wp\/v2\/product_tag?post=8553"}],"curies":[{"name":"wp","href":"https:\/\/api.w.org\/{rel}","templated":true}]}}