{"id":8648,"date":"2022-11-05T14:21:56","date_gmt":"2022-11-05T14:21:56","guid":{"rendered":"https:\/\/unitgames.com.ar\/pc-gamers\/?post_type=product&#038;p=8648"},"modified":"2026-04-07T23:28:01","modified_gmt":"2026-04-08T02:28:01","slug":"fuente-msi-mag-a650bn-650w-80-plus-bronce","status":"publish","type":"product","link":"https:\/\/unitgames.com.ar\/pc-gamer\/producto\/fuente-msi-mag-a650bn-650w-80-plus-bronce\/","title":{"rendered":"Fuente MSI Mag A650BN 650W 80 Plus Bronce"},"content":{"rendered":"<div class=\"col-lg-6 pl-0 pull-left\">\n<div class=\"col-lg-6 pl-0 pull-left\">\n<div id=\"pd\" class=\"block\">\n<div class=\"MeshFlex\">\n<div class=\"rightMesh left delighter started ended\" data-delighter=\"\"><\/div>\n<div class=\"leftMesh fadein delighter started ended\" data-delighter=\"\">\n<p class=\"msiText\">MAG A650BN ofrece a los gamers una opci\u00f3n de fuente de alimentaci\u00f3n de nivel b\u00e1sico segura, confiable y eficiente. Sus caracter\u00edsticas principales incluyen la certificaci\u00f3n 80 PLUS Bronze, dise\u00f1o de circuito DC a DC, riel \u00fanico de 12 V, PFC activo y ventilador silencioso. MAG A650BN es una de las mejores opciones para los jugadores que reci\u00e9n comienzan a interiorizarse en la construcci\u00f3n de computadoras. Despu\u00e9s de la instalaci\u00f3n, los gamers pueden disfrutar inmediatamente de un desempe\u00f1o confiable sin configuraciones adicionales.<\/p>\n<\/div>\n<\/div>\n<\/div>\n<div id=\"plus80\" class=\"block\">\n<div class=\"wrapper\">\n<h2 class=\"msiText\">CERTIFICACI\u00d3N 80 PLUS BRONZE<\/h2>\n<p class=\"msiText\">La eficiencia de la fuente de alimentaci\u00f3n influye directamente en el desempe\u00f1o del sistema y su consumo de energ\u00eda. La certificaci\u00f3n 80 PLUS BRONZE promete menor consumo de energ\u00eda y mayor eficiencia.<\/p>\n<div class=\"imgbox\"><\/div>\n<\/div>\n<\/div>\n<div id=\"fan\" class=\"block\">\n<div class=\"MeshFlex\">\n<div class=\"leftMesh fadein delighter started ended\" data-delighter=\"\">\n<h2 class=\"msiText\">VENTILADOR DE BAJO RUIDO 120MM<\/h2>\n<p class=\"msiText\">El cojinete liso del ventilador reduce el ruido generado al tiempo que mantiene una excelente disipaci\u00f3n del calor.<\/p>\n<\/div>\n<\/div>\n<\/div>\n<div id=\"design\" class=\"block\">\n<div class=\"MeshFlex\">\n<div class=\"rightMesh left delighter started ended\" data-delighter=\"\"><\/div>\n<div class=\"leftMesh fadein delighter started ended\" data-delighter=\"\">\n<h2 class=\"msiText\">DISE\u00d1O DE CIRCUITO DC A DC<\/h2>\n<p class=\"msiText\">El dise\u00f1o de circuito DC-DC adoptado reduce la inestabilidad del voltaje de salida y agrega estabilidad al suministro de energ\u00eda.<\/p>\n<\/div>\n<\/div>\n<\/div>\n<div id=\"COMPREHENSIVE\" class=\"block\">\n<div class=\"MeshFlex\">\n<div class=\"rightMesh left delighter started ended\" data-delighter=\"\"><\/div>\n<div class=\"leftMesh fadein delighter started ended\" data-delighter=\"\">\n<h2 class=\"msiText\">PROTECCI\u00d3N INTEGRAL DEL CIRCUITO<\/h2>\n<p class=\"msiText\">Soporta los mecanismos de protecci\u00f3n OCP, OVP, SCP,<br \/>\nOPP y OTP, ofreciendo una protecci\u00f3n integral.<\/p>\n<\/div>\n<\/div>\n<\/div>\n<div id=\"CAPACITORS\" class=\"block\">\n<div class=\"MeshFlex\">\n<div class=\"rightMesh wow left delighter started ended\" data-delighter=\"\"><\/div>\n<\/div>\n<\/div>\n<div id=\"Power-Spec\" class=\"block sp\">\n<h2 class=\"msiText\">CONECTORES<\/h2>\n<div class=\"spec-box\">\n<div class=\"spec-item\"><\/div>\n<div class=\"spec-item\"><\/div>\n<\/div>\n<table class=\"spec-table\" width=\"100%\" cellspacing=\"0\">\n<tbody>\n<tr>\n<th class=\"msiText\" colspan=\"9\">CONECTOR<\/th>\n<\/tr>\n<tr>\n<td class=\"msiText\">ATX(20+4 PINES)<\/td>\n<td class=\"msiText\">EPS(4+4 PINES)<\/td>\n<td class=\"msiText\">PCI-E(6+2 PINES)<\/td>\n<td class=\"msiText\">SATA<\/td>\n<td class=\"msiText\">MOLEX(PERIF\u00c9RICO)<\/td>\n<td class=\"msiText\">FDD<\/td>\n<\/tr>\n<tr>\n<td class=\"msiText\">1<\/td>\n<td class=\"msiText\">1<\/td>\n<td class=\"msiText\">2<\/td>\n<td class=\"msiText\">5<\/td>\n<td class=\"msiText\">2<\/td>\n<td class=\"msiText\">1<\/td>\n<\/tr>\n<\/tbody>\n<\/table>\n<table class=\"spec-table\" width=\"100%\" cellspacing=\"0\">\n<tbody>\n<tr>\n<th class=\"msiText\" colspan=\"9\">MAG A650BN<\/th>\n<\/tr>\n<tr>\n<td class=\"msiText\">Entrada AC<\/td>\n<td class=\"msiText\" colspan=\"8\">100-240V~, 10-5A, 50-60Hz<\/td>\n<\/tr>\n<tr>\n<td class=\"msiText\" rowspan=\"2\">Salida DC<\/td>\n<td class=\"msiText\">+5V<\/td>\n<td class=\"msiText\">+3.3V<\/td>\n<td class=\"msiText\">+12V<\/td>\n<td class=\"msiText\">-12V<\/td>\n<td class=\"msiText\">+5V<sub>sb<\/sub><\/td>\n<\/tr>\n<tr>\n<td class=\"msiText\">20.0A<\/td>\n<td class=\"msiText\">20.0A<\/td>\n<td class=\"msiText\">54.0A<\/td>\n<td class=\"msiText\">0.3A<\/td>\n<td class=\"msiText\">2.5A<\/td>\n<\/tr>\n<tr>\n<td class=\"msiText\" rowspan=\"2\">Energ\u00eda total<\/td>\n<td class=\"msiText\" colspan=\"2\">110W<\/td>\n<td class=\"msiText\" colspan=\"1\">648W<\/td>\n<td class=\"msiText\" colspan=\"1\">3.6W<\/td>\n<td class=\"msiText\" colspan=\"1\">12.5W<\/td>\n<\/tr>\n<tr>\n<td class=\"msiText\" colspan=\"5\">650W<\/td>\n<\/tr>\n<\/tbody>\n<\/table>\n<\/div>\n<\/div>\n<\/div>\n","protected":false},"excerpt":{"rendered":"<p>MAG A650BN ofrece a los gamers una opci\u00f3n de fuente de alimentaci\u00f3n de nivel b\u00e1sico segura, confiable y eficiente. Sus caracter\u00edsticas principales incluyen la certificaci\u00f3n 80 PLUS Bronze, dise\u00f1o de circuito DC a DC, riel \u00fanico de 12 V, PFC activo y ventilador silencioso. MAG A650BN es una de las mejores opciones para los jugadores que reci\u00e9n comienzan a interiorizarse en la construcci\u00f3n de computadoras. Despu\u00e9s de la instalaci\u00f3n, los gamers pueden disfrutar inmediatamente de un desempe\u00f1o confiable sin configuraciones adicionales. CERTIFICACI\u00d3N 80 PLUS BRONZE La eficiencia de la fuente de alimentaci\u00f3n influye directamente en el desempe\u00f1o del sistema y su consumo de energ\u00eda. La certificaci\u00f3n 80 PLUS BRONZE promete menor consumo de energ\u00eda y mayor eficiencia. VENTILADOR DE BAJO RUIDO 120MM El cojinete liso del ventilador reduce el ruido generado al tiempo que mantiene una excelente disipaci\u00f3n del calor. DISE\u00d1O DE CIRCUITO DC A DC El dise\u00f1o de circuito DC-DC adoptado reduce la inestabilidad del voltaje de salida y agrega estabilidad al suministro de energ\u00eda. PROTECCI\u00d3N INTEGRAL DEL CIRCUITO Soporta los mecanismos de protecci\u00f3n OCP, OVP, SCP, OPP y OTP, ofreciendo una protecci\u00f3n integral. CONECTORES CONECTOR ATX(20+4 PINES) EPS(4+4 PINES) PCI-E(6+2 PINES) SATA MOLEX(PERIF\u00c9RICO) FDD 1 1 2 5 2 1 MAG A650BN Entrada AC 100-240V~, 10-5A, 50-60Hz Salida DC +5V +3.3V +12V -12V +5Vsb 20.0A 20.0A 54.0A 0.3A 2.5A Energ\u00eda total 110W 648W 3.6W 12.5W 650W<\/p>\n","protected":false},"featured_media":8649,"template":"","meta":{"site-sidebar-layout":"default","site-content-layout":"","ast-site-content-layout":"default","site-content-style":"default","site-sidebar-style":"default","ast-global-header-display":"","ast-banner-title-visibility":"","ast-main-header-display":"","ast-hfb-above-header-display":"","ast-hfb-below-header-display":"","ast-hfb-mobile-header-display":"","site-post-title":"","ast-breadcrumbs-content":"","ast-featured-img":"","footer-sml-layout":"","theme-transparent-header-meta":"default","adv-header-id-meta":"","stick-header-meta":"","header-above-stick-meta":"","header-main-stick-meta":"","header-below-stick-meta":"","astra-migrate-meta-layouts":"set","ast-page-background-enabled":"default","ast-page-background-meta":{"desktop":{"background-color":"var(--ast-global-color-5)","background-image":"","background-repeat":"repeat","background-position":"center center","background-size":"auto","background-attachment":"scroll","background-type":"","background-media":"","overlay-type":"","overlay-color":"","overlay-opacity":"","overlay-gradient":""},"tablet":{"background-color":"","background-image":"","background-repeat":"repeat","background-position":"center center","background-size":"auto","background-attachment":"scroll","background-type":"","background-media":"","overlay-type":"","overlay-color":"","overlay-opacity":"","overlay-gradient":""},"mobile":{"background-color":"","background-image":"","background-repeat":"repeat","background-position":"center center","background-size":"auto","background-attachment":"scroll","background-type":"","background-media":"","overlay-type":"","overlay-color":"","overlay-opacity":"","overlay-gradient":""}},"ast-content-background-meta":{"desktop":{"background-color":"var(--ast-global-color-4)","background-image":"","background-repeat":"repeat","background-position":"center center","background-size":"auto","background-attachment":"scroll","background-type":"","background-media":"","overlay-type":"","overlay-color":"","overlay-opacity":"","overlay-gradient":""},"tablet":{"background-color":"var(--ast-global-color-4)","background-image":"","background-repeat":"repeat","background-position":"center center","background-size":"auto","background-attachment":"scroll","background-type":"","background-media":"","overlay-type":"","overlay-color":"","overlay-opacity":"","overlay-gradient":""},"mobile":{"background-color":"var(--ast-global-color-4)","background-image":"","background-repeat":"repeat","background-position":"center center","background-size":"auto","background-attachment":"scroll","background-type":"","background-media":"","overlay-type":"","overlay-color":"","overlay-opacity":"","overlay-gradient":""}},"_joinchat":[]},"product_brand":[],"product_cat":[65],"product_tag":[],"class_list":{"0":"post-8648","1":"product","2":"type-product","3":"status-publish","4":"has-post-thumbnail","6":"product_cat-fuentes","7":"desktop-align-center","8":"tablet-align-left","9":"mobile-align-left","11":"first","12":"instock","13":"shipping-taxable","14":"purchasable","15":"product-type-simple"},"yoast_head":"<!-- This site is optimized with the Yoast SEO plugin v27.5 - https:\/\/yoast.com\/product\/yoast-seo-wordpress\/ -->\n<title>Fuente MSI Mag A650BN 650W 80 Plus Bronce - UnitGames<\/title>\n<meta name=\"robots\" content=\"index, follow, max-snippet:-1, max-image-preview:large, max-video-preview:-1\" \/>\n<link rel=\"canonical\" href=\"https:\/\/unitgames.com.ar\/pc-gamer\/producto\/fuente-msi-mag-a650bn-650w-80-plus-bronce\/\" \/>\n<meta property=\"og:locale\" content=\"es_ES\" \/>\n<meta property=\"og:type\" content=\"article\" \/>\n<meta property=\"og:title\" content=\"Fuente MSI Mag A650BN 650W 80 Plus Bronce - UnitGames\" \/>\n<meta property=\"og:description\" content=\"MAG A650BN ofrece a los gamers una opci\u00f3n de fuente de alimentaci\u00f3n de nivel b\u00e1sico segura, confiable y eficiente. Sus caracter\u00edsticas principales incluyen la certificaci\u00f3n 80 PLUS Bronze, dise\u00f1o de circuito DC a DC, riel \u00fanico de 12 V, PFC activo y ventilador silencioso. MAG A650BN es una de las mejores opciones para los jugadores que reci\u00e9n comienzan a interiorizarse en la construcci\u00f3n de computadoras. Despu\u00e9s de la instalaci\u00f3n, los gamers pueden disfrutar inmediatamente de un desempe\u00f1o confiable sin configuraciones adicionales. CERTIFICACI\u00d3N 80 PLUS BRONZE La eficiencia de la fuente de alimentaci\u00f3n influye directamente en el desempe\u00f1o del sistema y su consumo de energ\u00eda. La certificaci\u00f3n 80 PLUS BRONZE promete menor consumo de energ\u00eda y mayor eficiencia. VENTILADOR DE BAJO RUIDO 120MM El cojinete liso del ventilador reduce el ruido generado al tiempo que mantiene una excelente disipaci\u00f3n del calor. DISE\u00d1O DE CIRCUITO DC A DC El dise\u00f1o de circuito DC-DC adoptado reduce la inestabilidad del voltaje de salida y agrega estabilidad al suministro de energ\u00eda. PROTECCI\u00d3N INTEGRAL DEL CIRCUITO Soporta los mecanismos de protecci\u00f3n OCP, OVP, SCP, OPP y OTP, ofreciendo una protecci\u00f3n integral. CONECTORES CONECTOR ATX(20+4 PINES) EPS(4+4 PINES) PCI-E(6+2 PINES) SATA MOLEX(PERIF\u00c9RICO) FDD 1 1 2 5 2 1 MAG A650BN Entrada AC 100-240V~, 10-5A, 50-60Hz Salida DC +5V +3.3V +12V -12V +5Vsb 20.0A 20.0A 54.0A 0.3A 2.5A Energ\u00eda total 110W 648W 3.6W 12.5W 650W\" \/>\n<meta property=\"og:url\" content=\"https:\/\/unitgames.com.ar\/pc-gamer\/producto\/fuente-msi-mag-a650bn-650w-80-plus-bronce\/\" \/>\n<meta property=\"og:site_name\" content=\"UnitGames\" \/>\n<meta property=\"article:modified_time\" content=\"2026-04-08T02:28:01+00:00\" \/>\n<meta property=\"og:image\" content=\"https:\/\/unitgames.com.ar\/pc-gamer\/wp-content\/uploads\/2022\/11\/Fuente-MSI-Mag-A650BN-650W-80-Plus-Bronce.png\" \/>\n\t<meta property=\"og:image:width\" content=\"1282\" \/>\n\t<meta property=\"og:image:height\" content=\"1285\" \/>\n\t<meta property=\"og:image:type\" content=\"image\/png\" \/>\n<meta name=\"twitter:card\" content=\"summary_large_image\" \/>\n<meta name=\"twitter:label1\" content=\"Tiempo de lectura\" \/>\n\t<meta name=\"twitter:data1\" content=\"2 minutos\" \/>\n<script type=\"application\/ld+json\" class=\"yoast-schema-graph\">{\"@context\":\"https:\\\/\\\/schema.org\",\"@graph\":[{\"@type\":\"WebPage\",\"@id\":\"https:\\\/\\\/unitgames.com.ar\\\/pc-gamer\\\/producto\\\/fuente-msi-mag-a650bn-650w-80-plus-bronce\\\/\",\"url\":\"https:\\\/\\\/unitgames.com.ar\\\/pc-gamer\\\/producto\\\/fuente-msi-mag-a650bn-650w-80-plus-bronce\\\/\",\"name\":\"Fuente MSI Mag A650BN 650W 80 Plus Bronce - UnitGames\",\"isPartOf\":{\"@id\":\"https:\\\/\\\/unitgames.com.ar\\\/pc-gamer\\\/#website\"},\"primaryImageOfPage\":{\"@id\":\"https:\\\/\\\/unitgames.com.ar\\\/pc-gamer\\\/producto\\\/fuente-msi-mag-a650bn-650w-80-plus-bronce\\\/#primaryimage\"},\"image\":{\"@id\":\"https:\\\/\\\/unitgames.com.ar\\\/pc-gamer\\\/producto\\\/fuente-msi-mag-a650bn-650w-80-plus-bronce\\\/#primaryimage\"},\"thumbnailUrl\":\"https:\\\/\\\/unitgames.com.ar\\\/pc-gamer\\\/wp-content\\\/uploads\\\/2022\\\/11\\\/Fuente-MSI-Mag-A650BN-650W-80-Plus-Bronce.png\",\"datePublished\":\"2022-11-05T14:21:56+00:00\",\"dateModified\":\"2026-04-08T02:28:01+00:00\",\"breadcrumb\":{\"@id\":\"https:\\\/\\\/unitgames.com.ar\\\/pc-gamer\\\/producto\\\/fuente-msi-mag-a650bn-650w-80-plus-bronce\\\/#breadcrumb\"},\"inLanguage\":\"es\",\"potentialAction\":[{\"@type\":\"ReadAction\",\"target\":[\"https:\\\/\\\/unitgames.com.ar\\\/pc-gamer\\\/producto\\\/fuente-msi-mag-a650bn-650w-80-plus-bronce\\\/\"]}]},{\"@type\":\"ImageObject\",\"inLanguage\":\"es\",\"@id\":\"https:\\\/\\\/unitgames.com.ar\\\/pc-gamer\\\/producto\\\/fuente-msi-mag-a650bn-650w-80-plus-bronce\\\/#primaryimage\",\"url\":\"https:\\\/\\\/unitgames.com.ar\\\/pc-gamer\\\/wp-content\\\/uploads\\\/2022\\\/11\\\/Fuente-MSI-Mag-A650BN-650W-80-Plus-Bronce.png\",\"contentUrl\":\"https:\\\/\\\/unitgames.com.ar\\\/pc-gamer\\\/wp-content\\\/uploads\\\/2022\\\/11\\\/Fuente-MSI-Mag-A650BN-650W-80-Plus-Bronce.png\",\"width\":1282,\"height\":1285},{\"@type\":\"BreadcrumbList\",\"@id\":\"https:\\\/\\\/unitgames.com.ar\\\/pc-gamer\\\/producto\\\/fuente-msi-mag-a650bn-650w-80-plus-bronce\\\/#breadcrumb\",\"itemListElement\":[{\"@type\":\"ListItem\",\"position\":1,\"name\":\"Tienda\",\"item\":\"https:\\\/\\\/unitgames.com.ar\\\/pc-gamer\\\/tienda\\\/\"},{\"@type\":\"ListItem\",\"position\":2,\"name\":\"Fuente MSI Mag A650BN 650W 80 Plus Bronce\"}]},{\"@type\":\"WebSite\",\"@id\":\"https:\\\/\\\/unitgames.com.ar\\\/pc-gamer\\\/#website\",\"url\":\"https:\\\/\\\/unitgames.com.ar\\\/pc-gamer\\\/\",\"name\":\"UnitGames\",\"description\":\"Venta de PC Gamers, Consolas , Servicio Tecnico Especializado. Todos en Accesorios Informaticos y Gamers\",\"publisher\":{\"@id\":\"https:\\\/\\\/unitgames.com.ar\\\/pc-gamer\\\/#organization\"},\"potentialAction\":[{\"@type\":\"SearchAction\",\"target\":{\"@type\":\"EntryPoint\",\"urlTemplate\":\"https:\\\/\\\/unitgames.com.ar\\\/pc-gamer\\\/?s={search_term_string}\"},\"query-input\":{\"@type\":\"PropertyValueSpecification\",\"valueRequired\":true,\"valueName\":\"search_term_string\"}}],\"inLanguage\":\"es\"},{\"@type\":\"Organization\",\"@id\":\"https:\\\/\\\/unitgames.com.ar\\\/pc-gamer\\\/#organization\",\"name\":\"UnitGames\",\"url\":\"https:\\\/\\\/unitgames.com.ar\\\/pc-gamer\\\/\",\"logo\":{\"@type\":\"ImageObject\",\"inLanguage\":\"es\",\"@id\":\"https:\\\/\\\/unitgames.com.ar\\\/pc-gamer\\\/#\\\/schema\\\/logo\\\/image\\\/\",\"url\":\"https:\\\/\\\/unitgames.com.ar\\\/pc-gamer\\\/wp-content\\\/uploads\\\/2021\\\/01\\\/cropped-logoUnitGames2.png\",\"contentUrl\":\"https:\\\/\\\/unitgames.com.ar\\\/pc-gamer\\\/wp-content\\\/uploads\\\/2021\\\/01\\\/cropped-logoUnitGames2.png\",\"width\":152,\"height\":200,\"caption\":\"UnitGames\"},\"image\":{\"@id\":\"https:\\\/\\\/unitgames.com.ar\\\/pc-gamer\\\/#\\\/schema\\\/logo\\\/image\\\/\"}}]}<\/script>\n<!-- \/ Yoast SEO plugin. -->","yoast_head_json":{"title":"Fuente MSI Mag A650BN 650W 80 Plus Bronce - UnitGames","robots":{"index":"index","follow":"follow","max-snippet":"max-snippet:-1","max-image-preview":"max-image-preview:large","max-video-preview":"max-video-preview:-1"},"canonical":"https:\/\/unitgames.com.ar\/pc-gamer\/producto\/fuente-msi-mag-a650bn-650w-80-plus-bronce\/","og_locale":"es_ES","og_type":"article","og_title":"Fuente MSI Mag A650BN 650W 80 Plus Bronce - UnitGames","og_description":"MAG A650BN ofrece a los gamers una opci\u00f3n de fuente de alimentaci\u00f3n de nivel b\u00e1sico segura, confiable y eficiente. Sus caracter\u00edsticas principales incluyen la certificaci\u00f3n 80 PLUS Bronze, dise\u00f1o de circuito DC a DC, riel \u00fanico de 12 V, PFC activo y ventilador silencioso. MAG A650BN es una de las mejores opciones para los jugadores que reci\u00e9n comienzan a interiorizarse en la construcci\u00f3n de computadoras. Despu\u00e9s de la instalaci\u00f3n, los gamers pueden disfrutar inmediatamente de un desempe\u00f1o confiable sin configuraciones adicionales. CERTIFICACI\u00d3N 80 PLUS BRONZE La eficiencia de la fuente de alimentaci\u00f3n influye directamente en el desempe\u00f1o del sistema y su consumo de energ\u00eda. La certificaci\u00f3n 80 PLUS BRONZE promete menor consumo de energ\u00eda y mayor eficiencia. VENTILADOR DE BAJO RUIDO 120MM El cojinete liso del ventilador reduce el ruido generado al tiempo que mantiene una excelente disipaci\u00f3n del calor. DISE\u00d1O DE CIRCUITO DC A DC El dise\u00f1o de circuito DC-DC adoptado reduce la inestabilidad del voltaje de salida y agrega estabilidad al suministro de energ\u00eda. PROTECCI\u00d3N INTEGRAL DEL CIRCUITO Soporta los mecanismos de protecci\u00f3n OCP, OVP, SCP, OPP y OTP, ofreciendo una protecci\u00f3n integral. CONECTORES CONECTOR ATX(20+4 PINES) EPS(4+4 PINES) PCI-E(6+2 PINES) SATA MOLEX(PERIF\u00c9RICO) FDD 1 1 2 5 2 1 MAG A650BN Entrada AC 100-240V~, 10-5A, 50-60Hz Salida DC +5V +3.3V +12V -12V +5Vsb 20.0A 20.0A 54.0A 0.3A 2.5A Energ\u00eda total 110W 648W 3.6W 12.5W 650W","og_url":"https:\/\/unitgames.com.ar\/pc-gamer\/producto\/fuente-msi-mag-a650bn-650w-80-plus-bronce\/","og_site_name":"UnitGames","article_modified_time":"2026-04-08T02:28:01+00:00","og_image":[{"width":1282,"height":1285,"url":"https:\/\/unitgames.com.ar\/pc-gamer\/wp-content\/uploads\/2022\/11\/Fuente-MSI-Mag-A650BN-650W-80-Plus-Bronce.png","type":"image\/png"}],"twitter_card":"summary_large_image","twitter_misc":{"Tiempo de lectura":"2 minutos"},"schema":{"@context":"https:\/\/schema.org","@graph":[{"@type":"WebPage","@id":"https:\/\/unitgames.com.ar\/pc-gamer\/producto\/fuente-msi-mag-a650bn-650w-80-plus-bronce\/","url":"https:\/\/unitgames.com.ar\/pc-gamer\/producto\/fuente-msi-mag-a650bn-650w-80-plus-bronce\/","name":"Fuente MSI Mag A650BN 650W 80 Plus Bronce - UnitGames","isPartOf":{"@id":"https:\/\/unitgames.com.ar\/pc-gamer\/#website"},"primaryImageOfPage":{"@id":"https:\/\/unitgames.com.ar\/pc-gamer\/producto\/fuente-msi-mag-a650bn-650w-80-plus-bronce\/#primaryimage"},"image":{"@id":"https:\/\/unitgames.com.ar\/pc-gamer\/producto\/fuente-msi-mag-a650bn-650w-80-plus-bronce\/#primaryimage"},"thumbnailUrl":"https:\/\/unitgames.com.ar\/pc-gamer\/wp-content\/uploads\/2022\/11\/Fuente-MSI-Mag-A650BN-650W-80-Plus-Bronce.png","datePublished":"2022-11-05T14:21:56+00:00","dateModified":"2026-04-08T02:28:01+00:00","breadcrumb":{"@id":"https:\/\/unitgames.com.ar\/pc-gamer\/producto\/fuente-msi-mag-a650bn-650w-80-plus-bronce\/#breadcrumb"},"inLanguage":"es","potentialAction":[{"@type":"ReadAction","target":["https:\/\/unitgames.com.ar\/pc-gamer\/producto\/fuente-msi-mag-a650bn-650w-80-plus-bronce\/"]}]},{"@type":"ImageObject","inLanguage":"es","@id":"https:\/\/unitgames.com.ar\/pc-gamer\/producto\/fuente-msi-mag-a650bn-650w-80-plus-bronce\/#primaryimage","url":"https:\/\/unitgames.com.ar\/pc-gamer\/wp-content\/uploads\/2022\/11\/Fuente-MSI-Mag-A650BN-650W-80-Plus-Bronce.png","contentUrl":"https:\/\/unitgames.com.ar\/pc-gamer\/wp-content\/uploads\/2022\/11\/Fuente-MSI-Mag-A650BN-650W-80-Plus-Bronce.png","width":1282,"height":1285},{"@type":"BreadcrumbList","@id":"https:\/\/unitgames.com.ar\/pc-gamer\/producto\/fuente-msi-mag-a650bn-650w-80-plus-bronce\/#breadcrumb","itemListElement":[{"@type":"ListItem","position":1,"name":"Tienda","item":"https:\/\/unitgames.com.ar\/pc-gamer\/tienda\/"},{"@type":"ListItem","position":2,"name":"Fuente MSI Mag A650BN 650W 80 Plus Bronce"}]},{"@type":"WebSite","@id":"https:\/\/unitgames.com.ar\/pc-gamer\/#website","url":"https:\/\/unitgames.com.ar\/pc-gamer\/","name":"UnitGames","description":"Venta de PC Gamers, Consolas , Servicio Tecnico Especializado. Todos en Accesorios Informaticos y Gamers","publisher":{"@id":"https:\/\/unitgames.com.ar\/pc-gamer\/#organization"},"potentialAction":[{"@type":"SearchAction","target":{"@type":"EntryPoint","urlTemplate":"https:\/\/unitgames.com.ar\/pc-gamer\/?s={search_term_string}"},"query-input":{"@type":"PropertyValueSpecification","valueRequired":true,"valueName":"search_term_string"}}],"inLanguage":"es"},{"@type":"Organization","@id":"https:\/\/unitgames.com.ar\/pc-gamer\/#organization","name":"UnitGames","url":"https:\/\/unitgames.com.ar\/pc-gamer\/","logo":{"@type":"ImageObject","inLanguage":"es","@id":"https:\/\/unitgames.com.ar\/pc-gamer\/#\/schema\/logo\/image\/","url":"https:\/\/unitgames.com.ar\/pc-gamer\/wp-content\/uploads\/2021\/01\/cropped-logoUnitGames2.png","contentUrl":"https:\/\/unitgames.com.ar\/pc-gamer\/wp-content\/uploads\/2021\/01\/cropped-logoUnitGames2.png","width":152,"height":200,"caption":"UnitGames"},"image":{"@id":"https:\/\/unitgames.com.ar\/pc-gamer\/#\/schema\/logo\/image\/"}}]}},"_links":{"self":[{"href":"https:\/\/unitgames.com.ar\/pc-gamer\/wp-json\/wp\/v2\/product\/8648","targetHints":{"allow":["GET"]}}],"collection":[{"href":"https:\/\/unitgames.com.ar\/pc-gamer\/wp-json\/wp\/v2\/product"}],"about":[{"href":"https:\/\/unitgames.com.ar\/pc-gamer\/wp-json\/wp\/v2\/types\/product"}],"version-history":[{"count":0,"href":"https:\/\/unitgames.com.ar\/pc-gamer\/wp-json\/wp\/v2\/product\/8648\/revisions"}],"wp:featuredmedia":[{"embeddable":true,"href":"https:\/\/unitgames.com.ar\/pc-gamer\/wp-json\/wp\/v2\/media\/8649"}],"wp:attachment":[{"href":"https:\/\/unitgames.com.ar\/pc-gamer\/wp-json\/wp\/v2\/media?parent=8648"}],"wp:term":[{"taxonomy":"product_brand","embeddable":true,"href":"https:\/\/unitgames.com.ar\/pc-gamer\/wp-json\/wp\/v2\/product_brand?post=8648"},{"taxonomy":"product_cat","embeddable":true,"href":"https:\/\/unitgames.com.ar\/pc-gamer\/wp-json\/wp\/v2\/product_cat?post=8648"},{"taxonomy":"product_tag","embeddable":true,"href":"https:\/\/unitgames.com.ar\/pc-gamer\/wp-json\/wp\/v2\/product_tag?post=8648"}],"curies":[{"name":"wp","href":"https:\/\/api.w.org\/{rel}","templated":true}]}}