{"id":8985,"date":"2023-01-31T16:38:22","date_gmt":"2023-01-31T16:38:22","guid":{"rendered":"https:\/\/unitgames.com.ar\/pc-gamers\/?post_type=product&#038;p=8985"},"modified":"2026-01-09T07:06:46","modified_gmt":"2026-01-09T10:06:46","slug":"teclado-noga-nkb-560","status":"publish","type":"product","link":"https:\/\/unitgames.com.ar\/pc-gamer\/producto\/teclado-noga-nkb-560\/","title":{"rendered":"Teclado NOGA NKB-560"},"content":{"rendered":"<h5 class=\"form-label mt-4\">DESCRIPCI\u00d3N<\/h5>\n<div>El NKB-560 es un Teclado Gamer compacto de Alta Calidad.<\/div>\n<div>Constru\u00eddo con Sistema de Doble Inyecci\u00f3n y Ultra-Silencioso.<\/div>\n<div>La elevaci\u00f3n de sus teclas brindan comodidad y una gran suavidad al tacto.<\/div>\n<div>Posee 12 Teclas Multimedia que funcionan presionando FN.<\/div>\n<div>Su dise\u00f1o resistente al agua (Water Resistant) puede soportar el volcado de l\u00edquidos en su superficie.<\/div>\n<div>Y su Retroiluminaci\u00f3n LED con multiples colores permite usarlo en la oscuridad.<\/div>\n<div><\/div>\n<div>\n<div>&#8211; Teclado de Dise\u00f1o Gamer compacto de Alta Calidad<\/div>\n<div>&#8211; Constru\u00eddo con Sistema de Doble Inyecci\u00f3n y Ultra-Silencioso<\/div>\n<div>&#8211; Teclas elevadas y reforzadas para Gamers<\/div>\n<div>&#8211; Gran suavidad al tacto<\/div>\n<div>&#8211; 12 Funciones Multimedia presionando FN<\/div>\n<div>&#8211; Retroiluminaci\u00f3n LED con multiples colores<\/div>\n<div>&#8211; Resistente al agua (Water Resistant)<\/div>\n<div>&#8211; Cable con filtro<\/div>\n<div>&#8211; Conexi\u00f3n USB<\/div>\n<div>&#8211; Medidas: 43,5 x 13 x 3 cm.<\/div>\n<\/div>\n","protected":false},"excerpt":{"rendered":"<p>DESCRIPCI\u00d3N El NKB-560 es un Teclado Gamer compacto de Alta Calidad. Constru\u00eddo con Sistema de Doble Inyecci\u00f3n y Ultra-Silencioso. La elevaci\u00f3n de sus teclas brindan comodidad y una gran suavidad al tacto. Posee 12 Teclas Multimedia que funcionan presionando FN. Su dise\u00f1o resistente al agua (Water Resistant) puede soportar el volcado de l\u00edquidos en su superficie. Y su Retroiluminaci\u00f3n LED con multiples colores permite usarlo en la oscuridad. &#8211; Teclado de Dise\u00f1o Gamer compacto de Alta Calidad &#8211; Constru\u00eddo con Sistema de Doble Inyecci\u00f3n y Ultra-Silencioso &#8211; Teclas elevadas y reforzadas para Gamers &#8211; Gran suavidad al tacto &#8211; 12 Funciones Multimedia presionando FN &#8211; Retroiluminaci\u00f3n LED con multiples colores &#8211; Resistente al agua (Water Resistant) &#8211; Cable con filtro &#8211; Conexi\u00f3n USB &#8211; Medidas: 43,5 x 13 x 3 cm.<\/p>\n","protected":false},"featured_media":8988,"template":"","meta":{"site-sidebar-layout":"default","site-content-layout":"","ast-site-content-layout":"default","site-content-style":"default","site-sidebar-style":"default","ast-global-header-display":"","ast-banner-title-visibility":"","ast-main-header-display":"","ast-hfb-above-header-display":"","ast-hfb-below-header-display":"","ast-hfb-mobile-header-display":"","site-post-title":"","ast-breadcrumbs-content":"","ast-featured-img":"","footer-sml-layout":"","theme-transparent-header-meta":"","adv-header-id-meta":"","stick-header-meta":"","header-above-stick-meta":"","header-main-stick-meta":"","header-below-stick-meta":"","astra-migrate-meta-layouts":"default","ast-page-background-enabled":"default","ast-page-background-meta":{"desktop":{"background-color":"var(--ast-global-color-5)","background-image":"","background-repeat":"repeat","background-position":"center center","background-size":"auto","background-attachment":"scroll","background-type":"","background-media":"","overlay-type":"","overlay-color":"","overlay-opacity":"","overlay-gradient":""},"tablet":{"background-color":"","background-image":"","background-repeat":"repeat","background-position":"center center","background-size":"auto","background-attachment":"scroll","background-type":"","background-media":"","overlay-type":"","overlay-color":"","overlay-opacity":"","overlay-gradient":""},"mobile":{"background-color":"","background-image":"","background-repeat":"repeat","background-position":"center center","background-size":"auto","background-attachment":"scroll","background-type":"","background-media":"","overlay-type":"","overlay-color":"","overlay-opacity":"","overlay-gradient":""}},"ast-content-background-meta":{"desktop":{"background-color":"var(--ast-global-color-4)","background-image":"","background-repeat":"repeat","background-position":"center center","background-size":"auto","background-attachment":"scroll","background-type":"","background-media":"","overlay-type":"","overlay-color":"","overlay-opacity":"","overlay-gradient":""},"tablet":{"background-color":"var(--ast-global-color-4)","background-image":"","background-repeat":"repeat","background-position":"center center","background-size":"auto","background-attachment":"scroll","background-type":"","background-media":"","overlay-type":"","overlay-color":"","overlay-opacity":"","overlay-gradient":""},"mobile":{"background-color":"var(--ast-global-color-4)","background-image":"","background-repeat":"repeat","background-position":"center center","background-size":"auto","background-attachment":"scroll","background-type":"","background-media":"","overlay-type":"","overlay-color":"","overlay-opacity":"","overlay-gradient":""}},"_joinchat":[]},"product_brand":[],"product_cat":[87,93],"product_tag":[],"class_list":{"0":"post-8985","1":"product","2":"type-product","3":"status-publish","4":"has-post-thumbnail","6":"product_cat-teclados","7":"product_cat-teclados-membrana","8":"desktop-align-center","9":"tablet-align-left","10":"mobile-align-left","12":"first","13":"instock","14":"shipping-taxable","15":"purchasable","16":"product-type-simple"},"yoast_head":"<!-- This site is optimized with the Yoast SEO plugin v27.5 - https:\/\/yoast.com\/product\/yoast-seo-wordpress\/ -->\n<title>Teclado NOGA NKB-560 - UnitGames<\/title>\n<meta name=\"robots\" content=\"index, follow, max-snippet:-1, max-image-preview:large, max-video-preview:-1\" \/>\n<link rel=\"canonical\" href=\"https:\/\/unitgames.com.ar\/pc-gamer\/producto\/teclado-noga-nkb-560\/\" \/>\n<meta property=\"og:locale\" content=\"es_ES\" \/>\n<meta property=\"og:type\" content=\"article\" \/>\n<meta property=\"og:title\" content=\"Teclado NOGA NKB-560 - UnitGames\" \/>\n<meta property=\"og:description\" content=\"DESCRIPCI\u00d3N El NKB-560 es un Teclado Gamer compacto de Alta Calidad. Constru\u00eddo con Sistema de Doble Inyecci\u00f3n y Ultra-Silencioso. La elevaci\u00f3n de sus teclas brindan comodidad y una gran suavidad al tacto. Posee 12 Teclas Multimedia que funcionan presionando FN. Su dise\u00f1o resistente al agua (Water Resistant) puede soportar el volcado de l\u00edquidos en su superficie. Y su Retroiluminaci\u00f3n LED con multiples colores permite usarlo en la oscuridad. &#8211; Teclado de Dise\u00f1o Gamer compacto de Alta Calidad &#8211; Constru\u00eddo con Sistema de Doble Inyecci\u00f3n y Ultra-Silencioso &#8211; Teclas elevadas y reforzadas para Gamers &#8211; Gran suavidad al tacto &#8211; 12 Funciones Multimedia presionando FN &#8211; Retroiluminaci\u00f3n LED con multiples colores &#8211; Resistente al agua (Water Resistant) &#8211; Cable con filtro &#8211; Conexi\u00f3n USB &#8211; Medidas: 43,5 x 13 x 3 cm.\" \/>\n<meta property=\"og:url\" content=\"https:\/\/unitgames.com.ar\/pc-gamer\/producto\/teclado-noga-nkb-560\/\" \/>\n<meta property=\"og:site_name\" content=\"UnitGames\" \/>\n<meta property=\"article:modified_time\" content=\"2026-01-09T10:06:46+00:00\" \/>\n<meta property=\"og:image\" content=\"https:\/\/unitgames.com.ar\/pc-gamer\/wp-content\/uploads\/2023\/01\/Teclado-NOGA-NKB-560.png\" \/>\n\t<meta property=\"og:image:width\" content=\"771\" \/>\n\t<meta property=\"og:image:height\" content=\"771\" \/>\n\t<meta property=\"og:image:type\" content=\"image\/png\" \/>\n<meta name=\"twitter:card\" content=\"summary_large_image\" \/>\n<meta name=\"twitter:label1\" content=\"Tiempo de lectura\" \/>\n\t<meta name=\"twitter:data1\" content=\"1 minuto\" \/>\n<script type=\"application\/ld+json\" class=\"yoast-schema-graph\">{\"@context\":\"https:\\\/\\\/schema.org\",\"@graph\":[{\"@type\":\"WebPage\",\"@id\":\"https:\\\/\\\/unitgames.com.ar\\\/pc-gamer\\\/producto\\\/teclado-noga-nkb-560\\\/\",\"url\":\"https:\\\/\\\/unitgames.com.ar\\\/pc-gamer\\\/producto\\\/teclado-noga-nkb-560\\\/\",\"name\":\"Teclado NOGA NKB-560 - UnitGames\",\"isPartOf\":{\"@id\":\"https:\\\/\\\/unitgames.com.ar\\\/pc-gamer\\\/#website\"},\"primaryImageOfPage\":{\"@id\":\"https:\\\/\\\/unitgames.com.ar\\\/pc-gamer\\\/producto\\\/teclado-noga-nkb-560\\\/#primaryimage\"},\"image\":{\"@id\":\"https:\\\/\\\/unitgames.com.ar\\\/pc-gamer\\\/producto\\\/teclado-noga-nkb-560\\\/#primaryimage\"},\"thumbnailUrl\":\"https:\\\/\\\/unitgames.com.ar\\\/pc-gamer\\\/wp-content\\\/uploads\\\/2023\\\/01\\\/Teclado-NOGA-NKB-560.png\",\"datePublished\":\"2023-01-31T16:38:22+00:00\",\"dateModified\":\"2026-01-09T10:06:46+00:00\",\"breadcrumb\":{\"@id\":\"https:\\\/\\\/unitgames.com.ar\\\/pc-gamer\\\/producto\\\/teclado-noga-nkb-560\\\/#breadcrumb\"},\"inLanguage\":\"es\",\"potentialAction\":[{\"@type\":\"ReadAction\",\"target\":[\"https:\\\/\\\/unitgames.com.ar\\\/pc-gamer\\\/producto\\\/teclado-noga-nkb-560\\\/\"]}]},{\"@type\":\"ImageObject\",\"inLanguage\":\"es\",\"@id\":\"https:\\\/\\\/unitgames.com.ar\\\/pc-gamer\\\/producto\\\/teclado-noga-nkb-560\\\/#primaryimage\",\"url\":\"https:\\\/\\\/unitgames.com.ar\\\/pc-gamer\\\/wp-content\\\/uploads\\\/2023\\\/01\\\/Teclado-NOGA-NKB-560.png\",\"contentUrl\":\"https:\\\/\\\/unitgames.com.ar\\\/pc-gamer\\\/wp-content\\\/uploads\\\/2023\\\/01\\\/Teclado-NOGA-NKB-560.png\",\"width\":771,\"height\":771},{\"@type\":\"BreadcrumbList\",\"@id\":\"https:\\\/\\\/unitgames.com.ar\\\/pc-gamer\\\/producto\\\/teclado-noga-nkb-560\\\/#breadcrumb\",\"itemListElement\":[{\"@type\":\"ListItem\",\"position\":1,\"name\":\"Tienda\",\"item\":\"https:\\\/\\\/unitgames.com.ar\\\/pc-gamer\\\/tienda\\\/\"},{\"@type\":\"ListItem\",\"position\":2,\"name\":\"Teclado NOGA NKB-560\"}]},{\"@type\":\"WebSite\",\"@id\":\"https:\\\/\\\/unitgames.com.ar\\\/pc-gamer\\\/#website\",\"url\":\"https:\\\/\\\/unitgames.com.ar\\\/pc-gamer\\\/\",\"name\":\"UnitGames\",\"description\":\"Venta de PC Gamers, Consolas , Servicio Tecnico Especializado. Todos en Accesorios Informaticos y Gamers\",\"publisher\":{\"@id\":\"https:\\\/\\\/unitgames.com.ar\\\/pc-gamer\\\/#organization\"},\"potentialAction\":[{\"@type\":\"SearchAction\",\"target\":{\"@type\":\"EntryPoint\",\"urlTemplate\":\"https:\\\/\\\/unitgames.com.ar\\\/pc-gamer\\\/?s={search_term_string}\"},\"query-input\":{\"@type\":\"PropertyValueSpecification\",\"valueRequired\":true,\"valueName\":\"search_term_string\"}}],\"inLanguage\":\"es\"},{\"@type\":\"Organization\",\"@id\":\"https:\\\/\\\/unitgames.com.ar\\\/pc-gamer\\\/#organization\",\"name\":\"UnitGames\",\"url\":\"https:\\\/\\\/unitgames.com.ar\\\/pc-gamer\\\/\",\"logo\":{\"@type\":\"ImageObject\",\"inLanguage\":\"es\",\"@id\":\"https:\\\/\\\/unitgames.com.ar\\\/pc-gamer\\\/#\\\/schema\\\/logo\\\/image\\\/\",\"url\":\"https:\\\/\\\/unitgames.com.ar\\\/pc-gamer\\\/wp-content\\\/uploads\\\/2021\\\/01\\\/cropped-logoUnitGames2.png\",\"contentUrl\":\"https:\\\/\\\/unitgames.com.ar\\\/pc-gamer\\\/wp-content\\\/uploads\\\/2021\\\/01\\\/cropped-logoUnitGames2.png\",\"width\":152,\"height\":200,\"caption\":\"UnitGames\"},\"image\":{\"@id\":\"https:\\\/\\\/unitgames.com.ar\\\/pc-gamer\\\/#\\\/schema\\\/logo\\\/image\\\/\"}}]}<\/script>\n<!-- \/ Yoast SEO plugin. -->","yoast_head_json":{"title":"Teclado NOGA NKB-560 - UnitGames","robots":{"index":"index","follow":"follow","max-snippet":"max-snippet:-1","max-image-preview":"max-image-preview:large","max-video-preview":"max-video-preview:-1"},"canonical":"https:\/\/unitgames.com.ar\/pc-gamer\/producto\/teclado-noga-nkb-560\/","og_locale":"es_ES","og_type":"article","og_title":"Teclado NOGA NKB-560 - UnitGames","og_description":"DESCRIPCI\u00d3N El NKB-560 es un Teclado Gamer compacto de Alta Calidad. Constru\u00eddo con Sistema de Doble Inyecci\u00f3n y Ultra-Silencioso. La elevaci\u00f3n de sus teclas brindan comodidad y una gran suavidad al tacto. Posee 12 Teclas Multimedia que funcionan presionando FN. Su dise\u00f1o resistente al agua (Water Resistant) puede soportar el volcado de l\u00edquidos en su superficie. Y su Retroiluminaci\u00f3n LED con multiples colores permite usarlo en la oscuridad. &#8211; Teclado de Dise\u00f1o Gamer compacto de Alta Calidad &#8211; Constru\u00eddo con Sistema de Doble Inyecci\u00f3n y Ultra-Silencioso &#8211; Teclas elevadas y reforzadas para Gamers &#8211; Gran suavidad al tacto &#8211; 12 Funciones Multimedia presionando FN &#8211; Retroiluminaci\u00f3n LED con multiples colores &#8211; Resistente al agua (Water Resistant) &#8211; Cable con filtro &#8211; Conexi\u00f3n USB &#8211; Medidas: 43,5 x 13 x 3 cm.","og_url":"https:\/\/unitgames.com.ar\/pc-gamer\/producto\/teclado-noga-nkb-560\/","og_site_name":"UnitGames","article_modified_time":"2026-01-09T10:06:46+00:00","og_image":[{"width":771,"height":771,"url":"https:\/\/unitgames.com.ar\/pc-gamer\/wp-content\/uploads\/2023\/01\/Teclado-NOGA-NKB-560.png","type":"image\/png"}],"twitter_card":"summary_large_image","twitter_misc":{"Tiempo de lectura":"1 minuto"},"schema":{"@context":"https:\/\/schema.org","@graph":[{"@type":"WebPage","@id":"https:\/\/unitgames.com.ar\/pc-gamer\/producto\/teclado-noga-nkb-560\/","url":"https:\/\/unitgames.com.ar\/pc-gamer\/producto\/teclado-noga-nkb-560\/","name":"Teclado NOGA NKB-560 - UnitGames","isPartOf":{"@id":"https:\/\/unitgames.com.ar\/pc-gamer\/#website"},"primaryImageOfPage":{"@id":"https:\/\/unitgames.com.ar\/pc-gamer\/producto\/teclado-noga-nkb-560\/#primaryimage"},"image":{"@id":"https:\/\/unitgames.com.ar\/pc-gamer\/producto\/teclado-noga-nkb-560\/#primaryimage"},"thumbnailUrl":"https:\/\/unitgames.com.ar\/pc-gamer\/wp-content\/uploads\/2023\/01\/Teclado-NOGA-NKB-560.png","datePublished":"2023-01-31T16:38:22+00:00","dateModified":"2026-01-09T10:06:46+00:00","breadcrumb":{"@id":"https:\/\/unitgames.com.ar\/pc-gamer\/producto\/teclado-noga-nkb-560\/#breadcrumb"},"inLanguage":"es","potentialAction":[{"@type":"ReadAction","target":["https:\/\/unitgames.com.ar\/pc-gamer\/producto\/teclado-noga-nkb-560\/"]}]},{"@type":"ImageObject","inLanguage":"es","@id":"https:\/\/unitgames.com.ar\/pc-gamer\/producto\/teclado-noga-nkb-560\/#primaryimage","url":"https:\/\/unitgames.com.ar\/pc-gamer\/wp-content\/uploads\/2023\/01\/Teclado-NOGA-NKB-560.png","contentUrl":"https:\/\/unitgames.com.ar\/pc-gamer\/wp-content\/uploads\/2023\/01\/Teclado-NOGA-NKB-560.png","width":771,"height":771},{"@type":"BreadcrumbList","@id":"https:\/\/unitgames.com.ar\/pc-gamer\/producto\/teclado-noga-nkb-560\/#breadcrumb","itemListElement":[{"@type":"ListItem","position":1,"name":"Tienda","item":"https:\/\/unitgames.com.ar\/pc-gamer\/tienda\/"},{"@type":"ListItem","position":2,"name":"Teclado NOGA NKB-560"}]},{"@type":"WebSite","@id":"https:\/\/unitgames.com.ar\/pc-gamer\/#website","url":"https:\/\/unitgames.com.ar\/pc-gamer\/","name":"UnitGames","description":"Venta de PC Gamers, Consolas , Servicio Tecnico Especializado. Todos en Accesorios Informaticos y Gamers","publisher":{"@id":"https:\/\/unitgames.com.ar\/pc-gamer\/#organization"},"potentialAction":[{"@type":"SearchAction","target":{"@type":"EntryPoint","urlTemplate":"https:\/\/unitgames.com.ar\/pc-gamer\/?s={search_term_string}"},"query-input":{"@type":"PropertyValueSpecification","valueRequired":true,"valueName":"search_term_string"}}],"inLanguage":"es"},{"@type":"Organization","@id":"https:\/\/unitgames.com.ar\/pc-gamer\/#organization","name":"UnitGames","url":"https:\/\/unitgames.com.ar\/pc-gamer\/","logo":{"@type":"ImageObject","inLanguage":"es","@id":"https:\/\/unitgames.com.ar\/pc-gamer\/#\/schema\/logo\/image\/","url":"https:\/\/unitgames.com.ar\/pc-gamer\/wp-content\/uploads\/2021\/01\/cropped-logoUnitGames2.png","contentUrl":"https:\/\/unitgames.com.ar\/pc-gamer\/wp-content\/uploads\/2021\/01\/cropped-logoUnitGames2.png","width":152,"height":200,"caption":"UnitGames"},"image":{"@id":"https:\/\/unitgames.com.ar\/pc-gamer\/#\/schema\/logo\/image\/"}}]}},"_links":{"self":[{"href":"https:\/\/unitgames.com.ar\/pc-gamer\/wp-json\/wp\/v2\/product\/8985","targetHints":{"allow":["GET"]}}],"collection":[{"href":"https:\/\/unitgames.com.ar\/pc-gamer\/wp-json\/wp\/v2\/product"}],"about":[{"href":"https:\/\/unitgames.com.ar\/pc-gamer\/wp-json\/wp\/v2\/types\/product"}],"version-history":[{"count":0,"href":"https:\/\/unitgames.com.ar\/pc-gamer\/wp-json\/wp\/v2\/product\/8985\/revisions"}],"wp:featuredmedia":[{"embeddable":true,"href":"https:\/\/unitgames.com.ar\/pc-gamer\/wp-json\/wp\/v2\/media\/8988"}],"wp:attachment":[{"href":"https:\/\/unitgames.com.ar\/pc-gamer\/wp-json\/wp\/v2\/media?parent=8985"}],"wp:term":[{"taxonomy":"product_brand","embeddable":true,"href":"https:\/\/unitgames.com.ar\/pc-gamer\/wp-json\/wp\/v2\/product_brand?post=8985"},{"taxonomy":"product_cat","embeddable":true,"href":"https:\/\/unitgames.com.ar\/pc-gamer\/wp-json\/wp\/v2\/product_cat?post=8985"},{"taxonomy":"product_tag","embeddable":true,"href":"https:\/\/unitgames.com.ar\/pc-gamer\/wp-json\/wp\/v2\/product_tag?post=8985"}],"curies":[{"name":"wp","href":"https:\/\/api.w.org\/{rel}","templated":true}]}}