{"id":8995,"date":"2023-02-01T02:01:59","date_gmt":"2023-02-01T02:01:59","guid":{"rendered":"https:\/\/unitgames.com.ar\/pc-gamers\/?post_type=product&#038;p=8995"},"modified":"2026-01-09T07:06:45","modified_gmt":"2026-01-09T10:06:45","slug":"teclado-mouse-inalambrico-noga-s5700-rosa","status":"publish","type":"product","link":"https:\/\/unitgames.com.ar\/pc-gamer\/producto\/teclado-mouse-inalambrico-noga-s5700-rosa\/","title":{"rendered":"Teclado + Mouse Inalambrico NOGA S5700 Rosa"},"content":{"rendered":"<div class=\"product-img-col js-product-image-container\">\n<div class=\"product-img-desktop-container\">\n<div class=\"m-height-auto-xs span9 \">\n<div class=\"product-featured-image p-relative text-center\">\n<div id=\"product-slider-container\" class=\"product-slider-container \">\n<div class=\"labels\" data-store=\"product-item-labels\">\n<div>El Combo S5700 te brinda una gran comodidad de uso y libertad de movimiento.<\/div>\n<div>El receptor Nano USB te permite usar el teclado y el mouse sin cables en diferentes dispositivos y con un rango de alcance m\u00e1ximo de 10 metros.<\/div>\n<div>Una excepcional y suave experiencia de tipeo sin cables.<\/div>\n<div>Moderno dise\u00f1o con teclas circulares y elevadas.<\/div>\n<div>Portable y Compacto. Disponible en 3 colores.<\/div>\n<div><\/div>\n<div>\n<div>Teclado Inal\u00e1mbrico:<\/div>\n<div><\/div>\n<div>&#8211; 86 Teclas de dise\u00f1o circular y elevadas<\/div>\n<div>&#8211; Funciona con Receptor Nano USB 2.0 de 2.4G<\/div>\n<div>&#8211; Rango de alcance m\u00e1ximo de 10 metros<\/div>\n<div>&#8211; Funciona con 2 pilas AAA (no inclu\u00eddas)<\/div>\n<div>&#8211; Dise\u00f1o moderno, portable y compacto<\/div>\n<div>&#8211; Medidas: 31,3 x 14,1 x 3,9 cm.<\/div>\n<div><\/div>\n<div>Mouse Inal\u00e1mbrico:<\/div>\n<div><\/div>\n<div>&#8211; 3 Botones y Scroll<\/div>\n<div>&#8211; Resoluci\u00f3n de 1000 DPI<\/div>\n<div>&#8211; Funciona con Receptor Nano USB 2.0 de 2.4G<\/div>\n<div>&#8211; Rango de alcance m\u00e1ximo de 10 metros<\/div>\n<div>&#8211; Funciona con 1 pila AA (no inclu\u00edda)<\/div>\n<div>&#8211; Modo de ahorro de energ\u00eda<\/div>\n<div>&#8211; Medidas: 11,1 x 5,9 x 2,7 cm.<\/div>\n<\/div>\n<p>.<\/p>\n<\/div>\n<\/div>\n<\/div>\n<\/div>\n<\/div>\n<\/div>\n","protected":false},"excerpt":{"rendered":"<p>El Combo S5700 te brinda una gran comodidad de uso y libertad de movimiento. El receptor Nano USB te permite usar el teclado y el mouse sin cables en diferentes dispositivos y con un rango de alcance m\u00e1ximo de 10 metros. Una excepcional y suave experiencia de tipeo sin cables. Moderno dise\u00f1o con teclas circulares y elevadas. Portable y Compacto. Disponible en 3 colores. Teclado Inal\u00e1mbrico: &#8211; 86 Teclas de dise\u00f1o circular y elevadas &#8211; Funciona con Receptor Nano USB 2.0 de 2.4G &#8211; Rango de alcance m\u00e1ximo de 10 metros &#8211; Funciona con 2 pilas AAA (no inclu\u00eddas) &#8211; Dise\u00f1o moderno, portable y compacto &#8211; Medidas: 31,3 x 14,1 x 3,9 cm. Mouse Inal\u00e1mbrico: &#8211; 3 Botones y Scroll &#8211; Resoluci\u00f3n de 1000 DPI &#8211; Funciona con Receptor Nano USB 2.0 de 2.4G &#8211; Rango de alcance m\u00e1ximo de 10 metros &#8211; Funciona con 1 pila AA (no inclu\u00edda) &#8211; Modo de ahorro de energ\u00eda &#8211; Medidas: 11,1 x 5,9 x 2,7 cm. .<\/p>\n","protected":false},"featured_media":8996,"template":"","meta":{"site-sidebar-layout":"default","site-content-layout":"","ast-site-content-layout":"default","site-content-style":"default","site-sidebar-style":"default","ast-global-header-display":"","ast-banner-title-visibility":"","ast-main-header-display":"","ast-hfb-above-header-display":"","ast-hfb-below-header-display":"","ast-hfb-mobile-header-display":"","site-post-title":"","ast-breadcrumbs-content":"","ast-featured-img":"","footer-sml-layout":"","theme-transparent-header-meta":"","adv-header-id-meta":"","stick-header-meta":"","header-above-stick-meta":"","header-main-stick-meta":"","header-below-stick-meta":"","astra-migrate-meta-layouts":"default","ast-page-background-enabled":"default","ast-page-background-meta":{"desktop":{"background-color":"var(--ast-global-color-5)","background-image":"","background-repeat":"repeat","background-position":"center center","background-size":"auto","background-attachment":"scroll","background-type":"","background-media":"","overlay-type":"","overlay-color":"","overlay-opacity":"","overlay-gradient":""},"tablet":{"background-color":"","background-image":"","background-repeat":"repeat","background-position":"center center","background-size":"auto","background-attachment":"scroll","background-type":"","background-media":"","overlay-type":"","overlay-color":"","overlay-opacity":"","overlay-gradient":""},"mobile":{"background-color":"","background-image":"","background-repeat":"repeat","background-position":"center center","background-size":"auto","background-attachment":"scroll","background-type":"","background-media":"","overlay-type":"","overlay-color":"","overlay-opacity":"","overlay-gradient":""}},"ast-content-background-meta":{"desktop":{"background-color":"var(--ast-global-color-4)","background-image":"","background-repeat":"repeat","background-position":"center center","background-size":"auto","background-attachment":"scroll","background-type":"","background-media":"","overlay-type":"","overlay-color":"","overlay-opacity":"","overlay-gradient":""},"tablet":{"background-color":"var(--ast-global-color-4)","background-image":"","background-repeat":"repeat","background-position":"center center","background-size":"auto","background-attachment":"scroll","background-type":"","background-media":"","overlay-type":"","overlay-color":"","overlay-opacity":"","overlay-gradient":""},"mobile":{"background-color":"var(--ast-global-color-4)","background-image":"","background-repeat":"repeat","background-position":"center center","background-size":"auto","background-attachment":"scroll","background-type":"","background-media":"","overlay-type":"","overlay-color":"","overlay-opacity":"","overlay-gradient":""}},"_joinchat":[]},"product_brand":[],"product_cat":[90,91],"product_tag":[],"class_list":{"0":"post-8995","1":"product","2":"type-product","3":"status-publish","4":"has-post-thumbnail","6":"product_cat-inalambrico","7":"product_cat-teclados-inalambricos","8":"desktop-align-center","9":"tablet-align-left","10":"mobile-align-left","12":"first","13":"instock","14":"shipping-taxable","15":"purchasable","16":"product-type-simple"},"yoast_head":"<!-- This site is optimized with the Yoast SEO plugin v27.5 - https:\/\/yoast.com\/product\/yoast-seo-wordpress\/ -->\n<title>Teclado + Mouse Inalambrico NOGA S5700 Rosa - UnitGames<\/title>\n<meta name=\"robots\" content=\"index, follow, max-snippet:-1, max-image-preview:large, max-video-preview:-1\" \/>\n<link rel=\"canonical\" href=\"https:\/\/unitgames.com.ar\/pc-gamer\/producto\/teclado-mouse-inalambrico-noga-s5700-rosa\/\" \/>\n<meta property=\"og:locale\" content=\"es_ES\" \/>\n<meta property=\"og:type\" content=\"article\" \/>\n<meta property=\"og:title\" content=\"Teclado + Mouse Inalambrico NOGA S5700 Rosa - UnitGames\" \/>\n<meta property=\"og:description\" content=\"El Combo S5700 te brinda una gran comodidad de uso y libertad de movimiento. El receptor Nano USB te permite usar el teclado y el mouse sin cables en diferentes dispositivos y con un rango de alcance m\u00e1ximo de 10 metros. Una excepcional y suave experiencia de tipeo sin cables. Moderno dise\u00f1o con teclas circulares y elevadas. Portable y Compacto. Disponible en 3 colores. Teclado Inal\u00e1mbrico: &#8211; 86 Teclas de dise\u00f1o circular y elevadas &#8211; Funciona con Receptor Nano USB 2.0 de 2.4G &#8211; Rango de alcance m\u00e1ximo de 10 metros &#8211; Funciona con 2 pilas AAA (no inclu\u00eddas) &#8211; Dise\u00f1o moderno, portable y compacto &#8211; Medidas: 31,3 x 14,1 x 3,9 cm. Mouse Inal\u00e1mbrico: &#8211; 3 Botones y Scroll &#8211; Resoluci\u00f3n de 1000 DPI &#8211; Funciona con Receptor Nano USB 2.0 de 2.4G &#8211; Rango de alcance m\u00e1ximo de 10 metros &#8211; Funciona con 1 pila AA (no inclu\u00edda) &#8211; Modo de ahorro de energ\u00eda &#8211; Medidas: 11,1 x 5,9 x 2,7 cm. .\" \/>\n<meta property=\"og:url\" content=\"https:\/\/unitgames.com.ar\/pc-gamer\/producto\/teclado-mouse-inalambrico-noga-s5700-rosa\/\" \/>\n<meta property=\"og:site_name\" content=\"UnitGames\" \/>\n<meta property=\"article:modified_time\" content=\"2026-01-09T10:06:45+00:00\" \/>\n<meta property=\"og:image\" content=\"https:\/\/unitgames.com.ar\/pc-gamer\/wp-content\/uploads\/2023\/02\/Teclado-Mouse-Inalambrico-NOGA-S5700-Rosa.png\" \/>\n\t<meta property=\"og:image:width\" content=\"771\" \/>\n\t<meta property=\"og:image:height\" content=\"771\" \/>\n\t<meta property=\"og:image:type\" content=\"image\/png\" \/>\n<meta name=\"twitter:card\" content=\"summary_large_image\" \/>\n<meta name=\"twitter:label1\" content=\"Tiempo de lectura\" \/>\n\t<meta name=\"twitter:data1\" content=\"1 minuto\" \/>\n<script type=\"application\/ld+json\" class=\"yoast-schema-graph\">{\"@context\":\"https:\\\/\\\/schema.org\",\"@graph\":[{\"@type\":\"WebPage\",\"@id\":\"https:\\\/\\\/unitgames.com.ar\\\/pc-gamer\\\/producto\\\/teclado-mouse-inalambrico-noga-s5700-rosa\\\/\",\"url\":\"https:\\\/\\\/unitgames.com.ar\\\/pc-gamer\\\/producto\\\/teclado-mouse-inalambrico-noga-s5700-rosa\\\/\",\"name\":\"Teclado + Mouse Inalambrico NOGA S5700 Rosa - UnitGames\",\"isPartOf\":{\"@id\":\"https:\\\/\\\/unitgames.com.ar\\\/pc-gamer\\\/#website\"},\"primaryImageOfPage\":{\"@id\":\"https:\\\/\\\/unitgames.com.ar\\\/pc-gamer\\\/producto\\\/teclado-mouse-inalambrico-noga-s5700-rosa\\\/#primaryimage\"},\"image\":{\"@id\":\"https:\\\/\\\/unitgames.com.ar\\\/pc-gamer\\\/producto\\\/teclado-mouse-inalambrico-noga-s5700-rosa\\\/#primaryimage\"},\"thumbnailUrl\":\"https:\\\/\\\/unitgames.com.ar\\\/pc-gamer\\\/wp-content\\\/uploads\\\/2023\\\/02\\\/Teclado-Mouse-Inalambrico-NOGA-S5700-Rosa.png\",\"datePublished\":\"2023-02-01T02:01:59+00:00\",\"dateModified\":\"2026-01-09T10:06:45+00:00\",\"breadcrumb\":{\"@id\":\"https:\\\/\\\/unitgames.com.ar\\\/pc-gamer\\\/producto\\\/teclado-mouse-inalambrico-noga-s5700-rosa\\\/#breadcrumb\"},\"inLanguage\":\"es\",\"potentialAction\":[{\"@type\":\"ReadAction\",\"target\":[\"https:\\\/\\\/unitgames.com.ar\\\/pc-gamer\\\/producto\\\/teclado-mouse-inalambrico-noga-s5700-rosa\\\/\"]}]},{\"@type\":\"ImageObject\",\"inLanguage\":\"es\",\"@id\":\"https:\\\/\\\/unitgames.com.ar\\\/pc-gamer\\\/producto\\\/teclado-mouse-inalambrico-noga-s5700-rosa\\\/#primaryimage\",\"url\":\"https:\\\/\\\/unitgames.com.ar\\\/pc-gamer\\\/wp-content\\\/uploads\\\/2023\\\/02\\\/Teclado-Mouse-Inalambrico-NOGA-S5700-Rosa.png\",\"contentUrl\":\"https:\\\/\\\/unitgames.com.ar\\\/pc-gamer\\\/wp-content\\\/uploads\\\/2023\\\/02\\\/Teclado-Mouse-Inalambrico-NOGA-S5700-Rosa.png\",\"width\":771,\"height\":771},{\"@type\":\"BreadcrumbList\",\"@id\":\"https:\\\/\\\/unitgames.com.ar\\\/pc-gamer\\\/producto\\\/teclado-mouse-inalambrico-noga-s5700-rosa\\\/#breadcrumb\",\"itemListElement\":[{\"@type\":\"ListItem\",\"position\":1,\"name\":\"Tienda\",\"item\":\"https:\\\/\\\/unitgames.com.ar\\\/pc-gamer\\\/tienda\\\/\"},{\"@type\":\"ListItem\",\"position\":2,\"name\":\"Teclado + Mouse Inalambrico NOGA S5700 Rosa\"}]},{\"@type\":\"WebSite\",\"@id\":\"https:\\\/\\\/unitgames.com.ar\\\/pc-gamer\\\/#website\",\"url\":\"https:\\\/\\\/unitgames.com.ar\\\/pc-gamer\\\/\",\"name\":\"UnitGames\",\"description\":\"Venta de PC Gamers, Consolas , Servicio Tecnico Especializado. Todos en Accesorios Informaticos y Gamers\",\"publisher\":{\"@id\":\"https:\\\/\\\/unitgames.com.ar\\\/pc-gamer\\\/#organization\"},\"potentialAction\":[{\"@type\":\"SearchAction\",\"target\":{\"@type\":\"EntryPoint\",\"urlTemplate\":\"https:\\\/\\\/unitgames.com.ar\\\/pc-gamer\\\/?s={search_term_string}\"},\"query-input\":{\"@type\":\"PropertyValueSpecification\",\"valueRequired\":true,\"valueName\":\"search_term_string\"}}],\"inLanguage\":\"es\"},{\"@type\":\"Organization\",\"@id\":\"https:\\\/\\\/unitgames.com.ar\\\/pc-gamer\\\/#organization\",\"name\":\"UnitGames\",\"url\":\"https:\\\/\\\/unitgames.com.ar\\\/pc-gamer\\\/\",\"logo\":{\"@type\":\"ImageObject\",\"inLanguage\":\"es\",\"@id\":\"https:\\\/\\\/unitgames.com.ar\\\/pc-gamer\\\/#\\\/schema\\\/logo\\\/image\\\/\",\"url\":\"https:\\\/\\\/unitgames.com.ar\\\/pc-gamer\\\/wp-content\\\/uploads\\\/2021\\\/01\\\/cropped-logoUnitGames2.png\",\"contentUrl\":\"https:\\\/\\\/unitgames.com.ar\\\/pc-gamer\\\/wp-content\\\/uploads\\\/2021\\\/01\\\/cropped-logoUnitGames2.png\",\"width\":152,\"height\":200,\"caption\":\"UnitGames\"},\"image\":{\"@id\":\"https:\\\/\\\/unitgames.com.ar\\\/pc-gamer\\\/#\\\/schema\\\/logo\\\/image\\\/\"}}]}<\/script>\n<!-- \/ Yoast SEO plugin. -->","yoast_head_json":{"title":"Teclado + Mouse Inalambrico NOGA S5700 Rosa - UnitGames","robots":{"index":"index","follow":"follow","max-snippet":"max-snippet:-1","max-image-preview":"max-image-preview:large","max-video-preview":"max-video-preview:-1"},"canonical":"https:\/\/unitgames.com.ar\/pc-gamer\/producto\/teclado-mouse-inalambrico-noga-s5700-rosa\/","og_locale":"es_ES","og_type":"article","og_title":"Teclado + Mouse Inalambrico NOGA S5700 Rosa - UnitGames","og_description":"El Combo S5700 te brinda una gran comodidad de uso y libertad de movimiento. El receptor Nano USB te permite usar el teclado y el mouse sin cables en diferentes dispositivos y con un rango de alcance m\u00e1ximo de 10 metros. Una excepcional y suave experiencia de tipeo sin cables. Moderno dise\u00f1o con teclas circulares y elevadas. Portable y Compacto. Disponible en 3 colores. Teclado Inal\u00e1mbrico: &#8211; 86 Teclas de dise\u00f1o circular y elevadas &#8211; Funciona con Receptor Nano USB 2.0 de 2.4G &#8211; Rango de alcance m\u00e1ximo de 10 metros &#8211; Funciona con 2 pilas AAA (no inclu\u00eddas) &#8211; Dise\u00f1o moderno, portable y compacto &#8211; Medidas: 31,3 x 14,1 x 3,9 cm. Mouse Inal\u00e1mbrico: &#8211; 3 Botones y Scroll &#8211; Resoluci\u00f3n de 1000 DPI &#8211; Funciona con Receptor Nano USB 2.0 de 2.4G &#8211; Rango de alcance m\u00e1ximo de 10 metros &#8211; Funciona con 1 pila AA (no inclu\u00edda) &#8211; Modo de ahorro de energ\u00eda &#8211; Medidas: 11,1 x 5,9 x 2,7 cm. .","og_url":"https:\/\/unitgames.com.ar\/pc-gamer\/producto\/teclado-mouse-inalambrico-noga-s5700-rosa\/","og_site_name":"UnitGames","article_modified_time":"2026-01-09T10:06:45+00:00","og_image":[{"width":771,"height":771,"url":"https:\/\/unitgames.com.ar\/pc-gamer\/wp-content\/uploads\/2023\/02\/Teclado-Mouse-Inalambrico-NOGA-S5700-Rosa.png","type":"image\/png"}],"twitter_card":"summary_large_image","twitter_misc":{"Tiempo de lectura":"1 minuto"},"schema":{"@context":"https:\/\/schema.org","@graph":[{"@type":"WebPage","@id":"https:\/\/unitgames.com.ar\/pc-gamer\/producto\/teclado-mouse-inalambrico-noga-s5700-rosa\/","url":"https:\/\/unitgames.com.ar\/pc-gamer\/producto\/teclado-mouse-inalambrico-noga-s5700-rosa\/","name":"Teclado + Mouse Inalambrico NOGA S5700 Rosa - UnitGames","isPartOf":{"@id":"https:\/\/unitgames.com.ar\/pc-gamer\/#website"},"primaryImageOfPage":{"@id":"https:\/\/unitgames.com.ar\/pc-gamer\/producto\/teclado-mouse-inalambrico-noga-s5700-rosa\/#primaryimage"},"image":{"@id":"https:\/\/unitgames.com.ar\/pc-gamer\/producto\/teclado-mouse-inalambrico-noga-s5700-rosa\/#primaryimage"},"thumbnailUrl":"https:\/\/unitgames.com.ar\/pc-gamer\/wp-content\/uploads\/2023\/02\/Teclado-Mouse-Inalambrico-NOGA-S5700-Rosa.png","datePublished":"2023-02-01T02:01:59+00:00","dateModified":"2026-01-09T10:06:45+00:00","breadcrumb":{"@id":"https:\/\/unitgames.com.ar\/pc-gamer\/producto\/teclado-mouse-inalambrico-noga-s5700-rosa\/#breadcrumb"},"inLanguage":"es","potentialAction":[{"@type":"ReadAction","target":["https:\/\/unitgames.com.ar\/pc-gamer\/producto\/teclado-mouse-inalambrico-noga-s5700-rosa\/"]}]},{"@type":"ImageObject","inLanguage":"es","@id":"https:\/\/unitgames.com.ar\/pc-gamer\/producto\/teclado-mouse-inalambrico-noga-s5700-rosa\/#primaryimage","url":"https:\/\/unitgames.com.ar\/pc-gamer\/wp-content\/uploads\/2023\/02\/Teclado-Mouse-Inalambrico-NOGA-S5700-Rosa.png","contentUrl":"https:\/\/unitgames.com.ar\/pc-gamer\/wp-content\/uploads\/2023\/02\/Teclado-Mouse-Inalambrico-NOGA-S5700-Rosa.png","width":771,"height":771},{"@type":"BreadcrumbList","@id":"https:\/\/unitgames.com.ar\/pc-gamer\/producto\/teclado-mouse-inalambrico-noga-s5700-rosa\/#breadcrumb","itemListElement":[{"@type":"ListItem","position":1,"name":"Tienda","item":"https:\/\/unitgames.com.ar\/pc-gamer\/tienda\/"},{"@type":"ListItem","position":2,"name":"Teclado + Mouse Inalambrico NOGA S5700 Rosa"}]},{"@type":"WebSite","@id":"https:\/\/unitgames.com.ar\/pc-gamer\/#website","url":"https:\/\/unitgames.com.ar\/pc-gamer\/","name":"UnitGames","description":"Venta de PC Gamers, Consolas , Servicio Tecnico Especializado. Todos en Accesorios Informaticos y Gamers","publisher":{"@id":"https:\/\/unitgames.com.ar\/pc-gamer\/#organization"},"potentialAction":[{"@type":"SearchAction","target":{"@type":"EntryPoint","urlTemplate":"https:\/\/unitgames.com.ar\/pc-gamer\/?s={search_term_string}"},"query-input":{"@type":"PropertyValueSpecification","valueRequired":true,"valueName":"search_term_string"}}],"inLanguage":"es"},{"@type":"Organization","@id":"https:\/\/unitgames.com.ar\/pc-gamer\/#organization","name":"UnitGames","url":"https:\/\/unitgames.com.ar\/pc-gamer\/","logo":{"@type":"ImageObject","inLanguage":"es","@id":"https:\/\/unitgames.com.ar\/pc-gamer\/#\/schema\/logo\/image\/","url":"https:\/\/unitgames.com.ar\/pc-gamer\/wp-content\/uploads\/2021\/01\/cropped-logoUnitGames2.png","contentUrl":"https:\/\/unitgames.com.ar\/pc-gamer\/wp-content\/uploads\/2021\/01\/cropped-logoUnitGames2.png","width":152,"height":200,"caption":"UnitGames"},"image":{"@id":"https:\/\/unitgames.com.ar\/pc-gamer\/#\/schema\/logo\/image\/"}}]}},"_links":{"self":[{"href":"https:\/\/unitgames.com.ar\/pc-gamer\/wp-json\/wp\/v2\/product\/8995","targetHints":{"allow":["GET"]}}],"collection":[{"href":"https:\/\/unitgames.com.ar\/pc-gamer\/wp-json\/wp\/v2\/product"}],"about":[{"href":"https:\/\/unitgames.com.ar\/pc-gamer\/wp-json\/wp\/v2\/types\/product"}],"version-history":[{"count":0,"href":"https:\/\/unitgames.com.ar\/pc-gamer\/wp-json\/wp\/v2\/product\/8995\/revisions"}],"wp:featuredmedia":[{"embeddable":true,"href":"https:\/\/unitgames.com.ar\/pc-gamer\/wp-json\/wp\/v2\/media\/8996"}],"wp:attachment":[{"href":"https:\/\/unitgames.com.ar\/pc-gamer\/wp-json\/wp\/v2\/media?parent=8995"}],"wp:term":[{"taxonomy":"product_brand","embeddable":true,"href":"https:\/\/unitgames.com.ar\/pc-gamer\/wp-json\/wp\/v2\/product_brand?post=8995"},{"taxonomy":"product_cat","embeddable":true,"href":"https:\/\/unitgames.com.ar\/pc-gamer\/wp-json\/wp\/v2\/product_cat?post=8995"},{"taxonomy":"product_tag","embeddable":true,"href":"https:\/\/unitgames.com.ar\/pc-gamer\/wp-json\/wp\/v2\/product_tag?post=8995"}],"curies":[{"name":"wp","href":"https:\/\/api.w.org\/{rel}","templated":true}]}}