{"id":9135,"date":"2023-03-21T21:52:19","date_gmt":"2023-03-21T21:52:19","guid":{"rendered":"https:\/\/unitgames.com.ar\/pc-gamers\/?post_type=product&#038;p=9135"},"modified":"2026-01-09T07:06:38","modified_gmt":"2026-01-09T10:06:38","slug":"reloj-smartwatch-dam-q70","status":"publish","type":"product","link":"https:\/\/unitgames.com.ar\/pc-gamer\/producto\/reloj-smartwatch-dam-q70\/","title":{"rendered":"Reloj Smartwatch DAM Q70"},"content":{"rendered":"<div class=\"bdt-active\" data-content-id=\"especificaciones-t-cnicas\">\n<ul class=\"list-type-check\">\n<li>Smartwatch Q70 con monitor card\u00edaco, tensi\u00f3n y 9 modos multideportivos:<br \/>\n\u2022 Aviso de llamadas entrantes y SMS.<br \/>\n\u2022 Notificaciones de aplicaciones tipo push, como Whatsapp, Facebook, Twitter, etc.<br \/>\n\u2022 Encendido de pantalla autom\u00e1tico al levantar la mu\u00f1eca.<br \/>\n\u2022 Alarma, hasta 5 configurables desde app.<br \/>\n\u2022 Cron\u00f3metro y cuenta atr\u00e1s.<br \/>\n\u2022 Recordatorio de reuni\u00f3n.<br \/>\n\u2022 Disparo remoto de la c\u00e1mara del tel\u00e9fono, agitando la mu\u00f1eca.<br \/>\n\u2022 Fondo de pantalla personalizable con fotos propias.<br \/>\nFunciones de salud:<br \/>\n\u2022 Monitor de ritmo card\u00edaco y presi\u00f3n sangu\u00ednea.<br \/>\n\u2022 Monitor de sue\u00f1o.<br \/>\n\u2022 Modo multideporte, con medici\u00f3n de pasos, calor\u00edas, pulsaciones, etc. Incluye 9 modos: correr, caminar, senderismo, ciclismo, f\u00fatbol, baloncesto, b\u00e1dminton, tenis de mesa y nataci\u00f3n.<br \/>\n\u2022 Aviso de sedentarismo.<br \/>\n\u2022 Recordatorio de hidrataci\u00f3n.<br \/>\n\u2022 Recordatorio para tomar medicamentos.<\/li>\n<li>Chip: Realtek8762CK<br \/>\nPantalla: 1.28 pulgadas IPS 240&#215;240<br \/>\nTipo de toque: Pantalla completamente t\u00e1ctil<br \/>\nBater\u00eda: 220mAh<br \/>\nCompatibilidad: Android 4.4 e iOS 8.4 y superiores.<br \/>\nM\u00e9todo de carga: USB con cable y base (incluido)<\/li>\n<li>PVC y aleaci\u00f3n de metal<\/li>\n<li>Para el funcionamiento del smartwatch es necesaria la descarga de una aplicaci\u00f3n gratuita para su sincronizaci\u00f3n. Para ello:<br \/>\n\u2022 Lea el c\u00f3digo QR incluido en el manual de instrucciones y descargue la aplicaci\u00f3n.<br \/>\n\u2022 Tambi\u00e9n puede descargar directamente, desde Google Play Store (Android) o App Store (iOS), la aplicaci\u00f3n \u201cFFit\u201d.<br \/>\n\u2022 Una vez descargada e instalada, abra y acepte todos los permisos solicitados; sincronice el smartwatch con su tel\u00e9fono m\u00f3vil por Bluetooth a trav\u00e9s de la aplicaci\u00f3n.<\/li>\n<\/ul>\n<\/div>\n<div class=\"bdt-active\" data-content-id=\"especificaciones-t-cnicas\">\n<p class=\"aviso-disponibilidad\">Caracter\u00edsticas<\/p>\n<\/div>\n<ul>\n<li class=\"style-li\"><strong>Pantalla:\u00a0<\/strong>1,28 pulgadas 240\u00d7240 IPS circular.<strong><br \/>\n<\/strong><\/li>\n<li class=\"style-li\"><strong>Resistente al agua:<\/strong>\u00a0IP67 (polvo, inmersi\u00f3n completa en agua 1 m)<\/li>\n<li class=\"style-li\"><strong>Sensor:<\/strong>\u00a0G-sensor: STK8321, Heart Rate Sensor: VC32S.<\/li>\n<li class=\"style-li\"><strong>Conectividad:<\/strong>\u00a0BT 5.0 + BLE mode.<\/li>\n<li class=\"style-li\"><strong>Bater\u00eda:<\/strong>\u00a0220 mAh (8-10 d\u00edas, 2 horas de carga aprox)<\/li>\n<li class=\"style-li\"><strong>Compatibilidad:\u00a0<\/strong>Android 4.4 o superior, iOS 8 o superior.<\/li>\n<\/ul>\n<p>&nbsp;<\/p>\n<p>&nbsp;<\/p>\n<p>&nbsp;<\/p>\n","protected":false},"excerpt":{"rendered":"<p>Smartwatch Q70 con monitor card\u00edaco, tensi\u00f3n y 9 modos multideportivos: \u2022 Aviso de llamadas entrantes y SMS. \u2022 Notificaciones de aplicaciones tipo push, como Whatsapp, Facebook, Twitter, etc. \u2022 Encendido de pantalla autom\u00e1tico al levantar la mu\u00f1eca. \u2022 Alarma, hasta 5 configurables desde app. \u2022 Cron\u00f3metro y cuenta atr\u00e1s. \u2022 Recordatorio de reuni\u00f3n. \u2022 Disparo remoto de la c\u00e1mara del tel\u00e9fono, agitando la mu\u00f1eca. \u2022 Fondo de pantalla personalizable con fotos propias. Funciones de salud: \u2022 Monitor de ritmo card\u00edaco y presi\u00f3n sangu\u00ednea. \u2022 Monitor de sue\u00f1o. \u2022 Modo multideporte, con medici\u00f3n de pasos, calor\u00edas, pulsaciones, etc. Incluye 9 modos: correr, caminar, senderismo, ciclismo, f\u00fatbol, baloncesto, b\u00e1dminton, tenis de mesa y nataci\u00f3n. \u2022 Aviso de sedentarismo. \u2022 Recordatorio de hidrataci\u00f3n. \u2022 Recordatorio para tomar medicamentos. Chip: Realtek8762CK Pantalla: 1.28 pulgadas IPS 240&#215;240 Tipo de toque: Pantalla completamente t\u00e1ctil Bater\u00eda: 220mAh Compatibilidad: Android 4.4 e iOS 8.4 y superiores. M\u00e9todo de carga: USB con cable y base (incluido) PVC y aleaci\u00f3n de metal Para el funcionamiento del smartwatch es necesaria la descarga de una aplicaci\u00f3n gratuita para su sincronizaci\u00f3n. Para ello: \u2022 Lea el c\u00f3digo QR incluido en el manual de instrucciones y descargue la aplicaci\u00f3n. \u2022 Tambi\u00e9n puede descargar directamente, desde Google Play Store (Android) o App Store (iOS), la aplicaci\u00f3n \u201cFFit\u201d. \u2022 Una vez descargada e instalada, abra y acepte todos los permisos solicitados; sincronice el smartwatch con su tel\u00e9fono m\u00f3vil por Bluetooth a trav\u00e9s de la aplicaci\u00f3n. Caracter\u00edsticas Pantalla:\u00a01,28 pulgadas 240\u00d7240 IPS circular. Resistente al agua:\u00a0IP67 (polvo, inmersi\u00f3n completa en agua 1 m) Sensor:\u00a0G-sensor: STK8321, Heart Rate Sensor: VC32S. Conectividad:\u00a0BT 5.0 + BLE mode. Bater\u00eda:\u00a0220 mAh (8-10 d\u00edas, 2 horas de carga aprox) Compatibilidad:\u00a0Android 4.4 o superior, iOS 8 o superior. &nbsp; &nbsp; &nbsp;<\/p>\n","protected":false},"featured_media":9136,"template":"","meta":{"site-sidebar-layout":"default","site-content-layout":"","ast-site-content-layout":"default","site-content-style":"default","site-sidebar-style":"default","ast-global-header-display":"","ast-banner-title-visibility":"","ast-main-header-display":"","ast-hfb-above-header-display":"","ast-hfb-below-header-display":"","ast-hfb-mobile-header-display":"","site-post-title":"","ast-breadcrumbs-content":"","ast-featured-img":"","footer-sml-layout":"","theme-transparent-header-meta":"","adv-header-id-meta":"","stick-header-meta":"","header-above-stick-meta":"","header-main-stick-meta":"","header-below-stick-meta":"","astra-migrate-meta-layouts":"default","ast-page-background-enabled":"default","ast-page-background-meta":{"desktop":{"background-color":"var(--ast-global-color-5)","background-image":"","background-repeat":"repeat","background-position":"center center","background-size":"auto","background-attachment":"scroll","background-type":"","background-media":"","overlay-type":"","overlay-color":"","overlay-opacity":"","overlay-gradient":""},"tablet":{"background-color":"","background-image":"","background-repeat":"repeat","background-position":"center center","background-size":"auto","background-attachment":"scroll","background-type":"","background-media":"","overlay-type":"","overlay-color":"","overlay-opacity":"","overlay-gradient":""},"mobile":{"background-color":"","background-image":"","background-repeat":"repeat","background-position":"center center","background-size":"auto","background-attachment":"scroll","background-type":"","background-media":"","overlay-type":"","overlay-color":"","overlay-opacity":"","overlay-gradient":""}},"ast-content-background-meta":{"desktop":{"background-color":"var(--ast-global-color-4)","background-image":"","background-repeat":"repeat","background-position":"center center","background-size":"auto","background-attachment":"scroll","background-type":"","background-media":"","overlay-type":"","overlay-color":"","overlay-opacity":"","overlay-gradient":""},"tablet":{"background-color":"var(--ast-global-color-4)","background-image":"","background-repeat":"repeat","background-position":"center center","background-size":"auto","background-attachment":"scroll","background-type":"","background-media":"","overlay-type":"","overlay-color":"","overlay-opacity":"","overlay-gradient":""},"mobile":{"background-color":"var(--ast-global-color-4)","background-image":"","background-repeat":"repeat","background-position":"center center","background-size":"auto","background-attachment":"scroll","background-type":"","background-media":"","overlay-type":"","overlay-color":"","overlay-opacity":"","overlay-gradient":""}},"_joinchat":[]},"product_brand":[],"product_cat":[57],"product_tag":[],"class_list":{"0":"post-9135","1":"product","2":"type-product","3":"status-publish","4":"has-post-thumbnail","6":"product_cat-sin-categoria","7":"desktop-align-center","8":"tablet-align-left","9":"mobile-align-left","11":"first","12":"instock","13":"shipping-taxable","14":"purchasable","15":"product-type-simple"},"yoast_head":"<!-- This site is optimized with the Yoast SEO plugin v27.5 - https:\/\/yoast.com\/product\/yoast-seo-wordpress\/ -->\n<title>Reloj Smartwatch DAM Q70 - UnitGames<\/title>\n<meta name=\"robots\" content=\"index, follow, max-snippet:-1, max-image-preview:large, max-video-preview:-1\" \/>\n<link rel=\"canonical\" href=\"https:\/\/unitgames.com.ar\/pc-gamer\/producto\/reloj-smartwatch-dam-q70\/\" \/>\n<meta property=\"og:locale\" content=\"es_ES\" \/>\n<meta property=\"og:type\" content=\"article\" \/>\n<meta property=\"og:title\" content=\"Reloj Smartwatch DAM Q70 - UnitGames\" \/>\n<meta property=\"og:description\" content=\"Smartwatch Q70 con monitor card\u00edaco, tensi\u00f3n y 9 modos multideportivos: \u2022 Aviso de llamadas entrantes y SMS. \u2022 Notificaciones de aplicaciones tipo push, como Whatsapp, Facebook, Twitter, etc. \u2022 Encendido de pantalla autom\u00e1tico al levantar la mu\u00f1eca. \u2022 Alarma, hasta 5 configurables desde app. \u2022 Cron\u00f3metro y cuenta atr\u00e1s. \u2022 Recordatorio de reuni\u00f3n. \u2022 Disparo remoto de la c\u00e1mara del tel\u00e9fono, agitando la mu\u00f1eca. \u2022 Fondo de pantalla personalizable con fotos propias. Funciones de salud: \u2022 Monitor de ritmo card\u00edaco y presi\u00f3n sangu\u00ednea. \u2022 Monitor de sue\u00f1o. \u2022 Modo multideporte, con medici\u00f3n de pasos, calor\u00edas, pulsaciones, etc. Incluye 9 modos: correr, caminar, senderismo, ciclismo, f\u00fatbol, baloncesto, b\u00e1dminton, tenis de mesa y nataci\u00f3n. \u2022 Aviso de sedentarismo. \u2022 Recordatorio de hidrataci\u00f3n. \u2022 Recordatorio para tomar medicamentos. Chip: Realtek8762CK Pantalla: 1.28 pulgadas IPS 240&#215;240 Tipo de toque: Pantalla completamente t\u00e1ctil Bater\u00eda: 220mAh Compatibilidad: Android 4.4 e iOS 8.4 y superiores. M\u00e9todo de carga: USB con cable y base (incluido) PVC y aleaci\u00f3n de metal Para el funcionamiento del smartwatch es necesaria la descarga de una aplicaci\u00f3n gratuita para su sincronizaci\u00f3n. Para ello: \u2022 Lea el c\u00f3digo QR incluido en el manual de instrucciones y descargue la aplicaci\u00f3n. \u2022 Tambi\u00e9n puede descargar directamente, desde Google Play Store (Android) o App Store (iOS), la aplicaci\u00f3n \u201cFFit\u201d. \u2022 Una vez descargada e instalada, abra y acepte todos los permisos solicitados; sincronice el smartwatch con su tel\u00e9fono m\u00f3vil por Bluetooth a trav\u00e9s de la aplicaci\u00f3n. Caracter\u00edsticas Pantalla:\u00a01,28 pulgadas 240\u00d7240 IPS circular. Resistente al agua:\u00a0IP67 (polvo, inmersi\u00f3n completa en agua 1 m) Sensor:\u00a0G-sensor: STK8321, Heart Rate Sensor: VC32S. Conectividad:\u00a0BT 5.0 + BLE mode. Bater\u00eda:\u00a0220 mAh (8-10 d\u00edas, 2 horas de carga aprox) Compatibilidad:\u00a0Android 4.4 o superior, iOS 8 o superior. &nbsp; &nbsp; &nbsp;\" \/>\n<meta property=\"og:url\" content=\"https:\/\/unitgames.com.ar\/pc-gamer\/producto\/reloj-smartwatch-dam-q70\/\" \/>\n<meta property=\"og:site_name\" content=\"UnitGames\" \/>\n<meta property=\"article:modified_time\" content=\"2026-01-09T10:06:38+00:00\" \/>\n<meta property=\"og:image\" content=\"https:\/\/unitgames.com.ar\/pc-gamer\/wp-content\/uploads\/2023\/03\/Reloj-Smartwatch-DAM-Q70.png\" \/>\n\t<meta property=\"og:image:width\" content=\"1263\" \/>\n\t<meta property=\"og:image:height\" content=\"1285\" \/>\n\t<meta property=\"og:image:type\" content=\"image\/png\" \/>\n<meta name=\"twitter:card\" content=\"summary_large_image\" \/>\n<meta name=\"twitter:label1\" content=\"Tiempo de lectura\" \/>\n\t<meta name=\"twitter:data1\" content=\"2 minutos\" \/>\n<script type=\"application\/ld+json\" class=\"yoast-schema-graph\">{\"@context\":\"https:\\\/\\\/schema.org\",\"@graph\":[{\"@type\":\"WebPage\",\"@id\":\"https:\\\/\\\/unitgames.com.ar\\\/pc-gamer\\\/producto\\\/reloj-smartwatch-dam-q70\\\/\",\"url\":\"https:\\\/\\\/unitgames.com.ar\\\/pc-gamer\\\/producto\\\/reloj-smartwatch-dam-q70\\\/\",\"name\":\"Reloj Smartwatch DAM Q70 - UnitGames\",\"isPartOf\":{\"@id\":\"https:\\\/\\\/unitgames.com.ar\\\/pc-gamer\\\/#website\"},\"primaryImageOfPage\":{\"@id\":\"https:\\\/\\\/unitgames.com.ar\\\/pc-gamer\\\/producto\\\/reloj-smartwatch-dam-q70\\\/#primaryimage\"},\"image\":{\"@id\":\"https:\\\/\\\/unitgames.com.ar\\\/pc-gamer\\\/producto\\\/reloj-smartwatch-dam-q70\\\/#primaryimage\"},\"thumbnailUrl\":\"https:\\\/\\\/unitgames.com.ar\\\/pc-gamer\\\/wp-content\\\/uploads\\\/2023\\\/03\\\/Reloj-Smartwatch-DAM-Q70.png\",\"datePublished\":\"2023-03-21T21:52:19+00:00\",\"dateModified\":\"2026-01-09T10:06:38+00:00\",\"breadcrumb\":{\"@id\":\"https:\\\/\\\/unitgames.com.ar\\\/pc-gamer\\\/producto\\\/reloj-smartwatch-dam-q70\\\/#breadcrumb\"},\"inLanguage\":\"es\",\"potentialAction\":[{\"@type\":\"ReadAction\",\"target\":[\"https:\\\/\\\/unitgames.com.ar\\\/pc-gamer\\\/producto\\\/reloj-smartwatch-dam-q70\\\/\"]}]},{\"@type\":\"ImageObject\",\"inLanguage\":\"es\",\"@id\":\"https:\\\/\\\/unitgames.com.ar\\\/pc-gamer\\\/producto\\\/reloj-smartwatch-dam-q70\\\/#primaryimage\",\"url\":\"https:\\\/\\\/unitgames.com.ar\\\/pc-gamer\\\/wp-content\\\/uploads\\\/2023\\\/03\\\/Reloj-Smartwatch-DAM-Q70.png\",\"contentUrl\":\"https:\\\/\\\/unitgames.com.ar\\\/pc-gamer\\\/wp-content\\\/uploads\\\/2023\\\/03\\\/Reloj-Smartwatch-DAM-Q70.png\",\"width\":1263,\"height\":1285},{\"@type\":\"BreadcrumbList\",\"@id\":\"https:\\\/\\\/unitgames.com.ar\\\/pc-gamer\\\/producto\\\/reloj-smartwatch-dam-q70\\\/#breadcrumb\",\"itemListElement\":[{\"@type\":\"ListItem\",\"position\":1,\"name\":\"Tienda\",\"item\":\"https:\\\/\\\/unitgames.com.ar\\\/pc-gamer\\\/tienda\\\/\"},{\"@type\":\"ListItem\",\"position\":2,\"name\":\"Reloj Smartwatch DAM Q70\"}]},{\"@type\":\"WebSite\",\"@id\":\"https:\\\/\\\/unitgames.com.ar\\\/pc-gamer\\\/#website\",\"url\":\"https:\\\/\\\/unitgames.com.ar\\\/pc-gamer\\\/\",\"name\":\"UnitGames\",\"description\":\"Venta de PC Gamers, Consolas , Servicio Tecnico Especializado. Todos en Accesorios Informaticos y Gamers\",\"publisher\":{\"@id\":\"https:\\\/\\\/unitgames.com.ar\\\/pc-gamer\\\/#organization\"},\"potentialAction\":[{\"@type\":\"SearchAction\",\"target\":{\"@type\":\"EntryPoint\",\"urlTemplate\":\"https:\\\/\\\/unitgames.com.ar\\\/pc-gamer\\\/?s={search_term_string}\"},\"query-input\":{\"@type\":\"PropertyValueSpecification\",\"valueRequired\":true,\"valueName\":\"search_term_string\"}}],\"inLanguage\":\"es\"},{\"@type\":\"Organization\",\"@id\":\"https:\\\/\\\/unitgames.com.ar\\\/pc-gamer\\\/#organization\",\"name\":\"UnitGames\",\"url\":\"https:\\\/\\\/unitgames.com.ar\\\/pc-gamer\\\/\",\"logo\":{\"@type\":\"ImageObject\",\"inLanguage\":\"es\",\"@id\":\"https:\\\/\\\/unitgames.com.ar\\\/pc-gamer\\\/#\\\/schema\\\/logo\\\/image\\\/\",\"url\":\"https:\\\/\\\/unitgames.com.ar\\\/pc-gamer\\\/wp-content\\\/uploads\\\/2021\\\/01\\\/cropped-logoUnitGames2.png\",\"contentUrl\":\"https:\\\/\\\/unitgames.com.ar\\\/pc-gamer\\\/wp-content\\\/uploads\\\/2021\\\/01\\\/cropped-logoUnitGames2.png\",\"width\":152,\"height\":200,\"caption\":\"UnitGames\"},\"image\":{\"@id\":\"https:\\\/\\\/unitgames.com.ar\\\/pc-gamer\\\/#\\\/schema\\\/logo\\\/image\\\/\"}}]}<\/script>\n<!-- \/ Yoast SEO plugin. -->","yoast_head_json":{"title":"Reloj Smartwatch DAM Q70 - UnitGames","robots":{"index":"index","follow":"follow","max-snippet":"max-snippet:-1","max-image-preview":"max-image-preview:large","max-video-preview":"max-video-preview:-1"},"canonical":"https:\/\/unitgames.com.ar\/pc-gamer\/producto\/reloj-smartwatch-dam-q70\/","og_locale":"es_ES","og_type":"article","og_title":"Reloj Smartwatch DAM Q70 - UnitGames","og_description":"Smartwatch Q70 con monitor card\u00edaco, tensi\u00f3n y 9 modos multideportivos: \u2022 Aviso de llamadas entrantes y SMS. \u2022 Notificaciones de aplicaciones tipo push, como Whatsapp, Facebook, Twitter, etc. \u2022 Encendido de pantalla autom\u00e1tico al levantar la mu\u00f1eca. \u2022 Alarma, hasta 5 configurables desde app. \u2022 Cron\u00f3metro y cuenta atr\u00e1s. \u2022 Recordatorio de reuni\u00f3n. \u2022 Disparo remoto de la c\u00e1mara del tel\u00e9fono, agitando la mu\u00f1eca. \u2022 Fondo de pantalla personalizable con fotos propias. Funciones de salud: \u2022 Monitor de ritmo card\u00edaco y presi\u00f3n sangu\u00ednea. \u2022 Monitor de sue\u00f1o. \u2022 Modo multideporte, con medici\u00f3n de pasos, calor\u00edas, pulsaciones, etc. Incluye 9 modos: correr, caminar, senderismo, ciclismo, f\u00fatbol, baloncesto, b\u00e1dminton, tenis de mesa y nataci\u00f3n. \u2022 Aviso de sedentarismo. \u2022 Recordatorio de hidrataci\u00f3n. \u2022 Recordatorio para tomar medicamentos. Chip: Realtek8762CK Pantalla: 1.28 pulgadas IPS 240&#215;240 Tipo de toque: Pantalla completamente t\u00e1ctil Bater\u00eda: 220mAh Compatibilidad: Android 4.4 e iOS 8.4 y superiores. M\u00e9todo de carga: USB con cable y base (incluido) PVC y aleaci\u00f3n de metal Para el funcionamiento del smartwatch es necesaria la descarga de una aplicaci\u00f3n gratuita para su sincronizaci\u00f3n. Para ello: \u2022 Lea el c\u00f3digo QR incluido en el manual de instrucciones y descargue la aplicaci\u00f3n. \u2022 Tambi\u00e9n puede descargar directamente, desde Google Play Store (Android) o App Store (iOS), la aplicaci\u00f3n \u201cFFit\u201d. \u2022 Una vez descargada e instalada, abra y acepte todos los permisos solicitados; sincronice el smartwatch con su tel\u00e9fono m\u00f3vil por Bluetooth a trav\u00e9s de la aplicaci\u00f3n. Caracter\u00edsticas Pantalla:\u00a01,28 pulgadas 240\u00d7240 IPS circular. Resistente al agua:\u00a0IP67 (polvo, inmersi\u00f3n completa en agua 1 m) Sensor:\u00a0G-sensor: STK8321, Heart Rate Sensor: VC32S. Conectividad:\u00a0BT 5.0 + BLE mode. Bater\u00eda:\u00a0220 mAh (8-10 d\u00edas, 2 horas de carga aprox) Compatibilidad:\u00a0Android 4.4 o superior, iOS 8 o superior. &nbsp; &nbsp; &nbsp;","og_url":"https:\/\/unitgames.com.ar\/pc-gamer\/producto\/reloj-smartwatch-dam-q70\/","og_site_name":"UnitGames","article_modified_time":"2026-01-09T10:06:38+00:00","og_image":[{"width":1263,"height":1285,"url":"https:\/\/unitgames.com.ar\/pc-gamer\/wp-content\/uploads\/2023\/03\/Reloj-Smartwatch-DAM-Q70.png","type":"image\/png"}],"twitter_card":"summary_large_image","twitter_misc":{"Tiempo de lectura":"2 minutos"},"schema":{"@context":"https:\/\/schema.org","@graph":[{"@type":"WebPage","@id":"https:\/\/unitgames.com.ar\/pc-gamer\/producto\/reloj-smartwatch-dam-q70\/","url":"https:\/\/unitgames.com.ar\/pc-gamer\/producto\/reloj-smartwatch-dam-q70\/","name":"Reloj Smartwatch DAM Q70 - UnitGames","isPartOf":{"@id":"https:\/\/unitgames.com.ar\/pc-gamer\/#website"},"primaryImageOfPage":{"@id":"https:\/\/unitgames.com.ar\/pc-gamer\/producto\/reloj-smartwatch-dam-q70\/#primaryimage"},"image":{"@id":"https:\/\/unitgames.com.ar\/pc-gamer\/producto\/reloj-smartwatch-dam-q70\/#primaryimage"},"thumbnailUrl":"https:\/\/unitgames.com.ar\/pc-gamer\/wp-content\/uploads\/2023\/03\/Reloj-Smartwatch-DAM-Q70.png","datePublished":"2023-03-21T21:52:19+00:00","dateModified":"2026-01-09T10:06:38+00:00","breadcrumb":{"@id":"https:\/\/unitgames.com.ar\/pc-gamer\/producto\/reloj-smartwatch-dam-q70\/#breadcrumb"},"inLanguage":"es","potentialAction":[{"@type":"ReadAction","target":["https:\/\/unitgames.com.ar\/pc-gamer\/producto\/reloj-smartwatch-dam-q70\/"]}]},{"@type":"ImageObject","inLanguage":"es","@id":"https:\/\/unitgames.com.ar\/pc-gamer\/producto\/reloj-smartwatch-dam-q70\/#primaryimage","url":"https:\/\/unitgames.com.ar\/pc-gamer\/wp-content\/uploads\/2023\/03\/Reloj-Smartwatch-DAM-Q70.png","contentUrl":"https:\/\/unitgames.com.ar\/pc-gamer\/wp-content\/uploads\/2023\/03\/Reloj-Smartwatch-DAM-Q70.png","width":1263,"height":1285},{"@type":"BreadcrumbList","@id":"https:\/\/unitgames.com.ar\/pc-gamer\/producto\/reloj-smartwatch-dam-q70\/#breadcrumb","itemListElement":[{"@type":"ListItem","position":1,"name":"Tienda","item":"https:\/\/unitgames.com.ar\/pc-gamer\/tienda\/"},{"@type":"ListItem","position":2,"name":"Reloj Smartwatch DAM Q70"}]},{"@type":"WebSite","@id":"https:\/\/unitgames.com.ar\/pc-gamer\/#website","url":"https:\/\/unitgames.com.ar\/pc-gamer\/","name":"UnitGames","description":"Venta de PC Gamers, Consolas , Servicio Tecnico Especializado. Todos en Accesorios Informaticos y Gamers","publisher":{"@id":"https:\/\/unitgames.com.ar\/pc-gamer\/#organization"},"potentialAction":[{"@type":"SearchAction","target":{"@type":"EntryPoint","urlTemplate":"https:\/\/unitgames.com.ar\/pc-gamer\/?s={search_term_string}"},"query-input":{"@type":"PropertyValueSpecification","valueRequired":true,"valueName":"search_term_string"}}],"inLanguage":"es"},{"@type":"Organization","@id":"https:\/\/unitgames.com.ar\/pc-gamer\/#organization","name":"UnitGames","url":"https:\/\/unitgames.com.ar\/pc-gamer\/","logo":{"@type":"ImageObject","inLanguage":"es","@id":"https:\/\/unitgames.com.ar\/pc-gamer\/#\/schema\/logo\/image\/","url":"https:\/\/unitgames.com.ar\/pc-gamer\/wp-content\/uploads\/2021\/01\/cropped-logoUnitGames2.png","contentUrl":"https:\/\/unitgames.com.ar\/pc-gamer\/wp-content\/uploads\/2021\/01\/cropped-logoUnitGames2.png","width":152,"height":200,"caption":"UnitGames"},"image":{"@id":"https:\/\/unitgames.com.ar\/pc-gamer\/#\/schema\/logo\/image\/"}}]}},"_links":{"self":[{"href":"https:\/\/unitgames.com.ar\/pc-gamer\/wp-json\/wp\/v2\/product\/9135","targetHints":{"allow":["GET"]}}],"collection":[{"href":"https:\/\/unitgames.com.ar\/pc-gamer\/wp-json\/wp\/v2\/product"}],"about":[{"href":"https:\/\/unitgames.com.ar\/pc-gamer\/wp-json\/wp\/v2\/types\/product"}],"version-history":[{"count":0,"href":"https:\/\/unitgames.com.ar\/pc-gamer\/wp-json\/wp\/v2\/product\/9135\/revisions"}],"wp:featuredmedia":[{"embeddable":true,"href":"https:\/\/unitgames.com.ar\/pc-gamer\/wp-json\/wp\/v2\/media\/9136"}],"wp:attachment":[{"href":"https:\/\/unitgames.com.ar\/pc-gamer\/wp-json\/wp\/v2\/media?parent=9135"}],"wp:term":[{"taxonomy":"product_brand","embeddable":true,"href":"https:\/\/unitgames.com.ar\/pc-gamer\/wp-json\/wp\/v2\/product_brand?post=9135"},{"taxonomy":"product_cat","embeddable":true,"href":"https:\/\/unitgames.com.ar\/pc-gamer\/wp-json\/wp\/v2\/product_cat?post=9135"},{"taxonomy":"product_tag","embeddable":true,"href":"https:\/\/unitgames.com.ar\/pc-gamer\/wp-json\/wp\/v2\/product_tag?post=9135"}],"curies":[{"name":"wp","href":"https:\/\/api.w.org\/{rel}","templated":true}]}}