{"id":9267,"date":"2023-05-04T21:07:24","date_gmt":"2023-05-04T21:07:24","guid":{"rendered":"https:\/\/unitgames.com.ar\/pc-gamers\/?post_type=product&#038;p=9267"},"modified":"2026-01-09T07:06:28","modified_gmt":"2026-01-09T10:06:28","slug":"joystick-seisa-ps2-sj802","status":"publish","type":"product","link":"https:\/\/unitgames.com.ar\/pc-gamer\/producto\/joystick-seisa-ps2-sj802\/","title":{"rendered":"Joystick SEISA PS2 SJ802"},"content":{"rendered":"<h2 class=\"mt-4\">Descripci\u00f3n:<\/h2>\n<p>Joystick anal\u00f3gico para ps2 playstation 2 con doble vibraci\u00f3n que te brinda una sensaci\u00f3n de realidad ante los choques, golpes o explosiones en los videojuegos, adempas de poseer 12 botones de acci\u00f3n programables seg\u00fan el juego. Cuenta con el conector usado en las consolas Playstation 2 y adem\u00e1s tambi\u00e9n compatible con consolas Playstation One.\u00a0&#8211; Dise\u00f1o Ergon\u00f3mico para mayor comodidad en el juego.<br \/>\n&#8211; Compatible con Consolas Ps2 y Ps One.<\/p>\n<p>Compatible con Consola PS2 y PS1<br \/>\n12 Botones<br \/>\n6 Botones analogicos<br \/>\n4 Botones direccionales<br \/>\n2 Palancas analogicas<br \/>\n2 Motores internos que proporcionan un efecto de Doble Vibracion<br \/>\nCable 1.8 Metros<br \/>\nLed indicador<\/p>\n","protected":false},"excerpt":{"rendered":"<p>Descripci\u00f3n: Joystick anal\u00f3gico para ps2 playstation 2 con doble vibraci\u00f3n que te brinda una sensaci\u00f3n de realidad ante los choques, golpes o explosiones en los videojuegos, adempas de poseer 12 botones de acci\u00f3n programables seg\u00fan el juego. Cuenta con el conector usado en las consolas Playstation 2 y adem\u00e1s tambi\u00e9n compatible con consolas Playstation One.\u00a0&#8211; Dise\u00f1o Ergon\u00f3mico para mayor comodidad en el juego. &#8211; Compatible con Consolas Ps2 y Ps One. Compatible con Consola PS2 y PS1 12 Botones 6 Botones analogicos 4 Botones direccionales 2 Palancas analogicas 2 Motores internos que proporcionan un efecto de Doble Vibracion Cable 1.8 Metros Led indicador<\/p>\n","protected":false},"featured_media":9268,"template":"","meta":{"site-sidebar-layout":"default","site-content-layout":"","ast-site-content-layout":"default","site-content-style":"default","site-sidebar-style":"default","ast-global-header-display":"","ast-banner-title-visibility":"","ast-main-header-display":"","ast-hfb-above-header-display":"","ast-hfb-below-header-display":"","ast-hfb-mobile-header-display":"","site-post-title":"","ast-breadcrumbs-content":"","ast-featured-img":"","footer-sml-layout":"","theme-transparent-header-meta":"","adv-header-id-meta":"","stick-header-meta":"","header-above-stick-meta":"","header-main-stick-meta":"","header-below-stick-meta":"","astra-migrate-meta-layouts":"default","ast-page-background-enabled":"default","ast-page-background-meta":{"desktop":{"background-color":"var(--ast-global-color-5)","background-image":"","background-repeat":"repeat","background-position":"center center","background-size":"auto","background-attachment":"scroll","background-type":"","background-media":"","overlay-type":"","overlay-color":"","overlay-opacity":"","overlay-gradient":""},"tablet":{"background-color":"","background-image":"","background-repeat":"repeat","background-position":"center center","background-size":"auto","background-attachment":"scroll","background-type":"","background-media":"","overlay-type":"","overlay-color":"","overlay-opacity":"","overlay-gradient":""},"mobile":{"background-color":"","background-image":"","background-repeat":"repeat","background-position":"center center","background-size":"auto","background-attachment":"scroll","background-type":"","background-media":"","overlay-type":"","overlay-color":"","overlay-opacity":"","overlay-gradient":""}},"ast-content-background-meta":{"desktop":{"background-color":"var(--ast-global-color-4)","background-image":"","background-repeat":"repeat","background-position":"center center","background-size":"auto","background-attachment":"scroll","background-type":"","background-media":"","overlay-type":"","overlay-color":"","overlay-opacity":"","overlay-gradient":""},"tablet":{"background-color":"var(--ast-global-color-4)","background-image":"","background-repeat":"repeat","background-position":"center center","background-size":"auto","background-attachment":"scroll","background-type":"","background-media":"","overlay-type":"","overlay-color":"","overlay-opacity":"","overlay-gradient":""},"mobile":{"background-color":"var(--ast-global-color-4)","background-image":"","background-repeat":"repeat","background-position":"center center","background-size":"auto","background-attachment":"scroll","background-type":"","background-media":"","overlay-type":"","overlay-color":"","overlay-opacity":"","overlay-gradient":""}},"_joinchat":[]},"product_brand":[],"product_cat":[82],"product_tag":[],"class_list":{"0":"post-9267","1":"product","2":"type-product","3":"status-publish","4":"has-post-thumbnail","6":"product_cat-joysticks","7":"desktop-align-center","8":"tablet-align-left","9":"mobile-align-left","11":"first","12":"instock","13":"shipping-taxable","14":"purchasable","15":"product-type-simple"},"yoast_head":"<!-- This site is optimized with the Yoast SEO plugin v27.5 - https:\/\/yoast.com\/product\/yoast-seo-wordpress\/ -->\n<title>Joystick SEISA PS2 SJ802 - UnitGames<\/title>\n<meta name=\"robots\" content=\"index, follow, max-snippet:-1, max-image-preview:large, max-video-preview:-1\" \/>\n<link rel=\"canonical\" href=\"https:\/\/unitgames.com.ar\/pc-gamer\/producto\/joystick-seisa-ps2-sj802\/\" \/>\n<meta property=\"og:locale\" content=\"es_ES\" \/>\n<meta property=\"og:type\" content=\"article\" \/>\n<meta property=\"og:title\" content=\"Joystick SEISA PS2 SJ802 - UnitGames\" \/>\n<meta property=\"og:description\" content=\"Descripci\u00f3n: Joystick anal\u00f3gico para ps2 playstation 2 con doble vibraci\u00f3n que te brinda una sensaci\u00f3n de realidad ante los choques, golpes o explosiones en los videojuegos, adempas de poseer 12 botones de acci\u00f3n programables seg\u00fan el juego. Cuenta con el conector usado en las consolas Playstation 2 y adem\u00e1s tambi\u00e9n compatible con consolas Playstation One.\u00a0&#8211; Dise\u00f1o Ergon\u00f3mico para mayor comodidad en el juego. &#8211; Compatible con Consolas Ps2 y Ps One. Compatible con Consola PS2 y PS1 12 Botones 6 Botones analogicos 4 Botones direccionales 2 Palancas analogicas 2 Motores internos que proporcionan un efecto de Doble Vibracion Cable 1.8 Metros Led indicador\" \/>\n<meta property=\"og:url\" content=\"https:\/\/unitgames.com.ar\/pc-gamer\/producto\/joystick-seisa-ps2-sj802\/\" \/>\n<meta property=\"og:site_name\" content=\"UnitGames\" \/>\n<meta property=\"article:modified_time\" content=\"2026-01-09T10:06:28+00:00\" \/>\n<meta property=\"og:image\" content=\"https:\/\/unitgames.com.ar\/pc-gamer\/wp-content\/uploads\/2022\/05\/Joystick-SEISA-Inalambrico-SJ-802.png\" \/>\n\t<meta property=\"og:image:width\" content=\"1263\" \/>\n\t<meta property=\"og:image:height\" content=\"1285\" \/>\n\t<meta property=\"og:image:type\" content=\"image\/png\" \/>\n<meta name=\"twitter:card\" content=\"summary_large_image\" \/>\n<meta name=\"twitter:label1\" content=\"Tiempo de lectura\" \/>\n\t<meta name=\"twitter:data1\" content=\"1 minuto\" \/>\n<script type=\"application\/ld+json\" class=\"yoast-schema-graph\">{\"@context\":\"https:\\\/\\\/schema.org\",\"@graph\":[{\"@type\":\"WebPage\",\"@id\":\"https:\\\/\\\/unitgames.com.ar\\\/pc-gamer\\\/producto\\\/joystick-seisa-ps2-sj802\\\/\",\"url\":\"https:\\\/\\\/unitgames.com.ar\\\/pc-gamer\\\/producto\\\/joystick-seisa-ps2-sj802\\\/\",\"name\":\"Joystick SEISA PS2 SJ802 - UnitGames\",\"isPartOf\":{\"@id\":\"https:\\\/\\\/unitgames.com.ar\\\/pc-gamer\\\/#website\"},\"primaryImageOfPage\":{\"@id\":\"https:\\\/\\\/unitgames.com.ar\\\/pc-gamer\\\/producto\\\/joystick-seisa-ps2-sj802\\\/#primaryimage\"},\"image\":{\"@id\":\"https:\\\/\\\/unitgames.com.ar\\\/pc-gamer\\\/producto\\\/joystick-seisa-ps2-sj802\\\/#primaryimage\"},\"thumbnailUrl\":\"https:\\\/\\\/unitgames.com.ar\\\/pc-gamer\\\/wp-content\\\/uploads\\\/2022\\\/05\\\/Joystick-SEISA-Inalambrico-SJ-802.png\",\"datePublished\":\"2023-05-04T21:07:24+00:00\",\"dateModified\":\"2026-01-09T10:06:28+00:00\",\"breadcrumb\":{\"@id\":\"https:\\\/\\\/unitgames.com.ar\\\/pc-gamer\\\/producto\\\/joystick-seisa-ps2-sj802\\\/#breadcrumb\"},\"inLanguage\":\"es\",\"potentialAction\":[{\"@type\":\"ReadAction\",\"target\":[\"https:\\\/\\\/unitgames.com.ar\\\/pc-gamer\\\/producto\\\/joystick-seisa-ps2-sj802\\\/\"]}]},{\"@type\":\"ImageObject\",\"inLanguage\":\"es\",\"@id\":\"https:\\\/\\\/unitgames.com.ar\\\/pc-gamer\\\/producto\\\/joystick-seisa-ps2-sj802\\\/#primaryimage\",\"url\":\"https:\\\/\\\/unitgames.com.ar\\\/pc-gamer\\\/wp-content\\\/uploads\\\/2022\\\/05\\\/Joystick-SEISA-Inalambrico-SJ-802.png\",\"contentUrl\":\"https:\\\/\\\/unitgames.com.ar\\\/pc-gamer\\\/wp-content\\\/uploads\\\/2022\\\/05\\\/Joystick-SEISA-Inalambrico-SJ-802.png\",\"width\":1263,\"height\":1285},{\"@type\":\"BreadcrumbList\",\"@id\":\"https:\\\/\\\/unitgames.com.ar\\\/pc-gamer\\\/producto\\\/joystick-seisa-ps2-sj802\\\/#breadcrumb\",\"itemListElement\":[{\"@type\":\"ListItem\",\"position\":1,\"name\":\"Tienda\",\"item\":\"https:\\\/\\\/unitgames.com.ar\\\/pc-gamer\\\/tienda\\\/\"},{\"@type\":\"ListItem\",\"position\":2,\"name\":\"Joystick SEISA PS2 SJ802\"}]},{\"@type\":\"WebSite\",\"@id\":\"https:\\\/\\\/unitgames.com.ar\\\/pc-gamer\\\/#website\",\"url\":\"https:\\\/\\\/unitgames.com.ar\\\/pc-gamer\\\/\",\"name\":\"UnitGames\",\"description\":\"Venta de PC Gamers, Consolas , Servicio Tecnico Especializado. Todos en Accesorios Informaticos y Gamers\",\"publisher\":{\"@id\":\"https:\\\/\\\/unitgames.com.ar\\\/pc-gamer\\\/#organization\"},\"potentialAction\":[{\"@type\":\"SearchAction\",\"target\":{\"@type\":\"EntryPoint\",\"urlTemplate\":\"https:\\\/\\\/unitgames.com.ar\\\/pc-gamer\\\/?s={search_term_string}\"},\"query-input\":{\"@type\":\"PropertyValueSpecification\",\"valueRequired\":true,\"valueName\":\"search_term_string\"}}],\"inLanguage\":\"es\"},{\"@type\":\"Organization\",\"@id\":\"https:\\\/\\\/unitgames.com.ar\\\/pc-gamer\\\/#organization\",\"name\":\"UnitGames\",\"url\":\"https:\\\/\\\/unitgames.com.ar\\\/pc-gamer\\\/\",\"logo\":{\"@type\":\"ImageObject\",\"inLanguage\":\"es\",\"@id\":\"https:\\\/\\\/unitgames.com.ar\\\/pc-gamer\\\/#\\\/schema\\\/logo\\\/image\\\/\",\"url\":\"https:\\\/\\\/unitgames.com.ar\\\/pc-gamer\\\/wp-content\\\/uploads\\\/2021\\\/01\\\/cropped-logoUnitGames2.png\",\"contentUrl\":\"https:\\\/\\\/unitgames.com.ar\\\/pc-gamer\\\/wp-content\\\/uploads\\\/2021\\\/01\\\/cropped-logoUnitGames2.png\",\"width\":152,\"height\":200,\"caption\":\"UnitGames\"},\"image\":{\"@id\":\"https:\\\/\\\/unitgames.com.ar\\\/pc-gamer\\\/#\\\/schema\\\/logo\\\/image\\\/\"}}]}<\/script>\n<!-- \/ Yoast SEO plugin. -->","yoast_head_json":{"title":"Joystick SEISA PS2 SJ802 - UnitGames","robots":{"index":"index","follow":"follow","max-snippet":"max-snippet:-1","max-image-preview":"max-image-preview:large","max-video-preview":"max-video-preview:-1"},"canonical":"https:\/\/unitgames.com.ar\/pc-gamer\/producto\/joystick-seisa-ps2-sj802\/","og_locale":"es_ES","og_type":"article","og_title":"Joystick SEISA PS2 SJ802 - UnitGames","og_description":"Descripci\u00f3n: Joystick anal\u00f3gico para ps2 playstation 2 con doble vibraci\u00f3n que te brinda una sensaci\u00f3n de realidad ante los choques, golpes o explosiones en los videojuegos, adempas de poseer 12 botones de acci\u00f3n programables seg\u00fan el juego. Cuenta con el conector usado en las consolas Playstation 2 y adem\u00e1s tambi\u00e9n compatible con consolas Playstation One.\u00a0&#8211; Dise\u00f1o Ergon\u00f3mico para mayor comodidad en el juego. &#8211; Compatible con Consolas Ps2 y Ps One. Compatible con Consola PS2 y PS1 12 Botones 6 Botones analogicos 4 Botones direccionales 2 Palancas analogicas 2 Motores internos que proporcionan un efecto de Doble Vibracion Cable 1.8 Metros Led indicador","og_url":"https:\/\/unitgames.com.ar\/pc-gamer\/producto\/joystick-seisa-ps2-sj802\/","og_site_name":"UnitGames","article_modified_time":"2026-01-09T10:06:28+00:00","og_image":[{"width":1263,"height":1285,"url":"https:\/\/unitgames.com.ar\/pc-gamer\/wp-content\/uploads\/2022\/05\/Joystick-SEISA-Inalambrico-SJ-802.png","type":"image\/png"}],"twitter_card":"summary_large_image","twitter_misc":{"Tiempo de lectura":"1 minuto"},"schema":{"@context":"https:\/\/schema.org","@graph":[{"@type":"WebPage","@id":"https:\/\/unitgames.com.ar\/pc-gamer\/producto\/joystick-seisa-ps2-sj802\/","url":"https:\/\/unitgames.com.ar\/pc-gamer\/producto\/joystick-seisa-ps2-sj802\/","name":"Joystick SEISA PS2 SJ802 - UnitGames","isPartOf":{"@id":"https:\/\/unitgames.com.ar\/pc-gamer\/#website"},"primaryImageOfPage":{"@id":"https:\/\/unitgames.com.ar\/pc-gamer\/producto\/joystick-seisa-ps2-sj802\/#primaryimage"},"image":{"@id":"https:\/\/unitgames.com.ar\/pc-gamer\/producto\/joystick-seisa-ps2-sj802\/#primaryimage"},"thumbnailUrl":"https:\/\/unitgames.com.ar\/pc-gamer\/wp-content\/uploads\/2022\/05\/Joystick-SEISA-Inalambrico-SJ-802.png","datePublished":"2023-05-04T21:07:24+00:00","dateModified":"2026-01-09T10:06:28+00:00","breadcrumb":{"@id":"https:\/\/unitgames.com.ar\/pc-gamer\/producto\/joystick-seisa-ps2-sj802\/#breadcrumb"},"inLanguage":"es","potentialAction":[{"@type":"ReadAction","target":["https:\/\/unitgames.com.ar\/pc-gamer\/producto\/joystick-seisa-ps2-sj802\/"]}]},{"@type":"ImageObject","inLanguage":"es","@id":"https:\/\/unitgames.com.ar\/pc-gamer\/producto\/joystick-seisa-ps2-sj802\/#primaryimage","url":"https:\/\/unitgames.com.ar\/pc-gamer\/wp-content\/uploads\/2022\/05\/Joystick-SEISA-Inalambrico-SJ-802.png","contentUrl":"https:\/\/unitgames.com.ar\/pc-gamer\/wp-content\/uploads\/2022\/05\/Joystick-SEISA-Inalambrico-SJ-802.png","width":1263,"height":1285},{"@type":"BreadcrumbList","@id":"https:\/\/unitgames.com.ar\/pc-gamer\/producto\/joystick-seisa-ps2-sj802\/#breadcrumb","itemListElement":[{"@type":"ListItem","position":1,"name":"Tienda","item":"https:\/\/unitgames.com.ar\/pc-gamer\/tienda\/"},{"@type":"ListItem","position":2,"name":"Joystick SEISA PS2 SJ802"}]},{"@type":"WebSite","@id":"https:\/\/unitgames.com.ar\/pc-gamer\/#website","url":"https:\/\/unitgames.com.ar\/pc-gamer\/","name":"UnitGames","description":"Venta de PC Gamers, Consolas , Servicio Tecnico Especializado. Todos en Accesorios Informaticos y Gamers","publisher":{"@id":"https:\/\/unitgames.com.ar\/pc-gamer\/#organization"},"potentialAction":[{"@type":"SearchAction","target":{"@type":"EntryPoint","urlTemplate":"https:\/\/unitgames.com.ar\/pc-gamer\/?s={search_term_string}"},"query-input":{"@type":"PropertyValueSpecification","valueRequired":true,"valueName":"search_term_string"}}],"inLanguage":"es"},{"@type":"Organization","@id":"https:\/\/unitgames.com.ar\/pc-gamer\/#organization","name":"UnitGames","url":"https:\/\/unitgames.com.ar\/pc-gamer\/","logo":{"@type":"ImageObject","inLanguage":"es","@id":"https:\/\/unitgames.com.ar\/pc-gamer\/#\/schema\/logo\/image\/","url":"https:\/\/unitgames.com.ar\/pc-gamer\/wp-content\/uploads\/2021\/01\/cropped-logoUnitGames2.png","contentUrl":"https:\/\/unitgames.com.ar\/pc-gamer\/wp-content\/uploads\/2021\/01\/cropped-logoUnitGames2.png","width":152,"height":200,"caption":"UnitGames"},"image":{"@id":"https:\/\/unitgames.com.ar\/pc-gamer\/#\/schema\/logo\/image\/"}}]}},"_links":{"self":[{"href":"https:\/\/unitgames.com.ar\/pc-gamer\/wp-json\/wp\/v2\/product\/9267","targetHints":{"allow":["GET"]}}],"collection":[{"href":"https:\/\/unitgames.com.ar\/pc-gamer\/wp-json\/wp\/v2\/product"}],"about":[{"href":"https:\/\/unitgames.com.ar\/pc-gamer\/wp-json\/wp\/v2\/types\/product"}],"version-history":[{"count":0,"href":"https:\/\/unitgames.com.ar\/pc-gamer\/wp-json\/wp\/v2\/product\/9267\/revisions"}],"wp:featuredmedia":[{"embeddable":true,"href":"https:\/\/unitgames.com.ar\/pc-gamer\/wp-json\/wp\/v2\/media\/9268"}],"wp:attachment":[{"href":"https:\/\/unitgames.com.ar\/pc-gamer\/wp-json\/wp\/v2\/media?parent=9267"}],"wp:term":[{"taxonomy":"product_brand","embeddable":true,"href":"https:\/\/unitgames.com.ar\/pc-gamer\/wp-json\/wp\/v2\/product_brand?post=9267"},{"taxonomy":"product_cat","embeddable":true,"href":"https:\/\/unitgames.com.ar\/pc-gamer\/wp-json\/wp\/v2\/product_cat?post=9267"},{"taxonomy":"product_tag","embeddable":true,"href":"https:\/\/unitgames.com.ar\/pc-gamer\/wp-json\/wp\/v2\/product_tag?post=9267"}],"curies":[{"name":"wp","href":"https:\/\/api.w.org\/{rel}","templated":true}]}}