{"id":9597,"date":"2023-08-09T22:34:53","date_gmt":"2023-08-09T22:34:53","guid":{"rendered":"https:\/\/unitgames.com.ar\/pc-gamers\/?post_type=product&#038;p=9597"},"modified":"2026-01-09T07:06:04","modified_gmt":"2026-01-09T10:06:04","slug":"consola-retro-portatil-sup-m3-game-box","status":"publish","type":"product","link":"https:\/\/unitgames.com.ar\/pc-gamer\/producto\/consola-retro-portatil-sup-m3-game-box\/","title":{"rendered":"Consola Retro Portatil SUP M3 Game Box"},"content":{"rendered":"<p style=\"font-weight: 400\"><b>ESPECIFICACIONES:<\/b><\/p>\n<p style=\"font-weight: 400\">-Modelo: GAME BOX POWER M3<\/p>\n<p style=\"font-weight: 400\">-Categor\u00eda: consola de juegos port\u00e1til<\/p>\n<p style=\"font-weight: 400\">-Pantalla: pantalla a color HD de 3,0 pulgadas<\/p>\n<p style=\"font-weight: 400\">-Capacidad de la bater\u00eda: 1020 mAh<\/p>\n<p style=\"font-weight: 400\">-Tipo de juego: 891 juegos integrados<\/p>\n<p style=\"font-weight: 400\">-Tipo de interfaz: USB<\/p>\n<p style=\"font-weight: 400\">-Color: rojo, azul, negro<\/p>\n<p style=\"font-weight: 400\">-Dimensiones: 9,9 * 6,8 * 1,2 cm<\/p>\n<p style=\"font-weight: 400\">-Tiempo en espera: alrededor de 10 horas<\/p>\n<p style=\"font-weight: 400\">-Tiempo de juego: alrededor de 4 horas<\/p>\n<p style=\"font-weight: 400\">-Tipo de bater\u00eda: bater\u00eda de litio extra\u00edble<\/p>\n<p>&nbsp;<\/p>\n<p>NES (Family) = 280 Juegos<\/p>\n<p>SNES\u00a0 = 103 Juegos<\/p>\n<p>Gameboy Advance = 210 Juegos<\/p>\n<p>MAME = 80 Juegos<\/p>\n<p>Sega Genesis\u00a0 = 218 Juegos<\/p>\n<p>&nbsp;<\/p>\n","protected":false},"excerpt":{"rendered":"<p>ESPECIFICACIONES: -Modelo: GAME BOX POWER M3 -Categor\u00eda: consola de juegos port\u00e1til -Pantalla: pantalla a color HD de 3,0 pulgadas -Capacidad de la bater\u00eda: 1020 mAh -Tipo de juego: 891 juegos integrados -Tipo de interfaz: USB -Color: rojo, azul, negro -Dimensiones: 9,9 * 6,8 * 1,2 cm -Tiempo en espera: alrededor de 10 horas -Tiempo de juego: alrededor de 4 horas -Tipo de bater\u00eda: bater\u00eda de litio extra\u00edble &nbsp; NES (Family) = 280 Juegos SNES\u00a0 = 103 Juegos Gameboy Advance = 210 Juegos MAME = 80 Juegos Sega Genesis\u00a0 = 218 Juegos &nbsp;<\/p>\n","protected":false},"featured_media":9598,"template":"","meta":{"site-sidebar-layout":"default","site-content-layout":"","ast-site-content-layout":"default","site-content-style":"default","site-sidebar-style":"default","ast-global-header-display":"","ast-banner-title-visibility":"","ast-main-header-display":"","ast-hfb-above-header-display":"","ast-hfb-below-header-display":"","ast-hfb-mobile-header-display":"","site-post-title":"","ast-breadcrumbs-content":"","ast-featured-img":"","footer-sml-layout":"","theme-transparent-header-meta":"","adv-header-id-meta":"","stick-header-meta":"","header-above-stick-meta":"","header-main-stick-meta":"","header-below-stick-meta":"","astra-migrate-meta-layouts":"default","ast-page-background-enabled":"default","ast-page-background-meta":{"desktop":{"background-color":"var(--ast-global-color-5)","background-image":"","background-repeat":"repeat","background-position":"center center","background-size":"auto","background-attachment":"scroll","background-type":"","background-media":"","overlay-type":"","overlay-color":"","overlay-opacity":"","overlay-gradient":""},"tablet":{"background-color":"","background-image":"","background-repeat":"repeat","background-position":"center center","background-size":"auto","background-attachment":"scroll","background-type":"","background-media":"","overlay-type":"","overlay-color":"","overlay-opacity":"","overlay-gradient":""},"mobile":{"background-color":"","background-image":"","background-repeat":"repeat","background-position":"center center","background-size":"auto","background-attachment":"scroll","background-type":"","background-media":"","overlay-type":"","overlay-color":"","overlay-opacity":"","overlay-gradient":""}},"ast-content-background-meta":{"desktop":{"background-color":"var(--ast-global-color-4)","background-image":"","background-repeat":"repeat","background-position":"center center","background-size":"auto","background-attachment":"scroll","background-type":"","background-media":"","overlay-type":"","overlay-color":"","overlay-opacity":"","overlay-gradient":""},"tablet":{"background-color":"var(--ast-global-color-4)","background-image":"","background-repeat":"repeat","background-position":"center center","background-size":"auto","background-attachment":"scroll","background-type":"","background-media":"","overlay-type":"","overlay-color":"","overlay-opacity":"","overlay-gradient":""},"mobile":{"background-color":"var(--ast-global-color-4)","background-image":"","background-repeat":"repeat","background-position":"center center","background-size":"auto","background-attachment":"scroll","background-type":"","background-media":"","overlay-type":"","overlay-color":"","overlay-opacity":"","overlay-gradient":""}},"_joinchat":[]},"product_brand":[],"product_cat":[74],"product_tag":[],"class_list":{"0":"post-9597","1":"product","2":"type-product","3":"status-publish","4":"has-post-thumbnail","6":"product_cat-consolas","7":"desktop-align-center","8":"tablet-align-left","9":"mobile-align-left","11":"first","12":"outofstock","13":"shipping-taxable","14":"purchasable","15":"product-type-simple"},"yoast_head":"<!-- This site is optimized with the Yoast SEO plugin v27.3 - https:\/\/yoast.com\/product\/yoast-seo-wordpress\/ -->\n<title>Consola Retro Portatil SUP M3 Game Box - UnitGames<\/title>\n<meta name=\"robots\" content=\"index, follow, max-snippet:-1, max-image-preview:large, max-video-preview:-1\" \/>\n<link rel=\"canonical\" href=\"https:\/\/unitgames.com.ar\/pc-gamer\/producto\/consola-retro-portatil-sup-m3-game-box\/\" \/>\n<meta property=\"og:locale\" content=\"es_ES\" \/>\n<meta property=\"og:type\" content=\"article\" \/>\n<meta property=\"og:title\" content=\"Consola Retro Portatil SUP M3 Game Box - UnitGames\" \/>\n<meta property=\"og:description\" content=\"ESPECIFICACIONES: -Modelo: GAME BOX POWER M3 -Categor\u00eda: consola de juegos port\u00e1til -Pantalla: pantalla a color HD de 3,0 pulgadas -Capacidad de la bater\u00eda: 1020 mAh -Tipo de juego: 891 juegos integrados -Tipo de interfaz: USB -Color: rojo, azul, negro -Dimensiones: 9,9 * 6,8 * 1,2 cm -Tiempo en espera: alrededor de 10 horas -Tiempo de juego: alrededor de 4 horas -Tipo de bater\u00eda: bater\u00eda de litio extra\u00edble &nbsp; NES (Family) = 280 Juegos SNES\u00a0 = 103 Juegos Gameboy Advance = 210 Juegos MAME = 80 Juegos Sega Genesis\u00a0 = 218 Juegos &nbsp;\" \/>\n<meta property=\"og:url\" content=\"https:\/\/unitgames.com.ar\/pc-gamer\/producto\/consola-retro-portatil-sup-m3-game-box\/\" \/>\n<meta property=\"og:site_name\" content=\"UnitGames\" \/>\n<meta property=\"article:modified_time\" content=\"2026-01-09T10:06:04+00:00\" \/>\n<meta property=\"og:image\" content=\"https:\/\/unitgames.com.ar\/pc-gamer\/wp-content\/uploads\/2023\/08\/Consola-Retro-Portatil-SUP-M3-Game-Box.png\" \/>\n\t<meta property=\"og:image:width\" content=\"1275\" \/>\n\t<meta property=\"og:image:height\" content=\"1330\" \/>\n\t<meta property=\"og:image:type\" content=\"image\/png\" \/>\n<meta name=\"twitter:card\" content=\"summary_large_image\" \/>\n<meta name=\"twitter:label1\" content=\"Tiempo de lectura\" \/>\n\t<meta name=\"twitter:data1\" content=\"1 minuto\" \/>\n<script type=\"application\/ld+json\" class=\"yoast-schema-graph\">{\"@context\":\"https:\\\/\\\/schema.org\",\"@graph\":[{\"@type\":\"WebPage\",\"@id\":\"https:\\\/\\\/unitgames.com.ar\\\/pc-gamer\\\/producto\\\/consola-retro-portatil-sup-m3-game-box\\\/\",\"url\":\"https:\\\/\\\/unitgames.com.ar\\\/pc-gamer\\\/producto\\\/consola-retro-portatil-sup-m3-game-box\\\/\",\"name\":\"Consola Retro Portatil SUP M3 Game Box - UnitGames\",\"isPartOf\":{\"@id\":\"https:\\\/\\\/unitgames.com.ar\\\/pc-gamer\\\/#website\"},\"primaryImageOfPage\":{\"@id\":\"https:\\\/\\\/unitgames.com.ar\\\/pc-gamer\\\/producto\\\/consola-retro-portatil-sup-m3-game-box\\\/#primaryimage\"},\"image\":{\"@id\":\"https:\\\/\\\/unitgames.com.ar\\\/pc-gamer\\\/producto\\\/consola-retro-portatil-sup-m3-game-box\\\/#primaryimage\"},\"thumbnailUrl\":\"https:\\\/\\\/unitgames.com.ar\\\/pc-gamer\\\/wp-content\\\/uploads\\\/2023\\\/08\\\/Consola-Retro-Portatil-SUP-M3-Game-Box.png\",\"datePublished\":\"2023-08-09T22:34:53+00:00\",\"dateModified\":\"2026-01-09T10:06:04+00:00\",\"breadcrumb\":{\"@id\":\"https:\\\/\\\/unitgames.com.ar\\\/pc-gamer\\\/producto\\\/consola-retro-portatil-sup-m3-game-box\\\/#breadcrumb\"},\"inLanguage\":\"es\",\"potentialAction\":[{\"@type\":\"ReadAction\",\"target\":[\"https:\\\/\\\/unitgames.com.ar\\\/pc-gamer\\\/producto\\\/consola-retro-portatil-sup-m3-game-box\\\/\"]}]},{\"@type\":\"ImageObject\",\"inLanguage\":\"es\",\"@id\":\"https:\\\/\\\/unitgames.com.ar\\\/pc-gamer\\\/producto\\\/consola-retro-portatil-sup-m3-game-box\\\/#primaryimage\",\"url\":\"https:\\\/\\\/unitgames.com.ar\\\/pc-gamer\\\/wp-content\\\/uploads\\\/2023\\\/08\\\/Consola-Retro-Portatil-SUP-M3-Game-Box.png\",\"contentUrl\":\"https:\\\/\\\/unitgames.com.ar\\\/pc-gamer\\\/wp-content\\\/uploads\\\/2023\\\/08\\\/Consola-Retro-Portatil-SUP-M3-Game-Box.png\",\"width\":1275,\"height\":1330},{\"@type\":\"BreadcrumbList\",\"@id\":\"https:\\\/\\\/unitgames.com.ar\\\/pc-gamer\\\/producto\\\/consola-retro-portatil-sup-m3-game-box\\\/#breadcrumb\",\"itemListElement\":[{\"@type\":\"ListItem\",\"position\":1,\"name\":\"Tienda\",\"item\":\"https:\\\/\\\/unitgames.com.ar\\\/pc-gamer\\\/tienda\\\/\"},{\"@type\":\"ListItem\",\"position\":2,\"name\":\"Consola Retro Portatil SUP M3 Game Box\"}]},{\"@type\":\"WebSite\",\"@id\":\"https:\\\/\\\/unitgames.com.ar\\\/pc-gamer\\\/#website\",\"url\":\"https:\\\/\\\/unitgames.com.ar\\\/pc-gamer\\\/\",\"name\":\"UnitGames\",\"description\":\"Venta de PC Gamers, Consolas , Servicio Tecnico Especializado. Todos en Accesorios Informaticos y Gamers\",\"publisher\":{\"@id\":\"https:\\\/\\\/unitgames.com.ar\\\/pc-gamer\\\/#organization\"},\"potentialAction\":[{\"@type\":\"SearchAction\",\"target\":{\"@type\":\"EntryPoint\",\"urlTemplate\":\"https:\\\/\\\/unitgames.com.ar\\\/pc-gamer\\\/?s={search_term_string}\"},\"query-input\":{\"@type\":\"PropertyValueSpecification\",\"valueRequired\":true,\"valueName\":\"search_term_string\"}}],\"inLanguage\":\"es\"},{\"@type\":\"Organization\",\"@id\":\"https:\\\/\\\/unitgames.com.ar\\\/pc-gamer\\\/#organization\",\"name\":\"UnitGames\",\"url\":\"https:\\\/\\\/unitgames.com.ar\\\/pc-gamer\\\/\",\"logo\":{\"@type\":\"ImageObject\",\"inLanguage\":\"es\",\"@id\":\"https:\\\/\\\/unitgames.com.ar\\\/pc-gamer\\\/#\\\/schema\\\/logo\\\/image\\\/\",\"url\":\"https:\\\/\\\/unitgames.com.ar\\\/pc-gamer\\\/wp-content\\\/uploads\\\/2021\\\/01\\\/cropped-logoUnitGames2.png\",\"contentUrl\":\"https:\\\/\\\/unitgames.com.ar\\\/pc-gamer\\\/wp-content\\\/uploads\\\/2021\\\/01\\\/cropped-logoUnitGames2.png\",\"width\":152,\"height\":200,\"caption\":\"UnitGames\"},\"image\":{\"@id\":\"https:\\\/\\\/unitgames.com.ar\\\/pc-gamer\\\/#\\\/schema\\\/logo\\\/image\\\/\"}}]}<\/script>\n<!-- \/ Yoast SEO plugin. -->","yoast_head_json":{"title":"Consola Retro Portatil SUP M3 Game Box - UnitGames","robots":{"index":"index","follow":"follow","max-snippet":"max-snippet:-1","max-image-preview":"max-image-preview:large","max-video-preview":"max-video-preview:-1"},"canonical":"https:\/\/unitgames.com.ar\/pc-gamer\/producto\/consola-retro-portatil-sup-m3-game-box\/","og_locale":"es_ES","og_type":"article","og_title":"Consola Retro Portatil SUP M3 Game Box - UnitGames","og_description":"ESPECIFICACIONES: -Modelo: GAME BOX POWER M3 -Categor\u00eda: consola de juegos port\u00e1til -Pantalla: pantalla a color HD de 3,0 pulgadas -Capacidad de la bater\u00eda: 1020 mAh -Tipo de juego: 891 juegos integrados -Tipo de interfaz: USB -Color: rojo, azul, negro -Dimensiones: 9,9 * 6,8 * 1,2 cm -Tiempo en espera: alrededor de 10 horas -Tiempo de juego: alrededor de 4 horas -Tipo de bater\u00eda: bater\u00eda de litio extra\u00edble &nbsp; NES (Family) = 280 Juegos SNES\u00a0 = 103 Juegos Gameboy Advance = 210 Juegos MAME = 80 Juegos Sega Genesis\u00a0 = 218 Juegos &nbsp;","og_url":"https:\/\/unitgames.com.ar\/pc-gamer\/producto\/consola-retro-portatil-sup-m3-game-box\/","og_site_name":"UnitGames","article_modified_time":"2026-01-09T10:06:04+00:00","og_image":[{"width":1275,"height":1330,"url":"https:\/\/unitgames.com.ar\/pc-gamer\/wp-content\/uploads\/2023\/08\/Consola-Retro-Portatil-SUP-M3-Game-Box.png","type":"image\/png"}],"twitter_card":"summary_large_image","twitter_misc":{"Tiempo de lectura":"1 minuto"},"schema":{"@context":"https:\/\/schema.org","@graph":[{"@type":"WebPage","@id":"https:\/\/unitgames.com.ar\/pc-gamer\/producto\/consola-retro-portatil-sup-m3-game-box\/","url":"https:\/\/unitgames.com.ar\/pc-gamer\/producto\/consola-retro-portatil-sup-m3-game-box\/","name":"Consola Retro Portatil SUP M3 Game Box - UnitGames","isPartOf":{"@id":"https:\/\/unitgames.com.ar\/pc-gamer\/#website"},"primaryImageOfPage":{"@id":"https:\/\/unitgames.com.ar\/pc-gamer\/producto\/consola-retro-portatil-sup-m3-game-box\/#primaryimage"},"image":{"@id":"https:\/\/unitgames.com.ar\/pc-gamer\/producto\/consola-retro-portatil-sup-m3-game-box\/#primaryimage"},"thumbnailUrl":"https:\/\/unitgames.com.ar\/pc-gamer\/wp-content\/uploads\/2023\/08\/Consola-Retro-Portatil-SUP-M3-Game-Box.png","datePublished":"2023-08-09T22:34:53+00:00","dateModified":"2026-01-09T10:06:04+00:00","breadcrumb":{"@id":"https:\/\/unitgames.com.ar\/pc-gamer\/producto\/consola-retro-portatil-sup-m3-game-box\/#breadcrumb"},"inLanguage":"es","potentialAction":[{"@type":"ReadAction","target":["https:\/\/unitgames.com.ar\/pc-gamer\/producto\/consola-retro-portatil-sup-m3-game-box\/"]}]},{"@type":"ImageObject","inLanguage":"es","@id":"https:\/\/unitgames.com.ar\/pc-gamer\/producto\/consola-retro-portatil-sup-m3-game-box\/#primaryimage","url":"https:\/\/unitgames.com.ar\/pc-gamer\/wp-content\/uploads\/2023\/08\/Consola-Retro-Portatil-SUP-M3-Game-Box.png","contentUrl":"https:\/\/unitgames.com.ar\/pc-gamer\/wp-content\/uploads\/2023\/08\/Consola-Retro-Portatil-SUP-M3-Game-Box.png","width":1275,"height":1330},{"@type":"BreadcrumbList","@id":"https:\/\/unitgames.com.ar\/pc-gamer\/producto\/consola-retro-portatil-sup-m3-game-box\/#breadcrumb","itemListElement":[{"@type":"ListItem","position":1,"name":"Tienda","item":"https:\/\/unitgames.com.ar\/pc-gamer\/tienda\/"},{"@type":"ListItem","position":2,"name":"Consola Retro Portatil SUP M3 Game Box"}]},{"@type":"WebSite","@id":"https:\/\/unitgames.com.ar\/pc-gamer\/#website","url":"https:\/\/unitgames.com.ar\/pc-gamer\/","name":"UnitGames","description":"Venta de PC Gamers, Consolas , Servicio Tecnico Especializado. Todos en Accesorios Informaticos y Gamers","publisher":{"@id":"https:\/\/unitgames.com.ar\/pc-gamer\/#organization"},"potentialAction":[{"@type":"SearchAction","target":{"@type":"EntryPoint","urlTemplate":"https:\/\/unitgames.com.ar\/pc-gamer\/?s={search_term_string}"},"query-input":{"@type":"PropertyValueSpecification","valueRequired":true,"valueName":"search_term_string"}}],"inLanguage":"es"},{"@type":"Organization","@id":"https:\/\/unitgames.com.ar\/pc-gamer\/#organization","name":"UnitGames","url":"https:\/\/unitgames.com.ar\/pc-gamer\/","logo":{"@type":"ImageObject","inLanguage":"es","@id":"https:\/\/unitgames.com.ar\/pc-gamer\/#\/schema\/logo\/image\/","url":"https:\/\/unitgames.com.ar\/pc-gamer\/wp-content\/uploads\/2021\/01\/cropped-logoUnitGames2.png","contentUrl":"https:\/\/unitgames.com.ar\/pc-gamer\/wp-content\/uploads\/2021\/01\/cropped-logoUnitGames2.png","width":152,"height":200,"caption":"UnitGames"},"image":{"@id":"https:\/\/unitgames.com.ar\/pc-gamer\/#\/schema\/logo\/image\/"}}]}},"_links":{"self":[{"href":"https:\/\/unitgames.com.ar\/pc-gamer\/wp-json\/wp\/v2\/product\/9597","targetHints":{"allow":["GET"]}}],"collection":[{"href":"https:\/\/unitgames.com.ar\/pc-gamer\/wp-json\/wp\/v2\/product"}],"about":[{"href":"https:\/\/unitgames.com.ar\/pc-gamer\/wp-json\/wp\/v2\/types\/product"}],"version-history":[{"count":0,"href":"https:\/\/unitgames.com.ar\/pc-gamer\/wp-json\/wp\/v2\/product\/9597\/revisions"}],"wp:featuredmedia":[{"embeddable":true,"href":"https:\/\/unitgames.com.ar\/pc-gamer\/wp-json\/wp\/v2\/media\/9598"}],"wp:attachment":[{"href":"https:\/\/unitgames.com.ar\/pc-gamer\/wp-json\/wp\/v2\/media?parent=9597"}],"wp:term":[{"taxonomy":"product_brand","embeddable":true,"href":"https:\/\/unitgames.com.ar\/pc-gamer\/wp-json\/wp\/v2\/product_brand?post=9597"},{"taxonomy":"product_cat","embeddable":true,"href":"https:\/\/unitgames.com.ar\/pc-gamer\/wp-json\/wp\/v2\/product_cat?post=9597"},{"taxonomy":"product_tag","embeddable":true,"href":"https:\/\/unitgames.com.ar\/pc-gamer\/wp-json\/wp\/v2\/product_tag?post=9597"}],"curies":[{"name":"wp","href":"https:\/\/api.w.org\/{rel}","templated":true}]}}