{"id":9896,"date":"2023-10-09T11:54:40","date_gmt":"2023-10-09T11:54:40","guid":{"rendered":"https:\/\/unitgames.com.ar\/pc-gamer\/?post_type=product&#038;p=9896"},"modified":"2026-01-09T07:05:47","modified_gmt":"2026-01-09T10:05:47","slug":"joystick-netmak-bluetooth-gamepad-5-en-1","status":"publish","type":"product","link":"https:\/\/unitgames.com.ar\/pc-gamer\/producto\/joystick-netmak-bluetooth-gamepad-5-en-1\/","title":{"rendered":"Joystick NETMAK  NM-DANGER\u00a0Bluetooth PC \/ PS3 \/ PS4 \/ ANDROID"},"content":{"rendered":"<h5>Caracter\u00edsticas y especificaciones<\/h5>\n<div>Netmak Joystick Bluetooth NM-DANGER PC Compatible PS4 PS3<\/p>\n<p>Gamepad Bluetooth 5en1<br \/>\nCelulares Android-IOS &#8211; Compatible con PS4\/PS3\/PC X-Input &amp; D-Input\/N-Switch<br \/>\n&#8211; Incluye soporte<\/p>\n<p>MATERIAL ANTIDESLIZANTE Y ANTISUDADOR.<br \/>\nJuega sin problemas durante mucho tiempo.<\/p>\n<p>DISE\u00d1O ERGON\u00d3MICO Y ULTRA GAMER<br \/>\nDise\u00f1ado especialmente para que se adapte perfectamente a la palma de tu mano y obtener el mayor control del juego.<\/p>\n<p>PLUG &amp; PLAY<br \/>\nNo requiere de ning\u00fan driver para instalar.<br \/>\nSimplemente conecte y comience a jugar.<\/p>\n<p>ESPECIFICACIONES:<br \/>\n*Conexi\u00f3n BT 4.0 Modo dual.<br \/>\n*Especial para juegos de celu\/PC\/Consolas.<br \/>\n*Compatible con Android\/IOS +13\/PC\/P4\/P3\/N-SWITCH.<br \/>\n*400mAh Bater\u00eda recargable.<br \/>\n*Incluye soporte ajustable para smartphones hasta 86mm.<br \/>\n*Apto para la mayor\u00eda de los juegos.<br \/>\n*Incluye manual en espa\u00f1ol y cable de carga.<\/p><\/div>\n","protected":false},"excerpt":{"rendered":"<p>Caracter\u00edsticas y especificaciones Netmak Joystick Bluetooth NM-DANGER PC Compatible PS4 PS3 Gamepad Bluetooth 5en1 Celulares Android-IOS &#8211; Compatible con PS4\/PS3\/PC X-Input &amp; D-Input\/N-Switch &#8211; Incluye soporte MATERIAL ANTIDESLIZANTE Y ANTISUDADOR. Juega sin problemas durante mucho tiempo. DISE\u00d1O ERGON\u00d3MICO Y ULTRA GAMER Dise\u00f1ado especialmente para que se adapte perfectamente a la palma de tu mano y obtener el mayor control del juego. PLUG &amp; PLAY No requiere de ning\u00fan driver para instalar. Simplemente conecte y comience a jugar. ESPECIFICACIONES: *Conexi\u00f3n BT 4.0 Modo dual. *Especial para juegos de celu\/PC\/Consolas. *Compatible con Android\/IOS +13\/PC\/P4\/P3\/N-SWITCH. *400mAh Bater\u00eda recargable. *Incluye soporte ajustable para smartphones hasta 86mm. *Apto para la mayor\u00eda de los juegos. *Incluye manual en espa\u00f1ol y cable de carga.<\/p>\n","protected":false},"featured_media":9897,"template":"","meta":{"site-sidebar-layout":"default","site-content-layout":"","ast-site-content-layout":"default","site-content-style":"default","site-sidebar-style":"default","ast-global-header-display":"","ast-banner-title-visibility":"","ast-main-header-display":"","ast-hfb-above-header-display":"","ast-hfb-below-header-display":"","ast-hfb-mobile-header-display":"","site-post-title":"","ast-breadcrumbs-content":"","ast-featured-img":"","footer-sml-layout":"","theme-transparent-header-meta":"","adv-header-id-meta":"","stick-header-meta":"","header-above-stick-meta":"","header-main-stick-meta":"","header-below-stick-meta":"","astra-migrate-meta-layouts":"default","ast-page-background-enabled":"default","ast-page-background-meta":{"desktop":{"background-color":"var(--ast-global-color-5)","background-image":"","background-repeat":"repeat","background-position":"center center","background-size":"auto","background-attachment":"scroll","background-type":"","background-media":"","overlay-type":"","overlay-color":"","overlay-opacity":"","overlay-gradient":""},"tablet":{"background-color":"","background-image":"","background-repeat":"repeat","background-position":"center center","background-size":"auto","background-attachment":"scroll","background-type":"","background-media":"","overlay-type":"","overlay-color":"","overlay-opacity":"","overlay-gradient":""},"mobile":{"background-color":"","background-image":"","background-repeat":"repeat","background-position":"center center","background-size":"auto","background-attachment":"scroll","background-type":"","background-media":"","overlay-type":"","overlay-color":"","overlay-opacity":"","overlay-gradient":""}},"ast-content-background-meta":{"desktop":{"background-color":"var(--ast-global-color-4)","background-image":"","background-repeat":"repeat","background-position":"center center","background-size":"auto","background-attachment":"scroll","background-type":"","background-media":"","overlay-type":"","overlay-color":"","overlay-opacity":"","overlay-gradient":""},"tablet":{"background-color":"var(--ast-global-color-4)","background-image":"","background-repeat":"repeat","background-position":"center center","background-size":"auto","background-attachment":"scroll","background-type":"","background-media":"","overlay-type":"","overlay-color":"","overlay-opacity":"","overlay-gradient":""},"mobile":{"background-color":"var(--ast-global-color-4)","background-image":"","background-repeat":"repeat","background-position":"center center","background-size":"auto","background-attachment":"scroll","background-type":"","background-media":"","overlay-type":"","overlay-color":"","overlay-opacity":"","overlay-gradient":""}},"_joinchat":[]},"product_brand":[],"product_cat":[82],"product_tag":[],"class_list":{"0":"post-9896","1":"product","2":"type-product","3":"status-publish","4":"has-post-thumbnail","6":"product_cat-joysticks","7":"desktop-align-center","8":"tablet-align-left","9":"mobile-align-left","11":"first","12":"instock","13":"shipping-taxable","14":"purchasable","15":"product-type-simple"},"yoast_head":"<!-- This site is optimized with the Yoast SEO plugin v27.5 - https:\/\/yoast.com\/product\/yoast-seo-wordpress\/ -->\n<title>Joystick NETMAK NM-DANGER\u00a0Bluetooth PC \/ PS3 \/ PS4 \/ ANDROID - UnitGames<\/title>\n<meta name=\"robots\" content=\"index, follow, max-snippet:-1, max-image-preview:large, max-video-preview:-1\" \/>\n<link rel=\"canonical\" href=\"https:\/\/unitgames.com.ar\/pc-gamer\/producto\/joystick-netmak-bluetooth-gamepad-5-en-1\/\" \/>\n<meta property=\"og:locale\" content=\"es_ES\" \/>\n<meta property=\"og:type\" content=\"article\" \/>\n<meta property=\"og:title\" content=\"Joystick NETMAK NM-DANGER\u00a0Bluetooth PC \/ PS3 \/ PS4 \/ ANDROID - UnitGames\" \/>\n<meta property=\"og:description\" content=\"Caracter\u00edsticas y especificaciones Netmak Joystick Bluetooth NM-DANGER PC Compatible PS4 PS3 Gamepad Bluetooth 5en1 Celulares Android-IOS &#8211; Compatible con PS4\/PS3\/PC X-Input &amp; D-Input\/N-Switch &#8211; Incluye soporte MATERIAL ANTIDESLIZANTE Y ANTISUDADOR. Juega sin problemas durante mucho tiempo. DISE\u00d1O ERGON\u00d3MICO Y ULTRA GAMER Dise\u00f1ado especialmente para que se adapte perfectamente a la palma de tu mano y obtener el mayor control del juego. PLUG &amp; PLAY No requiere de ning\u00fan driver para instalar. Simplemente conecte y comience a jugar. ESPECIFICACIONES: *Conexi\u00f3n BT 4.0 Modo dual. *Especial para juegos de celu\/PC\/Consolas. *Compatible con Android\/IOS +13\/PC\/P4\/P3\/N-SWITCH. *400mAh Bater\u00eda recargable. *Incluye soporte ajustable para smartphones hasta 86mm. *Apto para la mayor\u00eda de los juegos. *Incluye manual en espa\u00f1ol y cable de carga.\" \/>\n<meta property=\"og:url\" content=\"https:\/\/unitgames.com.ar\/pc-gamer\/producto\/joystick-netmak-bluetooth-gamepad-5-en-1\/\" \/>\n<meta property=\"og:site_name\" content=\"UnitGames\" \/>\n<meta property=\"article:modified_time\" content=\"2026-01-09T10:05:47+00:00\" \/>\n<meta property=\"og:image\" content=\"https:\/\/unitgames.com.ar\/pc-gamer\/wp-content\/uploads\/2023\/10\/Joystick-NETMAK-Bluetooth-Gamepad-5-en-1.png\" \/>\n\t<meta property=\"og:image:width\" content=\"1283\" \/>\n\t<meta property=\"og:image:height\" content=\"1283\" \/>\n\t<meta property=\"og:image:type\" content=\"image\/png\" \/>\n<meta name=\"twitter:card\" content=\"summary_large_image\" \/>\n<meta name=\"twitter:label1\" content=\"Tiempo de lectura\" \/>\n\t<meta name=\"twitter:data1\" content=\"1 minuto\" \/>\n<script type=\"application\/ld+json\" class=\"yoast-schema-graph\">{\"@context\":\"https:\\\/\\\/schema.org\",\"@graph\":[{\"@type\":\"WebPage\",\"@id\":\"https:\\\/\\\/unitgames.com.ar\\\/pc-gamer\\\/producto\\\/joystick-netmak-bluetooth-gamepad-5-en-1\\\/\",\"url\":\"https:\\\/\\\/unitgames.com.ar\\\/pc-gamer\\\/producto\\\/joystick-netmak-bluetooth-gamepad-5-en-1\\\/\",\"name\":\"Joystick NETMAK NM-DANGER\u00a0Bluetooth PC \\\/ PS3 \\\/ PS4 \\\/ ANDROID - UnitGames\",\"isPartOf\":{\"@id\":\"https:\\\/\\\/unitgames.com.ar\\\/pc-gamer\\\/#website\"},\"primaryImageOfPage\":{\"@id\":\"https:\\\/\\\/unitgames.com.ar\\\/pc-gamer\\\/producto\\\/joystick-netmak-bluetooth-gamepad-5-en-1\\\/#primaryimage\"},\"image\":{\"@id\":\"https:\\\/\\\/unitgames.com.ar\\\/pc-gamer\\\/producto\\\/joystick-netmak-bluetooth-gamepad-5-en-1\\\/#primaryimage\"},\"thumbnailUrl\":\"https:\\\/\\\/unitgames.com.ar\\\/pc-gamer\\\/wp-content\\\/uploads\\\/2023\\\/10\\\/Joystick-NETMAK-Bluetooth-Gamepad-5-en-1.png\",\"datePublished\":\"2023-10-09T11:54:40+00:00\",\"dateModified\":\"2026-01-09T10:05:47+00:00\",\"breadcrumb\":{\"@id\":\"https:\\\/\\\/unitgames.com.ar\\\/pc-gamer\\\/producto\\\/joystick-netmak-bluetooth-gamepad-5-en-1\\\/#breadcrumb\"},\"inLanguage\":\"es\",\"potentialAction\":[{\"@type\":\"ReadAction\",\"target\":[\"https:\\\/\\\/unitgames.com.ar\\\/pc-gamer\\\/producto\\\/joystick-netmak-bluetooth-gamepad-5-en-1\\\/\"]}]},{\"@type\":\"ImageObject\",\"inLanguage\":\"es\",\"@id\":\"https:\\\/\\\/unitgames.com.ar\\\/pc-gamer\\\/producto\\\/joystick-netmak-bluetooth-gamepad-5-en-1\\\/#primaryimage\",\"url\":\"https:\\\/\\\/unitgames.com.ar\\\/pc-gamer\\\/wp-content\\\/uploads\\\/2023\\\/10\\\/Joystick-NETMAK-Bluetooth-Gamepad-5-en-1.png\",\"contentUrl\":\"https:\\\/\\\/unitgames.com.ar\\\/pc-gamer\\\/wp-content\\\/uploads\\\/2023\\\/10\\\/Joystick-NETMAK-Bluetooth-Gamepad-5-en-1.png\",\"width\":1283,\"height\":1283},{\"@type\":\"BreadcrumbList\",\"@id\":\"https:\\\/\\\/unitgames.com.ar\\\/pc-gamer\\\/producto\\\/joystick-netmak-bluetooth-gamepad-5-en-1\\\/#breadcrumb\",\"itemListElement\":[{\"@type\":\"ListItem\",\"position\":1,\"name\":\"Tienda\",\"item\":\"https:\\\/\\\/unitgames.com.ar\\\/pc-gamer\\\/tienda\\\/\"},{\"@type\":\"ListItem\",\"position\":2,\"name\":\"Joystick NETMAK NM-DANGER\u00a0Bluetooth PC \\\/ PS3 \\\/ PS4 \\\/ ANDROID\"}]},{\"@type\":\"WebSite\",\"@id\":\"https:\\\/\\\/unitgames.com.ar\\\/pc-gamer\\\/#website\",\"url\":\"https:\\\/\\\/unitgames.com.ar\\\/pc-gamer\\\/\",\"name\":\"UnitGames\",\"description\":\"Venta de PC Gamers, Consolas , Servicio Tecnico Especializado. Todos en Accesorios Informaticos y Gamers\",\"publisher\":{\"@id\":\"https:\\\/\\\/unitgames.com.ar\\\/pc-gamer\\\/#organization\"},\"potentialAction\":[{\"@type\":\"SearchAction\",\"target\":{\"@type\":\"EntryPoint\",\"urlTemplate\":\"https:\\\/\\\/unitgames.com.ar\\\/pc-gamer\\\/?s={search_term_string}\"},\"query-input\":{\"@type\":\"PropertyValueSpecification\",\"valueRequired\":true,\"valueName\":\"search_term_string\"}}],\"inLanguage\":\"es\"},{\"@type\":\"Organization\",\"@id\":\"https:\\\/\\\/unitgames.com.ar\\\/pc-gamer\\\/#organization\",\"name\":\"UnitGames\",\"url\":\"https:\\\/\\\/unitgames.com.ar\\\/pc-gamer\\\/\",\"logo\":{\"@type\":\"ImageObject\",\"inLanguage\":\"es\",\"@id\":\"https:\\\/\\\/unitgames.com.ar\\\/pc-gamer\\\/#\\\/schema\\\/logo\\\/image\\\/\",\"url\":\"https:\\\/\\\/unitgames.com.ar\\\/pc-gamer\\\/wp-content\\\/uploads\\\/2021\\\/01\\\/cropped-logoUnitGames2.png\",\"contentUrl\":\"https:\\\/\\\/unitgames.com.ar\\\/pc-gamer\\\/wp-content\\\/uploads\\\/2021\\\/01\\\/cropped-logoUnitGames2.png\",\"width\":152,\"height\":200,\"caption\":\"UnitGames\"},\"image\":{\"@id\":\"https:\\\/\\\/unitgames.com.ar\\\/pc-gamer\\\/#\\\/schema\\\/logo\\\/image\\\/\"}}]}<\/script>\n<!-- \/ Yoast SEO plugin. -->","yoast_head_json":{"title":"Joystick NETMAK NM-DANGER\u00a0Bluetooth PC \/ PS3 \/ PS4 \/ ANDROID - UnitGames","robots":{"index":"index","follow":"follow","max-snippet":"max-snippet:-1","max-image-preview":"max-image-preview:large","max-video-preview":"max-video-preview:-1"},"canonical":"https:\/\/unitgames.com.ar\/pc-gamer\/producto\/joystick-netmak-bluetooth-gamepad-5-en-1\/","og_locale":"es_ES","og_type":"article","og_title":"Joystick NETMAK NM-DANGER\u00a0Bluetooth PC \/ PS3 \/ PS4 \/ ANDROID - UnitGames","og_description":"Caracter\u00edsticas y especificaciones Netmak Joystick Bluetooth NM-DANGER PC Compatible PS4 PS3 Gamepad Bluetooth 5en1 Celulares Android-IOS &#8211; Compatible con PS4\/PS3\/PC X-Input &amp; D-Input\/N-Switch &#8211; Incluye soporte MATERIAL ANTIDESLIZANTE Y ANTISUDADOR. Juega sin problemas durante mucho tiempo. DISE\u00d1O ERGON\u00d3MICO Y ULTRA GAMER Dise\u00f1ado especialmente para que se adapte perfectamente a la palma de tu mano y obtener el mayor control del juego. PLUG &amp; PLAY No requiere de ning\u00fan driver para instalar. Simplemente conecte y comience a jugar. ESPECIFICACIONES: *Conexi\u00f3n BT 4.0 Modo dual. *Especial para juegos de celu\/PC\/Consolas. *Compatible con Android\/IOS +13\/PC\/P4\/P3\/N-SWITCH. *400mAh Bater\u00eda recargable. *Incluye soporte ajustable para smartphones hasta 86mm. *Apto para la mayor\u00eda de los juegos. *Incluye manual en espa\u00f1ol y cable de carga.","og_url":"https:\/\/unitgames.com.ar\/pc-gamer\/producto\/joystick-netmak-bluetooth-gamepad-5-en-1\/","og_site_name":"UnitGames","article_modified_time":"2026-01-09T10:05:47+00:00","og_image":[{"width":1283,"height":1283,"url":"https:\/\/unitgames.com.ar\/pc-gamer\/wp-content\/uploads\/2023\/10\/Joystick-NETMAK-Bluetooth-Gamepad-5-en-1.png","type":"image\/png"}],"twitter_card":"summary_large_image","twitter_misc":{"Tiempo de lectura":"1 minuto"},"schema":{"@context":"https:\/\/schema.org","@graph":[{"@type":"WebPage","@id":"https:\/\/unitgames.com.ar\/pc-gamer\/producto\/joystick-netmak-bluetooth-gamepad-5-en-1\/","url":"https:\/\/unitgames.com.ar\/pc-gamer\/producto\/joystick-netmak-bluetooth-gamepad-5-en-1\/","name":"Joystick NETMAK NM-DANGER\u00a0Bluetooth PC \/ PS3 \/ PS4 \/ ANDROID - UnitGames","isPartOf":{"@id":"https:\/\/unitgames.com.ar\/pc-gamer\/#website"},"primaryImageOfPage":{"@id":"https:\/\/unitgames.com.ar\/pc-gamer\/producto\/joystick-netmak-bluetooth-gamepad-5-en-1\/#primaryimage"},"image":{"@id":"https:\/\/unitgames.com.ar\/pc-gamer\/producto\/joystick-netmak-bluetooth-gamepad-5-en-1\/#primaryimage"},"thumbnailUrl":"https:\/\/unitgames.com.ar\/pc-gamer\/wp-content\/uploads\/2023\/10\/Joystick-NETMAK-Bluetooth-Gamepad-5-en-1.png","datePublished":"2023-10-09T11:54:40+00:00","dateModified":"2026-01-09T10:05:47+00:00","breadcrumb":{"@id":"https:\/\/unitgames.com.ar\/pc-gamer\/producto\/joystick-netmak-bluetooth-gamepad-5-en-1\/#breadcrumb"},"inLanguage":"es","potentialAction":[{"@type":"ReadAction","target":["https:\/\/unitgames.com.ar\/pc-gamer\/producto\/joystick-netmak-bluetooth-gamepad-5-en-1\/"]}]},{"@type":"ImageObject","inLanguage":"es","@id":"https:\/\/unitgames.com.ar\/pc-gamer\/producto\/joystick-netmak-bluetooth-gamepad-5-en-1\/#primaryimage","url":"https:\/\/unitgames.com.ar\/pc-gamer\/wp-content\/uploads\/2023\/10\/Joystick-NETMAK-Bluetooth-Gamepad-5-en-1.png","contentUrl":"https:\/\/unitgames.com.ar\/pc-gamer\/wp-content\/uploads\/2023\/10\/Joystick-NETMAK-Bluetooth-Gamepad-5-en-1.png","width":1283,"height":1283},{"@type":"BreadcrumbList","@id":"https:\/\/unitgames.com.ar\/pc-gamer\/producto\/joystick-netmak-bluetooth-gamepad-5-en-1\/#breadcrumb","itemListElement":[{"@type":"ListItem","position":1,"name":"Tienda","item":"https:\/\/unitgames.com.ar\/pc-gamer\/tienda\/"},{"@type":"ListItem","position":2,"name":"Joystick NETMAK NM-DANGER\u00a0Bluetooth PC \/ PS3 \/ PS4 \/ ANDROID"}]},{"@type":"WebSite","@id":"https:\/\/unitgames.com.ar\/pc-gamer\/#website","url":"https:\/\/unitgames.com.ar\/pc-gamer\/","name":"UnitGames","description":"Venta de PC Gamers, Consolas , Servicio Tecnico Especializado. Todos en Accesorios Informaticos y Gamers","publisher":{"@id":"https:\/\/unitgames.com.ar\/pc-gamer\/#organization"},"potentialAction":[{"@type":"SearchAction","target":{"@type":"EntryPoint","urlTemplate":"https:\/\/unitgames.com.ar\/pc-gamer\/?s={search_term_string}"},"query-input":{"@type":"PropertyValueSpecification","valueRequired":true,"valueName":"search_term_string"}}],"inLanguage":"es"},{"@type":"Organization","@id":"https:\/\/unitgames.com.ar\/pc-gamer\/#organization","name":"UnitGames","url":"https:\/\/unitgames.com.ar\/pc-gamer\/","logo":{"@type":"ImageObject","inLanguage":"es","@id":"https:\/\/unitgames.com.ar\/pc-gamer\/#\/schema\/logo\/image\/","url":"https:\/\/unitgames.com.ar\/pc-gamer\/wp-content\/uploads\/2021\/01\/cropped-logoUnitGames2.png","contentUrl":"https:\/\/unitgames.com.ar\/pc-gamer\/wp-content\/uploads\/2021\/01\/cropped-logoUnitGames2.png","width":152,"height":200,"caption":"UnitGames"},"image":{"@id":"https:\/\/unitgames.com.ar\/pc-gamer\/#\/schema\/logo\/image\/"}}]}},"_links":{"self":[{"href":"https:\/\/unitgames.com.ar\/pc-gamer\/wp-json\/wp\/v2\/product\/9896","targetHints":{"allow":["GET"]}}],"collection":[{"href":"https:\/\/unitgames.com.ar\/pc-gamer\/wp-json\/wp\/v2\/product"}],"about":[{"href":"https:\/\/unitgames.com.ar\/pc-gamer\/wp-json\/wp\/v2\/types\/product"}],"version-history":[{"count":0,"href":"https:\/\/unitgames.com.ar\/pc-gamer\/wp-json\/wp\/v2\/product\/9896\/revisions"}],"wp:featuredmedia":[{"embeddable":true,"href":"https:\/\/unitgames.com.ar\/pc-gamer\/wp-json\/wp\/v2\/media\/9897"}],"wp:attachment":[{"href":"https:\/\/unitgames.com.ar\/pc-gamer\/wp-json\/wp\/v2\/media?parent=9896"}],"wp:term":[{"taxonomy":"product_brand","embeddable":true,"href":"https:\/\/unitgames.com.ar\/pc-gamer\/wp-json\/wp\/v2\/product_brand?post=9896"},{"taxonomy":"product_cat","embeddable":true,"href":"https:\/\/unitgames.com.ar\/pc-gamer\/wp-json\/wp\/v2\/product_cat?post=9896"},{"taxonomy":"product_tag","embeddable":true,"href":"https:\/\/unitgames.com.ar\/pc-gamer\/wp-json\/wp\/v2\/product_tag?post=9896"}],"curies":[{"name":"wp","href":"https:\/\/api.w.org\/{rel}","templated":true}]}}